{"id":9461,"date":"2023-02-07T14:41:16","date_gmt":"2023-02-07T13:41:16","guid":{"rendered":"https:\/\/www.miamedicalitalia.it\/?post_type=product&#038;p=9461"},"modified":"2026-02-12T12:36:24","modified_gmt":"2026-02-12T10:36:24","slug":"noleggio-e-affitto-della-magnetoterapia-e-della-carrozzina","status":"publish","type":"product","link":"https:\/\/www.miamedicalitalia.it\/zh\/product\/noleggio-e-affitto-della-magnetoterapia-e-della-carrozzina\/","title":{"rendered":"\u78c1\u7597 + \u8f6e\u6905\u79df\u8d41"},"content":{"rendered":"<p><strong>Supporto alla mobilit\u00e0 e terapia rigenerativa direttamente a domicilio<\/strong><\/p>\n\n\n\n<p>\u01de\u01de\u01de&nbsp;<strong>\u8f6e\u6905 + PEMF \u751f\u7269\u517c\u5bb9\u78c1\u7597\u7ec4\u5408\u79df\u8d41<\/strong>&nbsp;\u662f\u4e3a\u9700\u8981&nbsp;<strong>supporto alla mobilit\u00e0 temporaneo o prolungato<\/strong>, \u4e0e&nbsp;<strong>\u65e8\u5728\u51cf\u8f7b\u75bc\u75db\u548c\u7ec4\u7ec7\u518d\u751f\u7684\u6cbb\u7597\u65b9\u6cd5<\/strong>.<\/p>\n\n\n\n<p>Questa combinazione \u00e8 particolarmente indicata durante percorsi di&nbsp;<strong>\u521b\u4f24\u540e\u3001\u672f\u540e\u5eb7\u590d\u6216\u51fa\u73b0\u9aa8\u5173\u8282\u75c5\u53d8\u65f6<\/strong>, consentendo al paziente di mantenere autonomia, sicurezza e continuit\u00e0 terapeutica.<\/p>\n\n\n\n<h3 class=\"wp-block-heading\" id=\"h-a-chi-e-indicato-il-noleggio-combinato-di-carrozzina-magnetoterapia-cemp-biocompatibile\"><strong>A chi \u00e8 indicato il noleggio combinato di Carrozzina + Magnetoterapia CEMP Biocompatibile<\/strong><\/h3>\n\n\n\n<p>Il pacchetto \u00e8 indicato per:<\/p>\n\n\n\n<ul class=\"wp-block-list\">\n<li>pazienti con difficolt\u00e0 temporanee o permanenti nella deambulazione<\/li>\n\n\n\n<li>\u672f\u540e\u6062\u590d<\/li>\n\n\n\n<li>\u5916\u4f24\u6216\u9aa8\u6298\u6062\u590d\u671f\u7684\u4eba<\/li>\n\n\n\n<li>pazienti anziani con ridotta mobilit\u00e0<\/li>\n\n\n\n<li>\u5bb6\u5ead\u5eb7\u590d\u60c5\u51b5<\/li>\n\n\n\n<li>necessit\u00e0 di prevenzione dell\u2019affaticamento articolare<\/li>\n<\/ul>\n\n\n\n<p>L\u2019obiettivo \u00e8&nbsp;<strong>\u65b9\u4fbf\u65e5\u5e38\u51fa\u884c<\/strong>&nbsp;\u540c\u65f6,&nbsp;<strong>\u4fc3\u8fdb\u4e34\u5e8a\u5eb7\u590d<\/strong>&nbsp;\u901a\u8fc7\u6709\u9488\u5bf9\u6027\u7684\u7269\u7406\u6cbb\u7597\u3002.<\/p>\n\n\n\n<h3 class=\"wp-block-heading\" id=\"h-in-cosa-consiste-il-noleggio-combinato-di-magnetoterapia-e-carrozzina\"><strong>\u7efc\u5408\u79df\u8d41\u5305\u62ec<\/strong> \u78c1\u7597\u548c\u8f6e\u6905 <\/h3>\n\n\n\n<p>\u5957\u9910\u5305\u62ec<\/p>\n\n\n\n<ul class=\"wp-block-list\">\n<li>\u6839\u636e\u75c5\u4eba\u9700\u8981\u9009\u62e9\u8f6e\u6905<\/li>\n\n\n\n<li>\u4e13\u4e1a\u7684 PEMF \u751f\u7269\u517c\u5bb9\u78c1\u7597\u8bbe\u5907<\/li>\n\n\n\n<li>\u6280\u672f\u63f4\u52a9<\/li>\n\n\n\n<li>consulenza per la scelta del modello pi\u00f9 idoneo<\/li>\n<\/ul>\n\n\n\n<h4 class=\"wp-block-heading\" id=\"h-carrozzina-per-mobilita-assistita\"><strong><a href=\"https:\/\/www.miamedicalitalia.it\/zh\/categoria\/affitto-e-noleggio-ausili\/affitto-e-noleggio-carrozzina\/\">Carrozzina per mobilit\u00e0 assistita<\/a><\/strong><\/h4>\n\n\n\n<p>\u8f6e\u6905\u53ef\u4ee5\u8ba9\u75c5\u4eba&nbsp;<strong>\u65e5\u5e38\u77ed\u9014\u65c5\u884c\u5b8c\u5168\u5b89\u5168<\/strong>, \u907f\u514d\u5173\u8282\u8d1f\u8377\u8fc7\u91cd\u3001\u6454\u5012\u548c\u75b2\u52b3\u3002.<\/p>\n\n\n\n<p>\u00c8 uno strumento fondamentale per mantenere:<\/p>\n\n\n\n<ul class=\"wp-block-list\">\n<li>\u5185\u90e8\u5dee\u65c5\u81ea\u4e3b\u6743<\/li>\n\n\n\n<li>possibilit\u00e0 di uscire in sicurezza<\/li>\n\n\n\n<li>continuit\u00e0 delle relazioni sociali<\/li>\n\n\n\n<li>qualit\u00e0 della vita durante la riabilitazione<\/li>\n<\/ul>\n\n\n\n<p>\u9009\u62e9\u6a21\u578b\u65f6\u8003\u8651\u4e86\u4ee5\u4e0b\u56e0\u7d20<\/p>\n\n\n\n<ul class=\"wp-block-list\">\n<li>\u4e34\u5e8a\u8868\u73b0<\/li>\n\n\n\n<li>\u60a3\u8005\u4f53\u578b<\/li>\n\n\n\n<li>\u81ea\u4e3b\u7a0b\u5ea6<\/li>\n\n\n\n<li>\u56fd\u5185\u73af\u5883<\/li>\n\n\n\n<li>necessit\u00e0 di assistenza<\/li>\n<\/ul>\n\n\n\n<h4 class=\"wp-block-heading\" id=\"h-tipologie-di-carrozzine-disponibili-a-noleggio\"><strong>\u53ef\u4f9b\u51fa\u79df\u7684\u8f6e\u6905\u7c7b\u578b<\/strong><\/h4>\n\n\n\n<p>Mia Medical Italia \u63d0\u4f9b\u4e0d\u540c\u7c7b\u578b\u7684\u8f6e\u6905\uff0c\u4ee5\u6ee1\u8db3\u5404\u79cd\u4e34\u5e8a\u548c\u751f\u6d3b\u9700\u6c42\u3002.<\/p>\n\n\n\n<p>\u53ef\u7528\u578b\u53f7<\/p>\n\n\n\n<ul class=\"wp-block-list\">\n<li>\u81ea\u884c\u5f0f\u6298\u53e0\u8f6e\u6905<\/li>\n\n\n\n<li>\u6298\u53e0\u5f0f\u4ea4\u901a\u8f6e\u6905<\/li>\n\n\n\n<li>\u659c\u501a\u5f0f\u8f6e\u6905<\/li>\n\n\n\n<li>\u51cf\u80a5\u8f6e\u6905<\/li>\n\n\n\n<li>\u6298\u53e0\u513f\u79d1\u8f6e\u6905<\/li>\n<\/ul>\n\n\n\n<p>\u5728\u6211\u4eec\u56e2\u961f\u7684\u652f\u6301\u4e0b\u505a\u51fa\u9009\u62e9\uff0c\u4ee5\u786e\u4fdd&nbsp;<strong>\u6700\u5927\u7a0b\u5ea6\u7684\u5b89\u5168\u6027\u3001\u8212\u9002\u6027\u548c\u4eba\u4f53\u5de5\u7a0b\u5b66\u8bbe\u8ba1<\/strong>.<\/p>\n\n\n\n<h4 class=\"wp-block-heading\" id=\"h-magnetoterapia-cemp-biocompatibile\"><strong><a href=\"https:\/\/www.miamedicalitalia.it\/zh\/categoria\/affitto-e-noleggio-ausili\/affitto-noleggio-magnetoterapia-cemp\/\">\u751f\u7269\u517c\u5bb9\u7684 PEMF \u78c1\u7597<\/a><\/strong><\/h4>\n\n\n\n<p>La magnetoterapia CEMP (Campi ElettroMagnetici Pulsati) \u00e8 una terapia fisica non invasiva che utilizza campi magnetici a bassa frequenza per stimolare i naturali processi biologici di recupero dell\u2019organismo.<\/p>\n\n\n\n<p><strong>Meccanismo d\u2019azione<\/strong><\/p>\n\n\n\n<p>\u8109\u51b2\u78c1\u573a\u901a\u8fc7\u4fc3\u8fdb\u4f5c\u7528\u5bf9\u751f\u7269\u7ec4\u7ec7\u4ea7\u751f\u5f71\u54cd\uff1a<\/p>\n\n\n\n<ul class=\"wp-block-list\">\n<li>\u91cd\u65b0\u6fc0\u6d3b\u7ec6\u80de\u65b0\u9648\u4ee3\u8c22<\/li>\n\n\n\n<li>\u6539\u8fdb\u79bb\u5b50\u4ea4\u6362<\/li>\n\n\n\n<li>incremento dell\u2019ossigenazione tissutale<\/li>\n\n\n\n<li>\u523a\u6fc0\u9aa8\u518d\u751f\u8fc7\u7a0b<\/li>\n<\/ul>\n\n\n\n<p>\u8fd9\u6837\u5c31\u53ef\u4ee5&nbsp;<strong>\u52a0\u5feb\u6062\u590d\u65f6\u95f4<\/strong>&nbsp;\u5728\u6709\u521b\u4f24\u6216\u9000\u884c\u6027\u75c5\u53d8\u7684\u60c5\u51b5\u4e0b\u3002.<\/p>\n\n\n\n<p><strong>\u78c1\u7597\u7684\u4e34\u5e8a\u4f18\u52bf<\/strong><\/p>\n\n\n\n<ul class=\"wp-block-list\">\n<li>riduzione dell\u2019infiammazione<\/li>\n\n\n\n<li>\u523a\u6fc0\u9aa8\u518d\u751f<\/li>\n\n\n\n<li>\u6539\u5584\u7ec4\u7ec7\u8425\u517b<\/li>\n\n\n\n<li>\u51cf\u8f7b\u75bc\u75db<\/li>\n\n\n\n<li>\u5eb7\u590d\u652f\u6301<\/li>\n<\/ul>\n\n\n\n<p>\u00c8 particolarmente indicata in caso di:<\/p>\n\n\n\n<ul class=\"wp-block-list\">\n<li>\u9aa8\u6298<\/li>\n\n\n\n<li>\u9aa8\u5de9\u56fa\u5ef6\u8fdf<\/li>\n\n\n\n<li>\u5173\u8282\u708e<\/li>\n\n\n\n<li>\u6162\u6027\u708e\u75c7<\/li>\n\n\n\n<li>Oedemas<\/li>\n\n\n\n<li>\u808c\u8089\u9aa8\u9abc\u75c5\u53d8<\/li>\n<\/ul>\n\n\n\n<p><strong>\u78c1\u7597\u7684\u7981\u5fcc\u75c7<\/strong><\/p>\n\n\n\n<p>La magnetoterapia \u00e8 generalmente ben tollerata, tuttavia \u00e8 controindicata in presenza di:<\/p>\n\n\n\n<ul class=\"wp-block-list\">\n<li>\u5fc3\u810f\u8d77\u640f\u5668\u6216\u690d\u5165\u5f0f\u7535\u5b50\u8bbe\u5907<\/li>\n\n\n\n<li>\u6d3b\u52a8\u6027\u80bf\u7624\u75c5\u7406<\/li>\n\n\n\n<li>\u598a\u5a20<\/li>\n<\/ul>\n\n\n\n<p>\u00c8 sempre necessario attenersi alle indicazioni del medico curante e alle istruzioni del dispositivo.<\/p>\n\n\n\n<h3 class=\"wp-block-heading\" id=\"h-perche-scegliere-il-noleggio-combinato-di-carrozzina-e-magnetoterapia-nbsp\"><strong>Perch\u00e9 scegliere il noleggio combinato di Carrozzina e Magnetoterapia&nbsp;<\/strong><\/h3>\n\n\n\n<p>\u79df\u7528 CEMP \u8f6e\u6905\u548c\u78c1\u7597\u8bbe\u5907\u53ef\u5b9e\u73b0\u4ee5\u4e0b\u529f\u80fd\uff1a<\/p>\n\n\n\n<ul class=\"wp-block-list\">\n<li>supportare la mobilit\u00e0 in sicurezza<\/li>\n\n\n\n<li>\u6b62\u75db\u6d88\u708e<\/li>\n\n\n\n<li>\u4fc3\u8fdb\u7ec4\u7ec7\u518d\u751f<\/li>\n\n\n\n<li>evitare l\u2019acquisto di ausili costosi<\/li>\n\n\n\n<li>\u6839\u636e\u5b9e\u9645\u4e34\u5e8a\u9700\u8981\u8c03\u6574\u8058\u7528\u671f\u9650<\/li>\n<\/ul>\n\n\n\n<p>\u00c8 una soluzione completa per accompagnare il paziente durante tutto il percorso riabilitativo.<\/p>\n\n\n\n<h4 class=\"wp-block-heading\" id=\"h-consegna-ritiro-e-condizioni\"><strong>\u4ea4\u8d27\u3001\u53d6\u8d27\u548c\u6761\u4ef6<\/strong><\/h4>\n\n\n\n<ul class=\"wp-block-list\">\n<li>Consegna a Roma e Firenze a partire da 30 \u20ac<\/li>\n\n\n\n<li>\u79df\u671f 45 \u5929\u4ee5\u4e0a\u514d\u8d39\u9001\u8d27<\/li>\n\n\n\n<li>\u65e0\u9700\u5b58\u6b3e<\/li>\n\n\n\n<li>\u4ed3\u5e93\u514d\u8d39\u9001\u8d27\u548c\u53d6\u8d27<\/li>\n<\/ul>\n\n\n\n<p>La consegna viene effettuata entro 48 ore dalla chiamata, salvo disponibilit\u00e0.<\/p>\n\n\n\n<p><strong>\u63f4\u52a9\u548c\u5efa\u8bae<\/strong><\/p>\n\n\n\n<p>\u79df\u91d1\u968f\u4e4b\u800c\u6765<\/p>\n\n\n\n<ul class=\"wp-block-list\">\n<li>istruzioni complete all\u2019utilizzo<\/li>\n\n\n\n<li>\u5e2e\u52a9\u9009\u62e9\u8f6e\u6905<\/li>\n\n\n\n<li>\u79df\u8d41\u671f\u95f4\u7684\u6280\u672f\u63f4\u52a9<\/li>\n<\/ul>\n\n\n\n<p>Il nostro personale specializzato accompagna il paziente in ogni fase, garantendo sicurezza, chiarezza e continuit\u00e0 terapeutica.<\/p>\n\n\n\n<h3 class=\"wp-block-heading\" id=\"h-perche-scegliere-mia-medical-italia\"><strong>\u4e3a\u4f55\u9009\u62e9\u610f\u5927\u5229\u7c73\u5a05\u533b\u7597<\/strong><\/h3>\n\n\n\n<ul class=\"wp-block-list\">\n<li>\u7ecf\u8ba4\u8bc1\u7684\u4e13\u4e1a\u8bbe\u5907<\/li>\n\n\n\n<li>\u4e2a\u6027\u5316\u54a8\u8be2<\/li>\n\n\n\n<li>\u4e13\u4e1a\u6280\u672f\u4eba\u5458<\/li>\n\n\n\n<li>\u7075\u6d3b\u8058\u7528<\/li>\n\n\n\n<li>\u4e0d\u4ea4\u4fdd<\/li>\n\n\n\n<li>\u6301\u7eed\u63f4\u52a9<\/li>\n<\/ul>\n\n\n\n<p>Mia Medical Italia \u00e8 al fianco del paziente e della famiglia in ogni fase del percorso di cura domiciliare.<\/p>\n\n\n\n<p>Per informazioni, disponibilit\u00e0 e consulenza personalizzata \u00e8 possibile contattare il numero\u00a0<strong><a href=\"https:\/\/wa.me\/393926509237\">+39 392 6509237<\/a><\/strong>\u00a0o scriverci su WhatsApp. Il nostro team \u00e8 sempre disponibile per individuare la soluzione pi\u00f9 adatta alle tue esigenze.<\/p>","protected":false},"excerpt":{"rendered":"<div style=\"font-family: Arial, sans-serif; background-color: #234091; padding: 30px; border-radius: 25px; max-width: 600px; color: #ffffff; position: relative; border-top: 6px solid #2498fe;\">\n<h3 style=\"color: #ffffff; margin-top: 0;\">Cemp BIO \u517c\u5bb9\u8f6e\u6905 + \u78c1\u7597\u6cd5<\/h3>\n<p>\u7f57\u9a6c\u548c\u4f5b\u7f57\u4f26\u8428\u9001\u8d27\u4e0a\u95e8\uff0c30 \u6b27\u5143\u8d77\u3002<\/p>\n<p><strong>45 \u5929\u79df\u8d41\u514d\u8d39\u9001\u8d27\uff01<\/strong><\/p>\n<p><strong>\u65e0\u9700\u62bc\u91d1\u3002<\/strong><\/p>\n<p><strong>\u4ece\u4ed3\u5e93\u9001\u8d27\u548c\u53d6\u8d27\u5747\u514d\u8d39\uff01<\/strong><\/p>\n<\/div>\n<p><!-- Linea bianca sotto --><\/p>\n<div style=\"height: 6px; background-color: #ffffff; max-width: 600px;\">\u00a0<\/div>","protected":false},"featured_media":12461,"template":"","meta":{"_acf_changed":false},"home-category":[262],"product_brand":[],"product_cat":[260,68,224],"product_tag":[],"woo-feed-brand":[],"class_list":{"0":"post-9461","1":"product","2":"type-product","3":"status-publish","4":"has-post-thumbnail","6":"home-category-elettromedicali","7":"product_cat-affitto-e-noleggio-ausili","8":"product_cat-affitto-e-noleggio-carrozzina","9":"product_cat-affitto-noleggio-magnetoterapia-cemp","10":"wcpa_has_options","12":"first","13":"instock","14":"shipping-taxable","15":"purchasable","16":"product-type-variable"},"acf":[],"yoast_head":"<!-- This site is optimized with the Yoast SEO Premium plugin v27.5 (Yoast SEO v27.5) - https:\/\/yoast.com\/product\/yoast-seo-premium-wordpress\/ -->\n<title>Noleggio Magnetoterapia + Carrozzina - Mia Medical<\/title>\n<meta name=\"description\" content=\"Noleggio combinato della carrozzina e della magnetoterapia Cemp. Combo perfetto per la riabilitazione a casa tua, prezzi bassi. Prenota online!\" \/>\n<meta name=\"robots\" content=\"index, follow, max-snippet:-1, max-image-preview:large, max-video-preview:-1\" \/>\n<link rel=\"canonical\" href=\"https:\/\/www.miamedicalitalia.it\/zh\/product\/noleggio-e-affitto-della-magnetoterapia-e-della-carrozzina\/\" \/>\n<meta property=\"og:locale\" content=\"zh_CN\" \/>\n<meta property=\"og:type\" content=\"article\" \/>\n<meta property=\"og:title\" content=\"Noleggio Magnetoterapia + Carrozzina - Mia Medical\" \/>\n<meta property=\"og:description\" content=\"Noleggio combinato della carrozzina e della magnetoterapia Cemp. Combo perfetto per la riabilitazione a casa tua, prezzi bassi. Prenota online!\" \/>\n<meta property=\"og:url\" content=\"https:\/\/www.miamedicalitalia.it\/zh\/product\/noleggio-e-affitto-della-magnetoterapia-e-della-carrozzina\/\" \/>\n<meta property=\"og:site_name\" content=\"Mia Medical\" \/>\n<meta property=\"article:publisher\" content=\"https:\/\/www.facebook.com\/miamedicalitalia\" \/>\n<meta property=\"article:modified_time\" content=\"2026-02-12T10:36:24+00:00\" \/>\n<meta property=\"og:image\" content=\"https:\/\/www.miamedicalitalia.it\/wp-content\/uploads\/2023\/02\/Blank-2-Grids-Collage.jpg\" \/>\n\t<meta property=\"og:image:width\" content=\"1000\" \/>\n\t<meta property=\"og:image:height\" content=\"1000\" \/>\n\t<meta property=\"og:image:type\" content=\"image\/jpeg\" \/>\n<meta name=\"twitter:card\" content=\"summary_large_image\" \/>\n<meta name=\"twitter:label1\" content=\"\u9884\u8ba1\u9605\u8bfb\u65f6\u95f4\" \/>\n\t<meta name=\"twitter:data1\" content=\"3 \u5206\" \/>\n<script type=\"application\/ld+json\" class=\"yoast-schema-graph\">{\"@context\":\"https:\\\/\\\/schema.org\",\"@graph\":[{\"@type\":\"WebPage\",\"@id\":\"https:\\\/\\\/www.miamedicalitalia.it\\\/prodotto\\\/noleggio-e-affitto-della-magnetoterapia-e-della-carrozzina\\\/\",\"url\":\"https:\\\/\\\/www.miamedicalitalia.it\\\/prodotto\\\/noleggio-e-affitto-della-magnetoterapia-e-della-carrozzina\\\/\",\"name\":\"Noleggio Magnetoterapia + Carrozzina - Mia Medical\",\"isPartOf\":{\"@id\":\"https:\\\/\\\/www.miamedicalitalia.it\\\/#website\"},\"primaryImageOfPage\":{\"@id\":\"https:\\\/\\\/www.miamedicalitalia.it\\\/prodotto\\\/noleggio-e-affitto-della-magnetoterapia-e-della-carrozzina\\\/#primaryimage\"},\"image\":{\"@id\":\"https:\\\/\\\/www.miamedicalitalia.it\\\/prodotto\\\/noleggio-e-affitto-della-magnetoterapia-e-della-carrozzina\\\/#primaryimage\"},\"thumbnailUrl\":\"https:\\\/\\\/www.miamedicalitalia.it\\\/wp-content\\\/uploads\\\/2023\\\/02\\\/Blank-2-Grids-Collage.jpg\",\"datePublished\":\"2023-02-07T13:41:16+00:00\",\"dateModified\":\"2026-02-12T10:36:24+00:00\",\"description\":\"Noleggio combinato della carrozzina e della magnetoterapia Cemp. Combo perfetto per la riabilitazione a casa tua, prezzi bassi. Prenota online!\",\"breadcrumb\":{\"@id\":\"https:\\\/\\\/www.miamedicalitalia.it\\\/prodotto\\\/noleggio-e-affitto-della-magnetoterapia-e-della-carrozzina\\\/#breadcrumb\"},\"inLanguage\":\"zh-Hans\",\"potentialAction\":[{\"@type\":\"ReadAction\",\"target\":[\"https:\\\/\\\/www.miamedicalitalia.it\\\/prodotto\\\/noleggio-e-affitto-della-magnetoterapia-e-della-carrozzina\\\/\"]}]},{\"@type\":\"ImageObject\",\"inLanguage\":\"zh-Hans\",\"@id\":\"https:\\\/\\\/www.miamedicalitalia.it\\\/prodotto\\\/noleggio-e-affitto-della-magnetoterapia-e-della-carrozzina\\\/#primaryimage\",\"url\":\"https:\\\/\\\/www.miamedicalitalia.it\\\/wp-content\\\/uploads\\\/2023\\\/02\\\/Blank-2-Grids-Collage.jpg\",\"contentUrl\":\"https:\\\/\\\/www.miamedicalitalia.it\\\/wp-content\\\/uploads\\\/2023\\\/02\\\/Blank-2-Grids-Collage.jpg\",\"width\":1000,\"height\":1000,\"caption\":\"COMBO CARROZZINA + MAGNETOTERAPIA\"},{\"@type\":\"BreadcrumbList\",\"@id\":\"https:\\\/\\\/www.miamedicalitalia.it\\\/prodotto\\\/noleggio-e-affitto-della-magnetoterapia-e-della-carrozzina\\\/#breadcrumb\",\"itemListElement\":[{\"@type\":\"ListItem\",\"position\":1,\"name\":\"Home\",\"item\":\"https:\\\/\\\/www.miamedicalitalia.it\\\/\"},{\"@type\":\"ListItem\",\"position\":2,\"name\":\"Shop\",\"item\":\"https:\\\/\\\/www.miamedicalitalia.it\\\/negozio\\\/\"},{\"@type\":\"ListItem\",\"position\":3,\"name\":\"Affitto e noleggio\",\"item\":\"https:\\\/\\\/www.miamedicalitalia.it\\\/categoria\\\/affitto-e-noleggio-ausili\\\/\"},{\"@type\":\"ListItem\",\"position\":4,\"name\":\"Noleggio Magnetoterapia + Carrozzina\"}]},{\"@type\":\"WebSite\",\"@id\":\"https:\\\/\\\/www.miamedicalitalia.it\\\/#website\",\"url\":\"https:\\\/\\\/www.miamedicalitalia.it\\\/\",\"name\":\"www.miamedicalitalia.it\",\"description\":\"Noleggio e Vendita Attrezzatura Sanitarie\",\"publisher\":{\"@id\":\"https:\\\/\\\/www.miamedicalitalia.it\\\/#organization\"},\"potentialAction\":[{\"@type\":\"SearchAction\",\"target\":{\"@type\":\"EntryPoint\",\"urlTemplate\":\"https:\\\/\\\/www.miamedicalitalia.it\\\/?s={search_term_string}\"},\"query-input\":{\"@type\":\"PropertyValueSpecification\",\"valueRequired\":true,\"valueName\":\"search_term_string\"}}],\"inLanguage\":\"zh-Hans\"},{\"@type\":\"Organization\",\"@id\":\"https:\\\/\\\/www.miamedicalitalia.it\\\/#organization\",\"name\":\"OLG\",\"url\":\"https:\\\/\\\/www.miamedicalitalia.it\\\/\",\"logo\":{\"@type\":\"ImageObject\",\"inLanguage\":\"zh-Hans\",\"@id\":\"https:\\\/\\\/www.miamedicalitalia.it\\\/#\\\/schema\\\/logo\\\/image\\\/\",\"url\":\"https:\\\/\\\/www.miamedicalitalia.it\\\/wp-content\\\/uploads\\\/2023\\\/04\\\/mia-medical-logo-free.png\",\"contentUrl\":\"https:\\\/\\\/www.miamedicalitalia.it\\\/wp-content\\\/uploads\\\/2023\\\/04\\\/mia-medical-logo-free.png\",\"width\":700,\"height\":700,\"caption\":\"OLG\"},\"image\":{\"@id\":\"https:\\\/\\\/www.miamedicalitalia.it\\\/#\\\/schema\\\/logo\\\/image\\\/\"},\"sameAs\":[\"https:\\\/\\\/www.facebook.com\\\/miamedicalitalia\"]}]}<\/script>\n<!-- \/ Yoast SEO Premium plugin. -->","yoast_head_json":{"title":"\u78c1\u7597 + \u8f6e\u6905\u79df\u8d41 - Mia Medical","description":"Cemp \u8f6e\u6905\u548c\u78c1\u7597\u7684\u7ec4\u5408\u79df\u8d41\u3002\u5728\u5bb6\u5eb7\u590d\u7684\u5b8c\u7f8e\u7ec4\u5408\uff0c\u4ef7\u683c\u4f4e\u5ec9\u3002\u5728\u7ebf\u9884\u8ba2\uff01","robots":{"index":"index","follow":"follow","max-snippet":"max-snippet:-1","max-image-preview":"max-image-preview:large","max-video-preview":"max-video-preview:-1"},"canonical":"https:\/\/www.miamedicalitalia.it\/zh\/product\/noleggio-e-affitto-della-magnetoterapia-e-della-carrozzina\/","og_locale":"zh_CN","og_type":"article","og_title":"Noleggio Magnetoterapia + Carrozzina - Mia Medical","og_description":"Noleggio combinato della carrozzina e della magnetoterapia Cemp. Combo perfetto per la riabilitazione a casa tua, prezzi bassi. Prenota online!","og_url":"https:\/\/www.miamedicalitalia.it\/zh\/product\/noleggio-e-affitto-della-magnetoterapia-e-della-carrozzina\/","og_site_name":"Mia Medical","article_publisher":"https:\/\/www.facebook.com\/miamedicalitalia","article_modified_time":"2026-02-12T10:36:24+00:00","og_image":[{"width":1000,"height":1000,"url":"https:\/\/www.miamedicalitalia.it\/wp-content\/uploads\/2023\/02\/Blank-2-Grids-Collage.jpg","type":"image\/jpeg"}],"twitter_card":"summary_large_image","twitter_misc":{"\u9884\u8ba1\u9605\u8bfb\u65f6\u95f4":"3 \u5206"},"schema":{"@context":"https:\/\/schema.org","@graph":[{"@type":"WebPage","@id":"https:\/\/www.miamedicalitalia.it\/prodotto\/noleggio-e-affitto-della-magnetoterapia-e-della-carrozzina\/","url":"https:\/\/www.miamedicalitalia.it\/prodotto\/noleggio-e-affitto-della-magnetoterapia-e-della-carrozzina\/","name":"\u78c1\u7597 + \u8f6e\u6905\u79df\u8d41 - Mia Medical","isPartOf":{"@id":"https:\/\/www.miamedicalitalia.it\/#website"},"primaryImageOfPage":{"@id":"https:\/\/www.miamedicalitalia.it\/prodotto\/noleggio-e-affitto-della-magnetoterapia-e-della-carrozzina\/#primaryimage"},"image":{"@id":"https:\/\/www.miamedicalitalia.it\/prodotto\/noleggio-e-affitto-della-magnetoterapia-e-della-carrozzina\/#primaryimage"},"thumbnailUrl":"https:\/\/www.miamedicalitalia.it\/wp-content\/uploads\/2023\/02\/Blank-2-Grids-Collage.jpg","datePublished":"2023-02-07T13:41:16+00:00","dateModified":"2026-02-12T10:36:24+00:00","description":"Cemp \u8f6e\u6905\u548c\u78c1\u7597\u7684\u7ec4\u5408\u79df\u8d41\u3002\u5728\u5bb6\u5eb7\u590d\u7684\u5b8c\u7f8e\u7ec4\u5408\uff0c\u4ef7\u683c\u4f4e\u5ec9\u3002\u5728\u7ebf\u9884\u8ba2\uff01","breadcrumb":{"@id":"https:\/\/www.miamedicalitalia.it\/prodotto\/noleggio-e-affitto-della-magnetoterapia-e-della-carrozzina\/#breadcrumb"},"inLanguage":"zh-Hans","potentialAction":[{"@type":"ReadAction","target":["https:\/\/www.miamedicalitalia.it\/prodotto\/noleggio-e-affitto-della-magnetoterapia-e-della-carrozzina\/"]}]},{"@type":"ImageObject","inLanguage":"zh-Hans","@id":"https:\/\/www.miamedicalitalia.it\/prodotto\/noleggio-e-affitto-della-magnetoterapia-e-della-carrozzina\/#primaryimage","url":"https:\/\/www.miamedicalitalia.it\/wp-content\/uploads\/2023\/02\/Blank-2-Grids-Collage.jpg","contentUrl":"https:\/\/www.miamedicalitalia.it\/wp-content\/uploads\/2023\/02\/Blank-2-Grids-Collage.jpg","width":1000,"height":1000,"caption":"COMBO CARROZZINA + MAGNETOTERAPIA"},{"@type":"BreadcrumbList","@id":"https:\/\/www.miamedicalitalia.it\/prodotto\/noleggio-e-affitto-della-magnetoterapia-e-della-carrozzina\/#breadcrumb","itemListElement":[{"@type":"ListItem","position":1,"name":"Home","item":"https:\/\/www.miamedicalitalia.it\/"},{"@type":"ListItem","position":2,"name":"Shop","item":"https:\/\/www.miamedicalitalia.it\/negozio\/"},{"@type":"ListItem","position":3,"name":"Affitto e noleggio","item":"https:\/\/www.miamedicalitalia.it\/categoria\/affitto-e-noleggio-ausili\/"},{"@type":"ListItem","position":4,"name":"Noleggio Magnetoterapia + Carrozzina"}]},{"@type":"WebSite","@id":"https:\/\/www.miamedicalitalia.it\/#website","url":"https:\/\/www.miamedicalitalia.it\/","name":"www.miamedicalitalia.it","description":"\u536b\u751f\u8bbe\u5907\u7684\u79df\u8d41\u548c\u9500\u552e","publisher":{"@id":"https:\/\/www.miamedicalitalia.it\/#organization"},"potentialAction":[{"@type":"SearchAction","target":{"@type":"EntryPoint","urlTemplate":"https:\/\/www.miamedicalitalia.it\/?s={search_term_string}"},"query-input":{"@type":"PropertyValueSpecification","valueRequired":true,"valueName":"search_term_string"}}],"inLanguage":"zh-Hans"},{"@type":"Organization","@id":"https:\/\/www.miamedicalitalia.it\/#organization","name":"OLG","url":"https:\/\/www.miamedicalitalia.it\/","logo":{"@type":"ImageObject","inLanguage":"zh-Hans","@id":"https:\/\/www.miamedicalitalia.it\/#\/schema\/logo\/image\/","url":"https:\/\/www.miamedicalitalia.it\/wp-content\/uploads\/2023\/04\/mia-medical-logo-free.png","contentUrl":"https:\/\/www.miamedicalitalia.it\/wp-content\/uploads\/2023\/04\/mia-medical-logo-free.png","width":700,"height":700,"caption":"OLG"},"image":{"@id":"https:\/\/www.miamedicalitalia.it\/#\/schema\/logo\/image\/"},"sameAs":["https:\/\/www.facebook.com\/miamedicalitalia"]}]}},"wcpa_form_fields":{"wcpaData":{"product":{"product_price":100,"price_html":"<span class=\"woocommerce-Price-amount amount\" aria-hidden=\"true\"><bdi><span class=\"woocommerce-Price-currencySymbol\">&euro;<\/span>100.00<\/bdi><\/span> <span aria-hidden=\"true\">\u2013<\/span> <span class=\"woocommerce-Price-amount amount\" aria-hidden=\"true\"><bdi><span class=\"woocommerce-Price-currencySymbol\">&euro;<\/span>210.00<\/bdi><\/span><span class=\"screen-reader-text\">\u4ef7\u683c\u8303\u56f4\uff1a&euro;100.00 \u81f3 &euro;210.00<\/span>","original_product_price":100,"price_including_tax":100,"price_excluding_tax":100,"product_id":{"parent":9461,"variation":false},"is_variable":true,"stock_status":"instock","stock_quantity":null,"parent_sku":"","product_attributes":{"quanto-costa":{"is_variation":true,"values":[]}},"custom_fields":[],"is_taxable":false,"product_name":"Noleggio Magnetoterapia + Carrozzina","hasImage":false},"fields":{"sec_565f165582eb8c":{"extra":{"key":"sec_565f165582eb8c","section_id":"sec_565f165582eb8c","name":"Predefinito","status":1,"toggle":true,"form_id":12050,"form_rules":{"exclude_from_discount":false,"fee_label":"Taxa","disp_hide_options_price":false,"disp_show_section_price":false,"disp_show_field_price":true,"layout_option":"standard","pric_use_as_fee":false,"process_fee_as":"woo_fee"},"layout_option":"standard"},"fields":[[{"active":true,"col":6,"relations":false,"cl_rule":"show","enableCl":false,"price":"","enablePrice":false,"className":"input-text","type":"date","required":true,"elementId":"date_3189538061","name":"date_3189538061","label":"A partire dal giorno:","picker_type":"custom","picker_mode":"single","error":false,"description":"Inserisci la data di inizio del noleggio","gt_translate_keys":["label","description"],"price_dependency":false,"cl_dependency":false,"value":""}]]}},"config":{"price_override":"","enable_recaptcha":false,"bind_quantity":false,"quantity_bind_formula":false,"disp_summ_show_option_price":true,"disp_summ_show_product_price":true,"disp_summ_show_total_price":true,"disp_summ_show_fee":false,"disp_summ_show_discount":false,"summary_title":"","options_total_label":"Op\u00e7\u00f5es Pre\u00e7o","total_label":"Total","options_product_label":"Pre\u00e7o do produto","fee_label":"Taxa","discount_label":"Desconto","has_price":true,"has_quantity_formula":false},"mc_unit":1,"tax_rate":1,"tax_rate_real":1,"discount":{"percentage":0,"fixed":0},"design":{"conf":{"LabelPosition":"above","DescPosition":"below","UploadField":"custom_1","QuantityFieldStyle":"default"},"css":{"LeftLabelWidth":"50px"}},"formulas":[],"lookuptables":[],"clones":false,"cartKey":false}},"_links":{"self":[{"href":"https:\/\/www.miamedicalitalia.it\/zh\/wp-json\/wp\/v2\/product\/9461","targetHints":{"allow":["GET"]}}],"collection":[{"href":"https:\/\/www.miamedicalitalia.it\/zh\/wp-json\/wp\/v2\/product"}],"about":[{"href":"https:\/\/www.miamedicalitalia.it\/zh\/wp-json\/wp\/v2\/types\/product"}],"wp:featuredmedia":[{"embeddable":true,"href":"https:\/\/www.miamedicalitalia.it\/zh\/wp-json\/wp\/v2\/media\/12461"}],"wp:attachment":[{"href":"https:\/\/www.miamedicalitalia.it\/zh\/wp-json\/wp\/v2\/media?parent=9461"}],"wp:term":[{"taxonomy":"home-category","embeddable":true,"href":"https:\/\/www.miamedicalitalia.it\/zh\/wp-json\/wp\/v2\/home-category?post=9461"},{"taxonomy":"product_brand","embeddable":true,"href":"https:\/\/www.miamedicalitalia.it\/zh\/wp-json\/wp\/v2\/product_brand?post=9461"},{"taxonomy":"product_cat","embeddable":true,"href":"https:\/\/www.miamedicalitalia.it\/zh\/wp-json\/wp\/v2\/product_cat?post=9461"},{"taxonomy":"product_tag","embeddable":true,"href":"https:\/\/www.miamedicalitalia.it\/zh\/wp-json\/wp\/v2\/product_tag?post=9461"},{"taxonomy":"woo-feed-brand","embeddable":true,"href":"https:\/\/www.miamedicalitalia.it\/zh\/wp-json\/wp\/v2\/woo-feed-brand?post=9461"}],"curies":[{"name":"wp","href":"https:\/\/api.w.org\/{rel}","templated":true}]}}