{"id":9444,"date":"2023-02-07T14:27:34","date_gmt":"2023-02-07T13:27:34","guid":{"rendered":"https:\/\/www.miamedicalitalia.it\/?post_type=product&#038;p=9444"},"modified":"2026-02-12T11:25:46","modified_gmt":"2026-02-12T09:25:46","slug":"noleggio-kinetec-carrozzina","status":"publish","type":"product","link":"https:\/\/www.miamedicalitalia.it\/zh\/product\/noleggio-kinetec-carrozzina\/","title":{"rendered":"\u79df\u7528 Kinetec PEMP + \u8f6e\u6905"},"content":{"rendered":"<h2 class=\"wp-block-heading\" id=\"h-noleggio-combinato-kinetec-carrozzina\"><strong>Kinetec + \u8f6e\u6905\u7ec4\u5408\u79df\u8d41<\/strong><\/h2>\n\n\n\n<p><strong>La soluzione completa per il recupero post-operatorio e la mobilit\u00e0 assistita a domicilio<\/strong><\/p>\n\n\n\n<p>Durante una fase post-operatoria delicata, soprattutto in seguito a interventi ortopedici a ginocchio o anca, \u00e8 fondamentale poter contare su dispositivi che permettano&nbsp;<strong>\u9010\u6b65\u3001\u5b89\u5168\u548c\u53ef\u63a7\u7684\u6062\u590d<\/strong>, \u5c3d\u91cf\u51cf\u5c11\u75c5\u4eba\u7684\u4f53\u529b\u6d88\u8017\u3002.<\/p>\n\n\n\n<p>\u01de\u01de\u01de&nbsp;<strong>\u7ec4\u5408\u5f0f Kinetec + \u8f6e\u6905\u79df\u8d41<\/strong>&nbsp;Mia Medical Italia \u5c31\u662f\u4e3a\u4e86\u6ee1\u8db3\u8fd9\u4e00\u9700\u6c42\u800c\u8bbe\u8ba1\u7684\u3002&nbsp;<strong>\u6301\u7eed\u88ab\u52a8\u52a8\u5458<\/strong>&nbsp;e&nbsp;<strong>supporto alla mobilit\u00e0 quotidiana<\/strong>.<\/p>\n\n\n\n<p>Questa combinazione consente di proseguire la riabilitazione direttamente a casa, evitando continui spostamenti verso strutture sanitarie e garantendo continuit\u00e0 terapeutica.<\/p>\n\n\n\n<h3 class=\"wp-block-heading\" id=\"h-a-chi-e-indicato-il-noleggio-combinato\"><strong>A chi \u00e8 indicato il noleggio combinato<\/strong><\/h3>\n\n\n\n<p>Questa combinazione \u00e8 particolarmente indicata per pazienti che devono:<\/p>\n\n\n\n<ul class=\"wp-block-list\">\n<li>\u9650\u5236\u8d1f\u8377\u548c\u4f53\u529b<\/li>\n\n\n\n<li>recuperare gradualmente la funzionalit\u00e0 articolare<\/li>\n\n\n\n<li>\u7597\u517b\u671f\u95f4\u7684\u5b89\u5168\u79fb\u52a8<\/li>\n\n\n\n<li>prevenire rigidit\u00e0 e complicanze post-operatorie<\/li>\n<\/ul>\n\n\n\n<h4 class=\"wp-block-heading\" id=\"h-principali-scenari-di-utilizzo\"><strong>\u4e3b\u8981\u4f7f\u7528\u573a\u666f<\/strong><\/h4>\n\n\n\n<ul class=\"wp-block-list\">\n<li>\u819d\u5173\u8282\u624b\u672f<\/li>\n\n\n\n<li>interventi all\u2019anca<\/li>\n\n\n\n<li>\u5173\u8282\u7f6e\u6362<\/li>\n\n\n\n<li>\u521b\u4f24\u540e\u77eb\u5f62<\/li>\n\n\n\n<li>\u65e9\u671f\u5eb7\u590d\u9636\u6bb5<\/li>\n\n\n\n<li>dimissione protetta dall\u2019ospedale<\/li>\n<\/ul>\n\n\n\n<p>\u00c8 una soluzione ideale per pazienti che non possono ancora camminare in autonomia ma desiderano mantenere&nbsp;<strong>\u8212\u9002\u3001\u5b89\u5168\uff0c\u5e76\u5728\u65e5\u5e38\u65c5\u884c\u4e2d\u4fdd\u6301\u6700\u4f4e\u9650\u5ea6\u7684\u72ec\u7acb\u6027<\/strong>.<\/p>\n\n\n\n<h3 class=\"wp-block-heading\" id=\"h-in-cosa-consiste-il-noleggio-combinato-kinetec-carrozzina\"><strong>Kinetec + \u8f6e\u6905\u7684\u7ec4\u5408\u79df\u91d1\u662f\u591a\u5c11\uff1f<\/strong><\/h3>\n\n\n\n<p>\u8be5\u5957\u9910\u5305\u62ec\u4e24\u4e2a\u5728\u529f\u80fd\u6062\u590d\u8fc7\u7a0b\u4e2d\u5fc5\u4e0d\u53ef\u5c11\u7684\u533b\u7597\u8bbe\u5907\u3002.<\/p>\n\n\n\n<h4 class=\"wp-block-heading\" id=\"h-kinetec-mobilizzatore-passivo-continuo-cpm\"><strong><a href=\"https:\/\/www.miamedicalitalia.it\/zh\/categoria\/affitto-e-noleggio-ausili\/affitto-noleggio-kinetec\/\">Kinetec : \u8fde\u7eed\u88ab\u52a8\u5f0f\u79fb\u52a8\u5668\uff08CPM\uff09<\/a><\/strong><\/h4>\n\n\n\n<p>Il Kinetec \u00e8 un dispositivo medico progettato per la&nbsp;<strong>mobilizzazione passiva dell\u2019articolazione<\/strong>, \u5c24\u5176\u662f\u819d\u5173\u8282\u3002.<\/p>\n\n\n\n<p>\u60a3\u8005\u65e0\u9700\u4e3b\u52a8\u6536\u7f29\u808c\u8089\uff0c\u5373\u53ef\u81ea\u52a8\u5b8c\u6210\u52a8\u4f5c\u3002.<\/p>\n\n\n\n<p><strong>\u4e3b\u8981\u529f\u80fd<\/strong><\/p>\n\n\n\n<ul class=\"wp-block-list\">\n<li>flessione ed estensione controllata dell\u2019articolazione<\/li>\n\n\n\n<li>regolazione progressiva dell\u2019angolo di movimento<\/li>\n\n\n\n<li>\u8fde\u7eed\u3001\u7f13\u6162\u548c\u91cd\u590d\u7684\u8fd0\u52a8<\/li>\n\n\n\n<li>\u5373\u4f7f\u5728\u672f\u540e\u65e9\u671f\u9636\u6bb5\u4e5f\u53ef\u4f7f\u7528<\/li>\n<\/ul>\n\n\n\n<p><strong>\u76ca\u5904<\/strong><\/p>\n\n\n\n<ul class=\"wp-block-list\">\n<li>prevenzione della rigidit\u00e0 articolare<\/li>\n\n\n\n<li>\u9010\u6e10\u6062\u590d\u6d3b\u52a8\u8303\u56f4<\/li>\n\n\n\n<li>\u51cf\u8f7b\u672f\u540e\u75bc\u75db<\/li>\n\n\n\n<li>diminuzione dell\u2019edema<\/li>\n\n\n\n<li>\u6539\u5584\u5730\u65b9\u6d41\u901a<\/li>\n<\/ul>\n\n\n\n<p>Il Kinetec viene spesso prescritto gi\u00e0 nei primi giorni dopo l\u2019intervento, quando il movimento attivo non \u00e8 ancora consentito.<\/p>\n\n\n\n<h4 class=\"wp-block-heading\" id=\"h-carrozzina\"><strong><a href=\"https:\/\/www.miamedicalitalia.it\/zh\/categoria\/affitto-e-noleggio-ausili\/affitto-e-noleggio-carrozzina\/\">\u8f6e\u6905<\/a><\/strong><\/h4>\n\n\n\n<p>\u8f6e\u6905\u53ef\u4ee5\u8ba9\u75c5\u4eba\u5728\u5b8c\u5168\u5b89\u5168\u7684\u60c5\u51b5\u4e0b\u8fdb\u884c\u65e5\u5e38\u77ed\u8ddd\u79bb\u6d3b\u52a8\uff0c\u907f\u514d\u5173\u8282\u8d85\u8d1f\u8377\u548c\u75b2\u52b3\u3002.<\/p>\n\n\n\n<p>\u00c8 uno strumento essenziale per:<\/p>\n\n\n\n<ul class=\"wp-block-list\">\n<li>spostamenti interni all\u2019abitazione<\/li>\n\n\n\n<li>\u53d7\u63a7\u51fa\u53e3<\/li>\n\n\n\n<li>mantenimento della socialit\u00e0<\/li>\n<\/ul>\n\n\n\n<p>Il modello viene scelto in base alle esigenze cliniche, alla struttura fisica del paziente e all\u2019ambiente domestico.<\/p>\n\n\n\n<p><strong>\u53ef\u4f9b\u51fa\u79df\u7684\u8f6e\u6905\u7c7b\u578b<\/strong><\/p>\n\n\n\n<p>Mia Medical Italia offre la possibilit\u00e0 di scegliere tra diverse tipologie di carrozzine, per adattarsi a ogni scenario clinico e abitativo.<\/p>\n\n\n\n<p>\u53ef\u7528\u578b\u53f7<\/p>\n\n\n\n<ul class=\"wp-block-list\">\n<li>\u81ea\u884c\u5f0f\u6298\u53e0\u8f6e\u6905<\/li>\n\n\n\n<li>\u6298\u53e0\u5f0f\u4ea4\u901a\u8f6e\u6905<\/li>\n\n\n\n<li>\u659c\u501a\u5f0f\u8f6e\u6905<\/li>\n\n\n\n<li>\u51cf\u80a5\u8f6e\u6905<\/li>\n\n\n\n<li>\u6298\u53e0\u513f\u79d1\u8f6e\u6905<\/li>\n<\/ul>\n\n\n\n<p>La scelta viene effettuata con il supporto del nostro team, cos\u00ec da garantire&nbsp;<strong>massima sicurezza, comfort e funzionalit\u00e0<\/strong>.<\/p>\n\n\n\n<h3 class=\"wp-block-heading\" id=\"h-perche-scegliere-il-noleggio-combinato-kinetec-carrozzina\"><strong>Perch\u00e9 scegliere il noleggio combinato Kinetec + Carrozzina<\/strong><\/h3>\n\n\n\n<p>\u5408\u5e76\u79df\u8d41\u5141\u8bb8<\/p>\n\n\n\n<ul class=\"wp-block-list\">\n<li>\u6bcf\u5929\u8fdb\u884c\u88ab\u52a8\u6d3b\u52a8<\/li>\n\n\n\n<li>ripetere i trattamenti anche pi\u00f9 volte al giorno<\/li>\n\n\n\n<li>\u6839\u636e\u5b9e\u9645\u6062\u590d\u65f6\u95f4\u8c03\u6574\u6301\u7eed\u65f6\u95f4<\/li>\n\n\n\n<li>evitare l\u2019acquisto di dispositivi costosi<\/li>\n\n\n\n<li>\u51cf\u5c11\u524d\u5f80\u5eb7\u590d\u4e2d\u5fc3\u7684\u65c5\u884c<\/li>\n\n\n\n<li>\u4f9d\u9760\u6301\u7eed\u7684\u6280\u672f\u63f4\u52a9<\/li>\n<\/ul>\n\n\n\n<p>Il percorso riabilitativo non \u00e8 uguale per tutti: per questo il noleggio pu\u00f2 essere prorogato secondo necessit\u00e0, con il nostro supporto costante.<\/p>\n\n\n\n<h3 class=\"wp-block-heading\" id=\"h-come-funziona-il-noleggio\"><strong>\u79df\u8d41\u5982\u4f55\u8fd0\u4f5c<\/strong><\/h3>\n\n\n\n<p>Il processo di noleggio \u00e8 semplice e trasparente.<\/p>\n\n\n\n<p>1.\u5728\u7ebf\u6216\u7535\u8bdd\u9884\u8ba2\u670d\u52a1&nbsp;<\/p>\n\n\n\n<p>2.\u786e\u8ba4\u79df\u7528<\/p>\n\n\n\n<p>3.\u7ec4\u7ec7\u9001\u8d27\u4e0a\u95e8\u548c\u7ec4\u88c5<\/p>\n\n\n\n<p>\u6240\u6709\u8d39\u7528\u5747\u4e3a&nbsp;<strong>\u542b\u589e\u503c\u7a0e<\/strong>&nbsp;\u800c\u4e14\u6ca1\u6709\u989d\u5916\u7684\u9690\u85cf\u8d39\u7528\u3002.<\/p>\n\n\n\n<h4 class=\"wp-block-heading\" id=\"h-durata-del-noleggio-e-tariffe\"><strong>\u79df\u8d41\u671f\u9650\u548c\u4ef7\u683c<\/strong><\/h4>\n\n\n\n<p>\u6700\u77ed\u79df\u671f\uff1a15 \u5929<\/p>\n\n\n\n<ul class=\"wp-block-list\">\n<li>Noleggio 30 giorni : Prezzo al giorno, 9,00 \u20ac<\/li>\n\n\n\n<li>Noleggio 20 giorni : Prezzo al giorno, 12,30 \u20ac<\/li>\n\n\n\n<li>Noleggio 15 giorni : Prezzo al giorno, 12,00 \u20ac<\/li>\n<\/ul>\n\n\n\n<p>\u6240\u793a\u4ef7\u683c\u4e3a\u4fc3\u9500\u4ef7\u683c\uff0c\u4ec5\u9002\u7528\u4e8e\u901a\u8fc7\u7f51\u7ad9\u8fdb\u884c\u7684\u79df\u8d41\u3002.<\/p>\n\n\n\n<h4 class=\"wp-block-heading\" id=\"h-consegna-montaggio-e-ritiro\"><strong>\u4ea4\u4ed8\u3001\u7ec4\u88c5\u548c\u6536\u96c6<\/strong><\/h4>\n\n\n\n<ul class=\"wp-block-list\">\n<li>Consegna a Roma e Firenze trasporto a partire da 30 \u20ac<\/li>\n\n\n\n<li>\u514d\u8d39\u9001\u8d27\u548c\u5728\u4ed3\u5e93\u53d6\u8d27<\/li>\n\n\n\n<li>30 \u5929\u79df\u8d41\u514d\u8d39\u9001\u8d27<\/li>\n\n\n\n<li>\u65e0\u9700\u62bc\u91d1<\/li>\n<\/ul>\n\n\n\n<p>\u8fd0\u8f93\u8d39\u7528\u5305\u62ec<\/p>\n\n\n\n<ul class=\"wp-block-list\">\n<li>\u9001\u8d27\u4e0a\u95e8<\/li>\n\n\n\n<li>\u7ec4\u4ef6<\/li>\n\n\n\n<li>\u64cd\u4f5c\u8be6\u89e3<\/li>\n<\/ul>\n\n\n\n<p>\u4ea4\u8d27&nbsp;<strong>\u5728\u63a5\u5230\u7535\u8bdd\u540e 48 \u5c0f\u65f6\u5185<\/strong>, salvo diversa disponibilit\u00e0.<\/p>\n\n\n\n<p>\u79df\u91d1\u968f\u4e4b\u800c\u6765<\/p>\n\n\n\n<ul class=\"wp-block-list\">\n<li>istruzioni dettagliate per l\u2019utilizzo<\/li>\n\n\n\n<li>formazione pratica all\u2019avvio<\/li>\n\n\n\n<li>\u5b9a\u5236\u9002\u5e94\u75c7<\/li>\n\n\n\n<li>\u5728\u6574\u4e2a\u79df\u8d41\u671f\u95f4\u63d0\u4f9b\u6280\u672f\u63f4\u52a9<\/li>\n<\/ul>\n\n\n\n<p>Il nostro obiettivo \u00e8 permetterti di utilizzare i dispositivi&nbsp;<strong>nel modo pi\u00f9 efficace, sicuro e confortevole possibile direttamente a casa<\/strong>.<\/p>\n\n\n\n<h4 class=\"wp-block-heading\" id=\"h-perche-scegliere-mia-medical-italia\"><strong>\u4e3a\u4f55\u9009\u62e9\u610f\u5927\u5229\u7c73\u5a05\u533b\u7597<\/strong><\/h4>\n\n\n\n<ul class=\"wp-block-list\">\n<li>\u7ecf\u8ba4\u8bc1\u7684\u4e13\u4e1a\u533b\u7597\u5668\u68b0<\/li>\n\n\n\n<li>\u7ecf\u8fc7\u6d88\u6bd2\u548c\u63a7\u5236\u7684\u8f85\u52a9\u5668\u5177<\/li>\n\n\n\n<li>\u7ecf\u9a8c\u4e30\u5bcc\u7684\u5408\u683c\u6280\u672f\u4eba\u5458<\/li>\n\n\n\n<li>\u5feb\u901f\u4ea4\u4ed8<\/li>\n\n\n\n<li>\u65e0\u62bc\u91d1<\/li>\n\n\n\n<li>possibilit\u00e0 di proroga del noleggio<\/li>\n\n\n\n<li>\u771f\u6b63\u548c\u6301\u7eed\u7684\u63f4\u52a9<\/li>\n<\/ul>\n\n\n\n<p>\u5728 Mia Medical Italia\uff0c\u5eb7\u590d\u4e0d\u4f1a\u505c\u6b62\uff0c\u800c\u662f\u5728\u5bb6\u4e2d\u7ee7\u7eed\u8fdb\u884c\uff0c\u5e76\u63d0\u4f9b\u9002\u5f53\u7684\u5de5\u5177\u548c\u53ef\u9760\u7684\u652f\u6301\u3002.<\/p>\n\n\n\n<p>\u4e86\u89e3\u6211\u4eec\u7684\u7f51\u9875 <a href=\"https:\/\/facebook.com\/MIAMedicalitalia\/\">\u8138\u4e66&nbsp;<\/a><\/p>\n\n\n\n<p><\/p>","protected":false},"excerpt":{"rendered":"<div style=\"font-family: Arial, sans-serif; background-color: #234091; padding: 30px; border-radius: 25px; max-width: 600px; color: #ffffff; position: relative; border-top: 6px solid #2498fe;\">\n<h3 style=\"color: #ffffff; margin-top: 0;\">\u7f57\u9a6c\u548c\u4f5b\u7f57\u4f26\u8428\u7684\u9001\u8d27\u670d\u52a1<\/h3>\n<p>\u8fd0\u8d39 30 \u6b27\u5143\u8d77\u3002.<\/p>\n<p><strong>30 \u5929\u79df\u8d41\u514d\u8d39\u9001\u8d27\uff01<\/strong><\/p>\n<p><strong>\u65e0\u9700\u62bc\u91d1\u3002<\/strong><\/p>\n<p>\u4ece\u4ed3\u5e93\u9001\u8d27\u548c\u53d6\u8d27\u5747\u514d\u8d39\uff01<\/p>\n<\/div>\n<p><!-- Linea bianca sotto --><\/p>\n<div style=\"height: 6px; background-color: #ffffff; max-width: 600px;\">\u00a0<\/div>","protected":false},"featured_media":12293,"template":"","meta":{"_acf_changed":false},"home-category":[],"product_brand":[],"product_cat":[260,68,223],"product_tag":[],"woo-feed-brand":[],"class_list":{"0":"post-9444","1":"product","2":"type-product","3":"status-publish","4":"has-post-thumbnail","6":"product_cat-affitto-e-noleggio-ausili","7":"product_cat-affitto-e-noleggio-carrozzina","8":"product_cat-affitto-noleggio-kinetec","9":"wcpa_has_options","11":"first","12":"instock","13":"shipping-taxable","14":"purchasable","15":"product-type-variable"},"acf":[],"yoast_head":"<!-- This site is optimized with the Yoast SEO Premium plugin v27.5 (Yoast SEO v27.5) - https:\/\/yoast.com\/product\/yoast-seo-premium-wordpress\/ -->\n<title>Noleggio del Noleggio Kinetec CEMP + Carrozzina - Mia Medical<\/title>\n<meta name=\"description\" content=\"Noleggio combo della carrozzina e il kinetec per ginocchio, perfetto per una riabilitazione veloce a casa tua, con consegna. Prenota online ora!\" \/>\n<meta name=\"robots\" content=\"index, follow, max-snippet:-1, max-image-preview:large, max-video-preview:-1\" \/>\n<link rel=\"canonical\" href=\"https:\/\/www.miamedicalitalia.it\/zh\/product\/noleggio-kinetec-carrozzina\/\" \/>\n<meta property=\"og:locale\" content=\"zh_CN\" \/>\n<meta property=\"og:type\" content=\"article\" \/>\n<meta property=\"og:title\" content=\"Noleggio del Noleggio Kinetec CEMP + Carrozzina - Mia Medical\" \/>\n<meta property=\"og:description\" content=\"Noleggio combo della carrozzina e il kinetec per ginocchio, perfetto per una riabilitazione veloce a casa tua, con consegna. Prenota online ora!\" \/>\n<meta property=\"og:url\" content=\"https:\/\/www.miamedicalitalia.it\/zh\/product\/noleggio-kinetec-carrozzina\/\" \/>\n<meta property=\"og:site_name\" content=\"Mia Medical\" \/>\n<meta property=\"article:publisher\" content=\"https:\/\/www.facebook.com\/miamedicalitalia\" \/>\n<meta property=\"article:modified_time\" content=\"2026-02-12T09:25:46+00:00\" \/>\n<meta property=\"og:image\" content=\"https:\/\/www.miamedicalitalia.it\/wp-content\/uploads\/2023\/02\/combinati-2-.jpg\" \/>\n\t<meta property=\"og:image:width\" content=\"1000\" \/>\n\t<meta property=\"og:image:height\" content=\"1000\" \/>\n\t<meta property=\"og:image:type\" content=\"image\/jpeg\" \/>\n<meta name=\"twitter:card\" content=\"summary_large_image\" \/>\n<meta name=\"twitter:label1\" content=\"\u9884\u8ba1\u9605\u8bfb\u65f6\u95f4\" \/>\n\t<meta name=\"twitter:data1\" content=\"4 \u5206\" \/>\n<script type=\"application\/ld+json\" class=\"yoast-schema-graph\">{\"@context\":\"https:\\\/\\\/schema.org\",\"@graph\":[{\"@type\":\"WebPage\",\"@id\":\"https:\\\/\\\/www.miamedicalitalia.it\\\/prodotto\\\/noleggio-kinetec-carrozzina\\\/\",\"url\":\"https:\\\/\\\/www.miamedicalitalia.it\\\/prodotto\\\/noleggio-kinetec-carrozzina\\\/\",\"name\":\"Noleggio del Noleggio Kinetec CEMP + Carrozzina - Mia Medical\",\"isPartOf\":{\"@id\":\"https:\\\/\\\/www.miamedicalitalia.it\\\/#website\"},\"primaryImageOfPage\":{\"@id\":\"https:\\\/\\\/www.miamedicalitalia.it\\\/prodotto\\\/noleggio-kinetec-carrozzina\\\/#primaryimage\"},\"image\":{\"@id\":\"https:\\\/\\\/www.miamedicalitalia.it\\\/prodotto\\\/noleggio-kinetec-carrozzina\\\/#primaryimage\"},\"thumbnailUrl\":\"https:\\\/\\\/www.miamedicalitalia.it\\\/wp-content\\\/uploads\\\/2023\\\/02\\\/combinati-2-.jpg\",\"datePublished\":\"2023-02-07T13:27:34+00:00\",\"dateModified\":\"2026-02-12T09:25:46+00:00\",\"description\":\"Noleggio combo della carrozzina e il kinetec per ginocchio, perfetto per una riabilitazione veloce a casa tua, con consegna. Prenota online ora!\",\"breadcrumb\":{\"@id\":\"https:\\\/\\\/www.miamedicalitalia.it\\\/prodotto\\\/noleggio-kinetec-carrozzina\\\/#breadcrumb\"},\"inLanguage\":\"zh-Hans\",\"potentialAction\":[{\"@type\":\"ReadAction\",\"target\":[\"https:\\\/\\\/www.miamedicalitalia.it\\\/prodotto\\\/noleggio-kinetec-carrozzina\\\/\"]}]},{\"@type\":\"ImageObject\",\"inLanguage\":\"zh-Hans\",\"@id\":\"https:\\\/\\\/www.miamedicalitalia.it\\\/prodotto\\\/noleggio-kinetec-carrozzina\\\/#primaryimage\",\"url\":\"https:\\\/\\\/www.miamedicalitalia.it\\\/wp-content\\\/uploads\\\/2023\\\/02\\\/combinati-2-.jpg\",\"contentUrl\":\"https:\\\/\\\/www.miamedicalitalia.it\\\/wp-content\\\/uploads\\\/2023\\\/02\\\/combinati-2-.jpg\",\"width\":1000,\"height\":1000},{\"@type\":\"BreadcrumbList\",\"@id\":\"https:\\\/\\\/www.miamedicalitalia.it\\\/prodotto\\\/noleggio-kinetec-carrozzina\\\/#breadcrumb\",\"itemListElement\":[{\"@type\":\"ListItem\",\"position\":1,\"name\":\"Home\",\"item\":\"https:\\\/\\\/www.miamedicalitalia.it\\\/\"},{\"@type\":\"ListItem\",\"position\":2,\"name\":\"Shop\",\"item\":\"https:\\\/\\\/www.miamedicalitalia.it\\\/negozio\\\/\"},{\"@type\":\"ListItem\",\"position\":3,\"name\":\"Affitto e noleggio\",\"item\":\"https:\\\/\\\/www.miamedicalitalia.it\\\/categoria\\\/affitto-e-noleggio-ausili\\\/\"},{\"@type\":\"ListItem\",\"position\":4,\"name\":\"Noleggio Kinetec CEMP + Carrozzina\"}]},{\"@type\":\"WebSite\",\"@id\":\"https:\\\/\\\/www.miamedicalitalia.it\\\/#website\",\"url\":\"https:\\\/\\\/www.miamedicalitalia.it\\\/\",\"name\":\"www.miamedicalitalia.it\",\"description\":\"Noleggio e Vendita Attrezzatura Sanitarie\",\"publisher\":{\"@id\":\"https:\\\/\\\/www.miamedicalitalia.it\\\/#organization\"},\"potentialAction\":[{\"@type\":\"SearchAction\",\"target\":{\"@type\":\"EntryPoint\",\"urlTemplate\":\"https:\\\/\\\/www.miamedicalitalia.it\\\/?s={search_term_string}\"},\"query-input\":{\"@type\":\"PropertyValueSpecification\",\"valueRequired\":true,\"valueName\":\"search_term_string\"}}],\"inLanguage\":\"zh-Hans\"},{\"@type\":\"Organization\",\"@id\":\"https:\\\/\\\/www.miamedicalitalia.it\\\/#organization\",\"name\":\"OLG\",\"url\":\"https:\\\/\\\/www.miamedicalitalia.it\\\/\",\"logo\":{\"@type\":\"ImageObject\",\"inLanguage\":\"zh-Hans\",\"@id\":\"https:\\\/\\\/www.miamedicalitalia.it\\\/#\\\/schema\\\/logo\\\/image\\\/\",\"url\":\"https:\\\/\\\/www.miamedicalitalia.it\\\/wp-content\\\/uploads\\\/2023\\\/04\\\/mia-medical-logo-free.png\",\"contentUrl\":\"https:\\\/\\\/www.miamedicalitalia.it\\\/wp-content\\\/uploads\\\/2023\\\/04\\\/mia-medical-logo-free.png\",\"width\":700,\"height\":700,\"caption\":\"OLG\"},\"image\":{\"@id\":\"https:\\\/\\\/www.miamedicalitalia.it\\\/#\\\/schema\\\/logo\\\/image\\\/\"},\"sameAs\":[\"https:\\\/\\\/www.facebook.com\\\/miamedicalitalia\"]}]}<\/script>\n<!-- \/ Yoast SEO Premium plugin. -->","yoast_head_json":{"title":"\u79df\u8d41 Kinetec PEMP + \u8f6e\u6905 - Mia Medical","description":"Noleggio combo della carrozzina e il kinetec per ginocchio, perfetto per una riabilitazione veloce a casa tua, con consegna. Prenota online ora!","robots":{"index":"index","follow":"follow","max-snippet":"max-snippet:-1","max-image-preview":"max-image-preview:large","max-video-preview":"max-video-preview:-1"},"canonical":"https:\/\/www.miamedicalitalia.it\/zh\/product\/noleggio-kinetec-carrozzina\/","og_locale":"zh_CN","og_type":"article","og_title":"Noleggio del Noleggio Kinetec CEMP + Carrozzina - Mia Medical","og_description":"Noleggio combo della carrozzina e il kinetec per ginocchio, perfetto per una riabilitazione veloce a casa tua, con consegna. Prenota online ora!","og_url":"https:\/\/www.miamedicalitalia.it\/zh\/product\/noleggio-kinetec-carrozzina\/","og_site_name":"Mia Medical","article_publisher":"https:\/\/www.facebook.com\/miamedicalitalia","article_modified_time":"2026-02-12T09:25:46+00:00","og_image":[{"width":1000,"height":1000,"url":"https:\/\/www.miamedicalitalia.it\/wp-content\/uploads\/2023\/02\/combinati-2-.jpg","type":"image\/jpeg"}],"twitter_card":"summary_large_image","twitter_misc":{"\u9884\u8ba1\u9605\u8bfb\u65f6\u95f4":"4 \u5206"},"schema":{"@context":"https:\/\/schema.org","@graph":[{"@type":"WebPage","@id":"https:\/\/www.miamedicalitalia.it\/prodotto\/noleggio-kinetec-carrozzina\/","url":"https:\/\/www.miamedicalitalia.it\/prodotto\/noleggio-kinetec-carrozzina\/","name":"\u79df\u8d41 Kinetec PEMP + \u8f6e\u6905 - Mia Medical","isPartOf":{"@id":"https:\/\/www.miamedicalitalia.it\/#website"},"primaryImageOfPage":{"@id":"https:\/\/www.miamedicalitalia.it\/prodotto\/noleggio-kinetec-carrozzina\/#primaryimage"},"image":{"@id":"https:\/\/www.miamedicalitalia.it\/prodotto\/noleggio-kinetec-carrozzina\/#primaryimage"},"thumbnailUrl":"https:\/\/www.miamedicalitalia.it\/wp-content\/uploads\/2023\/02\/combinati-2-.jpg","datePublished":"2023-02-07T13:27:34+00:00","dateModified":"2026-02-12T09:25:46+00:00","description":"Noleggio combo della carrozzina e il kinetec per ginocchio, perfetto per una riabilitazione veloce a casa tua, con consegna. Prenota online ora!","breadcrumb":{"@id":"https:\/\/www.miamedicalitalia.it\/prodotto\/noleggio-kinetec-carrozzina\/#breadcrumb"},"inLanguage":"zh-Hans","potentialAction":[{"@type":"ReadAction","target":["https:\/\/www.miamedicalitalia.it\/prodotto\/noleggio-kinetec-carrozzina\/"]}]},{"@type":"ImageObject","inLanguage":"zh-Hans","@id":"https:\/\/www.miamedicalitalia.it\/prodotto\/noleggio-kinetec-carrozzina\/#primaryimage","url":"https:\/\/www.miamedicalitalia.it\/wp-content\/uploads\/2023\/02\/combinati-2-.jpg","contentUrl":"https:\/\/www.miamedicalitalia.it\/wp-content\/uploads\/2023\/02\/combinati-2-.jpg","width":1000,"height":1000},{"@type":"BreadcrumbList","@id":"https:\/\/www.miamedicalitalia.it\/prodotto\/noleggio-kinetec-carrozzina\/#breadcrumb","itemListElement":[{"@type":"ListItem","position":1,"name":"Home","item":"https:\/\/www.miamedicalitalia.it\/"},{"@type":"ListItem","position":2,"name":"Shop","item":"https:\/\/www.miamedicalitalia.it\/negozio\/"},{"@type":"ListItem","position":3,"name":"Affitto e noleggio","item":"https:\/\/www.miamedicalitalia.it\/categoria\/affitto-e-noleggio-ausili\/"},{"@type":"ListItem","position":4,"name":"Noleggio Kinetec CEMP + Carrozzina"}]},{"@type":"WebSite","@id":"https:\/\/www.miamedicalitalia.it\/#website","url":"https:\/\/www.miamedicalitalia.it\/","name":"www.miamedicalitalia.it","description":"\u536b\u751f\u8bbe\u5907\u7684\u79df\u8d41\u548c\u9500\u552e","publisher":{"@id":"https:\/\/www.miamedicalitalia.it\/#organization"},"potentialAction":[{"@type":"SearchAction","target":{"@type":"EntryPoint","urlTemplate":"https:\/\/www.miamedicalitalia.it\/?s={search_term_string}"},"query-input":{"@type":"PropertyValueSpecification","valueRequired":true,"valueName":"search_term_string"}}],"inLanguage":"zh-Hans"},{"@type":"Organization","@id":"https:\/\/www.miamedicalitalia.it\/#organization","name":"OLG","url":"https:\/\/www.miamedicalitalia.it\/","logo":{"@type":"ImageObject","inLanguage":"zh-Hans","@id":"https:\/\/www.miamedicalitalia.it\/#\/schema\/logo\/image\/","url":"https:\/\/www.miamedicalitalia.it\/wp-content\/uploads\/2023\/04\/mia-medical-logo-free.png","contentUrl":"https:\/\/www.miamedicalitalia.it\/wp-content\/uploads\/2023\/04\/mia-medical-logo-free.png","width":700,"height":700,"caption":"OLG"},"image":{"@id":"https:\/\/www.miamedicalitalia.it\/#\/schema\/logo\/image\/"},"sameAs":["https:\/\/www.facebook.com\/miamedicalitalia"]}]}},"wcpa_form_fields":{"wcpaData":{"product":{"product_price":180,"price_html":"<span class=\"woocommerce-Price-amount amount\" aria-hidden=\"true\"><bdi><span class=\"woocommerce-Price-currencySymbol\">&euro;<\/span>180.00<\/bdi><\/span> <span aria-hidden=\"true\">\u2013<\/span> <span class=\"woocommerce-Price-amount amount\" aria-hidden=\"true\"><bdi><span class=\"woocommerce-Price-currencySymbol\">&euro;<\/span>296.00<\/bdi><\/span><span class=\"screen-reader-text\">\u4ef7\u683c\u8303\u56f4\uff1a&euro;180.00 \u81f3 &euro;296.00<\/span>","original_product_price":180,"price_including_tax":180,"price_excluding_tax":180,"product_id":{"parent":9444,"variation":false},"is_variable":true,"stock_status":"instock","stock_quantity":null,"parent_sku":"","product_attributes":{"quanto-costa":{"is_variation":true,"values":[]}},"custom_fields":[],"is_taxable":false,"product_name":"Noleggio Kinetec CEMP + Carrozzina","hasImage":false},"fields":{"sec_565f165582eb8c":{"extra":{"key":"sec_565f165582eb8c","section_id":"sec_565f165582eb8c","name":"Predefinito","status":1,"toggle":true,"form_id":12050,"form_rules":{"exclude_from_discount":false,"fee_label":"Fee","disp_hide_options_price":false,"disp_show_section_price":false,"disp_show_field_price":true,"layout_option":"standard","pric_use_as_fee":false,"process_fee_as":"woo_fee"},"layout_option":"standard"},"fields":[[{"active":true,"col":6,"relations":false,"cl_rule":"show","enableCl":false,"price":"","enablePrice":false,"className":"input-text","type":"date","required":true,"elementId":"date_3189538061","name":"date_3189538061","label":"A partire dal giorno:","picker_type":"custom","picker_mode":"single","error":false,"description":"Inserisci la data di inizio del noleggio","gt_translate_keys":["label","description"],"price_dependency":false,"cl_dependency":false,"value":""}]]}},"config":{"price_override":"","enable_recaptcha":false,"bind_quantity":false,"quantity_bind_formula":false,"disp_summ_show_option_price":true,"disp_summ_show_product_price":true,"disp_summ_show_total_price":true,"disp_summ_show_fee":false,"disp_summ_show_discount":false,"summary_title":"","options_total_label":"Options Price","total_label":"Total","options_product_label":"Product Price","fee_label":"Fee","discount_label":"Discount","has_price":true,"has_quantity_formula":false},"mc_unit":1,"tax_rate":1,"tax_rate_real":1,"discount":{"percentage":0,"fixed":0},"design":{"conf":{"LabelPosition":"above","DescPosition":"below","UploadField":"custom_1","QuantityFieldStyle":"default"},"css":{"LeftLabelWidth":"50px"}},"formulas":[],"lookuptables":[],"clones":false,"cartKey":false}},"_links":{"self":[{"href":"https:\/\/www.miamedicalitalia.it\/zh\/wp-json\/wp\/v2\/product\/9444","targetHints":{"allow":["GET"]}}],"collection":[{"href":"https:\/\/www.miamedicalitalia.it\/zh\/wp-json\/wp\/v2\/product"}],"about":[{"href":"https:\/\/www.miamedicalitalia.it\/zh\/wp-json\/wp\/v2\/types\/product"}],"wp:featuredmedia":[{"embeddable":true,"href":"https:\/\/www.miamedicalitalia.it\/zh\/wp-json\/wp\/v2\/media\/12293"}],"wp:attachment":[{"href":"https:\/\/www.miamedicalitalia.it\/zh\/wp-json\/wp\/v2\/media?parent=9444"}],"wp:term":[{"taxonomy":"home-category","embeddable":true,"href":"https:\/\/www.miamedicalitalia.it\/zh\/wp-json\/wp\/v2\/home-category?post=9444"},{"taxonomy":"product_brand","embeddable":true,"href":"https:\/\/www.miamedicalitalia.it\/zh\/wp-json\/wp\/v2\/product_brand?post=9444"},{"taxonomy":"product_cat","embeddable":true,"href":"https:\/\/www.miamedicalitalia.it\/zh\/wp-json\/wp\/v2\/product_cat?post=9444"},{"taxonomy":"product_tag","embeddable":true,"href":"https:\/\/www.miamedicalitalia.it\/zh\/wp-json\/wp\/v2\/product_tag?post=9444"},{"taxonomy":"woo-feed-brand","embeddable":true,"href":"https:\/\/www.miamedicalitalia.it\/zh\/wp-json\/wp\/v2\/woo-feed-brand?post=9444"}],"curies":[{"name":"wp","href":"https:\/\/api.w.org\/{rel}","templated":true}]}}