{"id":9052,"date":"2022-12-21T17:15:20","date_gmt":"2022-12-21T16:15:20","guid":{"rendered":"https:\/\/www.miamedicalitalia.it\/?post_type=product&#038;p=9052"},"modified":"2026-03-03T17:05:27","modified_gmt":"2026-03-03T15:05:27","slug":"noleggio-carrozzina-pieghevole-da-transito","status":"publish","type":"product","link":"https:\/\/www.miamedicalitalia.it\/zh\/product\/noleggio-carrozzina-pieghevole-da-transito\/","title":{"rendered":"\u6298\u53e0\u8f6c\u8fd0\u8f6e\u6905\u51fa\u79df\u548c\u79df\u8d41"},"content":{"rendered":"<p>\u01de\u01de\u01de <strong>\u51fa\u79df\u6298\u53e0\u5f0f\u4ea4\u901a\u8f6e\u6905<\/strong> <strong>\u5728\u4f5b\u7f57\u4f26\u8428\u548c\u7701\uff0c\u5728\u7f57\u9a6c\u548c\u7701 <\/strong>\u5bf9\u4e8e\u6b8b\u75be\u4eba\u3001\u8001\u5e74\u4eba\u3001\u884c\u52a8\u4e0d\u4fbf\u7684\u4eba\u6216\u9700\u8981\u5eb7\u590d\u7684\u4eba\u6765\u8bf4\u662f\u4e0d\u53ef\u6216\u7f3a\u7684\u3002<\/p>\n\n\n\n<p>\u8f6e\u6905\u914d\u6709 <strong>\u8bb2\u53f0<\/strong> \u811a\u548c <strong>\u6276\u624b<\/strong>.\u4e24\u8005\u90fd\u53ef\u4ee5\u968f\u65f6\u8f7b\u677e\u62c6\u5378\u3002\u4ea4\u8d27\u65f6\uff0c\u6211\u4eec\u7684\u6280\u672f\u4eba\u5458\u4f1a\u5411\u60a8\u6f14\u793a\u5982\u4f55\u5173\u95ed\u548c\u91cd\u65b0\u6253\u5f00\u8f6e\u6905\uff0c\u4ee5\u53ca\u5982\u4f55\u5b89\u88c5\u548c\u62c6\u5378\u6276\u624b\u548c\u811a\u8e0f\u677f\u3002\u6b64\u5916\uff0c\u8f6e\u6905\u8fd8\u914d\u6709\u4e24\u4e2a <strong>\u5239\u8f66\uff0c\u4ee5\u4fbf\u9501\u5b9a\u8f66\u8f6e\u3002<\/strong><\/p>\n\n\n\n<p>\u5982\u679c\u60a8\u6709\u77f3\u818f\u6216\u9700\u8981\u4fdd\u6301 <strong>\u9ad8\u62ac\u817f<\/strong> \u8bf7\u901a\u77e5\u6211\u4eec\u3002<\/p>\n\n\n\n<p>\u6211\u4eec\u51fa\u79df\u4e0d\u540c\u5ea7\u4f4d\u548c\u5ea7\u4f4d\u5c3a\u5bf8\u7684\u8f6c\u8fd0\u8f6e\u6905\u3002\u6700\u5c0f\u4e3a 40 \u5398\u7c73\uff0c\u6700\u5927\u4e3a 50 \u5398\u7c73\u3002<\/p>\n\n\n\n<p>\u8f6e\u6905\u7684\u91cd\u91cf\u53ef\u80fd\u56e0\u60a8\u9009\u62e9\u7684\u5c3a\u5bf8\u800c\u5f02\u3002\u6700\u8f7b\u7684\u91cd\u7ea6 14 \u5343\u514b\uff0c\u6700\u5927\u7684\u53ef\u91cd\u8fbe 18 \u5343\u514b\u3002.<\/p>\n\n\n\n<p>\u6211\u4eec\u79df\u7528\u7684\u6bcf\u4e00\u79cd\u8f6e\u6905\u90fd <strong>\u5904\u5904\u6d88\u6bd2<\/strong>.\u6e05\u6d01\u536b\u751f\u662f\u6211\u4eec\u5de5\u4f5c\u7684\u57fa\u7840\uff01<\/p>\n\n\n\n<p>\u75c5\u4eba\u5750\u5728\u8f6e\u6905\u4e0a\u7684\u65f6\u95f4\u957f\u5417\uff1f\u4e3a\u4e86\u9632\u6b62\u538b\u75ae\u7684\u5f62\u6210\uff0c\u60a8\u53ef\u4ee5\u8d2d\u4e70 <a href=\"https:\/\/www.miamedicalitalia.it\/zh\/product\/cuscino-antidecubito-in-fibra-cava-siliconata\/\">\u9632\u8925\u75ae\u6795\u5934<\/a> \u81f3<strong> \u4fdd\u7559\u4ef7\u683c<\/strong> \u4e13\u4f9b\u8f6e\u6905\u4f7f\u7528\u8005\u4f7f\u7528\u3002<\/p>\n\n\n\n<p>\u51fa\u79df\u7684\u6298\u53e0\u5f0f\u4ea4\u901a\u8f6e\u6905\u662f\u4e00\u79cd\u8f6e\u6905 <strong>\u53ef\u6298\u53e0<\/strong> e <strong>\u8f7b<\/strong>\u4f46\u975e\u5e38 <strong>\u575a\u56fa<\/strong> \u53ef\u627f\u8f7d\u91cd\u8fbe 130 \u516c\u65a4\u7684\u75c5\u4eba\u3002\u6b64\u5916\uff0c\u8be5\u8f6e\u6905\u8fd8\u975e\u5e38 <strong>\u7ec3\u4e60<\/strong> \u5173\u95ed\u5e76\u5b58\u50a8\u5728 <strong>\u540e\u5907\u7bb1<\/strong> \u7684\u3002<\/p>\n\n\n\n<p>M.I.A. Medical Italia \u7684\u8f6c\u8fd0\u8f6e\u6905\u8d28\u91cf\u4e0a\u4e58\uff0c\u8f6e\u6905\u51fa\u79df\u548c\u79df\u8d41\u5b89\u5168\u3001\u5b9e\u7528\u4e14\u6709\u4fdd\u969c\uff01<\/p>\n\n\n\n<p>\u6211\u4eec\u79df\u7528\u7684\u6298\u53e0\u5f0f\u4ea4\u901a\u8f6e\u6905\u65e2\u53ef\u5728 <strong>\u62c9\u9f50\u5965<\/strong> \u5728 <strong>\u6258\u65af\u5361\u7eb3<\/strong>.<\/p>\n\n\n\n<p><strong>\u5728\u7ebf\u9884\u8ba2<\/strong> \u73b0\u5728\u5c31\u5f00\u59cb\u4e2d\u8f6c\u6298\u53e0\u8f6e\u6905\u79df\u8d41\uff01\u5982\u679c\u60a8\u613f\u610f\uff0c\u53ef\u4ee5\u901a\u8fc7\u7535\u8bdd\u6216 WhatsApp \u8054\u7cfb\u6211\u4eec\uff0c\u5730\u5740\u662f <strong>+39 3926509237<\/strong> \u6216\u53d1\u9001\u7535\u5b50\u90ae\u4ef6\uff1a <strong>amministrazione@miamedicalitalia.it<\/strong><\/p>\n\n\n\n<p>\u63a2\u7d22\u6211\u4eec\u7684\u7f51\u9875 <a href=\"http:\/\/facebook.com\/MIAMedicalitalia\/\">\u8138\u4e66&nbsp;<\/a><\/p>","protected":false},"excerpt":{"rendered":"<div style=\"font-family: Arial, sans-serif; background-color: #234091; padding: 30px; border-radius: 25px; max-width: 600px; color: #ffffff; position: relative; border-top: 6px solid #2498fe;\">\n<h3 style=\"color: #ffffff; margin-top: 0;\">\u53ef\u5b9a\u5236\u8f6e\u6905<\/h3>\n<p>\u8f6e\u6905\u914d\u6709\u53ef\u5b9a\u5236\u7684\u5ea7\u6905\u548c\u6298\u53e0\u5f0f\u6846\u67b6\uff0c\u4e3a\u60a8\u5e26\u6765\u6700\u5927\u7684\u4fbf\u5229\u3002<\/p>\n<p>\u79df\u7528 1 \u5929\uff1a15 \u6b27\u5143\uff0c\u4ec5\u9650\u73b0\u573a\u9886\u53d6\u3002.<\/p>\n<p>\u7f57\u9a6c\u548c\u4f5b\u7f57\u4f26\u8428\u7684\u9001\u8d27\u4e0a\u95e8\u548c\u53d6\u8d27\u670d\u52a1 30 \u6b27\u5143\u8d77\u3002.<\/p>\n<p>\u4ece\u4ed3\u5e93\u53d6\u8d27\u662f\u514d\u8d39\u7684\u3002<\/p>\n<p><strong>\u7acb\u5373\u5728\u7ebf\u9884\u8ba2\uff01<\/strong><\/p>\n<\/div>\n<p><!-- Linea bianca sotto --><\/p>\n<div style=\"height: 6px; background-color: #ffffff; max-width: 600px;\">\u00a0<\/div>","protected":false},"featured_media":12204,"template":"","meta":{"_acf_changed":true},"home-category":[263],"product_brand":[],"product_cat":[68],"product_tag":[243,143,31,231],"woo-feed-brand":[],"class_list":{"0":"post-9052","1":"product","2":"type-product","3":"status-publish","4":"has-post-thumbnail","6":"home-category-ausili","7":"product_cat-affitto-e-noleggio-carrozzina","8":"product_tag-carrozzina-a-roma","9":"product_tag-carrozzina-pieghevole-da-transito","10":"product_tag-disabili","11":"product_tag-sedia-a-rotelle-firenze","12":"wcpa_has_options","14":"first","15":"instock","16":"shipping-taxable","17":"purchasable","18":"product-type-variable"},"acf":[],"yoast_head":"<!-- This site is optimized with the Yoast SEO Premium plugin v27.5 (Yoast SEO v27.5) - https:\/\/yoast.com\/product\/yoast-seo-premium-wordpress\/ -->\n<title>Noleggio sedia a rotelle pieghevole da transito in Toscana e Lazio<\/title>\n<meta name=\"description\" content=\"Noleggio sedia a rotelle pieghevole da transito a Roma e Firenze. Prenota online o al +393926509237. Consegna a domicilio. Disponibilit\u00e0 immediata.\" \/>\n<meta name=\"robots\" content=\"index, follow, max-snippet:-1, max-image-preview:large, max-video-preview:-1\" \/>\n<link rel=\"canonical\" href=\"https:\/\/www.miamedicalitalia.it\/zh\/product\/noleggio-carrozzina-pieghevole-da-transito\/\" \/>\n<meta property=\"og:locale\" content=\"zh_CN\" \/>\n<meta property=\"og:type\" content=\"article\" \/>\n<meta property=\"og:title\" content=\"Noleggio sedia a rotelle pieghevole da transito in Toscana e Lazio\" \/>\n<meta property=\"og:description\" content=\"Noleggio sedia a rotelle pieghevole da transito a Roma e Firenze. Prenota online o al +393926509237. Consegna a domicilio. Disponibilit\u00e0 immediata.\" \/>\n<meta property=\"og:url\" content=\"https:\/\/www.miamedicalitalia.it\/zh\/product\/noleggio-carrozzina-pieghevole-da-transito\/\" \/>\n<meta property=\"og:site_name\" content=\"Mia Medical\" \/>\n<meta property=\"article:publisher\" content=\"https:\/\/www.facebook.com\/miamedicalitalia\" \/>\n<meta property=\"article:modified_time\" content=\"2026-03-03T15:05:27+00:00\" \/>\n<meta property=\"og:image\" content=\"https:\/\/www.miamedicalitalia.it\/wp-content\/uploads\/2022\/12\/carrozzina-di-transito-MIA-MEDICAL-150x150-1.jpg\" \/>\n\t<meta property=\"og:image:width\" content=\"1000\" \/>\n\t<meta property=\"og:image:height\" content=\"1000\" \/>\n\t<meta property=\"og:image:type\" content=\"image\/jpeg\" \/>\n<meta name=\"twitter:card\" content=\"summary_large_image\" \/>\n<meta name=\"twitter:label1\" content=\"\u9884\u8ba1\u9605\u8bfb\u65f6\u95f4\" \/>\n\t<meta name=\"twitter:data1\" content=\"1 \u5206\" \/>\n<script type=\"application\/ld+json\" class=\"yoast-schema-graph\">{\"@context\":\"https:\\\/\\\/schema.org\",\"@graph\":[{\"@type\":\"WebPage\",\"@id\":\"https:\\\/\\\/www.miamedicalitalia.it\\\/prodotto\\\/noleggio-carrozzina-pieghevole-da-transito\\\/\",\"url\":\"https:\\\/\\\/www.miamedicalitalia.it\\\/prodotto\\\/noleggio-carrozzina-pieghevole-da-transito\\\/\",\"name\":\"Noleggio sedia a rotelle pieghevole da transito in Toscana e Lazio\",\"isPartOf\":{\"@id\":\"https:\\\/\\\/www.miamedicalitalia.it\\\/#website\"},\"primaryImageOfPage\":{\"@id\":\"https:\\\/\\\/www.miamedicalitalia.it\\\/prodotto\\\/noleggio-carrozzina-pieghevole-da-transito\\\/#primaryimage\"},\"image\":{\"@id\":\"https:\\\/\\\/www.miamedicalitalia.it\\\/prodotto\\\/noleggio-carrozzina-pieghevole-da-transito\\\/#primaryimage\"},\"thumbnailUrl\":\"https:\\\/\\\/www.miamedicalitalia.it\\\/wp-content\\\/uploads\\\/2022\\\/12\\\/carrozzina-di-transito-MIA-MEDICAL-150x150-1.jpg\",\"datePublished\":\"2022-12-21T16:15:20+00:00\",\"dateModified\":\"2026-03-03T15:05:27+00:00\",\"description\":\"Noleggio sedia a rotelle pieghevole da transito a Roma e Firenze. Prenota online o al +393926509237. Consegna a domicilio. Disponibilit\u00e0 immediata.\",\"breadcrumb\":{\"@id\":\"https:\\\/\\\/www.miamedicalitalia.it\\\/prodotto\\\/noleggio-carrozzina-pieghevole-da-transito\\\/#breadcrumb\"},\"inLanguage\":\"zh-Hans\",\"potentialAction\":[{\"@type\":\"ReadAction\",\"target\":[\"https:\\\/\\\/www.miamedicalitalia.it\\\/prodotto\\\/noleggio-carrozzina-pieghevole-da-transito\\\/\"]}]},{\"@type\":\"ImageObject\",\"inLanguage\":\"zh-Hans\",\"@id\":\"https:\\\/\\\/www.miamedicalitalia.it\\\/prodotto\\\/noleggio-carrozzina-pieghevole-da-transito\\\/#primaryimage\",\"url\":\"https:\\\/\\\/www.miamedicalitalia.it\\\/wp-content\\\/uploads\\\/2022\\\/12\\\/carrozzina-di-transito-MIA-MEDICAL-150x150-1.jpg\",\"contentUrl\":\"https:\\\/\\\/www.miamedicalitalia.it\\\/wp-content\\\/uploads\\\/2022\\\/12\\\/carrozzina-di-transito-MIA-MEDICAL-150x150-1.jpg\",\"width\":1000,\"height\":1000},{\"@type\":\"BreadcrumbList\",\"@id\":\"https:\\\/\\\/www.miamedicalitalia.it\\\/prodotto\\\/noleggio-carrozzina-pieghevole-da-transito\\\/#breadcrumb\",\"itemListElement\":[{\"@type\":\"ListItem\",\"position\":1,\"name\":\"Home\",\"item\":\"https:\\\/\\\/www.miamedicalitalia.it\\\/\"},{\"@type\":\"ListItem\",\"position\":2,\"name\":\"Shop\",\"item\":\"https:\\\/\\\/www.miamedicalitalia.it\\\/negozio\\\/\"},{\"@type\":\"ListItem\",\"position\":3,\"name\":\"Affitto e noleggio\",\"item\":\"https:\\\/\\\/www.miamedicalitalia.it\\\/categoria\\\/affitto-e-noleggio-ausili\\\/\"},{\"@type\":\"ListItem\",\"position\":4,\"name\":\"Carrozzine\",\"item\":\"https:\\\/\\\/www.miamedicalitalia.it\\\/categoria\\\/affitto-e-noleggio-ausili\\\/affitto-e-noleggio-carrozzina\\\/\"},{\"@type\":\"ListItem\",\"position\":5,\"name\":\"Noleggio e Affitto carrozzina da transito pieghevole\"}]},{\"@type\":\"WebSite\",\"@id\":\"https:\\\/\\\/www.miamedicalitalia.it\\\/#website\",\"url\":\"https:\\\/\\\/www.miamedicalitalia.it\\\/\",\"name\":\"www.miamedicalitalia.it\",\"description\":\"Noleggio e Vendita Attrezzatura Sanitarie\",\"publisher\":{\"@id\":\"https:\\\/\\\/www.miamedicalitalia.it\\\/#organization\"},\"potentialAction\":[{\"@type\":\"SearchAction\",\"target\":{\"@type\":\"EntryPoint\",\"urlTemplate\":\"https:\\\/\\\/www.miamedicalitalia.it\\\/?s={search_term_string}\"},\"query-input\":{\"@type\":\"PropertyValueSpecification\",\"valueRequired\":true,\"valueName\":\"search_term_string\"}}],\"inLanguage\":\"zh-Hans\"},{\"@type\":\"Organization\",\"@id\":\"https:\\\/\\\/www.miamedicalitalia.it\\\/#organization\",\"name\":\"OLG\",\"url\":\"https:\\\/\\\/www.miamedicalitalia.it\\\/\",\"logo\":{\"@type\":\"ImageObject\",\"inLanguage\":\"zh-Hans\",\"@id\":\"https:\\\/\\\/www.miamedicalitalia.it\\\/#\\\/schema\\\/logo\\\/image\\\/\",\"url\":\"https:\\\/\\\/www.miamedicalitalia.it\\\/wp-content\\\/uploads\\\/2023\\\/04\\\/mia-medical-logo-free.png\",\"contentUrl\":\"https:\\\/\\\/www.miamedicalitalia.it\\\/wp-content\\\/uploads\\\/2023\\\/04\\\/mia-medical-logo-free.png\",\"width\":700,\"height\":700,\"caption\":\"OLG\"},\"image\":{\"@id\":\"https:\\\/\\\/www.miamedicalitalia.it\\\/#\\\/schema\\\/logo\\\/image\\\/\"},\"sameAs\":[\"https:\\\/\\\/www.facebook.com\\\/miamedicalitalia\"]}]}<\/script>\n<!-- \/ Yoast SEO Premium plugin. -->","yoast_head_json":{"title":"\u6258\u65af\u5361\u7eb3\u548c\u62c9\u9f50\u5965\u6298\u53e0\u5f0f\u4ea4\u901a\u8f6e\u6905\u51fa\u79df","description":"\u7f57\u9a6c\u548c\u4f5b\u7f57\u4f26\u8428\u6298\u53e0\u5f0f\u4ea4\u901a\u8f6e\u6905\u51fa\u79df\u3002\u5728\u7ebf\u9884\u8ba2\u6216\u81f4\u7535 +393926509237\u3002\u9001\u8d27\u4e0a\u95e8\u3002\u7acb\u5373\u53ef\u7528\u3002.","robots":{"index":"index","follow":"follow","max-snippet":"max-snippet:-1","max-image-preview":"max-image-preview:large","max-video-preview":"max-video-preview:-1"},"canonical":"https:\/\/www.miamedicalitalia.it\/zh\/product\/noleggio-carrozzina-pieghevole-da-transito\/","og_locale":"zh_CN","og_type":"article","og_title":"Noleggio sedia a rotelle pieghevole da transito in Toscana e Lazio","og_description":"Noleggio sedia a rotelle pieghevole da transito a Roma e Firenze. Prenota online o al +393926509237. Consegna a domicilio. Disponibilit\u00e0 immediata.","og_url":"https:\/\/www.miamedicalitalia.it\/zh\/product\/noleggio-carrozzina-pieghevole-da-transito\/","og_site_name":"Mia Medical","article_publisher":"https:\/\/www.facebook.com\/miamedicalitalia","article_modified_time":"2026-03-03T15:05:27+00:00","og_image":[{"width":1000,"height":1000,"url":"https:\/\/www.miamedicalitalia.it\/wp-content\/uploads\/2022\/12\/carrozzina-di-transito-MIA-MEDICAL-150x150-1.jpg","type":"image\/jpeg"}],"twitter_card":"summary_large_image","twitter_misc":{"\u9884\u8ba1\u9605\u8bfb\u65f6\u95f4":"1 \u5206"},"schema":{"@context":"https:\/\/schema.org","@graph":[{"@type":"WebPage","@id":"https:\/\/www.miamedicalitalia.it\/prodotto\/noleggio-carrozzina-pieghevole-da-transito\/","url":"https:\/\/www.miamedicalitalia.it\/prodotto\/noleggio-carrozzina-pieghevole-da-transito\/","name":"\u6258\u65af\u5361\u7eb3\u548c\u62c9\u9f50\u5965\u6298\u53e0\u5f0f\u4ea4\u901a\u8f6e\u6905\u51fa\u79df","isPartOf":{"@id":"https:\/\/www.miamedicalitalia.it\/#website"},"primaryImageOfPage":{"@id":"https:\/\/www.miamedicalitalia.it\/prodotto\/noleggio-carrozzina-pieghevole-da-transito\/#primaryimage"},"image":{"@id":"https:\/\/www.miamedicalitalia.it\/prodotto\/noleggio-carrozzina-pieghevole-da-transito\/#primaryimage"},"thumbnailUrl":"https:\/\/www.miamedicalitalia.it\/wp-content\/uploads\/2022\/12\/carrozzina-di-transito-MIA-MEDICAL-150x150-1.jpg","datePublished":"2022-12-21T16:15:20+00:00","dateModified":"2026-03-03T15:05:27+00:00","description":"\u7f57\u9a6c\u548c\u4f5b\u7f57\u4f26\u8428\u6298\u53e0\u5f0f\u4ea4\u901a\u8f6e\u6905\u51fa\u79df\u3002\u5728\u7ebf\u9884\u8ba2\u6216\u81f4\u7535 +393926509237\u3002\u9001\u8d27\u4e0a\u95e8\u3002\u7acb\u5373\u53ef\u7528\u3002.","breadcrumb":{"@id":"https:\/\/www.miamedicalitalia.it\/prodotto\/noleggio-carrozzina-pieghevole-da-transito\/#breadcrumb"},"inLanguage":"zh-Hans","potentialAction":[{"@type":"ReadAction","target":["https:\/\/www.miamedicalitalia.it\/prodotto\/noleggio-carrozzina-pieghevole-da-transito\/"]}]},{"@type":"ImageObject","inLanguage":"zh-Hans","@id":"https:\/\/www.miamedicalitalia.it\/prodotto\/noleggio-carrozzina-pieghevole-da-transito\/#primaryimage","url":"https:\/\/www.miamedicalitalia.it\/wp-content\/uploads\/2022\/12\/carrozzina-di-transito-MIA-MEDICAL-150x150-1.jpg","contentUrl":"https:\/\/www.miamedicalitalia.it\/wp-content\/uploads\/2022\/12\/carrozzina-di-transito-MIA-MEDICAL-150x150-1.jpg","width":1000,"height":1000},{"@type":"BreadcrumbList","@id":"https:\/\/www.miamedicalitalia.it\/prodotto\/noleggio-carrozzina-pieghevole-da-transito\/#breadcrumb","itemListElement":[{"@type":"ListItem","position":1,"name":"Home","item":"https:\/\/www.miamedicalitalia.it\/"},{"@type":"ListItem","position":2,"name":"Shop","item":"https:\/\/www.miamedicalitalia.it\/negozio\/"},{"@type":"ListItem","position":3,"name":"Affitto e noleggio","item":"https:\/\/www.miamedicalitalia.it\/categoria\/affitto-e-noleggio-ausili\/"},{"@type":"ListItem","position":4,"name":"Carrozzine","item":"https:\/\/www.miamedicalitalia.it\/categoria\/affitto-e-noleggio-ausili\/affitto-e-noleggio-carrozzina\/"},{"@type":"ListItem","position":5,"name":"Noleggio e Affitto carrozzina da transito pieghevole"}]},{"@type":"WebSite","@id":"https:\/\/www.miamedicalitalia.it\/#website","url":"https:\/\/www.miamedicalitalia.it\/","name":"www.miamedicalitalia.it","description":"\u536b\u751f\u8bbe\u5907\u7684\u79df\u8d41\u548c\u9500\u552e","publisher":{"@id":"https:\/\/www.miamedicalitalia.it\/#organization"},"potentialAction":[{"@type":"SearchAction","target":{"@type":"EntryPoint","urlTemplate":"https:\/\/www.miamedicalitalia.it\/?s={search_term_string}"},"query-input":{"@type":"PropertyValueSpecification","valueRequired":true,"valueName":"search_term_string"}}],"inLanguage":"zh-Hans"},{"@type":"Organization","@id":"https:\/\/www.miamedicalitalia.it\/#organization","name":"OLG","url":"https:\/\/www.miamedicalitalia.it\/","logo":{"@type":"ImageObject","inLanguage":"zh-Hans","@id":"https:\/\/www.miamedicalitalia.it\/#\/schema\/logo\/image\/","url":"https:\/\/www.miamedicalitalia.it\/wp-content\/uploads\/2023\/04\/mia-medical-logo-free.png","contentUrl":"https:\/\/www.miamedicalitalia.it\/wp-content\/uploads\/2023\/04\/mia-medical-logo-free.png","width":700,"height":700,"caption":"OLG"},"image":{"@id":"https:\/\/www.miamedicalitalia.it\/#\/schema\/logo\/image\/"},"sameAs":["https:\/\/www.facebook.com\/miamedicalitalia"]}]}},"wcpa_form_fields":{"wcpaData":{"product":{"product_price":25,"price_html":"<span class=\"woocommerce-Price-amount amount\" aria-hidden=\"true\"><bdi><span class=\"woocommerce-Price-currencySymbol\">&euro;<\/span>25.00<\/bdi><\/span> <span aria-hidden=\"true\">\u2013<\/span> <span class=\"woocommerce-Price-amount amount\" aria-hidden=\"true\"><bdi><span class=\"woocommerce-Price-currencySymbol\">&euro;<\/span>100.00<\/bdi><\/span><span class=\"screen-reader-text\">\u4ef7\u683c\u8303\u56f4\uff1a&euro;25.00 \u81f3 &euro;100.00<\/span>","original_product_price":25,"price_including_tax":25,"price_excluding_tax":25,"product_id":{"parent":9052,"variation":false},"is_variable":true,"stock_status":"instock","stock_quantity":null,"parent_sku":"","product_attributes":{"quanto-costa":{"is_variation":true,"values":[]}},"custom_fields":[],"is_taxable":false,"product_name":"Noleggio e Affitto carrozzina da transito pieghevole","hasImage":false},"fields":{"sec_565f165582eb8c":{"extra":{"key":"sec_565f165582eb8c","section_id":"sec_565f165582eb8c","name":"Predefinito","status":1,"toggle":true,"form_id":12050,"form_rules":{"exclude_from_discount":false,"fee_label":"Taxa","disp_hide_options_price":false,"disp_show_section_price":false,"disp_show_field_price":true,"layout_option":"standard","pric_use_as_fee":false,"process_fee_as":"woo_fee"},"layout_option":"standard"},"fields":[[{"active":true,"col":6,"relations":false,"cl_rule":"show","enableCl":false,"price":"","enablePrice":false,"className":"input-text","type":"date","required":true,"elementId":"date_3189538061","name":"date_3189538061","label":"A partire dal giorno:","picker_type":"custom","picker_mode":"single","error":false,"description":"Inserisci la data di inizio del noleggio","gt_translate_keys":["label","description"],"price_dependency":false,"cl_dependency":false,"value":""}]]}},"config":{"price_override":"","enable_recaptcha":false,"bind_quantity":false,"quantity_bind_formula":false,"disp_summ_show_option_price":true,"disp_summ_show_product_price":true,"disp_summ_show_total_price":true,"disp_summ_show_fee":false,"disp_summ_show_discount":false,"summary_title":"","options_total_label":"Op\u00e7\u00f5es Pre\u00e7o","total_label":"Total","options_product_label":"Pre\u00e7o do produto","fee_label":"Taxa","discount_label":"Desconto","has_price":true,"has_quantity_formula":false},"mc_unit":1,"tax_rate":1,"tax_rate_real":1,"discount":{"percentage":0,"fixed":0},"design":{"conf":{"LabelPosition":"above","DescPosition":"below","UploadField":"custom_1","QuantityFieldStyle":"default"},"css":{"LeftLabelWidth":"50px"}},"formulas":[],"lookuptables":[],"clones":false,"cartKey":false}},"_links":{"self":[{"href":"https:\/\/www.miamedicalitalia.it\/zh\/wp-json\/wp\/v2\/product\/9052","targetHints":{"allow":["GET"]}}],"collection":[{"href":"https:\/\/www.miamedicalitalia.it\/zh\/wp-json\/wp\/v2\/product"}],"about":[{"href":"https:\/\/www.miamedicalitalia.it\/zh\/wp-json\/wp\/v2\/types\/product"}],"wp:featuredmedia":[{"embeddable":true,"href":"https:\/\/www.miamedicalitalia.it\/zh\/wp-json\/wp\/v2\/media\/12204"}],"wp:attachment":[{"href":"https:\/\/www.miamedicalitalia.it\/zh\/wp-json\/wp\/v2\/media?parent=9052"}],"wp:term":[{"taxonomy":"home-category","embeddable":true,"href":"https:\/\/www.miamedicalitalia.it\/zh\/wp-json\/wp\/v2\/home-category?post=9052"},{"taxonomy":"product_brand","embeddable":true,"href":"https:\/\/www.miamedicalitalia.it\/zh\/wp-json\/wp\/v2\/product_brand?post=9052"},{"taxonomy":"product_cat","embeddable":true,"href":"https:\/\/www.miamedicalitalia.it\/zh\/wp-json\/wp\/v2\/product_cat?post=9052"},{"taxonomy":"product_tag","embeddable":true,"href":"https:\/\/www.miamedicalitalia.it\/zh\/wp-json\/wp\/v2\/product_tag?post=9052"},{"taxonomy":"woo-feed-brand","embeddable":true,"href":"https:\/\/www.miamedicalitalia.it\/zh\/wp-json\/wp\/v2\/woo-feed-brand?post=9052"}],"curies":[{"name":"wp","href":"https:\/\/api.w.org\/{rel}","templated":true}]}}