{"id":9040,"date":"2022-12-21T17:15:19","date_gmt":"2022-12-21T16:15:19","guid":{"rendered":"https:\/\/www.miamedicalitalia.it\/?post_type=product&#038;p=9040"},"modified":"2026-02-12T17:09:11","modified_gmt":"2026-02-12T15:09:11","slug":"noleggio-seggiolone-polifunzionale-basculante","status":"publish","type":"product","link":"https:\/\/www.miamedicalitalia.it\/zh\/product\/noleggio-seggiolone-polifunzionale-basculante\/","title":{"rendered":"\u79df\u7528\u591a\u529f\u80fd\u503e\u659c\u9ad8\u811a\u6905"},"content":{"rendered":"<h2 data-start=\"290\" data-end=\"363\">\u6b8b\u75be\u4eba\u591a\u529f\u80fd\u503e\u659c\u9ad8\u811a\u6905\uff1a\u8212\u9002\u5b89\u5168<\/h2>\n<p data-start=\"365\" data-end=\"734\">\u01de\u01de\u01de <strong data-start=\"368\" data-end=\"430\">\u51fa\u79df\u6b8b\u75be\u4eba\u591a\u529f\u80fd\u503e\u659c\u9ad8\u811a\u6905<\/strong> \u00e8 la soluzione ideale per garantire comfort, sicurezza e un corretto posizionamento posturale durante tutta la giornata. Questo ausilio \u00e8 pensato per persone con difficolt\u00e0 motorie o posturali che necessitano di una seduta stabile, regolabile e confortevole, sia in ambito domiciliare sia assistenziale.<\/p>\n<p data-start=\"736\" data-end=\"907\">Pratico e affidabile, il seggiolone polifunzionale in affitto consente di migliorare la qualit\u00e0 della vita del paziente e di facilitare il lavoro di chi presta assistenza.<\/p>\n<h2 data-start=\"909\" data-end=\"954\">\u503e\u659c\u7cfb\u7edf\u548c\u53ef\u503e\u659c\u9760\u80cc<\/h2>\n<p data-start=\"956\" data-end=\"1298\">\u01de\u01de\u01de <strong data-start=\"959\" data-end=\"1012\">\u591a\u529f\u80fd\u6b8b\u75be\u4eba\u503e\u659c\u9ad8\u811a\u6905<\/strong> \u00e8 dotato di schienale reclinabile e di un facile sistema basculante che permette di inclinare l\u2019intera seduta fino alla posizione sdraiata. Questa funzione aiuta a ridurre i punti di pressione, favorendo il rilassamento e il benessere del paziente anche in caso di utilizzo prolungato.<\/p>\n<p data-start=\"1300\" data-end=\"1462\">\u503e\u659c\u7cfb\u7edf\u53ef\u5b9e\u73b0\u6b63\u786e\u3001\u6301\u7eed\u7684\u5b9a\u4f4d\uff0c\u6ee1\u8db3\u53d7\u52a9\u8005\u5168\u5929\u5019\u7684\u7279\u6b8a\u9700\u6c42\u3002.<\/p>\n<h2 data-start=\"1464\" data-end=\"1510\">\u5168\u9762\u8c03\u8282\u548c\u9632\u8925\u75ae\u5750\u57ab<\/h2>\n<p data-start=\"1512\" data-end=\"1811\">Il seggiolone polifunzionale \u00e8 <strong data-start=\"1543\" data-end=\"1571\">\u5b8c\u5168\u53ef\u8c03<\/strong>, \u53ef\u62c6\u5378\uff0c\u914d\u5907 <strong data-start=\"1596\" data-end=\"1620\">\u9632\u8925\u75ae\u5750\u57ab<\/strong>, progettati per offrire il massimo comfort e prevenire problematiche posturali. Ogni elemento \u00e8 studiato per garantire stabilit\u00e0, sostegno e adattabilit\u00e0 alle diverse necessit\u00e0 del paziente.<\/p>\n<p data-start=\"1813\" data-end=\"1973\">\u7531\u4e8e\u91c7\u7528\u4e86\u575a\u56fa\u7684\u6a21\u5757\u5316\u7ed3\u6784\uff0c\u56e0\u6b64 <strong data-start=\"1861\" data-end=\"1923\">\u51fa\u79df\u6b8b\u75be\u4eba\u591a\u529f\u80fd\u503e\u659c\u9ad8\u811a\u6905<\/strong> \u662f\u4e00\u79cd\u4e13\u4e1a\u800c\u5b89\u5168\u7684\u89e3\u51b3\u65b9\u6848\u3002.<\/p>\n<h2 data-start=\"1975\" data-end=\"2037\">\u4e0d\u4ec5\u4ec5\u662f\u5ea7\u6905\uff1a\u591a\u529f\u80fd\u59ff\u52bf\u89e3\u51b3\u65b9\u6848<\/h2>\n<p data-start=\"2039\" data-end=\"2310\">Questo ausilio non \u00e8 soltanto un sistema di seduta, ma una vera e propria soluzione polifunzionale. Il seggiolone svolge anche la funzione di <strong data-start=\"2181\" data-end=\"2205\">\u8f85\u52a9\u9ad8\u811a\u6905<\/strong> \u548c <strong data-start=\"2211\" data-end=\"2241\">\u4eba\u4f53\u5de5\u5b66\u59ff\u52bf\u6905<\/strong>, adattandosi a molteplici contesti di utilizzo e necessit\u00e0 cliniche.<\/p>\n<p data-start=\"2312\" data-end=\"2378\"><strong data-start=\"2312\" data-end=\"2327\">\u8bf7\u6ce8\u610f\uff1a<\/strong> \u591a\u529f\u80fd\u9ad8\u811a\u6905 <strong data-start=\"2357\" data-end=\"2377\">non \u00e8 pieghevole<\/strong>.<\/p>\n<h2 data-start=\"2380\" data-end=\"2434\">\u5728\u7f57\u9a6c\u548c\u4f5b\u7f57\u4f26\u8428\u79df\u7528\u591a\u529f\u80fd\u9ad8\u811a\u6905<\/h2>\n<p data-start=\"2436\" data-end=\"2635\">\u6211\u4eec\u63d0\u4f9b <strong data-start=\"2445\" data-end=\"2562\">\u5728\u7f57\u9a6c\u7701\u548c\u4f5b\u7f57\u4f26\u8428\u7701\u51fa\u79df\u548c\u79df\u7528\u6b8b\u75be\u4eba\u591a\u529f\u80fd\u503e\u659c\u9ad8\u811a\u6905<\/strong>, con possibilit\u00e0 di consegna a domicilio o ritiro gratuito in magazzino.<\/p>\n<p data-start=\"2637\" data-end=\"2806\">\u7acb\u5373\u5728\u7ebf\u9884\u8ba2 <strong data-start=\"2662\" data-end=\"2724\">\u51fa\u79df\u6b8b\u75be\u4eba\u591a\u529f\u80fd\u503e\u659c\u9ad8\u811a\u6905<\/strong> \u5e76\u786e\u4fdd\u63d0\u4f9b\u4e13\u4e1a\u3001\u8212\u9002\u548c\u5373\u65f6\u7684\u63f4\u52a9\u3002.<\/p>","protected":false},"excerpt":{"rendered":"<div style=\"font-family: Arial, sans-serif; background-color: #234091; padding: 30px; border-radius: 25px; max-width: 600px; color: #ffffff; position: relative; border-top: 6px solid #2498fe;\">\n<h3 style=\"color: #ffffff; margin-top: 0;\">\u591a\u529f\u80fd\u9ad8\u811a\u6905<\/h3>\n<p>\u5728\u7f57\u9a6c\u548c\u5404\u7701\u4ee5\u53ca\u4f5b\u7f57\u4f26\u8428\u548c\u5404\u7701\u51fa\u79df\u548c\u79df\u7528\u591a\u529f\u80fd\u9ad8\u811a\u6905\u3002<\/p>\n<p>\u8fd0\u8d39 40 \u6b27\u5143\u8d77\u3002.<\/p>\n<p>\u4ece\u4ed3\u5e93\u53d6\u8d27\u662f\u514d\u8d39\u7684\u3002<\/p>\n<p>\u53e6\u8bf7\u53c2\u89c1\u7535\u52a8\u7248\uff1a <a style=\"color: #ffffff; font-weight: bold; text-decoration: underline;\" href=\"https:\/\/www.miamedicalitalia.it\/zh\/product\/noleggio-seggiolone-polifunzionale-basculante-elettrico\/\" target=\"_blank\" rel=\"noopener\"> \u7535\u52a8\u503e\u659c\u5f0f\u591a\u529f\u80fd\u9ad8\u811a\u6905 <\/a><\/p>\n<p><!-- Deposito --><\/p>\n<div style=\"margin-top: 20px; background-color: #ffffff; color: #234091; padding: 15px; border-radius: 15px;\">\n<h4 style=\"margin: 0 0 10px 0; font-size: 16px;\">\u9700\u8981\u62bc\u91d1\uff1a <span style=\"color: #c43b3b; font-weight: bold;\">300\u20ac<\/span><\/h4>\n<p style=\"margin: 0; font-size: 14px;\">\u5728\u672c\u6587\u4e2d\uff0c\"\u79df\u7528 \"\u662f\u6307 <strong>\u62bc\u91d1 300 \u6b27\u5143<\/strong>.<\/p>\n<\/div>\n<\/div>\n<p><!-- Linea bianca sotto --><\/p>\n<div style=\"height: 6px; background-color: #ffffff; max-width: 600px;\"><\/div>","protected":false},"featured_media":12212,"template":"","meta":{"_acf_changed":false},"home-category":[263],"product_brand":[],"product_cat":[68],"product_tag":[220,219],"woo-feed-brand":[],"class_list":{"0":"post-9040","1":"product","2":"type-product","3":"status-publish","4":"has-post-thumbnail","6":"home-category-ausili","7":"product_cat-affitto-e-noleggio-carrozzina","8":"product_tag-affitto-a-roma-e-firenze","9":"product_tag-noleggio-affitto-carrozzina-basculante-seggiolone-polifunzionale","10":"wcpa_has_options","12":"first","13":"instock","14":"shipping-taxable","15":"purchasable","16":"product-type-variable"},"acf":[],"yoast_head":"<!-- This site is optimized with the Yoast SEO Premium plugin v27.5 (Yoast SEO v27.5) - https:\/\/yoast.com\/product\/yoast-seo-premium-wordpress\/ -->\n<title>Noleggio seggiolone polifunzionale per disabili | Roma e Firenze<\/title>\n<meta name=\"description\" content=\"Noleggio seggiolone polifunzionale basculante per disabili a Roma e Firenze. Noleggio rapido. Prenota online con disponibilit\u00e0 immediata.\" \/>\n<meta name=\"robots\" content=\"index, follow, max-snippet:-1, max-image-preview:large, max-video-preview:-1\" \/>\n<link rel=\"canonical\" href=\"https:\/\/www.miamedicalitalia.it\/zh\/product\/noleggio-seggiolone-polifunzionale-basculante\/\" \/>\n<meta property=\"og:locale\" content=\"zh_CN\" \/>\n<meta property=\"og:type\" content=\"article\" \/>\n<meta property=\"og:title\" content=\"Noleggio seggiolone polifunzionale per disabili | Roma e Firenze\" \/>\n<meta property=\"og:description\" content=\"Noleggio seggiolone polifunzionale basculante per disabili a Roma e Firenze. Noleggio rapido. Prenota online con disponibilit\u00e0 immediata.\" \/>\n<meta property=\"og:url\" content=\"https:\/\/www.miamedicalitalia.it\/zh\/product\/noleggio-seggiolone-polifunzionale-basculante\/\" \/>\n<meta property=\"og:site_name\" content=\"Mia Medical\" \/>\n<meta property=\"article:publisher\" content=\"https:\/\/www.facebook.com\/miamedicalitalia\" \/>\n<meta property=\"article:modified_time\" content=\"2026-02-12T15:09:11+00:00\" \/>\n<meta property=\"og:image\" content=\"https:\/\/www.miamedicalitalia.it\/wp-content\/uploads\/2022\/12\/seggiolone-polifunzionale-di-transito-1-1.jpg\" \/>\n\t<meta property=\"og:image:width\" content=\"1000\" \/>\n\t<meta property=\"og:image:height\" content=\"1000\" \/>\n\t<meta property=\"og:image:type\" content=\"image\/jpeg\" \/>\n<meta name=\"twitter:card\" content=\"summary_large_image\" \/>\n<meta name=\"twitter:label1\" content=\"\u9884\u8ba1\u9605\u8bfb\u65f6\u95f4\" \/>\n\t<meta name=\"twitter:data1\" content=\"1 \u5206\" \/>\n<script type=\"application\/ld+json\" class=\"yoast-schema-graph\">{\"@context\":\"https:\\\/\\\/schema.org\",\"@graph\":[{\"@type\":\"WebPage\",\"@id\":\"https:\\\/\\\/www.miamedicalitalia.it\\\/prodotto\\\/noleggio-seggiolone-polifunzionale-basculante\\\/\",\"url\":\"https:\\\/\\\/www.miamedicalitalia.it\\\/prodotto\\\/noleggio-seggiolone-polifunzionale-basculante\\\/\",\"name\":\"Noleggio seggiolone polifunzionale per disabili | Roma e Firenze\",\"isPartOf\":{\"@id\":\"https:\\\/\\\/www.miamedicalitalia.it\\\/#website\"},\"primaryImageOfPage\":{\"@id\":\"https:\\\/\\\/www.miamedicalitalia.it\\\/prodotto\\\/noleggio-seggiolone-polifunzionale-basculante\\\/#primaryimage\"},\"image\":{\"@id\":\"https:\\\/\\\/www.miamedicalitalia.it\\\/prodotto\\\/noleggio-seggiolone-polifunzionale-basculante\\\/#primaryimage\"},\"thumbnailUrl\":\"https:\\\/\\\/www.miamedicalitalia.it\\\/wp-content\\\/uploads\\\/2022\\\/12\\\/seggiolone-polifunzionale-di-transito-1-1.jpg\",\"datePublished\":\"2022-12-21T16:15:19+00:00\",\"dateModified\":\"2026-02-12T15:09:11+00:00\",\"description\":\"Noleggio seggiolone polifunzionale basculante per disabili a Roma e Firenze. Noleggio rapido. Prenota online con disponibilit\u00e0 immediata.\",\"breadcrumb\":{\"@id\":\"https:\\\/\\\/www.miamedicalitalia.it\\\/prodotto\\\/noleggio-seggiolone-polifunzionale-basculante\\\/#breadcrumb\"},\"inLanguage\":\"zh-Hans\",\"potentialAction\":[{\"@type\":\"ReadAction\",\"target\":[\"https:\\\/\\\/www.miamedicalitalia.it\\\/prodotto\\\/noleggio-seggiolone-polifunzionale-basculante\\\/\"]}]},{\"@type\":\"ImageObject\",\"inLanguage\":\"zh-Hans\",\"@id\":\"https:\\\/\\\/www.miamedicalitalia.it\\\/prodotto\\\/noleggio-seggiolone-polifunzionale-basculante\\\/#primaryimage\",\"url\":\"https:\\\/\\\/www.miamedicalitalia.it\\\/wp-content\\\/uploads\\\/2022\\\/12\\\/seggiolone-polifunzionale-di-transito-1-1.jpg\",\"contentUrl\":\"https:\\\/\\\/www.miamedicalitalia.it\\\/wp-content\\\/uploads\\\/2022\\\/12\\\/seggiolone-polifunzionale-di-transito-1-1.jpg\",\"width\":1000,\"height\":1000},{\"@type\":\"BreadcrumbList\",\"@id\":\"https:\\\/\\\/www.miamedicalitalia.it\\\/prodotto\\\/noleggio-seggiolone-polifunzionale-basculante\\\/#breadcrumb\",\"itemListElement\":[{\"@type\":\"ListItem\",\"position\":1,\"name\":\"Home\",\"item\":\"https:\\\/\\\/www.miamedicalitalia.it\\\/\"},{\"@type\":\"ListItem\",\"position\":2,\"name\":\"Shop\",\"item\":\"https:\\\/\\\/www.miamedicalitalia.it\\\/negozio\\\/\"},{\"@type\":\"ListItem\",\"position\":3,\"name\":\"Affitto e noleggio\",\"item\":\"https:\\\/\\\/www.miamedicalitalia.it\\\/categoria\\\/affitto-e-noleggio-ausili\\\/\"},{\"@type\":\"ListItem\",\"position\":4,\"name\":\"Carrozzine\",\"item\":\"https:\\\/\\\/www.miamedicalitalia.it\\\/categoria\\\/affitto-e-noleggio-ausili\\\/affitto-e-noleggio-carrozzina\\\/\"},{\"@type\":\"ListItem\",\"position\":5,\"name\":\"Noleggio seggiolone polifunzionale basculante\"}]},{\"@type\":\"WebSite\",\"@id\":\"https:\\\/\\\/www.miamedicalitalia.it\\\/#website\",\"url\":\"https:\\\/\\\/www.miamedicalitalia.it\\\/\",\"name\":\"www.miamedicalitalia.it\",\"description\":\"Noleggio e Vendita Attrezzatura Sanitarie\",\"publisher\":{\"@id\":\"https:\\\/\\\/www.miamedicalitalia.it\\\/#organization\"},\"potentialAction\":[{\"@type\":\"SearchAction\",\"target\":{\"@type\":\"EntryPoint\",\"urlTemplate\":\"https:\\\/\\\/www.miamedicalitalia.it\\\/?s={search_term_string}\"},\"query-input\":{\"@type\":\"PropertyValueSpecification\",\"valueRequired\":true,\"valueName\":\"search_term_string\"}}],\"inLanguage\":\"zh-Hans\"},{\"@type\":\"Organization\",\"@id\":\"https:\\\/\\\/www.miamedicalitalia.it\\\/#organization\",\"name\":\"OLG\",\"url\":\"https:\\\/\\\/www.miamedicalitalia.it\\\/\",\"logo\":{\"@type\":\"ImageObject\",\"inLanguage\":\"zh-Hans\",\"@id\":\"https:\\\/\\\/www.miamedicalitalia.it\\\/#\\\/schema\\\/logo\\\/image\\\/\",\"url\":\"https:\\\/\\\/www.miamedicalitalia.it\\\/wp-content\\\/uploads\\\/2023\\\/04\\\/mia-medical-logo-free.png\",\"contentUrl\":\"https:\\\/\\\/www.miamedicalitalia.it\\\/wp-content\\\/uploads\\\/2023\\\/04\\\/mia-medical-logo-free.png\",\"width\":700,\"height\":700,\"caption\":\"OLG\"},\"image\":{\"@id\":\"https:\\\/\\\/www.miamedicalitalia.it\\\/#\\\/schema\\\/logo\\\/image\\\/\"},\"sameAs\":[\"https:\\\/\\\/www.facebook.com\\\/miamedicalitalia\"]}]}<\/script>\n<!-- \/ Yoast SEO Premium plugin. -->","yoast_head_json":{"title":"Noleggio seggiolone polifunzionale per disabili | Roma e Firenze","description":"Noleggio seggiolone polifunzionale basculante per disabili a Roma e Firenze. Noleggio rapido. Prenota online con disponibilit\u00e0 immediata.","robots":{"index":"index","follow":"follow","max-snippet":"max-snippet:-1","max-image-preview":"max-image-preview:large","max-video-preview":"max-video-preview:-1"},"canonical":"https:\/\/www.miamedicalitalia.it\/zh\/product\/noleggio-seggiolone-polifunzionale-basculante\/","og_locale":"zh_CN","og_type":"article","og_title":"Noleggio seggiolone polifunzionale per disabili | Roma e Firenze","og_description":"Noleggio seggiolone polifunzionale basculante per disabili a Roma e Firenze. Noleggio rapido. Prenota online con disponibilit\u00e0 immediata.","og_url":"https:\/\/www.miamedicalitalia.it\/zh\/product\/noleggio-seggiolone-polifunzionale-basculante\/","og_site_name":"Mia Medical","article_publisher":"https:\/\/www.facebook.com\/miamedicalitalia","article_modified_time":"2026-02-12T15:09:11+00:00","og_image":[{"width":1000,"height":1000,"url":"https:\/\/www.miamedicalitalia.it\/wp-content\/uploads\/2022\/12\/seggiolone-polifunzionale-di-transito-1-1.jpg","type":"image\/jpeg"}],"twitter_card":"summary_large_image","twitter_misc":{"\u9884\u8ba1\u9605\u8bfb\u65f6\u95f4":"1 \u5206"},"schema":{"@context":"https:\/\/schema.org","@graph":[{"@type":"WebPage","@id":"https:\/\/www.miamedicalitalia.it\/prodotto\/noleggio-seggiolone-polifunzionale-basculante\/","url":"https:\/\/www.miamedicalitalia.it\/prodotto\/noleggio-seggiolone-polifunzionale-basculante\/","name":"Noleggio seggiolone polifunzionale per disabili | Roma e Firenze","isPartOf":{"@id":"https:\/\/www.miamedicalitalia.it\/#website"},"primaryImageOfPage":{"@id":"https:\/\/www.miamedicalitalia.it\/prodotto\/noleggio-seggiolone-polifunzionale-basculante\/#primaryimage"},"image":{"@id":"https:\/\/www.miamedicalitalia.it\/prodotto\/noleggio-seggiolone-polifunzionale-basculante\/#primaryimage"},"thumbnailUrl":"https:\/\/www.miamedicalitalia.it\/wp-content\/uploads\/2022\/12\/seggiolone-polifunzionale-di-transito-1-1.jpg","datePublished":"2022-12-21T16:15:19+00:00","dateModified":"2026-02-12T15:09:11+00:00","description":"Noleggio seggiolone polifunzionale basculante per disabili a Roma e Firenze. Noleggio rapido. Prenota online con disponibilit\u00e0 immediata.","breadcrumb":{"@id":"https:\/\/www.miamedicalitalia.it\/prodotto\/noleggio-seggiolone-polifunzionale-basculante\/#breadcrumb"},"inLanguage":"zh-Hans","potentialAction":[{"@type":"ReadAction","target":["https:\/\/www.miamedicalitalia.it\/prodotto\/noleggio-seggiolone-polifunzionale-basculante\/"]}]},{"@type":"ImageObject","inLanguage":"zh-Hans","@id":"https:\/\/www.miamedicalitalia.it\/prodotto\/noleggio-seggiolone-polifunzionale-basculante\/#primaryimage","url":"https:\/\/www.miamedicalitalia.it\/wp-content\/uploads\/2022\/12\/seggiolone-polifunzionale-di-transito-1-1.jpg","contentUrl":"https:\/\/www.miamedicalitalia.it\/wp-content\/uploads\/2022\/12\/seggiolone-polifunzionale-di-transito-1-1.jpg","width":1000,"height":1000},{"@type":"BreadcrumbList","@id":"https:\/\/www.miamedicalitalia.it\/prodotto\/noleggio-seggiolone-polifunzionale-basculante\/#breadcrumb","itemListElement":[{"@type":"ListItem","position":1,"name":"Home","item":"https:\/\/www.miamedicalitalia.it\/"},{"@type":"ListItem","position":2,"name":"Shop","item":"https:\/\/www.miamedicalitalia.it\/negozio\/"},{"@type":"ListItem","position":3,"name":"Affitto e noleggio","item":"https:\/\/www.miamedicalitalia.it\/categoria\/affitto-e-noleggio-ausili\/"},{"@type":"ListItem","position":4,"name":"Carrozzine","item":"https:\/\/www.miamedicalitalia.it\/categoria\/affitto-e-noleggio-ausili\/affitto-e-noleggio-carrozzina\/"},{"@type":"ListItem","position":5,"name":"Noleggio seggiolone polifunzionale basculante"}]},{"@type":"WebSite","@id":"https:\/\/www.miamedicalitalia.it\/#website","url":"https:\/\/www.miamedicalitalia.it\/","name":"www.miamedicalitalia.it","description":"\u536b\u751f\u8bbe\u5907\u7684\u79df\u8d41\u548c\u9500\u552e","publisher":{"@id":"https:\/\/www.miamedicalitalia.it\/#organization"},"potentialAction":[{"@type":"SearchAction","target":{"@type":"EntryPoint","urlTemplate":"https:\/\/www.miamedicalitalia.it\/?s={search_term_string}"},"query-input":{"@type":"PropertyValueSpecification","valueRequired":true,"valueName":"search_term_string"}}],"inLanguage":"zh-Hans"},{"@type":"Organization","@id":"https:\/\/www.miamedicalitalia.it\/#organization","name":"OLG","url":"https:\/\/www.miamedicalitalia.it\/","logo":{"@type":"ImageObject","inLanguage":"zh-Hans","@id":"https:\/\/www.miamedicalitalia.it\/#\/schema\/logo\/image\/","url":"https:\/\/www.miamedicalitalia.it\/wp-content\/uploads\/2023\/04\/mia-medical-logo-free.png","contentUrl":"https:\/\/www.miamedicalitalia.it\/wp-content\/uploads\/2023\/04\/mia-medical-logo-free.png","width":700,"height":700,"caption":"OLG"},"image":{"@id":"https:\/\/www.miamedicalitalia.it\/#\/schema\/logo\/image\/"},"sameAs":["https:\/\/www.facebook.com\/miamedicalitalia"]}]}},"wcpa_form_fields":{"wcpaData":{"product":{"product_price":70,"price_html":"<span class=\"woocommerce-Price-amount amount\" aria-hidden=\"true\"><bdi><span class=\"woocommerce-Price-currencySymbol\">&euro;<\/span>70.00<\/bdi><\/span> <span aria-hidden=\"true\">\u2013<\/span> <span class=\"woocommerce-Price-amount amount\" aria-hidden=\"true\"><bdi><span class=\"woocommerce-Price-currencySymbol\">&euro;<\/span>250.00<\/bdi><\/span><span class=\"screen-reader-text\">\u4ef7\u683c\u8303\u56f4\uff1a&euro;70.00 \u81f3 &euro;250.00<\/span>","original_product_price":70,"price_including_tax":70,"price_excluding_tax":70,"product_id":{"parent":9040,"variation":false},"is_variable":true,"stock_status":"instock","stock_quantity":null,"parent_sku":"","product_attributes":{"quanto-costa":{"is_variation":true,"values":[]}},"custom_fields":[],"is_taxable":false,"product_name":"Noleggio seggiolone polifunzionale basculante","hasImage":false},"fields":{"sec_565f165582eb8c":{"extra":{"key":"sec_565f165582eb8c","section_id":"sec_565f165582eb8c","name":"Predefinito","status":1,"toggle":true,"form_id":12050,"form_rules":{"exclude_from_discount":false,"fee_label":"Tassa","disp_hide_options_price":false,"disp_show_section_price":false,"disp_show_field_price":true,"layout_option":"standard","pric_use_as_fee":false,"process_fee_as":"woo_fee"},"layout_option":"standard"},"fields":[[{"active":true,"col":6,"relations":false,"cl_rule":"show","enableCl":false,"price":"","enablePrice":false,"className":"input-text","type":"date","required":true,"elementId":"date_3189538061","name":"date_3189538061","label":"A partire dal giorno:","picker_type":"custom","picker_mode":"single","error":false,"description":"Inserisci la data di inizio del noleggio","gt_translate_keys":["label","description"],"price_dependency":false,"cl_dependency":false,"value":""}]]}},"config":{"price_override":"","enable_recaptcha":false,"bind_quantity":false,"quantity_bind_formula":false,"disp_summ_show_option_price":true,"disp_summ_show_product_price":true,"disp_summ_show_total_price":true,"disp_summ_show_fee":false,"disp_summ_show_discount":false,"summary_title":"","options_total_label":"Prezzo delle opzioni","total_label":"Totale","options_product_label":"Prezzo del prodotto","fee_label":"Tassa","discount_label":"Sconto","has_price":true,"has_quantity_formula":false},"mc_unit":1,"tax_rate":1,"tax_rate_real":1,"discount":{"percentage":0,"fixed":0},"design":{"conf":{"LabelPosition":"above","DescPosition":"below","UploadField":"custom_1","QuantityFieldStyle":"default"},"css":{"LeftLabelWidth":"50px"}},"formulas":[],"lookuptables":[],"clones":false,"cartKey":false}},"_links":{"self":[{"href":"https:\/\/www.miamedicalitalia.it\/zh\/wp-json\/wp\/v2\/product\/9040","targetHints":{"allow":["GET"]}}],"collection":[{"href":"https:\/\/www.miamedicalitalia.it\/zh\/wp-json\/wp\/v2\/product"}],"about":[{"href":"https:\/\/www.miamedicalitalia.it\/zh\/wp-json\/wp\/v2\/types\/product"}],"wp:featuredmedia":[{"embeddable":true,"href":"https:\/\/www.miamedicalitalia.it\/zh\/wp-json\/wp\/v2\/media\/12212"}],"wp:attachment":[{"href":"https:\/\/www.miamedicalitalia.it\/zh\/wp-json\/wp\/v2\/media?parent=9040"}],"wp:term":[{"taxonomy":"home-category","embeddable":true,"href":"https:\/\/www.miamedicalitalia.it\/zh\/wp-json\/wp\/v2\/home-category?post=9040"},{"taxonomy":"product_brand","embeddable":true,"href":"https:\/\/www.miamedicalitalia.it\/zh\/wp-json\/wp\/v2\/product_brand?post=9040"},{"taxonomy":"product_cat","embeddable":true,"href":"https:\/\/www.miamedicalitalia.it\/zh\/wp-json\/wp\/v2\/product_cat?post=9040"},{"taxonomy":"product_tag","embeddable":true,"href":"https:\/\/www.miamedicalitalia.it\/zh\/wp-json\/wp\/v2\/product_tag?post=9040"},{"taxonomy":"woo-feed-brand","embeddable":true,"href":"https:\/\/www.miamedicalitalia.it\/zh\/wp-json\/wp\/v2\/woo-feed-brand?post=9040"}],"curies":[{"name":"wp","href":"https:\/\/api.w.org\/{rel}","templated":true}]}}