{"id":8947,"date":"2022-12-21T17:14:57","date_gmt":"2022-12-21T16:14:57","guid":{"rendered":"https:\/\/www.miamedicalitalia.it\/?post_type=product&#038;p=8947"},"modified":"2026-02-12T10:59:29","modified_gmt":"2026-02-12T08:59:29","slug":"affitto-carrozzina-per-disabili-di-piccole-dimensioni-autospinta-slim","status":"publish","type":"product","link":"https:\/\/www.miamedicalitalia.it\/zh\/product\/affitto-carrozzina-per-disabili-di-piccole-dimensioni-autospinta-slim\/","title":{"rendered":"\u79df\u7528\u5c0f\u578b\u81ea\u884c\u5f0f\u8f6e\u6905 - SLIM"},"content":{"rendered":"<p>L'<strong>\u4e3a\u6b8b\u75be\u4eba\u79df\u7528\u5c0f\u578b\u81ea\u52a8\u8f6e\u6905<\/strong> \u00e8 la soluzione ideale per chi ha necessit\u00e0 di muoversi in ambienti con <strong>\u51cf\u5c11\u7684\u7a7a\u95f4<\/strong>, \u5982\u72ed\u7a84\u7684\u536b\u751f\u95f4\u3001\u8d70\u5eca\u6216\u5c0f\u578b\u7535\u68af\u3002\u8f6e\u6905 <strong>\u8d85\u8584\u578b<\/strong> nasce proprio per rispondere a queste esigenze, garantendo comfort, sicurezza e praticit\u00e0.<\/p>\n\n\n\n<p>\u7531\u4e8e\u5c3a\u5bf8\u5c0f\u5de7\uff0cSLIM \u8f6e\u6905\u662f\u4ee5\u4e0b\u60c5\u51b5\u7684\u6700\u4f73\u9009\u62e9 <strong>anziani, disabili e persone con difficolt\u00e0 motorie temporanee o permanenti<\/strong>, \u9700\u8981\u673a\u52a8\u4f46\u8010\u7528\u7684\u8f6e\u6905\u3002.<\/p>\n\n\n\n<h3 class=\"wp-block-heading\">\u8d85\u8584\u8f6e\u6905\uff1a\u72ed\u7a84\u901a\u9053\u548c\u72ed\u5c0f\u623f\u95f4\u7684\u7406\u60f3\u9009\u62e9<\/h3>\n\n\n\n<p>La carrozzina SLIM \u00e8 progettata appositamente per facilitare il passaggio in <strong>\u72ed\u7a84\u7a7a\u95f4<\/strong>\u4f8b\u5982<\/p>\n\n\n\n<ul class=\"wp-block-list\">\n<li>\u79c1\u4eba\u4f4f\u5b85\u7684\u6d74\u5ba4<\/li>\n\n\n\n<li>\u7a84\u5eca<\/li>\n\n\n\n<li>\u516c\u5bd3\u697c\u6216\u533b\u7597\u673a\u6784\u7684\u7535\u68af<\/li>\n<\/ul>\n\n\n\n<p>Questo modello rientra tra le carrozzine pi\u00f9 richieste per l\u2019<strong>\u4e3a\u6b8b\u75be\u4eba\u79df\u7528\u5c0f\u578b\u81ea\u52a8\u8f6e\u6905<\/strong>, \u5176\u7ed3\u6784\u7d27\u51d1\u3001\u529f\u80fd\u5f3a\u5927\u3002.<\/p>\n\n\n\n<h3 class=\"wp-block-heading\">A chi \u00e8 consigliata la carrozzina per disabili di piccole dimensioni<\/h3>\n\n\n\n<p>Questa sedia a rotelle \u00e8 indicata per:<\/p>\n\n\n\n<ul class=\"wp-block-list\">\n<li>persone anziane con difficolt\u00e0 di deambulazione<\/li>\n\n\n\n<li>\u672f\u540e\u6062\u590d\u671f\u7684\u75c5\u4eba<\/li>\n\n\n\n<li>persone con disabilit\u00e0 motorie<\/li>\n\n\n\n<li>\u4e34\u65f6\u53d7\u4f24\u7684\u7528\u6237<\/li>\n<\/ul>\n\n\n\n<p>\u00c8 disponibile <strong>\u81ea\u8d70\u5f0f\u548c <a href=\"https:\/\/www.miamedicalitalia.it\/zh\/product\/noleggio-sedia-a-rotelle-stretta-carrozzina-slim-di-transito\/\">\u4e2d\u8f6c<\/a><\/strong>, cos\u00ec da adattarsi alle diverse esigenze del paziente e dell\u2019accompagnatore.<\/p>\n\n\n\n<h3 class=\"wp-block-heading\">SLIM \u81ea\u884c\u5f0f\u8f6e\u6905\u7684\u6280\u672f\u7279\u70b9<\/h3>\n\n\n\n<p>\u51fa\u79df\u7684 SLIM \u8f6e\u6905\u5177\u6709\u8bb8\u591a\u5b9e\u7528\u548c\u5b89\u5168\u7684\u529f\u80fd\uff1a<\/p>\n\n\n\n<ul class=\"wp-block-list\">\n<li>\u7ed3\u6784 <strong>\u53ef\u6298\u53e0<\/strong>, \u4fbf\u4e8e\u8fd0\u8f93<\/li>\n\n\n\n<li><strong>\u53ef\u79fb\u52a8\u6276\u624b<\/strong>, \u51e0\u79d2\u949f\u5373\u53ef\u62c6\u5378<\/li>\n\n\n\n<li><strong>\u53ef\u79fb\u52a8\u811a\u8e0f\u677f<\/strong><\/li>\n\n\n\n<li><strong>\u9a7b\u8f66\u5236\u52a8\u5668<\/strong> \u53cc\u8f6e<\/li>\n\n\n\n<li>\u8f7b\u5de7\u800c\u575a\u56fa\u7684\u6846\u67b6<\/li>\n<\/ul>\n\n\n\n<p>\u4ea4\u8d27\u65f6\uff0c\u6211\u4eec\u7684 <strong>\u4e13\u4e1a\u6280\u5e08<\/strong> mostrer\u00e0 come:<\/p>\n\n\n\n<ul class=\"wp-block-list\">\n<li>\u6b63\u786e\u5173\u95ed\u548c\u91cd\u65b0\u6253\u5f00\u8f6e\u6905<\/li>\n\n\n\n<li>\u7ec4\u88c5\u548c\u62c6\u5378\u6276\u624b\u548c\u811a\u8e0f\u677f<\/li>\n\n\n\n<li>\u5b89\u5168\u4f7f\u7528\u5239\u8f66<\/li>\n<\/ul>\n\n\n\n<h3 class=\"wp-block-heading\">\u5c0f\u578b\u8f6e\u6905\u5c3a\u5bf8<\/h3>\n\n\n\n<p>SLIM \u8f6e\u6905\u7684\u5ea7\u6905\u5c3a\u5bf8\u4e3a<\/p>\n\n\n\n<ul class=\"wp-block-list\">\n<li><strong>40\u5398\u7c73<\/strong><\/li>\n\n\n\n<li><strong>43\u5398\u7c73<\/strong><\/li>\n<\/ul>\n\n\n\n<p>\u8fd9\u4f7f\u5f97\u8f6e\u6905 <strong>\u6781\u7a84<\/strong>, \u975e\u5e38\u9002\u5408\u6709\u7a7a\u95f4\u95ee\u9898\u7684\u7528\u6237\uff0c\u4f46 <strong>\u4e0d\u9002\u5408\u4f53\u91cd\u8d85\u8fc7 80 \u516c\u65a4\u7684\u4eba<\/strong>.<\/p>\n\n\n\n<h3 class=\"wp-block-heading\">\u536b\u751f\u4e0e\u5b89\u5168<\/h3>\n\n\n\n<p>\u6bcf\u8f86\u51fa\u79df\u7684\u5c0f\u578b\u6b8b\u75be\u4eba\u8f6e\u6905\u90fd\u6709\uff1a<\/p>\n\n\n\n<ul class=\"wp-block-list\">\n<li>\u597d\u597d <strong>\u6574\u9f50<\/strong><\/li>\n\n\n\n<li>\u5145\u5206\u5730 <strong>\u5904\u5904\u6d88\u6bd2<\/strong><\/li>\n<\/ul>\n\n\n\n<p>\u5bf9\u6211\u4eec\u6765\u8bf4\uff0c\u536b\u751f\u548c\u5b89\u5168\u662f <strong>\u7279\u6025<\/strong>, \u5c24\u5176\u662f\u5728\u533b\u7597\u8bbe\u5907\u65b9\u9762\u3002.<\/p>\n\n\n\n<h3 class=\"wp-block-heading\">\u7acb\u5373\u9884\u8ba2 SLIM \u8f6e\u6905\u79df\u8d41<\/h3>\n\n\n\n<p>\u5728\u7ebf\u9884\u8ba2 <strong>\u7acb\u5373<\/strong> l\u2019<strong>\u79df\u7528\u5c0f\u578b\u81ea\u884c\u5f0f\u8f6e\u6905 SLIM<\/strong>.<br>\u60a8\u4e5f\u53ef\u4ee5\u8054\u7cfb\u6211\u4eec\uff1a<\/p>\n\n\n\n<ul class=\"wp-block-list\">\n<li>\ud83d\udcde <strong>\u7535\u8bdd\/WhatsApp\uff1a<\/strong> +39 392 650 9237<\/li>\n\n\n\n<li>\u2709 <strong>\u7535\u5b50\u90ae\u4ef6\uff1a<\/strong> <a>amministrazione@miamedicalitalia.it<\/a><\/li>\n<\/ul>\n\n\n\n<p>Il nostro staff \u00e8 a disposizione per aiutarti a scegliere la soluzione pi\u00f9 adatta alle tue esigenze.Il noleggio della carrozzina per disabili di piccole dimensioni ad autospinta \u00e8 essenziale per chi ha problematiche di spazio.<\/p>\n\n\n\n<p>\u63a2\u7d22\u6211\u4eec\u7684\u7f51\u9875 <a href=\"http:\/\/facebook.com\/MIAMedicalitalia\/\">\u8138\u4e66&nbsp;<\/a><\/p>","protected":false},"excerpt":{"rendered":"<div style=\"font-family: Arial, sans-serif; background-color: #234091; padding: 30px; border-radius: 25px; max-width: 600px; color: #ffffff; position: relative; border-top: 6px solid #2498fe;\">\n<h3 style=\"color: #ffffff; margin-top: 0;\">\u5c0f\u578b\u8f6e\u6905\u79df\u8d41<\/h3>\n<p>\u9002\u5408\u7a7a\u95f4\u6709\u9650\u7684\u4eba\u4f7f\u7528\u3002<\/p>\n<p><strong>\u8f6e\u6905\u7684\u9886\u53d6\u548c\u9001\u56de\u4ed3\u5e93\u90fd\u662f\u514d\u8d39\u7684\uff01<\/strong><\/p>\n<p>\u79df\u7528 1 \u5929\uff1a15 \u6b27\u5143\uff0c\u4ec5\u9650\u73b0\u573a\u9886\u53d6\u3002.<\/p>\n<p>\u7f57\u9a6c\u548c\u4f5b\u7f57\u4f26\u8428\u7684\u9001\u8d27\u4e0a\u95e8\u548c\u53d6\u8d27\u670d\u52a1 30 \u6b27\u5143\u8d77\u3002.<\/p>\n<p><strong>\u5728\u7ebf\u9884\u8ba2\u6216\u901a\u8fc7 WhatsApp \u8054\u7cfb\u6211\u4eec\uff01<\/strong><\/p>\n<\/div>","protected":false},"featured_media":12228,"template":"","meta":{"_acf_changed":false},"home-category":[],"product_brand":[],"product_cat":[68],"product_tag":[240,239,241,38],"woo-feed-brand":[],"class_list":{"0":"post-8947","1":"product","2":"type-product","3":"status-publish","4":"has-post-thumbnail","6":"product_cat-affitto-e-noleggio-carrozzina","7":"product_tag-carrozzina-firenze","8":"product_tag-carrozzina-roma","9":"product_tag-carrozzina-slim","10":"product_tag-pieghevole","11":"wcpa_has_options","13":"first","14":"instock","15":"shipping-taxable","16":"purchasable","17":"product-type-variable"},"acf":[],"yoast_head":"<!-- This site is optimized with the Yoast SEO Premium plugin v27.5 (Yoast SEO v27.5) - https:\/\/yoast.com\/product\/yoast-seo-premium-wordpress\/ -->\n<title>Affitto carrozzina per disabili di piccole dimensioni-autospinta-SLIM<\/title>\n<meta name=\"description\" content=\"Affitto carrozzina per disabili di piccole dimensioni autospinta - SLIM. Disponibilit\u00e0 immediata. Consegna a domicilio! Chiamaci al +393926509237\" \/>\n<meta name=\"robots\" content=\"index, follow, max-snippet:-1, max-image-preview:large, max-video-preview:-1\" \/>\n<link rel=\"canonical\" href=\"https:\/\/www.miamedicalitalia.it\/zh\/product\/affitto-carrozzina-per-disabili-di-piccole-dimensioni-autospinta-slim\/\" \/>\n<meta property=\"og:locale\" content=\"zh_CN\" \/>\n<meta property=\"og:type\" content=\"article\" \/>\n<meta property=\"og:title\" content=\"Affitto carrozzina per disabili di piccole dimensioni-autospinta-SLIM\" \/>\n<meta property=\"og:description\" content=\"Affitto carrozzina per disabili di piccole dimensioni autospinta - SLIM. Disponibilit\u00e0 immediata. Consegna a domicilio! Chiamaci al +393926509237\" \/>\n<meta property=\"og:url\" content=\"https:\/\/www.miamedicalitalia.it\/zh\/product\/affitto-carrozzina-per-disabili-di-piccole-dimensioni-autospinta-slim\/\" \/>\n<meta property=\"og:site_name\" content=\"Mia Medical\" \/>\n<meta property=\"article:publisher\" content=\"https:\/\/www.facebook.com\/miamedicalitalia\" \/>\n<meta property=\"article:modified_time\" content=\"2026-02-12T08:59:29+00:00\" \/>\n<meta property=\"og:image\" content=\"https:\/\/www.miamedicalitalia.it\/wp-content\/uploads\/2022\/12\/carrozzina-slim-MIA-MEDICAL-ITALIA-150x150-1.jpg\" \/>\n\t<meta property=\"og:image:width\" content=\"1000\" \/>\n\t<meta property=\"og:image:height\" content=\"1000\" \/>\n\t<meta property=\"og:image:type\" content=\"image\/jpeg\" \/>\n<meta name=\"twitter:card\" content=\"summary_large_image\" \/>\n<meta name=\"twitter:label1\" content=\"\u9884\u8ba1\u9605\u8bfb\u65f6\u95f4\" \/>\n\t<meta name=\"twitter:data1\" content=\"1 \u5206\" \/>\n<script type=\"application\/ld+json\" class=\"yoast-schema-graph\">{\"@context\":\"https:\\\/\\\/schema.org\",\"@graph\":[{\"@type\":\"WebPage\",\"@id\":\"https:\\\/\\\/www.miamedicalitalia.it\\\/prodotto\\\/affitto-carrozzina-per-disabili-di-piccole-dimensioni-autospinta-slim\\\/\",\"url\":\"https:\\\/\\\/www.miamedicalitalia.it\\\/prodotto\\\/affitto-carrozzina-per-disabili-di-piccole-dimensioni-autospinta-slim\\\/\",\"name\":\"Affitto carrozzina per disabili di piccole dimensioni-autospinta-SLIM\",\"isPartOf\":{\"@id\":\"https:\\\/\\\/www.miamedicalitalia.it\\\/#website\"},\"primaryImageOfPage\":{\"@id\":\"https:\\\/\\\/www.miamedicalitalia.it\\\/prodotto\\\/affitto-carrozzina-per-disabili-di-piccole-dimensioni-autospinta-slim\\\/#primaryimage\"},\"image\":{\"@id\":\"https:\\\/\\\/www.miamedicalitalia.it\\\/prodotto\\\/affitto-carrozzina-per-disabili-di-piccole-dimensioni-autospinta-slim\\\/#primaryimage\"},\"thumbnailUrl\":\"https:\\\/\\\/www.miamedicalitalia.it\\\/wp-content\\\/uploads\\\/2022\\\/12\\\/carrozzina-slim-MIA-MEDICAL-ITALIA-150x150-1.jpg\",\"datePublished\":\"2022-12-21T16:14:57+00:00\",\"dateModified\":\"2026-02-12T08:59:29+00:00\",\"description\":\"Affitto carrozzina per disabili di piccole dimensioni autospinta - SLIM. Disponibilit\u00e0 immediata. Consegna a domicilio! Chiamaci al +393926509237\",\"breadcrumb\":{\"@id\":\"https:\\\/\\\/www.miamedicalitalia.it\\\/prodotto\\\/affitto-carrozzina-per-disabili-di-piccole-dimensioni-autospinta-slim\\\/#breadcrumb\"},\"inLanguage\":\"zh-Hans\",\"potentialAction\":[{\"@type\":\"ReadAction\",\"target\":[\"https:\\\/\\\/www.miamedicalitalia.it\\\/prodotto\\\/affitto-carrozzina-per-disabili-di-piccole-dimensioni-autospinta-slim\\\/\"]}]},{\"@type\":\"ImageObject\",\"inLanguage\":\"zh-Hans\",\"@id\":\"https:\\\/\\\/www.miamedicalitalia.it\\\/prodotto\\\/affitto-carrozzina-per-disabili-di-piccole-dimensioni-autospinta-slim\\\/#primaryimage\",\"url\":\"https:\\\/\\\/www.miamedicalitalia.it\\\/wp-content\\\/uploads\\\/2022\\\/12\\\/carrozzina-slim-MIA-MEDICAL-ITALIA-150x150-1.jpg\",\"contentUrl\":\"https:\\\/\\\/www.miamedicalitalia.it\\\/wp-content\\\/uploads\\\/2022\\\/12\\\/carrozzina-slim-MIA-MEDICAL-ITALIA-150x150-1.jpg\",\"width\":1000,\"height\":1000,\"caption\":\"Carrozzina SLIM ad autospinta per passaggi stretti\"},{\"@type\":\"BreadcrumbList\",\"@id\":\"https:\\\/\\\/www.miamedicalitalia.it\\\/prodotto\\\/affitto-carrozzina-per-disabili-di-piccole-dimensioni-autospinta-slim\\\/#breadcrumb\",\"itemListElement\":[{\"@type\":\"ListItem\",\"position\":1,\"name\":\"Home\",\"item\":\"https:\\\/\\\/www.miamedicalitalia.it\\\/\"},{\"@type\":\"ListItem\",\"position\":2,\"name\":\"Shop\",\"item\":\"https:\\\/\\\/www.miamedicalitalia.it\\\/negozio\\\/\"},{\"@type\":\"ListItem\",\"position\":3,\"name\":\"Affitto e noleggio\",\"item\":\"https:\\\/\\\/www.miamedicalitalia.it\\\/categoria\\\/affitto-e-noleggio-ausili\\\/\"},{\"@type\":\"ListItem\",\"position\":4,\"name\":\"Carrozzine\",\"item\":\"https:\\\/\\\/www.miamedicalitalia.it\\\/categoria\\\/affitto-e-noleggio-ausili\\\/affitto-e-noleggio-carrozzina\\\/\"},{\"@type\":\"ListItem\",\"position\":5,\"name\":\"Affitto carrozzina di piccole dimensioni ad autospinta &#8211; SLIM\"}]},{\"@type\":\"WebSite\",\"@id\":\"https:\\\/\\\/www.miamedicalitalia.it\\\/#website\",\"url\":\"https:\\\/\\\/www.miamedicalitalia.it\\\/\",\"name\":\"www.miamedicalitalia.it\",\"description\":\"Noleggio e Vendita Attrezzatura Sanitarie\",\"publisher\":{\"@id\":\"https:\\\/\\\/www.miamedicalitalia.it\\\/#organization\"},\"potentialAction\":[{\"@type\":\"SearchAction\",\"target\":{\"@type\":\"EntryPoint\",\"urlTemplate\":\"https:\\\/\\\/www.miamedicalitalia.it\\\/?s={search_term_string}\"},\"query-input\":{\"@type\":\"PropertyValueSpecification\",\"valueRequired\":true,\"valueName\":\"search_term_string\"}}],\"inLanguage\":\"zh-Hans\"},{\"@type\":\"Organization\",\"@id\":\"https:\\\/\\\/www.miamedicalitalia.it\\\/#organization\",\"name\":\"OLG\",\"url\":\"https:\\\/\\\/www.miamedicalitalia.it\\\/\",\"logo\":{\"@type\":\"ImageObject\",\"inLanguage\":\"zh-Hans\",\"@id\":\"https:\\\/\\\/www.miamedicalitalia.it\\\/#\\\/schema\\\/logo\\\/image\\\/\",\"url\":\"https:\\\/\\\/www.miamedicalitalia.it\\\/wp-content\\\/uploads\\\/2023\\\/04\\\/mia-medical-logo-free.png\",\"contentUrl\":\"https:\\\/\\\/www.miamedicalitalia.it\\\/wp-content\\\/uploads\\\/2023\\\/04\\\/mia-medical-logo-free.png\",\"width\":700,\"height\":700,\"caption\":\"OLG\"},\"image\":{\"@id\":\"https:\\\/\\\/www.miamedicalitalia.it\\\/#\\\/schema\\\/logo\\\/image\\\/\"},\"sameAs\":[\"https:\\\/\\\/www.facebook.com\\\/miamedicalitalia\"]}]}<\/script>\n<!-- \/ Yoast SEO Premium plugin. -->","yoast_head_json":{"title":"\u79df\u7528\u5c0f\u578b\u6b8b\u75be\u4eba\u8f6e\u6905--\u81ea\u884c\u5f0f--SLIM","description":"\u6b8b\u75be\u4eba\u81ea\u884c\u5f0f\u5c0f\u578b\u8f6e\u6905 - SLIM\u3002\u7acb\u5373\u4f9b\u8d27\u3002\u9001\u8d27\u4e0a\u95e8\uff01\u8bf7\u81f4\u7535 +393926509237","robots":{"index":"index","follow":"follow","max-snippet":"max-snippet:-1","max-image-preview":"max-image-preview:large","max-video-preview":"max-video-preview:-1"},"canonical":"https:\/\/www.miamedicalitalia.it\/zh\/product\/affitto-carrozzina-per-disabili-di-piccole-dimensioni-autospinta-slim\/","og_locale":"zh_CN","og_type":"article","og_title":"Affitto carrozzina per disabili di piccole dimensioni-autospinta-SLIM","og_description":"Affitto carrozzina per disabili di piccole dimensioni autospinta - SLIM. Disponibilit\u00e0 immediata. Consegna a domicilio! Chiamaci al +393926509237","og_url":"https:\/\/www.miamedicalitalia.it\/zh\/product\/affitto-carrozzina-per-disabili-di-piccole-dimensioni-autospinta-slim\/","og_site_name":"Mia Medical","article_publisher":"https:\/\/www.facebook.com\/miamedicalitalia","article_modified_time":"2026-02-12T08:59:29+00:00","og_image":[{"width":1000,"height":1000,"url":"https:\/\/www.miamedicalitalia.it\/wp-content\/uploads\/2022\/12\/carrozzina-slim-MIA-MEDICAL-ITALIA-150x150-1.jpg","type":"image\/jpeg"}],"twitter_card":"summary_large_image","twitter_misc":{"\u9884\u8ba1\u9605\u8bfb\u65f6\u95f4":"1 \u5206"},"schema":{"@context":"https:\/\/schema.org","@graph":[{"@type":"WebPage","@id":"https:\/\/www.miamedicalitalia.it\/prodotto\/affitto-carrozzina-per-disabili-di-piccole-dimensioni-autospinta-slim\/","url":"https:\/\/www.miamedicalitalia.it\/prodotto\/affitto-carrozzina-per-disabili-di-piccole-dimensioni-autospinta-slim\/","name":"\u79df\u7528\u5c0f\u578b\u6b8b\u75be\u4eba\u8f6e\u6905--\u81ea\u884c\u5f0f--SLIM","isPartOf":{"@id":"https:\/\/www.miamedicalitalia.it\/#website"},"primaryImageOfPage":{"@id":"https:\/\/www.miamedicalitalia.it\/prodotto\/affitto-carrozzina-per-disabili-di-piccole-dimensioni-autospinta-slim\/#primaryimage"},"image":{"@id":"https:\/\/www.miamedicalitalia.it\/prodotto\/affitto-carrozzina-per-disabili-di-piccole-dimensioni-autospinta-slim\/#primaryimage"},"thumbnailUrl":"https:\/\/www.miamedicalitalia.it\/wp-content\/uploads\/2022\/12\/carrozzina-slim-MIA-MEDICAL-ITALIA-150x150-1.jpg","datePublished":"2022-12-21T16:14:57+00:00","dateModified":"2026-02-12T08:59:29+00:00","description":"\u6b8b\u75be\u4eba\u81ea\u884c\u5f0f\u5c0f\u578b\u8f6e\u6905 - SLIM\u3002\u7acb\u5373\u4f9b\u8d27\u3002\u9001\u8d27\u4e0a\u95e8\uff01\u8bf7\u81f4\u7535 +393926509237","breadcrumb":{"@id":"https:\/\/www.miamedicalitalia.it\/prodotto\/affitto-carrozzina-per-disabili-di-piccole-dimensioni-autospinta-slim\/#breadcrumb"},"inLanguage":"zh-Hans","potentialAction":[{"@type":"ReadAction","target":["https:\/\/www.miamedicalitalia.it\/prodotto\/affitto-carrozzina-per-disabili-di-piccole-dimensioni-autospinta-slim\/"]}]},{"@type":"ImageObject","inLanguage":"zh-Hans","@id":"https:\/\/www.miamedicalitalia.it\/prodotto\/affitto-carrozzina-per-disabili-di-piccole-dimensioni-autospinta-slim\/#primaryimage","url":"https:\/\/www.miamedicalitalia.it\/wp-content\/uploads\/2022\/12\/carrozzina-slim-MIA-MEDICAL-ITALIA-150x150-1.jpg","contentUrl":"https:\/\/www.miamedicalitalia.it\/wp-content\/uploads\/2022\/12\/carrozzina-slim-MIA-MEDICAL-ITALIA-150x150-1.jpg","width":1000,"height":1000,"caption":"Carrozzina SLIM ad autospinta per passaggi stretti"},{"@type":"BreadcrumbList","@id":"https:\/\/www.miamedicalitalia.it\/prodotto\/affitto-carrozzina-per-disabili-di-piccole-dimensioni-autospinta-slim\/#breadcrumb","itemListElement":[{"@type":"ListItem","position":1,"name":"Home","item":"https:\/\/www.miamedicalitalia.it\/"},{"@type":"ListItem","position":2,"name":"Shop","item":"https:\/\/www.miamedicalitalia.it\/negozio\/"},{"@type":"ListItem","position":3,"name":"Affitto e noleggio","item":"https:\/\/www.miamedicalitalia.it\/categoria\/affitto-e-noleggio-ausili\/"},{"@type":"ListItem","position":4,"name":"Carrozzine","item":"https:\/\/www.miamedicalitalia.it\/categoria\/affitto-e-noleggio-ausili\/affitto-e-noleggio-carrozzina\/"},{"@type":"ListItem","position":5,"name":"Affitto carrozzina di piccole dimensioni ad autospinta &#8211; SLIM"}]},{"@type":"WebSite","@id":"https:\/\/www.miamedicalitalia.it\/#website","url":"https:\/\/www.miamedicalitalia.it\/","name":"www.miamedicalitalia.it","description":"\u536b\u751f\u8bbe\u5907\u7684\u79df\u8d41\u548c\u9500\u552e","publisher":{"@id":"https:\/\/www.miamedicalitalia.it\/#organization"},"potentialAction":[{"@type":"SearchAction","target":{"@type":"EntryPoint","urlTemplate":"https:\/\/www.miamedicalitalia.it\/?s={search_term_string}"},"query-input":{"@type":"PropertyValueSpecification","valueRequired":true,"valueName":"search_term_string"}}],"inLanguage":"zh-Hans"},{"@type":"Organization","@id":"https:\/\/www.miamedicalitalia.it\/#organization","name":"OLG","url":"https:\/\/www.miamedicalitalia.it\/","logo":{"@type":"ImageObject","inLanguage":"zh-Hans","@id":"https:\/\/www.miamedicalitalia.it\/#\/schema\/logo\/image\/","url":"https:\/\/www.miamedicalitalia.it\/wp-content\/uploads\/2023\/04\/mia-medical-logo-free.png","contentUrl":"https:\/\/www.miamedicalitalia.it\/wp-content\/uploads\/2023\/04\/mia-medical-logo-free.png","width":700,"height":700,"caption":"OLG"},"image":{"@id":"https:\/\/www.miamedicalitalia.it\/#\/schema\/logo\/image\/"},"sameAs":["https:\/\/www.facebook.com\/miamedicalitalia"]}]}},"wcpa_form_fields":{"wcpaData":{"product":{"product_price":25,"price_html":"<span class=\"woocommerce-Price-amount amount\" aria-hidden=\"true\"><bdi><span class=\"woocommerce-Price-currencySymbol\">&euro;<\/span>25.00<\/bdi><\/span> <span aria-hidden=\"true\">\u2013<\/span> <span class=\"woocommerce-Price-amount amount\" aria-hidden=\"true\"><bdi><span class=\"woocommerce-Price-currencySymbol\">&euro;<\/span>80.00<\/bdi><\/span><span class=\"screen-reader-text\">\u4ef7\u683c\u8303\u56f4\uff1a&euro;25.00 \u81f3 &euro;80.00<\/span>","original_product_price":25,"price_including_tax":25,"price_excluding_tax":25,"product_id":{"parent":8947,"variation":false},"is_variable":true,"stock_status":"instock","stock_quantity":null,"parent_sku":"","product_attributes":{"quanto-costa":{"is_variation":true,"values":[]}},"custom_fields":[],"is_taxable":false,"product_name":"Affitto carrozzina di piccole dimensioni ad autospinta - SLIM","hasImage":false},"fields":{"sec_565f165582eb8c":{"extra":{"key":"sec_565f165582eb8c","section_id":"sec_565f165582eb8c","name":"Predefinito","status":1,"toggle":true,"form_id":12050,"form_rules":{"exclude_from_discount":false,"fee_label":"Tassa","disp_hide_options_price":false,"disp_show_section_price":false,"disp_show_field_price":true,"layout_option":"standard","pric_use_as_fee":false,"process_fee_as":"woo_fee"},"layout_option":"standard"},"fields":[[{"active":true,"col":6,"relations":false,"cl_rule":"show","enableCl":false,"price":"","enablePrice":false,"className":"input-text","type":"date","required":true,"elementId":"date_3189538061","name":"date_3189538061","label":"A partire dal giorno:","picker_type":"custom","picker_mode":"single","error":false,"description":"Inserisci la data di inizio del noleggio","gt_translate_keys":["label","description"],"price_dependency":false,"cl_dependency":false,"value":""}]]}},"config":{"price_override":"","enable_recaptcha":false,"bind_quantity":false,"quantity_bind_formula":false,"disp_summ_show_option_price":true,"disp_summ_show_product_price":true,"disp_summ_show_total_price":true,"disp_summ_show_fee":false,"disp_summ_show_discount":false,"summary_title":"","options_total_label":"Prezzo delle opzioni","total_label":"Totale","options_product_label":"Prezzo del prodotto","fee_label":"Tassa","discount_label":"Sconto","has_price":true,"has_quantity_formula":false},"mc_unit":1,"tax_rate":1,"tax_rate_real":1,"discount":{"percentage":0,"fixed":0},"design":{"conf":{"LabelPosition":"above","DescPosition":"below","UploadField":"custom_1","QuantityFieldStyle":"default"},"css":{"LeftLabelWidth":"50px"}},"formulas":[],"lookuptables":[],"clones":false,"cartKey":false}},"_links":{"self":[{"href":"https:\/\/www.miamedicalitalia.it\/zh\/wp-json\/wp\/v2\/product\/8947","targetHints":{"allow":["GET"]}}],"collection":[{"href":"https:\/\/www.miamedicalitalia.it\/zh\/wp-json\/wp\/v2\/product"}],"about":[{"href":"https:\/\/www.miamedicalitalia.it\/zh\/wp-json\/wp\/v2\/types\/product"}],"wp:featuredmedia":[{"embeddable":true,"href":"https:\/\/www.miamedicalitalia.it\/zh\/wp-json\/wp\/v2\/media\/12228"}],"wp:attachment":[{"href":"https:\/\/www.miamedicalitalia.it\/zh\/wp-json\/wp\/v2\/media?parent=8947"}],"wp:term":[{"taxonomy":"home-category","embeddable":true,"href":"https:\/\/www.miamedicalitalia.it\/zh\/wp-json\/wp\/v2\/home-category?post=8947"},{"taxonomy":"product_brand","embeddable":true,"href":"https:\/\/www.miamedicalitalia.it\/zh\/wp-json\/wp\/v2\/product_brand?post=8947"},{"taxonomy":"product_cat","embeddable":true,"href":"https:\/\/www.miamedicalitalia.it\/zh\/wp-json\/wp\/v2\/product_cat?post=8947"},{"taxonomy":"product_tag","embeddable":true,"href":"https:\/\/www.miamedicalitalia.it\/zh\/wp-json\/wp\/v2\/product_tag?post=8947"},{"taxonomy":"woo-feed-brand","embeddable":true,"href":"https:\/\/www.miamedicalitalia.it\/zh\/wp-json\/wp\/v2\/woo-feed-brand?post=8947"}],"curies":[{"name":"wp","href":"https:\/\/api.w.org\/{rel}","templated":true}]}}