{"id":8939,"date":"2022-12-21T17:14:57","date_gmt":"2022-12-21T16:14:57","guid":{"rendered":"https:\/\/www.miamedicalitalia.it\/?post_type=product&#038;p=8939"},"modified":"2026-01-13T13:05:10","modified_gmt":"2026-01-13T11:05:10","slug":"noleggio-deambulatore-con-tavoletta-imbottita","status":"publish","type":"product","link":"https:\/\/www.miamedicalitalia.it\/zh\/product\/noleggio-deambulatore-con-tavoletta-imbottita\/","title":{"rendered":"\u79df\u7528\u5e26\u6709\u9632\u80b1\u9aa8\u652f\u6491\u677f\u7684\u52a9\u884c\u5668"},"content":{"rendered":"<p>\u60a8\u662f\u5426\u884c\u8d70\u4e0d\u4fbf\uff0c\u6b63\u5728\u5bfb\u627e\u4e00\u79cd\u7a33\u5b9a\u8212\u9002\u7684\u652f\u6491\uff1f\u6211\u4eec\u4e3a\u60a8\u63d0\u4f9b\u4e86\u7406\u60f3\u7684\u89e3\u51b3\u65b9\u6848\uff01\u6062\u590d\u60a8\u7684\u81ea\u4e3b\u6027\u3002\u9009\u62e9 <strong>\u5e26\u6709\u53cd\u80b1\u9aa8\u652f\u6491\u677f\u7684\u5b66\u6b65\u8f66\u79df\u8d41<\/strong> \u5e76\u4eab\u53d7\u6700\u5927\u7a0b\u5ea6\u7684\u652f\u6491\u3001\u8212\u9002\u548c\u5b89\u5168\u3002<\/p>\n\n\n\n<p>\u5982\u679c\u60a8\u9700\u8981&nbsp;<strong>\u4e3a\u884c\u8d70\u63d0\u4f9b\u5b89\u5168\u652f\u6301<\/strong>\u7684&nbsp;<strong>\u79df\u7528\u5e26\u6297\u80b1\u52a8\u8109\u652f\u6491\u677f\u7684\u52a9\u884c\u5668<\/strong>&nbsp;\u662f\u4e00\u79cd\u5b9e\u7528\u800c\u65b9\u4fbf\u7684\u9009\u62e9\u3002\u8be5\u8f85\u52a9\u5de5\u5177\u65e8\u5728\u63d0\u4f9b&nbsp;<strong>\u7a33\u5b9a\u3001\u8212\u9002\u3001\u6613\u4e8e\u79fb\u52a8<\/strong>\u975e\u5e38\u9002\u5408\u90a3\u4e9b\u96be\u4ee5\u7528\u624b\u6216\u624b\u8155\u652f\u6491\u91cd\u91cf\u7684\u4eba\u3002<\/p>\n\n\n\n<h4 class=\"wp-block-heading\" id=\"h-cos-e-un-deambulatore-con-tavoletta-per-appoggio-antibrachiale\"><strong><a href=\"https:\/\/www.my-personaltrainer.it\/salute-benessere\/deambulatore.html\">\u4ec0\u4e48\u662f\u5e26\u9632\u80b1\u9aa8\u652f\u6491\u677f\u7684 Walker\uff1f<\/a><\/strong><\/h4>\n\n\n\n<p>A&nbsp;<strong>\u6297\u8155\u5e26\u884c\u8d70\u5668<\/strong>&nbsp;\u662f\u4e00\u79cd\u914d\u5907\u6709&nbsp;<strong>\u4e00\u5757\u57ab\u677f\uff0c\u7528\u4e8e\u653e\u7f6e\u524d\u81c2<\/strong>\u51cf\u8f7b\u624b\u90e8\u548c\u624b\u8155\u7684\u8d1f\u62c5\u3002\u5b83\u5c24\u5176\u9002\u7528\u4e8e&nbsp;<strong>\u6709\u5173\u8282\u708e\u3001\u4e0a\u80a2\u65e0\u529b\u6216\u5e73\u8861\u95ee\u9898\u7684\u4eba<\/strong>.<\/p>\n\n\n\n<h4 class=\"wp-block-heading\" id=\"h-per-chi-e-indicato-il-noleggio-di-un-deambulatore-con-tavoletta\"><strong>\u54ea\u4e9b\u4eba\u9002\u5408\u79df\u7528\u5e26\u677f\u52a9\u884c\u5668\uff1f<\/strong><\/h4>\n\n\n\n<p>\u8fd9\u79cd\u52a9\u884c\u5668\u975e\u5e38\u9002\u5408<\/p>\n\n\n\n<ul class=\"wp-block-list\">\n<li><strong>\u884c\u52a8\u4e0d\u4fbf\u7684\u4eba<\/strong>&nbsp;\u72ec\u7acb\u884c\u8d70\u6709\u56f0\u96be\u7684\u4eba\u3002<\/li>\n\n\n\n<li><strong>\u5eb7\u590d\u75c5\u4eba<\/strong>&nbsp;\u4e0b\u80a2\u624b\u672f\u6216\u5916\u4f24\u540e\u3002<\/li>\n\n\n\n<li><strong>\u808c\u8089\u65e0\u529b\u8005<\/strong>&nbsp;\u9700\u8981\u7a33\u5b9a\u7684\u652f\u6301\u3002<\/li>\n\n\n\n<li><strong>\u6709\u5e73\u8861\u56f0\u96be\u7684\u8001\u5e74\u4eba<\/strong>&nbsp;\u6216\u795e\u7ecf\u7cfb\u7edf\u95ee\u9898\u3002<\/li>\n\n\n\n<li><strong>\u624b\u90e8\u548c\u624b\u8155\u75bc\u75db\u6216\u50f5\u786c\u8005<\/strong>\u5982\u60a3\u6709 <a href=\"https:\/\/www.humanitas.it\/malattie\/artrite\/\">\u5173\u8282\u708e<\/a>.<\/li>\n<\/ul>\n\n\n\n<h4 class=\"wp-block-heading\" id=\"h-perche-noleggiare-un-deambulatore-invece-di-acquistarlo\"><strong>\u4e3a\u4ec0\u4e48\u8981\u79df\u7528\u52a9\u884c\u5668\u800c\u4e0d\u662f\u8d2d\u4e70\u52a9\u884c\u5668\uff1f<\/strong><\/h4>\n\n\n\n<p>\u01de\u01de\u01de&nbsp;<strong>\u79df\u7528\u5e26\u9632\u80b1\u9aa8\u677f\u7684\u52a9\u884c\u5668<\/strong>&nbsp;\u5982\u679c\u60a8\u53ea\u9700\u8981\u5728\u6709\u9650\u7684\u65f6\u95f4\u5185\uff08\u5982\u672f\u540e\u6062\u590d\u6216\u5eb7\u590d\u671f\u95f4\uff09\u4f7f\u7528\u8f85\u52a9\u8bbe\u5907\uff0c\u90a3\u4e48\u8be5\u8bbe\u5907\u662f\u60a8\u7684\u660e\u667a\u4e4b\u9009\u3002\u5176\u4e3b\u8981\u4f18\u70b9\u5982\u4e0b<\/p>\n\n\n\n<ul class=\"wp-block-list\">\n<li><strong>\u8282\u7701\u5f00\u652f<\/strong>&nbsp;\u4e0e\u8d2d\u4e70\u76f8\u6bd4\u3002<\/li>\n\n\n\n<li><strong>\u6700\u5927\u7075\u6d3b\u6027<\/strong>\u60a8\u53ea\u80fd\u5728\u5fc5\u8981\u65f6\u4f7f\u7528\u3002<\/li>\n\n\n\n<li><strong>\u65e0\u9700\u7ef4\u62a4<\/strong>\u8bbe\u5907\u4ea4\u4ed8\u65f6\u5df2\u6d88\u6bd2\uff0c\u53ef\u968f\u65f6\u4f7f\u7528\u3002<\/li>\n\n\n\n<li><strong>\u66f4\u6362\u6216\u5347\u7ea7\u7684\u53ef\u80fd\u6027<\/strong>&nbsp;\u5982\u679c\u60a8\u7684\u9700\u6c42\u53d1\u751f\u53d8\u5316\u3002<\/li>\n<\/ul>\n\n\n\n<h4 class=\"wp-block-heading\" id=\"h-caratteristiche-tecniche-del-deambulatore-con-tavoletta-antibrachiale\"><strong>\u9632\u8155\u5173\u8282\u6ed1\u677f\u884c\u8d70\u5668\u7684\u6280\u672f\u89c4\u683c<\/strong><\/h4>\n\n\n\n<ul class=\"wp-block-list\">\n<li><strong>\u575a\u56fa\u3001\u8f7b\u4fbf\u7684\u6846\u67b6<\/strong>&nbsp;\u94dd\u8d28\u6216\u94a2\u8d28\uff0c\u786e\u4fdd\u7a33\u5b9a\u800c\u4e0d\u592a\u91cd\u3002<\/li>\n\n\n\n<li><strong>\u5e26\u886c\u57ab\u3001\u9ad8\u5ea6\u53ef\u8c03\u7684\u5e73\u677f\u7535\u8111<\/strong>\u4ee5\u9002\u5e94\u7528\u6237\u6700\u8212\u9002\u7684\u59ff\u52bf\u3002<\/li>\n\n\n\n<li><strong>\u7b26\u5408\u4eba\u4f53\u5de5\u5b66\u7684\u624b\u67c4<\/strong>&nbsp;\u63e1\u611f\u5b89\u5168\u8212\u9002\u3002<\/li>\n\n\n\n<li><strong>\u65cb\u8f6c\u811a\u8f6e<\/strong>&nbsp;\u5e26\u5236\u52a8\u5668\uff0c\u66f4\u52a0\u5b89\u5168\u548c\u4fbf\u4e8e\u79fb\u52a8\u3002<\/li>\n\n\n\n<li><strong>\u9ad8\u5ea6\u8c03\u8282<\/strong>&nbsp;\u4ee5\u9002\u5e94\u6bcf\u4e2a\u4eba\u7684\u9700\u6c42\u3002<\/li>\n<\/ul>\n\n\n\n<h4 class=\"wp-block-heading\" id=\"h-i-benefici-del-noleggio-del-deambulatore-con-tavoletta-antibrachiale\"><strong>\u79df\u7528\u5e26\u9632\u649e\u677f\u52a9\u884c\u5668\u7684\u597d\u5904<\/strong><\/h4>\n\n\n\n<ul class=\"wp-block-list\">\n<li><strong>\u66f4\u52a0\u7a33\u5b9a\u548c\u5b89\u5168<\/strong>&nbsp;\u5728\u6b65\u884c\u8fc7\u7a0b\u4e2d\u3002<\/li>\n\n\n\n<li><strong>\u51cf\u8f7b\u75b2\u52b3<\/strong>&nbsp;\u591a\u4e8f\u4e86\u524d\u81c2\u7684\u652f\u6491\u3002<\/li>\n\n\n\n<li><strong>\u51cf\u8f7b\u624b\u3001\u624b\u8155\u548c\u80a9\u8180\u7684\u8d1f\u62c5<\/strong>\u975e\u5e38\u9002\u5408\u90a3\u4e9b\u63e1\u6301\u666e\u901a\u52a9\u884c\u5668\u6709\u56f0\u96be\u7684\u4eba\u3002<\/li>\n\n\n\n<li><strong>\u6d3b\u52a8\u81ea\u5982<\/strong>\u5373\u4f7f\u662f\u957f\u9014\u65c5\u884c\u4e5f\u662f\u5982\u6b64\u3002<\/li>\n\n\n\n<li><strong>\u9002\u5408\u5ba4\u5185\u5916\u4f7f\u7528<\/strong>\u591a\u4e8f\u4e86\u53ef\u79fb\u52a8\u7684\u8f6e\u5b50\u3002<\/li>\n<\/ul>\n\n\n\n<p>\u60a8\u662f\u8001\u4eba\u6216\u53d7\u6276\u517b\u8005\u7684\u7167\u987e\u8005\uff0c\u9700\u8981\u5e2e\u52a9\u5417\uff1f\u6211\u4eec\u7684 <strong>\u62a4\u7406<\/strong> \u503c\u5f97\u4fe1\u8d56 <strong><a href=\"http:\/\/www.arnaldiandrea.com\">\u5b89\u5fb7\u70c8\u4e9a-\u963f\u7eb3\u5c14\u8fea<\/a><\/strong> \u4e13\u4e1a\u9886\u57df <em><strong>\u5bb6\u5ead\u62a4\u7406<\/strong><\/em>\u5e76\u968f\u65f6\u51c6\u5907\u4e3a\u60a8\u63d0\u4f9b\u652f\u6301\uff0c\u8ba9\u60a8\u4eab\u53d7\u8212\u9002\u7684\u5bb6\u5c45\u751f\u6d3b\u3002&nbsp;<\/p>\n\n\n\n<h4 class=\"wp-block-heading\" id=\"h-come-funziona-il-noleggio-con-mia-medical\"><strong>Mia Medical \u5982\u4f55\u5f00\u5c55\u62db\u8058\u5de5\u4f5c\uff1f<\/strong><\/h4>\n\n\n\n<p><a href=\"https:\/\/www.miamedicalitalia.it\/zh\/mia-medical-condizioni-di-noleggio-dei-nostri-ausili-medicali\/\">\u70b9\u51fb\u6b64\u5904\u4e86\u89e3\u6211\u4eec\u7684\u79df\u8d41\u65b9\u6848\u3002&nbsp;<\/a><\/p>\n\n\n\n<h4 class=\"wp-block-heading\" id=\"h-perche-scegliere-mia-medical\"><strong>\u4e3a\u4ec0\u4e48\u9009\u62e9 Mia Medical\uff1f<\/strong><\/h4>\n\n\n\n<p>\u4e3a\u4e86\u6211\u4eec\u7684\u4eb2\u4eba\u7684\u8212\u9002\u548c\u5065\u5eb7\uff0c\u8058\u8bf7\u533b\u7597\u63f4\u52a9\u662f\u975e\u5e38\u91cd\u8981\u7684\u4e00\u6b65\u3002\u00a0<strong>\u7c73\u5a05\u533b\u7597<\/strong>\u00a0\u4e3a\u60a8\u63d0\u4f9b\uff1a<\/p>\n\n\n\n<ul class=\"wp-block-list\">\n<li><strong>\u4e2a\u6027\u5316\u54a8\u8be2<\/strong>&nbsp;\u5e2e\u52a9\u60a8\u627e\u5230\u9002\u5408\u60a8\u9700\u6c42\u7684\u4ea7\u54c1\u3002<\/li>\n\n\n\n<li><strong><a href=\"https:\/\/www.wimed.it\/\">\u4f18\u8d28\u4ea7\u54c1<\/a><\/strong>\u7ecf\u8ba4\u8bc1\uff0c\u4e0d\u4f1a\u53d7\u5230 <a href=\"https:\/\/movigroup.com\/en\/\">\u5e02\u573a\u4e0a\u6700\u597d\u7684\u4f9b\u5e94\u5546<\/a>.<\/li>\n\n\n\n<li><strong>\u5feb\u901f\u4ea4\u4ed8\u548c\u6709\u4fdd\u969c\u7684\u670d\u52a1<\/strong>.<\/li>\n<\/ul>\n\n\n\n<p>\u5982\u679c\u60a8\u9700\u8981\u66f4\u591a\u4fe1\u606f\uff0c\u8bf7\u968f\u65f6\u8054\u7cfb <a href=\"https:\/\/wa.me\/393926509237\">\u901a\u8fc7\u7535\u8bdd\u8054\u7cfb\u6211\u4eec<\/a>\u6211\u4eec\u5f88\u4e50\u610f\u5e2e\u52a9\u60a8\u9009\u62e9\u6700\u9002\u5408\u60a8\u9700\u6c42\u7684\u52a9\u884c\u5668\u6216\u6eda\u8f6e\u8f66\u578b\u53f7\uff01 <\/p>\n\n\n\n<p><\/p>","protected":false},"excerpt":{"rendered":"<div style=\"font-family: Arial, sans-serif; background-color: #234091; padding: 30px; border-radius: 25px; max-width: 600px; color: #ffffff; position: relative; border-top: 6px solid #2498fe;\">\n<h3 style=\"margin-top: 0; margin-bottom: 15px; color: #ffffff;\">\u96c7\u7528<\/h3>\n<p><strong>\u7f57\u9a6c\u548c\u4f5b\u7f57\u4f26\u8428\u7684\u9001\u8d27\u670d\u52a1<\/strong> a partire da 30\u20ac.<\/p>\n<p><strong>\u65e0\u9700\u62bc\u91d1\u3002<\/strong><\/p>\n<p>\u4ece\u4ed3\u5e93\u53d1\u8d27\u548c\u53d6\u8d27 <strong>\u514d\u8d39\uff01<\/strong><\/p>\n<\/div>\n<p><!-- Linea bianca sotto --><\/p>\n<div style=\"height: 6px; background-color: #ffffff; max-width: 600px;\">\u00a0<\/div>","protected":false},"featured_media":12272,"template":"","meta":{"_acf_changed":false},"home-category":[],"product_brand":[],"product_cat":[130],"product_tag":[132],"woo-feed-brand":[],"class_list":{"0":"post-8939","1":"product","2":"type-product","3":"status-publish","4":"has-post-thumbnail","6":"product_cat-affitto-e-noleggio-deambulatori","7":"product_tag-deambulatore-per-fisioterapia","8":"wcpa_has_options","10":"first","11":"instock","12":"shipping-taxable","13":"purchasable","14":"product-type-variable"},"acf":[],"yoast_head":"<!-- This site is optimized with the Yoast SEO Premium plugin v27.5 (Yoast SEO v27.5) - https:\/\/yoast.com\/product\/yoast-seo-premium-wordpress\/ -->\n<title>Noleggio Deambulatore con tavoletta per appoggio antibrachiale<\/title>\n<meta name=\"description\" content=\"Noleggio Deambulatore con tavoletta antibrachiale per la fisioterapia e riabilitazione. Riacquista la tua libert\u00e0 grazie aio prodotti Mia Medical.\" \/>\n<meta name=\"robots\" content=\"index, follow, max-snippet:-1, max-image-preview:large, max-video-preview:-1\" \/>\n<link rel=\"canonical\" href=\"https:\/\/www.miamedicalitalia.it\/zh\/product\/noleggio-deambulatore-con-tavoletta-imbottita\/\" \/>\n<meta property=\"og:locale\" content=\"zh_CN\" \/>\n<meta property=\"og:type\" content=\"article\" \/>\n<meta property=\"og:title\" content=\"Noleggio Deambulatore con tavoletta per appoggio antibrachiale\" \/>\n<meta property=\"og:description\" content=\"Noleggio Deambulatore con tavoletta antibrachiale per la fisioterapia e riabilitazione. Riacquista la tua libert\u00e0 grazie aio prodotti Mia Medical.\" \/>\n<meta property=\"og:url\" content=\"https:\/\/www.miamedicalitalia.it\/zh\/product\/noleggio-deambulatore-con-tavoletta-imbottita\/\" \/>\n<meta property=\"og:site_name\" content=\"Mia Medical\" \/>\n<meta property=\"article:publisher\" content=\"https:\/\/www.facebook.com\/miamedicalitalia\" \/>\n<meta property=\"article:modified_time\" content=\"2026-01-13T11:05:10+00:00\" \/>\n<meta property=\"og:image\" content=\"https:\/\/www.miamedicalitalia.it\/wp-content\/uploads\/2022\/12\/DEAMBULATORE-CON-TAVOLETTA-1-1.jpg\" \/>\n\t<meta property=\"og:image:width\" content=\"1000\" \/>\n\t<meta property=\"og:image:height\" content=\"1000\" \/>\n\t<meta property=\"og:image:type\" content=\"image\/jpeg\" \/>\n<meta name=\"twitter:card\" content=\"summary_large_image\" \/>\n<meta name=\"twitter:label1\" content=\"\u9884\u8ba1\u9605\u8bfb\u65f6\u95f4\" \/>\n\t<meta name=\"twitter:data1\" content=\"1 \u5206\" \/>\n<script type=\"application\/ld+json\" class=\"yoast-schema-graph\">{\"@context\":\"https:\\\/\\\/schema.org\",\"@graph\":[{\"@type\":\"WebPage\",\"@id\":\"https:\\\/\\\/www.miamedicalitalia.it\\\/prodotto\\\/noleggio-deambulatore-con-tavoletta-imbottita\\\/\",\"url\":\"https:\\\/\\\/www.miamedicalitalia.it\\\/prodotto\\\/noleggio-deambulatore-con-tavoletta-imbottita\\\/\",\"name\":\"Noleggio Deambulatore con tavoletta per appoggio antibrachiale\",\"isPartOf\":{\"@id\":\"https:\\\/\\\/www.miamedicalitalia.it\\\/#website\"},\"primaryImageOfPage\":{\"@id\":\"https:\\\/\\\/www.miamedicalitalia.it\\\/prodotto\\\/noleggio-deambulatore-con-tavoletta-imbottita\\\/#primaryimage\"},\"image\":{\"@id\":\"https:\\\/\\\/www.miamedicalitalia.it\\\/prodotto\\\/noleggio-deambulatore-con-tavoletta-imbottita\\\/#primaryimage\"},\"thumbnailUrl\":\"https:\\\/\\\/www.miamedicalitalia.it\\\/wp-content\\\/uploads\\\/2022\\\/12\\\/DEAMBULATORE-CON-TAVOLETTA-1-1.jpg\",\"datePublished\":\"2022-12-21T16:14:57+00:00\",\"dateModified\":\"2026-01-13T11:05:10+00:00\",\"description\":\"Noleggio Deambulatore con tavoletta antibrachiale per la fisioterapia e riabilitazione. Riacquista la tua libert\u00e0 grazie aio prodotti Mia Medical.\",\"breadcrumb\":{\"@id\":\"https:\\\/\\\/www.miamedicalitalia.it\\\/prodotto\\\/noleggio-deambulatore-con-tavoletta-imbottita\\\/#breadcrumb\"},\"inLanguage\":\"zh-Hans\",\"potentialAction\":[{\"@type\":\"ReadAction\",\"target\":[\"https:\\\/\\\/www.miamedicalitalia.it\\\/prodotto\\\/noleggio-deambulatore-con-tavoletta-imbottita\\\/\"]}]},{\"@type\":\"ImageObject\",\"inLanguage\":\"zh-Hans\",\"@id\":\"https:\\\/\\\/www.miamedicalitalia.it\\\/prodotto\\\/noleggio-deambulatore-con-tavoletta-imbottita\\\/#primaryimage\",\"url\":\"https:\\\/\\\/www.miamedicalitalia.it\\\/wp-content\\\/uploads\\\/2022\\\/12\\\/DEAMBULATORE-CON-TAVOLETTA-1-1.jpg\",\"contentUrl\":\"https:\\\/\\\/www.miamedicalitalia.it\\\/wp-content\\\/uploads\\\/2022\\\/12\\\/DEAMBULATORE-CON-TAVOLETTA-1-1.jpg\",\"width\":1000,\"height\":1000},{\"@type\":\"BreadcrumbList\",\"@id\":\"https:\\\/\\\/www.miamedicalitalia.it\\\/prodotto\\\/noleggio-deambulatore-con-tavoletta-imbottita\\\/#breadcrumb\",\"itemListElement\":[{\"@type\":\"ListItem\",\"position\":1,\"name\":\"Home\",\"item\":\"https:\\\/\\\/www.miamedicalitalia.it\\\/\"},{\"@type\":\"ListItem\",\"position\":2,\"name\":\"Shop\",\"item\":\"https:\\\/\\\/www.miamedicalitalia.it\\\/negozio\\\/\"},{\"@type\":\"ListItem\",\"position\":3,\"name\":\"Affitto e noleggio\",\"item\":\"https:\\\/\\\/www.miamedicalitalia.it\\\/categoria\\\/affitto-e-noleggio-ausili\\\/\"},{\"@type\":\"ListItem\",\"position\":4,\"name\":\"Deambulatori e Rollatori\",\"item\":\"https:\\\/\\\/www.miamedicalitalia.it\\\/categoria\\\/affitto-e-noleggio-ausili\\\/affitto-e-noleggio-deambulatori\\\/\"},{\"@type\":\"ListItem\",\"position\":5,\"name\":\"Noleggio Deambulatore con tavoletta per appoggio antibrachiale\"}]},{\"@type\":\"WebSite\",\"@id\":\"https:\\\/\\\/www.miamedicalitalia.it\\\/#website\",\"url\":\"https:\\\/\\\/www.miamedicalitalia.it\\\/\",\"name\":\"www.miamedicalitalia.it\",\"description\":\"Noleggio e Vendita Attrezzatura Sanitarie\",\"publisher\":{\"@id\":\"https:\\\/\\\/www.miamedicalitalia.it\\\/#organization\"},\"potentialAction\":[{\"@type\":\"SearchAction\",\"target\":{\"@type\":\"EntryPoint\",\"urlTemplate\":\"https:\\\/\\\/www.miamedicalitalia.it\\\/?s={search_term_string}\"},\"query-input\":{\"@type\":\"PropertyValueSpecification\",\"valueRequired\":true,\"valueName\":\"search_term_string\"}}],\"inLanguage\":\"zh-Hans\"},{\"@type\":\"Organization\",\"@id\":\"https:\\\/\\\/www.miamedicalitalia.it\\\/#organization\",\"name\":\"OLG\",\"url\":\"https:\\\/\\\/www.miamedicalitalia.it\\\/\",\"logo\":{\"@type\":\"ImageObject\",\"inLanguage\":\"zh-Hans\",\"@id\":\"https:\\\/\\\/www.miamedicalitalia.it\\\/#\\\/schema\\\/logo\\\/image\\\/\",\"url\":\"https:\\\/\\\/www.miamedicalitalia.it\\\/wp-content\\\/uploads\\\/2023\\\/04\\\/mia-medical-logo-free.png\",\"contentUrl\":\"https:\\\/\\\/www.miamedicalitalia.it\\\/wp-content\\\/uploads\\\/2023\\\/04\\\/mia-medical-logo-free.png\",\"width\":700,\"height\":700,\"caption\":\"OLG\"},\"image\":{\"@id\":\"https:\\\/\\\/www.miamedicalitalia.it\\\/#\\\/schema\\\/logo\\\/image\\\/\"},\"sameAs\":[\"https:\\\/\\\/www.facebook.com\\\/miamedicalitalia\"]}]}<\/script>\n<!-- \/ Yoast SEO Premium plugin. -->","yoast_head_json":{"title":"\u79df\u7528\u5e26\u6709\u9632\u80b1\u9aa8\u652f\u6491\u677f\u7684\u52a9\u884c\u5668","description":"\u4e3a\u7269\u7406\u6cbb\u7597\u548c\u5eb7\u590d\u79df\u7528\u5e26\u6297\u80b1\u677f\u7684\u52a9\u884c\u5668\u3002\u7c73\u5a05\u533b\u7597\u4ea7\u54c1\u8ba9\u60a8\u91cd\u83b7\u81ea\u7531\u3002","robots":{"index":"index","follow":"follow","max-snippet":"max-snippet:-1","max-image-preview":"max-image-preview:large","max-video-preview":"max-video-preview:-1"},"canonical":"https:\/\/www.miamedicalitalia.it\/zh\/product\/noleggio-deambulatore-con-tavoletta-imbottita\/","og_locale":"zh_CN","og_type":"article","og_title":"Noleggio Deambulatore con tavoletta per appoggio antibrachiale","og_description":"Noleggio Deambulatore con tavoletta antibrachiale per la fisioterapia e riabilitazione. Riacquista la tua libert\u00e0 grazie aio prodotti Mia Medical.","og_url":"https:\/\/www.miamedicalitalia.it\/zh\/product\/noleggio-deambulatore-con-tavoletta-imbottita\/","og_site_name":"Mia Medical","article_publisher":"https:\/\/www.facebook.com\/miamedicalitalia","article_modified_time":"2026-01-13T11:05:10+00:00","og_image":[{"width":1000,"height":1000,"url":"https:\/\/www.miamedicalitalia.it\/wp-content\/uploads\/2022\/12\/DEAMBULATORE-CON-TAVOLETTA-1-1.jpg","type":"image\/jpeg"}],"twitter_card":"summary_large_image","twitter_misc":{"\u9884\u8ba1\u9605\u8bfb\u65f6\u95f4":"1 \u5206"},"schema":{"@context":"https:\/\/schema.org","@graph":[{"@type":"WebPage","@id":"https:\/\/www.miamedicalitalia.it\/prodotto\/noleggio-deambulatore-con-tavoletta-imbottita\/","url":"https:\/\/www.miamedicalitalia.it\/prodotto\/noleggio-deambulatore-con-tavoletta-imbottita\/","name":"\u79df\u7528\u5e26\u6709\u9632\u80b1\u9aa8\u652f\u6491\u677f\u7684\u52a9\u884c\u5668","isPartOf":{"@id":"https:\/\/www.miamedicalitalia.it\/#website"},"primaryImageOfPage":{"@id":"https:\/\/www.miamedicalitalia.it\/prodotto\/noleggio-deambulatore-con-tavoletta-imbottita\/#primaryimage"},"image":{"@id":"https:\/\/www.miamedicalitalia.it\/prodotto\/noleggio-deambulatore-con-tavoletta-imbottita\/#primaryimage"},"thumbnailUrl":"https:\/\/www.miamedicalitalia.it\/wp-content\/uploads\/2022\/12\/DEAMBULATORE-CON-TAVOLETTA-1-1.jpg","datePublished":"2022-12-21T16:14:57+00:00","dateModified":"2026-01-13T11:05:10+00:00","description":"\u4e3a\u7269\u7406\u6cbb\u7597\u548c\u5eb7\u590d\u79df\u7528\u5e26\u6297\u80b1\u677f\u7684\u52a9\u884c\u5668\u3002\u7c73\u5a05\u533b\u7597\u4ea7\u54c1\u8ba9\u60a8\u91cd\u83b7\u81ea\u7531\u3002","breadcrumb":{"@id":"https:\/\/www.miamedicalitalia.it\/prodotto\/noleggio-deambulatore-con-tavoletta-imbottita\/#breadcrumb"},"inLanguage":"zh-Hans","potentialAction":[{"@type":"ReadAction","target":["https:\/\/www.miamedicalitalia.it\/prodotto\/noleggio-deambulatore-con-tavoletta-imbottita\/"]}]},{"@type":"ImageObject","inLanguage":"zh-Hans","@id":"https:\/\/www.miamedicalitalia.it\/prodotto\/noleggio-deambulatore-con-tavoletta-imbottita\/#primaryimage","url":"https:\/\/www.miamedicalitalia.it\/wp-content\/uploads\/2022\/12\/DEAMBULATORE-CON-TAVOLETTA-1-1.jpg","contentUrl":"https:\/\/www.miamedicalitalia.it\/wp-content\/uploads\/2022\/12\/DEAMBULATORE-CON-TAVOLETTA-1-1.jpg","width":1000,"height":1000},{"@type":"BreadcrumbList","@id":"https:\/\/www.miamedicalitalia.it\/prodotto\/noleggio-deambulatore-con-tavoletta-imbottita\/#breadcrumb","itemListElement":[{"@type":"ListItem","position":1,"name":"Home","item":"https:\/\/www.miamedicalitalia.it\/"},{"@type":"ListItem","position":2,"name":"Shop","item":"https:\/\/www.miamedicalitalia.it\/negozio\/"},{"@type":"ListItem","position":3,"name":"Affitto e noleggio","item":"https:\/\/www.miamedicalitalia.it\/categoria\/affitto-e-noleggio-ausili\/"},{"@type":"ListItem","position":4,"name":"Deambulatori e Rollatori","item":"https:\/\/www.miamedicalitalia.it\/categoria\/affitto-e-noleggio-ausili\/affitto-e-noleggio-deambulatori\/"},{"@type":"ListItem","position":5,"name":"Noleggio Deambulatore con tavoletta per appoggio antibrachiale"}]},{"@type":"WebSite","@id":"https:\/\/www.miamedicalitalia.it\/#website","url":"https:\/\/www.miamedicalitalia.it\/","name":"www.miamedicalitalia.it","description":"\u536b\u751f\u8bbe\u5907\u7684\u79df\u8d41\u548c\u9500\u552e","publisher":{"@id":"https:\/\/www.miamedicalitalia.it\/#organization"},"potentialAction":[{"@type":"SearchAction","target":{"@type":"EntryPoint","urlTemplate":"https:\/\/www.miamedicalitalia.it\/?s={search_term_string}"},"query-input":{"@type":"PropertyValueSpecification","valueRequired":true,"valueName":"search_term_string"}}],"inLanguage":"zh-Hans"},{"@type":"Organization","@id":"https:\/\/www.miamedicalitalia.it\/#organization","name":"OLG","url":"https:\/\/www.miamedicalitalia.it\/","logo":{"@type":"ImageObject","inLanguage":"zh-Hans","@id":"https:\/\/www.miamedicalitalia.it\/#\/schema\/logo\/image\/","url":"https:\/\/www.miamedicalitalia.it\/wp-content\/uploads\/2023\/04\/mia-medical-logo-free.png","contentUrl":"https:\/\/www.miamedicalitalia.it\/wp-content\/uploads\/2023\/04\/mia-medical-logo-free.png","width":700,"height":700,"caption":"OLG"},"image":{"@id":"https:\/\/www.miamedicalitalia.it\/#\/schema\/logo\/image\/"},"sameAs":["https:\/\/www.facebook.com\/miamedicalitalia"]}]}},"wcpa_form_fields":{"wcpaData":{"product":{"product_price":30,"price_html":"<span class=\"woocommerce-Price-amount amount\" aria-hidden=\"true\"><bdi><span class=\"woocommerce-Price-currencySymbol\">&euro;<\/span>30.00<\/bdi><\/span> <span aria-hidden=\"true\">\u2013<\/span> <span class=\"woocommerce-Price-amount amount\" aria-hidden=\"true\"><bdi><span class=\"woocommerce-Price-currencySymbol\">&euro;<\/span>100.00<\/bdi><\/span><span class=\"screen-reader-text\">\u4ef7\u683c\u8303\u56f4\uff1a&euro;30.00 \u81f3 &euro;100.00<\/span>","original_product_price":30,"price_including_tax":30,"price_excluding_tax":30,"product_id":{"parent":8939,"variation":false},"is_variable":true,"stock_status":"instock","stock_quantity":null,"parent_sku":"","product_attributes":{"quanto-costa":{"is_variation":true,"values":[]}},"custom_fields":[],"is_taxable":false,"product_name":"Noleggio Deambulatore con tavoletta per appoggio antibrachiale","hasImage":false},"fields":{"sec_565f165582eb8c":{"extra":{"key":"sec_565f165582eb8c","section_id":"sec_565f165582eb8c","name":"Predefinito","status":1,"toggle":true,"form_id":12050,"form_rules":{"exclude_from_discount":false,"fee_label":"Taxa","disp_hide_options_price":false,"disp_show_section_price":false,"disp_show_field_price":true,"layout_option":"standard","pric_use_as_fee":false,"process_fee_as":"woo_fee"},"layout_option":"standard"},"fields":[[{"active":true,"col":6,"relations":false,"cl_rule":"show","enableCl":false,"price":"","enablePrice":false,"className":"input-text","type":"date","required":true,"elementId":"date_3189538061","name":"date_3189538061","label":"A partire dal giorno:","picker_type":"custom","picker_mode":"single","error":false,"description":"Inserisci la data di inizio del noleggio","gt_translate_keys":["label","description"],"price_dependency":false,"cl_dependency":false,"value":""}]]}},"config":{"price_override":"","enable_recaptcha":false,"bind_quantity":false,"quantity_bind_formula":false,"disp_summ_show_option_price":true,"disp_summ_show_product_price":true,"disp_summ_show_total_price":true,"disp_summ_show_fee":false,"disp_summ_show_discount":false,"summary_title":"","options_total_label":"Op\u00e7\u00f5es Pre\u00e7o","total_label":"Total","options_product_label":"Pre\u00e7o do produto","fee_label":"Taxa","discount_label":"Desconto","has_price":true,"has_quantity_formula":false},"mc_unit":1,"tax_rate":1,"tax_rate_real":1,"discount":{"percentage":0,"fixed":0},"design":{"conf":{"LabelPosition":"above","DescPosition":"below","UploadField":"custom_1","QuantityFieldStyle":"default"},"css":{"LeftLabelWidth":"50px"}},"formulas":[],"lookuptables":[],"clones":false,"cartKey":false}},"_links":{"self":[{"href":"https:\/\/www.miamedicalitalia.it\/zh\/wp-json\/wp\/v2\/product\/8939","targetHints":{"allow":["GET"]}}],"collection":[{"href":"https:\/\/www.miamedicalitalia.it\/zh\/wp-json\/wp\/v2\/product"}],"about":[{"href":"https:\/\/www.miamedicalitalia.it\/zh\/wp-json\/wp\/v2\/types\/product"}],"wp:featuredmedia":[{"embeddable":true,"href":"https:\/\/www.miamedicalitalia.it\/zh\/wp-json\/wp\/v2\/media\/12272"}],"wp:attachment":[{"href":"https:\/\/www.miamedicalitalia.it\/zh\/wp-json\/wp\/v2\/media?parent=8939"}],"wp:term":[{"taxonomy":"home-category","embeddable":true,"href":"https:\/\/www.miamedicalitalia.it\/zh\/wp-json\/wp\/v2\/home-category?post=8939"},{"taxonomy":"product_brand","embeddable":true,"href":"https:\/\/www.miamedicalitalia.it\/zh\/wp-json\/wp\/v2\/product_brand?post=8939"},{"taxonomy":"product_cat","embeddable":true,"href":"https:\/\/www.miamedicalitalia.it\/zh\/wp-json\/wp\/v2\/product_cat?post=8939"},{"taxonomy":"product_tag","embeddable":true,"href":"https:\/\/www.miamedicalitalia.it\/zh\/wp-json\/wp\/v2\/product_tag?post=8939"},{"taxonomy":"woo-feed-brand","embeddable":true,"href":"https:\/\/www.miamedicalitalia.it\/zh\/wp-json\/wp\/v2\/woo-feed-brand?post=8939"}],"curies":[{"name":"wp","href":"https:\/\/api.w.org\/{rel}","templated":true}]}}