{"id":14712,"date":"2025-10-23T11:48:24","date_gmt":"2025-10-23T09:48:24","guid":{"rendered":"https:\/\/www.miamedicalitalia.it\/?post_type=product&#038;p=14712"},"modified":"2026-03-30T14:48:29","modified_gmt":"2026-03-30T12:48:29","slug":"magnetoterapia-therapist-150-plus","status":"publish","type":"product","link":"https:\/\/www.miamedicalitalia.it\/zh\/product\/magnetoterapia-therapist-150-plus\/","title":{"rendered":"\u79df\u7528\u78c1\u7597\u6cbb\u7597\u4eea\u00ae 150 Plus"},"content":{"rendered":"<p>\u8bbe\u5907 <strong>THERAPIST\u00ae 150 Plus<\/strong> \u8fd9\u662f\u4e00\u6b3e\u4e13\u4e1a\u7d27\u51d1\u578b\u4fbf\u643a\u5f0f\u78c1\u7597\u4eea\uff0c\u4e13\u4e3a\u5bb6\u5ead\u53ca\u4e13\u4e1a\u7528\u9014\u8bbe\u8ba1\u3002\u51ed\u501f\u5176\u5185\u7f6e\u4e13\u5229\u7535\u78c1\u7ebf\u5708\uff0c\u53ef\u5c06100%\u78c1\u901a\u91cf\u7cbe\u51c6\u5bfc\u5411\u6cbb\u7597\u533a\u57df\uff0c\u4e3a\u6025\u6027\u4e0e\u6162\u6027\u75bc\u75db\u3001\u9aa8\u6298\u3001\u708e\u75c7\u3001\u9aa8\u5173\u8282\u708e\u53ca\u9aa8\u8d28\u758f\u677e\u75c7\u63d0\u4f9b\u9ad8\u6548\u7597\u6cd5\u3002.<\/p>\n\n\n\n<p>\u8109\u51b2\u7535\u78c1\u573a\uff08CEMP\uff09\u6280\u672f\u53ef\u523a\u6fc0\u7ec6\u80de\u518d\u751f\uff0c\u52a0\u901f\u9aa8\u9abc\u6108\u5408\u5e76\u51cf\u8f7b\u708e\u75c7\uff0c\u5bf9\u808c\u8089\u635f\u4f24\u3001\u808c\u8171\u708e\u3001\u5173\u8282\u5468\u56f4\u708e\u3001\u8170\u75db\u53ca\u8155\u7ba1\u7efc\u5408\u5f81\u5177\u6709\u663e\u8457\u7597\u6548\u3002 THERAPIST\u00ae 150 Plus\u8fd0\u884c\u9759\u97f3\u3001\u65e0\u9707\u52a8\u4e14\u5b8c\u5168\u65e0\u7ebf\uff0c\u5373\u4f7f\u5728\u8863\u7269\u6216\u77f3\u818f\u5916\u4e5f\u80fd\u8f7b\u677e\u4f7f\u7528\u3002.<\/p>\n\n\n\n<p>\u51ed\u501f\u957f\u6548\u7535\u6c60\u548c\u4fbf\u643a\u5c3a\u5bf8\uff089\u5398\u7c73\u00d713.5\u5398\u7c73\uff09\uff0c\u53ef\u968f\u8eab\u643a\u5e26\u81f3\u4efb\u4f55\u573a\u6240\uff0c\u786e\u4fdd\u6301\u7eed\u8212\u9002\u7684\u6cbb\u7597\u4f53\u9a8c\u3002\u4e13\u7528\u5e94\u7528\u7a0b\u5e8f\u652f\u6301\u5b9e\u65f6\u76d1\u6d4b\u6cbb\u7597\u65f6\u957f\u3001\u5f53\u524d\u7a0b\u5e8f\u53ca\u7535\u6c60\u72b6\u6001\uff0c\u5e76\u7cbe\u51c6\u63d0\u793a\u9488\u5bf9\u4e0d\u540c\u75bc\u75db\u7c7b\u578b\u6700\u9002\u5b9c\u7684\u78c1\u7597\u9891\u7387\u3002.<\/p>\n\n\n\n<h3 class=\"wp-block-heading\" id=\"h-noleggio-magnetoterapia-therapist-150-plus-caratteristiche-principali-dispositivo\"><strong>THERAPIST\u00ae 150 Plus \u78c1\u7597\u4eea\u79df\u8d41\uff1a\u8bbe\u5907\u4e3b\u8981\u7279\u6027<\/strong><\/h3>\n\n\n\n<ul class=\"wp-block-list\">\n<li>\u5c0f\u5de7\u4fbf\u643a\u7684\u4e13\u4e1a\u78c1\u7597\u673a<\/li>\n\n\n\n<li>\u83b7\u5f97\u4e13\u5229\u7684\u96c6\u6210\u7535\u78c1\u94c1\uff0c\u5c06\u78c1\u901a\u91cf\u5bfc\u5411 100%<\/li>\n\n\n\n<li>\u6ca1\u6709\u7ebf\u5934\uff0c\u751a\u81f3\u53ef\u4ee5\u5957\u5728\u8863\u670d\u6216\u77f3\u818f\u4e0a\u4f7f\u7528<\/li>\n\n\n\n<li>\u957f\u5bff\u547d\u7535\u6c60\uff0c\u53e3\u888b\u5927\u5c0f\uff089 x 13.5 \u5398\u7c73\uff09<\/li>\n\n\n\n<li>\u7528\u4e8e\u5b9e\u65f6\u6cbb\u7597\u63a7\u5236\u7684\u4e13\u7528\u5e94\u7528\u7a0b\u5e8f<\/li>\n\n\n\n<li>\u6cbb\u7597\u7ed3\u675f\u8702\u9e23\u5668<\/li>\n\n\n\n<li>\u9002\u7528\u4e8e\u6025\u6027\u548c\u6162\u6027\u75bc\u75db\u3001\u9aa8\u6298\u3001\u5173\u8282\u75c5\u548c\u9aa8\u8d28\u758f\u677e\u75c7<\/li>\n\n\n\n<li>\u914d\u4ef6\u5305\u62ec\uff1a\u677e\u7d27\u5e26\u3001\u7528\u6237\u624b\u518c<\/li>\n<\/ul>\n\n\n\n<p>\u8bbe\u5907\u79df\u91d1 <strong>THERAPIST\u00ae 150 Plus<\/strong> \u8fd9\u662f\u7406\u60f3\u4e4b\u9009\uff0c\u4e13\u4e3a\u6e34\u671b\u5728\u5bb6\u4eab\u53d7\u9ad8\u6548\u4e13\u4e1a\u62a4\u7406\uff0c\u53c8\u65e0\u9700\u627f\u62c5\u8d2d\u4e70\u6210\u672c\u7684\u4eba\u58eb\u8bbe\u8ba1\u3002.<\/p>\n\n\n\n<h3 class=\"wp-block-heading\" id=\"h-perche-scegliere-il-noleggio\"><strong>\u4e3a\u4ec0\u4e48\u8058\u7528<\/strong><\/h3>\n\n\n\n<p>\u9009\u62e9\u8bbe\u5907\u79df\u8d41 <strong>THERAPIST\u00ae 150 Plus<\/strong> \u65e0\u9700\u8d2d\u4e70\u627f\u8bfa\u5373\u53ef\u4f7f\u7528\u4e13\u4e1a\u4e13\u5229\u6280\u672f\u3002\u7279\u522b\u9002\u5408\u77ed\u671f\u7597\u7a0b\uff0c\u8ba9\u60a8\u5728\u5bb6\u4e2d\u8f7b\u677e\u9075\u5faa\u533b\u5631\u3002.<\/p>\n\n\n\n<h3 class=\"wp-block-heading\" id=\"h-vantaggi-del-noleggio\"><strong>\u79df\u8d41\u4f18\u52bf<\/strong><\/h3>\n\n\n\n<ul class=\"wp-block-list\">\n<li>\u4f4e\u6210\u672c<\/li>\n\n\n\n<li>\u65e0\u8d2d\u4e70\u4e49\u52a1<\/li>\n\n\n\n<li>\u5feb\u901f\u9001\u8d27\u4e0a\u95e8<\/li>\n\n\n\n<li>\u4e13\u95e8\u7684\u6280\u672f\u652f\u6301<\/li>\n\n\n\n<li>\u53ef\u6839\u636e\u9700\u8981\u5ef6\u957f\u6216\u6682\u505c\u670d\u52a1<\/li>\n<\/ul>\n\n\n\n<h3 class=\"wp-block-heading\" id=\"h-perche-scegliere-mia-medical-italia\"><strong>\u4e3a\u4f55\u9009\u62e9\u610f\u5927\u5229\u7c73\u5a05\u533b\u7597<\/strong><\/h3>\n\n\n\n<p>\u9009\u62e9Mia Medical Italia\u610f\u5473\u7740\u9009\u62e9\u4e13\u4e1a\u6027\u3001\u7ecf\u9a8c\u548c\u5ba2\u6237\u5173\u6000\u3002\u6211\u4eec\u7684\u4f18\u52bf\uff1a<\/p>\n\n\n\n<ul class=\"wp-block-list\">\n<li>\u4e3a\u9009\u62e9\u6700\u5408\u9002\u7684\u8bbe\u5907\u63d0\u4f9b\u514d\u8d39\u54a8\u8be2<\/li>\n\n\n\n<li>\u79df\u8d41\u671f\u95f4\u7684\u6301\u7eed\u7535\u8bdd\u652f\u6301<\/li>\n\n\n\n<li>\u610f\u5927\u5229\u5404\u5730\u7684\u9001\u8d27\u4e0a\u95e8\u548c\u53d6\u8d27\u670d\u52a1<\/li>\n\n\n\n<li>\u7ecf\u8fc7\u6d88\u6bd2\u548c CE \u8ba4\u8bc1\u7684\u8bbe\u5907<\/li>\n\n\n\n<li>\u79f0\u804c\u548c\u4e50\u4e8e\u52a9\u4eba\u7684\u5de5\u4f5c\u4eba\u5458<\/li>\n\n\n\n<li>\u4ef7\u683c\u6e05\u6670\u900f\u660e<\/li>\n<\/ul>\n\n\n\n<p>\u8bbf\u95ee\u6211\u4eec\u7684\u7f51\u7ad9\uff0c\u63a2\u7d22\u5168\u7cfb\u5217\u8bbe\u5907 <a href=\"https:\/\/www.miamedicalitalia.it\/zh\/categoria\/affitto-e-noleggio-ausili\/?_gl=1*c4srxd*_up*MQ..*_ga*MjExOTgxNjM4Mi4xNzQ4Njg0MzA5*_ga_D9FZ9V3LL7*czE3NDg2ODkyMzckbzMkZzAkdDE3NDg2ODkyMzckajYwJGwwJGgw\">\u7535\u7597\u3001\u78c1\u7597\u3001\u7535\u7597\u3001\u538b\u529b\u7597\u6cd5\u3001\u51b7\u51bb\u7597\u6cd5\u7b49\u3002.<\/a><\/p>\n\n\n\n<p>\u4e0e <strong>\u610f\u5927\u5229\u7c73\u5a05\u533b\u7597\u4e2d\u5fc3<\/strong>, \u62a4\u7406\u7b80\u5355\u53c8\u5b89\u5168\u3002\u7acb\u5373\u9884\u7ea6\u60a8\u7684 <strong>THERAPIST\u00ae 150 Plus<\/strong> \u5e76\u5728 24\/48 \u5c0f\u65f6\u5185\u5f00\u59cb\u6cbb\u7597\uff01\u73b0\u5728\u5c31\u8054\u7cfb\u6211\u4eec <strong>+39 392 65 09 237<\/strong> \u79df\u8d41\u5bb6\u7528\u78c1\u7597\u8bbe\u5907\u3002.<\/p>","protected":false},"excerpt":{"rendered":"<div style=\"font-family: Arial, sans-serif; background-color: #234091; padding: 30px; border-radius: 25px; max-width: 600px; color: #ffffff; position: relative; border-top: 6px solid #2498fe;\">\n<h3 style=\"color: #ffffff; margin-top: 0;\">\u79df\u7528\u78c1\u7597\u6cbb\u7597\u5e08 150 Plus<\/h3>\n<p>Consegna a domicilio in tutta Italia a partire da 15\u20ac + 15\u20ac per il ritiro. <\/p>\n<p><strong>\u5982\u679c\u8d2d\u4e70\u81f3\u5c11 45 \u5929\u7684\u79df\u8d41\u670d\u52a1\uff0c\u53ef\u4eab\u53d7\u514d\u8d39\u9001\u8d27\u670d\u52a1\u3002<\/strong> <\/p>\n<p><strong>\u65e0\u9700\u62bc\u91d1\uff01<\/strong><\/div>\n<p><!-- Linea bianca sotto --><\/p>\n<div style=\"height: 6px; background-color: #ffffff; max-width: 600px;\">\u00a0<\/div>","protected":false},"featured_media":14719,"template":"","meta":{"_acf_changed":true},"home-category":[262],"product_brand":[],"product_cat":[260,224],"product_tag":[],"woo-feed-brand":[],"class_list":{"0":"post-14712","1":"product","2":"type-product","3":"status-publish","4":"has-post-thumbnail","6":"home-category-elettromedicali","7":"product_cat-affitto-e-noleggio-ausili","8":"product_cat-affitto-noleggio-magnetoterapia-cemp","9":"wcpa_has_options","11":"first","12":"instock","13":"shipping-taxable","14":"purchasable","15":"product-type-variable"},"acf":[],"yoast_head":"<!-- This site is optimized with the Yoast SEO Premium plugin v27.5 (Yoast SEO v27.5) - https:\/\/yoast.com\/product\/yoast-seo-premium-wordpress\/ -->\n<title>Noleggio Magnetoterapia THERAPIST 150 PLUS<\/title>\n<meta name=\"description\" content=\"Noleggio Magnetoterapia Therapist 150 plus da soli 2,90\u20ac al giorno. Trasporto gratuito. Nessun Deposito. disponibilit\u00e0 immediata. Prenota online ora!\" \/>\n<meta name=\"robots\" content=\"index, follow, max-snippet:-1, max-image-preview:large, max-video-preview:-1\" \/>\n<link rel=\"canonical\" href=\"https:\/\/www.miamedicalitalia.it\/zh\/product\/magnetoterapia-therapist-150-plus\/\" \/>\n<meta property=\"og:locale\" content=\"zh_CN\" \/>\n<meta property=\"og:type\" content=\"article\" \/>\n<meta property=\"og:title\" content=\"Noleggio Magnetoterapia THERAPIST 150 PLUS\" \/>\n<meta property=\"og:description\" content=\"Noleggio Magnetoterapia Therapist 150 plus da soli 2,90\u20ac al giorno. Trasporto gratuito. Nessun Deposito. disponibilit\u00e0 immediata. Prenota online ora!\" \/>\n<meta property=\"og:url\" content=\"https:\/\/www.miamedicalitalia.it\/zh\/product\/magnetoterapia-therapist-150-plus\/\" \/>\n<meta property=\"og:site_name\" content=\"Mia Medical\" \/>\n<meta property=\"article:publisher\" content=\"https:\/\/www.facebook.com\/miamedicalitalia\" \/>\n<meta property=\"article:modified_time\" content=\"2026-03-30T12:48:29+00:00\" \/>\n<meta property=\"og:image\" content=\"https:\/\/www.miamedicalitalia.it\/wp-content\/uploads\/2025\/10\/2.png\" \/>\n\t<meta property=\"og:image:width\" content=\"1000\" \/>\n\t<meta property=\"og:image:height\" content=\"1000\" \/>\n\t<meta property=\"og:image:type\" content=\"image\/png\" \/>\n<meta name=\"twitter:card\" content=\"summary_large_image\" \/>\n<meta name=\"twitter:label1\" content=\"\u9884\u8ba1\u9605\u8bfb\u65f6\u95f4\" \/>\n\t<meta name=\"twitter:data1\" content=\"2 \u5206\" \/>\n<script type=\"application\/ld+json\" class=\"yoast-schema-graph\">{\"@context\":\"https:\\\/\\\/schema.org\",\"@graph\":[{\"@type\":\"WebPage\",\"@id\":\"https:\\\/\\\/www.miamedicalitalia.it\\\/prodotto\\\/magnetoterapia-therapist-150-plus\\\/\",\"url\":\"https:\\\/\\\/www.miamedicalitalia.it\\\/prodotto\\\/magnetoterapia-therapist-150-plus\\\/\",\"name\":\"Noleggio Magnetoterapia THERAPIST 150 PLUS\",\"isPartOf\":{\"@id\":\"https:\\\/\\\/www.miamedicalitalia.it\\\/#website\"},\"primaryImageOfPage\":{\"@id\":\"https:\\\/\\\/www.miamedicalitalia.it\\\/prodotto\\\/magnetoterapia-therapist-150-plus\\\/#primaryimage\"},\"image\":{\"@id\":\"https:\\\/\\\/www.miamedicalitalia.it\\\/prodotto\\\/magnetoterapia-therapist-150-plus\\\/#primaryimage\"},\"thumbnailUrl\":\"https:\\\/\\\/www.miamedicalitalia.it\\\/wp-content\\\/uploads\\\/2025\\\/10\\\/2.png\",\"datePublished\":\"2025-10-23T09:48:24+00:00\",\"dateModified\":\"2026-03-30T12:48:29+00:00\",\"description\":\"Noleggio Magnetoterapia Therapist 150 plus da soli 2,90\u20ac al giorno. Trasporto gratuito. Nessun Deposito. disponibilit\u00e0 immediata. Prenota online ora!\",\"breadcrumb\":{\"@id\":\"https:\\\/\\\/www.miamedicalitalia.it\\\/prodotto\\\/magnetoterapia-therapist-150-plus\\\/#breadcrumb\"},\"inLanguage\":\"zh-Hans\",\"potentialAction\":[{\"@type\":\"ReadAction\",\"target\":[\"https:\\\/\\\/www.miamedicalitalia.it\\\/prodotto\\\/magnetoterapia-therapist-150-plus\\\/\"]}]},{\"@type\":\"ImageObject\",\"inLanguage\":\"zh-Hans\",\"@id\":\"https:\\\/\\\/www.miamedicalitalia.it\\\/prodotto\\\/magnetoterapia-therapist-150-plus\\\/#primaryimage\",\"url\":\"https:\\\/\\\/www.miamedicalitalia.it\\\/wp-content\\\/uploads\\\/2025\\\/10\\\/2.png\",\"contentUrl\":\"https:\\\/\\\/www.miamedicalitalia.it\\\/wp-content\\\/uploads\\\/2025\\\/10\\\/2.png\",\"width\":1000,\"height\":1000},{\"@type\":\"BreadcrumbList\",\"@id\":\"https:\\\/\\\/www.miamedicalitalia.it\\\/prodotto\\\/magnetoterapia-therapist-150-plus\\\/#breadcrumb\",\"itemListElement\":[{\"@type\":\"ListItem\",\"position\":1,\"name\":\"Home\",\"item\":\"https:\\\/\\\/www.miamedicalitalia.it\\\/\"},{\"@type\":\"ListItem\",\"position\":2,\"name\":\"Shop\",\"item\":\"https:\\\/\\\/www.miamedicalitalia.it\\\/negozio\\\/\"},{\"@type\":\"ListItem\",\"position\":3,\"name\":\"Affitto e noleggio\",\"item\":\"https:\\\/\\\/www.miamedicalitalia.it\\\/categoria\\\/affitto-e-noleggio-ausili\\\/\"},{\"@type\":\"ListItem\",\"position\":4,\"name\":\"Noleggio Magnetoterapia Therapist\u00ae 150 Plus\"}]},{\"@type\":\"WebSite\",\"@id\":\"https:\\\/\\\/www.miamedicalitalia.it\\\/#website\",\"url\":\"https:\\\/\\\/www.miamedicalitalia.it\\\/\",\"name\":\"www.miamedicalitalia.it\",\"description\":\"Noleggio e Vendita Attrezzatura Sanitarie\",\"publisher\":{\"@id\":\"https:\\\/\\\/www.miamedicalitalia.it\\\/#organization\"},\"potentialAction\":[{\"@type\":\"SearchAction\",\"target\":{\"@type\":\"EntryPoint\",\"urlTemplate\":\"https:\\\/\\\/www.miamedicalitalia.it\\\/?s={search_term_string}\"},\"query-input\":{\"@type\":\"PropertyValueSpecification\",\"valueRequired\":true,\"valueName\":\"search_term_string\"}}],\"inLanguage\":\"zh-Hans\"},{\"@type\":\"Organization\",\"@id\":\"https:\\\/\\\/www.miamedicalitalia.it\\\/#organization\",\"name\":\"OLG\",\"url\":\"https:\\\/\\\/www.miamedicalitalia.it\\\/\",\"logo\":{\"@type\":\"ImageObject\",\"inLanguage\":\"zh-Hans\",\"@id\":\"https:\\\/\\\/www.miamedicalitalia.it\\\/#\\\/schema\\\/logo\\\/image\\\/\",\"url\":\"https:\\\/\\\/www.miamedicalitalia.it\\\/wp-content\\\/uploads\\\/2023\\\/04\\\/mia-medical-logo-free.png\",\"contentUrl\":\"https:\\\/\\\/www.miamedicalitalia.it\\\/wp-content\\\/uploads\\\/2023\\\/04\\\/mia-medical-logo-free.png\",\"width\":700,\"height\":700,\"caption\":\"OLG\"},\"image\":{\"@id\":\"https:\\\/\\\/www.miamedicalitalia.it\\\/#\\\/schema\\\/logo\\\/image\\\/\"},\"sameAs\":[\"https:\\\/\\\/www.facebook.com\\\/miamedicalitalia\"]}]}<\/script>\n<!-- \/ Yoast SEO Premium plugin. -->","yoast_head_json":{"title":"THERAPIST 150 PLUS \u78c1\u7597\u4eea\u79df\u8d41","description":"\u78c1\u7597\u4eeaTherapist 150 plus\u79df\u8d41\u670d\u52a1\uff0c\u6bcf\u65e5\u4ec5\u97002.90\u6b27\u5143\u3002\u514d\u8d39\u914d\u9001\u3002\u65e0\u9700\u62bc\u91d1\u3002\u7acb\u5373\u53ef\u7528\u3002\u7acb\u5373\u5728\u7ebf\u9884\u8ba2\uff01","robots":{"index":"index","follow":"follow","max-snippet":"max-snippet:-1","max-image-preview":"max-image-preview:large","max-video-preview":"max-video-preview:-1"},"canonical":"https:\/\/www.miamedicalitalia.it\/zh\/product\/magnetoterapia-therapist-150-plus\/","og_locale":"zh_CN","og_type":"article","og_title":"Noleggio Magnetoterapia THERAPIST 150 PLUS","og_description":"Noleggio Magnetoterapia Therapist 150 plus da soli 2,90\u20ac al giorno. Trasporto gratuito. Nessun Deposito. disponibilit\u00e0 immediata. Prenota online ora!","og_url":"https:\/\/www.miamedicalitalia.it\/zh\/product\/magnetoterapia-therapist-150-plus\/","og_site_name":"Mia Medical","article_publisher":"https:\/\/www.facebook.com\/miamedicalitalia","article_modified_time":"2026-03-30T12:48:29+00:00","og_image":[{"width":1000,"height":1000,"url":"https:\/\/www.miamedicalitalia.it\/wp-content\/uploads\/2025\/10\/2.png","type":"image\/png"}],"twitter_card":"summary_large_image","twitter_misc":{"\u9884\u8ba1\u9605\u8bfb\u65f6\u95f4":"2 \u5206"},"schema":{"@context":"https:\/\/schema.org","@graph":[{"@type":"WebPage","@id":"https:\/\/www.miamedicalitalia.it\/prodotto\/magnetoterapia-therapist-150-plus\/","url":"https:\/\/www.miamedicalitalia.it\/prodotto\/magnetoterapia-therapist-150-plus\/","name":"THERAPIST 150 PLUS \u78c1\u7597\u4eea\u79df\u8d41","isPartOf":{"@id":"https:\/\/www.miamedicalitalia.it\/#website"},"primaryImageOfPage":{"@id":"https:\/\/www.miamedicalitalia.it\/prodotto\/magnetoterapia-therapist-150-plus\/#primaryimage"},"image":{"@id":"https:\/\/www.miamedicalitalia.it\/prodotto\/magnetoterapia-therapist-150-plus\/#primaryimage"},"thumbnailUrl":"https:\/\/www.miamedicalitalia.it\/wp-content\/uploads\/2025\/10\/2.png","datePublished":"2025-10-23T09:48:24+00:00","dateModified":"2026-03-30T12:48:29+00:00","description":"\u78c1\u7597\u4eeaTherapist 150 plus\u79df\u8d41\u670d\u52a1\uff0c\u6bcf\u65e5\u4ec5\u97002.90\u6b27\u5143\u3002\u514d\u8d39\u914d\u9001\u3002\u65e0\u9700\u62bc\u91d1\u3002\u7acb\u5373\u53ef\u7528\u3002\u7acb\u5373\u5728\u7ebf\u9884\u8ba2\uff01","breadcrumb":{"@id":"https:\/\/www.miamedicalitalia.it\/prodotto\/magnetoterapia-therapist-150-plus\/#breadcrumb"},"inLanguage":"zh-Hans","potentialAction":[{"@type":"ReadAction","target":["https:\/\/www.miamedicalitalia.it\/prodotto\/magnetoterapia-therapist-150-plus\/"]}]},{"@type":"ImageObject","inLanguage":"zh-Hans","@id":"https:\/\/www.miamedicalitalia.it\/prodotto\/magnetoterapia-therapist-150-plus\/#primaryimage","url":"https:\/\/www.miamedicalitalia.it\/wp-content\/uploads\/2025\/10\/2.png","contentUrl":"https:\/\/www.miamedicalitalia.it\/wp-content\/uploads\/2025\/10\/2.png","width":1000,"height":1000},{"@type":"BreadcrumbList","@id":"https:\/\/www.miamedicalitalia.it\/prodotto\/magnetoterapia-therapist-150-plus\/#breadcrumb","itemListElement":[{"@type":"ListItem","position":1,"name":"Home","item":"https:\/\/www.miamedicalitalia.it\/"},{"@type":"ListItem","position":2,"name":"Shop","item":"https:\/\/www.miamedicalitalia.it\/negozio\/"},{"@type":"ListItem","position":3,"name":"Affitto e noleggio","item":"https:\/\/www.miamedicalitalia.it\/categoria\/affitto-e-noleggio-ausili\/"},{"@type":"ListItem","position":4,"name":"Noleggio Magnetoterapia Therapist\u00ae 150 Plus"}]},{"@type":"WebSite","@id":"https:\/\/www.miamedicalitalia.it\/#website","url":"https:\/\/www.miamedicalitalia.it\/","name":"www.miamedicalitalia.it","description":"\u536b\u751f\u8bbe\u5907\u7684\u79df\u8d41\u548c\u9500\u552e","publisher":{"@id":"https:\/\/www.miamedicalitalia.it\/#organization"},"potentialAction":[{"@type":"SearchAction","target":{"@type":"EntryPoint","urlTemplate":"https:\/\/www.miamedicalitalia.it\/?s={search_term_string}"},"query-input":{"@type":"PropertyValueSpecification","valueRequired":true,"valueName":"search_term_string"}}],"inLanguage":"zh-Hans"},{"@type":"Organization","@id":"https:\/\/www.miamedicalitalia.it\/#organization","name":"OLG","url":"https:\/\/www.miamedicalitalia.it\/","logo":{"@type":"ImageObject","inLanguage":"zh-Hans","@id":"https:\/\/www.miamedicalitalia.it\/#\/schema\/logo\/image\/","url":"https:\/\/www.miamedicalitalia.it\/wp-content\/uploads\/2023\/04\/mia-medical-logo-free.png","contentUrl":"https:\/\/www.miamedicalitalia.it\/wp-content\/uploads\/2023\/04\/mia-medical-logo-free.png","width":700,"height":700,"caption":"OLG"},"image":{"@id":"https:\/\/www.miamedicalitalia.it\/#\/schema\/logo\/image\/"},"sameAs":["https:\/\/www.facebook.com\/miamedicalitalia"]}]}},"wcpa_form_fields":{"wcpaData":{"product":{"product_price":120,"price_html":"<span class=\"woocommerce-Price-amount amount\" aria-hidden=\"true\"><bdi><span class=\"woocommerce-Price-currencySymbol\">&euro;<\/span>120.00<\/bdi><\/span> <span aria-hidden=\"true\">\u2013<\/span> <span class=\"woocommerce-Price-amount amount\" aria-hidden=\"true\"><bdi><span class=\"woocommerce-Price-currencySymbol\">&euro;<\/span>290.00<\/bdi><\/span><span class=\"screen-reader-text\">\u4ef7\u683c\u8303\u56f4\uff1a&euro;120.00 \u81f3 &euro;290.00<\/span>","original_product_price":120,"price_including_tax":120,"price_excluding_tax":120,"product_id":{"parent":14712,"variation":false},"is_variable":true,"stock_status":"instock","stock_quantity":null,"parent_sku":"","product_attributes":{"quanto-costa":{"is_variation":true,"values":[]}},"custom_fields":[],"is_taxable":false,"product_name":"Noleggio Magnetoterapia Therapist\u00ae 150 Plus","hasImage":false},"fields":{"sec_565f165582eb8c":{"extra":{"key":"sec_565f165582eb8c","section_id":"sec_565f165582eb8c","name":"Predefinito","status":1,"toggle":true,"form_id":12050,"form_rules":{"exclude_from_discount":false,"fee_label":"Taxa","disp_hide_options_price":false,"disp_show_section_price":false,"disp_show_field_price":true,"layout_option":"standard","pric_use_as_fee":false,"process_fee_as":"woo_fee"},"layout_option":"standard"},"fields":[[{"active":true,"col":6,"relations":false,"cl_rule":"show","enableCl":false,"price":"","enablePrice":false,"className":"input-text","type":"date","required":true,"elementId":"date_3189538061","name":"date_3189538061","label":"A partire dal giorno:","picker_type":"custom","picker_mode":"single","error":false,"description":"Inserisci la data di inizio del noleggio","gt_translate_keys":["label","description"],"price_dependency":false,"cl_dependency":false,"value":""}]]}},"config":{"price_override":"","enable_recaptcha":false,"bind_quantity":false,"quantity_bind_formula":false,"disp_summ_show_option_price":true,"disp_summ_show_product_price":true,"disp_summ_show_total_price":true,"disp_summ_show_fee":false,"disp_summ_show_discount":false,"summary_title":"","options_total_label":"Op\u00e7\u00f5es Pre\u00e7o","total_label":"Total","options_product_label":"Pre\u00e7o do produto","fee_label":"Taxa","discount_label":"Desconto","has_price":true,"has_quantity_formula":false},"mc_unit":1,"tax_rate":1,"tax_rate_real":1,"discount":{"percentage":0,"fixed":0},"design":{"conf":{"LabelPosition":"above","DescPosition":"below","UploadField":"custom_1","QuantityFieldStyle":"default"},"css":{"LeftLabelWidth":"50px"}},"formulas":[],"lookuptables":[],"clones":false,"cartKey":false}},"_links":{"self":[{"href":"https:\/\/www.miamedicalitalia.it\/zh\/wp-json\/wp\/v2\/product\/14712","targetHints":{"allow":["GET"]}}],"collection":[{"href":"https:\/\/www.miamedicalitalia.it\/zh\/wp-json\/wp\/v2\/product"}],"about":[{"href":"https:\/\/www.miamedicalitalia.it\/zh\/wp-json\/wp\/v2\/types\/product"}],"wp:featuredmedia":[{"embeddable":true,"href":"https:\/\/www.miamedicalitalia.it\/zh\/wp-json\/wp\/v2\/media\/14719"}],"wp:attachment":[{"href":"https:\/\/www.miamedicalitalia.it\/zh\/wp-json\/wp\/v2\/media?parent=14712"}],"wp:term":[{"taxonomy":"home-category","embeddable":true,"href":"https:\/\/www.miamedicalitalia.it\/zh\/wp-json\/wp\/v2\/home-category?post=14712"},{"taxonomy":"product_brand","embeddable":true,"href":"https:\/\/www.miamedicalitalia.it\/zh\/wp-json\/wp\/v2\/product_brand?post=14712"},{"taxonomy":"product_cat","embeddable":true,"href":"https:\/\/www.miamedicalitalia.it\/zh\/wp-json\/wp\/v2\/product_cat?post=14712"},{"taxonomy":"product_tag","embeddable":true,"href":"https:\/\/www.miamedicalitalia.it\/zh\/wp-json\/wp\/v2\/product_tag?post=14712"},{"taxonomy":"woo-feed-brand","embeddable":true,"href":"https:\/\/www.miamedicalitalia.it\/zh\/wp-json\/wp\/v2\/woo-feed-brand?post=14712"}],"curies":[{"name":"wp","href":"https:\/\/api.w.org\/{rel}","templated":true}]}}