{"id":14107,"date":"2025-07-21T13:16:42","date_gmt":"2025-07-21T11:16:42","guid":{"rendered":"https:\/\/www.miamedicalitalia.it\/?post_type=product&#038;p=14107"},"modified":"2026-03-06T17:10:34","modified_gmt":"2026-03-06T15:10:34","slug":"vendita-sollevatore-elettrico-go-up","status":"publish","type":"product","link":"https:\/\/www.miamedicalitalia.it\/zh\/product\/vendita-sollevatore-elettrico-go-up\/","title":{"rendered":"GO UP \u7535\u52a8\u5347\u964d\u673a\u51fa\u552e"},"content":{"rendered":"<h3 class=\"wp-block-heading\" id=\"h-vendita-sollevatore-elettrico-per-anziani-per-uso-sanitario-al-bagno-un-supporto-essenziale-per-la-mobilita-assistita\">Vendita Sollevatore elettrico per anziani per uso sanitario al bagno : un supporto essenziale per la mobilit\u00e0 assistita.<\/h3>\n\n\n\n<p>\u01de\u01de\u01de <strong>GO UP \u7535\u52a8\u846b\u82a6<\/strong> per anziani \u00e8 un dispositivo medicale progettato per il <strong>trasferimento sicuro e confortevole di persone con ridotta capacit\u00e0 motoria e per l&#8217;uso in bagno.<\/strong> \u65e0\u8bba\u662f\u5728\u5bb6\u5ead\u8fd8\u662f\u5728\u4e13\u4e1a\u73af\u5883\u4e2d\uff0c\u5b83\u90fd\u662f\u6301\u7eed\u6027\u65e5\u5e38\u4f7f\u7528\u7684\u7406\u60f3\u9009\u62e9\uff0c\u662f\u90a3\u4e9b\u5e0c\u671b\u786e\u4fdd\u957f\u671f\u6301\u7eed\u62a4\u7406\u7684\u4eba\u7684\u6218\u7565\u9009\u62e9\u3002<\/p>\n\n\n\n<p>Indicato per il passaggio dal letto alla carrozzina o della poltrona \u00e8 sopratutto ideal per il  bagno o in qualsiasi situazione di spostamento nei piccoli spazi , il GO UP si rivela un ausilio indispensabile per mantenere la sicurezza dell\u2019assistito, migliorando al contempo la qualit\u00e0 del lavoro del caregiver.<\/p>\n\n\n\n<h4 class=\"wp-block-heading\" id=\"h-caratteristiche-tecniche-del-modello-go-up\">GO UP \u578b\u53f7\u7684\u6280\u672f\u7279\u70b9<\/h4>\n\n\n\n<ul class=\"wp-block-list\">\n<li>\u5e26\u624b\u52a8\u63a7\u5236\u7684\u7535\u52a8\u5347\u964d\u673a<\/li>\n\n\n\n<li>\u9ad8\u5ea6\u53ef\u5728 40 \u5398\u7c73\u81f3 73 \u5398\u7c73\u4e4b\u95f4\u8c03\u8282<\/li>\n\n\n\n<li>\u6570\u5b57\u663e\u793a\u5c4f\uff0c\u5e26\u7535\u6c60\u7535\u91cf\u6307\u793a\u5668<\/li>\n\n\n\n<li>\u6700\u5927\u8f7d\u91cd\u91cf\uff1a150 \u5343\u514b<\/li>\n\n\n\n<li>\u575a\u56fa\u7684\u7ed3\u6784\u548c\u52a0\u56fa\u7684\u6846\u67b6<\/li>\n\n\n\n<li>4 \u4e2a\u5e26\u540e\u5236\u52a8\u5668\u7684\u65cb\u8f6c\u811a\u8f6e<\/li>\n\n\n\n<li>\u53ef\u62c6\u5378\u3001\u9632\u6c34\u3001\u886c\u57ab\u5f0f\u4eba\u4f53\u5de5\u5b66\u5ea7\u6905<\/li>\n\n\n\n<li>\u8f6f\u57ab\u9760\u80cc\u3001\u6276\u624b\u548c\u9632\u6ed1\u811a\u8e0f\u677f<\/li>\n\n\n\n<li>\u5ea7\u6905\u4e2d\u592e\u5f00\u53e3\uff0c\u7528\u4e8e\u536b\u751f\u7528\u9014\uff08\u5982\u5395\u529f\u80fd\uff09<\/li>\n<\/ul>\n\n\n\n<h3 class=\"wp-block-heading\" id=\"h-a-chi-e-indicato-l-acquisto-del-sollevatore-elettrico-go-up\">\u7535\u52a8\u5347\u964d\u673aGO UP\u9002\u5408\u54ea\u4e9b\u4eba\u7fa4\u8d2d\u4e70\uff1f<\/h3>\n\n\n\n<p>\u7535\u52a8\u5347\u964d\u673a\u9500\u552e\u670d\u52a1\u7279\u522b\u9488\u5bf9\u4ee5\u4e0b\u5bf9\u8c61\u8bbe\u8ba1\uff1a<\/p>\n\n\n\n<ul class=\"wp-block-list\">\n<li><strong>\u5bb6\u5ead<\/strong> che assistono quotidianamente un parente con mobilit\u00e0 ridotta e vogliono un valido aiuto per i spostamenti in bagno. <\/li>\n\n\n\n<li><strong>\u533b\u7597\u673a\u6784\u548c\u7597\u517b\u9662<\/strong> \u9700\u8981\u81ea\u5df1\u7684\u6c38\u4e45\u6027\u88c5\u7f6e<\/li>\n\n\n\n<li><strong>\u5bb6\u5ead\u62a4\u7406\u5de5\u4f5c\u8005\u548c\u62a4\u7406\u4eba\u5458 <\/strong>\u4e3a\u540c\u4e00\u75c5\u4eba\u8fde\u7eed\u5de5\u4f5c<\/li>\n\n\n\n<li><strong>\u7269\u7406\u6cbb\u7597\u6216\u5eb7\u590d\u4e2d\u5fc3<\/strong> \u5e0c\u671b\u83b7\u5f97\u4e13\u4e1a\u8bbe\u5907<\/li>\n<\/ul>\n\n\n\n<p>\u6295\u8d44\u4e8e\u5347\u964d\u673a\u610f\u5473\u7740\u4e3a\u957f\u671f\u62a4\u7406\u73af\u5883\u4e2d\u7684\u751f\u6d3b\u8005\u6216\u5de5\u4f5c\u8005\u63d0\u4f9b\u6301\u4e45\u7684\u5b89\u5168\u4fdd\u969c\u4e0e\u5b89\u5fc3\u4f53\u9a8c\u3002.<br><\/p>\n\n\n\n<h3 class=\"wp-block-heading\" id=\"h-vendita-sollevatore-elettrico-go-up-per-anziani-comfort-sicurezza-e-autonomia-ogni-giorno\"><strong>GO UP \u8001\u5e74\u4eba\u7535\u52a8\u846b\u82a6\u51fa\u552e\uff1a\u8212\u9002\u3001\u5b89\u5168\u548c\u72ec\u7acb\u7684\u6bcf\u4e00\u5929<\/strong><\/h3>\n\n\n\n<p>Disporre di un sollevatore personale migliora significativamente la quotidianit\u00e0, sia per chi riceve assistenza sia per chi la presta. Grazie al GO UP, ogni movimento diventa pi\u00f9 semplice, pi\u00f9 sicuro e meno stressante. Inoltre, scegliere il GO UP significa dotarsi di un ausilio durevole, affidabile e di qualit\u00e0, pensato per resistere nel tempo e garantire assistenza professionale e continua. \u00c8 una soluzione ideale per chi ha bisogno di un supporto  idoneo al bagno, sotto la doccia e per tutti spostamenti , fisso e sempre disponibile! <br><\/p>\n\n\n\n<p>\u4e86\u89e3\u6211\u4eec\u7684 <strong><a href=\"https:\/\/www.miamedicalitalia.it\/zh\/categoria\/affitto-e-noleggio-ausili\/\">\u5c06\u6240\u6709\u53ef\u7528\u7684\u6a21\u578b\u548c\u8f85\u52a9\u5de5\u5177\u653e\u5728\u7f51\u7ad9\u4e0a\uff1a\u8fd9\u4e9b\u5de5\u5177\u65e8\u5728\u6bcf\u5929\u966a\u4f34\u4eba\u4eec\u5b9e\u73b0\u65b0\u7684\u81ea\u4e3b\u3002<\/a><\/strong><\/p>\n\n\n\n<p>\u6bcf\u5929\uff0c\u6211\u4eec\u90fd\u5728\u52aa\u529b\u4e3a\u5ba2\u6237\u63d0\u4f9b\u5bb6\u5ead\u62a4\u7406\u6240\u9700\u7684\u4e00\u5207\u5de5\u5177\uff0c\u8ba9\u4ed6\u4eec\u5728\u4eb2\u4eba\u7684\u5173\u7231\u4e2d\u5f97\u5230\u6240\u9700\u7684\u62a4\u7406\u3002. <strong>\u9009\u62e9 M.I.A. Medical Italia \u7684\u9500\u552e\u548c\u79df\u8d41\u670d\u52a1\u3002 <\/strong>\u6211\u4eec\u7684\u8f85\u52a9\u8bbe\u5907\u90fd\u662f\u4ece\u6700\u597d\u7684\u4f9b\u5e94\u5546\u90a3\u91cc\u7cbe\u6311\u7ec6\u9009\u51fa\u6765\u7684\uff0c\u4ee5\u4fdd\u8bc1\u6211\u4eec\u7684\u4ea7\u54c1\u80fd\u6ee1\u8db3\u60a8\u7684\u9700\u6c42\u3002 <strong>\u9876\u7ea7\u670d\u52a1\uff0c\u4e13\u4e1a\u4eba\u5458\u968f\u65f6\u63d0\u4f9b\u534f\u52a9\uff0c24\/48 \u5c0f\u65f6\u5185\u5feb\u901f\u9001\u8d27\u4e0a\u95e8\u3002.<\/strong><\/p>\n\n\n\n<h4 class=\"wp-block-heading\" id=\"h-contatti-utili\">\u6709\u7528\u7684\u8054\u7cfb\u65b9\u5f0f<\/h4>\n\n\n\n<p>\u60a8\u8fd8\u5728\u7b49\u4ec0\u4e48\uff1f\u73b0\u5728\u5c31\u62e8\u6253 +<strong>39 392 65 09 237<\/strong> \u7acb\u5373\u7533\u8bf7\u60a8\u7684\u5347\u964d\u673a\uff01\u6b64\u5916\uff0c\u53ea\u9700\u5411\u6211\u4eec\u53d1\u9001\u6d88\u606f\u5373\u53ef\u3002 <strong><a href=\"https:\/\/wa.me\/393926509237\">whatsapp<\/a><\/strong> \u4ee5\u6267\u884c <strong>\u9884\u8ba2<\/strong> \u6216\u7533\u8bf7 <strong>\u514d\u8d39\u54a8\u8be2<\/strong>.\u6211\u4eec\u7684 <strong>\u4e13\u4e1a\u6280\u672f\u4eba\u5458\u968f\u65f6\u51c6\u5907\u4e3a\u60a8\u89e3\u7b54\u7591\u95ee\uff0c\u6216\u9010\u6b65\u5f15\u5bfc\u60a8\u9009\u62e9\u6700\u9002\u5408\u60a8\u9700\u6c42\u7684\u8bbe\u5907\u3002.<\/strong><\/p>\n\n\n\n<p><\/p>","protected":false},"excerpt":{"rendered":"<div style=\"font-family: Arial, sans-serif; background-color: #234091; padding: 30px; border-radius: 25px; max-width: 600px; color: #ffffff; position: relative; border-top: 6px solid #2498fe;\">\n<h3 style=\"margin-top: 0; margin-bottom: 15px; color: #ffffff;\">\u4e0d\u8981\u9519\u8fc7\u7279\u4ef7\u4f18\u60e0\uff01<\/h3>\n<p>\u01de\u01de\u01de <strong>GO UP \u7535\u52a8\u846b\u82a6<\/strong> \u662f\u4e00\u79cd\u533b\u7597\u8bbe\u5907\uff0c\u4e13\u4e3a <strong>\u4e3a\u884c\u52a8\u4e0d\u4fbf\u8005\u63d0\u4f9b\u5b89\u5168\u8212\u9002\u7684\u8fd0\u8f93\u670d\u52a1\u3002.<\/strong> <\/p>\n<p>\u9002\u5408\u6bcf\u5929\u8fde\u7eed\u4f7f\u7528\u3002<\/p>\n<p>\u6570\u91cf\u6709\u9650\uff0c\u552e\u5b8c\u5373\u6b62\u3002<\/p>\n<\/div>\n<p><!-- Linea bianca sotto --><\/p>\n<div style=\"height: 6px; background-color: #ffffff; max-width: 600px;\">\u00a0<\/div>","protected":false},"featured_media":14105,"template":"","meta":{"_acf_changed":false},"home-category":[263],"product_brand":[],"product_cat":[261,534],"product_tag":[],"woo-feed-brand":[],"class_list":{"0":"post-14107","1":"product","2":"type-product","3":"status-publish","4":"has-post-thumbnail","6":"home-category-ausili","7":"product_cat-vendita-ausili","8":"product_cat-vendita-sollevatori","9":"product_shipping_class-ausili-grandi","11":"first","12":"instock","13":"sale","14":"shipping-taxable","15":"purchasable","16":"product-type-simple"},"acf":[],"yoast_head":"<!-- This site is optimized with the Yoast SEO Premium plugin v27.5 (Yoast SEO v27.5) - https:\/\/yoast.com\/product\/yoast-seo-premium-wordpress\/ -->\n<title>Vendita Sollevatore Elettrico GO UP - Mia Medical<\/title>\n<meta name=\"description\" content=\"Sollevatore elettrico GO UP da bagno per anziani in vendita. Disponibilit\u00e0 immediata. Consegna rapida in 24\/48h. Il miglior qualit\u00e0 prezzo sul mercato!\" \/>\n<meta name=\"robots\" content=\"index, follow, max-snippet:-1, max-image-preview:large, max-video-preview:-1\" \/>\n<link rel=\"canonical\" href=\"https:\/\/www.miamedicalitalia.it\/zh\/product\/vendita-sollevatore-elettrico-go-up\/\" \/>\n<meta property=\"og:locale\" content=\"zh_CN\" \/>\n<meta property=\"og:type\" content=\"article\" \/>\n<meta property=\"og:title\" content=\"Vendita Sollevatore Elettrico GO UP - Mia Medical\" \/>\n<meta property=\"og:description\" content=\"Sollevatore elettrico GO UP da bagno per anziani in vendita. Disponibilit\u00e0 immediata. Consegna rapida in 24\/48h. Il miglior qualit\u00e0 prezzo sul mercato!\" \/>\n<meta property=\"og:url\" content=\"https:\/\/www.miamedicalitalia.it\/zh\/product\/vendita-sollevatore-elettrico-go-up\/\" \/>\n<meta property=\"og:site_name\" content=\"Mia Medical\" \/>\n<meta property=\"article:publisher\" content=\"https:\/\/www.facebook.com\/miamedicalitalia\" \/>\n<meta property=\"article:modified_time\" content=\"2026-03-06T15:10:34+00:00\" \/>\n<meta property=\"og:image\" content=\"https:\/\/www.miamedicalitalia.it\/wp-content\/uploads\/2025\/07\/IMG_4189.jpeg\" \/>\n\t<meta property=\"og:image:width\" content=\"1034\" \/>\n\t<meta property=\"og:image:height\" content=\"1034\" \/>\n\t<meta property=\"og:image:type\" content=\"image\/jpeg\" \/>\n<meta name=\"twitter:card\" content=\"summary_large_image\" \/>\n<meta name=\"twitter:label1\" content=\"\u9884\u8ba1\u9605\u8bfb\u65f6\u95f4\" \/>\n\t<meta name=\"twitter:data1\" content=\"3 \u5206\" \/>\n<script type=\"application\/ld+json\" class=\"yoast-schema-graph\">{\"@context\":\"https:\\\/\\\/schema.org\",\"@graph\":[{\"@type\":\"WebPage\",\"@id\":\"https:\\\/\\\/www.miamedicalitalia.it\\\/prodotto\\\/vendita-sollevatore-elettrico-go-up\\\/\",\"url\":\"https:\\\/\\\/www.miamedicalitalia.it\\\/prodotto\\\/vendita-sollevatore-elettrico-go-up\\\/\",\"name\":\"Vendita Sollevatore Elettrico GO UP - Mia Medical\",\"isPartOf\":{\"@id\":\"https:\\\/\\\/www.miamedicalitalia.it\\\/#website\"},\"primaryImageOfPage\":{\"@id\":\"https:\\\/\\\/www.miamedicalitalia.it\\\/prodotto\\\/vendita-sollevatore-elettrico-go-up\\\/#primaryimage\"},\"image\":{\"@id\":\"https:\\\/\\\/www.miamedicalitalia.it\\\/prodotto\\\/vendita-sollevatore-elettrico-go-up\\\/#primaryimage\"},\"thumbnailUrl\":\"https:\\\/\\\/www.miamedicalitalia.it\\\/wp-content\\\/uploads\\\/2025\\\/07\\\/IMG_4189.jpeg\",\"datePublished\":\"2025-07-21T11:16:42+00:00\",\"dateModified\":\"2026-03-06T15:10:34+00:00\",\"description\":\"Sollevatore elettrico GO UP da bagno per anziani in vendita. Disponibilit\u00e0 immediata. Consegna rapida in 24\\\/48h. Il miglior qualit\u00e0 prezzo sul mercato!\",\"breadcrumb\":{\"@id\":\"https:\\\/\\\/www.miamedicalitalia.it\\\/prodotto\\\/vendita-sollevatore-elettrico-go-up\\\/#breadcrumb\"},\"inLanguage\":\"zh-Hans\",\"potentialAction\":[{\"@type\":\"ReadAction\",\"target\":[\"https:\\\/\\\/www.miamedicalitalia.it\\\/prodotto\\\/vendita-sollevatore-elettrico-go-up\\\/\"]}]},{\"@type\":\"ImageObject\",\"inLanguage\":\"zh-Hans\",\"@id\":\"https:\\\/\\\/www.miamedicalitalia.it\\\/prodotto\\\/vendita-sollevatore-elettrico-go-up\\\/#primaryimage\",\"url\":\"https:\\\/\\\/www.miamedicalitalia.it\\\/wp-content\\\/uploads\\\/2025\\\/07\\\/IMG_4189.jpeg\",\"contentUrl\":\"https:\\\/\\\/www.miamedicalitalia.it\\\/wp-content\\\/uploads\\\/2025\\\/07\\\/IMG_4189.jpeg\",\"width\":1034,\"height\":1034,\"caption\":\"Noleggio e vendita sollevatore elettrico GO UP\"},{\"@type\":\"BreadcrumbList\",\"@id\":\"https:\\\/\\\/www.miamedicalitalia.it\\\/prodotto\\\/vendita-sollevatore-elettrico-go-up\\\/#breadcrumb\",\"itemListElement\":[{\"@type\":\"ListItem\",\"position\":1,\"name\":\"Home\",\"item\":\"https:\\\/\\\/www.miamedicalitalia.it\\\/\"},{\"@type\":\"ListItem\",\"position\":2,\"name\":\"Shop\",\"item\":\"https:\\\/\\\/www.miamedicalitalia.it\\\/negozio\\\/\"},{\"@type\":\"ListItem\",\"position\":3,\"name\":\"Vendita\",\"item\":\"https:\\\/\\\/www.miamedicalitalia.it\\\/categoria\\\/vendita-ausili\\\/\"},{\"@type\":\"ListItem\",\"position\":4,\"name\":\"Vendita Sollevatore Elettrico GO UP\"}]},{\"@type\":\"WebSite\",\"@id\":\"https:\\\/\\\/www.miamedicalitalia.it\\\/#website\",\"url\":\"https:\\\/\\\/www.miamedicalitalia.it\\\/\",\"name\":\"www.miamedicalitalia.it\",\"description\":\"Noleggio e Vendita Attrezzatura Sanitarie\",\"publisher\":{\"@id\":\"https:\\\/\\\/www.miamedicalitalia.it\\\/#organization\"},\"potentialAction\":[{\"@type\":\"SearchAction\",\"target\":{\"@type\":\"EntryPoint\",\"urlTemplate\":\"https:\\\/\\\/www.miamedicalitalia.it\\\/?s={search_term_string}\"},\"query-input\":{\"@type\":\"PropertyValueSpecification\",\"valueRequired\":true,\"valueName\":\"search_term_string\"}}],\"inLanguage\":\"zh-Hans\"},{\"@type\":\"Organization\",\"@id\":\"https:\\\/\\\/www.miamedicalitalia.it\\\/#organization\",\"name\":\"OLG\",\"url\":\"https:\\\/\\\/www.miamedicalitalia.it\\\/\",\"logo\":{\"@type\":\"ImageObject\",\"inLanguage\":\"zh-Hans\",\"@id\":\"https:\\\/\\\/www.miamedicalitalia.it\\\/#\\\/schema\\\/logo\\\/image\\\/\",\"url\":\"https:\\\/\\\/www.miamedicalitalia.it\\\/wp-content\\\/uploads\\\/2023\\\/04\\\/mia-medical-logo-free.png\",\"contentUrl\":\"https:\\\/\\\/www.miamedicalitalia.it\\\/wp-content\\\/uploads\\\/2023\\\/04\\\/mia-medical-logo-free.png\",\"width\":700,\"height\":700,\"caption\":\"OLG\"},\"image\":{\"@id\":\"https:\\\/\\\/www.miamedicalitalia.it\\\/#\\\/schema\\\/logo\\\/image\\\/\"},\"sameAs\":[\"https:\\\/\\\/www.facebook.com\\\/miamedicalitalia\"]}]}<\/script>\n<!-- \/ Yoast SEO Premium plugin. -->","yoast_head_json":{"title":"GO UP\u7535\u52a8\u5347\u964d\u673a\u9500\u552e - Mia Medical","description":"Sollevatore elettrico GO UP da bagno per anziani in vendita. Disponibilit\u00e0 immediata. Consegna rapida in 24\/48h. Il miglior qualit\u00e0 prezzo sul mercato!","robots":{"index":"index","follow":"follow","max-snippet":"max-snippet:-1","max-image-preview":"max-image-preview:large","max-video-preview":"max-video-preview:-1"},"canonical":"https:\/\/www.miamedicalitalia.it\/zh\/product\/vendita-sollevatore-elettrico-go-up\/","og_locale":"zh_CN","og_type":"article","og_title":"Vendita Sollevatore Elettrico GO UP - Mia Medical","og_description":"Sollevatore elettrico GO UP da bagno per anziani in vendita. Disponibilit\u00e0 immediata. Consegna rapida in 24\/48h. Il miglior qualit\u00e0 prezzo sul mercato!","og_url":"https:\/\/www.miamedicalitalia.it\/zh\/product\/vendita-sollevatore-elettrico-go-up\/","og_site_name":"Mia Medical","article_publisher":"https:\/\/www.facebook.com\/miamedicalitalia","article_modified_time":"2026-03-06T15:10:34+00:00","og_image":[{"width":1034,"height":1034,"url":"https:\/\/www.miamedicalitalia.it\/wp-content\/uploads\/2025\/07\/IMG_4189.jpeg","type":"image\/jpeg"}],"twitter_card":"summary_large_image","twitter_misc":{"\u9884\u8ba1\u9605\u8bfb\u65f6\u95f4":"3 \u5206"},"schema":{"@context":"https:\/\/schema.org","@graph":[{"@type":"WebPage","@id":"https:\/\/www.miamedicalitalia.it\/prodotto\/vendita-sollevatore-elettrico-go-up\/","url":"https:\/\/www.miamedicalitalia.it\/prodotto\/vendita-sollevatore-elettrico-go-up\/","name":"GO UP\u7535\u52a8\u5347\u964d\u673a\u9500\u552e - Mia Medical","isPartOf":{"@id":"https:\/\/www.miamedicalitalia.it\/#website"},"primaryImageOfPage":{"@id":"https:\/\/www.miamedicalitalia.it\/prodotto\/vendita-sollevatore-elettrico-go-up\/#primaryimage"},"image":{"@id":"https:\/\/www.miamedicalitalia.it\/prodotto\/vendita-sollevatore-elettrico-go-up\/#primaryimage"},"thumbnailUrl":"https:\/\/www.miamedicalitalia.it\/wp-content\/uploads\/2025\/07\/IMG_4189.jpeg","datePublished":"2025-07-21T11:16:42+00:00","dateModified":"2026-03-06T15:10:34+00:00","description":"Sollevatore elettrico GO UP da bagno per anziani in vendita. Disponibilit\u00e0 immediata. Consegna rapida in 24\/48h. Il miglior qualit\u00e0 prezzo sul mercato!","breadcrumb":{"@id":"https:\/\/www.miamedicalitalia.it\/prodotto\/vendita-sollevatore-elettrico-go-up\/#breadcrumb"},"inLanguage":"zh-Hans","potentialAction":[{"@type":"ReadAction","target":["https:\/\/www.miamedicalitalia.it\/prodotto\/vendita-sollevatore-elettrico-go-up\/"]}]},{"@type":"ImageObject","inLanguage":"zh-Hans","@id":"https:\/\/www.miamedicalitalia.it\/prodotto\/vendita-sollevatore-elettrico-go-up\/#primaryimage","url":"https:\/\/www.miamedicalitalia.it\/wp-content\/uploads\/2025\/07\/IMG_4189.jpeg","contentUrl":"https:\/\/www.miamedicalitalia.it\/wp-content\/uploads\/2025\/07\/IMG_4189.jpeg","width":1034,"height":1034,"caption":"Noleggio e vendita sollevatore elettrico GO UP"},{"@type":"BreadcrumbList","@id":"https:\/\/www.miamedicalitalia.it\/prodotto\/vendita-sollevatore-elettrico-go-up\/#breadcrumb","itemListElement":[{"@type":"ListItem","position":1,"name":"Home","item":"https:\/\/www.miamedicalitalia.it\/"},{"@type":"ListItem","position":2,"name":"Shop","item":"https:\/\/www.miamedicalitalia.it\/negozio\/"},{"@type":"ListItem","position":3,"name":"Vendita","item":"https:\/\/www.miamedicalitalia.it\/categoria\/vendita-ausili\/"},{"@type":"ListItem","position":4,"name":"Vendita Sollevatore Elettrico GO UP"}]},{"@type":"WebSite","@id":"https:\/\/www.miamedicalitalia.it\/#website","url":"https:\/\/www.miamedicalitalia.it\/","name":"www.miamedicalitalia.it","description":"\u536b\u751f\u8bbe\u5907\u7684\u79df\u8d41\u548c\u9500\u552e","publisher":{"@id":"https:\/\/www.miamedicalitalia.it\/#organization"},"potentialAction":[{"@type":"SearchAction","target":{"@type":"EntryPoint","urlTemplate":"https:\/\/www.miamedicalitalia.it\/?s={search_term_string}"},"query-input":{"@type":"PropertyValueSpecification","valueRequired":true,"valueName":"search_term_string"}}],"inLanguage":"zh-Hans"},{"@type":"Organization","@id":"https:\/\/www.miamedicalitalia.it\/#organization","name":"OLG","url":"https:\/\/www.miamedicalitalia.it\/","logo":{"@type":"ImageObject","inLanguage":"zh-Hans","@id":"https:\/\/www.miamedicalitalia.it\/#\/schema\/logo\/image\/","url":"https:\/\/www.miamedicalitalia.it\/wp-content\/uploads\/2023\/04\/mia-medical-logo-free.png","contentUrl":"https:\/\/www.miamedicalitalia.it\/wp-content\/uploads\/2023\/04\/mia-medical-logo-free.png","width":700,"height":700,"caption":"OLG"},"image":{"@id":"https:\/\/www.miamedicalitalia.it\/#\/schema\/logo\/image\/"},"sameAs":["https:\/\/www.facebook.com\/miamedicalitalia"]}]}},"wcpa_form_fields":null,"_links":{"self":[{"href":"https:\/\/www.miamedicalitalia.it\/zh\/wp-json\/wp\/v2\/product\/14107","targetHints":{"allow":["GET"]}}],"collection":[{"href":"https:\/\/www.miamedicalitalia.it\/zh\/wp-json\/wp\/v2\/product"}],"about":[{"href":"https:\/\/www.miamedicalitalia.it\/zh\/wp-json\/wp\/v2\/types\/product"}],"wp:featuredmedia":[{"embeddable":true,"href":"https:\/\/www.miamedicalitalia.it\/zh\/wp-json\/wp\/v2\/media\/14105"}],"wp:attachment":[{"href":"https:\/\/www.miamedicalitalia.it\/zh\/wp-json\/wp\/v2\/media?parent=14107"}],"wp:term":[{"taxonomy":"home-category","embeddable":true,"href":"https:\/\/www.miamedicalitalia.it\/zh\/wp-json\/wp\/v2\/home-category?post=14107"},{"taxonomy":"product_brand","embeddable":true,"href":"https:\/\/www.miamedicalitalia.it\/zh\/wp-json\/wp\/v2\/product_brand?post=14107"},{"taxonomy":"product_cat","embeddable":true,"href":"https:\/\/www.miamedicalitalia.it\/zh\/wp-json\/wp\/v2\/product_cat?post=14107"},{"taxonomy":"product_tag","embeddable":true,"href":"https:\/\/www.miamedicalitalia.it\/zh\/wp-json\/wp\/v2\/product_tag?post=14107"},{"taxonomy":"woo-feed-brand","embeddable":true,"href":"https:\/\/www.miamedicalitalia.it\/zh\/wp-json\/wp\/v2\/woo-feed-brand?post=14107"}],"curies":[{"name":"wp","href":"https:\/\/api.w.org\/{rel}","templated":true}]}}