{"id":12347,"date":"2024-05-27T22:31:55","date_gmt":"2024-05-27T20:31:55","guid":{"rendered":"https:\/\/www.miamedicalitalia.it\/?post_type=product&#038;p=12347"},"modified":"2026-01-07T11:59:26","modified_gmt":"2026-01-07T09:59:26","slug":"noleggio-sollevatore-elettrico-soft-pieghevole-da-bagno","status":"publish","type":"product","link":"https:\/\/www.miamedicalitalia.it\/zh\/product\/noleggio-sollevatore-elettrico-soft-pieghevole-da-bagno\/","title":{"rendered":"\u79df\u8d41 SOFT \u7535\u52a8\u6d74\u7f38\u5347\u964d\u5668"},"content":{"rendered":"<p><strong>\u53ef\u6298\u53e0\u7684 SOFT \u7535\u52a8\u79fb\u4f4d\u673a\u5360\u5730\u9762\u79ef\u5c0f\uff0c\u6298\u53e0\u540e\u4ec5\u6709 28 \u5398\u7c73\u6df1\u3001 <\/strong>\u662f\u4e00\u4e2a <strong>sollevatore elettrico per anziani e persone con disabilit\u00e0 <\/strong>&nbsp;\u914d\u5907\u4e00\u4e2a&nbsp;<strong>\u72ec\u7279\u7684\u63d0\u5347\u7cfb\u7edf<\/strong>\u53ea\u9700\u4e24\u4e2a\u52a8\u4f5c\uff0c\u60a8\u5c31\u53ef\u4ee5 <strong>\u8ba9\u75c5\u4eba\u4e0b\u5e8a<\/strong> \u597d\u5bb9\u6613\u966a\u4ed6\u4e0a\u5b8c\u5395\u6240\uff0c\u628a\u4ed6\u5f04\u4e0a\u8f66\u3002<\/p>\n\n\n\n<h4 class=\"wp-block-heading\" id=\"h-caratteristiche-tecniche-del-sollevatore-soft-per-anziani\">SOFT\u8001\u5e74\u4eba\u5347\u964d\u673a\u7684\u6280\u672f\u7279\u6027<\/h4>\n\n\n\n<ul class=\"wp-block-list\">\n<li><strong>\u5e26\u624b\u52a8\u63a7\u5236\u7684\u7535\u52a8\u5347\u964d\u7cfb\u7edf<\/strong><\/li>\n\n\n\n<li><strong>\u67d4\u8f6f\u3001\u8212\u9002\u3001\u53ef\u6e05\u6d17\u7684\u5b89\u5168\u5e26<\/strong><\/li>\n\n\n\n<li><strong>\u6298\u53e0\u7ed3\u6784<\/strong>&nbsp;- \u53ea\u662f&nbsp;<strong>27 \u5398\u7c73\u6df1<\/strong>&nbsp;\u5173\u95ed\u65f6<\/li>\n\n\n\n<li><strong>\u53ef\u8c03\u8282\u9ad8\u5ea6<\/strong>&nbsp;40 \u81f3 73 \u5398\u7c73<\/li>\n\n\n\n<li><strong>\u6253\u5f00\u65f6\u7684\u5bbd\u5ea6<\/strong>\uff1a63 \u5398\u7c73&nbsp;<strong>\u53ef\u8f7b\u677e\u7a7f\u8fc7 53 \u5398\u7c73\u7684\u95e8<\/strong><\/li>\n\n\n\n<li><strong>\u957f\u5ea6<\/strong>73 \u5398\u7c73<\/li>\n\n\n\n<li><strong>\u8bbe\u5907\u91cd\u91cf<\/strong>28 \u5343\u514b<\/li>\n\n\n\n<li><strong>\u6700\u5927\u6d41\u91cf<\/strong>150 \u516c\u65a4<\/li>\n\n\n\n<li><strong>\u65cb\u8f6c\u811a\u8f6e<\/strong>&nbsp;\u4fbf\u4e8e\u64cd\u4f5c<\/li>\n\n\n\n<li><strong>\u5360\u5730\u9762\u79ef\u5c0f<\/strong>&nbsp;- \u5373\u4f7f\u5728\u72ed\u5c0f\u7684\u623f\u95f4\u4e5f\u662f\u7406\u60f3\u4e4b\u9009<\/li>\n<\/ul>\n\n\n\n<h4 class=\"wp-block-heading\" id=\"h-a-chi-e-rivolto-il-sollevatore-elettrico-soft\">SOFT \u7535\u52a8\u79fb\u4f4d\u673a\u7684\u9002\u7528\u5bf9\u8c61<\/h4>\n\n\n\n<p>SOFT \u79fb\u4f4d\u673a\u4e13\u4e3a\u4ee5\u4e0b\u7528\u9014\u8bbe\u8ba1<\/p>\n\n\n\n<ul class=\"wp-block-list\">\n<li>\u54ea\u4e9b\u4eba\u9700\u8981\u8f85\u52a9\u5de5\u5177\u966a\u540c\u53d7\u52a9\u4eba\u4e58\u8f66<\/li>\n\n\n\n<li>Famiglie che assistono persone con disabilit\u00e0 o difficolt\u00e0 motorie in casa<\/li>\n\n\n\n<li>\u533b\u7597\u673a\u6784\u3001\u7597\u517b\u9662\u6216 RSA<\/li>\n\n\n\n<li>\u5bb6\u5ead\u62a4\u7406\u5458\u548c\u4e13\u4e1a\u62a4\u7406\u4eba\u5458<\/li>\n\n\n\n<li>\u7269\u7406\u6cbb\u7597\u5b9e\u8df5\u548c\u5eb7\u590d\u73af\u5883<\/li>\n<\/ul>\n\n\n\n<h4 class=\"wp-block-heading\" id=\"h-attivita-quotidiane-per-cui-il-sollevatore-per-anziani-o-persone-con-disabilita-e-di-aiuto\">Attivit\u00e0 quotidiane per cui il sollevatore per anziani o persone con disabilit\u00e0 \u00e8 di aiuto\u00a0<\/h4>\n\n\n\n<ul class=\"wp-block-list\">\n<li><em>\u5c06\u60a3\u8005\u4ece\u5e8a\u4e0a\u79fb\u5f00\uff0c\u8ba9\u4ed6\u4eec\u7ad9\u8d77\u6765\u6216\u8eba\u5728\u5e8a\u4e0a<\/em><\/li>\n\n\n\n<li><em>\u966a\u4f34\u60a3\u8005\u4e0a\u5395\u6240<\/em><\/li>\n\n\n\n<li><em>&nbsp;\u5750\u7740\u6216\u5c06\u4eba\u4ece\u6905\u5b50\u3001\u8212\u9002\u6905\u548c\u8f6e\u6905\u4e0a\u79fb\u5f00<\/em><\/li>\n\n\n\n<li><em>\u5c06\u60a3\u8005\u79fb\u81f3\u5ba4\u5185<\/em><\/li>\n\n\n\n<li><em>\u4e3a\u8f66\u5185\u4eba\u5458\u63d0\u4f9b\u4fbf\u5229<\/em><\/li>\n<\/ul>\n\n\n\n<p>\u4e86\u89e3\u6211\u4eec\u7684&nbsp;<strong><a href=\"https:\/\/www.miamedicalitalia.it\/zh\/categoria\/affitto-e-noleggio-ausili\/\">\u5c06\u6240\u6709\u53ef\u7528\u7684\u6a21\u578b\u548c\u8f85\u52a9\u5de5\u5177\u653e\u5728\u7f51\u7ad9\u4e0a\uff1a\u8fd9\u4e9b\u5de5\u5177\u65e8\u5728\u6bcf\u5929\u966a\u4f34\u4eba\u4eec\u5b9e\u73b0\u65b0\u7684\u81ea\u4e3b\u3002<\/a><\/strong><br><br>\u6bcf\u5929\uff0c\u6211\u4eec\u90fd\u5728\u52aa\u529b\u4e3a\u5ba2\u6237\u63d0\u4f9b\u5bb6\u5ead\u62a4\u7406\u6240\u9700\u7684\u4e00\u5207\u5de5\u5177\uff0c\u8ba9\u4ed6\u4eec\u5728\u4eb2\u4eba\u7684\u5173\u7231\u4e2d\u5f97\u5230\u6240\u9700\u7684\u62a4\u7406\u3002.&nbsp;<br><br>\u6211\u4eec\u7684\u8f85\u52a9\u8bbe\u5907\u90fd\u662f\u4ece\u6700\u597d\u7684\u4f9b\u5e94\u5546\u90a3\u91cc\u7cbe\u6311\u7ec6\u9009\u51fa\u6765\u7684\uff0c\u4ee5\u4fdd\u8bc1\u6211\u4eec\u7684\u4ea7\u54c1\u80fd\u6ee1\u8db3\u60a8\u7684\u9700\u6c42\u3002&nbsp;<strong>\u9876\u7ea7\u670d\u52a1\uff0c\u4e13\u4e1a\u4eba\u5458\u968f\u65f6\u63d0\u4f9b\u534f\u52a9\uff0c24\/48 \u5c0f\u65f6\u5185\u5feb\u901f\u9001\u8d27\u4e0a\u95e8\u3002.<\/strong> \u8bf7\u81f4\u7535 +39 392 65 09 237\uff01<\/p>\n\n\n\n<h4 class=\"wp-block-heading\" id=\"h-perche-scegliere-il-servizio-di-noleggio-di-m-i-a-medical-italia-come-tuo-alleato\">Perch\u00e9 scegliere il servizio di noleggio di M.I.A. Medical Italia come tuo alleato?<\/h4>\n\n\n\n<p>\u9009\u62e9 Mia Medical Italia \u8fdb\u884c\u79df\u8d41\uff1a<\/p>\n\n\n\n<ul class=\"wp-block-list\">\n<li>\u6d77&nbsp;<strong>\u4e2a\u6027\u5316\u534f\u52a9<\/strong>&nbsp;\u5e76\u5c06\u8bbe\u5907\u76f4\u63a5\u8fd0\u9001\u5230&nbsp;<strong>\u8bca\u6240\u3001\u533b\u9662\u6216\u516c\u5bd3<\/strong>.<\/li>\n\n\n\n<li>\u67e5\u627e\u8bbe\u5907&nbsp;<strong>\u6d88\u6bd2\u3001\u5b89\u5168\u548c\u53d7\u63a7<\/strong>&nbsp;\u7531\u5408\u683c\u4eba\u5458\u64cd\u4f5c\u3002<\/li>\n\n\n\n<li>\u6d77&nbsp;<strong>\u5f53\u5730\u7d27\u6025\u652f\u63f4<\/strong>\u7f57\u9a6c\u548c\u4f5b\u7f57\u4f26\u8428\u3002<\/li>\n\n\n\n<li>\u9884\u8ba2\u65b9\u4fbf\uff0c\u4ef7\u683c\u900f\u660e\uff0c\u9009\u62e9\u7075\u6d3b\uff0c\u751a\u81f3\u53ef\u9884\u8ba2\u6570\u5929\u3002<\/li>\n\n\n\n<li><strong><a href=\"https:\/\/www.morettispa.com\/prodotto\/sollevatore-elettrico-muevo-home-portata-max-135-kg-copia\/\">\u5e02\u573a\u4e0a\u6700\u65b0\u4e00\u4ee3\u7684\u8bbe\u5907\u548c\u6700\u4f73\u8d28\u91cf<\/a><\/strong><\/li>\n<\/ul>\n\n\n\n<h4 class=\"wp-block-heading\" id=\"h-come-contattarci-nbsp\">\u5982\u4f55\u8054\u7cfb\u6211\u4eec&nbsp;<\/h4>\n\n\n\n<p><strong><a href=\"https:\/\/wa.me\/393926509237\">\u8054\u7cfb\u6211\u4eec<\/a><\/strong>&nbsp;\u4eca\u5929\u5c31\u8054\u7cfb\u6211\u4eec\uff0c\u4e86\u89e3\u4f9b\u5e94\u60c5\u51b5\u548c\u62a5\u4ef7\u3002\u6b64\u5916\uff0c\u5982\u679c\u6211\u4eec\u4ecd\u7136\u6ca1\u6709\u8bf4\u670d\u60a8\uff0c\u8bf7\u7acb\u5373\u62e8\u6253\u6211\u4eec\u7684\u7535\u8bdd&nbsp;<strong><a href=\"https:\/\/wa.me\/393926509237\">+39 392 65 09 237.<\/a><\/strong>&nbsp;\u6211\u4eec\u7684&nbsp;<strong>\u4e13\u5bb6\u56e2\u961f<\/strong>&nbsp;\u6211\u4eec\u5c06\u968f\u65f6\u51c6\u5907\u56de\u7b54\u60a8\u7684\u6240\u6709\u95ee\u9898\uff0c\u5e76\u6f84\u6e05\u4efb\u4f55\u7591\u95ee\u3002&nbsp;<strong>\u8054\u7cfb\u6211\u4eec&nbsp;<\/strong>\u4eca\u5929\u5c31\u63a5\u53d7\u514d\u8d39\u54a8\u8be2\uff0c\u8ba9\u6211\u4eec\u7684\u4e13\u5bb6\u4e3a\u60a8\u63d0\u4f9b\u91cf\u8eab\u5b9a\u5236\u7684\u79df\u8d41\u4f53\u9a8c\u3002<\/p>\n\n\n\n<p><a href=\"https:\/\/www.miamedicalitalia.it\/zh\/mia-medical-condizioni-di-noleggio-dei-nostri-ausili-medicali\/?_gl=1*hr9jjl*_up*MQ..*_ga*MTUxMzgwNzg3Ni4xNzQ0NDY0NDE1*_ga_D9FZ9V3LL7*MTc0NDQ2NDQxNC4xLjEuMTc0NDQ2NDc5MC4wLjAuMA..\">\u8bf7\u6ce8\u610f\uff1a\u8bf7\u53c2\u9605\u6211\u4eec\u7684\u79df\u8d41\u6761\u4ef6<\/a>.<\/p>","protected":false},"excerpt":{"rendered":"<div style=\"font-family: Arial, sans-serif; background-color: #234091; padding: 30px; border-radius: 25px; max-width: 600px; color: #ffffff; position: relative; border-top: 6px solid #2498fe;\">\n<h3 style=\"margin-top: 0; margin-bottom: 15px; color: #ffffff;\">\u79df\u7528\u5e26\u5ea7\u6905\u548c\u540a\u7d22\u7684\u7535\u52a8\u846b\u82a6\u3002<\/h3>\n<p>Consegna a Roma e Firenze a partire da 45\u20ac.<\/p>\n<p><strong>\u514d\u8d39\u9001\u8d27<\/strong> \u79df\u671f\u4e3a 45 \u5929\uff01<\/p>\n<p><strong>\u65e0\u9700\u62bc\u91d1\u3002<\/strong><\/p>\n<p>\u4ece\u4ed3\u5e93\u53d1\u8d27\u548c\u53d6\u8d27 <strong>\u514d\u8d39\uff01<\/strong><\/p>\n<\/div>\n<p><!-- Linea bianca sotto --><\/p>\n<div style=\"height: 6px; background-color: #ffffff; max-width: 600px;\">\u00a0<\/div>","protected":false},"featured_media":14127,"template":"","meta":{"_acf_changed":false},"home-category":[263],"product_brand":[],"product_cat":[81],"product_tag":[237,238,236,235,212,213],"woo-feed-brand":[],"class_list":{"0":"post-12347","1":"product","2":"type-product","3":"status-publish","4":"has-post-thumbnail","6":"home-category-ausili","7":"product_cat-noleggio-sollevatori","8":"product_tag-affitto-sollevatore-elettrico","9":"product_tag-imbragatura","10":"product_tag-noleggio-sollevatore-elettrico","11":"product_tag-sollevatore-elettrico-tipo-sollievo","12":"product_tag-sollevatore-sollievo-affitto-noleggio","13":"product_tag-sollievo-plus","14":"wcpa_has_options","16":"first","17":"instock","18":"shipping-taxable","19":"purchasable","20":"product-type-variable"},"acf":[],"yoast_head":"<!-- This site is optimized with the Yoast SEO Premium plugin v27.5 (Yoast SEO v27.5) - https:\/\/yoast.com\/product\/yoast-seo-premium-wordpress\/ -->\n<title>Noleggio sollevatore elettrico da bagno nel Lazio e nella Toscana<\/title>\n<meta name=\"description\" content=\"Noleggio, affitto del sollevatore elettrico da bagno pieghevole per anziani e persone con disabilit\u00e0. Chiama subito il 3926509237 !\" \/>\n<meta name=\"robots\" content=\"index, follow, max-snippet:-1, max-image-preview:large, max-video-preview:-1\" \/>\n<link rel=\"canonical\" href=\"https:\/\/www.miamedicalitalia.it\/zh\/product\/noleggio-sollevatore-elettrico-soft-pieghevole-da-bagno\/\" \/>\n<meta property=\"og:locale\" content=\"zh_CN\" \/>\n<meta property=\"og:type\" content=\"article\" \/>\n<meta property=\"og:title\" content=\"Noleggio sollevatore elettrico da bagno nel Lazio e nella Toscana\" \/>\n<meta property=\"og:description\" content=\"Noleggio, affitto del sollevatore elettrico da bagno pieghevole per anziani e persone con disabilit\u00e0. Chiama subito il 3926509237 !\" \/>\n<meta property=\"og:url\" content=\"https:\/\/www.miamedicalitalia.it\/zh\/product\/noleggio-sollevatore-elettrico-soft-pieghevole-da-bagno\/\" \/>\n<meta property=\"og:site_name\" content=\"Mia Medical\" \/>\n<meta property=\"article:publisher\" content=\"https:\/\/www.facebook.com\/miamedicalitalia\" \/>\n<meta property=\"article:modified_time\" content=\"2026-01-07T09:59:26+00:00\" \/>\n<meta property=\"og:image\" content=\"https:\/\/www.miamedicalitalia.it\/wp-content\/uploads\/2025\/07\/2.jpg\" \/>\n\t<meta property=\"og:image:width\" content=\"1000\" \/>\n\t<meta property=\"og:image:height\" content=\"1000\" \/>\n\t<meta property=\"og:image:type\" content=\"image\/jpeg\" \/>\n<meta name=\"twitter:card\" content=\"summary_large_image\" \/>\n<meta name=\"twitter:label1\" content=\"\u9884\u8ba1\u9605\u8bfb\u65f6\u95f4\" \/>\n\t<meta name=\"twitter:data1\" content=\"2 \u5206\" \/>\n<script type=\"application\/ld+json\" class=\"yoast-schema-graph\">{\"@context\":\"https:\\\/\\\/schema.org\",\"@graph\":[{\"@type\":\"WebPage\",\"@id\":\"https:\\\/\\\/www.miamedicalitalia.it\\\/prodotto\\\/noleggio-sollevatore-elettrico-soft-pieghevole-da-bagno\\\/\",\"url\":\"https:\\\/\\\/www.miamedicalitalia.it\\\/prodotto\\\/noleggio-sollevatore-elettrico-soft-pieghevole-da-bagno\\\/\",\"name\":\"Noleggio sollevatore elettrico da bagno nel Lazio e nella Toscana\",\"isPartOf\":{\"@id\":\"https:\\\/\\\/www.miamedicalitalia.it\\\/#website\"},\"primaryImageOfPage\":{\"@id\":\"https:\\\/\\\/www.miamedicalitalia.it\\\/prodotto\\\/noleggio-sollevatore-elettrico-soft-pieghevole-da-bagno\\\/#primaryimage\"},\"image\":{\"@id\":\"https:\\\/\\\/www.miamedicalitalia.it\\\/prodotto\\\/noleggio-sollevatore-elettrico-soft-pieghevole-da-bagno\\\/#primaryimage\"},\"thumbnailUrl\":\"https:\\\/\\\/www.miamedicalitalia.it\\\/wp-content\\\/uploads\\\/2025\\\/07\\\/2.jpg\",\"datePublished\":\"2024-05-27T20:31:55+00:00\",\"dateModified\":\"2026-01-07T09:59:26+00:00\",\"description\":\"Noleggio, affitto del sollevatore elettrico da bagno pieghevole per anziani e persone con disabilit\u00e0. Chiama subito il 3926509237 !\",\"breadcrumb\":{\"@id\":\"https:\\\/\\\/www.miamedicalitalia.it\\\/prodotto\\\/noleggio-sollevatore-elettrico-soft-pieghevole-da-bagno\\\/#breadcrumb\"},\"inLanguage\":\"zh-Hans\",\"potentialAction\":[{\"@type\":\"ReadAction\",\"target\":[\"https:\\\/\\\/www.miamedicalitalia.it\\\/prodotto\\\/noleggio-sollevatore-elettrico-soft-pieghevole-da-bagno\\\/\"]}]},{\"@type\":\"ImageObject\",\"inLanguage\":\"zh-Hans\",\"@id\":\"https:\\\/\\\/www.miamedicalitalia.it\\\/prodotto\\\/noleggio-sollevatore-elettrico-soft-pieghevole-da-bagno\\\/#primaryimage\",\"url\":\"https:\\\/\\\/www.miamedicalitalia.it\\\/wp-content\\\/uploads\\\/2025\\\/07\\\/2.jpg\",\"contentUrl\":\"https:\\\/\\\/www.miamedicalitalia.it\\\/wp-content\\\/uploads\\\/2025\\\/07\\\/2.jpg\",\"width\":1000,\"height\":1000},{\"@type\":\"BreadcrumbList\",\"@id\":\"https:\\\/\\\/www.miamedicalitalia.it\\\/prodotto\\\/noleggio-sollevatore-elettrico-soft-pieghevole-da-bagno\\\/#breadcrumb\",\"itemListElement\":[{\"@type\":\"ListItem\",\"position\":1,\"name\":\"Home\",\"item\":\"https:\\\/\\\/www.miamedicalitalia.it\\\/\"},{\"@type\":\"ListItem\",\"position\":2,\"name\":\"Shop\",\"item\":\"https:\\\/\\\/www.miamedicalitalia.it\\\/negozio\\\/\"},{\"@type\":\"ListItem\",\"position\":3,\"name\":\"Affitto e noleggio\",\"item\":\"https:\\\/\\\/www.miamedicalitalia.it\\\/categoria\\\/affitto-e-noleggio-ausili\\\/\"},{\"@type\":\"ListItem\",\"position\":4,\"name\":\"Sollevatori\",\"item\":\"https:\\\/\\\/www.miamedicalitalia.it\\\/categoria\\\/affitto-e-noleggio-ausili\\\/noleggio-sollevatori\\\/\"},{\"@type\":\"ListItem\",\"position\":5,\"name\":\"Noleggio sollevatore elettrico SOFT da bagno\"}]},{\"@type\":\"WebSite\",\"@id\":\"https:\\\/\\\/www.miamedicalitalia.it\\\/#website\",\"url\":\"https:\\\/\\\/www.miamedicalitalia.it\\\/\",\"name\":\"www.miamedicalitalia.it\",\"description\":\"Noleggio e Vendita Attrezzatura Sanitarie\",\"publisher\":{\"@id\":\"https:\\\/\\\/www.miamedicalitalia.it\\\/#organization\"},\"potentialAction\":[{\"@type\":\"SearchAction\",\"target\":{\"@type\":\"EntryPoint\",\"urlTemplate\":\"https:\\\/\\\/www.miamedicalitalia.it\\\/?s={search_term_string}\"},\"query-input\":{\"@type\":\"PropertyValueSpecification\",\"valueRequired\":true,\"valueName\":\"search_term_string\"}}],\"inLanguage\":\"zh-Hans\"},{\"@type\":\"Organization\",\"@id\":\"https:\\\/\\\/www.miamedicalitalia.it\\\/#organization\",\"name\":\"OLG\",\"url\":\"https:\\\/\\\/www.miamedicalitalia.it\\\/\",\"logo\":{\"@type\":\"ImageObject\",\"inLanguage\":\"zh-Hans\",\"@id\":\"https:\\\/\\\/www.miamedicalitalia.it\\\/#\\\/schema\\\/logo\\\/image\\\/\",\"url\":\"https:\\\/\\\/www.miamedicalitalia.it\\\/wp-content\\\/uploads\\\/2023\\\/04\\\/mia-medical-logo-free.png\",\"contentUrl\":\"https:\\\/\\\/www.miamedicalitalia.it\\\/wp-content\\\/uploads\\\/2023\\\/04\\\/mia-medical-logo-free.png\",\"width\":700,\"height\":700,\"caption\":\"OLG\"},\"image\":{\"@id\":\"https:\\\/\\\/www.miamedicalitalia.it\\\/#\\\/schema\\\/logo\\\/image\\\/\"},\"sameAs\":[\"https:\\\/\\\/www.facebook.com\\\/miamedicalitalia\"]}]}<\/script>\n<!-- \/ Yoast SEO Premium plugin. -->","yoast_head_json":{"title":"\u5728\u62c9\u9f50\u5965\u548c\u6258\u65af\u5361\u7eb3\u51fa\u79df\u7535\u52a8\u6d74\u7f38\u5347\u964d\u673a","description":"Noleggio, affitto del sollevatore elettrico da bagno pieghevole per anziani e persone con disabilit\u00e0. Chiama subito il 3926509237 !","robots":{"index":"index","follow":"follow","max-snippet":"max-snippet:-1","max-image-preview":"max-image-preview:large","max-video-preview":"max-video-preview:-1"},"canonical":"https:\/\/www.miamedicalitalia.it\/zh\/product\/noleggio-sollevatore-elettrico-soft-pieghevole-da-bagno\/","og_locale":"zh_CN","og_type":"article","og_title":"Noleggio sollevatore elettrico da bagno nel Lazio e nella Toscana","og_description":"Noleggio, affitto del sollevatore elettrico da bagno pieghevole per anziani e persone con disabilit\u00e0. Chiama subito il 3926509237 !","og_url":"https:\/\/www.miamedicalitalia.it\/zh\/product\/noleggio-sollevatore-elettrico-soft-pieghevole-da-bagno\/","og_site_name":"Mia Medical","article_publisher":"https:\/\/www.facebook.com\/miamedicalitalia","article_modified_time":"2026-01-07T09:59:26+00:00","og_image":[{"width":1000,"height":1000,"url":"https:\/\/www.miamedicalitalia.it\/wp-content\/uploads\/2025\/07\/2.jpg","type":"image\/jpeg"}],"twitter_card":"summary_large_image","twitter_misc":{"\u9884\u8ba1\u9605\u8bfb\u65f6\u95f4":"2 \u5206"},"schema":{"@context":"https:\/\/schema.org","@graph":[{"@type":"WebPage","@id":"https:\/\/www.miamedicalitalia.it\/prodotto\/noleggio-sollevatore-elettrico-soft-pieghevole-da-bagno\/","url":"https:\/\/www.miamedicalitalia.it\/prodotto\/noleggio-sollevatore-elettrico-soft-pieghevole-da-bagno\/","name":"\u5728\u62c9\u9f50\u5965\u548c\u6258\u65af\u5361\u7eb3\u51fa\u79df\u7535\u52a8\u6d74\u7f38\u5347\u964d\u673a","isPartOf":{"@id":"https:\/\/www.miamedicalitalia.it\/#website"},"primaryImageOfPage":{"@id":"https:\/\/www.miamedicalitalia.it\/prodotto\/noleggio-sollevatore-elettrico-soft-pieghevole-da-bagno\/#primaryimage"},"image":{"@id":"https:\/\/www.miamedicalitalia.it\/prodotto\/noleggio-sollevatore-elettrico-soft-pieghevole-da-bagno\/#primaryimage"},"thumbnailUrl":"https:\/\/www.miamedicalitalia.it\/wp-content\/uploads\/2025\/07\/2.jpg","datePublished":"2024-05-27T20:31:55+00:00","dateModified":"2026-01-07T09:59:26+00:00","description":"Noleggio, affitto del sollevatore elettrico da bagno pieghevole per anziani e persone con disabilit\u00e0. Chiama subito il 3926509237 !","breadcrumb":{"@id":"https:\/\/www.miamedicalitalia.it\/prodotto\/noleggio-sollevatore-elettrico-soft-pieghevole-da-bagno\/#breadcrumb"},"inLanguage":"zh-Hans","potentialAction":[{"@type":"ReadAction","target":["https:\/\/www.miamedicalitalia.it\/prodotto\/noleggio-sollevatore-elettrico-soft-pieghevole-da-bagno\/"]}]},{"@type":"ImageObject","inLanguage":"zh-Hans","@id":"https:\/\/www.miamedicalitalia.it\/prodotto\/noleggio-sollevatore-elettrico-soft-pieghevole-da-bagno\/#primaryimage","url":"https:\/\/www.miamedicalitalia.it\/wp-content\/uploads\/2025\/07\/2.jpg","contentUrl":"https:\/\/www.miamedicalitalia.it\/wp-content\/uploads\/2025\/07\/2.jpg","width":1000,"height":1000},{"@type":"BreadcrumbList","@id":"https:\/\/www.miamedicalitalia.it\/prodotto\/noleggio-sollevatore-elettrico-soft-pieghevole-da-bagno\/#breadcrumb","itemListElement":[{"@type":"ListItem","position":1,"name":"Home","item":"https:\/\/www.miamedicalitalia.it\/"},{"@type":"ListItem","position":2,"name":"Shop","item":"https:\/\/www.miamedicalitalia.it\/negozio\/"},{"@type":"ListItem","position":3,"name":"Affitto e noleggio","item":"https:\/\/www.miamedicalitalia.it\/categoria\/affitto-e-noleggio-ausili\/"},{"@type":"ListItem","position":4,"name":"Sollevatori","item":"https:\/\/www.miamedicalitalia.it\/categoria\/affitto-e-noleggio-ausili\/noleggio-sollevatori\/"},{"@type":"ListItem","position":5,"name":"Noleggio sollevatore elettrico SOFT da bagno"}]},{"@type":"WebSite","@id":"https:\/\/www.miamedicalitalia.it\/#website","url":"https:\/\/www.miamedicalitalia.it\/","name":"www.miamedicalitalia.it","description":"\u536b\u751f\u8bbe\u5907\u7684\u79df\u8d41\u548c\u9500\u552e","publisher":{"@id":"https:\/\/www.miamedicalitalia.it\/#organization"},"potentialAction":[{"@type":"SearchAction","target":{"@type":"EntryPoint","urlTemplate":"https:\/\/www.miamedicalitalia.it\/?s={search_term_string}"},"query-input":{"@type":"PropertyValueSpecification","valueRequired":true,"valueName":"search_term_string"}}],"inLanguage":"zh-Hans"},{"@type":"Organization","@id":"https:\/\/www.miamedicalitalia.it\/#organization","name":"OLG","url":"https:\/\/www.miamedicalitalia.it\/","logo":{"@type":"ImageObject","inLanguage":"zh-Hans","@id":"https:\/\/www.miamedicalitalia.it\/#\/schema\/logo\/image\/","url":"https:\/\/www.miamedicalitalia.it\/wp-content\/uploads\/2023\/04\/mia-medical-logo-free.png","contentUrl":"https:\/\/www.miamedicalitalia.it\/wp-content\/uploads\/2023\/04\/mia-medical-logo-free.png","width":700,"height":700,"caption":"OLG"},"image":{"@id":"https:\/\/www.miamedicalitalia.it\/#\/schema\/logo\/image\/"},"sameAs":["https:\/\/www.facebook.com\/miamedicalitalia"]}]}},"wcpa_form_fields":{"wcpaData":{"product":{"product_price":100,"price_html":"<span class=\"woocommerce-Price-amount amount\" aria-hidden=\"true\"><bdi><span class=\"woocommerce-Price-currencySymbol\">&euro;<\/span>100.00<\/bdi><\/span> <span aria-hidden=\"true\">\u2013<\/span> <span class=\"woocommerce-Price-amount amount\" aria-hidden=\"true\"><bdi><span class=\"woocommerce-Price-currencySymbol\">&euro;<\/span>240.00<\/bdi><\/span><span class=\"screen-reader-text\">\u4ef7\u683c\u8303\u56f4\uff1a&euro;100.00 \u81f3 &euro;240.00<\/span>","original_product_price":100,"price_including_tax":100,"price_excluding_tax":100,"product_id":{"parent":12347,"variation":false},"is_variable":true,"stock_status":"instock","stock_quantity":null,"parent_sku":"","product_attributes":{"quanto-costa":{"is_variation":true,"values":[]}},"custom_fields":[],"is_taxable":false,"product_name":"Noleggio sollevatore elettrico SOFT da bagno","hasImage":false},"fields":{"sec_565f165582eb8c":{"extra":{"key":"sec_565f165582eb8c","section_id":"sec_565f165582eb8c","name":"Predefinito","status":1,"toggle":true,"form_id":12050,"form_rules":{"exclude_from_discount":false,"fee_label":"Tassa","disp_hide_options_price":false,"disp_show_section_price":false,"disp_show_field_price":true,"layout_option":"standard","pric_use_as_fee":false,"process_fee_as":"woo_fee"},"layout_option":"standard"},"fields":[[{"active":true,"col":6,"relations":false,"cl_rule":"show","enableCl":false,"price":"","enablePrice":false,"className":"input-text","type":"date","required":true,"elementId":"date_3189538061","name":"date_3189538061","label":"A partire dal giorno:","picker_type":"custom","picker_mode":"single","error":false,"description":"Inserisci la data di inizio del noleggio","gt_translate_keys":["label","description"],"price_dependency":false,"cl_dependency":false,"value":""}]]}},"config":{"price_override":"","enable_recaptcha":false,"bind_quantity":false,"quantity_bind_formula":false,"disp_summ_show_option_price":true,"disp_summ_show_product_price":true,"disp_summ_show_total_price":true,"disp_summ_show_fee":false,"disp_summ_show_discount":false,"summary_title":"","options_total_label":"Prezzo delle opzioni","total_label":"Totale","options_product_label":"Prezzo del prodotto","fee_label":"Tassa","discount_label":"Sconto","has_price":true,"has_quantity_formula":false},"mc_unit":1,"tax_rate":1,"tax_rate_real":1,"discount":{"percentage":0,"fixed":0},"design":{"conf":{"LabelPosition":"above","DescPosition":"below","UploadField":"custom_1","QuantityFieldStyle":"default"},"css":{"LeftLabelWidth":"50px"}},"formulas":[],"lookuptables":[],"clones":false,"cartKey":false}},"_links":{"self":[{"href":"https:\/\/www.miamedicalitalia.it\/zh\/wp-json\/wp\/v2\/product\/12347","targetHints":{"allow":["GET"]}}],"collection":[{"href":"https:\/\/www.miamedicalitalia.it\/zh\/wp-json\/wp\/v2\/product"}],"about":[{"href":"https:\/\/www.miamedicalitalia.it\/zh\/wp-json\/wp\/v2\/types\/product"}],"wp:featuredmedia":[{"embeddable":true,"href":"https:\/\/www.miamedicalitalia.it\/zh\/wp-json\/wp\/v2\/media\/14127"}],"wp:attachment":[{"href":"https:\/\/www.miamedicalitalia.it\/zh\/wp-json\/wp\/v2\/media?parent=12347"}],"wp:term":[{"taxonomy":"home-category","embeddable":true,"href":"https:\/\/www.miamedicalitalia.it\/zh\/wp-json\/wp\/v2\/home-category?post=12347"},{"taxonomy":"product_brand","embeddable":true,"href":"https:\/\/www.miamedicalitalia.it\/zh\/wp-json\/wp\/v2\/product_brand?post=12347"},{"taxonomy":"product_cat","embeddable":true,"href":"https:\/\/www.miamedicalitalia.it\/zh\/wp-json\/wp\/v2\/product_cat?post=12347"},{"taxonomy":"product_tag","embeddable":true,"href":"https:\/\/www.miamedicalitalia.it\/zh\/wp-json\/wp\/v2\/product_tag?post=12347"},{"taxonomy":"woo-feed-brand","embeddable":true,"href":"https:\/\/www.miamedicalitalia.it\/zh\/wp-json\/wp\/v2\/woo-feed-brand?post=12347"}],"curies":[{"name":"wp","href":"https:\/\/api.w.org\/{rel}","templated":true}]}}