{"id":9707,"date":"2023-02-23T15:00:47","date_gmt":"2023-02-23T13:00:47","guid":{"rendered":"https:\/\/www.miamedicalitalia.it\/?post_type=product&#038;p=9707"},"modified":"2026-01-07T11:30:47","modified_gmt":"2026-01-07T09:30:47","slug":"noleggio-montascale-elettrico-a-cingoli-per-anziani-e-disabili-a-domicilio","status":"publish","type":"product","link":"https:\/\/www.miamedicalitalia.it\/pt\/produto\/noleggio-montascale-elettrico-a-cingoli-per-anziani-e-disabili-a-domicilio\/","title":{"rendered":"Aluguer de cadeiras elevat\u00f3rias de lagartas T09"},"content":{"rendered":"<h4 class=\"wp-block-heading\" id=\"h-noleggio-montascale-a-cingoli-t09-con-consegna-a-domicilio-a-roma-e-firenze-nbsp-nbsp-sicurezza-e-liberta-di-movimento-ovunque\"><strong>Aluguer de cadeiras elevat\u00f3rias T09 com entrega ao domic\u00edlio em Roma e Floren\u00e7a: seguran\u00e7a e liberdade de movimentos, em qualquer lugar!<\/strong><\/h4>\n\n\n\n<p>Precisa de ultrapassar barreiras arquitect\u00f3nicas na sua casa, condom\u00ednio ou espa\u00e7o p\u00fablico? O servi\u00e7o de aluguer de <strong>Cadeira elevat\u00f3ria de lagartas T09<\/strong>\u00a0\u00e9 a solu\u00e7\u00e3o ideal para transportar pessoas em cadeiras de rodas para cima e para baixo nas escadas\u00a0<strong>em total seguran\u00e7a<\/strong>, sem necessidade de interven\u00e7\u00f5es estruturais.<\/p>\n\n\n\n<p>Com o nosso&nbsp;<strong>aluguer profissional de cadeiras elevat\u00f3rias em cigoli<\/strong>pode ter o T09 no conforto da sua casa,&nbsp;<strong>pronto a utilizar e com demonstra\u00e7\u00e3o inclu\u00edda<\/strong>para garantir&nbsp;<strong>mobilidade, autonomia e paz de esp\u00edrito<\/strong>&nbsp;aos seus entes queridos.<\/p>\n\n\n\n<h4 class=\"wp-block-heading\" id=\"h-cos-e-il-montascale-a-cingoli-t09-e-come-funziona\"><strong>O que \u00e9 o elevador de lagartas T09 e como funciona<\/strong><\/h4>\n\n\n\n<p>A cadeira elevat\u00f3ria T09 \u00e9 um dispositivo&nbsp;<strong>movido a eletricidade<\/strong>, equipado com&nbsp;<strong>calhas antiderrapantes<\/strong>&nbsp;que se adaptam a escadas rectas (interiores ou exteriores), garantindo uma subida e uma descida suaves e seguras.<\/p>\n\n\n\n<p>\u00c9 compat\u00edvel com a maioria das cadeiras de rodas dobr\u00e1veis e \u00e9&nbsp;<strong>gerido por um acompanhante<\/strong>que orienta o dispositivo atrav\u00e9s de um painel de controlo intuitivo.<\/p>\n\n\n\n<h4 class=\"wp-block-heading\" id=\"h-punti-di-forza-del-montascale-a-cingoli-t09\">Pontos fortes da cadeira elevat\u00f3ria de lagartas T09<\/h4>\n\n\n\n<ul class=\"wp-block-list\">\n<li>Adapta-se \u00e0 maioria das escadas rectas, mesmo em blocos de apartamentos. Al\u00e9m disso, o sistema de rastos de borracha que n\u00e3o deixa marcas ajuda-o a subir escadas sem as estragar.<\/li>\n\n\n\n<li>Tem uma estrutura robusta mas facilmente transport\u00e1vel e pode ser desmontado em duas partes. <\/li>\n\n\n\n<li>Possui um motor potente mas silencioso, a gest\u00e3o eletr\u00f3nica evita avarias e garante uma longa vida \u00fatil.<\/li>\n\n\n\n<li>Com um \u00fanico ciclo de carga, tem uma autonomia de at\u00e9 27 pisos, com uma carga de 130 kg.<\/li>\n\n\n\n<li>Controlos electr\u00f3nicos inteligentes gerem a velocidade e a travagem.<\/li>\n<\/ul>\n\n\n\n<p>A cadeira elevat\u00f3ria de lagartas T09 foi concebida para <strong>simplificar as viagens <\/strong>mesmo na presen\u00e7a de barreiras arquitect\u00f3nicas, <strong>sem<\/strong> exigir qualquer <strong>instala\u00e7\u00e3o fixa<\/strong>. Pode ser utilizado em qualquer lugar, em casa ou no exterior, com a ajuda de um prestador de cuidados. Gra\u00e7as \u00e0 sua <strong>estrutura compacta e f\u00e1cil de gerir<\/strong>, \u00e8 <strong>f\u00e1cil de transportar, de ativa\u00e7\u00e3o r\u00e1pida e de utiliza\u00e7\u00e3o imediata.<\/strong><\/p>\n\n\n\n<p>Al\u00e9m disso, as suas traject\u00f3rias em <strong>borracha anti-marca\u00e7\u00e3o <\/strong>est\u00e3o perfeitamente adaptados a todas as escadas rectas, reconhecendo a superf\u00edcie do degrau para garantir uma subida e uma descida suaves e seguras. Os movimentos s\u00e3o suaves e regulares, concebidos para oferecer <strong>conforto para quem \u00e9 transportado e m\u00e1xima facilidade de utiliza\u00e7\u00e3o para quem conduz o aparelho: os comandos s\u00e3o intuitivos e sem esfor\u00e7o.<\/strong><\/p>\n\n\n\n<h4 class=\"wp-block-heading\" id=\"h-caratteristiche-principali\"><a href=\"https:\/\/www.vimec.biz\/t09-roby\/?gad_source=1&amp;gad_campaignid=21175923245&amp;gbraid=0AAAAADtKbXrR_c4shYaTkaXjk3r_cnfOa\">Principais carater\u00edsticas<\/a>:<\/h4>\n\n\n\n<ol class=\"wp-block-list\">\n<li><strong>Seguran\u00e7a:<\/strong> Equipada com calhas robustas e duradouras, a cadeira elevadora T09 garante uma subida suave e segura em escadas rectas ou curvas. Os dispositivos de seguran\u00e7a integrados garantem uma utiliza\u00e7\u00e3o sem riscos, proporcionando tranquilidade aos utilizadores e aos seus cuidadores.<\/li>\n\n\n\n<li><strong>Conforto:<\/strong> O design ergon\u00f3mico e a constru\u00e7\u00e3o robusta garantem uma experi\u00eancia de utiliza\u00e7\u00e3o confort\u00e1vel e sem esfor\u00e7o. Com os seus controlos intuitivos e o seu f\u00e1cil ajuste, a cadeira elevadora T09 adapta-se \u00e0s necessidades espec\u00edficas de cada utilizador.<\/li>\n\n\n\n<li><strong>Versatilidade:<\/strong> Concebida para se adaptar a diferentes configura\u00e7\u00f5es de escadas, a cadeira elevat\u00f3ria T09 pode ser instalada em escadas rectas, curvas ou em espiral. A sua versatilidade torna-a adequada para uma vasta gama de ambientes, incluindo casas particulares, edif\u00edcios p\u00fablicos e instala\u00e7\u00f5es comerciais.<\/li>\n\n\n\n<li><strong>Fiabilidade:<\/strong> Constru\u00edda com materiais de alta qualidade e sujeita a um rigoroso controlo de qualidade, a cadeira elevadora T09 garante um desempenho fi\u00e1vel ao longo do tempo. A sua constru\u00e7\u00e3o robusta e a sua f\u00e1cil manuten\u00e7\u00e3o fazem dela uma solu\u00e7\u00e3o econ\u00f3mica e duradoura para melhorar a acessibilidade em todos os contextos.<\/li>\n<\/ol>\n\n\n\n<p>Com o <strong>elevador de escadas<\/strong> <strong>lagarta T09,<\/strong> ultrapassar barreiras arquitect\u00f3nicas nunca foi t\u00e3o f\u00e1cil e seguro. Escolha a <strong>liberdade de movimentos e independ\u00eancia com esta solu\u00e7\u00e3o inovadora e fi\u00e1vel<\/strong>.<\/p>\n\n\n\n<h4 class=\"wp-block-heading\" id=\"h-quando-e-utile-noleggiare-un-montascale-a-cingoli-t09\"><strong>Quando \u00e9 \u00fatil alugar um elevador de lagartas T09<\/strong><\/h4>\n\n\n\n<ul class=\"wp-block-list\">\n<li>Para pessoas com&nbsp;<strong>defici\u00eancias motoras ou tempor\u00e1rias<\/strong>&nbsp;(p\u00f3s-cirurgia, les\u00e3o);<\/li>\n\n\n\n<li>Em habita\u00e7\u00f5es com&nbsp;<strong>escadas estreitas ou sem elevador<\/strong>;<\/li>\n\n\n\n<li>Por necessidade&nbsp;<strong>mobilidade tempor\u00e1ria<\/strong>durante as desloca\u00e7\u00f5es, estadias ou cuidados domicili\u00e1rios;<\/li>\n\n\n\n<li>Quando n\u00e3o \u00e9 poss\u00edvel instalar um elevador de escadas fixo ou um elevador;<\/li>\n\n\n\n<li>Para gerir visitas, eventos ou&nbsp;<strong>momentos da vida quotidiana<\/strong>&nbsp;com seguran\u00e7a.<\/li>\n<\/ul>\n\n\n\n<h4 class=\"wp-block-heading\" id=\"h-vantaggi-del-noleggio-con-m-i-a-medical-italia\"><strong>Vantagens de alugar com a M.I.A. Medical<\/strong> It\u00e1lia<\/h4>\n\n\n\n<p>A escolha do aluguer permite-lhe<\/p>\n\n\n\n<ul class=\"wp-block-list\">\n<li><strong>evitar custos de aquisi\u00e7\u00e3o elevados<\/strong>&nbsp;para uma necessidade tempor\u00e1ria;<\/li>\n\n\n\n<li><strong>ter um dispositivo certificado e controlado<\/strong>entregue em casa;<\/li>\n\n\n\n<li>receber a assist\u00eancia de um&nbsp;<strong>t\u00e9cnico especializado<\/strong>que lhe mostra como o utilizar e o define de acordo com as suas escalas;<\/li>\n\n\n\n<li>explorar o m\u00e1ximo&nbsp;<strong>flexibilidade<\/strong>escolha a dura\u00e7\u00e3o do aluguer em fun\u00e7\u00e3o das suas necessidades reais;<\/li>\n\n\n\n<li>confiar no apoio&nbsp;<strong>r\u00e1pido e constante<\/strong>&nbsp;para todas as eventualidades.<\/li>\n<\/ul>\n\n\n\n<h4 class=\"wp-block-heading\" id=\"h-perche-scegliere-il-servizio-m-i-a-medical-italia\"><strong>Porqu\u00ea escolher a M.I.A. Medical<\/strong> It\u00e1lia<\/h4>\n\n\n\n<ul class=\"wp-block-list\">\n<li><strong>Profissionalismo<\/strong>apenas pessoal qualificado e formado para os cuidados domicili\u00e1rios;<\/li>\n\n\n\n<li><strong>Qualidade<\/strong>aparelhos sanit\u00e1rios profissionais, seguros e higienizados;<\/li>\n\n\n\n<li><strong>Velocidade<\/strong>entrega ao domic\u00edlio num curto espa\u00e7o de tempo, mesmo urgente;<\/li>\n\n\n\n<li><strong>Pre\u00e7os claros e imbat\u00edveis<\/strong>com transpar\u00eancia e assist\u00eancia cont\u00ednua;<\/li>\n\n\n\n<li><strong>Verdadeira aten\u00e7\u00e3o \u00e0 pessoa<\/strong>, porque no centro do nosso trabalho est\u00e1 o utilizador.<\/li>\n<\/ul>\n\n\n\n<h4 class=\"wp-block-heading\" id=\"h-che-aspetti-richiedi-ora-il-tuo-montascale-t09-a-noleggio\">De que est\u00e1 \u00e0 espera? <strong>pe\u00e7a j\u00e1 a sua cadeira elevadora de aluguer T09<\/strong>!<\/h4>\n\n\n\n<p>Contacte-nos para receber um&nbsp;<strong>or\u00e7amento gratuito<\/strong>&nbsp;e personalizados pelos nossos profissionais especializados.<\/p>\n\n\n\n<p>Tamb\u00e9m n\u00e3o hesite em escrever-nos para <strong><a href=\"https:\/\/wa.me\/393926509237\">WhatsApp<\/a><\/strong> ou contactar-nos atrav\u00e9s do n\u00famero +<strong>39 392 65 09 237<\/strong>, um dos nossos t\u00e9cnicos orient\u00e1-lo-\u00e1 na escolha do aparelho que melhor se adapta \u00e0s suas necessidades! Visite tamb\u00e9m o nosso <a href=\"https:\/\/www.miamedicalitalia.it\/pt\/categoria\/affitto-e-noleggio-ausili\/\">site para descobrir a vasta gama de ajudas que temos para oferecer, cadeiras de rodas, trotinetas el\u00e9ctricas, elevadores<\/a>e muito mais.<\/p>\n\n\n\n<p>Devolver a liberdade e a seguran\u00e7a aos seus entes queridos. Escolha a M.I.A. Medical!<\/p>\n\n\n\n<p><\/p>","protected":false},"excerpt":{"rendered":"<div style=\"font-family: Arial, sans-serif; background-color: #234091; padding: 30px; border-radius: 25px; max-width: 600px; color: #ffffff; position: relative; border-top: 6px solid #2498fe;\">\n<h3 style=\"margin-top: 0; margin-bottom: 15px; color: #ffffff;\">Para subir e descer escadas com uma cadeira de rodas.<\/h3>\n<p>A excelente mec\u00e2nica torna-o fi\u00e1vel e com uma grande autonomia.<\/p>\n<p>Consegna a domicilio soltanto a Roma e Firenze a partire da 45\u20ac.<\/p>\n<p><strong>Entrega gratuita<\/strong> se comprar um aluguer por um per\u00edodo m\u00ednimo de 45 dias.<\/p>\n<p>A recolha e devolu\u00e7\u00e3o das ajudas ao armaz\u00e9m s\u00e3o <strong>Livre.<\/strong><\/p>\n<p><!-- Deposito --><\/p>\n<div style=\"margin-top: 20px; background-color: #ffffff; color: #234091; padding: 15px; border-radius: 15px;\">\n<h4 style=\"margin: 0 0 10px 0; font-size: 16px;\">Dep\u00f3sito exigido: <span style=\"color: #c43b3b; font-weight: bold;\">300\u20ac<\/span><\/h4>\n<p style=\"margin: 0; font-size: 14px;\">Para efeitos de aluguer deste artigo, um <strong>cau\u00e7\u00e3o de 300 euros<\/strong>.<\/p>\n<\/div>\n<\/div>\n<p><!-- Linea bianca sotto --><\/p>\n<div style=\"height: 6px; background-color: #ffffff; max-width: 600px;\">\u00a0<\/div>","protected":false},"featured_media":12166,"template":"","meta":{"_acf_changed":false},"home-category":[263],"product_brand":[],"product_cat":[227],"product_tag":[],"woo-feed-brand":[],"class_list":{"0":"post-9707","1":"product","2":"type-product","3":"status-publish","4":"has-post-thumbnail","6":"home-category-ausili","7":"product_cat-affitto-noleggio-montascale","8":"wcpa_has_options","10":"first","11":"instock","12":"shipping-taxable","13":"purchasable","14":"product-type-variable"},"acf":[],"yoast_head":"<!-- This site is optimized with the Yoast SEO Premium plugin v27.4 (Yoast SEO v27.4) - https:\/\/yoast.com\/product\/yoast-seo-premium-wordpress\/ -->\n<title>Noleggio montascale a cingoli T09: miglior prezzo sul mercato<\/title>\n<meta name=\"description\" content=\"Noleggio Montascale a cingoli T09. Migliore Prezzo Garantito. Fidati dei nostri esperti. Scegli il nostro servizio e chiamaci al +39 392 65 09 237.\" \/>\n<meta name=\"robots\" content=\"index, follow, max-snippet:-1, max-image-preview:large, max-video-preview:-1\" \/>\n<link rel=\"canonical\" href=\"https:\/\/www.miamedicalitalia.it\/pt\/produto\/noleggio-montascale-elettrico-a-cingoli-per-anziani-e-disabili-a-domicilio\/\" \/>\n<meta property=\"og:locale\" content=\"pt_PT\" \/>\n<meta property=\"og:type\" content=\"article\" \/>\n<meta property=\"og:title\" content=\"Noleggio montascale a cingoli T09: miglior prezzo sul mercato\" \/>\n<meta property=\"og:description\" content=\"Noleggio Montascale a cingoli T09. Migliore Prezzo Garantito. Fidati dei nostri esperti. Scegli il nostro servizio e chiamaci al +39 392 65 09 237.\" \/>\n<meta property=\"og:url\" content=\"https:\/\/www.miamedicalitalia.it\/pt\/produto\/noleggio-montascale-elettrico-a-cingoli-per-anziani-e-disabili-a-domicilio\/\" \/>\n<meta property=\"og:site_name\" content=\"Mia Medical\" \/>\n<meta property=\"article:publisher\" content=\"https:\/\/www.facebook.com\/miamedicalitalia\" \/>\n<meta property=\"article:modified_time\" content=\"2026-01-07T09:30:47+00:00\" \/>\n<meta property=\"og:image\" content=\"https:\/\/www.miamedicalitalia.it\/wp-content\/uploads\/2023\/02\/MONTASCALE-VIMEC-T09-1.jpg\" \/>\n\t<meta property=\"og:image:width\" content=\"1000\" \/>\n\t<meta property=\"og:image:height\" content=\"1000\" \/>\n\t<meta property=\"og:image:type\" content=\"image\/jpeg\" \/>\n<meta name=\"twitter:card\" content=\"summary_large_image\" \/>\n<meta name=\"twitter:label1\" content=\"Tempo estimado de leitura\" \/>\n\t<meta name=\"twitter:data1\" content=\"4 minutos\" \/>\n<script type=\"application\/ld+json\" class=\"yoast-schema-graph\">{\"@context\":\"https:\\\/\\\/schema.org\",\"@graph\":[{\"@type\":\"WebPage\",\"@id\":\"https:\\\/\\\/www.miamedicalitalia.it\\\/prodotto\\\/noleggio-montascale-elettrico-a-cingoli-per-anziani-e-disabili-a-domicilio\\\/\",\"url\":\"https:\\\/\\\/www.miamedicalitalia.it\\\/prodotto\\\/noleggio-montascale-elettrico-a-cingoli-per-anziani-e-disabili-a-domicilio\\\/\",\"name\":\"Noleggio montascale a cingoli T09: miglior prezzo sul mercato\",\"isPartOf\":{\"@id\":\"https:\\\/\\\/www.miamedicalitalia.it\\\/#website\"},\"primaryImageOfPage\":{\"@id\":\"https:\\\/\\\/www.miamedicalitalia.it\\\/prodotto\\\/noleggio-montascale-elettrico-a-cingoli-per-anziani-e-disabili-a-domicilio\\\/#primaryimage\"},\"image\":{\"@id\":\"https:\\\/\\\/www.miamedicalitalia.it\\\/prodotto\\\/noleggio-montascale-elettrico-a-cingoli-per-anziani-e-disabili-a-domicilio\\\/#primaryimage\"},\"thumbnailUrl\":\"https:\\\/\\\/www.miamedicalitalia.it\\\/wp-content\\\/uploads\\\/2023\\\/02\\\/MONTASCALE-VIMEC-T09-1.jpg\",\"datePublished\":\"2023-02-23T13:00:47+00:00\",\"dateModified\":\"2026-01-07T09:30:47+00:00\",\"description\":\"Noleggio Montascale a cingoli T09. Migliore Prezzo Garantito. Fidati dei nostri esperti. Scegli il nostro servizio e chiamaci al +39 392 65 09 237.\",\"breadcrumb\":{\"@id\":\"https:\\\/\\\/www.miamedicalitalia.it\\\/prodotto\\\/noleggio-montascale-elettrico-a-cingoli-per-anziani-e-disabili-a-domicilio\\\/#breadcrumb\"},\"inLanguage\":\"pt-PT\",\"potentialAction\":[{\"@type\":\"ReadAction\",\"target\":[\"https:\\\/\\\/www.miamedicalitalia.it\\\/prodotto\\\/noleggio-montascale-elettrico-a-cingoli-per-anziani-e-disabili-a-domicilio\\\/\"]}]},{\"@type\":\"ImageObject\",\"inLanguage\":\"pt-PT\",\"@id\":\"https:\\\/\\\/www.miamedicalitalia.it\\\/prodotto\\\/noleggio-montascale-elettrico-a-cingoli-per-anziani-e-disabili-a-domicilio\\\/#primaryimage\",\"url\":\"https:\\\/\\\/www.miamedicalitalia.it\\\/wp-content\\\/uploads\\\/2023\\\/02\\\/MONTASCALE-VIMEC-T09-1.jpg\",\"contentUrl\":\"https:\\\/\\\/www.miamedicalitalia.it\\\/wp-content\\\/uploads\\\/2023\\\/02\\\/MONTASCALE-VIMEC-T09-1.jpg\",\"width\":1000,\"height\":1000},{\"@type\":\"BreadcrumbList\",\"@id\":\"https:\\\/\\\/www.miamedicalitalia.it\\\/prodotto\\\/noleggio-montascale-elettrico-a-cingoli-per-anziani-e-disabili-a-domicilio\\\/#breadcrumb\",\"itemListElement\":[{\"@type\":\"ListItem\",\"position\":1,\"name\":\"Home\",\"item\":\"https:\\\/\\\/www.miamedicalitalia.it\\\/\"},{\"@type\":\"ListItem\",\"position\":2,\"name\":\"Shop\",\"item\":\"https:\\\/\\\/www.miamedicalitalia.it\\\/negozio\\\/\"},{\"@type\":\"ListItem\",\"position\":3,\"name\":\"Affitto e noleggio\",\"item\":\"https:\\\/\\\/www.miamedicalitalia.it\\\/categoria\\\/affitto-e-noleggio-ausili\\\/\"},{\"@type\":\"ListItem\",\"position\":4,\"name\":\"Montascale\",\"item\":\"https:\\\/\\\/www.miamedicalitalia.it\\\/categoria\\\/affitto-e-noleggio-ausili\\\/affitto-noleggio-montascale\\\/\"},{\"@type\":\"ListItem\",\"position\":5,\"name\":\"Noleggio Montascale a Cingoli T09\"}]},{\"@type\":\"WebSite\",\"@id\":\"https:\\\/\\\/www.miamedicalitalia.it\\\/#website\",\"url\":\"https:\\\/\\\/www.miamedicalitalia.it\\\/\",\"name\":\"www.miamedicalitalia.it\",\"description\":\"Noleggio e Vendita Attrezzatura Sanitarie\",\"publisher\":{\"@id\":\"https:\\\/\\\/www.miamedicalitalia.it\\\/#organization\"},\"potentialAction\":[{\"@type\":\"SearchAction\",\"target\":{\"@type\":\"EntryPoint\",\"urlTemplate\":\"https:\\\/\\\/www.miamedicalitalia.it\\\/?s={search_term_string}\"},\"query-input\":{\"@type\":\"PropertyValueSpecification\",\"valueRequired\":true,\"valueName\":\"search_term_string\"}}],\"inLanguage\":\"pt-PT\"},{\"@type\":\"Organization\",\"@id\":\"https:\\\/\\\/www.miamedicalitalia.it\\\/#organization\",\"name\":\"OLG\",\"url\":\"https:\\\/\\\/www.miamedicalitalia.it\\\/\",\"logo\":{\"@type\":\"ImageObject\",\"inLanguage\":\"pt-PT\",\"@id\":\"https:\\\/\\\/www.miamedicalitalia.it\\\/#\\\/schema\\\/logo\\\/image\\\/\",\"url\":\"https:\\\/\\\/www.miamedicalitalia.it\\\/wp-content\\\/uploads\\\/2023\\\/04\\\/mia-medical-logo-free.png\",\"contentUrl\":\"https:\\\/\\\/www.miamedicalitalia.it\\\/wp-content\\\/uploads\\\/2023\\\/04\\\/mia-medical-logo-free.png\",\"width\":700,\"height\":700,\"caption\":\"OLG\"},\"image\":{\"@id\":\"https:\\\/\\\/www.miamedicalitalia.it\\\/#\\\/schema\\\/logo\\\/image\\\/\"},\"sameAs\":[\"https:\\\/\\\/www.facebook.com\\\/miamedicalitalia\"]}]}<\/script>\n<!-- \/ Yoast SEO Premium plugin. -->","yoast_head_json":{"title":"Aluguer de cadeiras elevat\u00f3rias de lagartas T09: o melhor pre\u00e7o do mercado","description":"Aluguer de Cadeira Elevat\u00f3ria de Pista T09. Melhor pre\u00e7o garantido. Confie nos nossos especialistas. Escolha o nosso servi\u00e7o e contacte-nos atrav\u00e9s do n\u00famero +39 392 65 09 237.","robots":{"index":"index","follow":"follow","max-snippet":"max-snippet:-1","max-image-preview":"max-image-preview:large","max-video-preview":"max-video-preview:-1"},"canonical":"https:\/\/www.miamedicalitalia.it\/pt\/produto\/noleggio-montascale-elettrico-a-cingoli-per-anziani-e-disabili-a-domicilio\/","og_locale":"pt_PT","og_type":"article","og_title":"Noleggio montascale a cingoli T09: miglior prezzo sul mercato","og_description":"Noleggio Montascale a cingoli T09. Migliore Prezzo Garantito. Fidati dei nostri esperti. Scegli il nostro servizio e chiamaci al +39 392 65 09 237.","og_url":"https:\/\/www.miamedicalitalia.it\/pt\/produto\/noleggio-montascale-elettrico-a-cingoli-per-anziani-e-disabili-a-domicilio\/","og_site_name":"Mia Medical","article_publisher":"https:\/\/www.facebook.com\/miamedicalitalia","article_modified_time":"2026-01-07T09:30:47+00:00","og_image":[{"width":1000,"height":1000,"url":"https:\/\/www.miamedicalitalia.it\/wp-content\/uploads\/2023\/02\/MONTASCALE-VIMEC-T09-1.jpg","type":"image\/jpeg"}],"twitter_card":"summary_large_image","twitter_misc":{"Tempo estimado de leitura":"4 minutos"},"schema":{"@context":"https:\/\/schema.org","@graph":[{"@type":"WebPage","@id":"https:\/\/www.miamedicalitalia.it\/prodotto\/noleggio-montascale-elettrico-a-cingoli-per-anziani-e-disabili-a-domicilio\/","url":"https:\/\/www.miamedicalitalia.it\/prodotto\/noleggio-montascale-elettrico-a-cingoli-per-anziani-e-disabili-a-domicilio\/","name":"Aluguer de cadeiras elevat\u00f3rias de lagartas T09: o melhor pre\u00e7o do mercado","isPartOf":{"@id":"https:\/\/www.miamedicalitalia.it\/#website"},"primaryImageOfPage":{"@id":"https:\/\/www.miamedicalitalia.it\/prodotto\/noleggio-montascale-elettrico-a-cingoli-per-anziani-e-disabili-a-domicilio\/#primaryimage"},"image":{"@id":"https:\/\/www.miamedicalitalia.it\/prodotto\/noleggio-montascale-elettrico-a-cingoli-per-anziani-e-disabili-a-domicilio\/#primaryimage"},"thumbnailUrl":"https:\/\/www.miamedicalitalia.it\/wp-content\/uploads\/2023\/02\/MONTASCALE-VIMEC-T09-1.jpg","datePublished":"2023-02-23T13:00:47+00:00","dateModified":"2026-01-07T09:30:47+00:00","description":"Aluguer de Cadeira Elevat\u00f3ria de Pista T09. Melhor pre\u00e7o garantido. Confie nos nossos especialistas. Escolha o nosso servi\u00e7o e contacte-nos atrav\u00e9s do n\u00famero +39 392 65 09 237.","breadcrumb":{"@id":"https:\/\/www.miamedicalitalia.it\/prodotto\/noleggio-montascale-elettrico-a-cingoli-per-anziani-e-disabili-a-domicilio\/#breadcrumb"},"inLanguage":"pt-PT","potentialAction":[{"@type":"ReadAction","target":["https:\/\/www.miamedicalitalia.it\/prodotto\/noleggio-montascale-elettrico-a-cingoli-per-anziani-e-disabili-a-domicilio\/"]}]},{"@type":"ImageObject","inLanguage":"pt-PT","@id":"https:\/\/www.miamedicalitalia.it\/prodotto\/noleggio-montascale-elettrico-a-cingoli-per-anziani-e-disabili-a-domicilio\/#primaryimage","url":"https:\/\/www.miamedicalitalia.it\/wp-content\/uploads\/2023\/02\/MONTASCALE-VIMEC-T09-1.jpg","contentUrl":"https:\/\/www.miamedicalitalia.it\/wp-content\/uploads\/2023\/02\/MONTASCALE-VIMEC-T09-1.jpg","width":1000,"height":1000},{"@type":"BreadcrumbList","@id":"https:\/\/www.miamedicalitalia.it\/prodotto\/noleggio-montascale-elettrico-a-cingoli-per-anziani-e-disabili-a-domicilio\/#breadcrumb","itemListElement":[{"@type":"ListItem","position":1,"name":"Home","item":"https:\/\/www.miamedicalitalia.it\/"},{"@type":"ListItem","position":2,"name":"Shop","item":"https:\/\/www.miamedicalitalia.it\/negozio\/"},{"@type":"ListItem","position":3,"name":"Affitto e noleggio","item":"https:\/\/www.miamedicalitalia.it\/categoria\/affitto-e-noleggio-ausili\/"},{"@type":"ListItem","position":4,"name":"Montascale","item":"https:\/\/www.miamedicalitalia.it\/categoria\/affitto-e-noleggio-ausili\/affitto-noleggio-montascale\/"},{"@type":"ListItem","position":5,"name":"Noleggio Montascale a Cingoli T09"}]},{"@type":"WebSite","@id":"https:\/\/www.miamedicalitalia.it\/#website","url":"https:\/\/www.miamedicalitalia.it\/","name":"www.miamedicalitalia.it","description":"Aluguer e venda de equipamento sanit\u00e1rio","publisher":{"@id":"https:\/\/www.miamedicalitalia.it\/#organization"},"potentialAction":[{"@type":"SearchAction","target":{"@type":"EntryPoint","urlTemplate":"https:\/\/www.miamedicalitalia.it\/?s={search_term_string}"},"query-input":{"@type":"PropertyValueSpecification","valueRequired":true,"valueName":"search_term_string"}}],"inLanguage":"pt-PT"},{"@type":"Organization","@id":"https:\/\/www.miamedicalitalia.it\/#organization","name":"OLG","url":"https:\/\/www.miamedicalitalia.it\/","logo":{"@type":"ImageObject","inLanguage":"pt-PT","@id":"https:\/\/www.miamedicalitalia.it\/#\/schema\/logo\/image\/","url":"https:\/\/www.miamedicalitalia.it\/wp-content\/uploads\/2023\/04\/mia-medical-logo-free.png","contentUrl":"https:\/\/www.miamedicalitalia.it\/wp-content\/uploads\/2023\/04\/mia-medical-logo-free.png","width":700,"height":700,"caption":"OLG"},"image":{"@id":"https:\/\/www.miamedicalitalia.it\/#\/schema\/logo\/image\/"},"sameAs":["https:\/\/www.facebook.com\/miamedicalitalia"]}]}},"wcpa_form_fields":{"wcpaData":{"product":{"product_price":105,"price_html":"<span class=\"woocommerce-Price-amount amount\" aria-hidden=\"true\"><bdi><span class=\"woocommerce-Price-currencySymbol\">&euro;<\/span>105.00<\/bdi><\/span> <span aria-hidden=\"true\">-<\/span> <span class=\"woocommerce-Price-amount amount\" aria-hidden=\"true\"><bdi><span class=\"woocommerce-Price-currencySymbol\">&euro;<\/span>540.00<\/bdi><\/span><span class=\"screen-reader-text\">Gama de pre\u00e7os: &euro;105.00 a &euro;540.00<\/span>","original_product_price":105,"price_including_tax":105,"price_excluding_tax":105,"product_id":{"parent":9707,"variation":false},"is_variable":true,"stock_status":"instock","stock_quantity":null,"parent_sku":"","product_attributes":{"quanto-costa":{"is_variation":true,"values":[]}},"custom_fields":[],"is_taxable":false,"product_name":"Noleggio Montascale a Cingoli T09","hasImage":false},"fields":{"sec_565f165582eb8c":{"extra":{"key":"sec_565f165582eb8c","section_id":"sec_565f165582eb8c","name":"Predefinito","status":1,"toggle":true,"form_id":12050,"form_rules":{"exclude_from_discount":false,"fee_label":"Tasa","disp_hide_options_price":false,"disp_show_section_price":false,"disp_show_field_price":true,"layout_option":"standard","pric_use_as_fee":false,"process_fee_as":"woo_fee"},"layout_option":"standard"},"fields":[[{"active":true,"col":6,"relations":false,"cl_rule":"show","enableCl":false,"price":"","enablePrice":false,"className":"input-text","type":"date","required":true,"elementId":"date_3189538061","name":"date_3189538061","label":"A partire dal giorno:","picker_type":"custom","picker_mode":"single","error":false,"description":"Inserisci la data di inizio del noleggio","gt_translate_keys":["label","description"],"price_dependency":false,"cl_dependency":false,"value":""}]]}},"config":{"price_override":"","enable_recaptcha":false,"bind_quantity":false,"quantity_bind_formula":false,"disp_summ_show_option_price":true,"disp_summ_show_product_price":true,"disp_summ_show_total_price":true,"disp_summ_show_fee":false,"disp_summ_show_discount":false,"summary_title":"","options_total_label":"Opciones Precio","total_label":"Total","options_product_label":"Precio del producto","fee_label":"Tasa","discount_label":"Descuento","has_price":true,"has_quantity_formula":false},"mc_unit":1,"tax_rate":1,"tax_rate_real":1,"discount":{"percentage":0,"fixed":0},"design":{"conf":{"LabelPosition":"above","DescPosition":"below","UploadField":"custom_1","QuantityFieldStyle":"default"},"css":{"LeftLabelWidth":"50px"}},"formulas":[],"lookuptables":[],"clones":false,"cartKey":false}},"_links":{"self":[{"href":"https:\/\/www.miamedicalitalia.it\/pt\/wp-json\/wp\/v2\/product\/9707","targetHints":{"allow":["GET"]}}],"collection":[{"href":"https:\/\/www.miamedicalitalia.it\/pt\/wp-json\/wp\/v2\/product"}],"about":[{"href":"https:\/\/www.miamedicalitalia.it\/pt\/wp-json\/wp\/v2\/types\/product"}],"wp:featuredmedia":[{"embeddable":true,"href":"https:\/\/www.miamedicalitalia.it\/pt\/wp-json\/wp\/v2\/media\/12166"}],"wp:attachment":[{"href":"https:\/\/www.miamedicalitalia.it\/pt\/wp-json\/wp\/v2\/media?parent=9707"}],"wp:term":[{"taxonomy":"home-category","embeddable":true,"href":"https:\/\/www.miamedicalitalia.it\/pt\/wp-json\/wp\/v2\/home-category?post=9707"},{"taxonomy":"product_brand","embeddable":true,"href":"https:\/\/www.miamedicalitalia.it\/pt\/wp-json\/wp\/v2\/product_brand?post=9707"},{"taxonomy":"product_cat","embeddable":true,"href":"https:\/\/www.miamedicalitalia.it\/pt\/wp-json\/wp\/v2\/product_cat?post=9707"},{"taxonomy":"product_tag","embeddable":true,"href":"https:\/\/www.miamedicalitalia.it\/pt\/wp-json\/wp\/v2\/product_tag?post=9707"},{"taxonomy":"woo-feed-brand","embeddable":true,"href":"https:\/\/www.miamedicalitalia.it\/pt\/wp-json\/wp\/v2\/woo-feed-brand?post=9707"}],"curies":[{"name":"wp","href":"https:\/\/api.w.org\/{rel}","templated":true}]}}