{"id":9603,"date":"2023-02-21T14:34:49","date_gmt":"2023-02-21T13:34:49","guid":{"rendered":"https:\/\/www.miamedicalitalia.it\/?post_type=product&#038;p=9603"},"modified":"2026-02-18T13:26:26","modified_gmt":"2026-02-18T11:26:26","slug":"pressoterapia-professionale-a-casa-tua","status":"publish","type":"product","link":"https:\/\/www.miamedicalitalia.it\/pt\/produto\/pressoterapia-professionale-a-casa-tua\/","title":{"rendered":"Aluguer de Pressoterapia Profissional"},"content":{"rendered":"<p>O nosso servi\u00e7o de aluguer de m\u00e1quinas de pressoterapia PowerPress 4 oferece um aparelho profissional concebido para melhorar a circula\u00e7\u00e3o venosa e linf\u00e1tica, combater o incha\u00e7o, a reten\u00e7\u00e3o de l\u00edquidos e a fadiga dos membros inferiores, com benef\u00edcios tamb\u00e9m para a est\u00e9tica. F\u00e1cil de utilizar, silenciosa e eficaz, \u00e9 a escolha ideal para quem procura um tratamento completo, c\u00f3modo e relaxante a efetuar em casa.<\/p>\n\n\n\n<h4 class=\"wp-block-heading\" id=\"h-cosa-e-la-pressoterapia-e-come-funziona\">O que \u00e9 a terapia de press\u00e3o e como funciona<\/h4>\n\n\n\n<p>O PowerPress 4 \u00e9 um aparelho de press\u00e3o pneum\u00e1tica sequencial: gra\u00e7as \u00e0s perneiras especiais com c\u00e2mara de ar, exerce uma compress\u00e3o progressiva sobre os membros inferiores que reactiva o fluxo venoso e linf\u00e1tico, melhorando a drenagem do excesso de l\u00edquidos.<\/p>\n\n\n\n<p>Funciona de forma totalmente autom\u00e1tica, mas pode ser personalizada em termos de press\u00e3o, dura\u00e7\u00e3o e frequ\u00eancia, dependendo das necessidades do paciente e dos objectivos da terapia.<\/p>\n\n\n\n<ul class=\"wp-block-list\">\n<li><strong>MODO A:<\/strong>&nbsp;A sequ\u00eancia do programa consiste em insuflar e esvaziar a perna, do p\u00e9 \u00e0 coxa, um sector de cada vez. No final do tempo de press\u00e3o, o ar comprimido \u00e9 mantido durante mais 3 segundos em cada sector;<\/li>\n\n\n\n<li><strong>MODO B:<\/strong>&nbsp;a press\u00e3o \u00e9 exercida apenas por uma c\u00e2mara de cada vez, de forma sequencial;<\/li>\n\n\n\n<li><strong>MODO C:<\/strong>&nbsp;a sequ\u00eancia do programa aplica press\u00e3o a partir do p\u00e9 e mant\u00e9m todas as c\u00e2maras anteriores insufladas at\u00e9 que toda a pe\u00e7a esteja insuflada;<\/li>\n\n\n\n<li><strong>MODO D:<\/strong>&nbsp;este modo \u00e9 uma mistura dos modos B e C.<\/li>\n<\/ul>\n\n\n\n<h4 class=\"wp-block-heading\" id=\"h-benefici-della-pressoterapia\">Benef\u00edcios da terapia por press\u00e3o <\/h4>\n\n\n\n<ul class=\"wp-block-list\">\n<li>Drenagem linf\u00e1tica e redu\u00e7\u00e3o da reten\u00e7\u00e3o de l\u00edquidos;<\/li>\n\n\n\n<li>Al\u00edvio das pernas pesadas, do incha\u00e7o e da estase venosa;<\/li>\n\n\n\n<li>Estimula\u00e7\u00e3o da microcircula\u00e7\u00e3o e melhoria da circula\u00e7\u00e3o;<\/li>\n\n\n\n<li>Apoio no tratamento do linfedema e das patologias venosas;<\/li>\n\n\n\n<li>Efeito revigorante e relaxante;<\/li>\n\n\n\n<li>Tamb\u00e9m utilizado em est\u00e9tica para reduzir a celulite e promover a remodela\u00e7\u00e3o.<\/li>\n<\/ul>\n\n\n\n<h4 class=\"wp-block-heading\" id=\"h-a-chi-e-rivolto-il-servizio-di-noleggio-del-macchinario-per-pressoterapia-power-press-4\">A quem se destina o servi\u00e7o de aluguer de m\u00e1quinas de pressoterapia Power press 4?<\/h4>\n\n\n\n<p>O aluguer de pressoterapia PowerPress 4 \u00e9 indicado para quem sofre de<\/p>\n\n\n\n<ul class=\"wp-block-list\">\n<li>Pernas inchadas ou pesadas, especialmente depois de muitas horas de p\u00e9 ou sentado;<\/li>\n\n\n\n<li>Problemas de circula\u00e7\u00e3o venosa ou linf\u00e1tica;<\/li>\n\n\n\n<li>Linfedema, edema p\u00f3s-operat\u00f3rio ou p\u00f3s-traum\u00e1tico;<\/li>\n\n\n\n<li>Reten\u00e7\u00e3o cr\u00f3nica de \u00e1gua;<\/li>\n\n\n\n<li>Celulite e manchas relacionadas com a estase linf\u00e1tica;<\/li>\n\n\n\n<li>Atletas ou desportistas, para uma recupera\u00e7\u00e3o muscular mais r\u00e1pida.<\/li>\n<\/ul>\n\n\n\n<h4 class=\"wp-block-heading\" id=\"h-nbsp-il-noleggio-m-i-a-medical-comodo-personalizzato-vantaggioso\"><br><br><strong>&nbsp;M.I.A. Aluguer m\u00e9dico: c\u00f3modo, personalizado, vantajoso<\/strong><\/h4>\n\n\n\n<p>Com o nosso servi\u00e7o de aluguer:<\/p>\n\n\n\n<ul class=\"wp-block-list\">\n<li>receba a PowerPress 4 diretamente em sua casa, pronta a utilizar;<\/li>\n\n\n\n<li>os nossos t\u00e9cnicos efectuam uma demonstra\u00e7\u00e3o completa e explicam a melhor forma de o utilizar;<\/li>\n\n\n\n<li>Personalizamos o dispositivo de acordo com o seu estado de sa\u00fade ou com as instru\u00e7\u00f5es do seu fisioterapeuta;<\/li>\n\n\n\n<li>pode efetuar a pressoterapia sozinho, \u00e0 sua hora, sem restri\u00e7\u00f5es de est\u00fadio ou de instala\u00e7\u00f5es.<\/li>\n<\/ul>\n\n\n\n<p>Este tipo de tratamento \u00e9 muito mais eficaz se for feito regularmente, e t\u00ea-lo em casa permite-lhe faz\u00ea-lo todos os dias, obtendo resultados tang\u00edveis num per\u00edodo de tempo mais curto.<\/p>\n\n\n\n<h4 class=\"wp-block-heading\" id=\"h-perche-scegliere-il-nostro-servizio\">Porqu\u00ea escolher o nosso servi\u00e7o <\/h4>\n\n\n\n<ul class=\"wp-block-list\">\n<li>M\u00e1quinas de qualidade profissional, higienizadas e certificadas;<\/li>\n\n\n\n<li>Pre\u00e7os imbat\u00edveis e transparentes;<\/li>\n\n\n\n<li>T\u00e9cnicos experientes dispon\u00edveis para apoio e assist\u00eancia;<\/li>\n\n\n\n<li>Entrega r\u00e1pida em toda a It\u00e1lia;<\/li>\n\n\n\n<li>Servi\u00e7o competente e atencioso.<\/li>\n<\/ul>\n\n\n\n<p>Escolha o conforto de\u00a0<strong>terapia em casa<\/strong>com um\u00a0<strong>servi\u00e7o seguro, eficaz e c\u00f3modo.<\/strong>\u00a0Se tiver mais perguntas, pode contactar-nos por telefone para\u00a0<strong><a href=\"tel:+39 3926509237\">+39 3926509237<\/a><\/strong>\u00a0ou pode enviar-nos uma mensagem para\u00a0<strong><a href=\"https:\/\/wa.me\/393926509237\">whatsapp<\/a><\/strong>. O nosso pessoal especializado est\u00e1 sempre dispon\u00edvel para o ajudar a encontrar o\u00a0<strong>solu\u00e7\u00e3o<\/strong>\u00a0que melhor se adapta \u00e0s suas\u00a0<strong>necessidades<\/strong>! Visite tamb\u00e9m o nosso\u00a0<strong><a href=\"https:\/\/www.miamedicalitalia.it\/pt\/?_gl=1*1bx2a6k*_up*MQ..*_ga*MjA0NTM0ODc4NS4xNzUxMTA5Nzg0*_ga_D9FZ9V3LL7*czE3NTExMDk3ODQkbzEkZzAkdDE3NTExMDk3ODQkajYwJGwwJGgw\">s\u00edtio Web<\/a><\/strong>\u00a0para descobrir a vasta gama de\u00a0<strong>ajudas m\u00e9dicas concebidas para o ajudar a reencontrar o verdadeiro bem-estar f\u00edsico!<\/strong><br><\/p>\n\n\n\n<p><br><br><br><\/p>","protected":false},"excerpt":{"rendered":"<div style=\"font-family: Arial, sans-serif; background-color: #234091; padding: 30px; border-radius: 25px; max-width: 600px; color: #ffffff; position: relative; border-top: 6px solid #2498fe;\">\n<h3 style=\"color: #ffffff; margin-top: 0;\">Aluguer de Pressoterapia<\/h3>\n<p>Inclui 2 leggings, faixa abdominal, bra\u00e7adeira e um macac\u00e3o de prote\u00e7\u00e3o.<\/p>\n<p>Consegna a domicilio in tutta Italia a partire da 15\u20ac + 15\u20ac per il ritiro.<\/p>\n<p><strong>Entrega gratuita se comprar um aluguer por um per\u00edodo m\u00ednimo de 60 dias.<\/strong><\/p>\n<p><strong>N\u00e3o \u00e9 necess\u00e1rio dep\u00f3sito!<\/strong><\/p>\n<\/div>\n<p><!-- Linea bianca sotto --><\/p>\n<div style=\"height: 6px; background-color: #ffffff; max-width: 600px;\">\u00a0<\/div>","protected":false},"featured_media":12175,"template":"","meta":{"_acf_changed":false},"home-category":[262],"product_brand":[],"product_cat":[90],"product_tag":[210,211],"woo-feed-brand":[],"class_list":{"0":"post-9603","1":"product","2":"type-product","3":"status-publish","4":"has-post-thumbnail","6":"home-category-elettromedicali","7":"product_cat-affitto-noleggio-pressoterapia","8":"product_tag-noleggiopressoterapiaaffitto","9":"product_tag-pressoterapia-a-casa-tua","10":"product_shipping_class-elettromedicali","11":"wcpa_has_options","13":"first","14":"instock","15":"shipping-taxable","16":"purchasable","17":"product-type-variable"},"acf":[],"yoast_head":"<!-- This site is optimized with the Yoast SEO Premium plugin v27.5 (Yoast SEO v27.5) - https:\/\/yoast.com\/product\/yoast-seo-premium-wordpress\/ -->\n<title>PRESSOTERAPIA a noleggio comodo a casa da 4\u20ac al giorno<\/title>\n<meta name=\"description\" content=\"Noleggio Pressoterapia Proffessionale . Prezzi imbattibili.Perfetto per il trattamento contro la cellulite. Prenota online ora i chiama al 3926509237.\" \/>\n<meta name=\"robots\" content=\"index, follow, max-snippet:-1, max-image-preview:large, max-video-preview:-1\" \/>\n<link rel=\"canonical\" href=\"https:\/\/www.miamedicalitalia.it\/pt\/produto\/pressoterapia-professionale-a-casa-tua\/\" \/>\n<meta property=\"og:locale\" content=\"pt_PT\" \/>\n<meta property=\"og:type\" content=\"article\" \/>\n<meta property=\"og:title\" content=\"PRESSOTERAPIA a noleggio comodo a casa da 4\u20ac al giorno\" \/>\n<meta property=\"og:description\" content=\"Noleggio Pressoterapia Proffessionale . Prezzi imbattibili.Perfetto per il trattamento contro la cellulite. Prenota online ora i chiama al 3926509237.\" \/>\n<meta property=\"og:url\" content=\"https:\/\/www.miamedicalitalia.it\/pt\/produto\/pressoterapia-professionale-a-casa-tua\/\" \/>\n<meta property=\"og:site_name\" content=\"Mia Medical\" \/>\n<meta property=\"article:publisher\" content=\"https:\/\/www.facebook.com\/miamedicalitalia\" \/>\n<meta property=\"article:modified_time\" content=\"2026-02-18T11:26:26+00:00\" \/>\n<meta property=\"og:image\" content=\"https:\/\/www.miamedicalitalia.it\/wp-content\/uploads\/2023\/02\/pressoterapia-POWER-1-1-1.jpg\" \/>\n\t<meta property=\"og:image:width\" content=\"1000\" \/>\n\t<meta property=\"og:image:height\" content=\"1000\" \/>\n\t<meta property=\"og:image:type\" content=\"image\/jpeg\" \/>\n<meta name=\"twitter:card\" content=\"summary_large_image\" \/>\n<meta name=\"twitter:label1\" content=\"Tempo estimado de leitura\" \/>\n\t<meta name=\"twitter:data1\" content=\"3 minutos\" \/>\n<script type=\"application\/ld+json\" class=\"yoast-schema-graph\">{\"@context\":\"https:\\\/\\\/schema.org\",\"@graph\":[{\"@type\":\"WebPage\",\"@id\":\"https:\\\/\\\/www.miamedicalitalia.it\\\/prodotto\\\/pressoterapia-professionale-a-casa-tua\\\/\",\"url\":\"https:\\\/\\\/www.miamedicalitalia.it\\\/prodotto\\\/pressoterapia-professionale-a-casa-tua\\\/\",\"name\":\"PRESSOTERAPIA a noleggio comodo a casa da 4\u20ac al giorno\",\"isPartOf\":{\"@id\":\"https:\\\/\\\/www.miamedicalitalia.it\\\/#website\"},\"primaryImageOfPage\":{\"@id\":\"https:\\\/\\\/www.miamedicalitalia.it\\\/prodotto\\\/pressoterapia-professionale-a-casa-tua\\\/#primaryimage\"},\"image\":{\"@id\":\"https:\\\/\\\/www.miamedicalitalia.it\\\/prodotto\\\/pressoterapia-professionale-a-casa-tua\\\/#primaryimage\"},\"thumbnailUrl\":\"https:\\\/\\\/www.miamedicalitalia.it\\\/wp-content\\\/uploads\\\/2023\\\/02\\\/pressoterapia-POWER-1-1-1.jpg\",\"datePublished\":\"2023-02-21T13:34:49+00:00\",\"dateModified\":\"2026-02-18T11:26:26+00:00\",\"description\":\"Noleggio Pressoterapia Proffessionale . Prezzi imbattibili.Perfetto per il trattamento contro la cellulite. Prenota online ora i chiama al 3926509237.\",\"breadcrumb\":{\"@id\":\"https:\\\/\\\/www.miamedicalitalia.it\\\/prodotto\\\/pressoterapia-professionale-a-casa-tua\\\/#breadcrumb\"},\"inLanguage\":\"pt-PT\",\"potentialAction\":[{\"@type\":\"ReadAction\",\"target\":[\"https:\\\/\\\/www.miamedicalitalia.it\\\/prodotto\\\/pressoterapia-professionale-a-casa-tua\\\/\"]}]},{\"@type\":\"ImageObject\",\"inLanguage\":\"pt-PT\",\"@id\":\"https:\\\/\\\/www.miamedicalitalia.it\\\/prodotto\\\/pressoterapia-professionale-a-casa-tua\\\/#primaryimage\",\"url\":\"https:\\\/\\\/www.miamedicalitalia.it\\\/wp-content\\\/uploads\\\/2023\\\/02\\\/pressoterapia-POWER-1-1-1.jpg\",\"contentUrl\":\"https:\\\/\\\/www.miamedicalitalia.it\\\/wp-content\\\/uploads\\\/2023\\\/02\\\/pressoterapia-POWER-1-1-1.jpg\",\"width\":1000,\"height\":1000},{\"@type\":\"BreadcrumbList\",\"@id\":\"https:\\\/\\\/www.miamedicalitalia.it\\\/prodotto\\\/pressoterapia-professionale-a-casa-tua\\\/#breadcrumb\",\"itemListElement\":[{\"@type\":\"ListItem\",\"position\":1,\"name\":\"Home\",\"item\":\"https:\\\/\\\/www.miamedicalitalia.it\\\/\"},{\"@type\":\"ListItem\",\"position\":2,\"name\":\"Shop\",\"item\":\"https:\\\/\\\/www.miamedicalitalia.it\\\/negozio\\\/\"},{\"@type\":\"ListItem\",\"position\":3,\"name\":\"Affitto e noleggio\",\"item\":\"https:\\\/\\\/www.miamedicalitalia.it\\\/categoria\\\/affitto-e-noleggio-ausili\\\/\"},{\"@type\":\"ListItem\",\"position\":4,\"name\":\"Pressoterapia\",\"item\":\"https:\\\/\\\/www.miamedicalitalia.it\\\/categoria\\\/affitto-e-noleggio-ausili\\\/affitto-noleggio-pressoterapia\\\/\"},{\"@type\":\"ListItem\",\"position\":5,\"name\":\"Noleggio Pressoterapia Professionale\"}]},{\"@type\":\"WebSite\",\"@id\":\"https:\\\/\\\/www.miamedicalitalia.it\\\/#website\",\"url\":\"https:\\\/\\\/www.miamedicalitalia.it\\\/\",\"name\":\"www.miamedicalitalia.it\",\"description\":\"Noleggio e Vendita Attrezzatura Sanitarie\",\"publisher\":{\"@id\":\"https:\\\/\\\/www.miamedicalitalia.it\\\/#organization\"},\"potentialAction\":[{\"@type\":\"SearchAction\",\"target\":{\"@type\":\"EntryPoint\",\"urlTemplate\":\"https:\\\/\\\/www.miamedicalitalia.it\\\/?s={search_term_string}\"},\"query-input\":{\"@type\":\"PropertyValueSpecification\",\"valueRequired\":true,\"valueName\":\"search_term_string\"}}],\"inLanguage\":\"pt-PT\"},{\"@type\":\"Organization\",\"@id\":\"https:\\\/\\\/www.miamedicalitalia.it\\\/#organization\",\"name\":\"OLG\",\"url\":\"https:\\\/\\\/www.miamedicalitalia.it\\\/\",\"logo\":{\"@type\":\"ImageObject\",\"inLanguage\":\"pt-PT\",\"@id\":\"https:\\\/\\\/www.miamedicalitalia.it\\\/#\\\/schema\\\/logo\\\/image\\\/\",\"url\":\"https:\\\/\\\/www.miamedicalitalia.it\\\/wp-content\\\/uploads\\\/2023\\\/04\\\/mia-medical-logo-free.png\",\"contentUrl\":\"https:\\\/\\\/www.miamedicalitalia.it\\\/wp-content\\\/uploads\\\/2023\\\/04\\\/mia-medical-logo-free.png\",\"width\":700,\"height\":700,\"caption\":\"OLG\"},\"image\":{\"@id\":\"https:\\\/\\\/www.miamedicalitalia.it\\\/#\\\/schema\\\/logo\\\/image\\\/\"},\"sameAs\":[\"https:\\\/\\\/www.facebook.com\\\/miamedicalitalia\"]}]}<\/script>\n<!-- \/ Yoast SEO Premium plugin. -->","yoast_head_json":{"title":"PRESSOTERAPIA aluga-se comodamente ao domic\u00edlio a partir de 4\u20ac por dia","description":"Aluguer de Pressoterapia Profissional . Pre\u00e7os imbat\u00edveis, ideal para o tratamento da celulite. Reserve j\u00e1 online e ligue para 3926509237.","robots":{"index":"index","follow":"follow","max-snippet":"max-snippet:-1","max-image-preview":"max-image-preview:large","max-video-preview":"max-video-preview:-1"},"canonical":"https:\/\/www.miamedicalitalia.it\/pt\/produto\/pressoterapia-professionale-a-casa-tua\/","og_locale":"pt_PT","og_type":"article","og_title":"PRESSOTERAPIA a noleggio comodo a casa da 4\u20ac al giorno","og_description":"Noleggio Pressoterapia Proffessionale . Prezzi imbattibili.Perfetto per il trattamento contro la cellulite. Prenota online ora i chiama al 3926509237.","og_url":"https:\/\/www.miamedicalitalia.it\/pt\/produto\/pressoterapia-professionale-a-casa-tua\/","og_site_name":"Mia Medical","article_publisher":"https:\/\/www.facebook.com\/miamedicalitalia","article_modified_time":"2026-02-18T11:26:26+00:00","og_image":[{"width":1000,"height":1000,"url":"https:\/\/www.miamedicalitalia.it\/wp-content\/uploads\/2023\/02\/pressoterapia-POWER-1-1-1.jpg","type":"image\/jpeg"}],"twitter_card":"summary_large_image","twitter_misc":{"Tempo estimado de leitura":"3 minutos"},"schema":{"@context":"https:\/\/schema.org","@graph":[{"@type":"WebPage","@id":"https:\/\/www.miamedicalitalia.it\/prodotto\/pressoterapia-professionale-a-casa-tua\/","url":"https:\/\/www.miamedicalitalia.it\/prodotto\/pressoterapia-professionale-a-casa-tua\/","name":"PRESSOTERAPIA aluga-se comodamente ao domic\u00edlio a partir de 4\u20ac por dia","isPartOf":{"@id":"https:\/\/www.miamedicalitalia.it\/#website"},"primaryImageOfPage":{"@id":"https:\/\/www.miamedicalitalia.it\/prodotto\/pressoterapia-professionale-a-casa-tua\/#primaryimage"},"image":{"@id":"https:\/\/www.miamedicalitalia.it\/prodotto\/pressoterapia-professionale-a-casa-tua\/#primaryimage"},"thumbnailUrl":"https:\/\/www.miamedicalitalia.it\/wp-content\/uploads\/2023\/02\/pressoterapia-POWER-1-1-1.jpg","datePublished":"2023-02-21T13:34:49+00:00","dateModified":"2026-02-18T11:26:26+00:00","description":"Aluguer de Pressoterapia Profissional . Pre\u00e7os imbat\u00edveis, ideal para o tratamento da celulite. Reserve j\u00e1 online e ligue para 3926509237.","breadcrumb":{"@id":"https:\/\/www.miamedicalitalia.it\/prodotto\/pressoterapia-professionale-a-casa-tua\/#breadcrumb"},"inLanguage":"pt-PT","potentialAction":[{"@type":"ReadAction","target":["https:\/\/www.miamedicalitalia.it\/prodotto\/pressoterapia-professionale-a-casa-tua\/"]}]},{"@type":"ImageObject","inLanguage":"pt-PT","@id":"https:\/\/www.miamedicalitalia.it\/prodotto\/pressoterapia-professionale-a-casa-tua\/#primaryimage","url":"https:\/\/www.miamedicalitalia.it\/wp-content\/uploads\/2023\/02\/pressoterapia-POWER-1-1-1.jpg","contentUrl":"https:\/\/www.miamedicalitalia.it\/wp-content\/uploads\/2023\/02\/pressoterapia-POWER-1-1-1.jpg","width":1000,"height":1000},{"@type":"BreadcrumbList","@id":"https:\/\/www.miamedicalitalia.it\/prodotto\/pressoterapia-professionale-a-casa-tua\/#breadcrumb","itemListElement":[{"@type":"ListItem","position":1,"name":"Home","item":"https:\/\/www.miamedicalitalia.it\/"},{"@type":"ListItem","position":2,"name":"Shop","item":"https:\/\/www.miamedicalitalia.it\/negozio\/"},{"@type":"ListItem","position":3,"name":"Affitto e noleggio","item":"https:\/\/www.miamedicalitalia.it\/categoria\/affitto-e-noleggio-ausili\/"},{"@type":"ListItem","position":4,"name":"Pressoterapia","item":"https:\/\/www.miamedicalitalia.it\/categoria\/affitto-e-noleggio-ausili\/affitto-noleggio-pressoterapia\/"},{"@type":"ListItem","position":5,"name":"Noleggio Pressoterapia Professionale"}]},{"@type":"WebSite","@id":"https:\/\/www.miamedicalitalia.it\/#website","url":"https:\/\/www.miamedicalitalia.it\/","name":"www.miamedicalitalia.it","description":"Aluguer e venda de equipamento sanit\u00e1rio","publisher":{"@id":"https:\/\/www.miamedicalitalia.it\/#organization"},"potentialAction":[{"@type":"SearchAction","target":{"@type":"EntryPoint","urlTemplate":"https:\/\/www.miamedicalitalia.it\/?s={search_term_string}"},"query-input":{"@type":"PropertyValueSpecification","valueRequired":true,"valueName":"search_term_string"}}],"inLanguage":"pt-PT"},{"@type":"Organization","@id":"https:\/\/www.miamedicalitalia.it\/#organization","name":"OLG","url":"https:\/\/www.miamedicalitalia.it\/","logo":{"@type":"ImageObject","inLanguage":"pt-PT","@id":"https:\/\/www.miamedicalitalia.it\/#\/schema\/logo\/image\/","url":"https:\/\/www.miamedicalitalia.it\/wp-content\/uploads\/2023\/04\/mia-medical-logo-free.png","contentUrl":"https:\/\/www.miamedicalitalia.it\/wp-content\/uploads\/2023\/04\/mia-medical-logo-free.png","width":700,"height":700,"caption":"OLG"},"image":{"@id":"https:\/\/www.miamedicalitalia.it\/#\/schema\/logo\/image\/"},"sameAs":["https:\/\/www.facebook.com\/miamedicalitalia"]}]}},"wcpa_form_fields":{"wcpaData":{"product":{"product_price":90,"price_html":"<span class=\"woocommerce-Price-amount amount\" aria-hidden=\"true\"><bdi><span class=\"woocommerce-Price-currencySymbol\">&euro;<\/span>90.00<\/bdi><\/span> <span aria-hidden=\"true\">-<\/span> <span class=\"woocommerce-Price-amount amount\" aria-hidden=\"true\"><bdi><span class=\"woocommerce-Price-currencySymbol\">&euro;<\/span>250.00<\/bdi><\/span><span class=\"screen-reader-text\">Gama de pre\u00e7os: &euro;90.00 a &euro;250.00<\/span>","original_product_price":90,"price_including_tax":90,"price_excluding_tax":90,"product_id":{"parent":9603,"variation":false},"is_variable":true,"stock_status":"instock","stock_quantity":null,"parent_sku":"","product_attributes":{"quanto-costa":{"is_variation":true,"values":[]}},"custom_fields":[],"is_taxable":false,"product_name":"Noleggio Pressoterapia Professionale","hasImage":false},"fields":{"sec_565f165582eb8c":{"extra":{"key":"sec_565f165582eb8c","section_id":"sec_565f165582eb8c","name":"Predefinito","status":1,"toggle":true,"form_id":12050,"form_rules":{"exclude_from_discount":false,"fee_label":"Tasa","disp_hide_options_price":false,"disp_show_section_price":false,"disp_show_field_price":true,"layout_option":"standard","pric_use_as_fee":false,"process_fee_as":"woo_fee"},"layout_option":"standard"},"fields":[[{"active":true,"col":6,"relations":false,"cl_rule":"show","enableCl":false,"price":"","enablePrice":false,"className":"input-text","type":"date","required":true,"elementId":"date_3189538061","name":"date_3189538061","label":"A partire dal giorno:","picker_type":"custom","picker_mode":"single","error":false,"description":"Inserisci la data di inizio del noleggio","gt_translate_keys":["label","description"],"price_dependency":false,"cl_dependency":false,"value":""}]]}},"config":{"price_override":"","enable_recaptcha":false,"bind_quantity":false,"quantity_bind_formula":false,"disp_summ_show_option_price":true,"disp_summ_show_product_price":true,"disp_summ_show_total_price":true,"disp_summ_show_fee":false,"disp_summ_show_discount":false,"summary_title":"","options_total_label":"Opciones Precio","total_label":"Total","options_product_label":"Precio del producto","fee_label":"Tasa","discount_label":"Descuento","has_price":true,"has_quantity_formula":false},"mc_unit":1,"tax_rate":1,"tax_rate_real":1,"discount":{"percentage":0,"fixed":0},"design":{"conf":{"LabelPosition":"above","DescPosition":"below","UploadField":"custom_1","QuantityFieldStyle":"default"},"css":{"LeftLabelWidth":"50px"}},"formulas":[],"lookuptables":[],"clones":false,"cartKey":false}},"_links":{"self":[{"href":"https:\/\/www.miamedicalitalia.it\/pt\/wp-json\/wp\/v2\/product\/9603","targetHints":{"allow":["GET"]}}],"collection":[{"href":"https:\/\/www.miamedicalitalia.it\/pt\/wp-json\/wp\/v2\/product"}],"about":[{"href":"https:\/\/www.miamedicalitalia.it\/pt\/wp-json\/wp\/v2\/types\/product"}],"wp:featuredmedia":[{"embeddable":true,"href":"https:\/\/www.miamedicalitalia.it\/pt\/wp-json\/wp\/v2\/media\/12175"}],"wp:attachment":[{"href":"https:\/\/www.miamedicalitalia.it\/pt\/wp-json\/wp\/v2\/media?parent=9603"}],"wp:term":[{"taxonomy":"home-category","embeddable":true,"href":"https:\/\/www.miamedicalitalia.it\/pt\/wp-json\/wp\/v2\/home-category?post=9603"},{"taxonomy":"product_brand","embeddable":true,"href":"https:\/\/www.miamedicalitalia.it\/pt\/wp-json\/wp\/v2\/product_brand?post=9603"},{"taxonomy":"product_cat","embeddable":true,"href":"https:\/\/www.miamedicalitalia.it\/pt\/wp-json\/wp\/v2\/product_cat?post=9603"},{"taxonomy":"product_tag","embeddable":true,"href":"https:\/\/www.miamedicalitalia.it\/pt\/wp-json\/wp\/v2\/product_tag?post=9603"},{"taxonomy":"woo-feed-brand","embeddable":true,"href":"https:\/\/www.miamedicalitalia.it\/pt\/wp-json\/wp\/v2\/woo-feed-brand?post=9603"}],"curies":[{"name":"wp","href":"https:\/\/api.w.org\/{rel}","templated":true}]}}