{"id":9085,"date":"2022-12-21T17:15:31","date_gmt":"2022-12-21T16:15:31","guid":{"rendered":"https:\/\/www.miamedicalitalia.it\/?post_type=product&#038;p=9085"},"modified":"2026-01-13T13:06:56","modified_gmt":"2026-01-13T11:06:56","slug":"noleggio-deambulatore-rollatore-in-alluminio","status":"publish","type":"product","link":"https:\/\/www.miamedicalitalia.it\/pt\/produto\/noleggio-deambulatore-rollatore-in-alluminio\/","title":{"rendered":"Aluguer de andarilhos de alum\u00ednio"},"content":{"rendered":"<p>Descubra o nosso rollator <strong>Oceano 2.0<\/strong>\u00a0da linha <strong><a href=\"https:\/\/www.morettispa.com\/mopedia\/\">MOP\u00c9DIA<\/a><\/strong>a ajuda perfeita para quem quer mover-se com <strong>seguran\u00e7a<\/strong> e <strong>conforto<\/strong>. Gra\u00e7as \u00e0 sua <strong>conce\u00e7\u00e3o inteligente<\/strong> e a sua <strong>numerosas funcionalidades<\/strong>, este <strong>andarilho dobr\u00e1vel<\/strong> garante uma <strong>mobilidade total<\/strong>tanto para <strong>utiliza\u00e7\u00e3o di\u00e1ria em casa<\/strong> que para abreviar <strong>desloca\u00e7\u00e3o ao exterior<\/strong>. O\u00a0<strong>aluguer do nosso rollator dobr\u00e1vel de 4 rodas<\/strong> \u00e9 a escolha ideal para quem procura <strong>qualidade e praticidade<\/strong> a <strong>Roma<\/strong> e <strong>Floren\u00e7a<\/strong>.<\/p>\n\n\n\n<h4 class=\"wp-block-heading\" id=\"h-caratteristiche-tecniche-e-funzionalita\">Carater\u00edsticas t\u00e9cnicas e funcionalidade :<\/h4>\n\n\n\n<ul class=\"wp-block-list\">\n<li><strong>Estrutura robusta e leve:<\/strong>\u00a0Fabricado em tubos de alum\u00ednio pintado, o rollator Oceano 2.0 combina resist\u00eancia e leveza para garantir a durabilidade sem pesar o utilizador.<\/li>\n\n\n\n<li><strong>Design dobr\u00e1vel e desmont\u00e1vel:<\/strong>\u00a0Facilita o transporte e a arruma\u00e7\u00e3o, tornando-o perfeito mesmo para espa\u00e7os pequenos.<\/li>\n\n\n\n<li> <strong>4 rodas de \u00d8 20 cm:<\/strong><\/li>\n\n\n\n<li> <strong>Frentes pivotantes:<\/strong>\u00a0Equipado com garfo completo e reflectores para maior visibilidade e manobrabilidade.<\/li>\n\n\n\n<li><strong>Trav\u00f5es traseiros fixos com dupla fun\u00e7\u00e3o:<\/strong>\u00a0Garantem estabilidade e seguran\u00e7a em todas as situa\u00e7\u00f5es.<\/li>\n\n\n\n<li><strong>Pegas anat\u00f3micas regul\u00e1veis em altura:<\/strong>\u00a0Oferecem o m\u00e1ximo conforto, adaptando-se \u00e0s necessidades individuais e assegurando uma ader\u00eancia segura, com refletor para maior seguran\u00e7a.<\/li>\n\n\n\n<li><strong>Design ultra-leve,<\/strong> apenas <strong>7 kg<\/strong>.<\/li>\n\n\n\n<li><strong>Capacidade m\u00e1xima<\/strong> at\u00e9 <strong>136 kg.<\/strong><\/li>\n<\/ul>\n\n\n\n<p><strong>Acess\u00f3rios integrados:<\/strong><\/p>\n\n\n\n<ul class=\"wp-block-list\">\n<li><strong>Assento inclu\u00eddo:<\/strong>\u00a0Com dimens\u00f5es ideais para um breve descanso durante uma caminhada.<\/li>\n\n\n\n<li><strong>Encosto, bolsa e bast\u00e3o\/bra\u00e7adeira:<\/strong>\u00a0Tudo o que \u00e9 necess\u00e1rio para um apoio completo e funcional.<\/li>\n<\/ul>\n\n\n\n<h4 class=\"wp-block-heading\" id=\"h-curiosita-e-innovazione-perche-scegliere-il-modello-oceano-2-0\">Curiosidade e Inova\u00e7\u00e3o: porqu\u00ea escolher o modelo 'Oceano 2.0'?<\/h4>\n\n\n\n<ul class=\"wp-block-list\">\n<li><strong>Design revolucion\u00e1rio:<\/strong>\u00a0O <strong>sistema de dobragem<\/strong> e o <strong>acess\u00f3rios integrados<\/strong> fazem deste andarilho o companheiro ideal para quem quer viver cada dia como uma aventura.<\/li>\n\n\n\n<li><strong>Um mundo de conforto:<\/strong>\u00a0Le <strong>pegas anat\u00f3micas ajust\u00e1veis<\/strong> e o <strong>assento incorporado <\/strong>oferecer um <strong>apoio personalizado<\/strong>, <strong>reduzir a fadiga<\/strong> e <strong>promover uma postura correta.<\/strong><\/li>\n\n\n\n<li> <strong>Seguran\u00e7a em primeiro lugar:<\/strong>\u00a0Pormenores como o <strong>reflectores<\/strong> e o <strong>trav\u00f5es de dupla fun\u00e7\u00e3o <\/strong>salientam o nosso empenhamento em garantir a <strong>seguran\u00e7a m\u00e1xima em todos os movimentos.<\/strong><\/li>\n<\/ul>\n\n\n\n<h4 class=\"wp-block-heading\" id=\"h-perche-scegliere-il-noleggio-rollator-di-mia-medical-a-roma-e-firenze\">Porqu\u00ea escolher o aluguer de Rollator Mia Medical em Roma e Floren\u00e7a?<\/h4>\n\n\n\n<p><strong>Vantagens econ\u00f3micas e de flexibilidade <\/strong><\/p>\n\n\n\n<ul class=\"wp-block-list\">\n<li><strong>Poupan\u00e7a garantida:<\/strong>\u00a0Alugue o rollator durante o tempo que realmente precisar dele, evitando o investimento da compra.<\/li>\n\n\n\n<li>- <strong>Flexibilidade total:<\/strong>\u00a0Solu\u00e7\u00e3o ideal para per\u00edodos de reabilita\u00e7\u00e3o, recupera\u00e7\u00e3o p\u00f3s-operat\u00f3ria ou para necessidades tempor\u00e1rias.<\/li>\n\n\n\n<li>- <strong>Servi\u00e7o e manuten\u00e7\u00e3o inclu\u00eddos:<\/strong>\u00a0Receber\u00e1 um dispositivo higienizado e sempre pronto a utilizar, com assist\u00eancia t\u00e9cnica dedicada.<\/li>\n<\/ul>\n\n\n\n<p><strong>Um servi\u00e7o \u00e0 medida para si<\/strong><\/p>\n\n\n\n<p>Quer seja de <strong>Roma<\/strong> o <strong>Floren\u00e7a<\/strong>nosso <strong>servi\u00e7o de aluguer de andarilhos<\/strong> foi concebido para oferecer um <strong>consultoria personalizada<\/strong>, <strong>entrega r\u00e1pida<\/strong>, <strong>assist\u00eancia qualificada<\/strong> e a certeza de um <strong>produto de alta qualidade<\/strong>. De que \u00e9 que est\u00e3o \u00e0 espera? <a href=\"https:\/\/wa.me\/393926509237\">contacte-nos agora<\/a> !<\/p>\n\n\n\n<p><strong><a href=\"https:\/\/wa.me\/393926509237\">Contactar-nos agora<\/a><\/strong>! Descubra no <strong><a href=\"https:\/\/www.miamedicalitalia.it\/pt\/categoria\/affitto-e-noleggio-ausili\/affitto-e-noleggio-deambulatori\/?_gl=1*1d3ycwo*_up*MQ..*_ga*MTEwNzU5MDEyNS4xNzQyMDM1MjMx*_ga_D9FZ9V3LL7*MTc0MjAzNTIzMS4xLjEuMTc0MjAzNTI2OC4wLjAuMA..\">o nosso site a vasta gama de andarilhos dispon\u00edveis<\/a><\/strong>. Tamb\u00e9m para si um <a href=\"https:\/\/www.miamedicalitalia.it\/pt\/come-si-scegli-il-deambulatore-giusto\/\">artigo-guia<\/a> para uma escolha informada da ajuda m\u00e9dica que melhor se adapta \u00e0s suas necessidades. Reserve hoje o seu rollator!<\/p>\n\n\n\n<p>Al\u00e9m disso, se for o <strong>prestador de cuidados<\/strong> de uma pessoa idosa ou dependente e precisa de um <strong>ajuda<\/strong>nosso <strong>enfermeira<\/strong> de confian\u00e7a <strong><a href=\"http:\/\/www.arnaldiandrea.com\">Andrea Arnaldi<\/a> <\/strong>\u00e9 especializado no dom\u00ednio <strong>cuidados domicili\u00e1rios<\/strong>e est\u00e1 pronto para o ajudar a cuidar do conforto do seu lar.\u00a0<\/p>\n\n\n\n<p>Se est\u00e1 \u00e0 procura de um <strong>aluguer de um rollator<\/strong> uni\u00e3o <strong>funcionalidade<\/strong>, <strong>seguran\u00e7a<\/strong> e <strong>conce\u00e7\u00e3o inovadora<\/strong>ent\u00e3o est\u00e1 no s\u00edtio certo! Temos a solu\u00e7\u00e3o para si. <strong><a href=\"https:\/\/wa.me\/393926509237\">Contacte-nos hoje<\/a><\/strong>\u00a0<strong>para uma consulta gratuita e para saber como podemos melhorar a sua mobilidade com um servi\u00e7o personalizado e de alta qualidade.<\/strong><\/p>\n\n\n\n<p><\/p>","protected":false},"excerpt":{"rendered":"<div style=\"font-family: Arial, sans-serif; background-color: #234091; padding: 30px; border-radius: 25px; max-width: 600px; color: #ffffff; position: relative; border-top: 6px solid #2498fe;\">\n<h3 style=\"margin-top: 0; margin-bottom: 15px; color: #ffffff;\">Entrega em Roma e Floren\u00e7a a partir de 30 euros.<\/h3>\n<p><strong>N\u00e3o \u00e9 necess\u00e1rio dep\u00f3sito.<\/strong><\/p>\n<p>A entrega e a recolha no armaz\u00e9m s\u00e3o <strong>GR\u00c1TIS!<\/strong><\/p>\n<\/div>\n<p><!-- Linea bianca sotto --><\/p>\n<div style=\"height: 6px; background-color: #ffffff; max-width: 600px;\">\u00a0<\/div>","protected":false},"featured_media":12498,"template":"","meta":{"_acf_changed":false},"home-category":[263],"product_brand":[],"product_cat":[130],"product_tag":[160,161],"woo-feed-brand":[],"class_list":{"0":"post-9085","1":"product","2":"type-product","3":"status-publish","4":"has-post-thumbnail","6":"home-category-ausili","7":"product_cat-affitto-e-noleggio-deambulatori","8":"product_tag-deambulatore-piegevole-rollatore-da-esterno","9":"product_tag-deambulatore-rollatore-piegevole","10":"wcpa_has_options","12":"first","13":"instock","14":"shipping-taxable","15":"purchasable","16":"product-type-variable"},"acf":[],"yoast_head":"<!-- This site is optimized with the Yoast SEO Premium plugin v27.5 (Yoast SEO v27.5) - https:\/\/yoast.com\/product\/yoast-seo-premium-wordpress\/ -->\n<title>Noleggio Deambulatore Rollator Pieghevole a Roma e Firenze<\/title>\n<meta name=\"description\" content=\"Noleggio e vendita Deambulatore pieghevole leggero, freni e seduta. Migliore Prezzo Garantito. Fidati di noi. Siamo esperti nel noleggio e la vendita.\" \/>\n<meta name=\"robots\" content=\"index, follow, max-snippet:-1, max-image-preview:large, max-video-preview:-1\" \/>\n<link rel=\"canonical\" href=\"https:\/\/www.miamedicalitalia.it\/pt\/produto\/noleggio-deambulatore-rollatore-in-alluminio\/\" \/>\n<meta property=\"og:locale\" content=\"pt_PT\" \/>\n<meta property=\"og:type\" content=\"article\" \/>\n<meta property=\"og:title\" content=\"Noleggio Deambulatore Rollator Pieghevole a Roma e Firenze\" \/>\n<meta property=\"og:description\" content=\"Noleggio e vendita Deambulatore pieghevole leggero, freni e seduta. Migliore Prezzo Garantito. Fidati di noi. Siamo esperti nel noleggio e la vendita.\" \/>\n<meta property=\"og:url\" content=\"https:\/\/www.miamedicalitalia.it\/pt\/produto\/noleggio-deambulatore-rollatore-in-alluminio\/\" \/>\n<meta property=\"og:site_name\" content=\"Mia Medical\" \/>\n<meta property=\"article:publisher\" content=\"https:\/\/www.facebook.com\/miamedicalitalia\" \/>\n<meta property=\"article:modified_time\" content=\"2026-01-13T11:06:56+00:00\" \/>\n<meta property=\"og:image\" content=\"https:\/\/www.miamedicalitalia.it\/wp-content\/uploads\/2022\/12\/DSC_1142.jpg\" \/>\n\t<meta property=\"og:image:width\" content=\"1000\" \/>\n\t<meta property=\"og:image:height\" content=\"1000\" \/>\n\t<meta property=\"og:image:type\" content=\"image\/jpeg\" \/>\n<meta name=\"twitter:card\" content=\"summary_large_image\" \/>\n<meta name=\"twitter:label1\" content=\"Tempo estimado de leitura\" \/>\n\t<meta name=\"twitter:data1\" content=\"1 minuto\" \/>\n<script type=\"application\/ld+json\" class=\"yoast-schema-graph\">{\"@context\":\"https:\\\/\\\/schema.org\",\"@graph\":[{\"@type\":\"WebPage\",\"@id\":\"https:\\\/\\\/www.miamedicalitalia.it\\\/prodotto\\\/noleggio-deambulatore-rollatore-in-alluminio\\\/\",\"url\":\"https:\\\/\\\/www.miamedicalitalia.it\\\/prodotto\\\/noleggio-deambulatore-rollatore-in-alluminio\\\/\",\"name\":\"Noleggio Deambulatore Rollator Pieghevole a Roma e Firenze\",\"isPartOf\":{\"@id\":\"https:\\\/\\\/www.miamedicalitalia.it\\\/#website\"},\"primaryImageOfPage\":{\"@id\":\"https:\\\/\\\/www.miamedicalitalia.it\\\/prodotto\\\/noleggio-deambulatore-rollatore-in-alluminio\\\/#primaryimage\"},\"image\":{\"@id\":\"https:\\\/\\\/www.miamedicalitalia.it\\\/prodotto\\\/noleggio-deambulatore-rollatore-in-alluminio\\\/#primaryimage\"},\"thumbnailUrl\":\"https:\\\/\\\/www.miamedicalitalia.it\\\/wp-content\\\/uploads\\\/2022\\\/12\\\/DSC_1142.jpg\",\"datePublished\":\"2022-12-21T16:15:31+00:00\",\"dateModified\":\"2026-01-13T11:06:56+00:00\",\"description\":\"Noleggio e vendita Deambulatore pieghevole leggero, freni e seduta. Migliore Prezzo Garantito. Fidati di noi. Siamo esperti nel noleggio e la vendita.\",\"breadcrumb\":{\"@id\":\"https:\\\/\\\/www.miamedicalitalia.it\\\/prodotto\\\/noleggio-deambulatore-rollatore-in-alluminio\\\/#breadcrumb\"},\"inLanguage\":\"pt-PT\",\"potentialAction\":[{\"@type\":\"ReadAction\",\"target\":[\"https:\\\/\\\/www.miamedicalitalia.it\\\/prodotto\\\/noleggio-deambulatore-rollatore-in-alluminio\\\/\"]}]},{\"@type\":\"ImageObject\",\"inLanguage\":\"pt-PT\",\"@id\":\"https:\\\/\\\/www.miamedicalitalia.it\\\/prodotto\\\/noleggio-deambulatore-rollatore-in-alluminio\\\/#primaryimage\",\"url\":\"https:\\\/\\\/www.miamedicalitalia.it\\\/wp-content\\\/uploads\\\/2022\\\/12\\\/DSC_1142.jpg\",\"contentUrl\":\"https:\\\/\\\/www.miamedicalitalia.it\\\/wp-content\\\/uploads\\\/2022\\\/12\\\/DSC_1142.jpg\",\"width\":1000,\"height\":1000,\"caption\":\"deambulatore rollatore de interno\\\/esterno\"},{\"@type\":\"BreadcrumbList\",\"@id\":\"https:\\\/\\\/www.miamedicalitalia.it\\\/prodotto\\\/noleggio-deambulatore-rollatore-in-alluminio\\\/#breadcrumb\",\"itemListElement\":[{\"@type\":\"ListItem\",\"position\":1,\"name\":\"Home\",\"item\":\"https:\\\/\\\/www.miamedicalitalia.it\\\/\"},{\"@type\":\"ListItem\",\"position\":2,\"name\":\"Shop\",\"item\":\"https:\\\/\\\/www.miamedicalitalia.it\\\/negozio\\\/\"},{\"@type\":\"ListItem\",\"position\":3,\"name\":\"Affitto e noleggio\",\"item\":\"https:\\\/\\\/www.miamedicalitalia.it\\\/categoria\\\/affitto-e-noleggio-ausili\\\/\"},{\"@type\":\"ListItem\",\"position\":4,\"name\":\"Deambulatori e Rollatori\",\"item\":\"https:\\\/\\\/www.miamedicalitalia.it\\\/categoria\\\/affitto-e-noleggio-ausili\\\/affitto-e-noleggio-deambulatori\\\/\"},{\"@type\":\"ListItem\",\"position\":5,\"name\":\"Noleggio deambulatore rollator in alluminio\"}]},{\"@type\":\"WebSite\",\"@id\":\"https:\\\/\\\/www.miamedicalitalia.it\\\/#website\",\"url\":\"https:\\\/\\\/www.miamedicalitalia.it\\\/\",\"name\":\"www.miamedicalitalia.it\",\"description\":\"Noleggio e Vendita Attrezzatura Sanitarie\",\"publisher\":{\"@id\":\"https:\\\/\\\/www.miamedicalitalia.it\\\/#organization\"},\"potentialAction\":[{\"@type\":\"SearchAction\",\"target\":{\"@type\":\"EntryPoint\",\"urlTemplate\":\"https:\\\/\\\/www.miamedicalitalia.it\\\/?s={search_term_string}\"},\"query-input\":{\"@type\":\"PropertyValueSpecification\",\"valueRequired\":true,\"valueName\":\"search_term_string\"}}],\"inLanguage\":\"pt-PT\"},{\"@type\":\"Organization\",\"@id\":\"https:\\\/\\\/www.miamedicalitalia.it\\\/#organization\",\"name\":\"OLG\",\"url\":\"https:\\\/\\\/www.miamedicalitalia.it\\\/\",\"logo\":{\"@type\":\"ImageObject\",\"inLanguage\":\"pt-PT\",\"@id\":\"https:\\\/\\\/www.miamedicalitalia.it\\\/#\\\/schema\\\/logo\\\/image\\\/\",\"url\":\"https:\\\/\\\/www.miamedicalitalia.it\\\/wp-content\\\/uploads\\\/2023\\\/04\\\/mia-medical-logo-free.png\",\"contentUrl\":\"https:\\\/\\\/www.miamedicalitalia.it\\\/wp-content\\\/uploads\\\/2023\\\/04\\\/mia-medical-logo-free.png\",\"width\":700,\"height\":700,\"caption\":\"OLG\"},\"image\":{\"@id\":\"https:\\\/\\\/www.miamedicalitalia.it\\\/#\\\/schema\\\/logo\\\/image\\\/\"},\"sameAs\":[\"https:\\\/\\\/www.facebook.com\\\/miamedicalitalia\"]}]}<\/script>\n<!-- \/ Yoast SEO Premium plugin. -->","yoast_head_json":{"title":"Aluguer de andarilhos dobr\u00e1veis em Roma e Floren\u00e7a","description":"Aluguer e venda Andarilho leve dobr\u00e1vel, com trav\u00f5es e assento. Melhor pre\u00e7o garantido. Confie em n\u00f3s. Somos especialistas em aluguer e venda.","robots":{"index":"index","follow":"follow","max-snippet":"max-snippet:-1","max-image-preview":"max-image-preview:large","max-video-preview":"max-video-preview:-1"},"canonical":"https:\/\/www.miamedicalitalia.it\/pt\/produto\/noleggio-deambulatore-rollatore-in-alluminio\/","og_locale":"pt_PT","og_type":"article","og_title":"Noleggio Deambulatore Rollator Pieghevole a Roma e Firenze","og_description":"Noleggio e vendita Deambulatore pieghevole leggero, freni e seduta. Migliore Prezzo Garantito. Fidati di noi. Siamo esperti nel noleggio e la vendita.","og_url":"https:\/\/www.miamedicalitalia.it\/pt\/produto\/noleggio-deambulatore-rollatore-in-alluminio\/","og_site_name":"Mia Medical","article_publisher":"https:\/\/www.facebook.com\/miamedicalitalia","article_modified_time":"2026-01-13T11:06:56+00:00","og_image":[{"width":1000,"height":1000,"url":"https:\/\/www.miamedicalitalia.it\/wp-content\/uploads\/2022\/12\/DSC_1142.jpg","type":"image\/jpeg"}],"twitter_card":"summary_large_image","twitter_misc":{"Tempo estimado de leitura":"1 minuto"},"schema":{"@context":"https:\/\/schema.org","@graph":[{"@type":"WebPage","@id":"https:\/\/www.miamedicalitalia.it\/prodotto\/noleggio-deambulatore-rollatore-in-alluminio\/","url":"https:\/\/www.miamedicalitalia.it\/prodotto\/noleggio-deambulatore-rollatore-in-alluminio\/","name":"Aluguer de andarilhos dobr\u00e1veis em Roma e Floren\u00e7a","isPartOf":{"@id":"https:\/\/www.miamedicalitalia.it\/#website"},"primaryImageOfPage":{"@id":"https:\/\/www.miamedicalitalia.it\/prodotto\/noleggio-deambulatore-rollatore-in-alluminio\/#primaryimage"},"image":{"@id":"https:\/\/www.miamedicalitalia.it\/prodotto\/noleggio-deambulatore-rollatore-in-alluminio\/#primaryimage"},"thumbnailUrl":"https:\/\/www.miamedicalitalia.it\/wp-content\/uploads\/2022\/12\/DSC_1142.jpg","datePublished":"2022-12-21T16:15:31+00:00","dateModified":"2026-01-13T11:06:56+00:00","description":"Aluguer e venda Andarilho leve dobr\u00e1vel, com trav\u00f5es e assento. Melhor pre\u00e7o garantido. Confie em n\u00f3s. Somos especialistas em aluguer e venda.","breadcrumb":{"@id":"https:\/\/www.miamedicalitalia.it\/prodotto\/noleggio-deambulatore-rollatore-in-alluminio\/#breadcrumb"},"inLanguage":"pt-PT","potentialAction":[{"@type":"ReadAction","target":["https:\/\/www.miamedicalitalia.it\/prodotto\/noleggio-deambulatore-rollatore-in-alluminio\/"]}]},{"@type":"ImageObject","inLanguage":"pt-PT","@id":"https:\/\/www.miamedicalitalia.it\/prodotto\/noleggio-deambulatore-rollatore-in-alluminio\/#primaryimage","url":"https:\/\/www.miamedicalitalia.it\/wp-content\/uploads\/2022\/12\/DSC_1142.jpg","contentUrl":"https:\/\/www.miamedicalitalia.it\/wp-content\/uploads\/2022\/12\/DSC_1142.jpg","width":1000,"height":1000,"caption":"deambulatore rollatore de interno\/esterno"},{"@type":"BreadcrumbList","@id":"https:\/\/www.miamedicalitalia.it\/prodotto\/noleggio-deambulatore-rollatore-in-alluminio\/#breadcrumb","itemListElement":[{"@type":"ListItem","position":1,"name":"Home","item":"https:\/\/www.miamedicalitalia.it\/"},{"@type":"ListItem","position":2,"name":"Shop","item":"https:\/\/www.miamedicalitalia.it\/negozio\/"},{"@type":"ListItem","position":3,"name":"Affitto e noleggio","item":"https:\/\/www.miamedicalitalia.it\/categoria\/affitto-e-noleggio-ausili\/"},{"@type":"ListItem","position":4,"name":"Deambulatori e Rollatori","item":"https:\/\/www.miamedicalitalia.it\/categoria\/affitto-e-noleggio-ausili\/affitto-e-noleggio-deambulatori\/"},{"@type":"ListItem","position":5,"name":"Noleggio deambulatore rollator in alluminio"}]},{"@type":"WebSite","@id":"https:\/\/www.miamedicalitalia.it\/#website","url":"https:\/\/www.miamedicalitalia.it\/","name":"www.miamedicalitalia.it","description":"Aluguer e venda de equipamento sanit\u00e1rio","publisher":{"@id":"https:\/\/www.miamedicalitalia.it\/#organization"},"potentialAction":[{"@type":"SearchAction","target":{"@type":"EntryPoint","urlTemplate":"https:\/\/www.miamedicalitalia.it\/?s={search_term_string}"},"query-input":{"@type":"PropertyValueSpecification","valueRequired":true,"valueName":"search_term_string"}}],"inLanguage":"pt-PT"},{"@type":"Organization","@id":"https:\/\/www.miamedicalitalia.it\/#organization","name":"OLG","url":"https:\/\/www.miamedicalitalia.it\/","logo":{"@type":"ImageObject","inLanguage":"pt-PT","@id":"https:\/\/www.miamedicalitalia.it\/#\/schema\/logo\/image\/","url":"https:\/\/www.miamedicalitalia.it\/wp-content\/uploads\/2023\/04\/mia-medical-logo-free.png","contentUrl":"https:\/\/www.miamedicalitalia.it\/wp-content\/uploads\/2023\/04\/mia-medical-logo-free.png","width":700,"height":700,"caption":"OLG"},"image":{"@id":"https:\/\/www.miamedicalitalia.it\/#\/schema\/logo\/image\/"},"sameAs":["https:\/\/www.facebook.com\/miamedicalitalia"]}]}},"wcpa_form_fields":{"wcpaData":{"product":{"product_price":30,"price_html":"<span class=\"woocommerce-Price-amount amount\" aria-hidden=\"true\"><bdi><span class=\"woocommerce-Price-currencySymbol\">&euro;<\/span>30.00<\/bdi><\/span> <span aria-hidden=\"true\">-<\/span> <span class=\"woocommerce-Price-amount amount\" aria-hidden=\"true\"><bdi><span class=\"woocommerce-Price-currencySymbol\">&euro;<\/span>100.00<\/bdi><\/span><span class=\"screen-reader-text\">Gama de pre\u00e7os: &euro;30.00 a &euro;100.00<\/span>","original_product_price":30,"price_including_tax":30,"price_excluding_tax":30,"product_id":{"parent":9085,"variation":false},"is_variable":true,"stock_status":"instock","stock_quantity":null,"parent_sku":"","product_attributes":{"pa_seating-height":{"is_variation":false,"values":["45-50cm","49-50-cm","53-cm","54-cm"]},"pa_heights":{"is_variation":false,"values":["regolabile-da-79cm-a-92-cm"]},"pa_maximum-capacity":{"is_variation":false,"values":["150-kg"]},"altezza-sedile-da-terra":{"is_variation":false,"values":["54 cm"]},"pa_weight":{"is_variation":false,"values":["7kg"]},"pa_seat-width":{"is_variation":false,"values":["45x20cm"]},"pa_dimensions":{"is_variation":false,"values":["ingombro-totale-62-cm"]},"quanto-costa":{"is_variation":true,"values":[]},"pa_color":{"is_variation":false,"values":["arancione","verde"]},"marca":{"is_variation":false,"values":["Moretti Mopedia"]}},"custom_fields":[],"is_taxable":false,"product_name":"Noleggio deambulatore rollator in alluminio","hasImage":false},"fields":{"sec_565f165582eb8c":{"extra":{"key":"sec_565f165582eb8c","section_id":"sec_565f165582eb8c","name":"Predefinito","status":1,"toggle":true,"form_id":12050,"form_rules":{"exclude_from_discount":false,"fee_label":"Tasa","disp_hide_options_price":false,"disp_show_section_price":false,"disp_show_field_price":true,"layout_option":"standard","pric_use_as_fee":false,"process_fee_as":"woo_fee"},"layout_option":"standard"},"fields":[[{"active":true,"col":6,"relations":false,"cl_rule":"show","enableCl":false,"price":"","enablePrice":false,"className":"input-text","type":"date","required":true,"elementId":"date_3189538061","name":"date_3189538061","label":"A partire dal giorno:","picker_type":"custom","picker_mode":"single","error":false,"description":"Inserisci la data di inizio del noleggio","gt_translate_keys":["label","description"],"price_dependency":false,"cl_dependency":false,"value":""}]]}},"config":{"price_override":"","enable_recaptcha":false,"bind_quantity":false,"quantity_bind_formula":false,"disp_summ_show_option_price":true,"disp_summ_show_product_price":true,"disp_summ_show_total_price":true,"disp_summ_show_fee":false,"disp_summ_show_discount":false,"summary_title":"","options_total_label":"Opciones Precio","total_label":"Total","options_product_label":"Precio del producto","fee_label":"Tasa","discount_label":"Descuento","has_price":true,"has_quantity_formula":false},"mc_unit":1,"tax_rate":1,"tax_rate_real":1,"discount":{"percentage":0,"fixed":0},"design":{"conf":{"LabelPosition":"above","DescPosition":"below","UploadField":"custom_1","QuantityFieldStyle":"default"},"css":{"LeftLabelWidth":"50px"}},"formulas":[],"lookuptables":[],"clones":false,"cartKey":false}},"_links":{"self":[{"href":"https:\/\/www.miamedicalitalia.it\/pt\/wp-json\/wp\/v2\/product\/9085","targetHints":{"allow":["GET"]}}],"collection":[{"href":"https:\/\/www.miamedicalitalia.it\/pt\/wp-json\/wp\/v2\/product"}],"about":[{"href":"https:\/\/www.miamedicalitalia.it\/pt\/wp-json\/wp\/v2\/types\/product"}],"wp:featuredmedia":[{"embeddable":true,"href":"https:\/\/www.miamedicalitalia.it\/pt\/wp-json\/wp\/v2\/media\/12498"}],"wp:attachment":[{"href":"https:\/\/www.miamedicalitalia.it\/pt\/wp-json\/wp\/v2\/media?parent=9085"}],"wp:term":[{"taxonomy":"home-category","embeddable":true,"href":"https:\/\/www.miamedicalitalia.it\/pt\/wp-json\/wp\/v2\/home-category?post=9085"},{"taxonomy":"product_brand","embeddable":true,"href":"https:\/\/www.miamedicalitalia.it\/pt\/wp-json\/wp\/v2\/product_brand?post=9085"},{"taxonomy":"product_cat","embeddable":true,"href":"https:\/\/www.miamedicalitalia.it\/pt\/wp-json\/wp\/v2\/product_cat?post=9085"},{"taxonomy":"product_tag","embeddable":true,"href":"https:\/\/www.miamedicalitalia.it\/pt\/wp-json\/wp\/v2\/product_tag?post=9085"},{"taxonomy":"woo-feed-brand","embeddable":true,"href":"https:\/\/www.miamedicalitalia.it\/pt\/wp-json\/wp\/v2\/woo-feed-brand?post=9085"}],"curies":[{"name":"wp","href":"https:\/\/api.w.org\/{rel}","templated":true}]}}