{"id":9079,"date":"2022-12-21T17:15:31","date_gmt":"2022-12-21T16:15:31","guid":{"rendered":"https:\/\/www.miamedicalitalia.it\/?post_type=product&#038;p=9079"},"modified":"2026-02-12T16:53:26","modified_gmt":"2026-02-12T14:53:26","slug":"affitto-carrozzina-pieghevole-ad-autospinta-spedizioni-in-tutta-italia","status":"publish","type":"product","link":"https:\/\/www.miamedicalitalia.it\/pt\/produto\/affitto-carrozzina-pieghevole-ad-autospinta-spedizioni-in-tutta-italia\/","title":{"rendered":"Aluguer de uma cadeira de rodas dobr\u00e1vel autopropulsada"},"content":{"rendered":"<p>O aluguer da cadeira de rodas dobr\u00e1vel autopropulsada \u00e9 de <strong>indispens\u00e1vel<\/strong> para pessoas com defici\u00eancia, idosos, pessoas com mobilidade reduzida ou pessoas que necessitam de reabilita\u00e7\u00e3o.<\/p>\n\n\n\n<p>A cadeira de rodas \u00e9 fornecida com o <strong>p\u00f3dios<\/strong> para os p\u00e9s e <strong>apoios de bra\u00e7os<\/strong>. Ambos podem ser facilmente removidos em qualquer altura. Aquando da entrega, um <strong>o nosso t\u00e9cnico<\/strong> O manual de instru\u00e7\u00f5es do utilizador mostra-lhe como dobrar e desdobrar a cadeira de rodas e como colocar e retirar os apoios para os bra\u00e7os e para os p\u00e9s. Para al\u00e9m disso, a cadeira de rodas est\u00e1 equipada com dois <strong>trav\u00f5es<\/strong> para bloquear as rodas.<\/p>\n\n\n\n<p>Dever\u00e1 ter um <strong>giz<\/strong> ou a necessidade de segurar a perna <strong>levantada<\/strong> basta informar-nos. O aluguer da coluna \u00e9 de <strong>GRATUITO<\/strong>!<\/p>\n\n\n\n<p>Estas cadeiras de rodas s\u00e3o muito <strong>ler<\/strong> e <strong>dobr\u00e1vel<\/strong>mas ao mesmo tempo muito robustas. Podem transportar um doente com um peso m\u00e1ximo de 130 kg, em alternativa, podemos fornecer uma cadeira de rodas espec\u00edfica para doentes que <em><strong><a href=\"https:\/\/www.miamedicalitalia.it\/pt\/produto\/noleggio-carrozzina-per-pazienti-obesi\/\">necessitam de um caudal mais elevado.\u00a0<\/a><\/strong><\/em><\/p>\n\n\n\n<p>O doente passa <strong>muito tempo na cadeira de rodas?<\/strong> Para evitar a forma\u00e7\u00e3o de feridas, pode comprar o<a href=\"https:\/\/www.miamedicalitalia.it\/pt\/produto\/cuscino-antidecubito-in-fibra-cava-siliconata\/\"><em><strong> almofada anti-dec\u00fabito a um pre\u00e7o reservado para si<\/strong><\/em><\/a>!<\/p>\n\n\n\n<h3 class=\"wp-block-heading\" id=\"h-nbsp-dimensioni-carrozzina-pieghevole-ad-autospinta\">&nbsp;DIMENS\u00d5ES Cadeira de rodas dobr\u00e1vel autopropulsada:<\/h3>\n\n\n\n<p>Alugamos a cadeira de rodas dobr\u00e1vel autopropulsada em <strong>v\u00e1rias sess\u00f5es<\/strong>. O mais pequeno \u00e9 de 40 cm, at\u00e9 um m\u00e1ximo de 50 cm.<\/p>\n\n\n\n<p><strong>O peso<\/strong> do carrinho de beb\u00e9 pode variar consoante o tamanho do assento. O mais leve pesa 14 kg, enquanto o maior pesa cerca de 18 kg.<\/p>\n\n\n\n<p>As rodas grandes s\u00e3o essenciais para uma desloca\u00e7\u00e3o independente<strong>.<\/strong> S\u00e3o diferentes dos <a href=\"https:\/\/www.miamedicalitalia.it\/pt\/produto\/noleggio-carrozzina-pieghevole-da-transito\/\"><em>cadeira de rodas de tr\u00e2nsito<\/em>o<\/a> por di\u00e2metro e posi\u00e7\u00e3o no quadro.<\/p>\n\n\n\n<p>Todos os aparelhos que alugamos s\u00e3o higienizados em todas as suas partes.<strong> Limpeza e higieniza\u00e7\u00e3o<\/strong> s\u00e3o a base do nosso trabalho.<\/p>\n\n\n\n<p>As cadeiras de rodas da M.I.A Medical Italia s\u00e3o da mais alta qualidade e o aluguer de cadeiras \u00e9<strong> seguro, funcional e garantido!&nbsp;<\/strong><\/p>\n\n\n\n<p>Alugamos na Toscana e no L\u00e1cio, mas pode solicitar uma <strong>envio para toda a IT\u00c1LIA.<\/strong><\/p>\n\n\n\n<p><strong>Reservar online<\/strong> aluguer da cadeira de rodas dobr\u00e1vel autopropulsada agora. Se preferir, pode contactar-nos por telefone\/via WhatsApp para <strong>+393926509237 <\/strong>ou por correio eletr\u00f3nico: <strong>amministrazione@miamedicalitalia.it<\/strong><\/p>\n\n\n\n<p><a href=\"https:\/\/www.facebook.com\/MIAMedicalitalia\/\"><em>Clique aqui e visite a nossa p\u00e1gina no FACEBOOK<\/em><\/a><\/p>","protected":false},"excerpt":{"rendered":"<div style=\"font-family: Arial, sans-serif; background-color: #234091; padding: 30px; border-radius: 25px; max-width: 600px; color: #ffffff; position: relative; border-top: 6px solid #2498fe;\">\n<h3 style=\"color: #ffffff; margin-top: 0;\">Cadeira de rodas autopropulsada<\/h3>\n<p>Confort\u00e1vel e leve, f\u00e1cil de carregar no carro.<\/p>\n<p>Cadeira de rodas com assento e estrutura rebat\u00edveis para maior comodidade.<\/p>\n<p>Aluguer por 1 dia: 15 euros com levantamento apenas no local.<\/p>\n<p>Consegna e ritiro a domicilio a Roma e Firenze da 30\u20ac.<\/p>\n<\/div>\n<p><!-- Linea bianca sotto --><\/p>\n<div style=\"height: 6px; background-color: #ffffff; max-width: 600px;\">\u00a0<\/div>","protected":false},"featured_media":12209,"template":"","meta":{"_acf_changed":true},"home-category":[263],"product_brand":[],"product_cat":[68],"product_tag":[246,247,231,248],"woo-feed-brand":[],"class_list":{"0":"post-9079","1":"product","2":"type-product","3":"status-publish","4":"has-post-thumbnail","6":"home-category-ausili","7":"product_cat-affitto-e-noleggio-carrozzina","8":"product_tag-carrozzina-autospinta-italia","9":"product_tag-carrozzina-pieghevole","10":"product_tag-sedia-a-rotelle-firenze","11":"product_tag-sedia-a-rotelle-roma","12":"wcpa_has_options","14":"first","15":"instock","16":"shipping-taxable","17":"purchasable","18":"product-type-variable"},"acf":[],"yoast_head":"<!-- This site is optimized with the Yoast SEO Premium plugin v27.5 (Yoast SEO v27.5) - https:\/\/yoast.com\/product\/yoast-seo-premium-wordpress\/ -->\n<title>Affitto carrozzina pieghevole ad autospinta. Spedizioni in tutta Italia<\/title>\n<meta name=\"description\" content=\"Affitto carrozzina pieghevole ad autospinta. Molto leggera \u00e8 facile da caricare in macchina. Spedizioni in tutta Italia, ritiro GRATUITO in magazzino.\" \/>\n<meta name=\"robots\" content=\"index, follow, max-snippet:-1, max-image-preview:large, max-video-preview:-1\" \/>\n<link rel=\"canonical\" href=\"https:\/\/www.miamedicalitalia.it\/pt\/produto\/affitto-carrozzina-pieghevole-ad-autospinta-spedizioni-in-tutta-italia\/\" \/>\n<meta property=\"og:locale\" content=\"pt_PT\" \/>\n<meta property=\"og:type\" content=\"article\" \/>\n<meta property=\"og:title\" content=\"Affitto carrozzina pieghevole ad autospinta. Spedizioni in tutta Italia\" \/>\n<meta property=\"og:description\" content=\"Affitto carrozzina pieghevole ad autospinta. Molto leggera \u00e8 facile da caricare in macchina. Spedizioni in tutta Italia, ritiro GRATUITO in magazzino.\" \/>\n<meta property=\"og:url\" content=\"https:\/\/www.miamedicalitalia.it\/pt\/produto\/affitto-carrozzina-pieghevole-ad-autospinta-spedizioni-in-tutta-italia\/\" \/>\n<meta property=\"og:site_name\" content=\"Mia Medical\" \/>\n<meta property=\"article:publisher\" content=\"https:\/\/www.facebook.com\/miamedicalitalia\" \/>\n<meta property=\"article:modified_time\" content=\"2026-02-12T14:53:26+00:00\" \/>\n<meta property=\"og:image\" content=\"https:\/\/www.miamedicalitalia.it\/wp-content\/uploads\/2022\/12\/Carrozzina-ad-autospinta-pieghevole-150x150-1.jpg\" \/>\n\t<meta property=\"og:image:width\" content=\"1000\" \/>\n\t<meta property=\"og:image:height\" content=\"1000\" \/>\n\t<meta property=\"og:image:type\" content=\"image\/jpeg\" \/>\n<meta name=\"twitter:card\" content=\"summary_large_image\" \/>\n<meta name=\"twitter:label1\" content=\"Tempo estimado de leitura\" \/>\n\t<meta name=\"twitter:data1\" content=\"1 minuto\" \/>\n<script type=\"application\/ld+json\" class=\"yoast-schema-graph\">{\"@context\":\"https:\\\/\\\/schema.org\",\"@graph\":[{\"@type\":\"WebPage\",\"@id\":\"https:\\\/\\\/www.miamedicalitalia.it\\\/prodotto\\\/affitto-carrozzina-pieghevole-ad-autospinta-spedizioni-in-tutta-italia\\\/\",\"url\":\"https:\\\/\\\/www.miamedicalitalia.it\\\/prodotto\\\/affitto-carrozzina-pieghevole-ad-autospinta-spedizioni-in-tutta-italia\\\/\",\"name\":\"Affitto carrozzina pieghevole ad autospinta. Spedizioni in tutta Italia\",\"isPartOf\":{\"@id\":\"https:\\\/\\\/www.miamedicalitalia.it\\\/#website\"},\"primaryImageOfPage\":{\"@id\":\"https:\\\/\\\/www.miamedicalitalia.it\\\/prodotto\\\/affitto-carrozzina-pieghevole-ad-autospinta-spedizioni-in-tutta-italia\\\/#primaryimage\"},\"image\":{\"@id\":\"https:\\\/\\\/www.miamedicalitalia.it\\\/prodotto\\\/affitto-carrozzina-pieghevole-ad-autospinta-spedizioni-in-tutta-italia\\\/#primaryimage\"},\"thumbnailUrl\":\"https:\\\/\\\/www.miamedicalitalia.it\\\/wp-content\\\/uploads\\\/2022\\\/12\\\/Carrozzina-ad-autospinta-pieghevole-150x150-1.jpg\",\"datePublished\":\"2022-12-21T16:15:31+00:00\",\"dateModified\":\"2026-02-12T14:53:26+00:00\",\"description\":\"Affitto carrozzina pieghevole ad autospinta. Molto leggera \u00e8 facile da caricare in macchina. Spedizioni in tutta Italia, ritiro GRATUITO in magazzino.\",\"breadcrumb\":{\"@id\":\"https:\\\/\\\/www.miamedicalitalia.it\\\/prodotto\\\/affitto-carrozzina-pieghevole-ad-autospinta-spedizioni-in-tutta-italia\\\/#breadcrumb\"},\"inLanguage\":\"pt-PT\",\"potentialAction\":[{\"@type\":\"ReadAction\",\"target\":[\"https:\\\/\\\/www.miamedicalitalia.it\\\/prodotto\\\/affitto-carrozzina-pieghevole-ad-autospinta-spedizioni-in-tutta-italia\\\/\"]}]},{\"@type\":\"ImageObject\",\"inLanguage\":\"pt-PT\",\"@id\":\"https:\\\/\\\/www.miamedicalitalia.it\\\/prodotto\\\/affitto-carrozzina-pieghevole-ad-autospinta-spedizioni-in-tutta-italia\\\/#primaryimage\",\"url\":\"https:\\\/\\\/www.miamedicalitalia.it\\\/wp-content\\\/uploads\\\/2022\\\/12\\\/Carrozzina-ad-autospinta-pieghevole-150x150-1.jpg\",\"contentUrl\":\"https:\\\/\\\/www.miamedicalitalia.it\\\/wp-content\\\/uploads\\\/2022\\\/12\\\/Carrozzina-ad-autospinta-pieghevole-150x150-1.jpg\",\"width\":1000,\"height\":1000},{\"@type\":\"BreadcrumbList\",\"@id\":\"https:\\\/\\\/www.miamedicalitalia.it\\\/prodotto\\\/affitto-carrozzina-pieghevole-ad-autospinta-spedizioni-in-tutta-italia\\\/#breadcrumb\",\"itemListElement\":[{\"@type\":\"ListItem\",\"position\":1,\"name\":\"Home\",\"item\":\"https:\\\/\\\/www.miamedicalitalia.it\\\/\"},{\"@type\":\"ListItem\",\"position\":2,\"name\":\"Shop\",\"item\":\"https:\\\/\\\/www.miamedicalitalia.it\\\/negozio\\\/\"},{\"@type\":\"ListItem\",\"position\":3,\"name\":\"Affitto e noleggio\",\"item\":\"https:\\\/\\\/www.miamedicalitalia.it\\\/categoria\\\/affitto-e-noleggio-ausili\\\/\"},{\"@type\":\"ListItem\",\"position\":4,\"name\":\"Carrozzine\",\"item\":\"https:\\\/\\\/www.miamedicalitalia.it\\\/categoria\\\/affitto-e-noleggio-ausili\\\/affitto-e-noleggio-carrozzina\\\/\"},{\"@type\":\"ListItem\",\"position\":5,\"name\":\"Affitto carrozzina pieghevole ad autospinta\"}]},{\"@type\":\"WebSite\",\"@id\":\"https:\\\/\\\/www.miamedicalitalia.it\\\/#website\",\"url\":\"https:\\\/\\\/www.miamedicalitalia.it\\\/\",\"name\":\"www.miamedicalitalia.it\",\"description\":\"Noleggio e Vendita Attrezzatura Sanitarie\",\"publisher\":{\"@id\":\"https:\\\/\\\/www.miamedicalitalia.it\\\/#organization\"},\"potentialAction\":[{\"@type\":\"SearchAction\",\"target\":{\"@type\":\"EntryPoint\",\"urlTemplate\":\"https:\\\/\\\/www.miamedicalitalia.it\\\/?s={search_term_string}\"},\"query-input\":{\"@type\":\"PropertyValueSpecification\",\"valueRequired\":true,\"valueName\":\"search_term_string\"}}],\"inLanguage\":\"pt-PT\"},{\"@type\":\"Organization\",\"@id\":\"https:\\\/\\\/www.miamedicalitalia.it\\\/#organization\",\"name\":\"OLG\",\"url\":\"https:\\\/\\\/www.miamedicalitalia.it\\\/\",\"logo\":{\"@type\":\"ImageObject\",\"inLanguage\":\"pt-PT\",\"@id\":\"https:\\\/\\\/www.miamedicalitalia.it\\\/#\\\/schema\\\/logo\\\/image\\\/\",\"url\":\"https:\\\/\\\/www.miamedicalitalia.it\\\/wp-content\\\/uploads\\\/2023\\\/04\\\/mia-medical-logo-free.png\",\"contentUrl\":\"https:\\\/\\\/www.miamedicalitalia.it\\\/wp-content\\\/uploads\\\/2023\\\/04\\\/mia-medical-logo-free.png\",\"width\":700,\"height\":700,\"caption\":\"OLG\"},\"image\":{\"@id\":\"https:\\\/\\\/www.miamedicalitalia.it\\\/#\\\/schema\\\/logo\\\/image\\\/\"},\"sameAs\":[\"https:\\\/\\\/www.facebook.com\\\/miamedicalitalia\"]}]}<\/script>\n<!-- \/ Yoast SEO Premium plugin. -->","yoast_head_json":{"title":"Aluguer de cadeiras de rodas dobr\u00e1veis autopropulsionadas. Expedi\u00e7\u00e3o para toda a It\u00e1lia","description":"Cadeira de rodas dobr\u00e1vel autopropulsada para aluguer. Muito leve e f\u00e1cil de carregar no carro. Envio para todo o pa\u00eds, recolha gratuita no armaz\u00e9m.","robots":{"index":"index","follow":"follow","max-snippet":"max-snippet:-1","max-image-preview":"max-image-preview:large","max-video-preview":"max-video-preview:-1"},"canonical":"https:\/\/www.miamedicalitalia.it\/pt\/produto\/affitto-carrozzina-pieghevole-ad-autospinta-spedizioni-in-tutta-italia\/","og_locale":"pt_PT","og_type":"article","og_title":"Affitto carrozzina pieghevole ad autospinta. Spedizioni in tutta Italia","og_description":"Affitto carrozzina pieghevole ad autospinta. Molto leggera \u00e8 facile da caricare in macchina. Spedizioni in tutta Italia, ritiro GRATUITO in magazzino.","og_url":"https:\/\/www.miamedicalitalia.it\/pt\/produto\/affitto-carrozzina-pieghevole-ad-autospinta-spedizioni-in-tutta-italia\/","og_site_name":"Mia Medical","article_publisher":"https:\/\/www.facebook.com\/miamedicalitalia","article_modified_time":"2026-02-12T14:53:26+00:00","og_image":[{"width":1000,"height":1000,"url":"https:\/\/www.miamedicalitalia.it\/wp-content\/uploads\/2022\/12\/Carrozzina-ad-autospinta-pieghevole-150x150-1.jpg","type":"image\/jpeg"}],"twitter_card":"summary_large_image","twitter_misc":{"Tempo estimado de leitura":"1 minuto"},"schema":{"@context":"https:\/\/schema.org","@graph":[{"@type":"WebPage","@id":"https:\/\/www.miamedicalitalia.it\/prodotto\/affitto-carrozzina-pieghevole-ad-autospinta-spedizioni-in-tutta-italia\/","url":"https:\/\/www.miamedicalitalia.it\/prodotto\/affitto-carrozzina-pieghevole-ad-autospinta-spedizioni-in-tutta-italia\/","name":"Aluguer de cadeiras de rodas dobr\u00e1veis autopropulsionadas. Expedi\u00e7\u00e3o para toda a It\u00e1lia","isPartOf":{"@id":"https:\/\/www.miamedicalitalia.it\/#website"},"primaryImageOfPage":{"@id":"https:\/\/www.miamedicalitalia.it\/prodotto\/affitto-carrozzina-pieghevole-ad-autospinta-spedizioni-in-tutta-italia\/#primaryimage"},"image":{"@id":"https:\/\/www.miamedicalitalia.it\/prodotto\/affitto-carrozzina-pieghevole-ad-autospinta-spedizioni-in-tutta-italia\/#primaryimage"},"thumbnailUrl":"https:\/\/www.miamedicalitalia.it\/wp-content\/uploads\/2022\/12\/Carrozzina-ad-autospinta-pieghevole-150x150-1.jpg","datePublished":"2022-12-21T16:15:31+00:00","dateModified":"2026-02-12T14:53:26+00:00","description":"Cadeira de rodas dobr\u00e1vel autopropulsada para aluguer. Muito leve e f\u00e1cil de carregar no carro. Envio para todo o pa\u00eds, recolha gratuita no armaz\u00e9m.","breadcrumb":{"@id":"https:\/\/www.miamedicalitalia.it\/prodotto\/affitto-carrozzina-pieghevole-ad-autospinta-spedizioni-in-tutta-italia\/#breadcrumb"},"inLanguage":"pt-PT","potentialAction":[{"@type":"ReadAction","target":["https:\/\/www.miamedicalitalia.it\/prodotto\/affitto-carrozzina-pieghevole-ad-autospinta-spedizioni-in-tutta-italia\/"]}]},{"@type":"ImageObject","inLanguage":"pt-PT","@id":"https:\/\/www.miamedicalitalia.it\/prodotto\/affitto-carrozzina-pieghevole-ad-autospinta-spedizioni-in-tutta-italia\/#primaryimage","url":"https:\/\/www.miamedicalitalia.it\/wp-content\/uploads\/2022\/12\/Carrozzina-ad-autospinta-pieghevole-150x150-1.jpg","contentUrl":"https:\/\/www.miamedicalitalia.it\/wp-content\/uploads\/2022\/12\/Carrozzina-ad-autospinta-pieghevole-150x150-1.jpg","width":1000,"height":1000},{"@type":"BreadcrumbList","@id":"https:\/\/www.miamedicalitalia.it\/prodotto\/affitto-carrozzina-pieghevole-ad-autospinta-spedizioni-in-tutta-italia\/#breadcrumb","itemListElement":[{"@type":"ListItem","position":1,"name":"Home","item":"https:\/\/www.miamedicalitalia.it\/"},{"@type":"ListItem","position":2,"name":"Shop","item":"https:\/\/www.miamedicalitalia.it\/negozio\/"},{"@type":"ListItem","position":3,"name":"Affitto e noleggio","item":"https:\/\/www.miamedicalitalia.it\/categoria\/affitto-e-noleggio-ausili\/"},{"@type":"ListItem","position":4,"name":"Carrozzine","item":"https:\/\/www.miamedicalitalia.it\/categoria\/affitto-e-noleggio-ausili\/affitto-e-noleggio-carrozzina\/"},{"@type":"ListItem","position":5,"name":"Affitto carrozzina pieghevole ad autospinta"}]},{"@type":"WebSite","@id":"https:\/\/www.miamedicalitalia.it\/#website","url":"https:\/\/www.miamedicalitalia.it\/","name":"www.miamedicalitalia.it","description":"Aluguer e venda de equipamento sanit\u00e1rio","publisher":{"@id":"https:\/\/www.miamedicalitalia.it\/#organization"},"potentialAction":[{"@type":"SearchAction","target":{"@type":"EntryPoint","urlTemplate":"https:\/\/www.miamedicalitalia.it\/?s={search_term_string}"},"query-input":{"@type":"PropertyValueSpecification","valueRequired":true,"valueName":"search_term_string"}}],"inLanguage":"pt-PT"},{"@type":"Organization","@id":"https:\/\/www.miamedicalitalia.it\/#organization","name":"OLG","url":"https:\/\/www.miamedicalitalia.it\/","logo":{"@type":"ImageObject","inLanguage":"pt-PT","@id":"https:\/\/www.miamedicalitalia.it\/#\/schema\/logo\/image\/","url":"https:\/\/www.miamedicalitalia.it\/wp-content\/uploads\/2023\/04\/mia-medical-logo-free.png","contentUrl":"https:\/\/www.miamedicalitalia.it\/wp-content\/uploads\/2023\/04\/mia-medical-logo-free.png","width":700,"height":700,"caption":"OLG"},"image":{"@id":"https:\/\/www.miamedicalitalia.it\/#\/schema\/logo\/image\/"},"sameAs":["https:\/\/www.facebook.com\/miamedicalitalia"]}]}},"wcpa_form_fields":{"wcpaData":{"product":{"product_price":25,"price_html":"<span class=\"woocommerce-Price-amount amount\" aria-hidden=\"true\"><bdi><span class=\"woocommerce-Price-currencySymbol\">&euro;<\/span>25.00<\/bdi><\/span> <span aria-hidden=\"true\">-<\/span> <span class=\"woocommerce-Price-amount amount\" aria-hidden=\"true\"><bdi><span class=\"woocommerce-Price-currencySymbol\">&euro;<\/span>100.00<\/bdi><\/span><span class=\"screen-reader-text\">Gama de pre\u00e7os: &euro;25.00 a &euro;100.00<\/span>","original_product_price":25,"price_including_tax":25,"price_excluding_tax":25,"product_id":{"parent":9079,"variation":false},"is_variable":true,"stock_status":"instock","stock_quantity":null,"parent_sku":"","product_attributes":{"quanto-costa":{"is_variation":true,"values":[]}},"custom_fields":[],"is_taxable":false,"product_name":"Affitto carrozzina pieghevole ad autospinta","hasImage":false},"fields":{"sec_565f165582eb8c":{"extra":{"key":"sec_565f165582eb8c","section_id":"sec_565f165582eb8c","name":"Predefinito","status":1,"toggle":true,"form_id":12050,"form_rules":{"exclude_from_discount":false,"fee_label":"Fee","disp_hide_options_price":false,"disp_show_section_price":false,"disp_show_field_price":true,"layout_option":"standard","pric_use_as_fee":false,"process_fee_as":"woo_fee"},"layout_option":"standard"},"fields":[[{"active":true,"col":6,"relations":false,"cl_rule":"show","enableCl":false,"price":"","enablePrice":false,"className":"input-text","type":"date","required":true,"elementId":"date_3189538061","name":"date_3189538061","label":"A partire dal giorno:","picker_type":"custom","picker_mode":"single","error":false,"description":"Inserisci la data di inizio del noleggio","gt_translate_keys":["label","description"],"price_dependency":false,"cl_dependency":false,"value":""}]]}},"config":{"price_override":"","enable_recaptcha":false,"bind_quantity":false,"quantity_bind_formula":false,"disp_summ_show_option_price":true,"disp_summ_show_product_price":true,"disp_summ_show_total_price":true,"disp_summ_show_fee":false,"disp_summ_show_discount":false,"summary_title":"","options_total_label":"Options Price","total_label":"Total","options_product_label":"Product Price","fee_label":"Fee","discount_label":"Discount","has_price":true,"has_quantity_formula":false},"mc_unit":1,"tax_rate":1,"tax_rate_real":1,"discount":{"percentage":0,"fixed":0},"design":{"conf":{"LabelPosition":"above","DescPosition":"below","UploadField":"custom_1","QuantityFieldStyle":"default"},"css":{"LeftLabelWidth":"50px"}},"formulas":[],"lookuptables":[],"clones":false,"cartKey":false}},"_links":{"self":[{"href":"https:\/\/www.miamedicalitalia.it\/pt\/wp-json\/wp\/v2\/product\/9079","targetHints":{"allow":["GET"]}}],"collection":[{"href":"https:\/\/www.miamedicalitalia.it\/pt\/wp-json\/wp\/v2\/product"}],"about":[{"href":"https:\/\/www.miamedicalitalia.it\/pt\/wp-json\/wp\/v2\/types\/product"}],"wp:featuredmedia":[{"embeddable":true,"href":"https:\/\/www.miamedicalitalia.it\/pt\/wp-json\/wp\/v2\/media\/12209"}],"wp:attachment":[{"href":"https:\/\/www.miamedicalitalia.it\/pt\/wp-json\/wp\/v2\/media?parent=9079"}],"wp:term":[{"taxonomy":"home-category","embeddable":true,"href":"https:\/\/www.miamedicalitalia.it\/pt\/wp-json\/wp\/v2\/home-category?post=9079"},{"taxonomy":"product_brand","embeddable":true,"href":"https:\/\/www.miamedicalitalia.it\/pt\/wp-json\/wp\/v2\/product_brand?post=9079"},{"taxonomy":"product_cat","embeddable":true,"href":"https:\/\/www.miamedicalitalia.it\/pt\/wp-json\/wp\/v2\/product_cat?post=9079"},{"taxonomy":"product_tag","embeddable":true,"href":"https:\/\/www.miamedicalitalia.it\/pt\/wp-json\/wp\/v2\/product_tag?post=9079"},{"taxonomy":"woo-feed-brand","embeddable":true,"href":"https:\/\/www.miamedicalitalia.it\/pt\/wp-json\/wp\/v2\/woo-feed-brand?post=9079"}],"curies":[{"name":"wp","href":"https:\/\/api.w.org\/{rel}","templated":true}]}}