{"id":9073,"date":"2022-12-21T17:15:31","date_gmt":"2022-12-21T16:15:31","guid":{"rendered":"https:\/\/www.miamedicalitalia.it\/?post_type=product&#038;p=9073"},"modified":"2026-01-13T13:06:20","modified_gmt":"2026-01-13T11:06:20","slug":"noleggio-deambulatore-con-sotto-ascellare-firenza-e-provincia-roma-e-provincia","status":"publish","type":"product","link":"https:\/\/www.miamedicalitalia.it\/pt\/produto\/noleggio-deambulatore-con-sotto-ascellare-firenza-e-provincia-roma-e-provincia\/","title":{"rendered":"Alugar um andarilho com axilas"},"content":{"rendered":"<p><strong>Aluguer de deambulador com axilas em Roma e na Prov\u00edncia e em Floren\u00e7a e na Prov\u00edncia para fisioterapia ao domic\u00edlio.<\/strong><\/p>\n\n\n\n<p>Se procura uma ajuda concebida para caminhar em espa\u00e7os interiores, a nossa&nbsp;<strong>andarilho com axila&nbsp;<\/strong>\u00e9 a solu\u00e7\u00e3o ideal para si. Concebido para ser est\u00e1vel e f\u00e1cil de utilizar, este dispositivo adapta-se perfeitamente \u00e0s necessidades de quem pretende deslocar-se em seguran\u00e7a pela sua casa.<\/p>\n\n\n\n<h4 class=\"wp-block-heading\" id=\"h-cosa-e-un-deambulatore-con-sotto-ascellari-regolabili\">O que \u00e9 um andarilho com mand\u00edbula ajust\u00e1vel?<\/h4>\n\n\n\n<p>\u00c9 um auxiliar de mobilidade fabricado com:<\/p>\n\n\n\n<ul class=\"wp-block-list\">\n<li><strong>Estrutura de a\u00e7o amov\u00edvel:<\/strong>&nbsp;Para facilitar a arruma\u00e7\u00e3o e o transporte, sem sacrificar a robustez.<\/li>\n\n\n\n<li><strong>4 rod\u00edzios girat\u00f3rios, 2 com trav\u00e3o<\/strong><\/li>\n\n\n\n<li><strong>Regula\u00e7\u00e3o da altura das axilas:<\/strong>&nbsp;Gra\u00e7as \u00e0s pegas especiais, \u00e9 poss\u00edvel definir a altura ideal para um apoio confort\u00e1vel e personalizado.<\/li>\n\n\n\n<li><strong>Acess\u00f3rio opcional - Assento amov\u00edvel:<\/strong>&nbsp;Para se dar uma pausa quando mais precisa, sem sacrificar a praticidade.<\/li>\n<\/ul>\n\n\n\n<h4 class=\"wp-block-heading\" id=\"h-a-chi-e-indicato-il-noleggio-del-deambulatore-con-sotto-ascellari\">A quem \u00e9 indicado o aluguer de um andarilho com sub-eixos?<\/h4>\n\n\n\n<p>O nosso servi\u00e7o de aluguer de andarilhos em Roma e Floren\u00e7a \u00e9 perfeito para..:<\/p>\n\n\n\n<ul class=\"wp-block-list\">\n<li><strong>Pessoas com dificuldades de mobilidade<\/strong>&nbsp;que necessitam de um suporte est\u00e1vel para os movimentos internos.<\/li>\n\n\n\n<li>- <strong>Doentes de reabilita\u00e7\u00e3o<\/strong>&nbsp;ou na fase p\u00f3s-operat\u00f3ria que necessite de apoio tempor\u00e1rio.<\/li>\n\n\n\n<li>- <strong>Pessoas idosas ou com problemas de equil\u00edbrio<\/strong>&nbsp;que desejam deslocar-se em seguran\u00e7a no interior da casa.<\/li>\n<\/ul>\n\n\n\n<p>O p\u00f3s-operat\u00f3rio \u00e9 uma fase importante que visa a recupera\u00e7\u00e3o da mobilidade e da fun\u00e7\u00e3o correta. \u00c9 cuidador de uma pessoa idosa ou dependente e precisa de ajuda, o nosso <strong>enfermeira<\/strong> de confian\u00e7a <strong><a href=\"http:\/\/www.arnaldiandrea.com\">Andrea Arnaldi<\/a><\/strong> \u00e9 especializada em cuidados ao domic\u00edlio e est\u00e1 pronta a apoi\u00e1-lo na presta\u00e7\u00e3o de cuidados no conforto da sua pr\u00f3pria casa.\u00a0 <br><a href=\"https:\/\/www.miamedicalitalia.it\/pt\/?_gl=1%2A1hga37n%2A_up%2AMQ..%2A_ga%2AMTk4NTM1MjI4Mi4xNzQyMDMxMTI4%2A_ga_D9FZ9V3LL7%2AMTc0MjAzMTEyNy4xLjEuMTc0MjAzMTE3My4wLjAuMA..\">N\u00e3o se esque\u00e7a de visitar o nosso s\u00edtio Web para descobrir todos os dispositivos m\u00e9dicos para aluguer ou venda concebidos para todas as necessidades dos nossos clientes,<\/a> m\u00e1xima seguran\u00e7a e conforto para <strong>recuperar a autonomia com Mia Medical!<\/strong><br><\/p>\n\n\n\n<h4 class=\"wp-block-heading\" id=\"h-i-benefici-del-deambulatore-con-sotto-ascellari-regolabili-a-noleggio-roma-e-firenze\">As vantagens de um andarilho com pernas ajust\u00e1veis para alugar em Roma e Floren\u00e7a <\/h4>\n\n\n\n<ul class=\"wp-block-list\">\n<li><strong>Maior estabilidade e seguran\u00e7a<\/strong>&nbsp;durante a caminhada.<\/li>\n\n\n\n<li><strong>Reduzir a fadiga<\/strong>&nbsp;gra\u00e7as ao apoio dos sub-axilares.<\/li>\n\n\n\n<li><strong>Menos carga nas m\u00e3os, pulsos e ombros<\/strong>ideal para quem tem dificuldade em segurar um andarilho normal.<\/li>\n\n\n\n<li><strong>Facilidade de desloca\u00e7\u00e3o<\/strong>mesmo em viagens mais longas.<\/li>\n\n\n\n<li><strong>Adequado para utiliza\u00e7\u00e3o no interior e no exterior<\/strong>gra\u00e7as \u00e0s rodas manobr\u00e1veis.<\/li>\n<\/ul>\n\n\n\n<h4 class=\"wp-block-heading\" id=\"h-perche-noleggiare-un-deambulatore-invece-di-acquistarlo\"><strong>Porqu\u00ea alugar um andarilho em vez de o comprar?<\/strong><\/h4>\n\n\n\n<p>O&nbsp;<strong>aluguer de um andarilho com subaxilar<\/strong> \u00e9 uma escolha inteligente se apenas necessitar de uma ajuda durante um per\u00edodo limitado, por exemplo, durante a recupera\u00e7\u00e3o p\u00f3s-operat\u00f3ria ou a reabilita\u00e7\u00e3o. As principais vantagens s\u00e3o:<\/p>\n\n\n\n<ul class=\"wp-block-list\">\n<li><strong>Poupar dinheiro<\/strong>&nbsp;em compara\u00e7\u00e3o com a compra.<\/li>\n\n\n\n<li><strong>M\u00e1xima flexibilidade<\/strong>s\u00f3 pode ser utilizado durante o tempo necess\u00e1rio.<\/li>\n\n\n\n<li><strong>Sem manuten\u00e7\u00e3o<\/strong>O aparelho \u00e9 entregue higienizado e pronto a ser utilizado.<\/li>\n\n\n\n<li><strong>Possibilidade de substitui\u00e7\u00e3o ou atualiza\u00e7\u00e3o<\/strong>&nbsp;se as suas necessidades mudarem.<\/li>\n\n\n\n<li>Assist\u00eancia dos nossos t\u00e9cnicos especializados, prontos a ajud\u00e1-lo em qualquer eventualidade! <\/li>\n<\/ul>\n\n\n\n<p><strong><a href=\"https:\/\/www.miamedicalitalia.it\/pt\/categoria\/affitto-e-noleggio-ausili\/affitto-e-noleggio-deambulatori\/?_gl=1*56abvv*_up*MQ..*_ga*MTk4NTM1MjI4Mi4xNzQyMDMxMTI4*_ga_D9FZ9V3LL7*MTc0MjAzMTEyNy4xLjAuMTc0MjAzMTEyNy4wLjAuMA..\">Descubra todas as op\u00e7\u00f5es de aluguer dispon\u00edveis para a vasta gama de andarilhos da Mia Medical<\/a><\/strong> e <strong><a href=\"https:\/\/wa.me\/393926509237\">contacte-nos agora<\/a><\/strong> para reservar a sua! Tamb\u00e9m pode ler a nossa <a href=\"https:\/\/www.miamedicalitalia.it\/pt\/come-si-scegli-il-deambulatore-giusto\/\">artigo-guia<\/a> para escolher o andarilho que melhor se adapta \u00e0s suas necessidades!<\/p>\n\n\n\n<h4 class=\"wp-block-heading\" id=\"h-perche-scegliere-mia-medical\">Porqu\u00ea escolher a Mia Medical?<\/h4>\n\n\n\n<p>Com o nosso <strong>servi\u00e7o de aluguer<\/strong>beneficiar\u00e1 de um <strong>consultoria personalizada<\/strong> e um produto de <strong>alta qualidade<\/strong>ideal para satisfazer as suas necessidades espec\u00edficas de <strong>mobilidade interna<\/strong>. <strong><a href=\"https:\/\/www.miamedicalitalia.it\/pt\/?_gl=1%2A1hga37n%2A_up%2AMQ..%2A_ga%2AMTk4NTM1MjI4Mi4xNzQyMDMxMTI4%2A_ga_D9FZ9V3LL7%2AMTc0MjAzMTEyNy4xLjEuMTc0MjAzMTE3My4wLjAuMA..\">Confie em n\u00f3s para se deslocar de forma segura e confort\u00e1vel, sem complica\u00e7\u00f5es.<\/a><\/strong><\/p>\n\n\n\n<p><strong>Contactar-nos agora<\/strong>&nbsp;para mais informa\u00e7\u00f5es ou para reservar o seu andarilho para utiliza\u00e7\u00e3o no interior!<\/p>","protected":false},"excerpt":{"rendered":"<div style=\"font-family: Arial, sans-serif; background-color: #234091; padding: 30px; border-radius: 25px; max-width: 600px; color: #ffffff; position: relative; border-top: 6px solid #2498fe;\">\n<h3 style=\"margin-top: 0; margin-bottom: 15px; color: #ffffff;\">Entrega em Roma e Floren\u00e7a a partir de 30 euros.<\/h3>\n<p><strong>N\u00e3o \u00e9 necess\u00e1rio dep\u00f3sito.<\/strong><\/p>\n<p>A entrega e a recolha no armaz\u00e9m s\u00e3o <strong>GR\u00c1TIS!<\/strong><\/p>\n<\/div>\n<p><!-- Linea bianca sotto --><\/p>\n<div style=\"height: 6px; background-color: #ffffff; max-width: 600px;\">\u00a0<\/div>","protected":false},"featured_media":12234,"template":"","meta":{"_acf_changed":false},"home-category":[263],"product_brand":[],"product_cat":[130],"product_tag":[157],"woo-feed-brand":[],"class_list":{"0":"post-9073","1":"product","2":"type-product","3":"status-publish","4":"has-post-thumbnail","6":"home-category-ausili","7":"product_cat-affitto-e-noleggio-deambulatori","8":"product_tag-deambulatore-pieghevole-fisioterapia","9":"wcpa_has_options","11":"first","12":"instock","13":"shipping-taxable","14":"purchasable","15":"product-type-variable"},"acf":[],"yoast_head":"<!-- This site is optimized with the Yoast SEO Premium plugin v27.5 (Yoast SEO v27.5) - https:\/\/yoast.com\/product\/yoast-seo-premium-wordpress\/ -->\n<title>Noleggio deambulatore ascellare Roma ProvinciaFirenze Provincia<\/title>\n<meta name=\"description\" content=\"Noleggio del Deambulatore Ascellare o Antibracchiale a Roma e provincia e Firenze e provincia. Consegna a domicilio. Super offerte pi\u00f9 noleggi meno paghi!\" \/>\n<meta name=\"robots\" content=\"index, follow, max-snippet:-1, max-image-preview:large, max-video-preview:-1\" \/>\n<link rel=\"canonical\" href=\"https:\/\/www.miamedicalitalia.it\/pt\/produto\/noleggio-deambulatore-con-sotto-ascellare-firenza-e-provincia-roma-e-provincia\/\" \/>\n<meta property=\"og:locale\" content=\"pt_PT\" \/>\n<meta property=\"og:type\" content=\"article\" \/>\n<meta property=\"og:title\" content=\"Noleggio deambulatore ascellare Roma ProvinciaFirenze Provincia\" \/>\n<meta property=\"og:description\" content=\"Noleggio del Deambulatore Ascellare o Antibracchiale a Roma e provincia e Firenze e provincia. Consegna a domicilio. Super offerte pi\u00f9 noleggi meno paghi!\" \/>\n<meta property=\"og:url\" content=\"https:\/\/www.miamedicalitalia.it\/pt\/produto\/noleggio-deambulatore-con-sotto-ascellare-firenza-e-provincia-roma-e-provincia\/\" \/>\n<meta property=\"og:site_name\" content=\"Mia Medical\" \/>\n<meta property=\"article:publisher\" content=\"https:\/\/www.facebook.com\/miamedicalitalia\" \/>\n<meta property=\"article:modified_time\" content=\"2026-01-13T11:06:20+00:00\" \/>\n<meta property=\"og:image\" content=\"https:\/\/www.miamedicalitalia.it\/wp-content\/uploads\/2022\/12\/deambulatore-ascellare-.jpg\" \/>\n\t<meta property=\"og:image:width\" content=\"1000\" \/>\n\t<meta property=\"og:image:height\" content=\"1000\" \/>\n\t<meta property=\"og:image:type\" content=\"image\/jpeg\" \/>\n<meta name=\"twitter:card\" content=\"summary_large_image\" \/>\n<meta name=\"twitter:label1\" content=\"Tempo estimado de leitura\" \/>\n\t<meta name=\"twitter:data1\" content=\"1 minuto\" \/>\n<script type=\"application\/ld+json\" class=\"yoast-schema-graph\">{\"@context\":\"https:\\\/\\\/schema.org\",\"@graph\":[{\"@type\":\"WebPage\",\"@id\":\"https:\\\/\\\/www.miamedicalitalia.it\\\/prodotto\\\/noleggio-deambulatore-con-sotto-ascellare-firenza-e-provincia-roma-e-provincia\\\/\",\"url\":\"https:\\\/\\\/www.miamedicalitalia.it\\\/prodotto\\\/noleggio-deambulatore-con-sotto-ascellare-firenza-e-provincia-roma-e-provincia\\\/\",\"name\":\"Noleggio deambulatore ascellare Roma ProvinciaFirenze Provincia\",\"isPartOf\":{\"@id\":\"https:\\\/\\\/www.miamedicalitalia.it\\\/#website\"},\"primaryImageOfPage\":{\"@id\":\"https:\\\/\\\/www.miamedicalitalia.it\\\/prodotto\\\/noleggio-deambulatore-con-sotto-ascellare-firenza-e-provincia-roma-e-provincia\\\/#primaryimage\"},\"image\":{\"@id\":\"https:\\\/\\\/www.miamedicalitalia.it\\\/prodotto\\\/noleggio-deambulatore-con-sotto-ascellare-firenza-e-provincia-roma-e-provincia\\\/#primaryimage\"},\"thumbnailUrl\":\"https:\\\/\\\/www.miamedicalitalia.it\\\/wp-content\\\/uploads\\\/2022\\\/12\\\/deambulatore-ascellare-.jpg\",\"datePublished\":\"2022-12-21T16:15:31+00:00\",\"dateModified\":\"2026-01-13T11:06:20+00:00\",\"description\":\"Noleggio del Deambulatore Ascellare o Antibracchiale a Roma e provincia e Firenze e provincia. Consegna a domicilio. Super offerte pi\u00f9 noleggi meno paghi!\",\"breadcrumb\":{\"@id\":\"https:\\\/\\\/www.miamedicalitalia.it\\\/prodotto\\\/noleggio-deambulatore-con-sotto-ascellare-firenza-e-provincia-roma-e-provincia\\\/#breadcrumb\"},\"inLanguage\":\"pt-PT\",\"potentialAction\":[{\"@type\":\"ReadAction\",\"target\":[\"https:\\\/\\\/www.miamedicalitalia.it\\\/prodotto\\\/noleggio-deambulatore-con-sotto-ascellare-firenza-e-provincia-roma-e-provincia\\\/\"]}]},{\"@type\":\"ImageObject\",\"inLanguage\":\"pt-PT\",\"@id\":\"https:\\\/\\\/www.miamedicalitalia.it\\\/prodotto\\\/noleggio-deambulatore-con-sotto-ascellare-firenza-e-provincia-roma-e-provincia\\\/#primaryimage\",\"url\":\"https:\\\/\\\/www.miamedicalitalia.it\\\/wp-content\\\/uploads\\\/2022\\\/12\\\/deambulatore-ascellare-.jpg\",\"contentUrl\":\"https:\\\/\\\/www.miamedicalitalia.it\\\/wp-content\\\/uploads\\\/2022\\\/12\\\/deambulatore-ascellare-.jpg\",\"width\":1000,\"height\":1000},{\"@type\":\"BreadcrumbList\",\"@id\":\"https:\\\/\\\/www.miamedicalitalia.it\\\/prodotto\\\/noleggio-deambulatore-con-sotto-ascellare-firenza-e-provincia-roma-e-provincia\\\/#breadcrumb\",\"itemListElement\":[{\"@type\":\"ListItem\",\"position\":1,\"name\":\"Home\",\"item\":\"https:\\\/\\\/www.miamedicalitalia.it\\\/\"},{\"@type\":\"ListItem\",\"position\":2,\"name\":\"Shop\",\"item\":\"https:\\\/\\\/www.miamedicalitalia.it\\\/negozio\\\/\"},{\"@type\":\"ListItem\",\"position\":3,\"name\":\"Affitto e noleggio\",\"item\":\"https:\\\/\\\/www.miamedicalitalia.it\\\/categoria\\\/affitto-e-noleggio-ausili\\\/\"},{\"@type\":\"ListItem\",\"position\":4,\"name\":\"Deambulatori e Rollatori\",\"item\":\"https:\\\/\\\/www.miamedicalitalia.it\\\/categoria\\\/affitto-e-noleggio-ausili\\\/affitto-e-noleggio-deambulatori\\\/\"},{\"@type\":\"ListItem\",\"position\":5,\"name\":\"Noleggio Deambulatore con sotto ascellare\"}]},{\"@type\":\"WebSite\",\"@id\":\"https:\\\/\\\/www.miamedicalitalia.it\\\/#website\",\"url\":\"https:\\\/\\\/www.miamedicalitalia.it\\\/\",\"name\":\"www.miamedicalitalia.it\",\"description\":\"Noleggio e Vendita Attrezzatura Sanitarie\",\"publisher\":{\"@id\":\"https:\\\/\\\/www.miamedicalitalia.it\\\/#organization\"},\"potentialAction\":[{\"@type\":\"SearchAction\",\"target\":{\"@type\":\"EntryPoint\",\"urlTemplate\":\"https:\\\/\\\/www.miamedicalitalia.it\\\/?s={search_term_string}\"},\"query-input\":{\"@type\":\"PropertyValueSpecification\",\"valueRequired\":true,\"valueName\":\"search_term_string\"}}],\"inLanguage\":\"pt-PT\"},{\"@type\":\"Organization\",\"@id\":\"https:\\\/\\\/www.miamedicalitalia.it\\\/#organization\",\"name\":\"OLG\",\"url\":\"https:\\\/\\\/www.miamedicalitalia.it\\\/\",\"logo\":{\"@type\":\"ImageObject\",\"inLanguage\":\"pt-PT\",\"@id\":\"https:\\\/\\\/www.miamedicalitalia.it\\\/#\\\/schema\\\/logo\\\/image\\\/\",\"url\":\"https:\\\/\\\/www.miamedicalitalia.it\\\/wp-content\\\/uploads\\\/2023\\\/04\\\/mia-medical-logo-free.png\",\"contentUrl\":\"https:\\\/\\\/www.miamedicalitalia.it\\\/wp-content\\\/uploads\\\/2023\\\/04\\\/mia-medical-logo-free.png\",\"width\":700,\"height\":700,\"caption\":\"OLG\"},\"image\":{\"@id\":\"https:\\\/\\\/www.miamedicalitalia.it\\\/#\\\/schema\\\/logo\\\/image\\\/\"},\"sameAs\":[\"https:\\\/\\\/www.facebook.com\\\/miamedicalitalia\"]}]}<\/script>\n<!-- \/ Yoast SEO Premium plugin. -->","yoast_head_json":{"title":"Aluguer de andarilhos axilares Prov\u00edncia de RomaProv\u00edncia de Floren\u00e7a","description":"Aluguer de Andarilho Axilar ou Anti-ambulat\u00f3rio em Roma e prov\u00edncia e Floren\u00e7a e prov\u00edncia. Entrega ao domic\u00edlio. Super ofertas quanto mais alugar menos paga!","robots":{"index":"index","follow":"follow","max-snippet":"max-snippet:-1","max-image-preview":"max-image-preview:large","max-video-preview":"max-video-preview:-1"},"canonical":"https:\/\/www.miamedicalitalia.it\/pt\/produto\/noleggio-deambulatore-con-sotto-ascellare-firenza-e-provincia-roma-e-provincia\/","og_locale":"pt_PT","og_type":"article","og_title":"Noleggio deambulatore ascellare Roma ProvinciaFirenze Provincia","og_description":"Noleggio del Deambulatore Ascellare o Antibracchiale a Roma e provincia e Firenze e provincia. Consegna a domicilio. Super offerte pi\u00f9 noleggi meno paghi!","og_url":"https:\/\/www.miamedicalitalia.it\/pt\/produto\/noleggio-deambulatore-con-sotto-ascellare-firenza-e-provincia-roma-e-provincia\/","og_site_name":"Mia Medical","article_publisher":"https:\/\/www.facebook.com\/miamedicalitalia","article_modified_time":"2026-01-13T11:06:20+00:00","og_image":[{"width":1000,"height":1000,"url":"https:\/\/www.miamedicalitalia.it\/wp-content\/uploads\/2022\/12\/deambulatore-ascellare-.jpg","type":"image\/jpeg"}],"twitter_card":"summary_large_image","twitter_misc":{"Tempo estimado de leitura":"1 minuto"},"schema":{"@context":"https:\/\/schema.org","@graph":[{"@type":"WebPage","@id":"https:\/\/www.miamedicalitalia.it\/prodotto\/noleggio-deambulatore-con-sotto-ascellare-firenza-e-provincia-roma-e-provincia\/","url":"https:\/\/www.miamedicalitalia.it\/prodotto\/noleggio-deambulatore-con-sotto-ascellare-firenza-e-provincia-roma-e-provincia\/","name":"Aluguer de andarilhos axilares Prov\u00edncia de RomaProv\u00edncia de Floren\u00e7a","isPartOf":{"@id":"https:\/\/www.miamedicalitalia.it\/#website"},"primaryImageOfPage":{"@id":"https:\/\/www.miamedicalitalia.it\/prodotto\/noleggio-deambulatore-con-sotto-ascellare-firenza-e-provincia-roma-e-provincia\/#primaryimage"},"image":{"@id":"https:\/\/www.miamedicalitalia.it\/prodotto\/noleggio-deambulatore-con-sotto-ascellare-firenza-e-provincia-roma-e-provincia\/#primaryimage"},"thumbnailUrl":"https:\/\/www.miamedicalitalia.it\/wp-content\/uploads\/2022\/12\/deambulatore-ascellare-.jpg","datePublished":"2022-12-21T16:15:31+00:00","dateModified":"2026-01-13T11:06:20+00:00","description":"Aluguer de Andarilho Axilar ou Anti-ambulat\u00f3rio em Roma e prov\u00edncia e Floren\u00e7a e prov\u00edncia. Entrega ao domic\u00edlio. Super ofertas quanto mais alugar menos paga!","breadcrumb":{"@id":"https:\/\/www.miamedicalitalia.it\/prodotto\/noleggio-deambulatore-con-sotto-ascellare-firenza-e-provincia-roma-e-provincia\/#breadcrumb"},"inLanguage":"pt-PT","potentialAction":[{"@type":"ReadAction","target":["https:\/\/www.miamedicalitalia.it\/prodotto\/noleggio-deambulatore-con-sotto-ascellare-firenza-e-provincia-roma-e-provincia\/"]}]},{"@type":"ImageObject","inLanguage":"pt-PT","@id":"https:\/\/www.miamedicalitalia.it\/prodotto\/noleggio-deambulatore-con-sotto-ascellare-firenza-e-provincia-roma-e-provincia\/#primaryimage","url":"https:\/\/www.miamedicalitalia.it\/wp-content\/uploads\/2022\/12\/deambulatore-ascellare-.jpg","contentUrl":"https:\/\/www.miamedicalitalia.it\/wp-content\/uploads\/2022\/12\/deambulatore-ascellare-.jpg","width":1000,"height":1000},{"@type":"BreadcrumbList","@id":"https:\/\/www.miamedicalitalia.it\/prodotto\/noleggio-deambulatore-con-sotto-ascellare-firenza-e-provincia-roma-e-provincia\/#breadcrumb","itemListElement":[{"@type":"ListItem","position":1,"name":"Home","item":"https:\/\/www.miamedicalitalia.it\/"},{"@type":"ListItem","position":2,"name":"Shop","item":"https:\/\/www.miamedicalitalia.it\/negozio\/"},{"@type":"ListItem","position":3,"name":"Affitto e noleggio","item":"https:\/\/www.miamedicalitalia.it\/categoria\/affitto-e-noleggio-ausili\/"},{"@type":"ListItem","position":4,"name":"Deambulatori e Rollatori","item":"https:\/\/www.miamedicalitalia.it\/categoria\/affitto-e-noleggio-ausili\/affitto-e-noleggio-deambulatori\/"},{"@type":"ListItem","position":5,"name":"Noleggio Deambulatore con sotto ascellare"}]},{"@type":"WebSite","@id":"https:\/\/www.miamedicalitalia.it\/#website","url":"https:\/\/www.miamedicalitalia.it\/","name":"www.miamedicalitalia.it","description":"Aluguer e venda de equipamento sanit\u00e1rio","publisher":{"@id":"https:\/\/www.miamedicalitalia.it\/#organization"},"potentialAction":[{"@type":"SearchAction","target":{"@type":"EntryPoint","urlTemplate":"https:\/\/www.miamedicalitalia.it\/?s={search_term_string}"},"query-input":{"@type":"PropertyValueSpecification","valueRequired":true,"valueName":"search_term_string"}}],"inLanguage":"pt-PT"},{"@type":"Organization","@id":"https:\/\/www.miamedicalitalia.it\/#organization","name":"OLG","url":"https:\/\/www.miamedicalitalia.it\/","logo":{"@type":"ImageObject","inLanguage":"pt-PT","@id":"https:\/\/www.miamedicalitalia.it\/#\/schema\/logo\/image\/","url":"https:\/\/www.miamedicalitalia.it\/wp-content\/uploads\/2023\/04\/mia-medical-logo-free.png","contentUrl":"https:\/\/www.miamedicalitalia.it\/wp-content\/uploads\/2023\/04\/mia-medical-logo-free.png","width":700,"height":700,"caption":"OLG"},"image":{"@id":"https:\/\/www.miamedicalitalia.it\/#\/schema\/logo\/image\/"},"sameAs":["https:\/\/www.facebook.com\/miamedicalitalia"]}]}},"wcpa_form_fields":{"wcpaData":{"product":{"product_price":30,"price_html":"<span class=\"woocommerce-Price-amount amount\" aria-hidden=\"true\"><bdi><span class=\"woocommerce-Price-currencySymbol\">&euro;<\/span>30.00<\/bdi><\/span> <span aria-hidden=\"true\">-<\/span> <span class=\"woocommerce-Price-amount amount\" aria-hidden=\"true\"><bdi><span class=\"woocommerce-Price-currencySymbol\">&euro;<\/span>100.00<\/bdi><\/span><span class=\"screen-reader-text\">Gama de pre\u00e7os: &euro;30.00 a &euro;100.00<\/span>","original_product_price":30,"price_including_tax":30,"price_excluding_tax":30,"product_id":{"parent":9073,"variation":false},"is_variable":true,"stock_status":"instock","stock_quantity":null,"parent_sku":"","product_attributes":{"pa_width":{"is_variation":false,"values":["53-cm"]},"pa_length":{"is_variation":false,"values":["72-cm"]},"pa_transport-width":{"is_variation":false,"values":["17-cm"]},"pa_length-of-transport":{"is_variation":false,"values":["74-cm"]},"pa_heights":{"is_variation":false,"values":["struttura-88-cm-barra-94-cm"]},"pa_maximum-capacity":{"is_variation":false,"values":["130-kg"]},"quanto-costa":{"is_variation":true,"values":[]}},"custom_fields":[],"is_taxable":false,"product_name":"Noleggio Deambulatore con sotto ascellare","hasImage":false},"fields":{"sec_565f165582eb8c":{"extra":{"key":"sec_565f165582eb8c","section_id":"sec_565f165582eb8c","name":"Predefinito","status":1,"toggle":true,"form_id":12050,"form_rules":{"exclude_from_discount":false,"fee_label":"Frais","disp_hide_options_price":false,"disp_show_section_price":false,"disp_show_field_price":true,"layout_option":"standard","pric_use_as_fee":false,"process_fee_as":"woo_fee"},"layout_option":"standard"},"fields":[[{"active":true,"col":6,"relations":false,"cl_rule":"show","enableCl":false,"price":"","enablePrice":false,"className":"input-text","type":"date","required":true,"elementId":"date_3189538061","name":"date_3189538061","label":"A partire dal giorno:","picker_type":"custom","picker_mode":"single","error":false,"description":"Inserisci la data di inizio del noleggio","gt_translate_keys":["label","description"],"price_dependency":false,"cl_dependency":false,"value":""}]]}},"config":{"price_override":"","enable_recaptcha":false,"bind_quantity":false,"quantity_bind_formula":false,"disp_summ_show_option_price":true,"disp_summ_show_product_price":true,"disp_summ_show_total_price":true,"disp_summ_show_fee":false,"disp_summ_show_discount":false,"summary_title":"","options_total_label":"Prix des options","total_label":"Total","options_product_label":"Prix du produit","fee_label":"Frais","discount_label":"Remise","has_price":true,"has_quantity_formula":false},"mc_unit":1,"tax_rate":1,"tax_rate_real":1,"discount":{"percentage":0,"fixed":0},"design":{"conf":{"LabelPosition":"above","DescPosition":"below","UploadField":"custom_1","QuantityFieldStyle":"default"},"css":{"LeftLabelWidth":"50px"}},"formulas":[],"lookuptables":[],"clones":false,"cartKey":false}},"_links":{"self":[{"href":"https:\/\/www.miamedicalitalia.it\/pt\/wp-json\/wp\/v2\/product\/9073","targetHints":{"allow":["GET"]}}],"collection":[{"href":"https:\/\/www.miamedicalitalia.it\/pt\/wp-json\/wp\/v2\/product"}],"about":[{"href":"https:\/\/www.miamedicalitalia.it\/pt\/wp-json\/wp\/v2\/types\/product"}],"wp:featuredmedia":[{"embeddable":true,"href":"https:\/\/www.miamedicalitalia.it\/pt\/wp-json\/wp\/v2\/media\/12234"}],"wp:attachment":[{"href":"https:\/\/www.miamedicalitalia.it\/pt\/wp-json\/wp\/v2\/media?parent=9073"}],"wp:term":[{"taxonomy":"home-category","embeddable":true,"href":"https:\/\/www.miamedicalitalia.it\/pt\/wp-json\/wp\/v2\/home-category?post=9073"},{"taxonomy":"product_brand","embeddable":true,"href":"https:\/\/www.miamedicalitalia.it\/pt\/wp-json\/wp\/v2\/product_brand?post=9073"},{"taxonomy":"product_cat","embeddable":true,"href":"https:\/\/www.miamedicalitalia.it\/pt\/wp-json\/wp\/v2\/product_cat?post=9073"},{"taxonomy":"product_tag","embeddable":true,"href":"https:\/\/www.miamedicalitalia.it\/pt\/wp-json\/wp\/v2\/product_tag?post=9073"},{"taxonomy":"woo-feed-brand","embeddable":true,"href":"https:\/\/www.miamedicalitalia.it\/pt\/wp-json\/wp\/v2\/woo-feed-brand?post=9073"}],"curies":[{"name":"wp","href":"https:\/\/api.w.org\/{rel}","templated":true}]}}