{"id":9052,"date":"2022-12-21T17:15:20","date_gmt":"2022-12-21T16:15:20","guid":{"rendered":"https:\/\/www.miamedicalitalia.it\/?post_type=product&#038;p=9052"},"modified":"2026-03-03T17:05:27","modified_gmt":"2026-03-03T15:05:27","slug":"noleggio-carrozzina-pieghevole-da-transito","status":"publish","type":"product","link":"https:\/\/www.miamedicalitalia.it\/pt\/produto\/noleggio-carrozzina-pieghevole-da-transito\/","title":{"rendered":"Aluguer e aluguer de cadeiras de rodas de tr\u00e2nsito dobr\u00e1veis"},"content":{"rendered":"<p>O <strong>aluguer da cadeira de rodas dobr\u00e1vel de tr\u00e2nsito<\/strong> <strong>em Floren\u00e7a e prov\u00edncia e em Roma e prov\u00edncia <\/strong>\u00e9 indispens\u00e1vel para pessoas com defici\u00eancia, idosos, pessoas com mobilidade reduzida ou pessoas que necessitam de reabilita\u00e7\u00e3o.<\/p>\n\n\n\n<p>A cadeira de rodas \u00e9 fornecida com o <strong>p\u00f3dios<\/strong> para os p\u00e9s e <strong>apoios de bra\u00e7os<\/strong>. Ambos podem ser facilmente removidos em qualquer altura. Aquando da entrega, um dos nossos t\u00e9cnicos mostrar-lhe-\u00e1 como fechar e voltar a abrir a cadeira de rodas e como colocar e retirar os apoios de bra\u00e7os e de p\u00e9s. Para al\u00e9m disso, a cadeira de rodas est\u00e1 equipada com dois <strong>Trav\u00f5es para bloquear as rodas.<\/strong><\/p>\n\n\n\n<p>Se tiver um gesso ou precisar de manter a <strong>perna levantada<\/strong> basta informar-nos.<\/p>\n\n\n\n<p>Alugamos cadeiras de rodas de tr\u00e2nsito com diferentes assentos e tamanhos. O mais pequeno \u00e9 de 40 cm at\u00e9 um m\u00e1ximo de 50 cm.<\/p>\n\n\n\n<p>O peso da cadeira de rodas pode variar de acordo com o tamanho escolhido. A mais leve pesa cerca de 14 kg, enquanto a maior pode pesar cerca de 18 kg.<\/p>\n\n\n\n<p>Cada tipo de cadeira de rodas que alugamos \u00e9 <strong>higienizado em todas as partes<\/strong>. A limpeza e a higieniza\u00e7\u00e3o s\u00e3o a base do nosso trabalho!<\/p>\n\n\n\n<p>O doente passa muito tempo sentado na cadeira de rodas? Para evitar a forma\u00e7\u00e3o de \u00falceras de press\u00e3o, pode adquirir <a href=\"https:\/\/www.miamedicalitalia.it\/pt\/produto\/cuscino-antidecubito-in-fibra-cava-siliconata\/\">a almofada anti-dec\u00fabito<\/a> para um<strong> pre\u00e7o reservado<\/strong> exclusivamente para utilizadores de cadeiras de rodas.<\/p>\n\n\n\n<p>A cadeira de rodas de transporte dobr\u00e1vel para aluguer \u00e9 uma cadeira de rodas <strong>dobr\u00e1vel<\/strong> e <strong>luz<\/strong>mas muito <strong>robusto<\/strong> que pode transportar um doente com um peso at\u00e9 130 kg. Para al\u00e9m disso, a cadeira de rodas \u00e9 muito <strong>pr\u00e1tica<\/strong> para ser fechado e armazenado no <strong>bota<\/strong> do autom\u00f3vel.<\/p>\n\n\n\n<p>As cadeiras de rodas de tr\u00e2nsito da M.I.A. Medical Italia s\u00e3o de excelente qualidade e o aluguer e o empr\u00e9stimo da cadeira de rodas s\u00e3o seguros, funcionais e garantidos!<\/p>\n\n\n\n<p>Alugamos a cadeira de rodas de transporte dobr\u00e1vel tanto no <strong>L\u00e1cio<\/strong> que em <strong>Toscana<\/strong>.<\/p>\n\n\n\n<p><strong>Reservar online<\/strong> aluguer de cadeira de rodas dobr\u00e1vel em tr\u00e2nsito agora! Se preferir, pode contactar-nos por telefone \/ via WhatsApp em <strong>+39 3926509237<\/strong> ou por correio eletr\u00f3nico: <strong>amministrazione@miamedicalitalia.it<\/strong><\/p>\n\n\n\n<p>Descobrir as nossas p\u00e1ginas <a href=\"http:\/\/facebook.com\/MIAMedicalitalia\/\">Facebook&nbsp;<\/a><\/p>","protected":false},"excerpt":{"rendered":"<div style=\"font-family: Arial, sans-serif; background-color: #234091; padding: 30px; border-radius: 25px; max-width: 600px; color: #ffffff; position: relative; border-top: 6px solid #2498fe;\">\n<h3 style=\"color: #ffffff; margin-top: 0;\">Cadeira de rodas personaliz\u00e1vel<\/h3>\n<p>Cadeira de rodas com assento personaliz\u00e1vel e estrutura rebat\u00edvel para m\u00e1xima comodidade.<\/p>\n<p>Aluguer por 1 dia: 15 euros com levantamento apenas no local.<\/p>\n<p>Consegna e ritiro a domicilio a Roma e Firenze da 30\u20ac.<\/p>\n<p>A recolha no armaz\u00e9m \u00e9 gratuita.<\/p>\n<p><strong>Reservar online agora!<\/strong><\/p>\n<\/div>\n<p><!-- Linea bianca sotto --><\/p>\n<div style=\"height: 6px; background-color: #ffffff; max-width: 600px;\">\u00a0<\/div>","protected":false},"featured_media":12204,"template":"","meta":{"_acf_changed":true},"home-category":[263],"product_brand":[],"product_cat":[68],"product_tag":[243,143,31,231],"woo-feed-brand":[],"class_list":{"0":"post-9052","1":"product","2":"type-product","3":"status-publish","4":"has-post-thumbnail","6":"home-category-ausili","7":"product_cat-affitto-e-noleggio-carrozzina","8":"product_tag-carrozzina-a-roma","9":"product_tag-carrozzina-pieghevole-da-transito","10":"product_tag-disabili","11":"product_tag-sedia-a-rotelle-firenze","12":"wcpa_has_options","14":"first","15":"instock","16":"shipping-taxable","17":"purchasable","18":"product-type-variable"},"acf":[],"yoast_head":"<!-- This site is optimized with the Yoast SEO Premium plugin v27.4 (Yoast SEO v27.4) - https:\/\/yoast.com\/product\/yoast-seo-premium-wordpress\/ -->\n<title>Noleggio sedia a rotelle pieghevole da transito in Toscana e Lazio<\/title>\n<meta name=\"description\" content=\"Noleggio sedia a rotelle pieghevole da transito a Roma e Firenze. Prenota online o al +393926509237. Consegna a domicilio. Disponibilit\u00e0 immediata.\" \/>\n<meta name=\"robots\" content=\"index, follow, max-snippet:-1, max-image-preview:large, max-video-preview:-1\" \/>\n<link rel=\"canonical\" href=\"https:\/\/www.miamedicalitalia.it\/pt\/produto\/noleggio-carrozzina-pieghevole-da-transito\/\" \/>\n<meta property=\"og:locale\" content=\"pt_PT\" \/>\n<meta property=\"og:type\" content=\"article\" \/>\n<meta property=\"og:title\" content=\"Noleggio sedia a rotelle pieghevole da transito in Toscana e Lazio\" \/>\n<meta property=\"og:description\" content=\"Noleggio sedia a rotelle pieghevole da transito a Roma e Firenze. Prenota online o al +393926509237. Consegna a domicilio. Disponibilit\u00e0 immediata.\" \/>\n<meta property=\"og:url\" content=\"https:\/\/www.miamedicalitalia.it\/pt\/produto\/noleggio-carrozzina-pieghevole-da-transito\/\" \/>\n<meta property=\"og:site_name\" content=\"Mia Medical\" \/>\n<meta property=\"article:publisher\" content=\"https:\/\/www.facebook.com\/miamedicalitalia\" \/>\n<meta property=\"article:modified_time\" content=\"2026-03-03T15:05:27+00:00\" \/>\n<meta property=\"og:image\" content=\"https:\/\/www.miamedicalitalia.it\/wp-content\/uploads\/2022\/12\/carrozzina-di-transito-MIA-MEDICAL-150x150-1.jpg\" \/>\n\t<meta property=\"og:image:width\" content=\"1000\" \/>\n\t<meta property=\"og:image:height\" content=\"1000\" \/>\n\t<meta property=\"og:image:type\" content=\"image\/jpeg\" \/>\n<meta name=\"twitter:card\" content=\"summary_large_image\" \/>\n<meta name=\"twitter:label1\" content=\"Tempo estimado de leitura\" \/>\n\t<meta name=\"twitter:data1\" content=\"1 minuto\" \/>\n<script type=\"application\/ld+json\" class=\"yoast-schema-graph\">{\"@context\":\"https:\\\/\\\/schema.org\",\"@graph\":[{\"@type\":\"WebPage\",\"@id\":\"https:\\\/\\\/www.miamedicalitalia.it\\\/prodotto\\\/noleggio-carrozzina-pieghevole-da-transito\\\/\",\"url\":\"https:\\\/\\\/www.miamedicalitalia.it\\\/prodotto\\\/noleggio-carrozzina-pieghevole-da-transito\\\/\",\"name\":\"Noleggio sedia a rotelle pieghevole da transito in Toscana e Lazio\",\"isPartOf\":{\"@id\":\"https:\\\/\\\/www.miamedicalitalia.it\\\/#website\"},\"primaryImageOfPage\":{\"@id\":\"https:\\\/\\\/www.miamedicalitalia.it\\\/prodotto\\\/noleggio-carrozzina-pieghevole-da-transito\\\/#primaryimage\"},\"image\":{\"@id\":\"https:\\\/\\\/www.miamedicalitalia.it\\\/prodotto\\\/noleggio-carrozzina-pieghevole-da-transito\\\/#primaryimage\"},\"thumbnailUrl\":\"https:\\\/\\\/www.miamedicalitalia.it\\\/wp-content\\\/uploads\\\/2022\\\/12\\\/carrozzina-di-transito-MIA-MEDICAL-150x150-1.jpg\",\"datePublished\":\"2022-12-21T16:15:20+00:00\",\"dateModified\":\"2026-03-03T15:05:27+00:00\",\"description\":\"Noleggio sedia a rotelle pieghevole da transito a Roma e Firenze. Prenota online o al +393926509237. Consegna a domicilio. Disponibilit\u00e0 immediata.\",\"breadcrumb\":{\"@id\":\"https:\\\/\\\/www.miamedicalitalia.it\\\/prodotto\\\/noleggio-carrozzina-pieghevole-da-transito\\\/#breadcrumb\"},\"inLanguage\":\"pt-PT\",\"potentialAction\":[{\"@type\":\"ReadAction\",\"target\":[\"https:\\\/\\\/www.miamedicalitalia.it\\\/prodotto\\\/noleggio-carrozzina-pieghevole-da-transito\\\/\"]}]},{\"@type\":\"ImageObject\",\"inLanguage\":\"pt-PT\",\"@id\":\"https:\\\/\\\/www.miamedicalitalia.it\\\/prodotto\\\/noleggio-carrozzina-pieghevole-da-transito\\\/#primaryimage\",\"url\":\"https:\\\/\\\/www.miamedicalitalia.it\\\/wp-content\\\/uploads\\\/2022\\\/12\\\/carrozzina-di-transito-MIA-MEDICAL-150x150-1.jpg\",\"contentUrl\":\"https:\\\/\\\/www.miamedicalitalia.it\\\/wp-content\\\/uploads\\\/2022\\\/12\\\/carrozzina-di-transito-MIA-MEDICAL-150x150-1.jpg\",\"width\":1000,\"height\":1000},{\"@type\":\"BreadcrumbList\",\"@id\":\"https:\\\/\\\/www.miamedicalitalia.it\\\/prodotto\\\/noleggio-carrozzina-pieghevole-da-transito\\\/#breadcrumb\",\"itemListElement\":[{\"@type\":\"ListItem\",\"position\":1,\"name\":\"Home\",\"item\":\"https:\\\/\\\/www.miamedicalitalia.it\\\/\"},{\"@type\":\"ListItem\",\"position\":2,\"name\":\"Shop\",\"item\":\"https:\\\/\\\/www.miamedicalitalia.it\\\/negozio\\\/\"},{\"@type\":\"ListItem\",\"position\":3,\"name\":\"Affitto e noleggio\",\"item\":\"https:\\\/\\\/www.miamedicalitalia.it\\\/categoria\\\/affitto-e-noleggio-ausili\\\/\"},{\"@type\":\"ListItem\",\"position\":4,\"name\":\"Carrozzine\",\"item\":\"https:\\\/\\\/www.miamedicalitalia.it\\\/categoria\\\/affitto-e-noleggio-ausili\\\/affitto-e-noleggio-carrozzina\\\/\"},{\"@type\":\"ListItem\",\"position\":5,\"name\":\"Noleggio e Affitto carrozzina da transito pieghevole\"}]},{\"@type\":\"WebSite\",\"@id\":\"https:\\\/\\\/www.miamedicalitalia.it\\\/#website\",\"url\":\"https:\\\/\\\/www.miamedicalitalia.it\\\/\",\"name\":\"www.miamedicalitalia.it\",\"description\":\"Noleggio e Vendita Attrezzatura Sanitarie\",\"publisher\":{\"@id\":\"https:\\\/\\\/www.miamedicalitalia.it\\\/#organization\"},\"potentialAction\":[{\"@type\":\"SearchAction\",\"target\":{\"@type\":\"EntryPoint\",\"urlTemplate\":\"https:\\\/\\\/www.miamedicalitalia.it\\\/?s={search_term_string}\"},\"query-input\":{\"@type\":\"PropertyValueSpecification\",\"valueRequired\":true,\"valueName\":\"search_term_string\"}}],\"inLanguage\":\"pt-PT\"},{\"@type\":\"Organization\",\"@id\":\"https:\\\/\\\/www.miamedicalitalia.it\\\/#organization\",\"name\":\"OLG\",\"url\":\"https:\\\/\\\/www.miamedicalitalia.it\\\/\",\"logo\":{\"@type\":\"ImageObject\",\"inLanguage\":\"pt-PT\",\"@id\":\"https:\\\/\\\/www.miamedicalitalia.it\\\/#\\\/schema\\\/logo\\\/image\\\/\",\"url\":\"https:\\\/\\\/www.miamedicalitalia.it\\\/wp-content\\\/uploads\\\/2023\\\/04\\\/mia-medical-logo-free.png\",\"contentUrl\":\"https:\\\/\\\/www.miamedicalitalia.it\\\/wp-content\\\/uploads\\\/2023\\\/04\\\/mia-medical-logo-free.png\",\"width\":700,\"height\":700,\"caption\":\"OLG\"},\"image\":{\"@id\":\"https:\\\/\\\/www.miamedicalitalia.it\\\/#\\\/schema\\\/logo\\\/image\\\/\"},\"sameAs\":[\"https:\\\/\\\/www.facebook.com\\\/miamedicalitalia\"]}]}<\/script>\n<!-- \/ Yoast SEO Premium plugin. -->","yoast_head_json":{"title":"Aluguer de cadeiras de rodas dobr\u00e1veis para transporte na Toscana e no L\u00e1cio","description":"Aluguer de cadeiras de rodas dobr\u00e1veis para transporte em Roma e Floren\u00e7a. Reserve online ou pelo telefone +393926509237. Entrega ao domic\u00edlio. Disponibilidade imediata.","robots":{"index":"index","follow":"follow","max-snippet":"max-snippet:-1","max-image-preview":"max-image-preview:large","max-video-preview":"max-video-preview:-1"},"canonical":"https:\/\/www.miamedicalitalia.it\/pt\/produto\/noleggio-carrozzina-pieghevole-da-transito\/","og_locale":"pt_PT","og_type":"article","og_title":"Noleggio sedia a rotelle pieghevole da transito in Toscana e Lazio","og_description":"Noleggio sedia a rotelle pieghevole da transito a Roma e Firenze. Prenota online o al +393926509237. Consegna a domicilio. Disponibilit\u00e0 immediata.","og_url":"https:\/\/www.miamedicalitalia.it\/pt\/produto\/noleggio-carrozzina-pieghevole-da-transito\/","og_site_name":"Mia Medical","article_publisher":"https:\/\/www.facebook.com\/miamedicalitalia","article_modified_time":"2026-03-03T15:05:27+00:00","og_image":[{"width":1000,"height":1000,"url":"https:\/\/www.miamedicalitalia.it\/wp-content\/uploads\/2022\/12\/carrozzina-di-transito-MIA-MEDICAL-150x150-1.jpg","type":"image\/jpeg"}],"twitter_card":"summary_large_image","twitter_misc":{"Tempo estimado de leitura":"1 minuto"},"schema":{"@context":"https:\/\/schema.org","@graph":[{"@type":"WebPage","@id":"https:\/\/www.miamedicalitalia.it\/prodotto\/noleggio-carrozzina-pieghevole-da-transito\/","url":"https:\/\/www.miamedicalitalia.it\/prodotto\/noleggio-carrozzina-pieghevole-da-transito\/","name":"Aluguer de cadeiras de rodas dobr\u00e1veis para transporte na Toscana e no L\u00e1cio","isPartOf":{"@id":"https:\/\/www.miamedicalitalia.it\/#website"},"primaryImageOfPage":{"@id":"https:\/\/www.miamedicalitalia.it\/prodotto\/noleggio-carrozzina-pieghevole-da-transito\/#primaryimage"},"image":{"@id":"https:\/\/www.miamedicalitalia.it\/prodotto\/noleggio-carrozzina-pieghevole-da-transito\/#primaryimage"},"thumbnailUrl":"https:\/\/www.miamedicalitalia.it\/wp-content\/uploads\/2022\/12\/carrozzina-di-transito-MIA-MEDICAL-150x150-1.jpg","datePublished":"2022-12-21T16:15:20+00:00","dateModified":"2026-03-03T15:05:27+00:00","description":"Aluguer de cadeiras de rodas dobr\u00e1veis para transporte em Roma e Floren\u00e7a. Reserve online ou pelo telefone +393926509237. Entrega ao domic\u00edlio. Disponibilidade imediata.","breadcrumb":{"@id":"https:\/\/www.miamedicalitalia.it\/prodotto\/noleggio-carrozzina-pieghevole-da-transito\/#breadcrumb"},"inLanguage":"pt-PT","potentialAction":[{"@type":"ReadAction","target":["https:\/\/www.miamedicalitalia.it\/prodotto\/noleggio-carrozzina-pieghevole-da-transito\/"]}]},{"@type":"ImageObject","inLanguage":"pt-PT","@id":"https:\/\/www.miamedicalitalia.it\/prodotto\/noleggio-carrozzina-pieghevole-da-transito\/#primaryimage","url":"https:\/\/www.miamedicalitalia.it\/wp-content\/uploads\/2022\/12\/carrozzina-di-transito-MIA-MEDICAL-150x150-1.jpg","contentUrl":"https:\/\/www.miamedicalitalia.it\/wp-content\/uploads\/2022\/12\/carrozzina-di-transito-MIA-MEDICAL-150x150-1.jpg","width":1000,"height":1000},{"@type":"BreadcrumbList","@id":"https:\/\/www.miamedicalitalia.it\/prodotto\/noleggio-carrozzina-pieghevole-da-transito\/#breadcrumb","itemListElement":[{"@type":"ListItem","position":1,"name":"Home","item":"https:\/\/www.miamedicalitalia.it\/"},{"@type":"ListItem","position":2,"name":"Shop","item":"https:\/\/www.miamedicalitalia.it\/negozio\/"},{"@type":"ListItem","position":3,"name":"Affitto e noleggio","item":"https:\/\/www.miamedicalitalia.it\/categoria\/affitto-e-noleggio-ausili\/"},{"@type":"ListItem","position":4,"name":"Carrozzine","item":"https:\/\/www.miamedicalitalia.it\/categoria\/affitto-e-noleggio-ausili\/affitto-e-noleggio-carrozzina\/"},{"@type":"ListItem","position":5,"name":"Noleggio e Affitto carrozzina da transito pieghevole"}]},{"@type":"WebSite","@id":"https:\/\/www.miamedicalitalia.it\/#website","url":"https:\/\/www.miamedicalitalia.it\/","name":"www.miamedicalitalia.it","description":"Aluguer e venda de equipamento sanit\u00e1rio","publisher":{"@id":"https:\/\/www.miamedicalitalia.it\/#organization"},"potentialAction":[{"@type":"SearchAction","target":{"@type":"EntryPoint","urlTemplate":"https:\/\/www.miamedicalitalia.it\/?s={search_term_string}"},"query-input":{"@type":"PropertyValueSpecification","valueRequired":true,"valueName":"search_term_string"}}],"inLanguage":"pt-PT"},{"@type":"Organization","@id":"https:\/\/www.miamedicalitalia.it\/#organization","name":"OLG","url":"https:\/\/www.miamedicalitalia.it\/","logo":{"@type":"ImageObject","inLanguage":"pt-PT","@id":"https:\/\/www.miamedicalitalia.it\/#\/schema\/logo\/image\/","url":"https:\/\/www.miamedicalitalia.it\/wp-content\/uploads\/2023\/04\/mia-medical-logo-free.png","contentUrl":"https:\/\/www.miamedicalitalia.it\/wp-content\/uploads\/2023\/04\/mia-medical-logo-free.png","width":700,"height":700,"caption":"OLG"},"image":{"@id":"https:\/\/www.miamedicalitalia.it\/#\/schema\/logo\/image\/"},"sameAs":["https:\/\/www.facebook.com\/miamedicalitalia"]}]}},"wcpa_form_fields":{"wcpaData":{"product":{"product_price":25,"price_html":"<span class=\"woocommerce-Price-amount amount\" aria-hidden=\"true\"><bdi><span class=\"woocommerce-Price-currencySymbol\">&euro;<\/span>25.00<\/bdi><\/span> <span aria-hidden=\"true\">-<\/span> <span class=\"woocommerce-Price-amount amount\" aria-hidden=\"true\"><bdi><span class=\"woocommerce-Price-currencySymbol\">&euro;<\/span>100.00<\/bdi><\/span><span class=\"screen-reader-text\">Gama de pre\u00e7os: &euro;25.00 a &euro;100.00<\/span>","original_product_price":25,"price_including_tax":25,"price_excluding_tax":25,"product_id":{"parent":9052,"variation":false},"is_variable":true,"stock_status":"instock","stock_quantity":null,"parent_sku":"","product_attributes":{"quanto-costa":{"is_variation":true,"values":[]}},"custom_fields":[],"is_taxable":false,"product_name":"Noleggio e Affitto carrozzina da transito pieghevole","hasImage":false},"fields":{"sec_565f165582eb8c":{"extra":{"key":"sec_565f165582eb8c","section_id":"sec_565f165582eb8c","name":"Predefinito","status":1,"toggle":true,"form_id":12050,"form_rules":{"exclude_from_discount":false,"fee_label":"Fee","disp_hide_options_price":false,"disp_show_section_price":false,"disp_show_field_price":true,"layout_option":"standard","pric_use_as_fee":false,"process_fee_as":"woo_fee"},"layout_option":"standard"},"fields":[[{"active":true,"col":6,"relations":false,"cl_rule":"show","enableCl":false,"price":"","enablePrice":false,"className":"input-text","type":"date","required":true,"elementId":"date_3189538061","name":"date_3189538061","label":"A partire dal giorno:","picker_type":"custom","picker_mode":"single","error":false,"description":"Inserisci la data di inizio del noleggio","gt_translate_keys":["label","description"],"price_dependency":false,"cl_dependency":false,"value":""}]]}},"config":{"price_override":"","enable_recaptcha":false,"bind_quantity":false,"quantity_bind_formula":false,"disp_summ_show_option_price":true,"disp_summ_show_product_price":true,"disp_summ_show_total_price":true,"disp_summ_show_fee":false,"disp_summ_show_discount":false,"summary_title":"","options_total_label":"Options Price","total_label":"Total","options_product_label":"Product Price","fee_label":"Fee","discount_label":"Discount","has_price":true,"has_quantity_formula":false},"mc_unit":1,"tax_rate":1,"tax_rate_real":1,"discount":{"percentage":0,"fixed":0},"design":{"conf":{"LabelPosition":"above","DescPosition":"below","UploadField":"custom_1","QuantityFieldStyle":"default"},"css":{"LeftLabelWidth":"50px"}},"formulas":[],"lookuptables":[],"clones":false,"cartKey":false}},"_links":{"self":[{"href":"https:\/\/www.miamedicalitalia.it\/pt\/wp-json\/wp\/v2\/product\/9052","targetHints":{"allow":["GET"]}}],"collection":[{"href":"https:\/\/www.miamedicalitalia.it\/pt\/wp-json\/wp\/v2\/product"}],"about":[{"href":"https:\/\/www.miamedicalitalia.it\/pt\/wp-json\/wp\/v2\/types\/product"}],"wp:featuredmedia":[{"embeddable":true,"href":"https:\/\/www.miamedicalitalia.it\/pt\/wp-json\/wp\/v2\/media\/12204"}],"wp:attachment":[{"href":"https:\/\/www.miamedicalitalia.it\/pt\/wp-json\/wp\/v2\/media?parent=9052"}],"wp:term":[{"taxonomy":"home-category","embeddable":true,"href":"https:\/\/www.miamedicalitalia.it\/pt\/wp-json\/wp\/v2\/home-category?post=9052"},{"taxonomy":"product_brand","embeddable":true,"href":"https:\/\/www.miamedicalitalia.it\/pt\/wp-json\/wp\/v2\/product_brand?post=9052"},{"taxonomy":"product_cat","embeddable":true,"href":"https:\/\/www.miamedicalitalia.it\/pt\/wp-json\/wp\/v2\/product_cat?post=9052"},{"taxonomy":"product_tag","embeddable":true,"href":"https:\/\/www.miamedicalitalia.it\/pt\/wp-json\/wp\/v2\/product_tag?post=9052"},{"taxonomy":"woo-feed-brand","embeddable":true,"href":"https:\/\/www.miamedicalitalia.it\/pt\/wp-json\/wp\/v2\/woo-feed-brand?post=9052"}],"curies":[{"name":"wp","href":"https:\/\/api.w.org\/{rel}","templated":true}]}}