{"id":9030,"date":"2022-12-21T17:15:19","date_gmt":"2022-12-21T16:15:19","guid":{"rendered":"https:\/\/www.miamedicalitalia.it\/?post_type=product&#038;p=9030"},"modified":"2026-03-06T17:08:32","modified_gmt":"2026-03-06T15:08:32","slug":"vendita-materasso-antidecubito-ad-alto-rischio","status":"publish","type":"product","link":"https:\/\/www.miamedicalitalia.it\/pt\/produto\/vendita-materasso-antidecubito-ad-alto-rischio\/","title":{"rendered":"Colch\u00e3o anti-dec\u00fabito de alto risco para venda"},"content":{"rendered":"<p>Se voc\u00ea ou um membro da sua fam\u00edlia, especialmente uma pessoa idosa, tem mobilidade reduzida ou est\u00e1 acamado durante longos per\u00edodos de tempo, o risco de escaras \u00e9 elevado! A solu\u00e7\u00e3o? Um colch\u00e3o m\u00e9dico especial. Felizmente, est\u00e1 no s\u00edtio certo. De facto, na Mia Medical tamb\u00e9m tratamos de <strong>venda de colch\u00f5es anti-dec\u00fabito de alto risco<\/strong>e n\u00e3o!  <\/p>\n\n\n\n<h2 class=\"wp-block-heading\" id=\"h-cosa-e-un-materasso-antidecubito\">O que \u00e9 um colch\u00e3o anti-dec\u00fabito?<\/h2>\n\n\n\n<p>A <strong>colch\u00e3o anti-dec\u00fabito<\/strong> \u00e9 um dispositivo m\u00e9dico concebido para prevenir e aliviar a<br><strong><a href=\"https:\/\/www.google.com\/url?sa=t&amp;source=web&amp;rct=j&amp;opi=89978449&amp;url=https:\/\/www.humanitas.it\/malattie\/piaghe-da-decubito\/&amp;ved=2ahUKEwij-OzXsaKLAxXy_rsIHZRCAMEQFnoECCAQAQ&amp;usg=AOvVaw3M5VGonCk64ecmjdLgTVN3\">escaras<\/a><\/strong>tamb\u00e9m conhecido como <strong>les\u00f5es por press\u00e3o<\/strong>. Estas les\u00f5es desenvolvem-se no<br>\u00e1reas do corpo sujeitas a press\u00e3o prolongada, especialmente em doentes com mobilidade reduzida ou<br>acamados durante longos per\u00edodos.<\/p>\n\n\n\n<p>O <strong>o melhor colch\u00e3o anti-dec\u00fabito<\/strong> \u00e9 aquele que se adapta \u00e0s necessidades do paciente, garantindo:<br>- Distribui\u00e7\u00e3o uniforme da press\u00e3o<br>- Melhoria da circula\u00e7\u00e3o sangu\u00ednea<br>- Conforto e seguran\u00e7a para longas estadias hospitalares<\/p>\n\n\n\n<p>A Mia Medical ocupa-se de <strong>venda de colch\u00f5es anti-dec\u00fabito de alto risco<\/strong>e outros, para garantir o m\u00e1ximo al\u00edvio para os doentes que j\u00e1 sofrem de \u00falceras de press\u00e3o e ajudar na preven\u00e7\u00e3o dos que est\u00e3o em risco. <\/p>\n\n\n\n<h2 class=\"wp-block-heading\" id=\"h-a-cosa-serve-un-materasso-antidecubito\">Para que serve um colch\u00e3o anti-dec\u00fabito?<\/h2>\n\n\n\n<p>O <strong>colch\u00e3o anti-dec\u00fabito<\/strong> ar utiliza um<strong> tecnologia de compress\u00e3o alternada<\/strong> para <strong>reduzir<br>press\u00e3o <\/strong>nas zonas mais delicadas do corpo, <strong>melhoria<\/strong> o <strong>fluxo<\/strong> <strong>sangu\u00edneo<\/strong> e <strong>preven\u00e7\u00e3o<\/strong> a<br><strong>\u00falceras<\/strong> da press\u00e3o.<\/p>\n\n\n\n<p>Se j\u00e1 est\u00e1 a sofrer de les\u00f5es por press\u00e3o e precisa de assist\u00eancia, a nossa <strong>enfermeira<\/strong> de confian\u00e7a <a href=\"https:\/\/www.arnaldiandrea.com\/\"><strong>Andrea Arnaldi<\/strong> <\/a>\u00e9 especializada precisamente no tratamento de les\u00f5es cut\u00e2neas e tem tamb\u00e9m experi\u00eancia em cuidados ao domic\u00edlio. <strong>N\u00e3o hesite em contact\u00e1-lo! <\/strong><\/p>\n\n\n\n<p>As \u00e1reas mais afectadas <strong>risco<\/strong> incluir:<\/p>\n\n\n\n<ul class=\"wp-block-list\">\n<li>Costas e zona sacral<\/li>\n\n\n\n<li>Calcanhares e tornozelos<\/li>\n\n\n\n<li>Cotovelos e omoplatas<\/li>\n<\/ul>\n\n\n\n<p><br>O colch\u00e3o <strong>ALTA CURA<\/strong> est\u00e1 entre os <a href=\"https:\/\/www.wimed.it\/prodotti\/antidecubito\/\">os melhores colch\u00f5es anti-dec\u00fabito do mercado<\/a>gra\u00e7as \u00e0 sua<br><strong>tecnologia avan\u00e7ada<\/strong> e o <strong>ajustamentos personaliz\u00e1veis.<\/strong><\/p>\n\n\n\n<h2 class=\"wp-block-heading\" id=\"h-a-chi-puo-essere-utile\">A quem pode ser \u00fatil? <\/h2>\n\n\n\n<p>O colch\u00e3o anti-dec\u00fabito \u00e9 particularmente adequado para:<\/p>\n\n\n\n<ul class=\"wp-block-list\">\n<li><strong>Pessoas idosas com mobilidade reduzida:<\/strong> Ideal para quem passa muitas horas na cama ou numa cadeira de rodas.<\/li>\n\n\n\n<li><strong>Pacientes p\u00f3s-operat\u00f3rios<\/strong>Necess\u00e1rio para quem tem de enfrentar um longo per\u00edodo de recupera\u00e7\u00e3o.<\/li>\n\n\n\n<li><strong>Pessoas com defici\u00eancias motoras<\/strong>\u00datil para pacientes com patologias neurol\u00f3gicas ou musculares.<\/li>\n\n\n\n<li><strong>Doentes oncol\u00f3gicos ou em cuidados paliativos <\/strong>Perfeito para quem tem uma pele delicada e propensa a les\u00f5es.<\/li>\n\n\n\n<li><strong>Indiv\u00edduos com problemas de circula\u00e7\u00e3o ou fragilidade da pele<\/strong> Ajuda a prevenir as \u00falceras de press\u00e3o e a melhorar o conforto.<\/li>\n<\/ul>\n\n\n\n<p>Se est\u00e1 \u00e0 procura do melhor colch\u00e3o para \u00falceras de press\u00e3o, o modelo HIGH CURE \u00e9 o <strong>solu\u00e7\u00e3o ideal!<\/strong><\/p>\n\n\n\n<h2 class=\"wp-block-heading\" id=\"h-come-scegliere-il-miglior-materasso-antidecubito\">Como escolher o melhor colch\u00e3o anti-dec\u00fabito<\/h2>\n\n\n\n<p>Cada paciente tem <strong>necessidades diferentes<\/strong>\u00c9 por isso que \u00e9 importante escolher um colch\u00e3o anti-dec\u00fabito<br>direito. Devem ser tidos em conta os seguintes crit\u00e9rios: <\/p>\n\n\n\n<ul class=\"wp-block-list\">\n<li>Grau de risco do doente<\/li>\n\n\n\n<li>Dura\u00e7\u00e3o do aliciamento<\/li>\n\n\n\n<li>Conforto e regula\u00e7\u00e3o personalizada<\/li>\n<\/ul>\n\n\n\n<p>Leia o nosso artigo que o guiar\u00e1 para uma escolha informada. Se ainda tiver d\u00favidas, contacte-nos!<\/p>\n\n\n\n<h2 class=\"wp-block-heading\" id=\"h-scegli-il-miglior-materasso-andidecubito-ad-alto-rischio\">Escolher o melhor colch\u00e3o de andidec\u00fabito de alto risco<\/h2>\n\n\n\n<p>O <strong>colch\u00e3o anti-dec\u00fabito<\/strong> risco elevado <strong>ALTA CURA<\/strong> \u00e9 a melhor escolha para quem precisa de um<br>sistema avan\u00e7ado de preven\u00e7\u00e3o de \u00falceras de press\u00e3o. Inclui:<\/p>\n\n\n\n<ul class=\"wp-block-list\">\n<li>20 elementos intercambi\u00e1veis em Nylon\/TPU para maior durabilidade e conforto.<\/li>\n\n\n\n<li>Cobertura respir\u00e1vel com tratamento antimicrobiano de i\u00f5es de prata para m\u00e1xima higiene e prote\u00e7\u00e3o.<\/li>\n\n\n\n<li>9 elementos microperfurados com tecnologia LOW AIR LOSS ajudam a manter a pele seca e ventilada.<\/li>\n\n\n\n<li>Sistema de compress\u00e3o alternada, que previne as les\u00f5es ao distribuir a press\u00e3o de forma homog\u00e9nea. <\/li>\n<\/ul>\n\n\n\n<p><strong>O colch\u00e3o de alto risco \u00e9 f\u00e1cil de ajustar e instalar, perfeito para utiliza\u00e7\u00e3o em casa e no hospital. <\/strong><\/p>\n\n\n\n<p>Lembre-se que, para al\u00e9m do aluguer e da venda de colch\u00f5es anti-dec\u00fabito de alto risco, <strong>Mia Medical<\/strong> tem tamb\u00e9m \u00e0 sua disposi\u00e7\u00e3o\u00a0<strong><a href=\"https:\/\/www.miamedicalitalia.it\/pt\/produto\/vendita-letto-elettrico-elevabile-3-snodi-per-disabili-e-anziani\/\">camas ortop\u00e9dicas el\u00e9ctricas para aluguer<\/a>.<\/strong> Veja s\u00f3!<\/p>\n\n\n\n<h4 class=\"wp-block-heading\" id=\"h-informazioni-tecniche-high-cure\">Informa\u00e7\u00f5es t\u00e9cnicas HIGH CURE<\/h4>\n\n\n\n<figure class=\"wp-block-table\"><table class=\"has-fixed-layout\"><tbody><tr><td><strong>Tipo<\/strong><\/td><td>Colch\u00e3o de ar com compressor de controlo digital<\/td><\/tr><tr><td><strong>Material<\/strong><\/td><td>Nylon + TPU imperme\u00e1vel e respir\u00e1vel<\/td><\/tr><tr><td><strong>Cobertura<\/strong><\/td><td>Nylon + PU com tratamento antimicrobiano de i\u00f5es de prata<\/td><\/tr><tr><td><strong>N\u00famero Elementos<\/strong><\/td><td>20 intercambi\u00e1veis<\/td><\/tr><tr><td><strong>Elementos micro ocos<\/strong><\/td><td>9 com ventila\u00e7\u00e3o for\u00e7ada (BAIXA PERDA DE AR)<\/td><\/tr><tr><td><strong>Altura do colch\u00e3o<\/strong><\/td><td>20,3 cm<\/td><\/tr><tr><td><strong>Dimens\u00f5es do colch\u00e3o<\/strong><\/td><td>200 x 90 cm<\/td><\/tr><tr><td><strong>Peso m\u00e1ximo do paciente<\/strong><\/td><td>200 kg<\/td><\/tr><tr><td><strong>Press\u00e3o ajust\u00e1vel<\/strong><\/td><td>15 - 40 mmHg<\/td><\/tr><tr><td><strong>Ru\u00eddo<\/strong><\/td><td>&lt; 26 dB<\/td><\/tr><tr><td><strong>Alimenta\u00e7\u00e3o el\u00e9ctrica<\/strong><\/td><td>220 - 240 V \/ 50 Hz<\/td><\/tr><tr><td><strong>Tempo de um ciclo <\/strong><\/td><td>9,6 minutos<\/td><\/tr><\/tbody><\/table><\/figure>\n\n\n\n<p>Clicar <a href=\"https:\/\/www.wimed.it\/wp-content\/uploads\/2024\/08\/WI-H_ST-20035_SISTEMA-HIGH-CURE_94140000_rev.5.pdf\">AQUI<\/a> para o cart\u00e3o completo!<\/p>\n\n\n\n<h2 class=\"wp-block-heading\" id=\"h-perche-acquistare-un-materasso-antidecubito-ad-alto-rischio\">Porqu\u00ea comprar um colch\u00e3o anti-dec\u00fabito de alto risco?<\/h2>\n\n\n\n<ul class=\"wp-block-list\">\n<li><strong>Redu\u00e7\u00e3o<\/strong> de <strong>risco<\/strong> por <strong>escaras<\/strong> at\u00e9 ao est\u00e1dio IV<\/li>\n\n\n\n<li><strong>Melhoria da circula\u00e7\u00e3o sangu\u00ednea<\/strong> e <strong>redu\u00e7\u00e3o da press\u00e3o cut\u00e2nea<\/strong><\/li>\n\n\n\n<li><strong>Melhoria da higiene <\/strong>gra\u00e7as ao tratamento antimicrobiano \u00e0 prova de \u00e1gua<\/li>\n\n\n\n<li><strong>Silencioso<\/strong> e <strong>confort\u00e1vel<\/strong>com ru\u00eddo inferior a 26 dB<\/li>\n\n\n\n<li><strong>F\u00e1cil<\/strong> de <strong>instalar<\/strong> e <strong>regular<\/strong>, <strong>compat\u00edvel com camas hospitalares e ortop\u00e9dicas<\/strong><\/li>\n<\/ul>\n\n\n\n<h2 class=\"wp-block-heading\" id=\"h-come-funziona\">Como \u00e9 que funciona? <\/h2>\n\n\n\n<p>O <strong>colch\u00e3o anti-dec\u00fabito <\/strong>ar <strong>ALTA CURA <\/strong>utiliza um <strong>compressor digital <\/strong>insufla\u00e7\u00e3o e<br>esvaziar as c\u00e9lulas de ar alternadamente, assegurando:<\/p>\n\n\n\n<ul class=\"wp-block-list\">\n<li>D<strong>distribui\u00e7\u00e3o uniforme do peso<\/strong> para evitar pontos de press\u00e3o prolongados.<\/li>\n\n\n\n<li><strong>Melhor fluxo sangu\u00edneo para os tecidos<\/strong> para uma regenera\u00e7\u00e3o mais r\u00e1pida.<\/li>\n\n\n\n<li><strong>Ventila\u00e7\u00e3o constante <\/strong>para manter a pele seca.<\/li>\n<\/ul>\n\n\n\n<p>Al\u00e9m disso, gra\u00e7as \u00e0 tecnologia CELL-ON-CELL, o colch\u00e3o est\u00e1 dividido em duas sec\u00e7\u00f5es: a<br>O fundo mant\u00e9m-se insuflado para garantir um apoio constante, mesmo em caso de falta de<br>atual. Enquanto os 3 primeiros elementos da parte superior permanecem fixos para oferecer o maior conforto e apoio \u00e0 zona do pesco\u00e7o. <\/p>\n\n\n\n<p>Ainda n\u00e3o o convencemos? <a href=\"https:\/\/www.trustindex.io\/reviews\/www.miamedicalitalia.it\">Saiba o que dizem os nossos clientes <\/a>no nosso <strong>venda e aluguer de colch\u00f5es anti-dec\u00fabito de alto risco!<\/strong> Depois, contacte-nos para reservar o seu. <\/p>","protected":false},"excerpt":{"rendered":"<div style=\"font-family: Arial, sans-serif; background-color: #234091; padding: 30px; border-radius: 25px; max-width: 600px; color: #ffffff; position: relative; border-top: 6px solid #2498fe;\">\n<h3 style=\"margin-top: 0; margin-bottom: 15px; color: #ffffff;\">N\u00e3o perca a oferta especial!<\/h3>\n<p>Enquanto durarem os stocks.<\/p>\n<p>Al\u00e9m disso, o <strong>a entrega \u00e9 gratuita<\/strong>!<\/p>\n<\/div>\n<p><!-- Linea bianca sotto --><\/p>\n<div style=\"height: 6px; background-color: #ffffff; max-width: 600px;\">\u00a0<\/div>","protected":false},"featured_media":12510,"template":"","meta":{"_acf_changed":false},"home-category":[263],"product_brand":[],"product_cat":[261,532],"product_tag":[39,40,41],"woo-feed-brand":[],"class_list":{"0":"post-9030","1":"product","2":"type-product","3":"status-publish","4":"has-post-thumbnail","6":"home-category-ausili","7":"product_cat-vendita-ausili","8":"product_cat-vendita-materassi-antidecubito-ad-alto-rischio","9":"product_tag-materasso-ad-alto-rischio","10":"product_tag-materasso-antidecubito","11":"product_tag-vendita-materasso","12":"product_shipping_class-ausili-grandi","14":"first","15":"instock","16":"sale","17":"shipping-taxable","18":"purchasable","19":"product-type-simple"},"acf":[],"yoast_head":"<!-- This site is optimized with the Yoast SEO Premium plugin v27.5 (Yoast SEO v27.5) - https:\/\/yoast.com\/product\/yoast-seo-premium-wordpress\/ -->\n<title>Vendita Materasso Antidecubito ad Alto rischio - Mia Medical<\/title>\n<meta name=\"description\" content=\"Vendita materasso antidecubito ad alto rischio. Consegna gratuita in tutta Italia. Disponibilit\u00e0 immediata. Offerta speciale fino ad esaurimento scorte.\" \/>\n<meta name=\"robots\" content=\"index, follow, max-snippet:-1, max-image-preview:large, max-video-preview:-1\" \/>\n<link rel=\"canonical\" href=\"https:\/\/www.miamedicalitalia.it\/pt\/produto\/vendita-materasso-antidecubito-ad-alto-rischio\/\" \/>\n<meta property=\"og:locale\" content=\"pt_PT\" \/>\n<meta property=\"og:type\" content=\"article\" \/>\n<meta property=\"og:title\" content=\"Vendita Materasso Antidecubito ad Alto rischio - Mia Medical\" \/>\n<meta property=\"og:description\" content=\"Vendita materasso antidecubito ad alto rischio. Consegna gratuita in tutta Italia. Disponibilit\u00e0 immediata. Offerta speciale fino ad esaurimento scorte.\" \/>\n<meta property=\"og:url\" content=\"https:\/\/www.miamedicalitalia.it\/pt\/produto\/vendita-materasso-antidecubito-ad-alto-rischio\/\" \/>\n<meta property=\"og:site_name\" content=\"Mia Medical\" \/>\n<meta property=\"article:publisher\" content=\"https:\/\/www.facebook.com\/miamedicalitalia\" \/>\n<meta property=\"article:modified_time\" content=\"2026-03-06T15:08:32+00:00\" \/>\n<meta property=\"og:image\" content=\"https:\/\/www.miamedicalitalia.it\/wp-content\/uploads\/2022\/12\/materasso-antidecubito-alto-rischio.-1-1.jpg\" \/>\n\t<meta property=\"og:image:width\" content=\"1000\" \/>\n\t<meta property=\"og:image:height\" content=\"1000\" \/>\n\t<meta property=\"og:image:type\" content=\"image\/jpeg\" \/>\n<meta name=\"twitter:card\" content=\"summary_large_image\" \/>\n<meta name=\"twitter:label1\" content=\"Tempo estimado de leitura\" \/>\n\t<meta name=\"twitter:data1\" content=\"4 minutos\" \/>\n<script type=\"application\/ld+json\" class=\"yoast-schema-graph\">{\"@context\":\"https:\\\/\\\/schema.org\",\"@graph\":[{\"@type\":\"WebPage\",\"@id\":\"https:\\\/\\\/www.miamedicalitalia.it\\\/prodotto\\\/vendita-materasso-antidecubito-ad-alto-rischio\\\/\",\"url\":\"https:\\\/\\\/www.miamedicalitalia.it\\\/prodotto\\\/vendita-materasso-antidecubito-ad-alto-rischio\\\/\",\"name\":\"Vendita Materasso Antidecubito ad Alto rischio - Mia Medical\",\"isPartOf\":{\"@id\":\"https:\\\/\\\/www.miamedicalitalia.it\\\/#website\"},\"primaryImageOfPage\":{\"@id\":\"https:\\\/\\\/www.miamedicalitalia.it\\\/prodotto\\\/vendita-materasso-antidecubito-ad-alto-rischio\\\/#primaryimage\"},\"image\":{\"@id\":\"https:\\\/\\\/www.miamedicalitalia.it\\\/prodotto\\\/vendita-materasso-antidecubito-ad-alto-rischio\\\/#primaryimage\"},\"thumbnailUrl\":\"https:\\\/\\\/www.miamedicalitalia.it\\\/wp-content\\\/uploads\\\/2022\\\/12\\\/materasso-antidecubito-alto-rischio.-1-1.jpg\",\"datePublished\":\"2022-12-21T16:15:19+00:00\",\"dateModified\":\"2026-03-06T15:08:32+00:00\",\"description\":\"Vendita materasso antidecubito ad alto rischio. Consegna gratuita in tutta Italia. Disponibilit\u00e0 immediata. Offerta speciale fino ad esaurimento scorte.\",\"breadcrumb\":{\"@id\":\"https:\\\/\\\/www.miamedicalitalia.it\\\/prodotto\\\/vendita-materasso-antidecubito-ad-alto-rischio\\\/#breadcrumb\"},\"inLanguage\":\"pt-PT\",\"potentialAction\":[{\"@type\":\"ReadAction\",\"target\":[\"https:\\\/\\\/www.miamedicalitalia.it\\\/prodotto\\\/vendita-materasso-antidecubito-ad-alto-rischio\\\/\"]}]},{\"@type\":\"ImageObject\",\"inLanguage\":\"pt-PT\",\"@id\":\"https:\\\/\\\/www.miamedicalitalia.it\\\/prodotto\\\/vendita-materasso-antidecubito-ad-alto-rischio\\\/#primaryimage\",\"url\":\"https:\\\/\\\/www.miamedicalitalia.it\\\/wp-content\\\/uploads\\\/2022\\\/12\\\/materasso-antidecubito-alto-rischio.-1-1.jpg\",\"contentUrl\":\"https:\\\/\\\/www.miamedicalitalia.it\\\/wp-content\\\/uploads\\\/2022\\\/12\\\/materasso-antidecubito-alto-rischio.-1-1.jpg\",\"width\":1000,\"height\":1000},{\"@type\":\"BreadcrumbList\",\"@id\":\"https:\\\/\\\/www.miamedicalitalia.it\\\/prodotto\\\/vendita-materasso-antidecubito-ad-alto-rischio\\\/#breadcrumb\",\"itemListElement\":[{\"@type\":\"ListItem\",\"position\":1,\"name\":\"Home\",\"item\":\"https:\\\/\\\/www.miamedicalitalia.it\\\/\"},{\"@type\":\"ListItem\",\"position\":2,\"name\":\"Shop\",\"item\":\"https:\\\/\\\/www.miamedicalitalia.it\\\/negozio\\\/\"},{\"@type\":\"ListItem\",\"position\":3,\"name\":\"Vendita\",\"item\":\"https:\\\/\\\/www.miamedicalitalia.it\\\/categoria\\\/vendita-ausili\\\/\"},{\"@type\":\"ListItem\",\"position\":4,\"name\":\"Vendita Materasso Antidecubito ad Alto rischio\"}]},{\"@type\":\"WebSite\",\"@id\":\"https:\\\/\\\/www.miamedicalitalia.it\\\/#website\",\"url\":\"https:\\\/\\\/www.miamedicalitalia.it\\\/\",\"name\":\"www.miamedicalitalia.it\",\"description\":\"Noleggio e Vendita Attrezzatura Sanitarie\",\"publisher\":{\"@id\":\"https:\\\/\\\/www.miamedicalitalia.it\\\/#organization\"},\"potentialAction\":[{\"@type\":\"SearchAction\",\"target\":{\"@type\":\"EntryPoint\",\"urlTemplate\":\"https:\\\/\\\/www.miamedicalitalia.it\\\/?s={search_term_string}\"},\"query-input\":{\"@type\":\"PropertyValueSpecification\",\"valueRequired\":true,\"valueName\":\"search_term_string\"}}],\"inLanguage\":\"pt-PT\"},{\"@type\":\"Organization\",\"@id\":\"https:\\\/\\\/www.miamedicalitalia.it\\\/#organization\",\"name\":\"OLG\",\"url\":\"https:\\\/\\\/www.miamedicalitalia.it\\\/\",\"logo\":{\"@type\":\"ImageObject\",\"inLanguage\":\"pt-PT\",\"@id\":\"https:\\\/\\\/www.miamedicalitalia.it\\\/#\\\/schema\\\/logo\\\/image\\\/\",\"url\":\"https:\\\/\\\/www.miamedicalitalia.it\\\/wp-content\\\/uploads\\\/2023\\\/04\\\/mia-medical-logo-free.png\",\"contentUrl\":\"https:\\\/\\\/www.miamedicalitalia.it\\\/wp-content\\\/uploads\\\/2023\\\/04\\\/mia-medical-logo-free.png\",\"width\":700,\"height\":700,\"caption\":\"OLG\"},\"image\":{\"@id\":\"https:\\\/\\\/www.miamedicalitalia.it\\\/#\\\/schema\\\/logo\\\/image\\\/\"},\"sameAs\":[\"https:\\\/\\\/www.facebook.com\\\/miamedicalitalia\"]}]}<\/script>\n<!-- \/ Yoast SEO Premium plugin. -->","yoast_head_json":{"title":"Colch\u00e3o anti-dec\u00fabito de alto risco para venda - Mia Medical","description":"Colch\u00e3o anti-dec\u00fabito de alto risco para venda. Entrega gratuita em toda a It\u00e1lia. Disponibilidade imediata. Oferta especial enquanto durarem os stocks.","robots":{"index":"index","follow":"follow","max-snippet":"max-snippet:-1","max-image-preview":"max-image-preview:large","max-video-preview":"max-video-preview:-1"},"canonical":"https:\/\/www.miamedicalitalia.it\/pt\/produto\/vendita-materasso-antidecubito-ad-alto-rischio\/","og_locale":"pt_PT","og_type":"article","og_title":"Vendita Materasso Antidecubito ad Alto rischio - Mia Medical","og_description":"Vendita materasso antidecubito ad alto rischio. Consegna gratuita in tutta Italia. Disponibilit\u00e0 immediata. Offerta speciale fino ad esaurimento scorte.","og_url":"https:\/\/www.miamedicalitalia.it\/pt\/produto\/vendita-materasso-antidecubito-ad-alto-rischio\/","og_site_name":"Mia Medical","article_publisher":"https:\/\/www.facebook.com\/miamedicalitalia","article_modified_time":"2026-03-06T15:08:32+00:00","og_image":[{"width":1000,"height":1000,"url":"https:\/\/www.miamedicalitalia.it\/wp-content\/uploads\/2022\/12\/materasso-antidecubito-alto-rischio.-1-1.jpg","type":"image\/jpeg"}],"twitter_card":"summary_large_image","twitter_misc":{"Tempo estimado de leitura":"4 minutos"},"schema":{"@context":"https:\/\/schema.org","@graph":[{"@type":"WebPage","@id":"https:\/\/www.miamedicalitalia.it\/prodotto\/vendita-materasso-antidecubito-ad-alto-rischio\/","url":"https:\/\/www.miamedicalitalia.it\/prodotto\/vendita-materasso-antidecubito-ad-alto-rischio\/","name":"Colch\u00e3o anti-dec\u00fabito de alto risco para venda - Mia Medical","isPartOf":{"@id":"https:\/\/www.miamedicalitalia.it\/#website"},"primaryImageOfPage":{"@id":"https:\/\/www.miamedicalitalia.it\/prodotto\/vendita-materasso-antidecubito-ad-alto-rischio\/#primaryimage"},"image":{"@id":"https:\/\/www.miamedicalitalia.it\/prodotto\/vendita-materasso-antidecubito-ad-alto-rischio\/#primaryimage"},"thumbnailUrl":"https:\/\/www.miamedicalitalia.it\/wp-content\/uploads\/2022\/12\/materasso-antidecubito-alto-rischio.-1-1.jpg","datePublished":"2022-12-21T16:15:19+00:00","dateModified":"2026-03-06T15:08:32+00:00","description":"Colch\u00e3o anti-dec\u00fabito de alto risco para venda. Entrega gratuita em toda a It\u00e1lia. Disponibilidade imediata. Oferta especial enquanto durarem os stocks.","breadcrumb":{"@id":"https:\/\/www.miamedicalitalia.it\/prodotto\/vendita-materasso-antidecubito-ad-alto-rischio\/#breadcrumb"},"inLanguage":"pt-PT","potentialAction":[{"@type":"ReadAction","target":["https:\/\/www.miamedicalitalia.it\/prodotto\/vendita-materasso-antidecubito-ad-alto-rischio\/"]}]},{"@type":"ImageObject","inLanguage":"pt-PT","@id":"https:\/\/www.miamedicalitalia.it\/prodotto\/vendita-materasso-antidecubito-ad-alto-rischio\/#primaryimage","url":"https:\/\/www.miamedicalitalia.it\/wp-content\/uploads\/2022\/12\/materasso-antidecubito-alto-rischio.-1-1.jpg","contentUrl":"https:\/\/www.miamedicalitalia.it\/wp-content\/uploads\/2022\/12\/materasso-antidecubito-alto-rischio.-1-1.jpg","width":1000,"height":1000},{"@type":"BreadcrumbList","@id":"https:\/\/www.miamedicalitalia.it\/prodotto\/vendita-materasso-antidecubito-ad-alto-rischio\/#breadcrumb","itemListElement":[{"@type":"ListItem","position":1,"name":"Home","item":"https:\/\/www.miamedicalitalia.it\/"},{"@type":"ListItem","position":2,"name":"Shop","item":"https:\/\/www.miamedicalitalia.it\/negozio\/"},{"@type":"ListItem","position":3,"name":"Vendita","item":"https:\/\/www.miamedicalitalia.it\/categoria\/vendita-ausili\/"},{"@type":"ListItem","position":4,"name":"Vendita Materasso Antidecubito ad Alto rischio"}]},{"@type":"WebSite","@id":"https:\/\/www.miamedicalitalia.it\/#website","url":"https:\/\/www.miamedicalitalia.it\/","name":"www.miamedicalitalia.it","description":"Aluguer e venda de equipamento sanit\u00e1rio","publisher":{"@id":"https:\/\/www.miamedicalitalia.it\/#organization"},"potentialAction":[{"@type":"SearchAction","target":{"@type":"EntryPoint","urlTemplate":"https:\/\/www.miamedicalitalia.it\/?s={search_term_string}"},"query-input":{"@type":"PropertyValueSpecification","valueRequired":true,"valueName":"search_term_string"}}],"inLanguage":"pt-PT"},{"@type":"Organization","@id":"https:\/\/www.miamedicalitalia.it\/#organization","name":"OLG","url":"https:\/\/www.miamedicalitalia.it\/","logo":{"@type":"ImageObject","inLanguage":"pt-PT","@id":"https:\/\/www.miamedicalitalia.it\/#\/schema\/logo\/image\/","url":"https:\/\/www.miamedicalitalia.it\/wp-content\/uploads\/2023\/04\/mia-medical-logo-free.png","contentUrl":"https:\/\/www.miamedicalitalia.it\/wp-content\/uploads\/2023\/04\/mia-medical-logo-free.png","width":700,"height":700,"caption":"OLG"},"image":{"@id":"https:\/\/www.miamedicalitalia.it\/#\/schema\/logo\/image\/"},"sameAs":["https:\/\/www.facebook.com\/miamedicalitalia"]}]}},"wcpa_form_fields":null,"_links":{"self":[{"href":"https:\/\/www.miamedicalitalia.it\/pt\/wp-json\/wp\/v2\/product\/9030","targetHints":{"allow":["GET"]}}],"collection":[{"href":"https:\/\/www.miamedicalitalia.it\/pt\/wp-json\/wp\/v2\/product"}],"about":[{"href":"https:\/\/www.miamedicalitalia.it\/pt\/wp-json\/wp\/v2\/types\/product"}],"wp:featuredmedia":[{"embeddable":true,"href":"https:\/\/www.miamedicalitalia.it\/pt\/wp-json\/wp\/v2\/media\/12510"}],"wp:attachment":[{"href":"https:\/\/www.miamedicalitalia.it\/pt\/wp-json\/wp\/v2\/media?parent=9030"}],"wp:term":[{"taxonomy":"home-category","embeddable":true,"href":"https:\/\/www.miamedicalitalia.it\/pt\/wp-json\/wp\/v2\/home-category?post=9030"},{"taxonomy":"product_brand","embeddable":true,"href":"https:\/\/www.miamedicalitalia.it\/pt\/wp-json\/wp\/v2\/product_brand?post=9030"},{"taxonomy":"product_cat","embeddable":true,"href":"https:\/\/www.miamedicalitalia.it\/pt\/wp-json\/wp\/v2\/product_cat?post=9030"},{"taxonomy":"product_tag","embeddable":true,"href":"https:\/\/www.miamedicalitalia.it\/pt\/wp-json\/wp\/v2\/product_tag?post=9030"},{"taxonomy":"woo-feed-brand","embeddable":true,"href":"https:\/\/www.miamedicalitalia.it\/pt\/wp-json\/wp\/v2\/woo-feed-brand?post=9030"}],"curies":[{"name":"wp","href":"https:\/\/api.w.org\/{rel}","templated":true}]}}