{"id":8946,"date":"2022-12-21T17:14:57","date_gmt":"2022-12-21T16:14:57","guid":{"rendered":"https:\/\/www.miamedicalitalia.it\/?post_type=product&#038;p=8946"},"modified":"2026-01-05T11:38:13","modified_gmt":"2026-01-05T09:38:13","slug":"letto-ortopedico-con-materasso-antidecubito-roma-firenze-300kg","status":"publish","type":"product","link":"https:\/\/www.miamedicalitalia.it\/pt\/produto\/letto-ortopedico-con-materasso-antidecubito-roma-firenze-300kg\/","title":{"rendered":"Aluguer de cama hospitalar bari\u00e1trica el\u00e9trica com 120 cm de largura, capacidade para 300 kg e colch\u00e3o antideslizante"},"content":{"rendered":"<p>O l<strong>hospital bari\u00e1trico el\u00e9trico hectograma ortop\u00e9dico<\/strong> \u00e9 um <strong>dispositivo m\u00e9dico <\/strong>concebido para garantir<br><strong>seguran\u00e7a<\/strong>, <strong>conforto <\/strong>e <strong>apoio<\/strong> ottimale ad anziani, persone con obesit\u00e0 grave, mobilit\u00e0 ridotta o che devono trascorrere un periodo di <strong>convalescen\u00e7a em casa<\/strong>. A Mia Medical oferece um servi\u00e7o de aluguer em Roma e Floren\u00e7a de uma vasta gama de camas ortop\u00e9dicas hospitalares el\u00e9ctricas.<\/p>\n\n\n\n<p>Este modelo, gra\u00e7as \u00e0 sua <strong>estrutura refor\u00e7ada<\/strong> com um <strong>capacidade de carga m\u00e1xima de 300 kg<\/strong>, grades laterais, tri\u00e2ngulo \"riser\" e um <strong>largura extra de 120 cm<\/strong>Esta cama \u00e9 ideal para garantir a <strong>m\u00e1xima estabilidade e conforto<\/strong> tamb\u00e9m para <strong>doentes bari\u00e1tricos.<\/strong><\/p>\n\n\n\n<p>N\u00e3o deixe passar esta oportunidade! <strong>Inclu\u00eddo no aluguer em Roma e Floren\u00e7a : <a href=\"https:\/\/www.miamedicalitalia.it\/pt\/produto\/vendita-materasso-antidecubito-polyplot-90cm\/\">colch\u00e3o anti-dec\u00fabito de alta resist\u00eancia<\/a><\/strong>Concebido para prevenir as les\u00f5es por press\u00e3o e melhorar a qualidade do repouso.<\/p>\n\n\n\n<p>Perfeito para o<strong>uso dom\u00e9stico e hospitalar<\/strong>, Esta cama ortop\u00e9dica para idosos oferece ajustes<br>sistema el\u00e9trico avan\u00e7ado para uma manuten\u00e7\u00e3o mais f\u00e1cil e confort\u00e1vel.<\/p>\n\n\n\n<h3 class=\"wp-block-heading\" id=\"h-a-chi-puo-essere-utile-il-noleggio-di-un-letto-elettrico-ortopedico-roma-e-firenze\">Quem pode alugar uma cama ortop\u00e9dica el\u00e9ctrica | Roma e Floren\u00e7a ? <\/h3>\n\n\n\n<p>A cama ortop\u00e9dica el\u00e9ctrica \u00e9 recomendada para:<\/p>\n\n\n\n<ul class=\"wp-block-list\">\n<li><strong>Pessoas com obesidade grave<\/strong> (at\u00e9 300 kg): A estrutura extragrande oferece maior estabilidade e conforto.<\/li>\n\n\n\n<li><strong>Pacientes com mobilidade reduzida ou idosos acamados a longo prazo<\/strong>: Ideal para quem tem dificuldade em se movimentar de forma aut\u00f3noma.<\/li>\n\n\n\n<li><strong>Indiv\u00edduos p\u00f3s-operat\u00f3rios<\/strong>: Ajuda na recupera\u00e7\u00e3o segura, reduzindo o risco de complica\u00e7\u00f5es.<\/li>\n\n\n\n<li><strong>Pessoas com defici\u00eancias motoras ou perturba\u00e7\u00f5es neurol\u00f3gicas<\/strong>: Facilita a assist\u00eancia domiciliar e hospitalar.<\/li>\n\n\n\n<li><strong>Quem est\u00e1 em risco de sofrer feridas de press\u00e3o<\/strong>: Gra\u00e7as ao colch\u00e3o anti-escaras inclu\u00eddo, ajuda a prevenir les\u00f5es por press\u00e3o.<\/li>\n\n\n\n<li>As pessoas que precisam de um <strong>cama confort\u00e1vel, pr\u00e1tica e segura<\/strong> durante um per\u00edodo de <strong>hospitaliza\u00e7\u00e3o<\/strong> de <strong>casa<\/strong><\/li>\n<\/ul>\n\n\n\n<p><strong>Procura a melhor cama hospitalar ortop\u00e9dica Bariartico? Este modelo \u00e9 a escolha perfeita!<\/strong> <\/p>\n\n\n\n<p>Eis porqu\u00ea: <\/p>\n\n\n\n<ul class=\"wp-block-list\">\n<li><strong>Capacidade m\u00e1xima da cama<\/strong>De facto, se o doente pesar mais de 200 kg, uma cama com uma estrutura refor\u00e7ada e uma capacidade de carga at\u00e9 300 kg, como este modelo, \u00e9 essencial.<\/li>\n\n\n\n<li><strong>Dimens\u00f5es extra-grandes<\/strong>Uma cama mais larga (120 cm em vez de 90 cm) oferece mais estabilidade e conforto.<\/li>\n\n\n\n<li><strong>Ajustes el\u00e9ctricos<\/strong>Esta cama ortop\u00e9dica el\u00e9ctrica permite regular a altura, o \u00e2ngulo das costas e das pernas, facilitando os movimentos e melhorando a postura do paciente.<\/li>\n<\/ul>\n\n\n\n<p><strong><a href=\"https:\/\/wa.me\/393926509237\">Tem d\u00favidas? Contacte-nos para uma consulta gratuita!<\/a><\/strong><\/p>\n\n\n\n<p><strong>Carater\u00edsticas da cama ortop\u00e9dica hospitalar el\u00e9ctrica bari\u00e1trica <\/strong><\/p>\n\n\n\n<ul class=\"wp-block-list\">\n<li>regula\u00e7\u00e3o el\u00e9ctrica total.<\/li>\n\n\n\n<li>\u00c1rea \u00fatil: 200 cm x 140 cm ;<\/li>\n\n\n\n<li>Comprimento total: 220 cm;<\/li>\n\n\n\n<li>Largura total: 140 cm.<\/li>\n\n\n\n<li>Peso m\u00e1ximo do doente: 250 kg;<\/li>\n\n\n\n<li>Carga m\u00e1xima segura: 300Kg.<\/li>\n\n\n\n<li>Regula\u00e7\u00e3o em altura com controlo remoto: m\u00ednimo: 30 cm. - m\u00e1ximo: 80 cm.<\/li>\n<\/ul>\n\n\n\n<p>Gra\u00e7as a estas carater\u00edsticas, o <strong>O aluguer da cama ortop\u00e9dica el\u00e9ctrica melhorar\u00e1 a qualidade de vida do doente e simplificar\u00e1 o trabalho de assist\u00eancia.<\/strong><\/p>\n\n\n\n<h3 class=\"wp-block-heading\" id=\"h-perche-questo-modello-mia-medical\">Porqu\u00ea este modelo Mia Medical?<\/h3>\n\n\n\n<ul class=\"wp-block-list\">\n<li><strong>Maior seguran\u00e7a e estabilidade<\/strong> para pessoas com obesidade<\/li>\n\n\n\n<li><strong>Facilidade de utiliza\u00e7\u00e3o<\/strong> com ajustes el\u00e9ctricos avan\u00e7ados<\/li>\n\n\n\n<li><strong>Conforto \u00f3timo<\/strong> gra\u00e7as \u00e0 largura extra e ao colch\u00e3o anti-dec\u00fabito<\/li>\n\n\n\n<li>Perfeito para <strong>uso dom\u00e9stico e hospitalar<\/strong><\/li>\n\n\n\n<li><strong>Facilidade de transporte e de instala\u00e7\u00e3o <\/strong>com rodas bloque\u00e1veis<\/li>\n<\/ul>\n\n\n\n<h2 class=\"wp-block-heading\" id=\"h-come-funziona\">Como \u00e9 que funciona?<\/h2>\n\n\n\n<p>A cama hospitalar ortop\u00e9dica est\u00e1 equipada com <strong>motores el\u00e9ctricos<\/strong> que permitem<br><strong>regular<\/strong> facilmente:<br>\u2013 <strong>A altura da cama<\/strong>para facilitar a entrada e sa\u00edda da cama.<br>\u2013 <strong>A inclina\u00e7\u00e3o do encosto<\/strong>para melhorar a postura e o conforto do doente.<br>\u2013 <strong>A inclina\u00e7\u00e3o das pernas,<\/strong>  para favorecer a circula\u00e7\u00e3o sangu\u00ednea e reduzir o incha\u00e7o<\/p>\n\n\n\n<p>O colch\u00e3o anti-dec\u00fabito inclu\u00eddo proporciona prote\u00e7\u00e3o contra a <a href=\"https:\/\/www.google.com\/url?sa=t&amp;source=web&amp;rct=j&amp;opi=89978449&amp;url=https:\/\/www.gavazzeni.it\/malattie\/piaghe-decubito-lesioni-pressione\/%23:~:text%3DLe%2520piaghe%2520da%2520decubito%252C%2520chiamate,una%2520superficie%2520esterna%2520di%2520appoggio.&amp;ved=2ahUKEwj666nR0qKLAxVexAIHHdlfHvkQFnoECBIQAw&amp;usg=AOvVaw2dqHCsm4gMnJfObu94QXFk\">feridas de press\u00e3o,<\/a><br>garantindo um sono seguro e confort\u00e1vel.<\/p>\n\n\n\n<p>Todas as nossas camas el\u00e9ctricas s\u00e3o desinfectadas e higienizadas antes da entrega. As <a href=\"https:\/\/www.miamedicalitalia.it\/pt\/produto\/vendita-materasso-antidecubito-polyplot-90cm\/\">colch\u00e3o fornecido<\/a> tem preven\u00e7\u00e3o anti-dec\u00fabito e cobertura m\u00e9dica completa.<\/p>\n\n\n\n<p>Se \u00e9 prestador de cuidados a uma pessoa dependente e precisa de ajuda, o nosso <strong>enfermeira<\/strong> de confian\u00e7a <strong><a href=\"http:\/\/www.arnaldiandrea.com\">Andrea Arnaldi<\/a><\/strong> especializa-se precisamente no dom\u00ednio dos cuidados ao domic\u00edlio, para que os cuidados possam ser prestados no conforto da sua pr\u00f3pria casa. <strong>N\u00e3o hesite em contact\u00e1-lo! <\/strong><\/p>\n\n\n\n<p><a href=\"https:\/\/wa.me\/393926509237\">Contacte-nos para o aluguer da sua cama ortop\u00e9dica!<\/a><\/p>\n\n\n\n<p><\/p>","protected":false},"excerpt":{"rendered":"<div style=\"font-family: Arial, sans-serif; background-color: #234091; padding: 30px; border-radius: 25px; max-width: 600px; color: #ffffff; position: relative; border-top: 6px solid #2498fe;\">\n<h3 style=\"margin-top: 0; margin-bottom: 15px; color: #ffffff;\">Aluguer de cama hospitalar bari\u00e1trica\u00a0<\/h3>\n<p>Reserva f\u00e1cil, custos claros, ajudas de \u00faltima gera\u00e7\u00e3o.<\/p>\n<p><strong>Sem dep\u00f3sito!<\/strong><\/p>\n<p><strong>Entrega em Roma e Floren\u00e7a<\/strong> a domicilio incluso di montaggio a partire da 80\u20ac. Lo stesso prezzo vale anche per il ritiro!<\/p>\n<p>O custo ser\u00e1 acrescido em caso de entrega num andar sem elevador.<\/p>\n<p>A estrutura desta cama \u00e9 refor\u00e7ada. O motor \u00e9 atualizado para uma capacidade de at\u00e9 <strong>300 kg<\/strong>.<\/p>\n<\/div>\n<p><!-- Linea bianca sotto --><\/p>\n<div style=\"height: 6px; background-color: #ffffff; max-width: 600px;\">\u00a0<\/div>","protected":false},"featured_media":12201,"template":"","meta":{"_acf_changed":false},"home-category":[],"product_brand":[],"product_cat":[94],"product_tag":[133,380,379,383,382,381],"woo-feed-brand":[],"class_list":{"0":"post-8946","1":"product","2":"type-product","3":"status-publish","4":"has-post-thumbnail","6":"product_cat-noleggio-letti-ortopedici-ospedalieri","7":"product_tag-letto-elettrico-per-obesi","8":"product_tag-letto-ortopedico","9":"product_tag-letto-ospedaliero","10":"product_tag-letto-per-disabili","11":"product_tag-noleggio-letto-elettrico","12":"product_tag-noleggio-letto-ospedaliero-elettrico","13":"wcpa_has_options","15":"first","16":"instock","17":"shipping-taxable","18":"purchasable","19":"product-type-variable"},"acf":[],"yoast_head":"<!-- This site is optimized with the Yoast SEO Premium plugin v27.5 (Yoast SEO v27.5) - https:\/\/yoast.com\/product\/yoast-seo-premium-wordpress\/ -->\n<title>Noleggio letti ortopedici - con materasso incluso | Roma e Firenze<\/title>\n<meta name=\"description\" content=\"Noleggio letto ortopedico bariatrico elettrico per anziani con materasso antidecubito a Roma e Firenze. Chiamaci ora al +39 392 65 09 237!\" \/>\n<meta name=\"robots\" content=\"index, follow, max-snippet:-1, max-image-preview:large, max-video-preview:-1\" \/>\n<link rel=\"canonical\" href=\"https:\/\/www.miamedicalitalia.it\/pt\/produto\/letto-ortopedico-con-materasso-antidecubito-roma-firenze-300kg\/\" \/>\n<meta property=\"og:locale\" content=\"pt_PT\" \/>\n<meta property=\"og:type\" content=\"article\" \/>\n<meta property=\"og:title\" content=\"Noleggio letti ortopedici - con materasso incluso | Roma e Firenze\" \/>\n<meta property=\"og:description\" content=\"Noleggio letto ortopedico bariatrico elettrico per anziani con materasso antidecubito a Roma e Firenze. Chiamaci ora al +39 392 65 09 237!\" \/>\n<meta property=\"og:url\" content=\"https:\/\/www.miamedicalitalia.it\/pt\/produto\/letto-ortopedico-con-materasso-antidecubito-roma-firenze-300kg\/\" \/>\n<meta property=\"og:site_name\" content=\"Mia Medical\" \/>\n<meta property=\"article:publisher\" content=\"https:\/\/www.facebook.com\/miamedicalitalia\" \/>\n<meta property=\"article:modified_time\" content=\"2026-01-05T09:38:13+00:00\" \/>\n<meta property=\"og:image\" content=\"https:\/\/www.miamedicalitalia.it\/wp-content\/uploads\/2022\/12\/letto-120-1.jpg\" \/>\n\t<meta property=\"og:image:width\" content=\"1000\" \/>\n\t<meta property=\"og:image:height\" content=\"1000\" \/>\n\t<meta property=\"og:image:type\" content=\"image\/jpeg\" \/>\n<meta name=\"twitter:card\" content=\"summary_large_image\" \/>\n<meta name=\"twitter:label1\" content=\"Tempo estimado de leitura\" \/>\n\t<meta name=\"twitter:data1\" content=\"1 minuto\" \/>\n<script type=\"application\/ld+json\" class=\"yoast-schema-graph\">{\"@context\":\"https:\\\/\\\/schema.org\",\"@graph\":[{\"@type\":\"WebPage\",\"@id\":\"https:\\\/\\\/www.miamedicalitalia.it\\\/prodotto\\\/letto-ortopedico-con-materasso-antidecubito-roma-firenze-300kg\\\/\",\"url\":\"https:\\\/\\\/www.miamedicalitalia.it\\\/prodotto\\\/letto-ortopedico-con-materasso-antidecubito-roma-firenze-300kg\\\/\",\"name\":\"Noleggio letti ortopedici - con materasso incluso | Roma e Firenze\",\"isPartOf\":{\"@id\":\"https:\\\/\\\/www.miamedicalitalia.it\\\/#website\"},\"primaryImageOfPage\":{\"@id\":\"https:\\\/\\\/www.miamedicalitalia.it\\\/prodotto\\\/letto-ortopedico-con-materasso-antidecubito-roma-firenze-300kg\\\/#primaryimage\"},\"image\":{\"@id\":\"https:\\\/\\\/www.miamedicalitalia.it\\\/prodotto\\\/letto-ortopedico-con-materasso-antidecubito-roma-firenze-300kg\\\/#primaryimage\"},\"thumbnailUrl\":\"https:\\\/\\\/www.miamedicalitalia.it\\\/wp-content\\\/uploads\\\/2022\\\/12\\\/letto-120-1.jpg\",\"datePublished\":\"2022-12-21T16:14:57+00:00\",\"dateModified\":\"2026-01-05T09:38:13+00:00\",\"description\":\"Noleggio letto ortopedico bariatrico elettrico per anziani con materasso antidecubito a Roma e Firenze. Chiamaci ora al +39 392 65 09 237!\",\"breadcrumb\":{\"@id\":\"https:\\\/\\\/www.miamedicalitalia.it\\\/prodotto\\\/letto-ortopedico-con-materasso-antidecubito-roma-firenze-300kg\\\/#breadcrumb\"},\"inLanguage\":\"pt-PT\",\"potentialAction\":[{\"@type\":\"ReadAction\",\"target\":[\"https:\\\/\\\/www.miamedicalitalia.it\\\/prodotto\\\/letto-ortopedico-con-materasso-antidecubito-roma-firenze-300kg\\\/\"]}]},{\"@type\":\"ImageObject\",\"inLanguage\":\"pt-PT\",\"@id\":\"https:\\\/\\\/www.miamedicalitalia.it\\\/prodotto\\\/letto-ortopedico-con-materasso-antidecubito-roma-firenze-300kg\\\/#primaryimage\",\"url\":\"https:\\\/\\\/www.miamedicalitalia.it\\\/wp-content\\\/uploads\\\/2022\\\/12\\\/letto-120-1.jpg\",\"contentUrl\":\"https:\\\/\\\/www.miamedicalitalia.it\\\/wp-content\\\/uploads\\\/2022\\\/12\\\/letto-120-1.jpg\",\"width\":1000,\"height\":1000},{\"@type\":\"BreadcrumbList\",\"@id\":\"https:\\\/\\\/www.miamedicalitalia.it\\\/prodotto\\\/letto-ortopedico-con-materasso-antidecubito-roma-firenze-300kg\\\/#breadcrumb\",\"itemListElement\":[{\"@type\":\"ListItem\",\"position\":1,\"name\":\"Home\",\"item\":\"https:\\\/\\\/www.miamedicalitalia.it\\\/\"},{\"@type\":\"ListItem\",\"position\":2,\"name\":\"Shop\",\"item\":\"https:\\\/\\\/www.miamedicalitalia.it\\\/negozio\\\/\"},{\"@type\":\"ListItem\",\"position\":3,\"name\":\"Affitto e noleggio\",\"item\":\"https:\\\/\\\/www.miamedicalitalia.it\\\/categoria\\\/affitto-e-noleggio-ausili\\\/\"},{\"@type\":\"ListItem\",\"position\":4,\"name\":\"Letti ortopedici ospedalieri\",\"item\":\"https:\\\/\\\/www.miamedicalitalia.it\\\/categoria\\\/affitto-e-noleggio-ausili\\\/noleggio-letti-ortopedici-ospedalieri\\\/\"},{\"@type\":\"ListItem\",\"position\":5,\"name\":\"Noleggio Letto Ospedaliero Bariatrico Elettrico largo 120cm portata 300kg con materasso antidecubito\"}]},{\"@type\":\"WebSite\",\"@id\":\"https:\\\/\\\/www.miamedicalitalia.it\\\/#website\",\"url\":\"https:\\\/\\\/www.miamedicalitalia.it\\\/\",\"name\":\"www.miamedicalitalia.it\",\"description\":\"Noleggio e Vendita Attrezzatura Sanitarie\",\"publisher\":{\"@id\":\"https:\\\/\\\/www.miamedicalitalia.it\\\/#organization\"},\"potentialAction\":[{\"@type\":\"SearchAction\",\"target\":{\"@type\":\"EntryPoint\",\"urlTemplate\":\"https:\\\/\\\/www.miamedicalitalia.it\\\/?s={search_term_string}\"},\"query-input\":{\"@type\":\"PropertyValueSpecification\",\"valueRequired\":true,\"valueName\":\"search_term_string\"}}],\"inLanguage\":\"pt-PT\"},{\"@type\":\"Organization\",\"@id\":\"https:\\\/\\\/www.miamedicalitalia.it\\\/#organization\",\"name\":\"OLG\",\"url\":\"https:\\\/\\\/www.miamedicalitalia.it\\\/\",\"logo\":{\"@type\":\"ImageObject\",\"inLanguage\":\"pt-PT\",\"@id\":\"https:\\\/\\\/www.miamedicalitalia.it\\\/#\\\/schema\\\/logo\\\/image\\\/\",\"url\":\"https:\\\/\\\/www.miamedicalitalia.it\\\/wp-content\\\/uploads\\\/2023\\\/04\\\/mia-medical-logo-free.png\",\"contentUrl\":\"https:\\\/\\\/www.miamedicalitalia.it\\\/wp-content\\\/uploads\\\/2023\\\/04\\\/mia-medical-logo-free.png\",\"width\":700,\"height\":700,\"caption\":\"OLG\"},\"image\":{\"@id\":\"https:\\\/\\\/www.miamedicalitalia.it\\\/#\\\/schema\\\/logo\\\/image\\\/\"},\"sameAs\":[\"https:\\\/\\\/www.facebook.com\\\/miamedicalitalia\"]}]}<\/script>\n<!-- \/ Yoast SEO Premium plugin. -->","yoast_head_json":{"title":"Aluguer de camas ortop\u00e9dicas - com colch\u00e3o inclu\u00eddo | Roma e Floren\u00e7a","description":"Noleggio letto ortopedico bariatrico elettrico per anziani con materasso antidecubito a Roma e Firenze. Chiamaci ora al +39 392 65 09 237!","robots":{"index":"index","follow":"follow","max-snippet":"max-snippet:-1","max-image-preview":"max-image-preview:large","max-video-preview":"max-video-preview:-1"},"canonical":"https:\/\/www.miamedicalitalia.it\/pt\/produto\/letto-ortopedico-con-materasso-antidecubito-roma-firenze-300kg\/","og_locale":"pt_PT","og_type":"article","og_title":"Noleggio letti ortopedici - con materasso incluso | Roma e Firenze","og_description":"Noleggio letto ortopedico bariatrico elettrico per anziani con materasso antidecubito a Roma e Firenze. Chiamaci ora al +39 392 65 09 237!","og_url":"https:\/\/www.miamedicalitalia.it\/pt\/produto\/letto-ortopedico-con-materasso-antidecubito-roma-firenze-300kg\/","og_site_name":"Mia Medical","article_publisher":"https:\/\/www.facebook.com\/miamedicalitalia","article_modified_time":"2026-01-05T09:38:13+00:00","og_image":[{"width":1000,"height":1000,"url":"https:\/\/www.miamedicalitalia.it\/wp-content\/uploads\/2022\/12\/letto-120-1.jpg","type":"image\/jpeg"}],"twitter_card":"summary_large_image","twitter_misc":{"Tempo estimado de leitura":"1 minuto"},"schema":{"@context":"https:\/\/schema.org","@graph":[{"@type":"WebPage","@id":"https:\/\/www.miamedicalitalia.it\/prodotto\/letto-ortopedico-con-materasso-antidecubito-roma-firenze-300kg\/","url":"https:\/\/www.miamedicalitalia.it\/prodotto\/letto-ortopedico-con-materasso-antidecubito-roma-firenze-300kg\/","name":"Aluguer de camas ortop\u00e9dicas - com colch\u00e3o inclu\u00eddo | Roma e Floren\u00e7a","isPartOf":{"@id":"https:\/\/www.miamedicalitalia.it\/#website"},"primaryImageOfPage":{"@id":"https:\/\/www.miamedicalitalia.it\/prodotto\/letto-ortopedico-con-materasso-antidecubito-roma-firenze-300kg\/#primaryimage"},"image":{"@id":"https:\/\/www.miamedicalitalia.it\/prodotto\/letto-ortopedico-con-materasso-antidecubito-roma-firenze-300kg\/#primaryimage"},"thumbnailUrl":"https:\/\/www.miamedicalitalia.it\/wp-content\/uploads\/2022\/12\/letto-120-1.jpg","datePublished":"2022-12-21T16:14:57+00:00","dateModified":"2026-01-05T09:38:13+00:00","description":"Noleggio letto ortopedico bariatrico elettrico per anziani con materasso antidecubito a Roma e Firenze. Chiamaci ora al +39 392 65 09 237!","breadcrumb":{"@id":"https:\/\/www.miamedicalitalia.it\/prodotto\/letto-ortopedico-con-materasso-antidecubito-roma-firenze-300kg\/#breadcrumb"},"inLanguage":"pt-PT","potentialAction":[{"@type":"ReadAction","target":["https:\/\/www.miamedicalitalia.it\/prodotto\/letto-ortopedico-con-materasso-antidecubito-roma-firenze-300kg\/"]}]},{"@type":"ImageObject","inLanguage":"pt-PT","@id":"https:\/\/www.miamedicalitalia.it\/prodotto\/letto-ortopedico-con-materasso-antidecubito-roma-firenze-300kg\/#primaryimage","url":"https:\/\/www.miamedicalitalia.it\/wp-content\/uploads\/2022\/12\/letto-120-1.jpg","contentUrl":"https:\/\/www.miamedicalitalia.it\/wp-content\/uploads\/2022\/12\/letto-120-1.jpg","width":1000,"height":1000},{"@type":"BreadcrumbList","@id":"https:\/\/www.miamedicalitalia.it\/prodotto\/letto-ortopedico-con-materasso-antidecubito-roma-firenze-300kg\/#breadcrumb","itemListElement":[{"@type":"ListItem","position":1,"name":"Home","item":"https:\/\/www.miamedicalitalia.it\/"},{"@type":"ListItem","position":2,"name":"Shop","item":"https:\/\/www.miamedicalitalia.it\/negozio\/"},{"@type":"ListItem","position":3,"name":"Affitto e noleggio","item":"https:\/\/www.miamedicalitalia.it\/categoria\/affitto-e-noleggio-ausili\/"},{"@type":"ListItem","position":4,"name":"Letti ortopedici ospedalieri","item":"https:\/\/www.miamedicalitalia.it\/categoria\/affitto-e-noleggio-ausili\/noleggio-letti-ortopedici-ospedalieri\/"},{"@type":"ListItem","position":5,"name":"Noleggio Letto Ospedaliero Bariatrico Elettrico largo 120cm portata 300kg con materasso antidecubito"}]},{"@type":"WebSite","@id":"https:\/\/www.miamedicalitalia.it\/#website","url":"https:\/\/www.miamedicalitalia.it\/","name":"www.miamedicalitalia.it","description":"Aluguer e venda de equipamento sanit\u00e1rio","publisher":{"@id":"https:\/\/www.miamedicalitalia.it\/#organization"},"potentialAction":[{"@type":"SearchAction","target":{"@type":"EntryPoint","urlTemplate":"https:\/\/www.miamedicalitalia.it\/?s={search_term_string}"},"query-input":{"@type":"PropertyValueSpecification","valueRequired":true,"valueName":"search_term_string"}}],"inLanguage":"pt-PT"},{"@type":"Organization","@id":"https:\/\/www.miamedicalitalia.it\/#organization","name":"OLG","url":"https:\/\/www.miamedicalitalia.it\/","logo":{"@type":"ImageObject","inLanguage":"pt-PT","@id":"https:\/\/www.miamedicalitalia.it\/#\/schema\/logo\/image\/","url":"https:\/\/www.miamedicalitalia.it\/wp-content\/uploads\/2023\/04\/mia-medical-logo-free.png","contentUrl":"https:\/\/www.miamedicalitalia.it\/wp-content\/uploads\/2023\/04\/mia-medical-logo-free.png","width":700,"height":700,"caption":"OLG"},"image":{"@id":"https:\/\/www.miamedicalitalia.it\/#\/schema\/logo\/image\/"},"sameAs":["https:\/\/www.facebook.com\/miamedicalitalia"]}]}},"wcpa_form_fields":{"wcpaData":{"product":{"product_price":200,"price_html":"<span class=\"woocommerce-Price-amount amount\" aria-hidden=\"true\"><bdi><span class=\"woocommerce-Price-currencySymbol\">&euro;<\/span>200.00<\/bdi><\/span> <span aria-hidden=\"true\">-<\/span> <span class=\"woocommerce-Price-amount amount\" aria-hidden=\"true\"><bdi><span class=\"woocommerce-Price-currencySymbol\">&euro;<\/span>495.00<\/bdi><\/span><span class=\"screen-reader-text\">Gama de pre\u00e7os: &euro;200.00 a &euro;495.00<\/span>","original_product_price":200,"price_including_tax":200,"price_excluding_tax":200,"product_id":{"parent":8946,"variation":false},"is_variable":true,"stock_status":"instock","stock_quantity":null,"parent_sku":"","product_attributes":{"quanto-costa":{"is_variation":true,"values":[]}},"custom_fields":[],"is_taxable":false,"product_name":"Noleggio Letto Ospedaliero Bariatrico Elettrico largo 120cm portata 300kg con materasso antidecubito","hasImage":false},"fields":{"sec_565f165582eb8c":{"extra":{"key":"sec_565f165582eb8c","section_id":"sec_565f165582eb8c","name":"Predefinito","status":1,"toggle":true,"form_id":12050,"form_rules":{"exclude_from_discount":false,"fee_label":"Fee","disp_hide_options_price":false,"disp_show_section_price":false,"disp_show_field_price":true,"layout_option":"standard","pric_use_as_fee":false,"process_fee_as":"woo_fee"},"layout_option":"standard"},"fields":[[{"active":true,"col":6,"relations":false,"cl_rule":"show","enableCl":false,"price":"","enablePrice":false,"className":"input-text","type":"date","required":true,"elementId":"date_3189538061","name":"date_3189538061","label":"A partire dal giorno:","picker_type":"custom","picker_mode":"single","error":false,"description":"Inserisci la data di inizio del noleggio","gt_translate_keys":["label","description"],"price_dependency":false,"cl_dependency":false,"value":""}]]}},"config":{"price_override":"","enable_recaptcha":false,"bind_quantity":false,"quantity_bind_formula":false,"disp_summ_show_option_price":true,"disp_summ_show_product_price":true,"disp_summ_show_total_price":true,"disp_summ_show_fee":false,"disp_summ_show_discount":false,"summary_title":"","options_total_label":"Options Price","total_label":"Total","options_product_label":"Product Price","fee_label":"Fee","discount_label":"Discount","has_price":true,"has_quantity_formula":false},"mc_unit":1,"tax_rate":1,"tax_rate_real":1,"discount":{"percentage":0,"fixed":0},"design":{"conf":{"LabelPosition":"above","DescPosition":"below","UploadField":"custom_1","QuantityFieldStyle":"default"},"css":{"LeftLabelWidth":"50px"}},"formulas":[],"lookuptables":[],"clones":false,"cartKey":false}},"_links":{"self":[{"href":"https:\/\/www.miamedicalitalia.it\/pt\/wp-json\/wp\/v2\/product\/8946","targetHints":{"allow":["GET"]}}],"collection":[{"href":"https:\/\/www.miamedicalitalia.it\/pt\/wp-json\/wp\/v2\/product"}],"about":[{"href":"https:\/\/www.miamedicalitalia.it\/pt\/wp-json\/wp\/v2\/types\/product"}],"wp:featuredmedia":[{"embeddable":true,"href":"https:\/\/www.miamedicalitalia.it\/pt\/wp-json\/wp\/v2\/media\/12201"}],"wp:attachment":[{"href":"https:\/\/www.miamedicalitalia.it\/pt\/wp-json\/wp\/v2\/media?parent=8946"}],"wp:term":[{"taxonomy":"home-category","embeddable":true,"href":"https:\/\/www.miamedicalitalia.it\/pt\/wp-json\/wp\/v2\/home-category?post=8946"},{"taxonomy":"product_brand","embeddable":true,"href":"https:\/\/www.miamedicalitalia.it\/pt\/wp-json\/wp\/v2\/product_brand?post=8946"},{"taxonomy":"product_cat","embeddable":true,"href":"https:\/\/www.miamedicalitalia.it\/pt\/wp-json\/wp\/v2\/product_cat?post=8946"},{"taxonomy":"product_tag","embeddable":true,"href":"https:\/\/www.miamedicalitalia.it\/pt\/wp-json\/wp\/v2\/product_tag?post=8946"},{"taxonomy":"woo-feed-brand","embeddable":true,"href":"https:\/\/www.miamedicalitalia.it\/pt\/wp-json\/wp\/v2\/woo-feed-brand?post=8946"}],"curies":[{"name":"wp","href":"https:\/\/api.w.org\/{rel}","templated":true}]}}