{"id":8940,"date":"2022-12-21T17:14:57","date_gmt":"2022-12-21T16:14:57","guid":{"rendered":"https:\/\/www.miamedicalitalia.it\/?post_type=product&#038;p=8940"},"modified":"2026-03-06T17:08:47","modified_gmt":"2026-03-06T15:08:47","slug":"vendita-materasso-antidecubito","status":"publish","type":"product","link":"https:\/\/www.miamedicalitalia.it\/pt\/produto\/vendita-materasso-antidecubito\/","title":{"rendered":"Colch\u00e3o anti-dec\u00fabito com compressor para venda"},"content":{"rendered":"<p>Descobrir o <strong>servi\u00e7o de vendas Colch\u00e3o anti-dec\u00fabito com compressor Mia Medical<\/strong>o melhor Sistema de Bolhas de Ar Antidec\u00fabito EASY AIR II - Prote\u00e7\u00e3o e Conforto para Dormir <\/p>\n\n\n\n<h4 class=\"wp-block-heading\" id=\"h-cos-e-un-materasso-antidecubito-e-perche-e-importante\"><strong><a href=\"https:\/\/www.miamedicalitalia.it\/wp-admin\/about.php\">O que \u00e9 um colch\u00e3o anti-dec\u00fabito e porque \u00e9 que \u00e9 importante?<\/a><\/strong><\/h4>\n\n\n\n<p>A&nbsp;<strong>colch\u00e3o anti-dec\u00fabito<\/strong>&nbsp;\u00e9 um dispositivo concebido para&nbsp;<strong>prevenir e reduzir o risco de \u00falceras de press\u00e3o<\/strong>ou les\u00f5es cut\u00e2neas causadas por uma press\u00e3o prolongada em determinadas zonas do corpo. Estas les\u00f5es desenvolvem-se em pessoas com&nbsp;<strong>mobilidade reduzida<\/strong>que passam muitas horas na cama sem poderem mover-se de forma aut\u00f3noma.<\/p>\n\n\n\n<p>Um colch\u00e3o anti-dec\u00fabito ajuda a&nbsp;<strong>distribuir o peso de forma homog\u00e9nea<\/strong>evitando pontos de press\u00e3o e melhorando a circula\u00e7\u00e3o sangu\u00ednea.<\/p>\n\n\n\n<h4 class=\"wp-block-heading\" id=\"h-a-chi-e-utile-il-sistema-antidecubito-easy-double\"><strong>Para quem \u00e9 \u00fatil o Sistema Antidec\u00fabito EASY DOUBLE?<\/strong><\/h4>\n\n\n\n<p>O nosso servi\u00e7o de venda de colch\u00f5es de bolhas anti-escaras com compressor destina-se, nomeadamente, a..: <\/p>\n\n\n\n<ul class=\"wp-block-list\">\n<li><strong>Pessoas com mobilidade reduzida<\/strong>que passam muitas horas na cama.<\/li>\n\n\n\n<li><strong>Doentes com baixo risco de \u00falceras de press\u00e3o<\/strong>&nbsp;ou com les\u00f5es de&nbsp;<strong>primeira fase<\/strong>.<\/li>\n\n\n\n<li><strong>Pessoas em convalescen\u00e7a p\u00f3s-operat\u00f3ria<\/strong>que t\u00eam de repousar durante um per\u00edodo prolongado.<\/li>\n\n\n\n<li><strong>Quem pretende melhorar o conforto do sono e prevenir o desconforto cut\u00e2neo<\/strong>.<\/li>\n<\/ul>\n\n\n\n<p><strong>Como reconhecer as diferentes fases do dec\u00fabito?&nbsp;<\/strong><\/p>\n\n\n\n<ol class=\"wp-block-list\">\n<li><strong>Primeira fase<\/strong>superficiais e afectam a epiderme.&nbsp;<\/li>\n\n\n\n<li><strong>Segunda fase<\/strong>Afectam a derme.<\/li>\n\n\n\n<li><strong>Terceira fase<\/strong>envolvem os tecidos subcut\u00e2neos.<\/li>\n\n\n\n<li><strong>Quarta fase<\/strong>comprometer os m\u00fasculos e as articula\u00e7\u00f5es.<\/li>\n<\/ol>\n\n\n\n<h4 class=\"wp-block-heading\" id=\"h-cosa-rende-speciale-il-sistema-easy-air-ii\">O que torna o sistema EASY AIR II especial?<\/h4>\n\n\n\n<p>O&nbsp;<strong>Sistema anti-dec\u00fabito EASY AIR II<\/strong>&nbsp;\u00e9 composto por um&nbsp;<strong>colch\u00e3o de bolhas e um compressor com regulador de press\u00e3o<\/strong>. Funciona atrav\u00e9s de um&nbsp;<strong>sistema de insufla\u00e7\u00e3o alternada<\/strong>que altera continuamente os pontos de contacto com a pele, melhorando a circula\u00e7\u00e3o e prevenindo les\u00f5es.<\/p>\n\n\n\n<h4 class=\"wp-block-heading\" id=\"h-caratteristiche-principali\"><strong><a href=\"https:\/\/www.wimed.it\/wp-content\/uploads\/2024\/08\/WI-H_ST-20023_SISTEMA-EASY-AIR-2_94131010_rev.2.pdf\">Carater\u00edsticas principais<\/a><\/strong><\/h4>\n\n\n\n<ul class=\"wp-block-list\">\n<li><strong>Sistema de bolhas de ar<\/strong>ajuda a reduzir a press\u00e3o sobre as zonas mais delicadas do corpo.<\/li>\n\n\n\n<li><strong>Compressor com regula\u00e7\u00e3o de press\u00e3o<\/strong>permite que a insufla\u00e7\u00e3o seja adaptada \u00e0s necessidades do doente.<\/li>\n\n\n\n<li><strong>Ciclo alternado de 12 em 12 minutos<\/strong>para um al\u00edvio cont\u00ednuo e um apoio eficaz.<\/li>\n\n\n\n<li><strong>Baixo ru\u00eddo (&lt;36 dB)<\/strong>ideal para um sono tranquilo e sem perturba\u00e7\u00f5es.<\/li>\n\n\n\n<li><strong>Material PVC dur\u00e1vel<\/strong>f\u00e1cil de limpar e duradouro.<\/li>\n\n\n\n<li><strong>Instala\u00e7\u00e3o f\u00e1cil e manuten\u00e7\u00e3o m\u00ednima<\/strong>.<\/li>\n<\/ul>\n\n\n\n<p>Clicar <a href=\"https:\/\/www.wimed.it\/wp-content\/uploads\/2024\/08\/WI-H_ST-20023_SISTEMA-EASY-AIR-2_94131010_rev.2.pdf\">AQUI<\/a> para consultar a ficha t\u00e9cnica completa. <\/p>\n\n\n\n<h4 class=\"wp-block-heading\" id=\"h-i-benefici-del-sistema-antidecubito-easy-air-ii\"><strong>As vantagens do Sistema Anti-Dec\u00fabito EASY AIR II<\/strong><\/h4>\n\n\n\n<ul class=\"wp-block-list\">\n<li><strong>Previne as feridas de press\u00e3o<\/strong>&nbsp;primeira fase.<\/li>\n\n\n\n<li><strong>Melhora o conforto e o repouso<\/strong>&nbsp;do paciente.<\/li>\n\n\n\n<li><strong>F\u00e1cil de utilizar e limpar<\/strong>perfeito para utiliza\u00e7\u00e3o dom\u00e9stica.<\/li>\n\n\n\n<li><strong>Reduz a press\u00e3o sobre as zonas de risco<\/strong>melhorar a circula\u00e7\u00e3o sangu\u00ednea.<\/li>\n\n\n\n<li><strong>Adequado para camas normais<\/strong>sem necessidade de substituir o colch\u00e3o.<\/li>\n<\/ul>\n\n\n\n<p>Descubra tamb\u00e9m a vasta gama de <strong><a href=\"https:\/\/www.miamedicalitalia.it\/pt\/?s=Letti\">Camas ortop\u00e9dicas el\u00e9ctricas Mia Medical<\/a><\/strong>perfeito para acomodar colch\u00f5es anti-dec\u00fabito preventivos. Al\u00e9m disso, alugue j\u00e1 uma cama hospitalar el\u00e9ctrica Mia Medical, <strong>inclu\u00eddo no pre\u00e7o do aluguer, receber\u00e1 tamb\u00e9m um colch\u00e3o anti-dec\u00fabito <a href=\"https:\/\/www.miamedicalitalia.it\/pt\/produto\/vendita-materasso-antidecubito-polyplot-90cm\/\">PloyPlot<\/a>! N\u00e3o deixe passar esta oportunidade, contacte-nos! <\/strong><\/p>\n\n\n\n<p>Aten\u00e7\u00e3o: a venda deste modelo de colch\u00e3o anti-dec\u00fabito com compressor destina-se exclusivamente a doentes com <strong>baixo risco<\/strong>e\/ou apresentar <strong>les\u00f5es de dec\u00fabito de n\u00edvel 1<\/strong>. Para todas as pessoas que necessitam de um per\u00edodo mais longo de repouso no leito, ou com les\u00f5es por press\u00e3o num estado mais avan\u00e7ado, \u00e9 necess\u00e1rio adotar uma <a href=\"https:\/\/www.miamedicalitalia.it\/pt\/produto\/noleggio-materasso-antidecubito-ad-alto-rischio\/\"><strong>modelo de alto risco<\/strong>, <strong>a ALTA CURA<\/strong>. <\/a><\/p>\n\n\n\n<p>Al\u00e9m disso, se for um doente que sofre de \u00falceras de press\u00e3o ou o prestador de cuidados a uma pessoa dependente, a nossa <strong>enfermeira<\/strong> de confian\u00e7a <strong><a href=\"http:\/\/www.arnaldiandrea.com\">Andrea Arnaldi<\/a><\/strong> especializa-se precisamente no tratamento de <strong>les\u00f5es cut\u00e2neas<\/strong> e no terreno <strong>cuidados domicili\u00e1rios<\/strong>. N\u00e3o hesite em contact\u00e1-lo, e realize os seus cuidados, ou os de um ente querido, no conforto do seu lar!<\/p>\n\n\n\n<h4 class=\"wp-block-heading\" id=\"h-perche-scegliere-il-servizio-di-vendita-mia-medical\">Porqu\u00ea escolher o servi\u00e7o de vendas da Mia Medical?<\/h4>\n\n\n\n<p>A compra de um colch\u00e3o anti-escaras preventivo \u00e9 uma escolha importante para o bem-estar e a sa\u00fade. <strong>Mia Medical<\/strong> oferece-lhe: <\/p>\n\n\n\n<ul class=\"wp-block-list\">\n<li><strong>Consultoria personalizada<\/strong>&nbsp;para o ajudar a encontrar o produto certo para as suas necessidades.<\/li>\n\n\n\n<li><a href=\"https:\/\/www.wimed.it\/\"><strong>Produtos de alta qualidade<\/strong>, <strong>certificado e seguro.<\/strong><\/a><\/li>\n\n\n\n<li><strong>Entrega r\u00e1pida e servi\u00e7o garantido<\/strong>.<\/li>\n<\/ul>\n\n\n\n<p>Ainda n\u00e3o tem a certeza de qual o colch\u00e3o a escolher?\u00a0<a href=\"https:\/\/www.miamedicalitalia.it\/wp-admin\/about.php\"><strong>Cri\u00e1mos um guia detalhado para o ajudar a fazer a escolha certa!<\/strong>\u00a0<\/a>Ou contacte-nos e ajud\u00e1-lo-emos a encontrar a melhor solu\u00e7\u00e3o para as suas necessidades. <\/p>\n\n\n\n<p>Proteja a sua pele e melhore o seu descanso com o&nbsp;<strong>Sistema anti-dec\u00fabito EASY AIR II<\/strong>.&nbsp;<strong>Contacte-nos para mais informa\u00e7\u00f5es ou fa\u00e7a j\u00e1 a sua encomenda!<\/strong><\/p>\n\n\n\n<p><\/p>","protected":false},"excerpt":{"rendered":"<div style=\"font-family: Arial, sans-serif; background-color: #234091; padding: 30px; border-radius: 25px; max-width: 600px; color: #ffffff; position: relative; border-top: 6px solid #2498fe;\">\n<h3 style=\"margin-top: 0; margin-bottom: 15px; color: #ffffff;\">N\u00e3o perca a oferta especial!<\/h3>\n<p>Enquanto durarem os stocks.<\/p>\n<\/div>\n<p><!-- Linea bianca sotto --><\/p>\n<div style=\"height: 6px; background-color: #ffffff; max-width: 600px;\">\u00a0<\/div>","protected":false},"featured_media":9354,"template":"","meta":{"_acf_changed":false},"home-category":[263],"product_brand":[],"product_cat":[261,532],"product_tag":[],"woo-feed-brand":[],"class_list":{"0":"post-8940","1":"product","2":"type-product","3":"status-publish","4":"has-post-thumbnail","6":"home-category-ausili","7":"product_cat-vendita-ausili","8":"product_cat-vendita-materassi-antidecubito-ad-alto-rischio","9":"product_shipping_class-elettromedicali","11":"first","12":"instock","13":"shipping-taxable","14":"purchasable","15":"product-type-simple"},"acf":[],"yoast_head":"<!-- This site is optimized with the Yoast SEO Premium plugin v27.5 (Yoast SEO v27.5) - https:\/\/yoast.com\/product\/yoast-seo-premium-wordpress\/ -->\n<title>Vendita materasso antidecubito con compressore -<\/title>\n<meta name=\"description\" content=\"Vendita materasso antidecubito con compressore per anziani e disabili EASY AIR II. Consegna in tutta l&#039;Italia, prezzo migliore del web.\" \/>\n<meta name=\"robots\" content=\"index, follow, max-snippet:-1, max-image-preview:large, max-video-preview:-1\" \/>\n<link rel=\"canonical\" href=\"https:\/\/www.miamedicalitalia.it\/pt\/produto\/vendita-materasso-antidecubito\/\" \/>\n<meta property=\"og:locale\" content=\"pt_PT\" \/>\n<meta property=\"og:type\" content=\"article\" \/>\n<meta property=\"og:title\" content=\"Vendita materasso antidecubito con compressore -\" \/>\n<meta property=\"og:description\" content=\"Vendita materasso antidecubito con compressore per anziani e disabili EASY AIR II. Consegna in tutta l&#039;Italia, prezzo migliore del web.\" \/>\n<meta property=\"og:url\" content=\"https:\/\/www.miamedicalitalia.it\/pt\/produto\/vendita-materasso-antidecubito\/\" \/>\n<meta property=\"og:site_name\" content=\"Mia Medical\" \/>\n<meta property=\"article:publisher\" content=\"https:\/\/www.facebook.com\/miamedicalitalia\" \/>\n<meta property=\"article:modified_time\" content=\"2026-03-06T15:08:47+00:00\" \/>\n<meta property=\"og:image\" content=\"https:\/\/www.miamedicalitalia.it\/wp-content\/uploads\/2022\/12\/materasso-antidecubito-con-compressore.jpg\" \/>\n\t<meta property=\"og:image:width\" content=\"800\" \/>\n\t<meta property=\"og:image:height\" content=\"800\" \/>\n\t<meta property=\"og:image:type\" content=\"image\/jpeg\" \/>\n<meta name=\"twitter:card\" content=\"summary_large_image\" \/>\n<meta name=\"twitter:label1\" content=\"Tempo estimado de leitura\" \/>\n\t<meta name=\"twitter:data1\" content=\"4 minutos\" \/>\n<script type=\"application\/ld+json\" class=\"yoast-schema-graph\">{\"@context\":\"https:\\\/\\\/schema.org\",\"@graph\":[{\"@type\":\"WebPage\",\"@id\":\"https:\\\/\\\/www.miamedicalitalia.it\\\/prodotto\\\/vendita-materasso-antidecubito\\\/\",\"url\":\"https:\\\/\\\/www.miamedicalitalia.it\\\/prodotto\\\/vendita-materasso-antidecubito\\\/\",\"name\":\"Vendita materasso antidecubito con compressore -\",\"isPartOf\":{\"@id\":\"https:\\\/\\\/www.miamedicalitalia.it\\\/#website\"},\"primaryImageOfPage\":{\"@id\":\"https:\\\/\\\/www.miamedicalitalia.it\\\/prodotto\\\/vendita-materasso-antidecubito\\\/#primaryimage\"},\"image\":{\"@id\":\"https:\\\/\\\/www.miamedicalitalia.it\\\/prodotto\\\/vendita-materasso-antidecubito\\\/#primaryimage\"},\"thumbnailUrl\":\"https:\\\/\\\/www.miamedicalitalia.it\\\/wp-content\\\/uploads\\\/2022\\\/12\\\/materasso-antidecubito-con-compressore.jpg\",\"datePublished\":\"2022-12-21T16:14:57+00:00\",\"dateModified\":\"2026-03-06T15:08:47+00:00\",\"description\":\"Vendita materasso antidecubito con compressore per anziani e disabili EASY AIR II. Consegna in tutta l'Italia, prezzo migliore del web.\",\"breadcrumb\":{\"@id\":\"https:\\\/\\\/www.miamedicalitalia.it\\\/prodotto\\\/vendita-materasso-antidecubito\\\/#breadcrumb\"},\"inLanguage\":\"pt-PT\",\"potentialAction\":[{\"@type\":\"ReadAction\",\"target\":[\"https:\\\/\\\/www.miamedicalitalia.it\\\/prodotto\\\/vendita-materasso-antidecubito\\\/\"]}]},{\"@type\":\"ImageObject\",\"inLanguage\":\"pt-PT\",\"@id\":\"https:\\\/\\\/www.miamedicalitalia.it\\\/prodotto\\\/vendita-materasso-antidecubito\\\/#primaryimage\",\"url\":\"https:\\\/\\\/www.miamedicalitalia.it\\\/wp-content\\\/uploads\\\/2022\\\/12\\\/materasso-antidecubito-con-compressore.jpg\",\"contentUrl\":\"https:\\\/\\\/www.miamedicalitalia.it\\\/wp-content\\\/uploads\\\/2022\\\/12\\\/materasso-antidecubito-con-compressore.jpg\",\"width\":800,\"height\":800,\"caption\":\"materasso-antidecubito-con-compressore\"},{\"@type\":\"BreadcrumbList\",\"@id\":\"https:\\\/\\\/www.miamedicalitalia.it\\\/prodotto\\\/vendita-materasso-antidecubito\\\/#breadcrumb\",\"itemListElement\":[{\"@type\":\"ListItem\",\"position\":1,\"name\":\"Home\",\"item\":\"https:\\\/\\\/www.miamedicalitalia.it\\\/\"},{\"@type\":\"ListItem\",\"position\":2,\"name\":\"Shop\",\"item\":\"https:\\\/\\\/www.miamedicalitalia.it\\\/negozio\\\/\"},{\"@type\":\"ListItem\",\"position\":3,\"name\":\"Vendita\",\"item\":\"https:\\\/\\\/www.miamedicalitalia.it\\\/categoria\\\/vendita-ausili\\\/\"},{\"@type\":\"ListItem\",\"position\":4,\"name\":\"Vendita materasso antidecubito con compressore\"}]},{\"@type\":\"WebSite\",\"@id\":\"https:\\\/\\\/www.miamedicalitalia.it\\\/#website\",\"url\":\"https:\\\/\\\/www.miamedicalitalia.it\\\/\",\"name\":\"www.miamedicalitalia.it\",\"description\":\"Noleggio e Vendita Attrezzatura Sanitarie\",\"publisher\":{\"@id\":\"https:\\\/\\\/www.miamedicalitalia.it\\\/#organization\"},\"potentialAction\":[{\"@type\":\"SearchAction\",\"target\":{\"@type\":\"EntryPoint\",\"urlTemplate\":\"https:\\\/\\\/www.miamedicalitalia.it\\\/?s={search_term_string}\"},\"query-input\":{\"@type\":\"PropertyValueSpecification\",\"valueRequired\":true,\"valueName\":\"search_term_string\"}}],\"inLanguage\":\"pt-PT\"},{\"@type\":\"Organization\",\"@id\":\"https:\\\/\\\/www.miamedicalitalia.it\\\/#organization\",\"name\":\"OLG\",\"url\":\"https:\\\/\\\/www.miamedicalitalia.it\\\/\",\"logo\":{\"@type\":\"ImageObject\",\"inLanguage\":\"pt-PT\",\"@id\":\"https:\\\/\\\/www.miamedicalitalia.it\\\/#\\\/schema\\\/logo\\\/image\\\/\",\"url\":\"https:\\\/\\\/www.miamedicalitalia.it\\\/wp-content\\\/uploads\\\/2023\\\/04\\\/mia-medical-logo-free.png\",\"contentUrl\":\"https:\\\/\\\/www.miamedicalitalia.it\\\/wp-content\\\/uploads\\\/2023\\\/04\\\/mia-medical-logo-free.png\",\"width\":700,\"height\":700,\"caption\":\"OLG\"},\"image\":{\"@id\":\"https:\\\/\\\/www.miamedicalitalia.it\\\/#\\\/schema\\\/logo\\\/image\\\/\"},\"sameAs\":[\"https:\\\/\\\/www.facebook.com\\\/miamedicalitalia\"]}]}<\/script>\n<!-- \/ Yoast SEO Premium plugin. -->","yoast_head_json":{"title":"Venda de colch\u00e3o antideslizante com compressor -","description":"Venda de colch\u00e3o antidescarga com compressor para idosos e deficientes EASY AIR II. Entrega em toda a It\u00e1lia, melhor pre\u00e7o da web.","robots":{"index":"index","follow":"follow","max-snippet":"max-snippet:-1","max-image-preview":"max-image-preview:large","max-video-preview":"max-video-preview:-1"},"canonical":"https:\/\/www.miamedicalitalia.it\/pt\/produto\/vendita-materasso-antidecubito\/","og_locale":"pt_PT","og_type":"article","og_title":"Vendita materasso antidecubito con compressore -","og_description":"Vendita materasso antidecubito con compressore per anziani e disabili EASY AIR II. Consegna in tutta l'Italia, prezzo migliore del web.","og_url":"https:\/\/www.miamedicalitalia.it\/pt\/produto\/vendita-materasso-antidecubito\/","og_site_name":"Mia Medical","article_publisher":"https:\/\/www.facebook.com\/miamedicalitalia","article_modified_time":"2026-03-06T15:08:47+00:00","og_image":[{"width":800,"height":800,"url":"https:\/\/www.miamedicalitalia.it\/wp-content\/uploads\/2022\/12\/materasso-antidecubito-con-compressore.jpg","type":"image\/jpeg"}],"twitter_card":"summary_large_image","twitter_misc":{"Tempo estimado de leitura":"4 minutos"},"schema":{"@context":"https:\/\/schema.org","@graph":[{"@type":"WebPage","@id":"https:\/\/www.miamedicalitalia.it\/prodotto\/vendita-materasso-antidecubito\/","url":"https:\/\/www.miamedicalitalia.it\/prodotto\/vendita-materasso-antidecubito\/","name":"Venda de colch\u00e3o antideslizante com compressor -","isPartOf":{"@id":"https:\/\/www.miamedicalitalia.it\/#website"},"primaryImageOfPage":{"@id":"https:\/\/www.miamedicalitalia.it\/prodotto\/vendita-materasso-antidecubito\/#primaryimage"},"image":{"@id":"https:\/\/www.miamedicalitalia.it\/prodotto\/vendita-materasso-antidecubito\/#primaryimage"},"thumbnailUrl":"https:\/\/www.miamedicalitalia.it\/wp-content\/uploads\/2022\/12\/materasso-antidecubito-con-compressore.jpg","datePublished":"2022-12-21T16:14:57+00:00","dateModified":"2026-03-06T15:08:47+00:00","description":"Venda de colch\u00e3o antidescarga com compressor para idosos e deficientes EASY AIR II. Entrega em toda a It\u00e1lia, melhor pre\u00e7o da web.","breadcrumb":{"@id":"https:\/\/www.miamedicalitalia.it\/prodotto\/vendita-materasso-antidecubito\/#breadcrumb"},"inLanguage":"pt-PT","potentialAction":[{"@type":"ReadAction","target":["https:\/\/www.miamedicalitalia.it\/prodotto\/vendita-materasso-antidecubito\/"]}]},{"@type":"ImageObject","inLanguage":"pt-PT","@id":"https:\/\/www.miamedicalitalia.it\/prodotto\/vendita-materasso-antidecubito\/#primaryimage","url":"https:\/\/www.miamedicalitalia.it\/wp-content\/uploads\/2022\/12\/materasso-antidecubito-con-compressore.jpg","contentUrl":"https:\/\/www.miamedicalitalia.it\/wp-content\/uploads\/2022\/12\/materasso-antidecubito-con-compressore.jpg","width":800,"height":800,"caption":"materasso-antidecubito-con-compressore"},{"@type":"BreadcrumbList","@id":"https:\/\/www.miamedicalitalia.it\/prodotto\/vendita-materasso-antidecubito\/#breadcrumb","itemListElement":[{"@type":"ListItem","position":1,"name":"Home","item":"https:\/\/www.miamedicalitalia.it\/"},{"@type":"ListItem","position":2,"name":"Shop","item":"https:\/\/www.miamedicalitalia.it\/negozio\/"},{"@type":"ListItem","position":3,"name":"Vendita","item":"https:\/\/www.miamedicalitalia.it\/categoria\/vendita-ausili\/"},{"@type":"ListItem","position":4,"name":"Vendita materasso antidecubito con compressore"}]},{"@type":"WebSite","@id":"https:\/\/www.miamedicalitalia.it\/#website","url":"https:\/\/www.miamedicalitalia.it\/","name":"www.miamedicalitalia.it","description":"Aluguer e venda de equipamento sanit\u00e1rio","publisher":{"@id":"https:\/\/www.miamedicalitalia.it\/#organization"},"potentialAction":[{"@type":"SearchAction","target":{"@type":"EntryPoint","urlTemplate":"https:\/\/www.miamedicalitalia.it\/?s={search_term_string}"},"query-input":{"@type":"PropertyValueSpecification","valueRequired":true,"valueName":"search_term_string"}}],"inLanguage":"pt-PT"},{"@type":"Organization","@id":"https:\/\/www.miamedicalitalia.it\/#organization","name":"OLG","url":"https:\/\/www.miamedicalitalia.it\/","logo":{"@type":"ImageObject","inLanguage":"pt-PT","@id":"https:\/\/www.miamedicalitalia.it\/#\/schema\/logo\/image\/","url":"https:\/\/www.miamedicalitalia.it\/wp-content\/uploads\/2023\/04\/mia-medical-logo-free.png","contentUrl":"https:\/\/www.miamedicalitalia.it\/wp-content\/uploads\/2023\/04\/mia-medical-logo-free.png","width":700,"height":700,"caption":"OLG"},"image":{"@id":"https:\/\/www.miamedicalitalia.it\/#\/schema\/logo\/image\/"},"sameAs":["https:\/\/www.facebook.com\/miamedicalitalia"]}]}},"wcpa_form_fields":null,"_links":{"self":[{"href":"https:\/\/www.miamedicalitalia.it\/pt\/wp-json\/wp\/v2\/product\/8940","targetHints":{"allow":["GET"]}}],"collection":[{"href":"https:\/\/www.miamedicalitalia.it\/pt\/wp-json\/wp\/v2\/product"}],"about":[{"href":"https:\/\/www.miamedicalitalia.it\/pt\/wp-json\/wp\/v2\/types\/product"}],"wp:featuredmedia":[{"embeddable":true,"href":"https:\/\/www.miamedicalitalia.it\/pt\/wp-json\/wp\/v2\/media\/9354"}],"wp:attachment":[{"href":"https:\/\/www.miamedicalitalia.it\/pt\/wp-json\/wp\/v2\/media?parent=8940"}],"wp:term":[{"taxonomy":"home-category","embeddable":true,"href":"https:\/\/www.miamedicalitalia.it\/pt\/wp-json\/wp\/v2\/home-category?post=8940"},{"taxonomy":"product_brand","embeddable":true,"href":"https:\/\/www.miamedicalitalia.it\/pt\/wp-json\/wp\/v2\/product_brand?post=8940"},{"taxonomy":"product_cat","embeddable":true,"href":"https:\/\/www.miamedicalitalia.it\/pt\/wp-json\/wp\/v2\/product_cat?post=8940"},{"taxonomy":"product_tag","embeddable":true,"href":"https:\/\/www.miamedicalitalia.it\/pt\/wp-json\/wp\/v2\/product_tag?post=8940"},{"taxonomy":"woo-feed-brand","embeddable":true,"href":"https:\/\/www.miamedicalitalia.it\/pt\/wp-json\/wp\/v2\/woo-feed-brand?post=8940"}],"curies":[{"name":"wp","href":"https:\/\/api.w.org\/{rel}","templated":true}]}}