{"id":8939,"date":"2022-12-21T17:14:57","date_gmt":"2022-12-21T16:14:57","guid":{"rendered":"https:\/\/www.miamedicalitalia.it\/?post_type=product&#038;p=8939"},"modified":"2026-01-13T13:05:10","modified_gmt":"2026-01-13T11:05:10","slug":"noleggio-deambulatore-con-tavoletta-imbottita","status":"publish","type":"product","link":"https:\/\/www.miamedicalitalia.it\/pt\/produto\/noleggio-deambulatore-con-tavoletta-imbottita\/","title":{"rendered":"Aluguer de andarilho com placa de apoio anti-braquial"},"content":{"rendered":"<p>Tem dificuldade em andar e procura um apoio est\u00e1vel e confort\u00e1vel? Temos a solu\u00e7\u00e3o ideal para si! Recupere a sua autonomia. Escolha a <strong>aluguer de um andarilho com placa de apoio anti-braquial<\/strong> e desfrutar do m\u00e1ximo apoio, conforto e seguran\u00e7a.<\/p>\n\n\n\n<p>Se precisar de um&nbsp;<strong>apoio seguro para caminhar<\/strong>a&nbsp;<strong>aluguer de andarilho com placa de apoio anti-braquial<\/strong>&nbsp;\u00e9 uma escolha pr\u00e1tica e c\u00f3moda. Esta ajuda foi concebida para oferecer&nbsp;<strong>estabilidade, conforto e facilidade de movimentos<\/strong>ideal para quem tem dificuldade em suportar o peso com as m\u00e3os ou os pulsos.<\/p>\n\n\n\n<h4 class=\"wp-block-heading\" id=\"h-cos-e-un-deambulatore-con-tavoletta-per-appoggio-antibrachiale\"><strong><a href=\"https:\/\/www.my-personaltrainer.it\/salute-benessere\/deambulatore.html\">O que \u00e9 um andarilho com placa de apoio anti-braquial?<\/a><\/strong><\/h4>\n\n\n\n<p>A&nbsp;<strong>andarilho anti-braquial<\/strong>&nbsp;\u00e9 um auxiliar de mobilidade equipado com&nbsp;<strong>uma t\u00e1bua almofadada para apoiar os antebra\u00e7os<\/strong>reduzindo o esfor\u00e7o das m\u00e3os e dos pulsos. \u00c9 particularmente \u00fatil para&nbsp;<strong>pessoas com artrite, fraqueza nos membros superiores ou problemas de equil\u00edbrio<\/strong>.<\/p>\n\n\n\n<h4 class=\"wp-block-heading\" id=\"h-per-chi-e-indicato-il-noleggio-di-un-deambulatore-con-tavoletta\"><strong>Para quem \u00e9 adequado o aluguer de um andarilho com prancha?<\/strong><\/h4>\n\n\n\n<p>Este tipo de andarilho \u00e9 ideal para:<\/p>\n\n\n\n<ul class=\"wp-block-list\">\n<li><strong>Pessoas com mobilidade reduzida<\/strong>&nbsp;que t\u00eam dificuldade em andar de forma aut\u00f3noma.<\/li>\n\n\n\n<li><strong>Doentes de reabilita\u00e7\u00e3o<\/strong>&nbsp;ap\u00f3s cirurgia ou traumatismo dos membros inferiores.<\/li>\n\n\n\n<li><strong>Pessoas que sofrem de fraqueza muscular<\/strong>&nbsp;e necessita de um apoio est\u00e1vel.<\/li>\n\n\n\n<li><strong>Pessoas idosas com dificuldades de equil\u00edbrio<\/strong>&nbsp;ou problemas neurol\u00f3gicos.<\/li>\n\n\n\n<li><strong>Pessoas com dor ou rigidez nas m\u00e3os e nos pulsos<\/strong>tais como as pessoas que sofrem de <a href=\"https:\/\/www.humanitas.it\/malattie\/artrite\/\">artrite<\/a>.<\/li>\n<\/ul>\n\n\n\n<h4 class=\"wp-block-heading\" id=\"h-perche-noleggiare-un-deambulatore-invece-di-acquistarlo\"><strong>Porqu\u00ea alugar um andarilho em vez de o comprar?<\/strong><\/h4>\n\n\n\n<p>O&nbsp;<strong>aluguer de um andarilho com placa anti-braquial<\/strong>&nbsp;\u00e9 uma escolha inteligente se apenas necessitar de uma ajuda durante um per\u00edodo limitado, por exemplo, durante a recupera\u00e7\u00e3o p\u00f3s-operat\u00f3ria ou a reabilita\u00e7\u00e3o. As principais vantagens s\u00e3o:<\/p>\n\n\n\n<ul class=\"wp-block-list\">\n<li><strong>Poupar dinheiro<\/strong>&nbsp;em compara\u00e7\u00e3o com a compra.<\/li>\n\n\n\n<li><strong>M\u00e1xima flexibilidade<\/strong>s\u00f3 pode ser utilizado durante o tempo necess\u00e1rio.<\/li>\n\n\n\n<li><strong>Sem manuten\u00e7\u00e3o<\/strong>O aparelho \u00e9 entregue higienizado e pronto a ser utilizado.<\/li>\n\n\n\n<li><strong>Possibilidade de substitui\u00e7\u00e3o ou atualiza\u00e7\u00e3o<\/strong>&nbsp;se as suas necessidades mudarem.<\/li>\n<\/ul>\n\n\n\n<h4 class=\"wp-block-heading\" id=\"h-caratteristiche-tecniche-del-deambulatore-con-tavoletta-antibrachiale\"><strong>Especifica\u00e7\u00f5es t\u00e9cnicas do andarilho de prancha anti-braquial<\/strong><\/h4>\n\n\n\n<ul class=\"wp-block-list\">\n<li><strong>Estrutura robusta e leve<\/strong>&nbsp;alum\u00ednio ou a\u00e7o, para garantir a estabilidade sem ser demasiado pesado.<\/li>\n\n\n\n<li><strong>Mesa almofadada e regul\u00e1vel em altura<\/strong>para se adaptar \u00e0 posi\u00e7\u00e3o mais confort\u00e1vel para o utilizador.<\/li>\n\n\n\n<li><strong>Pegas ergon\u00f3micas<\/strong>&nbsp;para uma ader\u00eancia segura e confort\u00e1vel.<\/li>\n\n\n\n<li><strong>Rodas girat\u00f3rias<\/strong>&nbsp;com trav\u00f5es, para maior seguran\u00e7a e facilidade de desloca\u00e7\u00e3o.<\/li>\n\n\n\n<li><strong>Regula\u00e7\u00e3o da altura<\/strong>&nbsp;para se adaptar \u00e0s necessidades de cada pessoa.<\/li>\n<\/ul>\n\n\n\n<h4 class=\"wp-block-heading\" id=\"h-i-benefici-del-noleggio-del-deambulatore-con-tavoletta-antibrachiale\"><strong>As vantagens de alugar um andarilho com placa anti-braquial<\/strong><\/h4>\n\n\n\n<ul class=\"wp-block-list\">\n<li><strong>Maior estabilidade e seguran\u00e7a<\/strong>&nbsp;durante a caminhada.<\/li>\n\n\n\n<li><strong>Reduzir a fadiga<\/strong>&nbsp;gra\u00e7as ao apoio dos antebra\u00e7os.<\/li>\n\n\n\n<li><strong>Menos carga nas m\u00e3os, pulsos e ombros<\/strong>ideal para quem tem dificuldade em segurar um andarilho normal.<\/li>\n\n\n\n<li><strong>Facilidade de desloca\u00e7\u00e3o<\/strong>mesmo em viagens mais longas.<\/li>\n\n\n\n<li><strong>Adequado para utiliza\u00e7\u00e3o no interior e no exterior<\/strong>gra\u00e7as \u00e0s rodas manobr\u00e1veis.<\/li>\n<\/ul>\n\n\n\n<p>\u00c9 prestador de cuidados a uma pessoa idosa ou dependente e precisa de ajuda? O nosso <strong>enfermeira<\/strong> de confian\u00e7a <strong><a href=\"http:\/\/www.arnaldiandrea.com\">Andrea Arnaldi<\/a><\/strong> \u00e9 especializado no dom\u00ednio <em><strong>cuidados domicili\u00e1rios<\/strong><\/em>e est\u00e1 pronto para o ajudar a cuidar do conforto do seu lar.&nbsp;<\/p>\n\n\n\n<h4 class=\"wp-block-heading\" id=\"h-come-funziona-il-noleggio-con-mia-medical\"><strong>Como funciona a contrata\u00e7\u00e3o com a Mia Medical?<\/strong><\/h4>\n\n\n\n<p><a href=\"https:\/\/www.miamedicalitalia.it\/pt\/mia-medical-condizioni-di-noleggio-dei-nostri-ausili-medicali\/\">Descubra as nossas op\u00e7\u00f5es de aluguer clicando aqui.&nbsp;<\/a><\/p>\n\n\n\n<h4 class=\"wp-block-heading\" id=\"h-perche-scegliere-mia-medical\"><strong>Porqu\u00ea escolher a Mia Medical?<\/strong><\/h4>\n\n\n\n<p>A contrata\u00e7\u00e3o de uma assist\u00eancia m\u00e9dica \u00e9 um passo importante para o conforto e a sa\u00fade dos nossos entes queridos.\u00a0<strong>Mia Medical<\/strong>\u00a0oferece-lhe:<\/p>\n\n\n\n<ul class=\"wp-block-list\">\n<li><strong>Consultoria personalizada<\/strong>&nbsp;para o ajudar a encontrar o produto certo para as suas necessidades.<\/li>\n\n\n\n<li><strong><a href=\"https:\/\/www.wimed.it\/\">Produtos de alta qualidade<\/a><\/strong>certificado e seguro contra <a href=\"https:\/\/movigroup.com\/en\/\">os melhores fornecedores do mercado<\/a>.<\/li>\n\n\n\n<li><strong>Entrega r\u00e1pida e servi\u00e7o garantido<\/strong>.<\/li>\n<\/ul>\n\n\n\n<p>Se necessitar de mais informa\u00e7\u00f5es, n\u00e3o hesite em contactar <a href=\"https:\/\/wa.me\/393926509237\">contactar-nos por telefone<\/a>Temos todo o gosto em ajud\u00e1-lo a escolher o modelo de andarilho ou de rolo que melhor se adapta \u00e0s suas necessidades! <\/p>\n\n\n\n<p><\/p>","protected":false},"excerpt":{"rendered":"<div style=\"font-family: Arial, sans-serif; background-color: #234091; padding: 30px; border-radius: 25px; max-width: 600px; color: #ffffff; position: relative; border-top: 6px solid #2498fe;\">\n<h3 style=\"margin-top: 0; margin-bottom: 15px; color: #ffffff;\">Contratar<\/h3>\n<p><strong>Entrega em Roma e Floren\u00e7a<\/strong> a partire da 30\u20ac.<\/p>\n<p><strong>N\u00e3o \u00e9 necess\u00e1rio dep\u00f3sito.<\/strong><\/p>\n<p>A entrega e a recolha no armaz\u00e9m s\u00e3o <strong>GR\u00c1TIS!<\/strong><\/p>\n<\/div>\n<p><!-- Linea bianca sotto --><\/p>\n<div style=\"height: 6px; background-color: #ffffff; max-width: 600px;\">\u00a0<\/div>","protected":false},"featured_media":12272,"template":"","meta":{"_acf_changed":false},"home-category":[],"product_brand":[],"product_cat":[130],"product_tag":[132],"woo-feed-brand":[],"class_list":{"0":"post-8939","1":"product","2":"type-product","3":"status-publish","4":"has-post-thumbnail","6":"product_cat-affitto-e-noleggio-deambulatori","7":"product_tag-deambulatore-per-fisioterapia","8":"wcpa_has_options","10":"first","11":"instock","12":"shipping-taxable","13":"purchasable","14":"product-type-variable"},"acf":[],"yoast_head":"<!-- This site is optimized with the Yoast SEO Premium plugin v27.5 (Yoast SEO v27.5) - https:\/\/yoast.com\/product\/yoast-seo-premium-wordpress\/ -->\n<title>Noleggio Deambulatore con tavoletta per appoggio antibrachiale<\/title>\n<meta name=\"description\" content=\"Noleggio Deambulatore con tavoletta antibrachiale per la fisioterapia e riabilitazione. Riacquista la tua libert\u00e0 grazie aio prodotti Mia Medical.\" \/>\n<meta name=\"robots\" content=\"index, follow, max-snippet:-1, max-image-preview:large, max-video-preview:-1\" \/>\n<link rel=\"canonical\" href=\"https:\/\/www.miamedicalitalia.it\/pt\/produto\/noleggio-deambulatore-con-tavoletta-imbottita\/\" \/>\n<meta property=\"og:locale\" content=\"pt_PT\" \/>\n<meta property=\"og:type\" content=\"article\" \/>\n<meta property=\"og:title\" content=\"Noleggio Deambulatore con tavoletta per appoggio antibrachiale\" \/>\n<meta property=\"og:description\" content=\"Noleggio Deambulatore con tavoletta antibrachiale per la fisioterapia e riabilitazione. Riacquista la tua libert\u00e0 grazie aio prodotti Mia Medical.\" \/>\n<meta property=\"og:url\" content=\"https:\/\/www.miamedicalitalia.it\/pt\/produto\/noleggio-deambulatore-con-tavoletta-imbottita\/\" \/>\n<meta property=\"og:site_name\" content=\"Mia Medical\" \/>\n<meta property=\"article:publisher\" content=\"https:\/\/www.facebook.com\/miamedicalitalia\" \/>\n<meta property=\"article:modified_time\" content=\"2026-01-13T11:05:10+00:00\" \/>\n<meta property=\"og:image\" content=\"https:\/\/www.miamedicalitalia.it\/wp-content\/uploads\/2022\/12\/DEAMBULATORE-CON-TAVOLETTA-1-1.jpg\" \/>\n\t<meta property=\"og:image:width\" content=\"1000\" \/>\n\t<meta property=\"og:image:height\" content=\"1000\" \/>\n\t<meta property=\"og:image:type\" content=\"image\/jpeg\" \/>\n<meta name=\"twitter:card\" content=\"summary_large_image\" \/>\n<meta name=\"twitter:label1\" content=\"Tempo estimado de leitura\" \/>\n\t<meta name=\"twitter:data1\" content=\"1 minuto\" \/>\n<script type=\"application\/ld+json\" class=\"yoast-schema-graph\">{\"@context\":\"https:\\\/\\\/schema.org\",\"@graph\":[{\"@type\":\"WebPage\",\"@id\":\"https:\\\/\\\/www.miamedicalitalia.it\\\/prodotto\\\/noleggio-deambulatore-con-tavoletta-imbottita\\\/\",\"url\":\"https:\\\/\\\/www.miamedicalitalia.it\\\/prodotto\\\/noleggio-deambulatore-con-tavoletta-imbottita\\\/\",\"name\":\"Noleggio Deambulatore con tavoletta per appoggio antibrachiale\",\"isPartOf\":{\"@id\":\"https:\\\/\\\/www.miamedicalitalia.it\\\/#website\"},\"primaryImageOfPage\":{\"@id\":\"https:\\\/\\\/www.miamedicalitalia.it\\\/prodotto\\\/noleggio-deambulatore-con-tavoletta-imbottita\\\/#primaryimage\"},\"image\":{\"@id\":\"https:\\\/\\\/www.miamedicalitalia.it\\\/prodotto\\\/noleggio-deambulatore-con-tavoletta-imbottita\\\/#primaryimage\"},\"thumbnailUrl\":\"https:\\\/\\\/www.miamedicalitalia.it\\\/wp-content\\\/uploads\\\/2022\\\/12\\\/DEAMBULATORE-CON-TAVOLETTA-1-1.jpg\",\"datePublished\":\"2022-12-21T16:14:57+00:00\",\"dateModified\":\"2026-01-13T11:05:10+00:00\",\"description\":\"Noleggio Deambulatore con tavoletta antibrachiale per la fisioterapia e riabilitazione. Riacquista la tua libert\u00e0 grazie aio prodotti Mia Medical.\",\"breadcrumb\":{\"@id\":\"https:\\\/\\\/www.miamedicalitalia.it\\\/prodotto\\\/noleggio-deambulatore-con-tavoletta-imbottita\\\/#breadcrumb\"},\"inLanguage\":\"pt-PT\",\"potentialAction\":[{\"@type\":\"ReadAction\",\"target\":[\"https:\\\/\\\/www.miamedicalitalia.it\\\/prodotto\\\/noleggio-deambulatore-con-tavoletta-imbottita\\\/\"]}]},{\"@type\":\"ImageObject\",\"inLanguage\":\"pt-PT\",\"@id\":\"https:\\\/\\\/www.miamedicalitalia.it\\\/prodotto\\\/noleggio-deambulatore-con-tavoletta-imbottita\\\/#primaryimage\",\"url\":\"https:\\\/\\\/www.miamedicalitalia.it\\\/wp-content\\\/uploads\\\/2022\\\/12\\\/DEAMBULATORE-CON-TAVOLETTA-1-1.jpg\",\"contentUrl\":\"https:\\\/\\\/www.miamedicalitalia.it\\\/wp-content\\\/uploads\\\/2022\\\/12\\\/DEAMBULATORE-CON-TAVOLETTA-1-1.jpg\",\"width\":1000,\"height\":1000},{\"@type\":\"BreadcrumbList\",\"@id\":\"https:\\\/\\\/www.miamedicalitalia.it\\\/prodotto\\\/noleggio-deambulatore-con-tavoletta-imbottita\\\/#breadcrumb\",\"itemListElement\":[{\"@type\":\"ListItem\",\"position\":1,\"name\":\"Home\",\"item\":\"https:\\\/\\\/www.miamedicalitalia.it\\\/\"},{\"@type\":\"ListItem\",\"position\":2,\"name\":\"Shop\",\"item\":\"https:\\\/\\\/www.miamedicalitalia.it\\\/negozio\\\/\"},{\"@type\":\"ListItem\",\"position\":3,\"name\":\"Affitto e noleggio\",\"item\":\"https:\\\/\\\/www.miamedicalitalia.it\\\/categoria\\\/affitto-e-noleggio-ausili\\\/\"},{\"@type\":\"ListItem\",\"position\":4,\"name\":\"Deambulatori e Rollatori\",\"item\":\"https:\\\/\\\/www.miamedicalitalia.it\\\/categoria\\\/affitto-e-noleggio-ausili\\\/affitto-e-noleggio-deambulatori\\\/\"},{\"@type\":\"ListItem\",\"position\":5,\"name\":\"Noleggio Deambulatore con tavoletta per appoggio antibrachiale\"}]},{\"@type\":\"WebSite\",\"@id\":\"https:\\\/\\\/www.miamedicalitalia.it\\\/#website\",\"url\":\"https:\\\/\\\/www.miamedicalitalia.it\\\/\",\"name\":\"www.miamedicalitalia.it\",\"description\":\"Noleggio e Vendita Attrezzatura Sanitarie\",\"publisher\":{\"@id\":\"https:\\\/\\\/www.miamedicalitalia.it\\\/#organization\"},\"potentialAction\":[{\"@type\":\"SearchAction\",\"target\":{\"@type\":\"EntryPoint\",\"urlTemplate\":\"https:\\\/\\\/www.miamedicalitalia.it\\\/?s={search_term_string}\"},\"query-input\":{\"@type\":\"PropertyValueSpecification\",\"valueRequired\":true,\"valueName\":\"search_term_string\"}}],\"inLanguage\":\"pt-PT\"},{\"@type\":\"Organization\",\"@id\":\"https:\\\/\\\/www.miamedicalitalia.it\\\/#organization\",\"name\":\"OLG\",\"url\":\"https:\\\/\\\/www.miamedicalitalia.it\\\/\",\"logo\":{\"@type\":\"ImageObject\",\"inLanguage\":\"pt-PT\",\"@id\":\"https:\\\/\\\/www.miamedicalitalia.it\\\/#\\\/schema\\\/logo\\\/image\\\/\",\"url\":\"https:\\\/\\\/www.miamedicalitalia.it\\\/wp-content\\\/uploads\\\/2023\\\/04\\\/mia-medical-logo-free.png\",\"contentUrl\":\"https:\\\/\\\/www.miamedicalitalia.it\\\/wp-content\\\/uploads\\\/2023\\\/04\\\/mia-medical-logo-free.png\",\"width\":700,\"height\":700,\"caption\":\"OLG\"},\"image\":{\"@id\":\"https:\\\/\\\/www.miamedicalitalia.it\\\/#\\\/schema\\\/logo\\\/image\\\/\"},\"sameAs\":[\"https:\\\/\\\/www.facebook.com\\\/miamedicalitalia\"]}]}<\/script>\n<!-- \/ Yoast SEO Premium plugin. -->","yoast_head_json":{"title":"Aluguer de andarilho com placa de apoio anti-braquial","description":"Alugar um andarilho com prancha anti-braquial para fisioterapia e reabilita\u00e7\u00e3o. Recupere a sua liberdade com os produtos Mia Medical.","robots":{"index":"index","follow":"follow","max-snippet":"max-snippet:-1","max-image-preview":"max-image-preview:large","max-video-preview":"max-video-preview:-1"},"canonical":"https:\/\/www.miamedicalitalia.it\/pt\/produto\/noleggio-deambulatore-con-tavoletta-imbottita\/","og_locale":"pt_PT","og_type":"article","og_title":"Noleggio Deambulatore con tavoletta per appoggio antibrachiale","og_description":"Noleggio Deambulatore con tavoletta antibrachiale per la fisioterapia e riabilitazione. Riacquista la tua libert\u00e0 grazie aio prodotti Mia Medical.","og_url":"https:\/\/www.miamedicalitalia.it\/pt\/produto\/noleggio-deambulatore-con-tavoletta-imbottita\/","og_site_name":"Mia Medical","article_publisher":"https:\/\/www.facebook.com\/miamedicalitalia","article_modified_time":"2026-01-13T11:05:10+00:00","og_image":[{"width":1000,"height":1000,"url":"https:\/\/www.miamedicalitalia.it\/wp-content\/uploads\/2022\/12\/DEAMBULATORE-CON-TAVOLETTA-1-1.jpg","type":"image\/jpeg"}],"twitter_card":"summary_large_image","twitter_misc":{"Tempo estimado de leitura":"1 minuto"},"schema":{"@context":"https:\/\/schema.org","@graph":[{"@type":"WebPage","@id":"https:\/\/www.miamedicalitalia.it\/prodotto\/noleggio-deambulatore-con-tavoletta-imbottita\/","url":"https:\/\/www.miamedicalitalia.it\/prodotto\/noleggio-deambulatore-con-tavoletta-imbottita\/","name":"Aluguer de andarilho com placa de apoio anti-braquial","isPartOf":{"@id":"https:\/\/www.miamedicalitalia.it\/#website"},"primaryImageOfPage":{"@id":"https:\/\/www.miamedicalitalia.it\/prodotto\/noleggio-deambulatore-con-tavoletta-imbottita\/#primaryimage"},"image":{"@id":"https:\/\/www.miamedicalitalia.it\/prodotto\/noleggio-deambulatore-con-tavoletta-imbottita\/#primaryimage"},"thumbnailUrl":"https:\/\/www.miamedicalitalia.it\/wp-content\/uploads\/2022\/12\/DEAMBULATORE-CON-TAVOLETTA-1-1.jpg","datePublished":"2022-12-21T16:14:57+00:00","dateModified":"2026-01-13T11:05:10+00:00","description":"Alugar um andarilho com prancha anti-braquial para fisioterapia e reabilita\u00e7\u00e3o. Recupere a sua liberdade com os produtos Mia Medical.","breadcrumb":{"@id":"https:\/\/www.miamedicalitalia.it\/prodotto\/noleggio-deambulatore-con-tavoletta-imbottita\/#breadcrumb"},"inLanguage":"pt-PT","potentialAction":[{"@type":"ReadAction","target":["https:\/\/www.miamedicalitalia.it\/prodotto\/noleggio-deambulatore-con-tavoletta-imbottita\/"]}]},{"@type":"ImageObject","inLanguage":"pt-PT","@id":"https:\/\/www.miamedicalitalia.it\/prodotto\/noleggio-deambulatore-con-tavoletta-imbottita\/#primaryimage","url":"https:\/\/www.miamedicalitalia.it\/wp-content\/uploads\/2022\/12\/DEAMBULATORE-CON-TAVOLETTA-1-1.jpg","contentUrl":"https:\/\/www.miamedicalitalia.it\/wp-content\/uploads\/2022\/12\/DEAMBULATORE-CON-TAVOLETTA-1-1.jpg","width":1000,"height":1000},{"@type":"BreadcrumbList","@id":"https:\/\/www.miamedicalitalia.it\/prodotto\/noleggio-deambulatore-con-tavoletta-imbottita\/#breadcrumb","itemListElement":[{"@type":"ListItem","position":1,"name":"Home","item":"https:\/\/www.miamedicalitalia.it\/"},{"@type":"ListItem","position":2,"name":"Shop","item":"https:\/\/www.miamedicalitalia.it\/negozio\/"},{"@type":"ListItem","position":3,"name":"Affitto e noleggio","item":"https:\/\/www.miamedicalitalia.it\/categoria\/affitto-e-noleggio-ausili\/"},{"@type":"ListItem","position":4,"name":"Deambulatori e Rollatori","item":"https:\/\/www.miamedicalitalia.it\/categoria\/affitto-e-noleggio-ausili\/affitto-e-noleggio-deambulatori\/"},{"@type":"ListItem","position":5,"name":"Noleggio Deambulatore con tavoletta per appoggio antibrachiale"}]},{"@type":"WebSite","@id":"https:\/\/www.miamedicalitalia.it\/#website","url":"https:\/\/www.miamedicalitalia.it\/","name":"www.miamedicalitalia.it","description":"Aluguer e venda de equipamento sanit\u00e1rio","publisher":{"@id":"https:\/\/www.miamedicalitalia.it\/#organization"},"potentialAction":[{"@type":"SearchAction","target":{"@type":"EntryPoint","urlTemplate":"https:\/\/www.miamedicalitalia.it\/?s={search_term_string}"},"query-input":{"@type":"PropertyValueSpecification","valueRequired":true,"valueName":"search_term_string"}}],"inLanguage":"pt-PT"},{"@type":"Organization","@id":"https:\/\/www.miamedicalitalia.it\/#organization","name":"OLG","url":"https:\/\/www.miamedicalitalia.it\/","logo":{"@type":"ImageObject","inLanguage":"pt-PT","@id":"https:\/\/www.miamedicalitalia.it\/#\/schema\/logo\/image\/","url":"https:\/\/www.miamedicalitalia.it\/wp-content\/uploads\/2023\/04\/mia-medical-logo-free.png","contentUrl":"https:\/\/www.miamedicalitalia.it\/wp-content\/uploads\/2023\/04\/mia-medical-logo-free.png","width":700,"height":700,"caption":"OLG"},"image":{"@id":"https:\/\/www.miamedicalitalia.it\/#\/schema\/logo\/image\/"},"sameAs":["https:\/\/www.facebook.com\/miamedicalitalia"]}]}},"wcpa_form_fields":{"wcpaData":{"product":{"product_price":30,"price_html":"<span class=\"woocommerce-Price-amount amount\" aria-hidden=\"true\"><bdi><span class=\"woocommerce-Price-currencySymbol\">&euro;<\/span>30.00<\/bdi><\/span> <span aria-hidden=\"true\">-<\/span> <span class=\"woocommerce-Price-amount amount\" aria-hidden=\"true\"><bdi><span class=\"woocommerce-Price-currencySymbol\">&euro;<\/span>100.00<\/bdi><\/span><span class=\"screen-reader-text\">Gama de pre\u00e7os: &euro;30.00 a &euro;100.00<\/span>","original_product_price":30,"price_including_tax":30,"price_excluding_tax":30,"product_id":{"parent":8939,"variation":false},"is_variable":true,"stock_status":"instock","stock_quantity":null,"parent_sku":"","product_attributes":{"quanto-costa":{"is_variation":true,"values":[]}},"custom_fields":[],"is_taxable":false,"product_name":"Noleggio Deambulatore con tavoletta per appoggio antibrachiale","hasImage":false},"fields":{"sec_565f165582eb8c":{"extra":{"key":"sec_565f165582eb8c","section_id":"sec_565f165582eb8c","name":"Predefinito","status":1,"toggle":true,"form_id":12050,"form_rules":{"exclude_from_discount":false,"fee_label":"Taxa","disp_hide_options_price":false,"disp_show_section_price":false,"disp_show_field_price":true,"layout_option":"standard","pric_use_as_fee":false,"process_fee_as":"woo_fee"},"layout_option":"standard"},"fields":[[{"active":true,"col":6,"relations":false,"cl_rule":"show","enableCl":false,"price":"","enablePrice":false,"className":"input-text","type":"date","required":true,"elementId":"date_3189538061","name":"date_3189538061","label":"A partire dal giorno:","picker_type":"custom","picker_mode":"single","error":false,"description":"Inserisci la data di inizio del noleggio","gt_translate_keys":["label","description"],"price_dependency":false,"cl_dependency":false,"value":""}]]}},"config":{"price_override":"","enable_recaptcha":false,"bind_quantity":false,"quantity_bind_formula":false,"disp_summ_show_option_price":true,"disp_summ_show_product_price":true,"disp_summ_show_total_price":true,"disp_summ_show_fee":false,"disp_summ_show_discount":false,"summary_title":"","options_total_label":"Op\u00e7\u00f5es Pre\u00e7o","total_label":"Total","options_product_label":"Pre\u00e7o do produto","fee_label":"Taxa","discount_label":"Desconto","has_price":true,"has_quantity_formula":false},"mc_unit":1,"tax_rate":1,"tax_rate_real":1,"discount":{"percentage":0,"fixed":0},"design":{"conf":{"LabelPosition":"above","DescPosition":"below","UploadField":"custom_1","QuantityFieldStyle":"default"},"css":{"LeftLabelWidth":"50px"}},"formulas":[],"lookuptables":[],"clones":false,"cartKey":false}},"_links":{"self":[{"href":"https:\/\/www.miamedicalitalia.it\/pt\/wp-json\/wp\/v2\/product\/8939","targetHints":{"allow":["GET"]}}],"collection":[{"href":"https:\/\/www.miamedicalitalia.it\/pt\/wp-json\/wp\/v2\/product"}],"about":[{"href":"https:\/\/www.miamedicalitalia.it\/pt\/wp-json\/wp\/v2\/types\/product"}],"wp:featuredmedia":[{"embeddable":true,"href":"https:\/\/www.miamedicalitalia.it\/pt\/wp-json\/wp\/v2\/media\/12272"}],"wp:attachment":[{"href":"https:\/\/www.miamedicalitalia.it\/pt\/wp-json\/wp\/v2\/media?parent=8939"}],"wp:term":[{"taxonomy":"home-category","embeddable":true,"href":"https:\/\/www.miamedicalitalia.it\/pt\/wp-json\/wp\/v2\/home-category?post=8939"},{"taxonomy":"product_brand","embeddable":true,"href":"https:\/\/www.miamedicalitalia.it\/pt\/wp-json\/wp\/v2\/product_brand?post=8939"},{"taxonomy":"product_cat","embeddable":true,"href":"https:\/\/www.miamedicalitalia.it\/pt\/wp-json\/wp\/v2\/product_cat?post=8939"},{"taxonomy":"product_tag","embeddable":true,"href":"https:\/\/www.miamedicalitalia.it\/pt\/wp-json\/wp\/v2\/product_tag?post=8939"},{"taxonomy":"woo-feed-brand","embeddable":true,"href":"https:\/\/www.miamedicalitalia.it\/pt\/wp-json\/wp\/v2\/woo-feed-brand?post=8939"}],"curies":[{"name":"wp","href":"https:\/\/api.w.org\/{rel}","templated":true}]}}