{"id":8936,"date":"2022-12-21T17:14:57","date_gmt":"2022-12-21T15:14:57","guid":{"rendered":"https:\/\/www.miamedicalitalia.it\/?post_type=product&#038;p=8936"},"modified":"2026-02-18T13:31:30","modified_gmt":"2026-02-18T11:31:30","slug":"noleggio-kinetec-artromot-k1-ginocchio-anca-riabilitazione","status":"publish","type":"product","link":"https:\/\/www.miamedicalitalia.it\/pt\/produto\/noleggio-kinetec-artromot-k1-ginocchio-anca-riabilitazione\/","title":{"rendered":"Kinetec Artromot K1 Joelho Anca"},"content":{"rendered":"<p>Descubra o servi\u00e7o de <strong>aluguer<\/strong> de <strong>Kinetec<\/strong> <strong><a href=\"https:\/\/www.chattanoogarehab.com\/it\/artromot-k1-80-00-04x-it\">Artromot K1<\/a><\/strong>um aparelho para a <strong>mobiliza\u00e7\u00e3o passiva cont\u00ednua (CPM)<\/strong>com o objetivo de promover a <strong>reabilita\u00e7\u00e3o das articula\u00e7\u00f5es do joelho e da anca na fase p\u00f3s-operat\u00f3ria ou p\u00f3s-traum\u00e1tica<\/strong>.<\/p>\n\n\n\n<p>\u00c9 a solu\u00e7\u00e3o ideal para quem pretende <strong>recuperar a mobilidade e a funcionalidade de uma forma eficaz, segura e confort\u00e1vel, mesmo em casa.<\/strong><\/p>\n\n\n\n<h4 class=\"wp-block-heading\" id=\"h-cosa-e-l-artromot-k1-e-come-funziona\">O que \u00e9 o Artromot K1 e como funciona<\/h4>\n\n\n\n<p><strong>Artromot k1 para joelho CPM<\/strong>&nbsp;(Movimento Passivo Cont\u00ednuo) permite um movimento autom\u00e1tico e controlado <strong>movimentos passivos de flex\u00e3o e extens\u00e3o<\/strong>ambos os <strong>joelho<\/strong> que <strong>da anca<\/strong>, <strong>sem qualquer esfor\u00e7o ativo por parte do doente<\/strong> nas fases de recupera\u00e7\u00e3o e de reabilita\u00e7\u00e3o e ap\u00f3s traumatismos ou interven\u00e7\u00f5es cir\u00fargicas. Promove um r\u00e1pido retorno \u00e0 fun\u00e7\u00e3o articular e previne a rigidez. Al\u00e9m disso, melhora as propriedades mec\u00e2nicas dos ligamentos danificados e estimula a circula\u00e7\u00e3o linf\u00e1tica e sangu\u00ednea, diminuindo o risco de trombose e embolia.<\/p>\n\n\n\n<ul class=\"wp-block-list\">\n<li>mobiliza suavemente as articula\u00e7\u00f5es de forma progressiva;<\/li>\n\n\n\n<li>favorece a recupera\u00e7\u00e3o das articula\u00e7\u00f5es ap\u00f3s uma cirurgia ortop\u00e9dica;<\/li>\n\n\n\n<li>reduz a dor, a rigidez e o incha\u00e7o;<\/li>\n\n\n\n<li>acelera o processo de cicatriza\u00e7\u00e3o;<\/li>\n\n\n\n<li>permite a personaliza\u00e7\u00e3o dos par\u00e2metros de movimento (\u00e2ngulos, velocidade, dura\u00e7\u00e3o) de acordo com a terapia prescrita.<\/li>\n\n\n\n<li>FLEX\u00c3O DO JOELHO - 10\u00b0 \/0\u00b0\/120\u00b0 EXTENS\u00c3O\/FLEX\u00c3O DA ANCA 0\u00b0\/7\u00b0\/115\u00b0<\/li>\n<\/ul>\n\n\n\n<h4 class=\"wp-block-heading\" id=\"h-a-chi-consigliamo-di-usufruire-del-servizio-di-noleggio-del-kinetec-artromot-k1\">A quem recomendamos o servi\u00e7o de aluguer do Kinetec Artromot K1<\/h4>\n\n\n\n<p>O Kinetec para CPM Artromot K1 est\u00e1 indicado em todos os casos em que \u00e9 necess\u00e1rio recuperar a mobilidade das articula\u00e7\u00f5es ap\u00f3s uma cirurgia ou um traumatismo, tais como<\/p>\n\n\n\n<ul class=\"wp-block-list\">\n<li>substitui\u00e7\u00e3o total ou parcial do joelho ou da anca;<\/li>\n\n\n\n<li>cirurgia do ligamento cruzado ou do menisco;<\/li>\n\n\n\n<li>fracturas das articula\u00e7\u00f5es;<\/li>\n\n\n\n<li>rigidez articular;<\/li>\n\n\n\n<li>reabilita\u00e7\u00e3o ortop\u00e9dica em doentes idosos ou com mobilidade reduzida.<\/li>\n<\/ul>\n\n\n\n<h4 class=\"wp-block-heading\" id=\"h-consegna-dimostrazione-e-programmazione-su-misura\">Entrega, demonstra\u00e7\u00e3o e programa\u00e7\u00e3o personalizadas <\/h4>\n\n\n\n<p>Quando aluga o Artromot K1 \u00e0 M.I.A. Medical Italia, n\u00f3s tratamos de tudo.<\/p>\n\n\n\n<p>O nosso pessoal t\u00e9cnico:<\/p>\n\n\n\n<ul class=\"wp-block-list\">\n<li>entrega o aparelho em casa;<\/li>\n\n\n\n<li>efectua uma demonstra\u00e7\u00e3o completa do funcionamento;<\/li>\n\n\n\n<li>programar a m\u00e1quina de acordo com o protocolo indicado pelo m\u00e9dico ou fisioterapeuta;<\/li>\n\n\n\n<li>fornece instru\u00e7\u00f5es claras sobre a forma de o integrar na sua rotina de reabilita\u00e7\u00e3o.<\/li>\n<\/ul>\n\n\n\n<p>Se n\u00e3o dispuser de um protocolo de reabilita\u00e7\u00e3o para a sua opera\u00e7\u00e3o, pode solicit\u00e1-lo gratuitamente em linha ou diretamente ao nosso terapeuta.<\/p>\n\n\n\n<h4 class=\"wp-block-heading\" id=\"h-perche-conviene-il-noleggio\">Porque \u00e9 que vale a pena alugar?<\/h4>\n\n\n\n<p>As terapias CPM s\u00f3 funcionam se forem efectuadas de forma consistente e frequente ao longo do tempo. Algumas sess\u00f5es ocasionais no est\u00fadio n\u00e3o s\u00e3o suficientes para obter resultados efectivos.<\/p>\n\n\n\n<p>Com aluguer:<\/p>\n\n\n\n<ul class=\"wp-block-list\">\n<li>pode seguir a terapia a partir do conforto da sua casa;<\/li>\n\n\n\n<li>integrar o tratamento na sua rotina di\u00e1ria, sem stress nem desloca\u00e7\u00f5es;<\/li>\n\n\n\n<li>em compara\u00e7\u00e3o com o custo acumulado de v\u00e1rias sess\u00f5es de fisioterapia num estabelecimento;<\/li>\n\n\n\n<li>a recupera\u00e7\u00e3o \u00e9 mais r\u00e1pida e cont\u00ednua.<\/li>\n<\/ul>\n\n\n\n<p>A utiliza\u00e7\u00e3o de&nbsp;<strong>Artromot k1<\/strong>&nbsp;n\u00e3o implica<strong>&nbsp;sem traumas ou dores<\/strong>&nbsp;para o paciente.<\/p>\n\n\n\n<h4 class=\"wp-block-heading\" id=\"h-perche-scegliere-m-i-a-medical-italia\">Porqu\u00ea escolher a M.I.A Medical Italia?<\/h4>\n\n\n\n<ul class=\"wp-block-list\">\n<li>T\u00e9cnicos experientes e servi\u00e7o personalizado;<\/li>\n\n\n\n<li>Prazos de entrega r\u00e1pidos, mesmo em 24 horas;<\/li>\n\n\n\n<li>Pre\u00e7os imbat\u00edveis e transparentes;<\/li>\n\n\n\n<li>Dispositivos higienizados, seguros e personalizados;<\/li>\n\n\n\n<li>Apoio cont\u00ednuo mesmo ap\u00f3s a entrega.<\/li>\n<\/ul>\n\n\n\n<p>Artromot k1 gra\u00e7as a um movimento anatomicamente correto e a um sistema eletr\u00f3nico&nbsp;<strong>muito fi\u00e1vel<\/strong>. Representa o&nbsp;<strong>solu\u00e7\u00e3o ideal<\/strong>&nbsp;para obter resultados terap\u00eauticos \u00f3ptimos no tratamento de&nbsp;<strong>reabilita\u00e7\u00e3o domicili\u00e1ria<\/strong>.<\/p>\n\n\n\n<p>Escolha o conforto de <strong>reabilita\u00e7\u00e3o em casa<\/strong>com um <strong>servi\u00e7o seguro, eficaz e c\u00f3modo.<\/strong> Se tiver mais perguntas, pode contactar-nos por telefone para <strong>+39 3926509237<\/strong> ou pode enviar-nos uma mensagem para <strong><a href=\"https:\/\/wa.me\/393926509237\">whatsapp<\/a><\/strong>. O nosso pessoal especializado est\u00e1 sempre dispon\u00edvel para o ajudar a encontrar o <strong>solu\u00e7\u00e3o<\/strong> que melhor se adapta \u00e0s suas <strong>necessidades<\/strong>! Visite tamb\u00e9m o nosso <strong><a href=\"https:\/\/www.miamedicalitalia.it\/pt\/?_gl=1*1bx2a6k*_up*MQ..*_ga*MjA0NTM0ODc4NS4xNzUxMTA5Nzg0*_ga_D9FZ9V3LL7*czE3NTExMDk3ODQkbzEkZzAkdDE3NTExMDk3ODQkajYwJGwwJGgw\">s\u00edtio Web<\/a><\/strong> para descobrir a vasta gama de <strong>ajudas m\u00e9dicas concebidas para o ajudar a reencontrar a liberdade de se movimentar de forma aut\u00f3noma!<\/strong><br><\/p>\n\n\n\n<p><\/p>","protected":false},"excerpt":{"rendered":"<div style=\"font-family: Arial, sans-serif; background-color: #234091; padding: 30px; border-radius: 25px; max-width: 600px; color: #ffffff; position: relative; border-top: 6px solid #2498fe;\">\n<h3 style=\"color: #ffffff; margin-top: 0;\">A recolha no armaz\u00e9m \u00e9 gratuita<\/h3>\n<p>Ligue-nos ou reserve online agora!<\/p>\n<p>Entrega ao domic\u00edlio apenas em Roma e Floren\u00e7a: \u00a0<strong>30\u20ac + 30\u20ac<\/strong>\u00a0para retirada.<\/p>\n<p><strong>Entrega gratuita se comprar um aluguer por um per\u00edodo m\u00ednimo de 30 dias.<\/strong><\/p>\n<\/div>\n<p><!-- Linea bianca sotto --><\/p>\n<div style=\"height: 6px; background-color: #ffffff; max-width: 600px;\">\u00a0<\/div>","protected":false},"featured_media":12190,"template":"","meta":{"_acf_changed":false},"home-category":[],"product_brand":[],"product_cat":[223],"product_tag":[214],"woo-feed-brand":[],"class_list":{"0":"post-8936","1":"product","2":"type-product","3":"status-publish","4":"has-post-thumbnail","6":"product_cat-affitto-noleggio-kinetec","7":"product_tag-noleggio-kinetec-ginoccio-anca","8":"product_shipping_class-ausili-grandi","9":"wcpa_has_options","11":"first","12":"instock","13":"shipping-taxable","14":"purchasable","15":"product-type-variable"},"acf":[],"yoast_head":"<!-- This site is optimized with the Yoast SEO Premium plugin v27.5 (Yoast SEO v27.5) - https:\/\/yoast.com\/product\/yoast-seo-premium-wordpress\/ -->\n<title>Noleggio Kinetec Artromot K1 per riabilitazione ginocchio e anca<\/title>\n<meta name=\"description\" content=\"Noleggio Kinetec Artromot K1 per riabilitazione del ginocchio e anca a partire da 8,00\u20ac al giorno. Consegna a domicilio. Prenota ora online!\" \/>\n<meta name=\"robots\" content=\"index, follow, max-snippet:-1, max-image-preview:large, max-video-preview:-1\" \/>\n<link rel=\"canonical\" href=\"https:\/\/www.miamedicalitalia.it\/pt\/produto\/noleggio-kinetec-artromot-k1-ginocchio-anca-riabilitazione\/\" \/>\n<meta property=\"og:locale\" content=\"pt_PT\" \/>\n<meta property=\"og:type\" content=\"article\" \/>\n<meta property=\"og:title\" content=\"Noleggio Kinetec Artromot K1 per riabilitazione ginocchio e anca\" \/>\n<meta property=\"og:description\" content=\"Noleggio Kinetec Artromot K1 per riabilitazione del ginocchio e anca a partire da 8,00\u20ac al giorno. Consegna a domicilio. Prenota ora online!\" \/>\n<meta property=\"og:url\" content=\"https:\/\/www.miamedicalitalia.it\/pt\/produto\/noleggio-kinetec-artromot-k1-ginocchio-anca-riabilitazione\/\" \/>\n<meta property=\"og:site_name\" content=\"Mia Medical\" \/>\n<meta property=\"article:publisher\" content=\"https:\/\/www.facebook.com\/miamedicalitalia\" \/>\n<meta property=\"article:modified_time\" content=\"2026-02-18T11:31:30+00:00\" \/>\n<meta property=\"og:image\" content=\"https:\/\/www.miamedicalitalia.it\/wp-content\/uploads\/2022\/12\/Kinetec-ginocchio-anca-artromot-.jpg\" \/>\n\t<meta property=\"og:image:width\" content=\"1000\" \/>\n\t<meta property=\"og:image:height\" content=\"1000\" \/>\n\t<meta property=\"og:image:type\" content=\"image\/jpeg\" \/>\n<meta name=\"twitter:card\" content=\"summary_large_image\" \/>\n<meta name=\"twitter:label1\" content=\"Tempo estimado de leitura\" \/>\n\t<meta name=\"twitter:data1\" content=\"1 minuto\" \/>\n<script type=\"application\/ld+json\" class=\"yoast-schema-graph\">{\"@context\":\"https:\\\/\\\/schema.org\",\"@graph\":[{\"@type\":\"WebPage\",\"@id\":\"https:\\\/\\\/www.miamedicalitalia.it\\\/prodotto\\\/noleggio-kinetec-artromot-k1-ginocchio-anca-riabilitazione\\\/\",\"url\":\"https:\\\/\\\/www.miamedicalitalia.it\\\/prodotto\\\/noleggio-kinetec-artromot-k1-ginocchio-anca-riabilitazione\\\/\",\"name\":\"Noleggio Kinetec Artromot K1 per riabilitazione ginocchio e anca\",\"isPartOf\":{\"@id\":\"https:\\\/\\\/www.miamedicalitalia.it\\\/#website\"},\"primaryImageOfPage\":{\"@id\":\"https:\\\/\\\/www.miamedicalitalia.it\\\/prodotto\\\/noleggio-kinetec-artromot-k1-ginocchio-anca-riabilitazione\\\/#primaryimage\"},\"image\":{\"@id\":\"https:\\\/\\\/www.miamedicalitalia.it\\\/prodotto\\\/noleggio-kinetec-artromot-k1-ginocchio-anca-riabilitazione\\\/#primaryimage\"},\"thumbnailUrl\":\"https:\\\/\\\/www.miamedicalitalia.it\\\/wp-content\\\/uploads\\\/2022\\\/12\\\/Kinetec-ginocchio-anca-artromot-.jpg\",\"datePublished\":\"2022-12-21T15:14:57+00:00\",\"dateModified\":\"2026-02-18T11:31:30+00:00\",\"description\":\"Noleggio Kinetec Artromot K1 per riabilitazione del ginocchio e anca a partire da 8,00\u20ac al giorno. Consegna a domicilio. Prenota ora online!\",\"breadcrumb\":{\"@id\":\"https:\\\/\\\/www.miamedicalitalia.it\\\/prodotto\\\/noleggio-kinetec-artromot-k1-ginocchio-anca-riabilitazione\\\/#breadcrumb\"},\"inLanguage\":\"pt-PT\",\"potentialAction\":[{\"@type\":\"ReadAction\",\"target\":[\"https:\\\/\\\/www.miamedicalitalia.it\\\/prodotto\\\/noleggio-kinetec-artromot-k1-ginocchio-anca-riabilitazione\\\/\"]}]},{\"@type\":\"ImageObject\",\"inLanguage\":\"pt-PT\",\"@id\":\"https:\\\/\\\/www.miamedicalitalia.it\\\/prodotto\\\/noleggio-kinetec-artromot-k1-ginocchio-anca-riabilitazione\\\/#primaryimage\",\"url\":\"https:\\\/\\\/www.miamedicalitalia.it\\\/wp-content\\\/uploads\\\/2022\\\/12\\\/Kinetec-ginocchio-anca-artromot-.jpg\",\"contentUrl\":\"https:\\\/\\\/www.miamedicalitalia.it\\\/wp-content\\\/uploads\\\/2022\\\/12\\\/Kinetec-ginocchio-anca-artromot-.jpg\",\"width\":1000,\"height\":1000},{\"@type\":\"BreadcrumbList\",\"@id\":\"https:\\\/\\\/www.miamedicalitalia.it\\\/prodotto\\\/noleggio-kinetec-artromot-k1-ginocchio-anca-riabilitazione\\\/#breadcrumb\",\"itemListElement\":[{\"@type\":\"ListItem\",\"position\":1,\"name\":\"Home\",\"item\":\"https:\\\/\\\/www.miamedicalitalia.it\\\/\"},{\"@type\":\"ListItem\",\"position\":2,\"name\":\"Shop\",\"item\":\"https:\\\/\\\/www.miamedicalitalia.it\\\/negozio\\\/\"},{\"@type\":\"ListItem\",\"position\":3,\"name\":\"Affitto e noleggio\",\"item\":\"https:\\\/\\\/www.miamedicalitalia.it\\\/categoria\\\/affitto-e-noleggio-ausili\\\/\"},{\"@type\":\"ListItem\",\"position\":4,\"name\":\"Kinetec\",\"item\":\"https:\\\/\\\/www.miamedicalitalia.it\\\/categoria\\\/affitto-e-noleggio-ausili\\\/affitto-noleggio-kinetec\\\/\"},{\"@type\":\"ListItem\",\"position\":5,\"name\":\"Kinetec Artromot K1 Ginocchio Anca\"}]},{\"@type\":\"WebSite\",\"@id\":\"https:\\\/\\\/www.miamedicalitalia.it\\\/#website\",\"url\":\"https:\\\/\\\/www.miamedicalitalia.it\\\/\",\"name\":\"www.miamedicalitalia.it\",\"description\":\"Noleggio e Vendita Attrezzatura Sanitarie\",\"publisher\":{\"@id\":\"https:\\\/\\\/www.miamedicalitalia.it\\\/#organization\"},\"potentialAction\":[{\"@type\":\"SearchAction\",\"target\":{\"@type\":\"EntryPoint\",\"urlTemplate\":\"https:\\\/\\\/www.miamedicalitalia.it\\\/?s={search_term_string}\"},\"query-input\":{\"@type\":\"PropertyValueSpecification\",\"valueRequired\":true,\"valueName\":\"search_term_string\"}}],\"inLanguage\":\"pt-PT\"},{\"@type\":\"Organization\",\"@id\":\"https:\\\/\\\/www.miamedicalitalia.it\\\/#organization\",\"name\":\"OLG\",\"url\":\"https:\\\/\\\/www.miamedicalitalia.it\\\/\",\"logo\":{\"@type\":\"ImageObject\",\"inLanguage\":\"pt-PT\",\"@id\":\"https:\\\/\\\/www.miamedicalitalia.it\\\/#\\\/schema\\\/logo\\\/image\\\/\",\"url\":\"https:\\\/\\\/www.miamedicalitalia.it\\\/wp-content\\\/uploads\\\/2023\\\/04\\\/mia-medical-logo-free.png\",\"contentUrl\":\"https:\\\/\\\/www.miamedicalitalia.it\\\/wp-content\\\/uploads\\\/2023\\\/04\\\/mia-medical-logo-free.png\",\"width\":700,\"height\":700,\"caption\":\"OLG\"},\"image\":{\"@id\":\"https:\\\/\\\/www.miamedicalitalia.it\\\/#\\\/schema\\\/logo\\\/image\\\/\"},\"sameAs\":[\"https:\\\/\\\/www.facebook.com\\\/miamedicalitalia\"]}]}<\/script>\n<!-- \/ Yoast SEO Premium plugin. -->","yoast_head_json":{"title":"Aluguer Kinetec Artromot K1 para reabilita\u00e7\u00e3o do joelho e da anca","description":"Aluguer Kinetec Artromot K1 para reabilita\u00e7\u00e3o do joelho e da anca a partir de 8,00 \u20ac por dia. Entrega ao domic\u00edlio. Reservar online agora!","robots":{"index":"index","follow":"follow","max-snippet":"max-snippet:-1","max-image-preview":"max-image-preview:large","max-video-preview":"max-video-preview:-1"},"canonical":"https:\/\/www.miamedicalitalia.it\/pt\/produto\/noleggio-kinetec-artromot-k1-ginocchio-anca-riabilitazione\/","og_locale":"pt_PT","og_type":"article","og_title":"Noleggio Kinetec Artromot K1 per riabilitazione ginocchio e anca","og_description":"Noleggio Kinetec Artromot K1 per riabilitazione del ginocchio e anca a partire da 8,00\u20ac al giorno. Consegna a domicilio. Prenota ora online!","og_url":"https:\/\/www.miamedicalitalia.it\/pt\/produto\/noleggio-kinetec-artromot-k1-ginocchio-anca-riabilitazione\/","og_site_name":"Mia Medical","article_publisher":"https:\/\/www.facebook.com\/miamedicalitalia","article_modified_time":"2026-02-18T11:31:30+00:00","og_image":[{"width":1000,"height":1000,"url":"https:\/\/www.miamedicalitalia.it\/wp-content\/uploads\/2022\/12\/Kinetec-ginocchio-anca-artromot-.jpg","type":"image\/jpeg"}],"twitter_card":"summary_large_image","twitter_misc":{"Tempo estimado de leitura":"1 minuto"},"schema":{"@context":"https:\/\/schema.org","@graph":[{"@type":"WebPage","@id":"https:\/\/www.miamedicalitalia.it\/prodotto\/noleggio-kinetec-artromot-k1-ginocchio-anca-riabilitazione\/","url":"https:\/\/www.miamedicalitalia.it\/prodotto\/noleggio-kinetec-artromot-k1-ginocchio-anca-riabilitazione\/","name":"Aluguer Kinetec Artromot K1 para reabilita\u00e7\u00e3o do joelho e da anca","isPartOf":{"@id":"https:\/\/www.miamedicalitalia.it\/#website"},"primaryImageOfPage":{"@id":"https:\/\/www.miamedicalitalia.it\/prodotto\/noleggio-kinetec-artromot-k1-ginocchio-anca-riabilitazione\/#primaryimage"},"image":{"@id":"https:\/\/www.miamedicalitalia.it\/prodotto\/noleggio-kinetec-artromot-k1-ginocchio-anca-riabilitazione\/#primaryimage"},"thumbnailUrl":"https:\/\/www.miamedicalitalia.it\/wp-content\/uploads\/2022\/12\/Kinetec-ginocchio-anca-artromot-.jpg","datePublished":"2022-12-21T15:14:57+00:00","dateModified":"2026-02-18T11:31:30+00:00","description":"Aluguer Kinetec Artromot K1 para reabilita\u00e7\u00e3o do joelho e da anca a partir de 8,00 \u20ac por dia. Entrega ao domic\u00edlio. Reservar online agora!","breadcrumb":{"@id":"https:\/\/www.miamedicalitalia.it\/prodotto\/noleggio-kinetec-artromot-k1-ginocchio-anca-riabilitazione\/#breadcrumb"},"inLanguage":"pt-PT","potentialAction":[{"@type":"ReadAction","target":["https:\/\/www.miamedicalitalia.it\/prodotto\/noleggio-kinetec-artromot-k1-ginocchio-anca-riabilitazione\/"]}]},{"@type":"ImageObject","inLanguage":"pt-PT","@id":"https:\/\/www.miamedicalitalia.it\/prodotto\/noleggio-kinetec-artromot-k1-ginocchio-anca-riabilitazione\/#primaryimage","url":"https:\/\/www.miamedicalitalia.it\/wp-content\/uploads\/2022\/12\/Kinetec-ginocchio-anca-artromot-.jpg","contentUrl":"https:\/\/www.miamedicalitalia.it\/wp-content\/uploads\/2022\/12\/Kinetec-ginocchio-anca-artromot-.jpg","width":1000,"height":1000},{"@type":"BreadcrumbList","@id":"https:\/\/www.miamedicalitalia.it\/prodotto\/noleggio-kinetec-artromot-k1-ginocchio-anca-riabilitazione\/#breadcrumb","itemListElement":[{"@type":"ListItem","position":1,"name":"Home","item":"https:\/\/www.miamedicalitalia.it\/"},{"@type":"ListItem","position":2,"name":"Shop","item":"https:\/\/www.miamedicalitalia.it\/negozio\/"},{"@type":"ListItem","position":3,"name":"Affitto e noleggio","item":"https:\/\/www.miamedicalitalia.it\/categoria\/affitto-e-noleggio-ausili\/"},{"@type":"ListItem","position":4,"name":"Kinetec","item":"https:\/\/www.miamedicalitalia.it\/categoria\/affitto-e-noleggio-ausili\/affitto-noleggio-kinetec\/"},{"@type":"ListItem","position":5,"name":"Kinetec Artromot K1 Ginocchio Anca"}]},{"@type":"WebSite","@id":"https:\/\/www.miamedicalitalia.it\/#website","url":"https:\/\/www.miamedicalitalia.it\/","name":"www.miamedicalitalia.it","description":"Aluguer e venda de equipamento sanit\u00e1rio","publisher":{"@id":"https:\/\/www.miamedicalitalia.it\/#organization"},"potentialAction":[{"@type":"SearchAction","target":{"@type":"EntryPoint","urlTemplate":"https:\/\/www.miamedicalitalia.it\/?s={search_term_string}"},"query-input":{"@type":"PropertyValueSpecification","valueRequired":true,"valueName":"search_term_string"}}],"inLanguage":"pt-PT"},{"@type":"Organization","@id":"https:\/\/www.miamedicalitalia.it\/#organization","name":"OLG","url":"https:\/\/www.miamedicalitalia.it\/","logo":{"@type":"ImageObject","inLanguage":"pt-PT","@id":"https:\/\/www.miamedicalitalia.it\/#\/schema\/logo\/image\/","url":"https:\/\/www.miamedicalitalia.it\/wp-content\/uploads\/2023\/04\/mia-medical-logo-free.png","contentUrl":"https:\/\/www.miamedicalitalia.it\/wp-content\/uploads\/2023\/04\/mia-medical-logo-free.png","width":700,"height":700,"caption":"OLG"},"image":{"@id":"https:\/\/www.miamedicalitalia.it\/#\/schema\/logo\/image\/"},"sameAs":["https:\/\/www.facebook.com\/miamedicalitalia"]}]}},"wcpa_form_fields":{"wcpaData":{"product":{"product_price":150,"price_html":"<span class=\"woocommerce-Price-amount amount\" aria-hidden=\"true\"><bdi><span class=\"woocommerce-Price-currencySymbol\">&euro;<\/span>150.00<\/bdi><\/span> <span aria-hidden=\"true\">-<\/span> <span class=\"woocommerce-Price-amount amount\" aria-hidden=\"true\"><bdi><span class=\"woocommerce-Price-currencySymbol\">&euro;<\/span>480.00<\/bdi><\/span><span class=\"screen-reader-text\">Gama de pre\u00e7os: &euro;150.00 a &euro;480.00<\/span>","original_product_price":150,"price_including_tax":150,"price_excluding_tax":150,"product_id":{"parent":8936,"variation":false},"is_variable":true,"stock_status":"instock","stock_quantity":null,"parent_sku":"","product_attributes":{"quanto-costa":{"is_variation":true,"values":[]}},"custom_fields":[],"is_taxable":false,"product_name":"Kinetec Artromot K1 Ginocchio Anca","hasImage":false},"fields":{"sec_565f165582eb8c":{"extra":{"key":"sec_565f165582eb8c","section_id":"sec_565f165582eb8c","name":"Predefinito","status":1,"toggle":true,"form_id":12050,"form_rules":{"exclude_from_discount":false,"fee_label":"Tasa","disp_hide_options_price":false,"disp_show_section_price":false,"disp_show_field_price":true,"layout_option":"standard","pric_use_as_fee":false,"process_fee_as":"woo_fee"},"layout_option":"standard"},"fields":[[{"active":true,"col":6,"relations":false,"cl_rule":"show","enableCl":false,"price":"","enablePrice":false,"className":"input-text","type":"date","required":true,"elementId":"date_3189538061","name":"date_3189538061","label":"A partire dal giorno:","picker_type":"custom","picker_mode":"single","error":false,"description":"Inserisci la data di inizio del noleggio","gt_translate_keys":["label","description"],"price_dependency":false,"cl_dependency":false,"value":""}]]}},"config":{"price_override":"","enable_recaptcha":false,"bind_quantity":false,"quantity_bind_formula":false,"disp_summ_show_option_price":true,"disp_summ_show_product_price":true,"disp_summ_show_total_price":true,"disp_summ_show_fee":false,"disp_summ_show_discount":false,"summary_title":"","options_total_label":"Opciones Precio","total_label":"Total","options_product_label":"Precio del producto","fee_label":"Tasa","discount_label":"Descuento","has_price":true,"has_quantity_formula":false},"mc_unit":1,"tax_rate":1,"tax_rate_real":1,"discount":{"percentage":0,"fixed":0},"design":{"conf":{"LabelPosition":"above","DescPosition":"below","UploadField":"custom_1","QuantityFieldStyle":"default"},"css":{"LeftLabelWidth":"50px"}},"formulas":[],"lookuptables":[],"clones":false,"cartKey":false}},"_links":{"self":[{"href":"https:\/\/www.miamedicalitalia.it\/pt\/wp-json\/wp\/v2\/product\/8936","targetHints":{"allow":["GET"]}}],"collection":[{"href":"https:\/\/www.miamedicalitalia.it\/pt\/wp-json\/wp\/v2\/product"}],"about":[{"href":"https:\/\/www.miamedicalitalia.it\/pt\/wp-json\/wp\/v2\/types\/product"}],"wp:featuredmedia":[{"embeddable":true,"href":"https:\/\/www.miamedicalitalia.it\/pt\/wp-json\/wp\/v2\/media\/12190"}],"wp:attachment":[{"href":"https:\/\/www.miamedicalitalia.it\/pt\/wp-json\/wp\/v2\/media?parent=8936"}],"wp:term":[{"taxonomy":"home-category","embeddable":true,"href":"https:\/\/www.miamedicalitalia.it\/pt\/wp-json\/wp\/v2\/home-category?post=8936"},{"taxonomy":"product_brand","embeddable":true,"href":"https:\/\/www.miamedicalitalia.it\/pt\/wp-json\/wp\/v2\/product_brand?post=8936"},{"taxonomy":"product_cat","embeddable":true,"href":"https:\/\/www.miamedicalitalia.it\/pt\/wp-json\/wp\/v2\/product_cat?post=8936"},{"taxonomy":"product_tag","embeddable":true,"href":"https:\/\/www.miamedicalitalia.it\/pt\/wp-json\/wp\/v2\/product_tag?post=8936"},{"taxonomy":"woo-feed-brand","embeddable":true,"href":"https:\/\/www.miamedicalitalia.it\/pt\/wp-json\/wp\/v2\/woo-feed-brand?post=8936"}],"curies":[{"name":"wp","href":"https:\/\/api.w.org\/{rel}","templated":true}]}}