{"id":8853,"date":"2022-12-21T17:14:36","date_gmt":"2022-12-21T16:14:36","guid":{"rendered":"https:\/\/www.miamedicalitalia.it\/?post_type=product&#038;p=8853"},"modified":"2026-03-26T16:29:23","modified_gmt":"2026-03-26T14:29:23","slug":"noleggio-verticalizzatore-a-domicilio","status":"publish","type":"product","link":"https:\/\/www.miamedicalitalia.it\/pt\/produto\/noleggio-verticalizzatore-a-domicilio\/","title":{"rendered":"Aluguer de Verticalizadores El\u00e9ctricos"},"content":{"rendered":"<h4 class=\"wp-block-heading\" id=\"h-cosa-e-un-verticalizzatore-elettrico\">O que \u00e9 um verticalizador el\u00e9trico <\/h4>\n\n\n\n<p>A Mia Medical Italia oferece um servi\u00e7o de <strong>aluguer de verticalizador el\u00e9trico<\/strong> <strong>per anziani e persone con disabilit\u00e0<\/strong> um dispositivo m\u00e9dico concebido para ajudar as pessoas com mobilidade reduzida a passarem de uma posi\u00e7\u00e3o sentada para uma posi\u00e7\u00e3o de p\u00e9 de forma segura, assistida e sem esfor\u00e7o. \u00c9 particularmente \u00fatil durante <strong>reabilita\u00e7\u00e3o<\/strong> ou para o<strong>cuidados di\u00e1rios no domic\u00edlio e no hospital.<\/strong><\/p>\n\n\n\n<h4 class=\"wp-block-heading\" id=\"h-a-chi-puo-essere-utile-un-verticalizzatore-elettrico\">Quem pode beneficiar de um verticalizador el\u00e9trico <\/h4>\n\n\n\n<p>Este aux\u00edlio \u00e9 indicado para: <\/p>\n\n\n\n<ul class=\"wp-block-list\">\n<li>Pessoas com <strong>defici\u00eancias motoras tempor\u00e1rias ou permanentes<\/strong><\/li>\n\n\n\n<li>Os doentes submetidos a <strong>reabilita\u00e7\u00e3o p\u00f3s-operat\u00f3ria ou neurol\u00f3gica<\/strong><\/li>\n\n\n\n<li><strong>Idosos<\/strong> com for\u00e7a muscular reduzida<\/li>\n\n\n\n<li><strong>Cuidadores e prestadores de cuidados<\/strong> que necessitem de equipamento seguro de eleva\u00e7\u00e3o e manuseamento de doentes<\/li>\n\n\n\n<li>Ideal per l&#8217;uso in bagno, con la partecipazione del paziente. <\/li>\n<\/ul>\n\n\n\n<h4 class=\"wp-block-heading\" id=\"h-specifiche-tecniche-noleggio-verticalizzatore-elettrico-per-anziani-e-persone-con-disabilita\"><a href=\"https:\/\/www.morettispa.com\/prodotto\/verticalizzatore-muevo-up-portata-max-200kg-con-leva\/\">Specifiche Tecniche: noleggio verticalizzatore elettrico per anziani e persone con disabilit\u00e0 <\/a><\/h4>\n\n\n\n<ul class=\"wp-block-list\">\n<li><strong>estrutura robusta<\/strong> em a\u00e7o pintado <\/li>\n\n\n\n<li>Capacidade de carga m\u00e1xima: <strong>200 kg<\/strong><\/li>\n\n\n\n<li><strong>Sistema de eleva\u00e7\u00e3o<\/strong> com bra\u00e7o regul\u00e1vel e suporte ergon\u00f3mico <\/li>\n\n\n\n<li><strong>Bases ajust\u00e1veis <\/strong>para maior estabilidade durante a transfer\u00eancia<\/li>\n\n\n\n<li><strong>Apoio de joelho ajust\u00e1vel<\/strong> em altura e largura<\/li>\n\n\n\n<li><strong>Pegas<\/strong> confort\u00e1vel para o profissional de sa\u00fade<\/li>\n\n\n\n<li><strong>Ganchos<\/strong> especialmente concebido para acolher <strong>o arn\u00eas<\/strong> com seguran\u00e7a<\/li>\n\n\n\n<li><strong>Autonomia: mais de 100 elevadores<\/strong> com a bateria totalmente carregada<\/li>\n\n\n\n<li><strong>Quatro rod\u00edzios girat\u00f3rios, dois com trav\u00e3o<\/strong>para um transporte seguro em qualquer ambiente<\/li>\n\n\n\n<li> <strong>Suportes almofadados e ajust\u00e1veis<\/strong> para garantir conforto e seguran\u00e7a durante a utiliza\u00e7\u00e3o <\/li>\n<\/ul>\n\n\n\n<p>Clicar <a href=\"https:\/\/file.morettispa.com\/download-file\/ri841\/?wpdmdl=2017&amp;refresh=681604f63e5b21746273526\">aqui<\/a> para consultar a ficha t\u00e9cnica completa e o manual do utilizador.<\/p>\n\n\n\n<h4 class=\"wp-block-heading\" id=\"h-perche-scegliere-il-servizio-di-noleggio\">Porqu\u00ea escolher o servi\u00e7o de aluguer <\/h4>\n\n\n\n<p>O <strong>aluguer de um verticalizador<\/strong> el\u00e9trico \u00e9 a solu\u00e7\u00e3o ideal para quem <\/p>\n\n\n\n<ul class=\"wp-block-list\">\n<li>S\u00f3 precisa de um dispositivo durante um per\u00edodo de tempo limitado<\/li>\n\n\n\n<li>Pretende testar se o aux\u00edlio se adequa \u00e0s suas necessidades sem um investimento inicial elevado<\/li>\n\n\n\n<li>\u00c0 procura de uma solu\u00e7\u00e3o imediata e flex\u00edvel para a reabilita\u00e7\u00e3o em casa <\/li>\n<\/ul>\n\n\n\n<p>Al\u00e9m disso, se for o cuidador de uma pessoa idosa ou de uma pessoa com mobilidade reduzida e precisar de ajuda nos cuidados di\u00e1rios, a nossa enfermeira de confian\u00e7a <a href=\"http:\/\/Www.arnaldiandrea.com\">Andrea Arnaldi<\/a> \u00e9 especializada em cuidados ao domic\u00edlio e permite que os seus entes queridos continuem a receber cuidados no conforto da sua pr\u00f3pria casa. <\/p>\n\n\n\n<h4 class=\"wp-block-heading\" id=\"h-perche-scegliere-mia-medical-italia\">Porqu\u00ea escolher a Mia Medical Italia <\/h4>\n\n\n\n<p>Confiar na Mia Medical significa fazer uma escolha:<\/p>\n\n\n\n<ul class=\"wp-block-list\">\n<li><strong>Profissionalismo e rapidez<\/strong>&nbsp;entrega ao domic\u00edlio<\/li>\n\n\n\n<li><strong>Higieniza\u00e7\u00e3o e sanitiza\u00e7\u00e3o<\/strong>&nbsp;garantida de cada dispositivo<\/li>\n\n\n\n<li><strong>Assist\u00eancia t\u00e9cnica espec\u00edfica<\/strong>&nbsp;durante o per\u00edodo de aluguer<\/li>\n\n\n\n<li><strong>Possibilidade de aluguer a curto, m\u00e9dio e longo prazo<\/strong><\/li>\n\n\n\n<li>Pre\u00e7os transparentes e competitivos<\/li>\n\n\n\n<li><strong>Vasta gama de ajudas<\/strong> para a mobilidade e a reabilita\u00e7\u00e3o<\/li>\n\n\n\n<li>Dispositivos de <strong>m\u00e1xima qualidade<\/strong> de <a href=\"https:\/\/www.morettispa.com\/categoria-prodotto\/mopedia\/sollevamalati-e-verticalizzatori\/verticalizzatore\/\">os melhores fornecedores do mercado<\/a><\/li>\n<\/ul>\n\n\n\n<h4 class=\"wp-block-heading\" id=\"h-informazioni-utili\">Informa\u00e7\u00f5es \u00fateis <\/h4>\n\n\n\n<p>Escolha o m\u00e1ximo em conforto, seguran\u00e7a e comodidade para a mobilidade assistida.&nbsp;<strong><a href=\"https:\/\/wa.me\/393926509237\">Contactar-nos agora<\/a><\/strong>&nbsp;para receber um or\u00e7amento personalizado ou para solicitar a disponibilidade imediata do&nbsp;<strong>verticalizador el\u00e9trico<\/strong>! A nossa equipa de especialistas est\u00e1 sempre pronta a esclarecer todas as suas d\u00favidas, ligue-nos para +<strong>39 392 65 09 237 <\/strong>para uma consulta gratuita!<\/p>\n\n\n\n<ul class=\"wp-block-list\">\n<li><a href=\"https:\/\/wa.me\/393926509237\">Whatsapp<\/a><\/li>\n\n\n\n<li><a href=\"https:\/\/www.instagram.com\/miamedical_italia\/\">Instagram<\/a><\/li>\n\n\n\n<li><a href=\"https:\/\/www.facebook.com\/MIAMedicalitalia\/\">Facebook<\/a><\/li>\n\n\n\n<li><a href=\"https:\/\/www.miamedicalitalia.it\/pt\/\">S\u00edtio Web<\/a><\/li>\n<\/ul>","protected":false},"excerpt":{"rendered":"<div style=\"font-family: Arial, sans-serif; background-color: #234091; padding: 30px; border-radius: 25px; max-width: 600px; color: #ffffff; position: relative; border-top: 6px solid #2498fe;\">\n<h3 style=\"margin-top: 0; margin-bottom: 15px; color: #ffffff;\">Noleggio verticalizzatore con imbracatura. Ideal per il bagno.<\/h3>\n<p>Consegna a Roma e Firenze a partire da 45\u20ac + 45\u20ac per il ritiro<\/p>\n<p><strong>Entrega gratuita<\/strong> para alugueres de 60 dias!<\/p>\n<p><strong>N\u00e3o \u00e9 necess\u00e1rio dep\u00f3sito.<\/strong><\/p>\n<p>A entrega e a recolha no armaz\u00e9m s\u00e3o <strong>GR\u00c1TIS!<\/strong><\/p>\n<\/div>\n<p><!-- Linea bianca sotto --><\/p>\n<div style=\"height: 6px; background-color: #ffffff; max-width: 600px;\">\u00a0<\/div>","protected":false},"featured_media":12140,"template":"","meta":{"_acf_changed":false},"home-category":[],"product_brand":[],"product_cat":[260,480],"product_tag":[],"woo-feed-brand":[],"class_list":{"0":"post-8853","1":"product","2":"type-product","3":"status-publish","4":"has-post-thumbnail","6":"product_cat-affitto-e-noleggio-ausili","7":"product_cat-affitto-noleggio-verticalizzatori","8":"product_shipping_class-ausili-grandi","10":"first","11":"instock","12":"shipping-taxable","13":"purchasable","14":"product-type-variable"},"acf":[],"yoast_head":"<!-- This site is optimized with the Yoast SEO Premium plugin v27.5 (Yoast SEO v27.5) - https:\/\/yoast.com\/product\/yoast-seo-premium-wordpress\/ -->\n<title>Verticallizzatori per anziani e disabili. Prezzi imbattibili.<\/title>\n<meta name=\"description\" content=\"Noleggio Verticalizzatore elettrico per anziani e disabili. Da 3,70\u20ac al giorno. Migliore Prezzo Garantito. Esperti al tuo servizio. Prezzi imbattibili.\" \/>\n<meta name=\"robots\" content=\"index, follow, max-snippet:-1, max-image-preview:large, max-video-preview:-1\" \/>\n<link rel=\"canonical\" href=\"https:\/\/www.miamedicalitalia.it\/pt\/produto\/noleggio-verticalizzatore-a-domicilio\/\" \/>\n<meta property=\"og:locale\" content=\"pt_PT\" \/>\n<meta property=\"og:type\" content=\"article\" \/>\n<meta property=\"og:title\" content=\"Verticallizzatori per anziani e disabili. Prezzi imbattibili.\" \/>\n<meta property=\"og:description\" content=\"Noleggio Verticalizzatore elettrico per anziani e disabili. Da 3,70\u20ac al giorno. Migliore Prezzo Garantito. Esperti al tuo servizio. Prezzi imbattibili.\" \/>\n<meta property=\"og:url\" content=\"https:\/\/www.miamedicalitalia.it\/pt\/produto\/noleggio-verticalizzatore-a-domicilio\/\" \/>\n<meta property=\"og:site_name\" content=\"Mia Medical\" \/>\n<meta property=\"article:publisher\" content=\"https:\/\/www.facebook.com\/miamedicalitalia\" \/>\n<meta property=\"article:modified_time\" content=\"2026-03-26T14:29:23+00:00\" \/>\n<meta property=\"og:image\" content=\"https:\/\/www.miamedicalitalia.it\/wp-content\/uploads\/2022\/12\/verticallizzatore-mia-medical-150x150-1.jpg\" \/>\n\t<meta property=\"og:image:width\" content=\"1000\" \/>\n\t<meta property=\"og:image:height\" content=\"1000\" \/>\n\t<meta property=\"og:image:type\" content=\"image\/jpeg\" \/>\n<meta name=\"twitter:card\" content=\"summary_large_image\" \/>\n<meta name=\"twitter:label1\" content=\"Tempo estimado de leitura\" \/>\n\t<meta name=\"twitter:data1\" content=\"3 minutos\" \/>\n<script type=\"application\/ld+json\" class=\"yoast-schema-graph\">{\"@context\":\"https:\\\/\\\/schema.org\",\"@graph\":[{\"@type\":\"WebPage\",\"@id\":\"https:\\\/\\\/www.miamedicalitalia.it\\\/prodotto\\\/noleggio-verticalizzatore-a-domicilio\\\/\",\"url\":\"https:\\\/\\\/www.miamedicalitalia.it\\\/prodotto\\\/noleggio-verticalizzatore-a-domicilio\\\/\",\"name\":\"Verticallizzatori per anziani e disabili. Prezzi imbattibili.\",\"isPartOf\":{\"@id\":\"https:\\\/\\\/www.miamedicalitalia.it\\\/#website\"},\"primaryImageOfPage\":{\"@id\":\"https:\\\/\\\/www.miamedicalitalia.it\\\/prodotto\\\/noleggio-verticalizzatore-a-domicilio\\\/#primaryimage\"},\"image\":{\"@id\":\"https:\\\/\\\/www.miamedicalitalia.it\\\/prodotto\\\/noleggio-verticalizzatore-a-domicilio\\\/#primaryimage\"},\"thumbnailUrl\":\"https:\\\/\\\/www.miamedicalitalia.it\\\/wp-content\\\/uploads\\\/2022\\\/12\\\/verticallizzatore-mia-medical-150x150-1.jpg\",\"datePublished\":\"2022-12-21T16:14:36+00:00\",\"dateModified\":\"2026-03-26T14:29:23+00:00\",\"description\":\"Noleggio Verticalizzatore elettrico per anziani e disabili. Da 3,70\u20ac al giorno. Migliore Prezzo Garantito. Esperti al tuo servizio. Prezzi imbattibili.\",\"breadcrumb\":{\"@id\":\"https:\\\/\\\/www.miamedicalitalia.it\\\/prodotto\\\/noleggio-verticalizzatore-a-domicilio\\\/#breadcrumb\"},\"inLanguage\":\"pt-PT\",\"potentialAction\":[{\"@type\":\"ReadAction\",\"target\":[\"https:\\\/\\\/www.miamedicalitalia.it\\\/prodotto\\\/noleggio-verticalizzatore-a-domicilio\\\/\"]}]},{\"@type\":\"ImageObject\",\"inLanguage\":\"pt-PT\",\"@id\":\"https:\\\/\\\/www.miamedicalitalia.it\\\/prodotto\\\/noleggio-verticalizzatore-a-domicilio\\\/#primaryimage\",\"url\":\"https:\\\/\\\/www.miamedicalitalia.it\\\/wp-content\\\/uploads\\\/2022\\\/12\\\/verticallizzatore-mia-medical-150x150-1.jpg\",\"contentUrl\":\"https:\\\/\\\/www.miamedicalitalia.it\\\/wp-content\\\/uploads\\\/2022\\\/12\\\/verticallizzatore-mia-medical-150x150-1.jpg\",\"width\":1000,\"height\":1000},{\"@type\":\"BreadcrumbList\",\"@id\":\"https:\\\/\\\/www.miamedicalitalia.it\\\/prodotto\\\/noleggio-verticalizzatore-a-domicilio\\\/#breadcrumb\",\"itemListElement\":[{\"@type\":\"ListItem\",\"position\":1,\"name\":\"Home\",\"item\":\"https:\\\/\\\/www.miamedicalitalia.it\\\/\"},{\"@type\":\"ListItem\",\"position\":2,\"name\":\"Shop\",\"item\":\"https:\\\/\\\/www.miamedicalitalia.it\\\/negozio\\\/\"},{\"@type\":\"ListItem\",\"position\":3,\"name\":\"Affitto e noleggio\",\"item\":\"https:\\\/\\\/www.miamedicalitalia.it\\\/categoria\\\/affitto-e-noleggio-ausili\\\/\"},{\"@type\":\"ListItem\",\"position\":4,\"name\":\"Noleggio Verticalizzatore Elettrico\"}]},{\"@type\":\"WebSite\",\"@id\":\"https:\\\/\\\/www.miamedicalitalia.it\\\/#website\",\"url\":\"https:\\\/\\\/www.miamedicalitalia.it\\\/\",\"name\":\"www.miamedicalitalia.it\",\"description\":\"Noleggio e Vendita Attrezzatura Sanitarie\",\"publisher\":{\"@id\":\"https:\\\/\\\/www.miamedicalitalia.it\\\/#organization\"},\"potentialAction\":[{\"@type\":\"SearchAction\",\"target\":{\"@type\":\"EntryPoint\",\"urlTemplate\":\"https:\\\/\\\/www.miamedicalitalia.it\\\/?s={search_term_string}\"},\"query-input\":{\"@type\":\"PropertyValueSpecification\",\"valueRequired\":true,\"valueName\":\"search_term_string\"}}],\"inLanguage\":\"pt-PT\"},{\"@type\":\"Organization\",\"@id\":\"https:\\\/\\\/www.miamedicalitalia.it\\\/#organization\",\"name\":\"OLG\",\"url\":\"https:\\\/\\\/www.miamedicalitalia.it\\\/\",\"logo\":{\"@type\":\"ImageObject\",\"inLanguage\":\"pt-PT\",\"@id\":\"https:\\\/\\\/www.miamedicalitalia.it\\\/#\\\/schema\\\/logo\\\/image\\\/\",\"url\":\"https:\\\/\\\/www.miamedicalitalia.it\\\/wp-content\\\/uploads\\\/2023\\\/04\\\/mia-medical-logo-free.png\",\"contentUrl\":\"https:\\\/\\\/www.miamedicalitalia.it\\\/wp-content\\\/uploads\\\/2023\\\/04\\\/mia-medical-logo-free.png\",\"width\":700,\"height\":700,\"caption\":\"OLG\"},\"image\":{\"@id\":\"https:\\\/\\\/www.miamedicalitalia.it\\\/#\\\/schema\\\/logo\\\/image\\\/\"},\"sameAs\":[\"https:\\\/\\\/www.facebook.com\\\/miamedicalitalia\"]}]}<\/script>\n<!-- \/ Yoast SEO Premium plugin. -->","yoast_head_json":{"title":"Verticallisers para pessoas idosas e deficientes. Pre\u00e7os imbat\u00edveis.","description":"Aluguer de um elevador el\u00e9trico para cadeiras de rodas para pessoas idosas e deficientes. A partir de 3,70\u20ac por dia. Melhor pre\u00e7o garantido. Especialistas ao seu servi\u00e7o. Pre\u00e7os imbat\u00edveis.","robots":{"index":"index","follow":"follow","max-snippet":"max-snippet:-1","max-image-preview":"max-image-preview:large","max-video-preview":"max-video-preview:-1"},"canonical":"https:\/\/www.miamedicalitalia.it\/pt\/produto\/noleggio-verticalizzatore-a-domicilio\/","og_locale":"pt_PT","og_type":"article","og_title":"Verticallizzatori per anziani e disabili. Prezzi imbattibili.","og_description":"Noleggio Verticalizzatore elettrico per anziani e disabili. Da 3,70\u20ac al giorno. Migliore Prezzo Garantito. Esperti al tuo servizio. Prezzi imbattibili.","og_url":"https:\/\/www.miamedicalitalia.it\/pt\/produto\/noleggio-verticalizzatore-a-domicilio\/","og_site_name":"Mia Medical","article_publisher":"https:\/\/www.facebook.com\/miamedicalitalia","article_modified_time":"2026-03-26T14:29:23+00:00","og_image":[{"width":1000,"height":1000,"url":"https:\/\/www.miamedicalitalia.it\/wp-content\/uploads\/2022\/12\/verticallizzatore-mia-medical-150x150-1.jpg","type":"image\/jpeg"}],"twitter_card":"summary_large_image","twitter_misc":{"Tempo estimado de leitura":"3 minutos"},"schema":{"@context":"https:\/\/schema.org","@graph":[{"@type":"WebPage","@id":"https:\/\/www.miamedicalitalia.it\/prodotto\/noleggio-verticalizzatore-a-domicilio\/","url":"https:\/\/www.miamedicalitalia.it\/prodotto\/noleggio-verticalizzatore-a-domicilio\/","name":"Verticallisers para pessoas idosas e deficientes. Pre\u00e7os imbat\u00edveis.","isPartOf":{"@id":"https:\/\/www.miamedicalitalia.it\/#website"},"primaryImageOfPage":{"@id":"https:\/\/www.miamedicalitalia.it\/prodotto\/noleggio-verticalizzatore-a-domicilio\/#primaryimage"},"image":{"@id":"https:\/\/www.miamedicalitalia.it\/prodotto\/noleggio-verticalizzatore-a-domicilio\/#primaryimage"},"thumbnailUrl":"https:\/\/www.miamedicalitalia.it\/wp-content\/uploads\/2022\/12\/verticallizzatore-mia-medical-150x150-1.jpg","datePublished":"2022-12-21T16:14:36+00:00","dateModified":"2026-03-26T14:29:23+00:00","description":"Aluguer de um elevador el\u00e9trico para cadeiras de rodas para pessoas idosas e deficientes. A partir de 3,70\u20ac por dia. Melhor pre\u00e7o garantido. Especialistas ao seu servi\u00e7o. Pre\u00e7os imbat\u00edveis.","breadcrumb":{"@id":"https:\/\/www.miamedicalitalia.it\/prodotto\/noleggio-verticalizzatore-a-domicilio\/#breadcrumb"},"inLanguage":"pt-PT","potentialAction":[{"@type":"ReadAction","target":["https:\/\/www.miamedicalitalia.it\/prodotto\/noleggio-verticalizzatore-a-domicilio\/"]}]},{"@type":"ImageObject","inLanguage":"pt-PT","@id":"https:\/\/www.miamedicalitalia.it\/prodotto\/noleggio-verticalizzatore-a-domicilio\/#primaryimage","url":"https:\/\/www.miamedicalitalia.it\/wp-content\/uploads\/2022\/12\/verticallizzatore-mia-medical-150x150-1.jpg","contentUrl":"https:\/\/www.miamedicalitalia.it\/wp-content\/uploads\/2022\/12\/verticallizzatore-mia-medical-150x150-1.jpg","width":1000,"height":1000},{"@type":"BreadcrumbList","@id":"https:\/\/www.miamedicalitalia.it\/prodotto\/noleggio-verticalizzatore-a-domicilio\/#breadcrumb","itemListElement":[{"@type":"ListItem","position":1,"name":"Home","item":"https:\/\/www.miamedicalitalia.it\/"},{"@type":"ListItem","position":2,"name":"Shop","item":"https:\/\/www.miamedicalitalia.it\/negozio\/"},{"@type":"ListItem","position":3,"name":"Affitto e noleggio","item":"https:\/\/www.miamedicalitalia.it\/categoria\/affitto-e-noleggio-ausili\/"},{"@type":"ListItem","position":4,"name":"Noleggio Verticalizzatore Elettrico"}]},{"@type":"WebSite","@id":"https:\/\/www.miamedicalitalia.it\/#website","url":"https:\/\/www.miamedicalitalia.it\/","name":"www.miamedicalitalia.it","description":"Aluguer e venda de equipamento sanit\u00e1rio","publisher":{"@id":"https:\/\/www.miamedicalitalia.it\/#organization"},"potentialAction":[{"@type":"SearchAction","target":{"@type":"EntryPoint","urlTemplate":"https:\/\/www.miamedicalitalia.it\/?s={search_term_string}"},"query-input":{"@type":"PropertyValueSpecification","valueRequired":true,"valueName":"search_term_string"}}],"inLanguage":"pt-PT"},{"@type":"Organization","@id":"https:\/\/www.miamedicalitalia.it\/#organization","name":"OLG","url":"https:\/\/www.miamedicalitalia.it\/","logo":{"@type":"ImageObject","inLanguage":"pt-PT","@id":"https:\/\/www.miamedicalitalia.it\/#\/schema\/logo\/image\/","url":"https:\/\/www.miamedicalitalia.it\/wp-content\/uploads\/2023\/04\/mia-medical-logo-free.png","contentUrl":"https:\/\/www.miamedicalitalia.it\/wp-content\/uploads\/2023\/04\/mia-medical-logo-free.png","width":700,"height":700,"caption":"OLG"},"image":{"@id":"https:\/\/www.miamedicalitalia.it\/#\/schema\/logo\/image\/"},"sameAs":["https:\/\/www.facebook.com\/miamedicalitalia"]}]}},"wcpa_form_fields":null,"_links":{"self":[{"href":"https:\/\/www.miamedicalitalia.it\/pt\/wp-json\/wp\/v2\/product\/8853","targetHints":{"allow":["GET"]}}],"collection":[{"href":"https:\/\/www.miamedicalitalia.it\/pt\/wp-json\/wp\/v2\/product"}],"about":[{"href":"https:\/\/www.miamedicalitalia.it\/pt\/wp-json\/wp\/v2\/types\/product"}],"wp:featuredmedia":[{"embeddable":true,"href":"https:\/\/www.miamedicalitalia.it\/pt\/wp-json\/wp\/v2\/media\/12140"}],"wp:attachment":[{"href":"https:\/\/www.miamedicalitalia.it\/pt\/wp-json\/wp\/v2\/media?parent=8853"}],"wp:term":[{"taxonomy":"home-category","embeddable":true,"href":"https:\/\/www.miamedicalitalia.it\/pt\/wp-json\/wp\/v2\/home-category?post=8853"},{"taxonomy":"product_brand","embeddable":true,"href":"https:\/\/www.miamedicalitalia.it\/pt\/wp-json\/wp\/v2\/product_brand?post=8853"},{"taxonomy":"product_cat","embeddable":true,"href":"https:\/\/www.miamedicalitalia.it\/pt\/wp-json\/wp\/v2\/product_cat?post=8853"},{"taxonomy":"product_tag","embeddable":true,"href":"https:\/\/www.miamedicalitalia.it\/pt\/wp-json\/wp\/v2\/product_tag?post=8853"},{"taxonomy":"woo-feed-brand","embeddable":true,"href":"https:\/\/www.miamedicalitalia.it\/pt\/wp-json\/wp\/v2\/woo-feed-brand?post=8853"}],"curies":[{"name":"wp","href":"https:\/\/api.w.org\/{rel}","templated":true}]}}