{"id":8852,"date":"2022-12-21T17:14:36","date_gmt":"2022-12-21T16:14:36","guid":{"rendered":"https:\/\/www.miamedicalitalia.it\/?post_type=product&#038;p=8852"},"modified":"2026-01-07T12:00:41","modified_gmt":"2026-01-07T10:00:41","slug":"sollevatore-elettrico-forfait-imbattibili","status":"publish","type":"product","link":"https:\/\/www.miamedicalitalia.it\/pt\/produto\/sollevatore-elettrico-forfait-imbattibili\/","title":{"rendered":"Aluguer de elevadores el\u00e9ctricos de lan\u00e7a"},"content":{"rendered":"<h4 class=\"wp-block-heading\" id=\"h-noleggio-sollevatore-elettrico-con-asta-per-anziani-e-persone-con-disabilita-ad-alta-portata-per-chi-assiste-ogni-giorno-con-cura-forza-e-responsabilita\">Noleggio Sollevatore Elettrico con asta per anziani e persone con disabilit\u00e0 ad alta portata: per chi assiste ogni giorno con cura, forza e responsabilit\u00e0.<\/h4>\n\n\n\n<p>Prestar assist\u00eancia a uma pessoa com mobilidade reduzida \u00e9 uma miss\u00e3o que requer aten\u00e7\u00e3o, per\u00edcia e as ferramentas certas. O servi\u00e7o de aluguer do <strong>Elevador el\u00e9trico MUEVO RI828<\/strong>&nbsp;com haste foi concebido para garantir&nbsp;<strong>m\u00e1xima seguran\u00e7a e pot\u00eancia mesmo nas transfer\u00eancias mais complexas<\/strong>suportando utilizadores at\u00e9&nbsp;<strong>200 kg<\/strong>&nbsp;de peso. Uma solu\u00e7\u00e3o duradoura e fi\u00e1vel concebida para&nbsp;<strong>facilitar o trabalho dos prestadores de cuidados e dos cuidadores no domic\u00edlio ou na cl\u00ednica<\/strong>.<\/p>\n\n\n\n<h4 class=\"wp-block-heading\" id=\"h-un-aiuto-concreto-per-chi-si-prende-cura-degli-altri\">Ajuda concreta para quem cuida dos outros<\/h4>\n\n\n\n<blockquote class=\"wp-block-quote is-layout-flow wp-block-quote-is-layout-flow\">\n<p>A utiliza\u00e7\u00e3o de um elevador \u00e9 particularmente \u00fatil quando o paciente \u00e9 incapaz de se deslocar, por exemplo, da cadeira de rodas para a cama, ou da cadeira de rodas para a poltrona, uma vez que o seu estado de sa\u00fade inibe os movimentos activos e passivos, pode ser utilizado um elevador de cadeira de rodas. Este modelo oferece: <\/p>\n\n\n\n<ul class=\"wp-block-list\">\n<li><strong>Elevada capacidade de eleva\u00e7\u00e3o<\/strong>suporta at\u00e9&nbsp;<strong>200 kg<\/strong>tamb\u00e9m ideal para pacientes bari\u00e1tricos.<\/li>\n\n\n\n<li><strong>Base regul\u00e1vel em largura<\/strong>Adapta-se facilmente a espa\u00e7os dom\u00e9sticos confinados ou a quartos mobilados.<\/li>\n\n\n\n<li><strong>Estrutura desmont\u00e1vel<\/strong>&nbsp;em a\u00e7o pintado: dur\u00e1vel, mas f\u00e1cil de montar e de transportar.<\/li>\n\n\n\n<li><strong>Seguran\u00e7a integrada<\/strong>descida manual de emerg\u00eancia, bot\u00e3o de paragem e prote\u00e7\u00e3o anti-esmagamento.<\/li>\n\n\n\n<li><strong>Bateria de longa dura\u00e7\u00e3o<\/strong>mais de 40 ciclos de carga completa com uma \u00fanica carga.<\/li>\n\n\n\n<li><strong>Avisos visuais e ac\u00fasticos<\/strong>Indicam claramente quando a bateria precisa de ser recarregada.<\/li>\n<\/ul>\n\n\n\n<ul class=\"wp-block-list\">\n<li><\/li>\n<\/ul>\n<\/blockquote>\n\n\n\n<h4 class=\"wp-block-heading\" id=\"h-specifiche-tecniche-del-sollevatore-elettrico-con-asta-ad-alta-portata\">Especifica\u00e7\u00f5es t\u00e9cnicas do elevador de barras el\u00e9trico de alta capacidade<\/h4>\n\n\n\n<ul class=\"wp-block-list\">\n<li><strong>Motor el\u00e9trico TiMotion<\/strong><\/li>\n\n\n\n<li><strong>Caudal m\u00e1ximo<\/strong>200 kg<\/li>\n\n\n\n<li><strong>Estrutura<\/strong>: a\u00e7o pintado com punhos em poliuretano<\/li>\n\n\n\n<li><strong>Rodas girat\u00f3rias de 10 cm<\/strong>dois com trav\u00f5es<\/li>\n\n\n\n<li><strong>Abertura manual da perna da alavanca<\/strong><\/li>\n\n\n\n<li><strong>Bateria amov\u00edvel com indicador de descarga<\/strong><\/li>\n<\/ul>\n\n\n\n<p>Clicar <a href=\"https:\/\/www.miamedicalitalia.it\/wp-content\/uploads\/2022\/12\/sollevatore-con-asta-.pdf?_gl=1*1rhhl60*_up*MQ..*_ga*ODE3OTQwNDIwLjE3NDQ0NjU4ODI.*_ga_D9FZ9V3LL7*MTc0NDQ2NTg4Mi4xLjEuMTc0NDQ2NTg5Mi4wLjAuMA..\">aqui<\/a> para consultar a ficha t\u00e9cnica completa. <\/p>\n\n\n\n<h4 class=\"wp-block-heading\" id=\"h-per-chi-e-pensato-il-noleggio-del-sollevatore-elettrico-muevo-ri828\">A quem se destina o guincho el\u00e9trico MUEVO RI828?<\/h4>\n\n\n\n<p>Esta ajuda m\u00e9dica \u00e9 a escolha ideal para:<\/p>\n\n\n\n<ul class=\"wp-block-list\">\n<li><strong>Prestadores de cuidados ao domic\u00edlio<\/strong>&nbsp;gest\u00e3o de doentes sem mobilidade ou com mobilidade muito reduzida.<\/li>\n\n\n\n<li><strong>Fam\u00edlias que cuidam de pessoas com defici\u00eancia ou doen\u00e7as complexas<\/strong>&nbsp;que exigem seguran\u00e7a m\u00e1xima nas transfer\u00eancias.<\/li>\n\n\n\n<li>Situa\u00e7\u00f5es de&nbsp;<strong>cuidados p\u00f3s-operat\u00f3rios<\/strong>&nbsp;ou casa de longa perman\u00eancia.<\/li>\n\n\n\n<li>Ambientes residenciais onde \u00e9 necess\u00e1rio um dispositivo&nbsp;<strong>robusto mas f\u00e1cil de gerir<\/strong>.<\/li>\n\n\n\n<li><strong>Cl\u00ednicas<\/strong> e <strong>hospitais<\/strong> que pretendem garantir a m\u00e1xima seguran\u00e7a e conforto aos seus pacientes.<\/li>\n<\/ul>\n\n\n\n<h4 class=\"wp-block-heading\" id=\"h-migliora-le-qualita-dell-assistenza-riduci-lo-sforzo-fisico\">Melhorar a qualidade dos cuidados, reduzir o esfor\u00e7o f\u00edsico <\/h4>\n\n\n\n<p>O servi\u00e7o de aluguer de elevadores el\u00e9ctricos de postes MUEVO RI828 \u00e9 um aliado silencioso que o ajuda a evitar o esfor\u00e7o excessivo, a reduzir o risco de les\u00f5es e a enfrentar o dia com maior tranquilidade. Cada transfer\u00eancia torna-se mais segura para a pessoa que a recebe e mais f\u00e1cil para a pessoa que a efectua. <\/p>\n\n\n\n<p>A <strong>investimento inteligente<\/strong> para proteger o <strong>sa\u00fade<\/strong> do prestador de cuidados e melhorar o seu bem-estar.<\/p>\n\n\n\n<p>Visite o nosso <strong><a href=\"https:\/\/www.miamedicalitalia.it\/pt\/categoria\/affitto-e-noleggio-ausili\/noleggio-sollevatori-verticalizzatori\/?_gl=1*b43y02*_up*MQ..*_ga*OTQxOTI0NzI3LjE3NDQ0Njc1NjM.*_ga_D9FZ9V3LL7*MTc0NDQ2NzU2Mi4xLjEuMTc0NDQ2NzU4Mi4wLjAuMA..\">.<\/a><\/strong> para descobrir a vasta gama de elevadores da Mia Medical Italia e contactar-nos para uma <strong>consulta gratuita<\/strong>sem compromisso, para saber qual o modelo que melhor se adapta \u00e0s suas necessidades e \u00e0s necessidades das pessoas que assiste. <\/p>\n\n\n\n<h4 class=\"wp-block-heading\" id=\"h-perche-scegliere-il-servizio-di-noleggio-mia-medical-italia\">Porqu\u00ea escolher o servi\u00e7o de aluguer da Mia Medical Italia<\/h4>\n\n\n\n<p>Escolher-nos como seus aliados de aluguer:<\/p>\n\n\n\n<ul class=\"wp-block-list\">\n<li>Hai <strong>assist\u00eancia personalizada<\/strong> e <strong>entrega do dispositivo diretamente em sua casa<\/strong>.<\/li>\n\n\n\n<li>Encontrar <strong>dispositivos higienizados, seguros e controlados<\/strong> por pessoal qualificado.<\/li>\n\n\n\n<li>Hai <strong>apoio local imediato<\/strong>tanto em Roma como em Floren\u00e7a.<\/li>\n\n\n\n<li>Livro de certa forma <strong>f\u00e1cil<\/strong>com <strong>tarifas transparentes<\/strong> e <strong>op\u00e7\u00f5es flex\u00edveis<\/strong> de acordo com as suas necessidades.<\/li>\n\n\n\n<li><strong><a href=\"https:\/\/www.morettispa.com\/prodotto\/sollevamalati-in-acciaio-verniciato-elettrico-timotion-modello-ingombro-standard-apertura-gambe-a-leva-portata-max-150-kg\/\">Dispositivos de \u00faltima gera\u00e7\u00e3o e da melhor qualidade do mercado.<\/a><\/strong><\/li>\n<\/ul>\n\n\n\n<p>Al\u00e9m disso, se for o prestador de cuidados a uma pessoa dependente e precisar de ajuda, recomendamos que visite a nossa <strong>enfermeira<\/strong> de confian\u00e7a <strong><a href=\"http:\/\/www.arnaldiandrea.com\">Andrea Arnaldi<\/a><\/strong>especializado em cuidados ao domic\u00edlio, permitir\u00e1 que os seus entes queridos ou doentes prossigam os tratamentos necess\u00e1rios no conforto do seu lar! N\u00e3o hesite em contact\u00e1-lo. <\/p>\n\n\n\n<h4 class=\"wp-block-heading\" id=\"h-come-noleggiare-il-tuo-sollevatore-elettrico-per-anziani-e-persone-con-disabilita\">Come noleggiare il tuo sollevatore elettrico per anziani e persone con disabilit\u00e0 <\/h4>\n\n\n\n<p><strong><a href=\"https:\/\/wa.me\/393926509237\">Contactar-nos<\/a><\/strong>&nbsp;hoje para saber a disponibilidade e o or\u00e7amento. Al\u00e9m disso, se ainda n\u00e3o o convencemos, contacte-nos agora para&nbsp;<strong><a href=\"https:\/\/wa.me\/393926509237\">+39 392 65 09 237.<\/a><\/strong>&nbsp;O nosso&nbsp;<strong>equipa de especialistas<\/strong>&nbsp;do sector estar\u00e3o dispon\u00edveis para responder a todas as suas perguntas e esclarecer quaisquer d\u00favidas.&nbsp;<strong>Contactar-nos&nbsp;<\/strong>hoje para receber uma consulta gratuita e sem compromisso e deixar que os nossos especialistas o orientem para uma experi\u00eancia de aluguer personalizada e adaptada \u00e0s suas necessidades.<\/p>\n\n\n\n<p>Nota: n\u00e3o se esque\u00e7a de <a href=\"https:\/\/www.miamedicalitalia.it\/pt\/mia-medical-condizioni-di-noleggio-dei-nostri-ausili-medicali\/?_gl=1*yeqgme*_up*MQ..*_ga*OTQxOTI0NzI3LjE3NDQ0Njc1NjM.*_ga_D9FZ9V3LL7*MTc0NDQ2NzU2Mi4xLjEuMTc0NDQ2ODI5Mi4wLjAuMA..\">consultar as nossas condi\u00e7\u00f5es de aluguer. <\/a><\/p>","protected":false},"excerpt":{"rendered":"<div style=\"font-family: Arial, sans-serif; background-color: #234091; padding: 30px; border-radius: 25px; max-width: 600px; color: #ffffff; position: relative; border-top: 6px solid #2498fe;\">\n<h3 style=\"margin-top: 0; margin-bottom: 15px; color: #ffffff;\">Aluguer de guincho el\u00e9trico com linga.<\/h3>\n<p>Consegna a Roma e Firenze a partire da 45\u20ac.<\/p>\n<p><strong>Entrega gratuita<\/strong> para alugueres de 60 dias!<\/p>\n<p><strong>N\u00e3o \u00e9 necess\u00e1rio dep\u00f3sito.<\/strong><\/p>\n<p>A entrega e a recolha no armaz\u00e9m s\u00e3o <strong>GR\u00c1TIS!<\/strong><\/p>\n<\/div>\n<p><!-- Linea bianca sotto --><\/p>\n<div style=\"height: 6px; background-color: #ffffff; max-width: 600px;\">\u00a0<\/div>","protected":false},"featured_media":12138,"template":"","meta":{"_acf_changed":false},"home-category":[],"product_brand":[],"product_cat":[81],"product_tag":[101],"woo-feed-brand":[],"class_list":{"0":"post-8852","1":"product","2":"type-product","3":"status-publish","4":"has-post-thumbnail","6":"product_cat-noleggio-sollevatori","7":"product_tag-sollevatore-elettrico-per-disabili","8":"wcpa_has_options","10":"first","11":"instock","12":"shipping-taxable","13":"purchasable","14":"product-type-variable"},"acf":[],"yoast_head":"<!-- This site is optimized with the Yoast SEO Premium plugin v27.5 (Yoast SEO v27.5) - https:\/\/yoast.com\/product\/yoast-seo-premium-wordpress\/ -->\n<title>Noleggio Sollevatore Elettrico. Da 2,50\u20ac al giorno. Solo da Noi.<\/title>\n<meta name=\"description\" content=\"Noleggio Sollevatore elettrico con asta per anziani e persone con disabilit\u00e0. Contattaci al +39 392 65 09 237 per maggiori informazioni.\" \/>\n<meta name=\"robots\" content=\"index, follow, max-snippet:-1, max-image-preview:large, max-video-preview:-1\" \/>\n<link rel=\"canonical\" href=\"https:\/\/www.miamedicalitalia.it\/pt\/produto\/sollevatore-elettrico-forfait-imbattibili\/\" \/>\n<meta property=\"og:locale\" content=\"pt_PT\" \/>\n<meta property=\"og:type\" content=\"article\" \/>\n<meta property=\"og:title\" content=\"Noleggio Sollevatore Elettrico. Da 2,50\u20ac al giorno. Solo da Noi.\" \/>\n<meta property=\"og:description\" content=\"Noleggio Sollevatore elettrico con asta per anziani e persone con disabilit\u00e0. Contattaci al +39 392 65 09 237 per maggiori informazioni.\" \/>\n<meta property=\"og:url\" content=\"https:\/\/www.miamedicalitalia.it\/pt\/produto\/sollevatore-elettrico-forfait-imbattibili\/\" \/>\n<meta property=\"og:site_name\" content=\"Mia Medical\" \/>\n<meta property=\"article:publisher\" content=\"https:\/\/www.facebook.com\/miamedicalitalia\" \/>\n<meta property=\"article:modified_time\" content=\"2026-01-07T10:00:41+00:00\" \/>\n<meta property=\"og:image\" content=\"https:\/\/www.miamedicalitalia.it\/wp-content\/uploads\/2022\/12\/SOLLEVATORE-ELTTRICO-DA-TERRA-.jpg\" \/>\n\t<meta property=\"og:image:width\" content=\"1000\" \/>\n\t<meta property=\"og:image:height\" content=\"1000\" \/>\n\t<meta property=\"og:image:type\" content=\"image\/jpeg\" \/>\n<meta name=\"twitter:card\" content=\"summary_large_image\" \/>\n<meta name=\"twitter:label1\" content=\"Tempo estimado de leitura\" \/>\n\t<meta name=\"twitter:data1\" content=\"1 minuto\" \/>\n<script type=\"application\/ld+json\" class=\"yoast-schema-graph\">{\"@context\":\"https:\\\/\\\/schema.org\",\"@graph\":[{\"@type\":\"WebPage\",\"@id\":\"https:\\\/\\\/www.miamedicalitalia.it\\\/prodotto\\\/sollevatore-elettrico-forfait-imbattibili\\\/\",\"url\":\"https:\\\/\\\/www.miamedicalitalia.it\\\/prodotto\\\/sollevatore-elettrico-forfait-imbattibili\\\/\",\"name\":\"Noleggio Sollevatore Elettrico. Da 2,50\u20ac al giorno. Solo da Noi.\",\"isPartOf\":{\"@id\":\"https:\\\/\\\/www.miamedicalitalia.it\\\/#website\"},\"primaryImageOfPage\":{\"@id\":\"https:\\\/\\\/www.miamedicalitalia.it\\\/prodotto\\\/sollevatore-elettrico-forfait-imbattibili\\\/#primaryimage\"},\"image\":{\"@id\":\"https:\\\/\\\/www.miamedicalitalia.it\\\/prodotto\\\/sollevatore-elettrico-forfait-imbattibili\\\/#primaryimage\"},\"thumbnailUrl\":\"https:\\\/\\\/www.miamedicalitalia.it\\\/wp-content\\\/uploads\\\/2022\\\/12\\\/SOLLEVATORE-ELTTRICO-DA-TERRA-.jpg\",\"datePublished\":\"2022-12-21T16:14:36+00:00\",\"dateModified\":\"2026-01-07T10:00:41+00:00\",\"description\":\"Noleggio Sollevatore elettrico con asta per anziani e persone con disabilit\u00e0. Contattaci al +39 392 65 09 237 per maggiori informazioni.\",\"breadcrumb\":{\"@id\":\"https:\\\/\\\/www.miamedicalitalia.it\\\/prodotto\\\/sollevatore-elettrico-forfait-imbattibili\\\/#breadcrumb\"},\"inLanguage\":\"pt-PT\",\"potentialAction\":[{\"@type\":\"ReadAction\",\"target\":[\"https:\\\/\\\/www.miamedicalitalia.it\\\/prodotto\\\/sollevatore-elettrico-forfait-imbattibili\\\/\"]}]},{\"@type\":\"ImageObject\",\"inLanguage\":\"pt-PT\",\"@id\":\"https:\\\/\\\/www.miamedicalitalia.it\\\/prodotto\\\/sollevatore-elettrico-forfait-imbattibili\\\/#primaryimage\",\"url\":\"https:\\\/\\\/www.miamedicalitalia.it\\\/wp-content\\\/uploads\\\/2022\\\/12\\\/SOLLEVATORE-ELTTRICO-DA-TERRA-.jpg\",\"contentUrl\":\"https:\\\/\\\/www.miamedicalitalia.it\\\/wp-content\\\/uploads\\\/2022\\\/12\\\/SOLLEVATORE-ELTTRICO-DA-TERRA-.jpg\",\"width\":1000,\"height\":1000,\"caption\":\"SOLLEVA MALATO ELETTRICO\"},{\"@type\":\"BreadcrumbList\",\"@id\":\"https:\\\/\\\/www.miamedicalitalia.it\\\/prodotto\\\/sollevatore-elettrico-forfait-imbattibili\\\/#breadcrumb\",\"itemListElement\":[{\"@type\":\"ListItem\",\"position\":1,\"name\":\"Home\",\"item\":\"https:\\\/\\\/www.miamedicalitalia.it\\\/\"},{\"@type\":\"ListItem\",\"position\":2,\"name\":\"Shop\",\"item\":\"https:\\\/\\\/www.miamedicalitalia.it\\\/negozio\\\/\"},{\"@type\":\"ListItem\",\"position\":3,\"name\":\"Affitto e noleggio\",\"item\":\"https:\\\/\\\/www.miamedicalitalia.it\\\/categoria\\\/affitto-e-noleggio-ausili\\\/\"},{\"@type\":\"ListItem\",\"position\":4,\"name\":\"Sollevatori\",\"item\":\"https:\\\/\\\/www.miamedicalitalia.it\\\/categoria\\\/affitto-e-noleggio-ausili\\\/noleggio-sollevatori\\\/\"},{\"@type\":\"ListItem\",\"position\":5,\"name\":\"Noleggio Sollevatore elettrico con asta\"}]},{\"@type\":\"WebSite\",\"@id\":\"https:\\\/\\\/www.miamedicalitalia.it\\\/#website\",\"url\":\"https:\\\/\\\/www.miamedicalitalia.it\\\/\",\"name\":\"www.miamedicalitalia.it\",\"description\":\"Noleggio e Vendita Attrezzatura Sanitarie\",\"publisher\":{\"@id\":\"https:\\\/\\\/www.miamedicalitalia.it\\\/#organization\"},\"potentialAction\":[{\"@type\":\"SearchAction\",\"target\":{\"@type\":\"EntryPoint\",\"urlTemplate\":\"https:\\\/\\\/www.miamedicalitalia.it\\\/?s={search_term_string}\"},\"query-input\":{\"@type\":\"PropertyValueSpecification\",\"valueRequired\":true,\"valueName\":\"search_term_string\"}}],\"inLanguage\":\"pt-PT\"},{\"@type\":\"Organization\",\"@id\":\"https:\\\/\\\/www.miamedicalitalia.it\\\/#organization\",\"name\":\"OLG\",\"url\":\"https:\\\/\\\/www.miamedicalitalia.it\\\/\",\"logo\":{\"@type\":\"ImageObject\",\"inLanguage\":\"pt-PT\",\"@id\":\"https:\\\/\\\/www.miamedicalitalia.it\\\/#\\\/schema\\\/logo\\\/image\\\/\",\"url\":\"https:\\\/\\\/www.miamedicalitalia.it\\\/wp-content\\\/uploads\\\/2023\\\/04\\\/mia-medical-logo-free.png\",\"contentUrl\":\"https:\\\/\\\/www.miamedicalitalia.it\\\/wp-content\\\/uploads\\\/2023\\\/04\\\/mia-medical-logo-free.png\",\"width\":700,\"height\":700,\"caption\":\"OLG\"},\"image\":{\"@id\":\"https:\\\/\\\/www.miamedicalitalia.it\\\/#\\\/schema\\\/logo\\\/image\\\/\"},\"sameAs\":[\"https:\\\/\\\/www.facebook.com\\\/miamedicalitalia\"]}]}<\/script>\n<!-- \/ Yoast SEO Premium plugin. -->","yoast_head_json":{"title":"Aluguer de elevadores el\u00e9ctricos. A partir de 2,50\u20ac por dia. S\u00f3 connosco.","description":"Noleggio Sollevatore elettrico con asta per anziani e persone con disabilit\u00e0. Contattaci al +39 392 65 09 237 per maggiori informazioni.","robots":{"index":"index","follow":"follow","max-snippet":"max-snippet:-1","max-image-preview":"max-image-preview:large","max-video-preview":"max-video-preview:-1"},"canonical":"https:\/\/www.miamedicalitalia.it\/pt\/produto\/sollevatore-elettrico-forfait-imbattibili\/","og_locale":"pt_PT","og_type":"article","og_title":"Noleggio Sollevatore Elettrico. Da 2,50\u20ac al giorno. Solo da Noi.","og_description":"Noleggio Sollevatore elettrico con asta per anziani e persone con disabilit\u00e0. Contattaci al +39 392 65 09 237 per maggiori informazioni.","og_url":"https:\/\/www.miamedicalitalia.it\/pt\/produto\/sollevatore-elettrico-forfait-imbattibili\/","og_site_name":"Mia Medical","article_publisher":"https:\/\/www.facebook.com\/miamedicalitalia","article_modified_time":"2026-01-07T10:00:41+00:00","og_image":[{"width":1000,"height":1000,"url":"https:\/\/www.miamedicalitalia.it\/wp-content\/uploads\/2022\/12\/SOLLEVATORE-ELTTRICO-DA-TERRA-.jpg","type":"image\/jpeg"}],"twitter_card":"summary_large_image","twitter_misc":{"Tempo estimado de leitura":"1 minuto"},"schema":{"@context":"https:\/\/schema.org","@graph":[{"@type":"WebPage","@id":"https:\/\/www.miamedicalitalia.it\/prodotto\/sollevatore-elettrico-forfait-imbattibili\/","url":"https:\/\/www.miamedicalitalia.it\/prodotto\/sollevatore-elettrico-forfait-imbattibili\/","name":"Aluguer de elevadores el\u00e9ctricos. A partir de 2,50\u20ac por dia. S\u00f3 connosco.","isPartOf":{"@id":"https:\/\/www.miamedicalitalia.it\/#website"},"primaryImageOfPage":{"@id":"https:\/\/www.miamedicalitalia.it\/prodotto\/sollevatore-elettrico-forfait-imbattibili\/#primaryimage"},"image":{"@id":"https:\/\/www.miamedicalitalia.it\/prodotto\/sollevatore-elettrico-forfait-imbattibili\/#primaryimage"},"thumbnailUrl":"https:\/\/www.miamedicalitalia.it\/wp-content\/uploads\/2022\/12\/SOLLEVATORE-ELTTRICO-DA-TERRA-.jpg","datePublished":"2022-12-21T16:14:36+00:00","dateModified":"2026-01-07T10:00:41+00:00","description":"Noleggio Sollevatore elettrico con asta per anziani e persone con disabilit\u00e0. Contattaci al +39 392 65 09 237 per maggiori informazioni.","breadcrumb":{"@id":"https:\/\/www.miamedicalitalia.it\/prodotto\/sollevatore-elettrico-forfait-imbattibili\/#breadcrumb"},"inLanguage":"pt-PT","potentialAction":[{"@type":"ReadAction","target":["https:\/\/www.miamedicalitalia.it\/prodotto\/sollevatore-elettrico-forfait-imbattibili\/"]}]},{"@type":"ImageObject","inLanguage":"pt-PT","@id":"https:\/\/www.miamedicalitalia.it\/prodotto\/sollevatore-elettrico-forfait-imbattibili\/#primaryimage","url":"https:\/\/www.miamedicalitalia.it\/wp-content\/uploads\/2022\/12\/SOLLEVATORE-ELTTRICO-DA-TERRA-.jpg","contentUrl":"https:\/\/www.miamedicalitalia.it\/wp-content\/uploads\/2022\/12\/SOLLEVATORE-ELTTRICO-DA-TERRA-.jpg","width":1000,"height":1000,"caption":"SOLLEVA MALATO ELETTRICO"},{"@type":"BreadcrumbList","@id":"https:\/\/www.miamedicalitalia.it\/prodotto\/sollevatore-elettrico-forfait-imbattibili\/#breadcrumb","itemListElement":[{"@type":"ListItem","position":1,"name":"Home","item":"https:\/\/www.miamedicalitalia.it\/"},{"@type":"ListItem","position":2,"name":"Shop","item":"https:\/\/www.miamedicalitalia.it\/negozio\/"},{"@type":"ListItem","position":3,"name":"Affitto e noleggio","item":"https:\/\/www.miamedicalitalia.it\/categoria\/affitto-e-noleggio-ausili\/"},{"@type":"ListItem","position":4,"name":"Sollevatori","item":"https:\/\/www.miamedicalitalia.it\/categoria\/affitto-e-noleggio-ausili\/noleggio-sollevatori\/"},{"@type":"ListItem","position":5,"name":"Noleggio Sollevatore elettrico con asta"}]},{"@type":"WebSite","@id":"https:\/\/www.miamedicalitalia.it\/#website","url":"https:\/\/www.miamedicalitalia.it\/","name":"www.miamedicalitalia.it","description":"Aluguer e venda de equipamento sanit\u00e1rio","publisher":{"@id":"https:\/\/www.miamedicalitalia.it\/#organization"},"potentialAction":[{"@type":"SearchAction","target":{"@type":"EntryPoint","urlTemplate":"https:\/\/www.miamedicalitalia.it\/?s={search_term_string}"},"query-input":{"@type":"PropertyValueSpecification","valueRequired":true,"valueName":"search_term_string"}}],"inLanguage":"pt-PT"},{"@type":"Organization","@id":"https:\/\/www.miamedicalitalia.it\/#organization","name":"OLG","url":"https:\/\/www.miamedicalitalia.it\/","logo":{"@type":"ImageObject","inLanguage":"pt-PT","@id":"https:\/\/www.miamedicalitalia.it\/#\/schema\/logo\/image\/","url":"https:\/\/www.miamedicalitalia.it\/wp-content\/uploads\/2023\/04\/mia-medical-logo-free.png","contentUrl":"https:\/\/www.miamedicalitalia.it\/wp-content\/uploads\/2023\/04\/mia-medical-logo-free.png","width":700,"height":700,"caption":"OLG"},"image":{"@id":"https:\/\/www.miamedicalitalia.it\/#\/schema\/logo\/image\/"},"sameAs":["https:\/\/www.facebook.com\/miamedicalitalia"]}]}},"wcpa_form_fields":{"wcpaData":{"product":{"product_price":80,"price_html":"<span class=\"woocommerce-Price-amount amount\" aria-hidden=\"true\"><bdi><span class=\"woocommerce-Price-currencySymbol\">&euro;<\/span>80.00<\/bdi><\/span> <span aria-hidden=\"true\">-<\/span> <span class=\"woocommerce-Price-amount amount\" aria-hidden=\"true\"><bdi><span class=\"woocommerce-Price-currencySymbol\">&euro;<\/span>250.00<\/bdi><\/span><span class=\"screen-reader-text\">Gama de pre\u00e7os: &euro;80.00 a &euro;250.00<\/span>","original_product_price":80,"price_including_tax":80,"price_excluding_tax":80,"product_id":{"parent":8852,"variation":false},"is_variable":true,"stock_status":"instock","stock_quantity":null,"parent_sku":"","product_attributes":{"motore":{"is_variation":false,"values":["Linak"]},"quanto-costa":{"is_variation":true,"values":[]}},"custom_fields":[],"is_taxable":false,"product_name":"Noleggio Sollevatore  elettrico con asta","hasImage":false},"fields":{"sec_565f165582eb8c":{"extra":{"key":"sec_565f165582eb8c","section_id":"sec_565f165582eb8c","name":"Predefinito","status":1,"toggle":true,"form_id":12050,"form_rules":{"exclude_from_discount":false,"fee_label":"\u8d39\u7528","disp_hide_options_price":false,"disp_show_section_price":false,"disp_show_field_price":true,"layout_option":"standard","pric_use_as_fee":false,"process_fee_as":"woo_fee"},"layout_option":"standard"},"fields":[[{"active":true,"col":6,"relations":false,"cl_rule":"show","enableCl":false,"price":"","enablePrice":false,"className":"input-text","type":"date","required":true,"elementId":"date_3189538061","name":"date_3189538061","label":"A partire dal giorno:","picker_type":"custom","picker_mode":"single","error":false,"description":"Inserisci la data di inizio del noleggio","gt_translate_keys":["label","description"],"price_dependency":false,"cl_dependency":false,"value":""}]]}},"config":{"price_override":"","enable_recaptcha":false,"bind_quantity":false,"quantity_bind_formula":false,"disp_summ_show_option_price":true,"disp_summ_show_product_price":true,"disp_summ_show_total_price":true,"disp_summ_show_fee":false,"disp_summ_show_discount":false,"summary_title":"","options_total_label":"\u671f\u6743\u4ef7\u683c","total_label":"\u603b\u8ba1","options_product_label":"\u4ea7\u54c1\u4ef7\u683c","fee_label":"\u8d39\u7528","discount_label":"\u6298\u6263","has_price":true,"has_quantity_formula":false},"mc_unit":1,"tax_rate":1,"tax_rate_real":1,"discount":{"percentage":0,"fixed":0},"design":{"conf":{"LabelPosition":"above","DescPosition":"below","UploadField":"custom_1","QuantityFieldStyle":"default"},"css":{"LeftLabelWidth":"50px"}},"formulas":[],"lookuptables":[],"clones":false,"cartKey":false}},"_links":{"self":[{"href":"https:\/\/www.miamedicalitalia.it\/pt\/wp-json\/wp\/v2\/product\/8852","targetHints":{"allow":["GET"]}}],"collection":[{"href":"https:\/\/www.miamedicalitalia.it\/pt\/wp-json\/wp\/v2\/product"}],"about":[{"href":"https:\/\/www.miamedicalitalia.it\/pt\/wp-json\/wp\/v2\/types\/product"}],"wp:featuredmedia":[{"embeddable":true,"href":"https:\/\/www.miamedicalitalia.it\/pt\/wp-json\/wp\/v2\/media\/12138"}],"wp:attachment":[{"href":"https:\/\/www.miamedicalitalia.it\/pt\/wp-json\/wp\/v2\/media?parent=8852"}],"wp:term":[{"taxonomy":"home-category","embeddable":true,"href":"https:\/\/www.miamedicalitalia.it\/pt\/wp-json\/wp\/v2\/home-category?post=8852"},{"taxonomy":"product_brand","embeddable":true,"href":"https:\/\/www.miamedicalitalia.it\/pt\/wp-json\/wp\/v2\/product_brand?post=8852"},{"taxonomy":"product_cat","embeddable":true,"href":"https:\/\/www.miamedicalitalia.it\/pt\/wp-json\/wp\/v2\/product_cat?post=8852"},{"taxonomy":"product_tag","embeddable":true,"href":"https:\/\/www.miamedicalitalia.it\/pt\/wp-json\/wp\/v2\/product_tag?post=8852"},{"taxonomy":"woo-feed-brand","embeddable":true,"href":"https:\/\/www.miamedicalitalia.it\/pt\/wp-json\/wp\/v2\/woo-feed-brand?post=8852"}],"curies":[{"name":"wp","href":"https:\/\/api.w.org\/{rel}","templated":true}]}}