{"id":8849,"date":"2022-12-21T17:14:35","date_gmt":"2022-12-21T16:14:35","guid":{"rendered":"https:\/\/www.miamedicalitalia.it\/?post_type=product&#038;p=8849"},"modified":"2026-01-07T13:10:56","modified_gmt":"2026-01-07T11:10:56","slug":"noleggio-letto-ospedaliero-elettrico-120cm-per-disabili-e-anziani-a-domicilio","status":"publish","type":"product","link":"https:\/\/www.miamedicalitalia.it\/pt\/produto\/noleggio-letto-ospedaliero-elettrico-120cm-per-disabili-e-anziani-a-domicilio\/","title":{"rendered":"Cama hospitalar el\u00e9ctrica de aluguer de 120 cm (1,5 quadrado) com colch\u00e3o anti-dec\u00fabito"},"content":{"rendered":"<p><strong>Noleggia un letto ospedaliero ortopedico per degenza a casa con materasso antidecubito a Roma e Firenze per garantire comfort e sicurezza a chi ne ha bisogno. Scegli l\u2019alternativa da 120 cm (1 piazza e mezzo) per ottenere un supporto ergonomico ancora pi\u00f9 avanzato. Consegna rapida e assistenza professionale.<\/strong><\/p>\n\n\n\n<h4 class=\"wp-block-heading\" id=\"h-cosa-e-un-letto-ortopedico-e-quale-scegliere\"><a href=\"https:\/\/www.miamedicalitalia.it\/pt\/come-scegliere-un-letto-ospedaliero\/\">O que \u00e9 uma cama ortop\u00e9dica e qual escolher<\/a><\/h4>\n\n\n\n<p>A&nbsp;<strong>cama hospitalar el\u00e9ctrica ortop\u00e9dica<\/strong>&nbsp;\u00e8 un dispositivo medico progettato per la degenza a casa e migliorare il comfort e la sicurezza delle persone con&nbsp;<strong>mobilidade reduzida<\/strong>&nbsp;ou em&nbsp;<strong>fase de reabilita\u00e7\u00e3o<\/strong>. Est\u00e1 equipado com&nbsp;<strong>movimentos el\u00e9ctricos regul\u00e1veis<\/strong>&nbsp;que facilitam a gest\u00e3o dos doentes e melhoram a sua qualidade de vida, tanto para os doentes como para os prestadores de cuidados. Quando precisa de&nbsp;<strong>maior liberdade de movimentos<\/strong>&nbsp;e conforto, um&nbsp;<strong>Cama hospitalar el\u00e9ctrica de 120 cm<\/strong>&nbsp;\u00e9 a solu\u00e7\u00e3o ideal. Em compara\u00e7\u00e3o com o <a href=\"https:\/\/www.miamedicalitalia.it\/pt\/produto\/noleggio-letto-ospedaliero-elettrico-incluso-di-materasso-antidecubito\/\">Modelo standard de 90 cm<\/a>esta vers\u00e3o&nbsp;<strong>oferece mais espa\u00e7o<\/strong>.<\/p>\n\n\n\n<p>Para al\u00e9m disso, <strong>inclu\u00eddo no pre\u00e7o do aluguer em Roma e Floren\u00e7a,<\/strong> a cama ser\u00e1 equipada com um colch\u00e3o anti-dec\u00fabito para evitar as \u00falceras de press\u00e3o e melhorar a qualidade do repouso. Saiba mais sobre os nossos colch\u00f5es.<\/p>\n\n\n\n<h4 class=\"wp-block-heading\" id=\"h-a-chi-e-consigliato-il-noleggio-di-un-letto-ospedaliero-elettrico\">A quem se recomenda o aluguer de uma cama hospitalar el\u00e9ctrica<\/h4>\n\n\n\n<p>O nosso servi\u00e7o de&nbsp;<strong>aluguer de camas hospitalares ortop\u00e9dicas<\/strong>&nbsp;foi concebido para qualquer pessoa com dificuldades de mobilidade ou que necessite de apoio m\u00e9dico adequado em casa. \u00c9 particularmente \u00fatil para:<\/p>\n\n\n\n<ul class=\"wp-block-list\">\n<li><strong>Idosos com problemas de mobilidade<\/strong><\/li>\n\n\n\n<li><strong>Pessoas em fase p\u00f3s-operat\u00f3ria ou de reabilita\u00e7\u00e3o<\/strong><\/li>\n\n\n\n<li><strong>Pacientes com doen\u00e7as cr\u00f3nicas que requerem longos per\u00edodos de internamento hospitalar<\/strong> em casa<\/li>\n\n\n\n<li><strong>Pessoas com defici\u00eancia ou com autonomia reduzida<\/strong>&nbsp;<\/li>\n<\/ul>\n\n\n\n<p>Gra\u00e7as ao&nbsp;<strong>entrega r\u00e1pida e instala\u00e7\u00e3o ao domic\u00edlio<\/strong>pode ter uma cama de hospital profissional de 120 cm sem ter de se preocupar com a log\u00edstica.<\/p>\n\n\n\n<h4 class=\"wp-block-heading\" id=\"h-funzionamento-e-caratteristiche-principali\"><a href=\"https:\/\/www.miamedicalitalia.it\/pt\/noleggio-letti-ortopedici-ospedalieri-in-provincia-di-firenze\/?_gl=1*1mcjupk*_up*MQ..*_ga*MzI1MDg1MTM0LjE3Mzk2MTAzNjc.*_ga_D9FZ9V3LL7*MTczOTYxODQ3My4zLjEuMTczOTYxODYzMS4wLjAuMA..\">Funcionamento<\/a> e principais carater\u00edsticas <\/h4>\n\n\n\n<p>O servi\u00e7o de aluguer do&nbsp;<strong>cama de hospital 120<\/strong>cm <strong style=\"font-size: revert;\">um e meio<\/strong><span style=\"font-size: revert;\">, disponibile sia a Roma che Firenze, \u00e8 progettato per&nbsp;<\/span><strong style=\"font-size: revert;\">garantir a seguran\u00e7a e o conforto<\/strong><span style=\"font-size: revert;\">com uma s\u00e9rie de ajustes el\u00e9ctricos intuitivos que podem ser acionados \u00e0 dist\u00e2ncia:<\/span><\/p>\n\n\n\n<ul class=\"wp-block-list\">\n<li><strong>Altura ajust\u00e1vel<\/strong>&nbsp;para facilitar o acesso e a gest\u00e3o dos doentes<\/li>\n\n\n\n<li><strong>Inclina\u00e7\u00e3o da cabeceira e dos p\u00e9s<\/strong>&nbsp;adaptar a posi\u00e7\u00e3o \u00e0s necessidades do momento<\/li>\n\n\n\n<li><strong>Barras laterais de seguran\u00e7a<\/strong>&nbsp;amov\u00edvel<\/li>\n\n\n\n<li><strong>Rodas com trav\u00e3o<\/strong>&nbsp;para um movimento f\u00e1cil e estabilidade<\/li>\n<\/ul>\n\n\n\n<p>Tudo \u00e9&nbsp;<strong>control\u00e1vel por controlo remoto<\/strong>&nbsp;f\u00e1cil de utilizar, o que permite ao doente ou ao prestador de cuidados&nbsp;<strong>mudar de posi\u00e7\u00e3o com um simples toque<\/strong>.<\/p>\n\n\n\n<h4 class=\"wp-block-heading\" id=\"h-il-materasso-antidecubito-un-supporto-essenziale\"><a href=\"https:\/\/www.miamedicalitalia.it\/pt\/come-scegliere-il-materasso-antidecubito\/\">O colch\u00e3o anti-dec\u00fabito: um apoio indispens\u00e1vel <\/a><\/h4>\n\n\n\n<p>O aluguer da cama ortop\u00e9dica inclui um&nbsp;<strong>colch\u00e3o anti-dec\u00fabito<\/strong>Concebido para:<\/p>\n\n\n\n<ul class=\"wp-block-list\">\n<li><strong>Preven\u00e7\u00e3o de les\u00f5es por press\u00e3o<\/strong>&nbsp;em pessoas acamadas de longa dura\u00e7\u00e3o<\/li>\n\n\n\n<li><strong>Garantir uma distribui\u00e7\u00e3o \u00f3ptima do peso<\/strong>&nbsp;para reduzir o risco de feridas ou aliviar a dor em caso de presen\u00e7a<\/li>\n\n\n\n<li><strong>Promover o conforto e o bem-estar dos doentes<\/strong><\/li>\n<\/ul>\n\n\n\n<p>Se j\u00e1 sofre de les\u00f5es por press\u00e3o, ou se \u00e9 cuidador de uma pessoa dependente e precisa de ajuda, a nossa <strong>enfermeira<\/strong> de confian\u00e7a <strong><a href=\"http:\/\/www.arnaldiandrea.com\">Andrea Arnaldi<\/a><\/strong> especializa-se precisamente no tratamento de les\u00f5es cut\u00e2neas e nos cuidados ao domic\u00edlio. <strong>N\u00e3o hesite em contact\u00e1-lo! <\/strong><\/p>\n\n\n\n<p><strong>Carater\u00edsticas da cama hospitalar el\u00e9ctrica de 1 quadrado e meio (120CM) em Roma e Floren\u00e7a<\/strong><\/p>\n\n\n\n<ul class=\"wp-block-list\">\n<li>regula\u00e7\u00e3o el\u00e9ctrica total.<\/li>\n\n\n\n<li>Superf\u00edcie l\u00edquida: 195\u00d7115 cm;<\/li>\n\n\n\n<li>Comprimento total: 212 cm;<\/li>\n\n\n\n<li>Largura total: 135 cm.<\/li>\n\n\n\n<li>Peso m\u00e1ximo do doente: 150 kg;<\/li>\n\n\n\n<li>Carga m\u00e1xima segura: 180 kg.<\/li>\n\n\n\n<li>Regula\u00e7\u00e3o em altura com controlo remoto: m\u00ednimo: 30 cm. - m\u00e1ximo: 80 cm.<\/li>\n<\/ul>\n\n\n\n<p><strong>Todas as nossas camas el\u00e9ctricas s\u00e3o higienizadas e desinfectadas antes da entrega. O colch\u00e3o anti-dec\u00fabito preventivo tem uma cobertura sanit\u00e1ria completa<\/strong>.<\/p>\n\n\n\n<h4 class=\"wp-block-heading\" id=\"h-i-benefici-del-noleggio-di-un-letto-ortopedico-elettrico-con-materasso-antidecubito-roma-e-firenze\">Os benef\u00edcios de alugar uma cama ortop\u00e9dica el\u00e9trica com colch\u00e3o antideslizante \u2013 Roma e Floren\u00e7a<\/h4>\n\n\n\n<ul class=\"wp-block-list\">\n<li><strong>Melhora a qualidade do sono<\/strong> gra\u00e7as \u00e0 regula\u00e7\u00e3o personalizada<\/li>\n\n\n\n<li><strong>Facilita a assist\u00eancia <\/strong>reduzir o esfor\u00e7o do prestador de cuidados <\/li>\n\n\n\n<li><strong>Previne<\/strong> a ocorr\u00eancia de escaras gra\u00e7as ao colch\u00e3o inclu\u00eddo<\/li>\n\n\n\n<li><strong>Aumentar a seguran\u00e7a<\/strong> com calhas laterais e bloco de rodas<\/li>\n<\/ul>\n\n\n\n<h4 class=\"wp-block-heading\" id=\"h-perche-scegliere-il-nostro-servizio-per-il-noleggio-su-roma-e-firenze-di-un-letto-ospedaliero-da-120cm\">Porqu\u00ea escolher o nosso servi\u00e7o para o aluguer de uma cama hospitalar de 120 cm em Roma e Floren\u00e7a?<\/h4>\n\n\n\n<ul class=\"wp-block-list\">\n<li><strong>Cama ortop\u00e9dica el\u00e9ctrica regul\u00e1vel da melhor qualidade do mercado a pre\u00e7os<\/strong>i <strong>super pr\u00e1tico<\/strong>i para um conforto inigual\u00e1vel<\/li>\n\n\n\n<li><strong>Incluindo colch\u00e3o anti-dec\u00fabito<\/strong>&nbsp;para evitar feridas de press\u00e3o<\/li>\n\n\n\n<li><strong>Aluguer flex\u00edvel<\/strong>&nbsp;com op\u00e7\u00f5es personalizadas<\/li>\n\n\n\n<li><strong>Servi\u00e7o e entrega r\u00e1pidos<\/strong>&nbsp;em casa, no L\u00e1cio e na Tosc\u00e2nia<\/li>\n\n\n\n<li>A cama permite aos clientes passarem uma noite tranquila <strong>convalescen\u00e7a em casa<\/strong>, n\u00e3o apenas na estrutura <\/li>\n<\/ul>\n\n\n\n<p>Ligue-nos para +<strong>39 06 5309 6674<\/strong>  o <a href=\"https:\/\/wa.me\/393926509237\">contactar-nos no whatsapp<\/a> para alugar hoje a sua cama hospitalar ortop\u00e9dica. <\/p>\n\n\n\n<p><strong>Escolha a Mia Medical Italy!<\/strong><\/p>\n\n\n\n<p><\/p>","protected":false},"excerpt":{"rendered":"<div style=\"font-family: Arial, sans-serif; background-color: #234091; padding: 30px; border-radius: 25px; max-width: 600px; color: #ffffff; position: relative; border-top: 6px solid #2498fe;\">\n<h3 style=\"margin-top: 0; margin-bottom: 15px; color: #ffffff;\">Aluguer de cama hospitalar el\u00e9ctrica de 120 cm com colch\u00e3o anti-escaras<\/h3>\n<p>Reserva f\u00e1cil, custos claros, ajudas de \u00faltima gera\u00e7\u00e3o.<\/p>\n<p><strong>Sem dep\u00f3sito!<\/strong><\/p>\n<p><strong>Entrega ao domic\u00edlio<\/strong> incluso di montaggio a partire da 75\u20ac soltanto nel Lazio e Toscana. Lo stesso prezzo vale anche per il ritiro!<\/p>\n<p>O custo ser\u00e1 acrescido em caso de entrega num andar sem elevador.<\/p>\n<\/div>\n<p><!-- Linea bianca sotto --><\/p>\n<div style=\"height: 6px; background-color: #ffffff; max-width: 600px;\">\u00a0<\/div>","protected":false},"featured_media":12199,"template":"","meta":{"_acf_changed":false},"home-category":[],"product_brand":[],"product_cat":[94],"product_tag":[98,99,33,394,380,379,393,383,382],"woo-feed-brand":[],"class_list":{"0":"post-8849","1":"product","2":"type-product","3":"status-publish","4":"has-post-thumbnail","6":"product_cat-noleggio-letti-ortopedici-ospedalieri","7":"product_tag-bariatrico","8":"product_tag-large","9":"product_tag-letto","10":"product_tag-letto-mobilita-ridotta","11":"product_tag-letto-ortopedico","12":"product_tag-letto-ospedaliero","13":"product_tag-letto-per-anziani","14":"product_tag-letto-per-disabili","15":"product_tag-noleggio-letto-elettrico","16":"wcpa_has_options","18":"first","19":"instock","20":"shipping-taxable","21":"purchasable","22":"product-type-variable"},"acf":[],"yoast_head":"<!-- This site is optimized with the Yoast SEO Premium plugin v27.5 (Yoast SEO v27.5) - https:\/\/yoast.com\/product\/yoast-seo-premium-wordpress\/ -->\n<title>Noleggio Letto Ospedaliero 120cm + Materasso Antidecubito | Roma e Firenze<\/title>\n<meta name=\"description\" content=\"Noleggio letto ortopedico ospedaliero elettrico da 120cm a Roma e Firenze per anziani e disabili con antidecubito, sponde. I migliori prezzi del web.\" \/>\n<meta name=\"robots\" content=\"index, follow, max-snippet:-1, max-image-preview:large, max-video-preview:-1, noarchive\" \/>\n<link rel=\"canonical\" href=\"https:\/\/www.miamedicalitalia.it\/pt\/produto\/noleggio-letto-ospedaliero-elettrico-120cm-per-disabili-e-anziani-a-domicilio\/\" \/>\n<meta property=\"og:locale\" content=\"pt_PT\" \/>\n<meta property=\"og:type\" content=\"article\" \/>\n<meta property=\"og:title\" content=\"Noleggio Letto Ospedaliero 120cm + Materasso Antidecubito | Roma e Firenze\" \/>\n<meta property=\"og:description\" content=\"Noleggio letto ortopedico ospedaliero elettrico da 120cm a Roma e Firenze per anziani e disabili con antidecubito, sponde. I migliori prezzi del web.\" \/>\n<meta property=\"og:url\" content=\"https:\/\/www.miamedicalitalia.it\/pt\/produto\/noleggio-letto-ospedaliero-elettrico-120cm-per-disabili-e-anziani-a-domicilio\/\" \/>\n<meta property=\"og:site_name\" content=\"Mia Medical\" \/>\n<meta property=\"article:publisher\" content=\"https:\/\/www.facebook.com\/miamedicalitalia\" \/>\n<meta property=\"article:modified_time\" content=\"2026-01-07T11:10:56+00:00\" \/>\n<meta property=\"og:image\" content=\"https:\/\/www.miamedicalitalia.it\/wp-content\/uploads\/2022\/12\/letto-120.jpg\" \/>\n\t<meta property=\"og:image:width\" content=\"1000\" \/>\n\t<meta property=\"og:image:height\" content=\"1000\" \/>\n\t<meta property=\"og:image:type\" content=\"image\/jpeg\" \/>\n<meta name=\"twitter:card\" content=\"summary_large_image\" \/>\n<meta name=\"twitter:label1\" content=\"Tempo estimado de leitura\" \/>\n\t<meta name=\"twitter:data1\" content=\"1 minuto\" \/>\n<script type=\"application\/ld+json\" class=\"yoast-schema-graph\">{\"@context\":\"https:\\\/\\\/schema.org\",\"@graph\":[{\"@type\":\"WebPage\",\"@id\":\"https:\\\/\\\/www.miamedicalitalia.it\\\/prodotto\\\/noleggio-letto-ospedaliero-elettrico-120cm-per-disabili-e-anziani-a-domicilio\\\/\",\"url\":\"https:\\\/\\\/www.miamedicalitalia.it\\\/prodotto\\\/noleggio-letto-ospedaliero-elettrico-120cm-per-disabili-e-anziani-a-domicilio\\\/\",\"name\":\"Noleggio Letto Ospedaliero 120cm + Materasso Antidecubito | Roma e Firenze\",\"isPartOf\":{\"@id\":\"https:\\\/\\\/www.miamedicalitalia.it\\\/#website\"},\"primaryImageOfPage\":{\"@id\":\"https:\\\/\\\/www.miamedicalitalia.it\\\/prodotto\\\/noleggio-letto-ospedaliero-elettrico-120cm-per-disabili-e-anziani-a-domicilio\\\/#primaryimage\"},\"image\":{\"@id\":\"https:\\\/\\\/www.miamedicalitalia.it\\\/prodotto\\\/noleggio-letto-ospedaliero-elettrico-120cm-per-disabili-e-anziani-a-domicilio\\\/#primaryimage\"},\"thumbnailUrl\":\"https:\\\/\\\/www.miamedicalitalia.it\\\/wp-content\\\/uploads\\\/2022\\\/12\\\/letto-120.jpg\",\"datePublished\":\"2022-12-21T16:14:35+00:00\",\"dateModified\":\"2026-01-07T11:10:56+00:00\",\"description\":\"Noleggio letto ortopedico ospedaliero elettrico da 120cm a Roma e Firenze per anziani e disabili con antidecubito, sponde. I migliori prezzi del web.\",\"breadcrumb\":{\"@id\":\"https:\\\/\\\/www.miamedicalitalia.it\\\/prodotto\\\/noleggio-letto-ospedaliero-elettrico-120cm-per-disabili-e-anziani-a-domicilio\\\/#breadcrumb\"},\"inLanguage\":\"pt-PT\",\"potentialAction\":[{\"@type\":\"ReadAction\",\"target\":[\"https:\\\/\\\/www.miamedicalitalia.it\\\/prodotto\\\/noleggio-letto-ospedaliero-elettrico-120cm-per-disabili-e-anziani-a-domicilio\\\/\"]}]},{\"@type\":\"ImageObject\",\"inLanguage\":\"pt-PT\",\"@id\":\"https:\\\/\\\/www.miamedicalitalia.it\\\/prodotto\\\/noleggio-letto-ospedaliero-elettrico-120cm-per-disabili-e-anziani-a-domicilio\\\/#primaryimage\",\"url\":\"https:\\\/\\\/www.miamedicalitalia.it\\\/wp-content\\\/uploads\\\/2022\\\/12\\\/letto-120.jpg\",\"contentUrl\":\"https:\\\/\\\/www.miamedicalitalia.it\\\/wp-content\\\/uploads\\\/2022\\\/12\\\/letto-120.jpg\",\"width\":1000,\"height\":1000},{\"@type\":\"BreadcrumbList\",\"@id\":\"https:\\\/\\\/www.miamedicalitalia.it\\\/prodotto\\\/noleggio-letto-ospedaliero-elettrico-120cm-per-disabili-e-anziani-a-domicilio\\\/#breadcrumb\",\"itemListElement\":[{\"@type\":\"ListItem\",\"position\":1,\"name\":\"Home\",\"item\":\"https:\\\/\\\/www.miamedicalitalia.it\\\/\"},{\"@type\":\"ListItem\",\"position\":2,\"name\":\"Shop\",\"item\":\"https:\\\/\\\/www.miamedicalitalia.it\\\/negozio\\\/\"},{\"@type\":\"ListItem\",\"position\":3,\"name\":\"Affitto e noleggio\",\"item\":\"https:\\\/\\\/www.miamedicalitalia.it\\\/categoria\\\/affitto-e-noleggio-ausili\\\/\"},{\"@type\":\"ListItem\",\"position\":4,\"name\":\"Letti ortopedici ospedalieri\",\"item\":\"https:\\\/\\\/www.miamedicalitalia.it\\\/categoria\\\/affitto-e-noleggio-ausili\\\/noleggio-letti-ortopedici-ospedalieri\\\/\"},{\"@type\":\"ListItem\",\"position\":5,\"name\":\"Noleggio Letto Ospedaliero Elettrico 120cm ( 1 piazza e mezzo) con Materasso Antidecubito\"}]},{\"@type\":\"WebSite\",\"@id\":\"https:\\\/\\\/www.miamedicalitalia.it\\\/#website\",\"url\":\"https:\\\/\\\/www.miamedicalitalia.it\\\/\",\"name\":\"www.miamedicalitalia.it\",\"description\":\"Noleggio e Vendita Attrezzatura Sanitarie\",\"publisher\":{\"@id\":\"https:\\\/\\\/www.miamedicalitalia.it\\\/#organization\"},\"potentialAction\":[{\"@type\":\"SearchAction\",\"target\":{\"@type\":\"EntryPoint\",\"urlTemplate\":\"https:\\\/\\\/www.miamedicalitalia.it\\\/?s={search_term_string}\"},\"query-input\":{\"@type\":\"PropertyValueSpecification\",\"valueRequired\":true,\"valueName\":\"search_term_string\"}}],\"inLanguage\":\"pt-PT\"},{\"@type\":\"Organization\",\"@id\":\"https:\\\/\\\/www.miamedicalitalia.it\\\/#organization\",\"name\":\"OLG\",\"url\":\"https:\\\/\\\/www.miamedicalitalia.it\\\/\",\"logo\":{\"@type\":\"ImageObject\",\"inLanguage\":\"pt-PT\",\"@id\":\"https:\\\/\\\/www.miamedicalitalia.it\\\/#\\\/schema\\\/logo\\\/image\\\/\",\"url\":\"https:\\\/\\\/www.miamedicalitalia.it\\\/wp-content\\\/uploads\\\/2023\\\/04\\\/mia-medical-logo-free.png\",\"contentUrl\":\"https:\\\/\\\/www.miamedicalitalia.it\\\/wp-content\\\/uploads\\\/2023\\\/04\\\/mia-medical-logo-free.png\",\"width\":700,\"height\":700,\"caption\":\"OLG\"},\"image\":{\"@id\":\"https:\\\/\\\/www.miamedicalitalia.it\\\/#\\\/schema\\\/logo\\\/image\\\/\"},\"sameAs\":[\"https:\\\/\\\/www.facebook.com\\\/miamedicalitalia\"]}]}<\/script>\n<!-- \/ Yoast SEO Premium plugin. -->","yoast_head_json":{"title":"Aluguer de cama hospitalar 120cm + colch\u00e3o anti-dec\u00fabito | Roma e Floren\u00e7a","description":"Aluguer de cama ortop\u00e9dica hospitalar el\u00e9trica de 120 cm em Roma e Floren\u00e7a para idosos e pessoas com defici\u00eancia, com antideslizante e grades laterais. Os melhores pre\u00e7os da Internet.","robots":{"index":"index","follow":"follow","max-snippet":"max-snippet:-1","max-image-preview":"max-image-preview:large","max-video-preview":"max-video-preview:-1","archive":"noarchive"},"canonical":"https:\/\/www.miamedicalitalia.it\/pt\/produto\/noleggio-letto-ospedaliero-elettrico-120cm-per-disabili-e-anziani-a-domicilio\/","og_locale":"pt_PT","og_type":"article","og_title":"Noleggio Letto Ospedaliero 120cm + Materasso Antidecubito | Roma e Firenze","og_description":"Noleggio letto ortopedico ospedaliero elettrico da 120cm a Roma e Firenze per anziani e disabili con antidecubito, sponde. I migliori prezzi del web.","og_url":"https:\/\/www.miamedicalitalia.it\/pt\/produto\/noleggio-letto-ospedaliero-elettrico-120cm-per-disabili-e-anziani-a-domicilio\/","og_site_name":"Mia Medical","article_publisher":"https:\/\/www.facebook.com\/miamedicalitalia","article_modified_time":"2026-01-07T11:10:56+00:00","og_image":[{"width":1000,"height":1000,"url":"https:\/\/www.miamedicalitalia.it\/wp-content\/uploads\/2022\/12\/letto-120.jpg","type":"image\/jpeg"}],"twitter_card":"summary_large_image","twitter_misc":{"Tempo estimado de leitura":"1 minuto"},"schema":{"@context":"https:\/\/schema.org","@graph":[{"@type":"WebPage","@id":"https:\/\/www.miamedicalitalia.it\/prodotto\/noleggio-letto-ospedaliero-elettrico-120cm-per-disabili-e-anziani-a-domicilio\/","url":"https:\/\/www.miamedicalitalia.it\/prodotto\/noleggio-letto-ospedaliero-elettrico-120cm-per-disabili-e-anziani-a-domicilio\/","name":"Aluguer de cama hospitalar 120cm + colch\u00e3o anti-dec\u00fabito | Roma e Floren\u00e7a","isPartOf":{"@id":"https:\/\/www.miamedicalitalia.it\/#website"},"primaryImageOfPage":{"@id":"https:\/\/www.miamedicalitalia.it\/prodotto\/noleggio-letto-ospedaliero-elettrico-120cm-per-disabili-e-anziani-a-domicilio\/#primaryimage"},"image":{"@id":"https:\/\/www.miamedicalitalia.it\/prodotto\/noleggio-letto-ospedaliero-elettrico-120cm-per-disabili-e-anziani-a-domicilio\/#primaryimage"},"thumbnailUrl":"https:\/\/www.miamedicalitalia.it\/wp-content\/uploads\/2022\/12\/letto-120.jpg","datePublished":"2022-12-21T16:14:35+00:00","dateModified":"2026-01-07T11:10:56+00:00","description":"Aluguer de cama ortop\u00e9dica hospitalar el\u00e9trica de 120 cm em Roma e Floren\u00e7a para idosos e pessoas com defici\u00eancia, com antideslizante e grades laterais. Os melhores pre\u00e7os da Internet.","breadcrumb":{"@id":"https:\/\/www.miamedicalitalia.it\/prodotto\/noleggio-letto-ospedaliero-elettrico-120cm-per-disabili-e-anziani-a-domicilio\/#breadcrumb"},"inLanguage":"pt-PT","potentialAction":[{"@type":"ReadAction","target":["https:\/\/www.miamedicalitalia.it\/prodotto\/noleggio-letto-ospedaliero-elettrico-120cm-per-disabili-e-anziani-a-domicilio\/"]}]},{"@type":"ImageObject","inLanguage":"pt-PT","@id":"https:\/\/www.miamedicalitalia.it\/prodotto\/noleggio-letto-ospedaliero-elettrico-120cm-per-disabili-e-anziani-a-domicilio\/#primaryimage","url":"https:\/\/www.miamedicalitalia.it\/wp-content\/uploads\/2022\/12\/letto-120.jpg","contentUrl":"https:\/\/www.miamedicalitalia.it\/wp-content\/uploads\/2022\/12\/letto-120.jpg","width":1000,"height":1000},{"@type":"BreadcrumbList","@id":"https:\/\/www.miamedicalitalia.it\/prodotto\/noleggio-letto-ospedaliero-elettrico-120cm-per-disabili-e-anziani-a-domicilio\/#breadcrumb","itemListElement":[{"@type":"ListItem","position":1,"name":"Home","item":"https:\/\/www.miamedicalitalia.it\/"},{"@type":"ListItem","position":2,"name":"Shop","item":"https:\/\/www.miamedicalitalia.it\/negozio\/"},{"@type":"ListItem","position":3,"name":"Affitto e noleggio","item":"https:\/\/www.miamedicalitalia.it\/categoria\/affitto-e-noleggio-ausili\/"},{"@type":"ListItem","position":4,"name":"Letti ortopedici ospedalieri","item":"https:\/\/www.miamedicalitalia.it\/categoria\/affitto-e-noleggio-ausili\/noleggio-letti-ortopedici-ospedalieri\/"},{"@type":"ListItem","position":5,"name":"Noleggio Letto Ospedaliero Elettrico 120cm ( 1 piazza e mezzo) con Materasso Antidecubito"}]},{"@type":"WebSite","@id":"https:\/\/www.miamedicalitalia.it\/#website","url":"https:\/\/www.miamedicalitalia.it\/","name":"www.miamedicalitalia.it","description":"Aluguer e venda de equipamento sanit\u00e1rio","publisher":{"@id":"https:\/\/www.miamedicalitalia.it\/#organization"},"potentialAction":[{"@type":"SearchAction","target":{"@type":"EntryPoint","urlTemplate":"https:\/\/www.miamedicalitalia.it\/?s={search_term_string}"},"query-input":{"@type":"PropertyValueSpecification","valueRequired":true,"valueName":"search_term_string"}}],"inLanguage":"pt-PT"},{"@type":"Organization","@id":"https:\/\/www.miamedicalitalia.it\/#organization","name":"OLG","url":"https:\/\/www.miamedicalitalia.it\/","logo":{"@type":"ImageObject","inLanguage":"pt-PT","@id":"https:\/\/www.miamedicalitalia.it\/#\/schema\/logo\/image\/","url":"https:\/\/www.miamedicalitalia.it\/wp-content\/uploads\/2023\/04\/mia-medical-logo-free.png","contentUrl":"https:\/\/www.miamedicalitalia.it\/wp-content\/uploads\/2023\/04\/mia-medical-logo-free.png","width":700,"height":700,"caption":"OLG"},"image":{"@id":"https:\/\/www.miamedicalitalia.it\/#\/schema\/logo\/image\/"},"sameAs":["https:\/\/www.facebook.com\/miamedicalitalia"]}]}},"wcpa_form_fields":{"wcpaData":{"product":{"product_price":155,"price_html":"<span class=\"woocommerce-Price-amount amount\" aria-hidden=\"true\"><bdi><span class=\"woocommerce-Price-currencySymbol\">&euro;<\/span>155.00<\/bdi><\/span> <span aria-hidden=\"true\">-<\/span> <span class=\"woocommerce-Price-amount amount\" aria-hidden=\"true\"><bdi><span class=\"woocommerce-Price-currencySymbol\">&euro;<\/span>435.00<\/bdi><\/span><span class=\"screen-reader-text\">Gama de pre\u00e7os: &euro;155.00 a &euro;435.00<\/span>","original_product_price":155,"price_including_tax":155,"price_excluding_tax":155,"product_id":{"parent":8849,"variation":false},"is_variable":true,"stock_status":"instock","stock_quantity":null,"parent_sku":"","product_attributes":{"quanto-costa":{"is_variation":true,"values":[]},"pa_dimensions":{"is_variation":false,"values":["130cm-x-210-cm"]},"pa_maximum-capacity":{"is_variation":false,"values":["180-kg"]},"motori-e-movimenti":{"is_variation":false,"values":["\" 3 motori \"","\" 6 movimenti \""]}},"custom_fields":[],"is_taxable":false,"product_name":"Noleggio Letto Ospedaliero Elettrico 120cm ( 1 piazza e mezzo) con Materasso Antidecubito","hasImage":false},"fields":{"sec_565f165582eb8c":{"extra":{"key":"sec_565f165582eb8c","section_id":"sec_565f165582eb8c","name":"Predefinito","status":1,"toggle":true,"form_id":12050,"form_rules":{"exclude_from_discount":false,"fee_label":"Tassa","disp_hide_options_price":false,"disp_show_section_price":false,"disp_show_field_price":true,"layout_option":"standard","pric_use_as_fee":false,"process_fee_as":"woo_fee"},"layout_option":"standard"},"fields":[[{"active":true,"col":6,"relations":false,"cl_rule":"show","enableCl":false,"price":"","enablePrice":false,"className":"input-text","type":"date","required":true,"elementId":"date_3189538061","name":"date_3189538061","label":"A partire dal giorno:","picker_type":"custom","picker_mode":"single","error":false,"description":"Inserisci la data di inizio del noleggio","gt_translate_keys":["label","description"],"price_dependency":false,"cl_dependency":false,"value":""}]]}},"config":{"price_override":"","enable_recaptcha":false,"bind_quantity":false,"quantity_bind_formula":false,"disp_summ_show_option_price":true,"disp_summ_show_product_price":true,"disp_summ_show_total_price":true,"disp_summ_show_fee":false,"disp_summ_show_discount":false,"summary_title":"","options_total_label":"Prezzo delle opzioni","total_label":"Totale","options_product_label":"Prezzo del prodotto","fee_label":"Tassa","discount_label":"Sconto","has_price":true,"has_quantity_formula":false},"mc_unit":1,"tax_rate":1,"tax_rate_real":1,"discount":{"percentage":0,"fixed":0},"design":{"conf":{"LabelPosition":"above","DescPosition":"below","UploadField":"custom_1","QuantityFieldStyle":"default"},"css":{"LeftLabelWidth":"50px"}},"formulas":[],"lookuptables":[],"clones":false,"cartKey":false}},"_links":{"self":[{"href":"https:\/\/www.miamedicalitalia.it\/pt\/wp-json\/wp\/v2\/product\/8849","targetHints":{"allow":["GET"]}}],"collection":[{"href":"https:\/\/www.miamedicalitalia.it\/pt\/wp-json\/wp\/v2\/product"}],"about":[{"href":"https:\/\/www.miamedicalitalia.it\/pt\/wp-json\/wp\/v2\/types\/product"}],"wp:featuredmedia":[{"embeddable":true,"href":"https:\/\/www.miamedicalitalia.it\/pt\/wp-json\/wp\/v2\/media\/12199"}],"wp:attachment":[{"href":"https:\/\/www.miamedicalitalia.it\/pt\/wp-json\/wp\/v2\/media?parent=8849"}],"wp:term":[{"taxonomy":"home-category","embeddable":true,"href":"https:\/\/www.miamedicalitalia.it\/pt\/wp-json\/wp\/v2\/home-category?post=8849"},{"taxonomy":"product_brand","embeddable":true,"href":"https:\/\/www.miamedicalitalia.it\/pt\/wp-json\/wp\/v2\/product_brand?post=8849"},{"taxonomy":"product_cat","embeddable":true,"href":"https:\/\/www.miamedicalitalia.it\/pt\/wp-json\/wp\/v2\/product_cat?post=8849"},{"taxonomy":"product_tag","embeddable":true,"href":"https:\/\/www.miamedicalitalia.it\/pt\/wp-json\/wp\/v2\/product_tag?post=8849"},{"taxonomy":"woo-feed-brand","embeddable":true,"href":"https:\/\/www.miamedicalitalia.it\/pt\/wp-json\/wp\/v2\/woo-feed-brand?post=8849"}],"curies":[{"name":"wp","href":"https:\/\/api.w.org\/{rel}","templated":true}]}}