{"id":8801,"date":"2022-11-28T17:37:24","date_gmt":"2022-11-28T16:37:24","guid":{"rendered":"https:\/\/www.miamedicalitalia.it\/?post_type=product&#038;p=8801"},"modified":"2026-03-06T17:07:12","modified_gmt":"2026-03-06T15:07:12","slug":"vendita-carrozzina-elettrica-pieghevole-fantastica-mia-medical","status":"publish","type":"product","link":"https:\/\/www.miamedicalitalia.it\/pt\/produto\/vendita-carrozzina-elettrica-pieghevole-fantastica-mia-medical\/","title":{"rendered":"Venda Cadeira de rodas el\u00e9ctrica dobr\u00e1vel Fantastica Power Smart Mia"},"content":{"rendered":"<p><strong>Disponibilidade EXaurida!<\/strong> Recomendamos que veja os nossos produtos usados clicando em <a href=\"https:\/\/www.miamedicalitalia.it\/pt\/categoria\/affitto-e-noleggio-ausili\/in-promozione\/\">aqui<\/a>!<\/p>\n\n\n\n<p><br>Fant\u00e1stica cadeira de rodas el\u00e9trica, para uso interno e externo, de dimens\u00f5es reduzidas, para espa\u00e7os pequenos . Manobr\u00e1vel, com fecho em forma de livro. Joystick posicion\u00e1vel  \u00e0 esquerda ou \u00e0 direita. A bateria \u00e9 facilmente remov\u00edvel. O peso da cadeira de rodas sem a bateria \u00e9 de apenas 16 kg !!! <br><br>Maior disponibilidade de medidas e capacidade at\u00e9 150 kg.<\/p>","protected":false},"excerpt":{"rendered":"<div style=\"font-family: Arial, sans-serif; background-color: #234091; padding: 30px; border-radius: 25px; max-width: 600px; color: #ffffff; position: relative; border-top: 6px solid #2498fe;\">\n<h3 style=\"margin-top: 0; margin-bottom: 15px; color: #ffffff;\">Fant\u00e1stica cadeira de rodas el\u00e9ctrica<\/h3>\n<p>Para utiliza\u00e7\u00e3o no interior e no exterior.<\/p>\n<p>Disponibilit\u00e0 terminata, guardare le categorie Occasione usato oppure nel noleggio.<\/p>\n<p>Ver nos alugueres: <a style=\"color: #ffffff; font-weight: bold; text-decoration: underline;\" href=\"https:\/\/www.miamedicalitalia.it\/pt\/categoria\/affitto-e-noleggio-ausili\/noleggio-e-affitto-carrozzina-elettrica-e-scooter\/\" target=\"_blank\" rel=\"noopener\">Aluguer de cadeiras de rodas el\u00e9ctricas<\/a><br \/>Procure em carros usados: <a style=\"color: #ffffff; font-weight: bold; text-decoration: underline;\" href=\"https:\/\/www.miamedicalitalia.it\/pt\/categoria\/affitto-e-noleggio-ausili\/in-promozione\/\" target=\"_blank\" rel=\"noopener\">Aluguer de cadeiras de rodas el\u00e9ctricas<\/a><\/p>\n<\/div>\n<p><!-- Linea bianca sotto --><\/p>\n<div style=\"height: 6px; background-color: #ffffff; max-width: 600px;\">\u00a0<\/div>","protected":false},"featured_media":12096,"template":"","meta":{"_acf_changed":false},"home-category":[263],"product_brand":[],"product_cat":[261],"product_tag":[53,54,55],"woo-feed-brand":[],"class_list":{"0":"post-8801","1":"product","2":"type-product","3":"status-publish","4":"has-post-thumbnail","6":"home-category-ausili","7":"product_cat-vendita-ausili","8":"product_tag-carrozzina-elettrica-vendita","9":"product_tag-sedia-a-rotelle-elettrica","10":"product_tag-vendita-e-noleggio","12":"first","13":"outofstock","14":"shipping-taxable","15":"purchasable","16":"product-type-simple"},"acf":[],"yoast_head":"<!-- This site is optimized with the Yoast SEO Premium plugin v27.4 (Yoast SEO v27.4) - https:\/\/yoast.com\/product\/yoast-seo-premium-wordpress\/ -->\n<title>Vendita carrozzina elettrica pieghevole FANTASTICA Mia Medical<\/title>\n<meta name=\"description\" content=\"Vendita carrozzina elettrica pieghevole FANTASTICA. Uso facile per interni ed esterni. Anche per spazi piccoli. Chiama al 3926509237 o prenota online!\" \/>\n<meta name=\"robots\" content=\"index, follow, max-snippet:-1, max-image-preview:large, max-video-preview:-1\" \/>\n<link rel=\"canonical\" href=\"https:\/\/www.miamedicalitalia.it\/pt\/produto\/vendita-carrozzina-elettrica-pieghevole-fantastica-mia-medical\/\" \/>\n<meta property=\"og:locale\" content=\"pt_PT\" \/>\n<meta property=\"og:type\" content=\"article\" \/>\n<meta property=\"og:title\" content=\"Vendita carrozzina elettrica pieghevole FANTASTICA Mia Medical\" \/>\n<meta property=\"og:description\" content=\"Vendita carrozzina elettrica pieghevole FANTASTICA. Uso facile per interni ed esterni. Anche per spazi piccoli. Chiama al 3926509237 o prenota online!\" \/>\n<meta property=\"og:url\" content=\"https:\/\/www.miamedicalitalia.it\/pt\/produto\/vendita-carrozzina-elettrica-pieghevole-fantastica-mia-medical\/\" \/>\n<meta property=\"og:site_name\" content=\"Mia Medical\" \/>\n<meta property=\"article:publisher\" content=\"https:\/\/www.facebook.com\/miamedicalitalia\" \/>\n<meta property=\"article:modified_time\" content=\"2026-03-06T15:07:12+00:00\" \/>\n<meta property=\"og:image\" content=\"https:\/\/www.miamedicalitalia.it\/wp-content\/uploads\/2023\/02\/carrozzina-elettrica.jpg\" \/>\n\t<meta property=\"og:image:width\" content=\"1080\" \/>\n\t<meta property=\"og:image:height\" content=\"1080\" \/>\n\t<meta property=\"og:image:type\" content=\"image\/jpeg\" \/>\n<meta name=\"twitter:card\" content=\"summary_large_image\" \/>\n<script type=\"application\/ld+json\" class=\"yoast-schema-graph\">{\"@context\":\"https:\\\/\\\/schema.org\",\"@graph\":[{\"@type\":\"WebPage\",\"@id\":\"https:\\\/\\\/www.miamedicalitalia.it\\\/prodotto\\\/vendita-carrozzina-elettrica-pieghevole-fantastica-mia-medical\\\/\",\"url\":\"https:\\\/\\\/www.miamedicalitalia.it\\\/prodotto\\\/vendita-carrozzina-elettrica-pieghevole-fantastica-mia-medical\\\/\",\"name\":\"Vendita carrozzina elettrica pieghevole FANTASTICA Mia Medical\",\"isPartOf\":{\"@id\":\"https:\\\/\\\/www.miamedicalitalia.it\\\/#website\"},\"primaryImageOfPage\":{\"@id\":\"https:\\\/\\\/www.miamedicalitalia.it\\\/prodotto\\\/vendita-carrozzina-elettrica-pieghevole-fantastica-mia-medical\\\/#primaryimage\"},\"image\":{\"@id\":\"https:\\\/\\\/www.miamedicalitalia.it\\\/prodotto\\\/vendita-carrozzina-elettrica-pieghevole-fantastica-mia-medical\\\/#primaryimage\"},\"thumbnailUrl\":\"https:\\\/\\\/www.miamedicalitalia.it\\\/wp-content\\\/uploads\\\/2023\\\/02\\\/carrozzina-elettrica.jpg\",\"datePublished\":\"2022-11-28T16:37:24+00:00\",\"dateModified\":\"2026-03-06T15:07:12+00:00\",\"description\":\"Vendita carrozzina elettrica pieghevole FANTASTICA. Uso facile per interni ed esterni. Anche per spazi piccoli. Chiama al 3926509237 o prenota online!\",\"breadcrumb\":{\"@id\":\"https:\\\/\\\/www.miamedicalitalia.it\\\/prodotto\\\/vendita-carrozzina-elettrica-pieghevole-fantastica-mia-medical\\\/#breadcrumb\"},\"inLanguage\":\"pt-PT\",\"potentialAction\":[{\"@type\":\"ReadAction\",\"target\":[\"https:\\\/\\\/www.miamedicalitalia.it\\\/prodotto\\\/vendita-carrozzina-elettrica-pieghevole-fantastica-mia-medical\\\/\"]}]},{\"@type\":\"ImageObject\",\"inLanguage\":\"pt-PT\",\"@id\":\"https:\\\/\\\/www.miamedicalitalia.it\\\/prodotto\\\/vendita-carrozzina-elettrica-pieghevole-fantastica-mia-medical\\\/#primaryimage\",\"url\":\"https:\\\/\\\/www.miamedicalitalia.it\\\/wp-content\\\/uploads\\\/2023\\\/02\\\/carrozzina-elettrica.jpg\",\"contentUrl\":\"https:\\\/\\\/www.miamedicalitalia.it\\\/wp-content\\\/uploads\\\/2023\\\/02\\\/carrozzina-elettrica.jpg\",\"width\":1080,\"height\":1080},{\"@type\":\"BreadcrumbList\",\"@id\":\"https:\\\/\\\/www.miamedicalitalia.it\\\/prodotto\\\/vendita-carrozzina-elettrica-pieghevole-fantastica-mia-medical\\\/#breadcrumb\",\"itemListElement\":[{\"@type\":\"ListItem\",\"position\":1,\"name\":\"Home\",\"item\":\"https:\\\/\\\/www.miamedicalitalia.it\\\/\"},{\"@type\":\"ListItem\",\"position\":2,\"name\":\"Shop\",\"item\":\"https:\\\/\\\/www.miamedicalitalia.it\\\/negozio\\\/\"},{\"@type\":\"ListItem\",\"position\":3,\"name\":\"Vendita\",\"item\":\"https:\\\/\\\/www.miamedicalitalia.it\\\/categoria\\\/vendita-ausili\\\/\"},{\"@type\":\"ListItem\",\"position\":4,\"name\":\"Vendita Carrozzina Elettrica Pieghevole Fantastica Power Smart Mia\"}]},{\"@type\":\"WebSite\",\"@id\":\"https:\\\/\\\/www.miamedicalitalia.it\\\/#website\",\"url\":\"https:\\\/\\\/www.miamedicalitalia.it\\\/\",\"name\":\"www.miamedicalitalia.it\",\"description\":\"Noleggio e Vendita Attrezzatura Sanitarie\",\"publisher\":{\"@id\":\"https:\\\/\\\/www.miamedicalitalia.it\\\/#organization\"},\"potentialAction\":[{\"@type\":\"SearchAction\",\"target\":{\"@type\":\"EntryPoint\",\"urlTemplate\":\"https:\\\/\\\/www.miamedicalitalia.it\\\/?s={search_term_string}\"},\"query-input\":{\"@type\":\"PropertyValueSpecification\",\"valueRequired\":true,\"valueName\":\"search_term_string\"}}],\"inLanguage\":\"pt-PT\"},{\"@type\":\"Organization\",\"@id\":\"https:\\\/\\\/www.miamedicalitalia.it\\\/#organization\",\"name\":\"OLG\",\"url\":\"https:\\\/\\\/www.miamedicalitalia.it\\\/\",\"logo\":{\"@type\":\"ImageObject\",\"inLanguage\":\"pt-PT\",\"@id\":\"https:\\\/\\\/www.miamedicalitalia.it\\\/#\\\/schema\\\/logo\\\/image\\\/\",\"url\":\"https:\\\/\\\/www.miamedicalitalia.it\\\/wp-content\\\/uploads\\\/2023\\\/04\\\/mia-medical-logo-free.png\",\"contentUrl\":\"https:\\\/\\\/www.miamedicalitalia.it\\\/wp-content\\\/uploads\\\/2023\\\/04\\\/mia-medical-logo-free.png\",\"width\":700,\"height\":700,\"caption\":\"OLG\"},\"image\":{\"@id\":\"https:\\\/\\\/www.miamedicalitalia.it\\\/#\\\/schema\\\/logo\\\/image\\\/\"},\"sameAs\":[\"https:\\\/\\\/www.facebook.com\\\/miamedicalitalia\"]}]}<\/script>\n<!-- \/ Yoast SEO Premium plugin. -->","yoast_head_json":{"title":"Venda de cadeira de rodas el\u00e9trica dobr\u00e1vel FANTASTICA Mia Medical","description":"Venda de cadeira de rodas el\u00e9trica dobr\u00e1vel FANTASTICA. F\u00e1cil de usar em ambientes internos e externos. Tamb\u00e9m para espa\u00e7os pequenos. Ligue para 3926509237 ou reserve online!","robots":{"index":"index","follow":"follow","max-snippet":"max-snippet:-1","max-image-preview":"max-image-preview:large","max-video-preview":"max-video-preview:-1"},"canonical":"https:\/\/www.miamedicalitalia.it\/pt\/produto\/vendita-carrozzina-elettrica-pieghevole-fantastica-mia-medical\/","og_locale":"pt_PT","og_type":"article","og_title":"Vendita carrozzina elettrica pieghevole FANTASTICA Mia Medical","og_description":"Vendita carrozzina elettrica pieghevole FANTASTICA. Uso facile per interni ed esterni. Anche per spazi piccoli. Chiama al 3926509237 o prenota online!","og_url":"https:\/\/www.miamedicalitalia.it\/pt\/produto\/vendita-carrozzina-elettrica-pieghevole-fantastica-mia-medical\/","og_site_name":"Mia Medical","article_publisher":"https:\/\/www.facebook.com\/miamedicalitalia","article_modified_time":"2026-03-06T15:07:12+00:00","og_image":[{"width":1080,"height":1080,"url":"https:\/\/www.miamedicalitalia.it\/wp-content\/uploads\/2023\/02\/carrozzina-elettrica.jpg","type":"image\/jpeg"}],"twitter_card":"summary_large_image","schema":{"@context":"https:\/\/schema.org","@graph":[{"@type":"WebPage","@id":"https:\/\/www.miamedicalitalia.it\/prodotto\/vendita-carrozzina-elettrica-pieghevole-fantastica-mia-medical\/","url":"https:\/\/www.miamedicalitalia.it\/prodotto\/vendita-carrozzina-elettrica-pieghevole-fantastica-mia-medical\/","name":"Venda de cadeira de rodas el\u00e9trica dobr\u00e1vel FANTASTICA Mia Medical","isPartOf":{"@id":"https:\/\/www.miamedicalitalia.it\/#website"},"primaryImageOfPage":{"@id":"https:\/\/www.miamedicalitalia.it\/prodotto\/vendita-carrozzina-elettrica-pieghevole-fantastica-mia-medical\/#primaryimage"},"image":{"@id":"https:\/\/www.miamedicalitalia.it\/prodotto\/vendita-carrozzina-elettrica-pieghevole-fantastica-mia-medical\/#primaryimage"},"thumbnailUrl":"https:\/\/www.miamedicalitalia.it\/wp-content\/uploads\/2023\/02\/carrozzina-elettrica.jpg","datePublished":"2022-11-28T16:37:24+00:00","dateModified":"2026-03-06T15:07:12+00:00","description":"Venda de cadeira de rodas el\u00e9trica dobr\u00e1vel FANTASTICA. F\u00e1cil de usar em ambientes internos e externos. Tamb\u00e9m para espa\u00e7os pequenos. Ligue para 3926509237 ou reserve online!","breadcrumb":{"@id":"https:\/\/www.miamedicalitalia.it\/prodotto\/vendita-carrozzina-elettrica-pieghevole-fantastica-mia-medical\/#breadcrumb"},"inLanguage":"pt-PT","potentialAction":[{"@type":"ReadAction","target":["https:\/\/www.miamedicalitalia.it\/prodotto\/vendita-carrozzina-elettrica-pieghevole-fantastica-mia-medical\/"]}]},{"@type":"ImageObject","inLanguage":"pt-PT","@id":"https:\/\/www.miamedicalitalia.it\/prodotto\/vendita-carrozzina-elettrica-pieghevole-fantastica-mia-medical\/#primaryimage","url":"https:\/\/www.miamedicalitalia.it\/wp-content\/uploads\/2023\/02\/carrozzina-elettrica.jpg","contentUrl":"https:\/\/www.miamedicalitalia.it\/wp-content\/uploads\/2023\/02\/carrozzina-elettrica.jpg","width":1080,"height":1080},{"@type":"BreadcrumbList","@id":"https:\/\/www.miamedicalitalia.it\/prodotto\/vendita-carrozzina-elettrica-pieghevole-fantastica-mia-medical\/#breadcrumb","itemListElement":[{"@type":"ListItem","position":1,"name":"Home","item":"https:\/\/www.miamedicalitalia.it\/"},{"@type":"ListItem","position":2,"name":"Shop","item":"https:\/\/www.miamedicalitalia.it\/negozio\/"},{"@type":"ListItem","position":3,"name":"Vendita","item":"https:\/\/www.miamedicalitalia.it\/categoria\/vendita-ausili\/"},{"@type":"ListItem","position":4,"name":"Vendita Carrozzina Elettrica Pieghevole Fantastica Power Smart Mia"}]},{"@type":"WebSite","@id":"https:\/\/www.miamedicalitalia.it\/#website","url":"https:\/\/www.miamedicalitalia.it\/","name":"www.miamedicalitalia.it","description":"Aluguer e venda de equipamento sanit\u00e1rio","publisher":{"@id":"https:\/\/www.miamedicalitalia.it\/#organization"},"potentialAction":[{"@type":"SearchAction","target":{"@type":"EntryPoint","urlTemplate":"https:\/\/www.miamedicalitalia.it\/?s={search_term_string}"},"query-input":{"@type":"PropertyValueSpecification","valueRequired":true,"valueName":"search_term_string"}}],"inLanguage":"pt-PT"},{"@type":"Organization","@id":"https:\/\/www.miamedicalitalia.it\/#organization","name":"OLG","url":"https:\/\/www.miamedicalitalia.it\/","logo":{"@type":"ImageObject","inLanguage":"pt-PT","@id":"https:\/\/www.miamedicalitalia.it\/#\/schema\/logo\/image\/","url":"https:\/\/www.miamedicalitalia.it\/wp-content\/uploads\/2023\/04\/mia-medical-logo-free.png","contentUrl":"https:\/\/www.miamedicalitalia.it\/wp-content\/uploads\/2023\/04\/mia-medical-logo-free.png","width":700,"height":700,"caption":"OLG"},"image":{"@id":"https:\/\/www.miamedicalitalia.it\/#\/schema\/logo\/image\/"},"sameAs":["https:\/\/www.facebook.com\/miamedicalitalia"]}]}},"wcpa_form_fields":null,"_links":{"self":[{"href":"https:\/\/www.miamedicalitalia.it\/pt\/wp-json\/wp\/v2\/product\/8801","targetHints":{"allow":["GET"]}}],"collection":[{"href":"https:\/\/www.miamedicalitalia.it\/pt\/wp-json\/wp\/v2\/product"}],"about":[{"href":"https:\/\/www.miamedicalitalia.it\/pt\/wp-json\/wp\/v2\/types\/product"}],"wp:featuredmedia":[{"embeddable":true,"href":"https:\/\/www.miamedicalitalia.it\/pt\/wp-json\/wp\/v2\/media\/12096"}],"wp:attachment":[{"href":"https:\/\/www.miamedicalitalia.it\/pt\/wp-json\/wp\/v2\/media?parent=8801"}],"wp:term":[{"taxonomy":"home-category","embeddable":true,"href":"https:\/\/www.miamedicalitalia.it\/pt\/wp-json\/wp\/v2\/home-category?post=8801"},{"taxonomy":"product_brand","embeddable":true,"href":"https:\/\/www.miamedicalitalia.it\/pt\/wp-json\/wp\/v2\/product_brand?post=8801"},{"taxonomy":"product_cat","embeddable":true,"href":"https:\/\/www.miamedicalitalia.it\/pt\/wp-json\/wp\/v2\/product_cat?post=8801"},{"taxonomy":"product_tag","embeddable":true,"href":"https:\/\/www.miamedicalitalia.it\/pt\/wp-json\/wp\/v2\/product_tag?post=8801"},{"taxonomy":"woo-feed-brand","embeddable":true,"href":"https:\/\/www.miamedicalitalia.it\/pt\/wp-json\/wp\/v2\/woo-feed-brand?post=8801"}],"curies":[{"name":"wp","href":"https:\/\/api.w.org\/{rel}","templated":true}]}}