{"id":8800,"date":"2022-11-28T16:57:35","date_gmt":"2022-11-28T15:57:35","guid":{"rendered":"https:\/\/www.miamedicalitalia.it\/?post_type=product&#038;p=8800"},"modified":"2026-03-06T17:08:54","modified_gmt":"2026-03-06T15:08:54","slug":"vendita-materasso-antidecubito-polyplot-90cm","status":"publish","type":"product","link":"https:\/\/www.miamedicalitalia.it\/pt\/produto\/vendita-materasso-antidecubito-polyplot-90cm\/","title":{"rendered":"Venda Colch\u00e3o anti-dec\u00fabito Polyplot 90CM"},"content":{"rendered":"<p>Se uma pessoa estiver acamada durante muito tempo devido a uma les\u00e3o ou doen\u00e7a, \u00e9 importante tomar precau\u00e7\u00f5es. N\u00f3s da <strong>Mia Medical<\/strong>com o nosso <strong>para venda<\/strong> garantimos-lhe a <strong>colch\u00e3o anti-dec\u00fabito preventivo de melhor qualidade<\/strong> no mercado: o modelo <strong>PolyPlot<\/strong> por 90cm.<\/p>\n\n\n\n<h4 class=\"wp-block-heading\" id=\"h-cos-e-un-materasso-antidecubito-e-a-cosa-serve\"><strong><a href=\"https:\/\/www.miamedicalitalia.it\/pt\/materasso-antidecubito-guida-alla-scelta-roma-e-firenze\/\">O que \u00e9 um colch\u00e3o anti-dec\u00fabito e para que serve?<\/a><\/strong><\/h4>\n\n\n\n<p>A&nbsp;<strong>colch\u00e3o anti-dec\u00fabito<\/strong>&nbsp;\u00e9 um dispositivo concebido para&nbsp;<strong>prevenir e aliviar <a href=\"https:\/\/www.humanitas.it\/malattie\/piaghe-da-decubito\/\">escaras<\/a><\/strong>As les\u00f5es da pele que se formam quando uma pessoa permanece na mesma posi\u00e7\u00e3o durante muito tempo.<\/p>\n\n\n\n<p>Estas feridas, tamb\u00e9m conhecidas como&nbsp;<strong>\u00falceras de press\u00e3o<\/strong>Desenvolvem-se porque o peso do corpo, se n\u00e3o for bem distribu\u00eddo, comprime a pele e os tecidos subjacentes, reduzindo a circula\u00e7\u00e3o sangu\u00ednea.<\/p>\n\n\n\n<p>A&nbsp;<strong>colch\u00e3o anti-dec\u00fabito, como o PolyPlot 90 cm<\/strong>&nbsp;ajuda a&nbsp;<strong>reduzir a press\u00e3o sobre as zonas cr\u00edticas<\/strong>melhorando o conforto e protegendo a pele.<\/p>\n\n\n\n<h4 class=\"wp-block-heading\" id=\"h-a-chi-e-rivolta-la-vendita-del-materasso-preventivo-antidecubito-polyplot-90-cm\"><strong>A quem se destina o colch\u00e3o antidec\u00fabito PolyPlot 90 cm?<\/strong><\/h4>\n\n\n\n<p>Este colch\u00e3o \u00e9 ideal para: <\/p>\n\n\n\n<ul class=\"wp-block-list\">\n<li><strong>Idosos<\/strong>&nbsp;com mobilidade reduzida que passam muito tempo na cama.<\/li>\n\n\n\n<li><strong>Pessoas com defici\u00eancias motoras<\/strong>que t\u00eam dificuldade em mudar de posi\u00e7\u00e3o de forma aut\u00f3noma.<\/li>\n\n\n\n<li><strong>Pacientes p\u00f3s-operat\u00f3rios<\/strong>que t\u00eam de repousar durante longos per\u00edodos.<\/li>\n\n\n\n<li><strong>Pessoas com problemas de circula\u00e7\u00e3o<\/strong>A pessoa tem uma pele fr\u00e1gil ou est\u00e1 em risco de desenvolver \u00falceras de press\u00e3o de fase I.<\/li>\n<\/ul>\n\n\n\n<h4 class=\"wp-block-heading\" id=\"h-perche-scegliere-il-materasso-polyplot-90-cm\"><strong>Porqu\u00ea escolher o colch\u00e3o PolyPlot 90 cm?<\/strong><\/h4>\n\n\n\n<p>O&nbsp;<strong>PolyPlot 90 cm<\/strong>&nbsp;\u00e9 um colch\u00e3o feito de&nbsp;<strong>espuma de poliuretano de alta densidade<\/strong>um material concebido para oferecer uma&nbsp;<strong>apoio ergon\u00f3mico e confort\u00e1vel<\/strong>.<\/p>\n\n\n\n<p>Eis as suas principais carater\u00edsticas: <\/p>\n\n\n\n<ul class=\"wp-block-list\">\n<li><strong>Distribui\u00e7\u00e3o \u00f3ptima do peso<\/strong>evita pontos de press\u00e3o excessivos na pele.<\/li>\n\n\n\n<li><strong>Superf\u00edcie moldada<\/strong>Melhora a ventila\u00e7\u00e3o e evita a acumula\u00e7\u00e3o de humidade.<\/li>\n\n\n\n<li><strong>Cantos laterais refor\u00e7ados<\/strong>maior estabilidade e seguran\u00e7a durante o movimento.<\/li>\n\n\n\n<li><strong>Forro imperme\u00e1vel e respir\u00e1vel<\/strong>Protege o colch\u00e3o de l\u00edquidos e bact\u00e9rias, mantendo a higiene e o conforto.<\/li>\n\n\n\n<li><strong>Compat\u00edvel com camas articuladas<\/strong>perfeito para quem precisa de um apoio ajust\u00e1vel.<\/li>\n<\/ul>\n\n\n\n<p>Descubra tamb\u00e9m o nosso&nbsp;<strong><a href=\"https:\/\/www.miamedicalitalia.it\/en\/categoria\/affitto-e-noleggio-ausili\/noleggio-letti-ortopedici-ospedalieri\/\">camas ortop\u00e9dicas el\u00e9ctricas<\/a><\/strong>! Se&nbsp;<strong>alugue uma das nossas camas hospitalares, inclu\u00edda no pre\u00e7o, e receba tamb\u00e9m um colch\u00e3o PolyPlot ANTI-DECUBIT de 90 cm!!!<\/strong><\/p>\n\n\n\n<h4 class=\"wp-block-heading\" id=\"h-i-benefici-del-materasso-polyplot-90cm\">As vantagens do colch\u00e3o PolyPlot 90cm <\/h4>\n\n\n\n<ul class=\"wp-block-list\">\n<li><strong>Preven\u00e7\u00e3o de \u00falceras de press\u00e3o na primeira fase<\/strong>.<\/li>\n\n\n\n<li><strong>Maior conforto e melhor descanso<\/strong>.<\/li>\n\n\n\n<li><strong>Facilidade de limpeza e manuten\u00e7\u00e3o<\/strong>.<\/li>\n\n\n\n<li><strong>Materiais duradouros e de alta qualidade<\/strong>.<\/li>\n\n\n\n<li><strong>Adequado tanto para uso dom\u00e9stico como para instala\u00e7\u00f5es de cuidados de sa\u00fade<\/strong>.<\/li>\n<\/ul>\n\n\n\n<p><strong>Aten\u00e7\u00e3o<\/strong>: O colch\u00e3o&nbsp;<strong>PolyPlot<\/strong>&nbsp;90cm \u00e9 adequado para pacientes com&nbsp;<strong>BAIXO RISCO<\/strong>e\/ou acamados durante um curto per\u00edodo de tempo, e\/ou que sofram de \u00falceras de press\u00e3o de n\u00edvel 1. Em todos os outros casos, para n\u00edveis de risco mais elevados ou per\u00edodos mais longos de repouso no leito, o <a href=\"https:\/\/www.miamedicalitalia.it\/en\/product\/noleggio-materasso-antidecubito-ad-alto-rischio\/\"><strong>ALTA CURA<\/strong>o colch\u00e3o <strong>ANTI-DECUBITO risco elevado<\/strong>.<\/a><\/p>\n\n\n\n<p><strong>Como reconhecer as diferentes fases do dec\u00fabito?&nbsp;<\/strong><\/p>\n\n\n\n<ol class=\"wp-block-list\">\n<li><strong>Primeira fase<\/strong>superficiais e afectam a epiderme.&nbsp;<\/li>\n\n\n\n<li><strong>Segunda fase<\/strong>Afectam a derme.<\/li>\n\n\n\n<li><strong>Terceira fase<\/strong>envolvem os tecidos subcut\u00e2neos.<\/li>\n\n\n\n<li><strong>Quarta fase<\/strong>comprometer os m\u00fasculos e as articula\u00e7\u00f5es.<\/li>\n<\/ol>\n\n\n\n<h4 class=\"wp-block-heading\" id=\"h-perche-scegliere-mia-medical\">Porqu\u00ea escolher a Mia Medical? <\/h4>\n\n\n\n<p>A compra de um colch\u00e3o anti-escaras \u00e9 uma escolha importante para a sa\u00fade e o bem-estar.&nbsp;<strong>Mia Medical<\/strong> oferece-lhe:<\/p>\n\n\n\n<ul class=\"wp-block-list\">\n<li><strong>Consultoria personalizada<\/strong>&nbsp;para o ajudar a escolher o produto mais adequado.<\/li>\n\n\n\n<li><strong><a href=\"https:\/\/movigroup.com\/en\/\">Produtos de alta qualidade<\/a>certificado e seguro contra <a href=\"https:\/\/www.wimed.it\/chi-siamo\/\">os melhores fornecedores do mercado.<\/a><\/strong><\/li>\n\n\n\n<li><strong>Entrega r\u00e1pida e servi\u00e7o dedicado<\/strong>.<\/li>\n<\/ul>\n\n\n\n<p>Se n\u00e3o sabe que colch\u00e3o escolher, prepar\u00e1mos um guia completo para o ajudar a escolher o modelo mais adequado \u00e0s suas necessidades.\u00a0<a href=\"https:\/\/www.miamedicalitalia.it\/pt\/materasso-antidecubito-guida-alla-scelta-roma-e-firenze\/\"><strong>Leia-o aqui para descobrir todas as nossas propostas de colch\u00f5es ANTI-DECUBITA!<\/strong>\u00a0<\/a><\/p>\n\n\n\n<p><strong>Encomende j\u00e1 o seu colch\u00e3o PolyPlot de 90 cm!&nbsp;<\/strong><\/p>\n\n\n\n<p>Al\u00e9m disso, se for um doente que sofre de les\u00f5es por press\u00e3o ou o prestador de cuidados a uma pessoa dependente e precisar de ajuda, a nossa <strong>enfermeira<\/strong> de confian\u00e7a <strong><a href=\"http:\/\/Www.arnarldiandrea.com\">Andrea Arnaldi<\/a><\/strong> \u00e9 especializada em&nbsp;<strong>tratamento de les\u00f5es cut\u00e2neas e cuidados no domic\u00edlio! N\u00e3o hesite em contact\u00e1-lo para prosseguir os seus cuidados, ou os dos seus entes queridos, no conforto do seu lar!&nbsp;<\/strong><\/p>\n\n\n\n<p>Proteger a pele, prevenir as \u00falceras de press\u00e3o e melhorar o conforto do sono com o colch\u00e3o&nbsp;<strong>PolyPlot 90 cm<\/strong>.<\/p>\n\n\n\n<p><strong>Contacte-nos para mais informa\u00e7\u00f5es ou fa\u00e7a j\u00e1 a sua encomenda!&nbsp;<\/strong><\/p>","protected":false},"excerpt":{"rendered":"<div style=\"font-family: Arial, sans-serif; background-color: #234091; padding: 30px; border-radius: 25px; max-width: 600px; color: #ffffff; position: relative; border-top: 6px solid #2498fe;\">\n<h3 style=\"margin-top: 0; margin-bottom: 15px; color: #ffffff;\">Colch\u00e3o anti-dec\u00fabito<\/h3>\n<p>Dispon\u00edvel gratuitamente com o aluguer da cama el\u00e9ctrica ortop\u00e9dica.<\/p>\n<\/div>\n<p><!-- Linea bianca sotto --><\/p>\n<div style=\"height: 6px; background-color: #ffffff; max-width: 600px;\">\u00a0<\/div>","protected":false},"featured_media":12523,"template":"","meta":{"_acf_changed":false},"home-category":[263],"product_brand":[],"product_cat":[261,532],"product_tag":[51,52],"woo-feed-brand":[],"class_list":{"0":"post-8800","1":"product","2":"type-product","3":"status-publish","4":"has-post-thumbnail","6":"home-category-ausili","7":"product_cat-vendita-ausili","8":"product_cat-vendita-materassi-antidecubito-ad-alto-rischio","9":"product_tag-materasso-antidecubito-ad-alto-rischio","10":"product_tag-materasso-antidecubito-preventivo","12":"first","13":"instock","14":"shipping-taxable","15":"purchasable","16":"product-type-simple"},"acf":[],"yoast_head":"<!-- This site is optimized with the Yoast SEO Premium plugin v27.3 (Yoast SEO v27.3) - https:\/\/yoast.com\/product\/yoast-seo-premium-wordpress\/ -->\n<title>Vendita materasso preventivo antidecubito Polyplot<\/title>\n<meta name=\"description\" content=\"Vendita materasso preventivo antidecubito PolyPlot. Prezzo offerta , Spedizione in tutta l&#039;Italia. Disponibilit\u00e0 immediata.Chiama subito 3926509237\" \/>\n<meta name=\"robots\" content=\"index, follow, max-snippet:-1, max-image-preview:large, max-video-preview:-1\" \/>\n<link rel=\"canonical\" href=\"https:\/\/www.miamedicalitalia.it\/pt\/produto\/vendita-materasso-antidecubito-polyplot-90cm\/\" \/>\n<meta property=\"og:locale\" content=\"pt_PT\" \/>\n<meta property=\"og:type\" content=\"article\" \/>\n<meta property=\"og:title\" content=\"Vendita materasso preventivo antidecubito Polyplot\" \/>\n<meta property=\"og:description\" content=\"Vendita materasso preventivo antidecubito PolyPlot. Prezzo offerta , Spedizione in tutta l&#039;Italia. Disponibilit\u00e0 immediata.Chiama subito 3926509237\" \/>\n<meta property=\"og:url\" content=\"https:\/\/www.miamedicalitalia.it\/pt\/produto\/vendita-materasso-antidecubito-polyplot-90cm\/\" \/>\n<meta property=\"og:site_name\" content=\"Mia Medical\" \/>\n<meta property=\"article:publisher\" content=\"https:\/\/www.facebook.com\/miamedicalitalia\" \/>\n<meta property=\"article:modified_time\" content=\"2026-03-06T15:08:54+00:00\" \/>\n<meta property=\"og:image\" content=\"https:\/\/www.miamedicalitalia.it\/wp-content\/uploads\/2022\/11\/Materasso-antidecubito-Polyplot-Wimed-1.jpg\" \/>\n\t<meta property=\"og:image:width\" content=\"1000\" \/>\n\t<meta property=\"og:image:height\" content=\"1000\" \/>\n\t<meta property=\"og:image:type\" content=\"image\/jpeg\" \/>\n<meta name=\"twitter:card\" content=\"summary_large_image\" \/>\n<meta name=\"twitter:label1\" content=\"Tempo estimado de leitura\" \/>\n\t<meta name=\"twitter:data1\" content=\"3 minutos\" \/>\n<script type=\"application\/ld+json\" class=\"yoast-schema-graph\">{\"@context\":\"https:\\\/\\\/schema.org\",\"@graph\":[{\"@type\":\"WebPage\",\"@id\":\"https:\\\/\\\/www.miamedicalitalia.it\\\/prodotto\\\/vendita-materasso-antidecubito-polyplot-90cm\\\/\",\"url\":\"https:\\\/\\\/www.miamedicalitalia.it\\\/prodotto\\\/vendita-materasso-antidecubito-polyplot-90cm\\\/\",\"name\":\"Vendita materasso preventivo antidecubito Polyplot\",\"isPartOf\":{\"@id\":\"https:\\\/\\\/www.miamedicalitalia.it\\\/#website\"},\"primaryImageOfPage\":{\"@id\":\"https:\\\/\\\/www.miamedicalitalia.it\\\/prodotto\\\/vendita-materasso-antidecubito-polyplot-90cm\\\/#primaryimage\"},\"image\":{\"@id\":\"https:\\\/\\\/www.miamedicalitalia.it\\\/prodotto\\\/vendita-materasso-antidecubito-polyplot-90cm\\\/#primaryimage\"},\"thumbnailUrl\":\"https:\\\/\\\/www.miamedicalitalia.it\\\/wp-content\\\/uploads\\\/2022\\\/11\\\/Materasso-antidecubito-Polyplot-Wimed-1.jpg\",\"datePublished\":\"2022-11-28T15:57:35+00:00\",\"dateModified\":\"2026-03-06T15:08:54+00:00\",\"description\":\"Vendita materasso preventivo antidecubito PolyPlot. Prezzo offerta , Spedizione in tutta l'Italia. Disponibilit\u00e0 immediata.Chiama subito 3926509237\",\"breadcrumb\":{\"@id\":\"https:\\\/\\\/www.miamedicalitalia.it\\\/prodotto\\\/vendita-materasso-antidecubito-polyplot-90cm\\\/#breadcrumb\"},\"inLanguage\":\"pt-PT\",\"potentialAction\":[{\"@type\":\"ReadAction\",\"target\":[\"https:\\\/\\\/www.miamedicalitalia.it\\\/prodotto\\\/vendita-materasso-antidecubito-polyplot-90cm\\\/\"]}]},{\"@type\":\"ImageObject\",\"inLanguage\":\"pt-PT\",\"@id\":\"https:\\\/\\\/www.miamedicalitalia.it\\\/prodotto\\\/vendita-materasso-antidecubito-polyplot-90cm\\\/#primaryimage\",\"url\":\"https:\\\/\\\/www.miamedicalitalia.it\\\/wp-content\\\/uploads\\\/2022\\\/11\\\/Materasso-antidecubito-Polyplot-Wimed-1.jpg\",\"contentUrl\":\"https:\\\/\\\/www.miamedicalitalia.it\\\/wp-content\\\/uploads\\\/2022\\\/11\\\/Materasso-antidecubito-Polyplot-Wimed-1.jpg\",\"width\":1000,\"height\":1000},{\"@type\":\"BreadcrumbList\",\"@id\":\"https:\\\/\\\/www.miamedicalitalia.it\\\/prodotto\\\/vendita-materasso-antidecubito-polyplot-90cm\\\/#breadcrumb\",\"itemListElement\":[{\"@type\":\"ListItem\",\"position\":1,\"name\":\"Home\",\"item\":\"https:\\\/\\\/www.miamedicalitalia.it\\\/\"},{\"@type\":\"ListItem\",\"position\":2,\"name\":\"Shop\",\"item\":\"https:\\\/\\\/www.miamedicalitalia.it\\\/negozio\\\/\"},{\"@type\":\"ListItem\",\"position\":3,\"name\":\"Vendita\",\"item\":\"https:\\\/\\\/www.miamedicalitalia.it\\\/categoria\\\/vendita-ausili\\\/\"},{\"@type\":\"ListItem\",\"position\":4,\"name\":\"Vendita Materasso antidecubito Polyplot 90CM\"}]},{\"@type\":\"WebSite\",\"@id\":\"https:\\\/\\\/www.miamedicalitalia.it\\\/#website\",\"url\":\"https:\\\/\\\/www.miamedicalitalia.it\\\/\",\"name\":\"www.miamedicalitalia.it\",\"description\":\"Noleggio e Vendita Attrezzatura Sanitarie\",\"publisher\":{\"@id\":\"https:\\\/\\\/www.miamedicalitalia.it\\\/#organization\"},\"potentialAction\":[{\"@type\":\"SearchAction\",\"target\":{\"@type\":\"EntryPoint\",\"urlTemplate\":\"https:\\\/\\\/www.miamedicalitalia.it\\\/?s={search_term_string}\"},\"query-input\":{\"@type\":\"PropertyValueSpecification\",\"valueRequired\":true,\"valueName\":\"search_term_string\"}}],\"inLanguage\":\"pt-PT\"},{\"@type\":\"Organization\",\"@id\":\"https:\\\/\\\/www.miamedicalitalia.it\\\/#organization\",\"name\":\"OLG\",\"url\":\"https:\\\/\\\/www.miamedicalitalia.it\\\/\",\"logo\":{\"@type\":\"ImageObject\",\"inLanguage\":\"pt-PT\",\"@id\":\"https:\\\/\\\/www.miamedicalitalia.it\\\/#\\\/schema\\\/logo\\\/image\\\/\",\"url\":\"https:\\\/\\\/www.miamedicalitalia.it\\\/wp-content\\\/uploads\\\/2023\\\/04\\\/mia-medical-logo-free.png\",\"contentUrl\":\"https:\\\/\\\/www.miamedicalitalia.it\\\/wp-content\\\/uploads\\\/2023\\\/04\\\/mia-medical-logo-free.png\",\"width\":700,\"height\":700,\"caption\":\"OLG\"},\"image\":{\"@id\":\"https:\\\/\\\/www.miamedicalitalia.it\\\/#\\\/schema\\\/logo\\\/image\\\/\"},\"sameAs\":[\"https:\\\/\\\/www.facebook.com\\\/miamedicalitalia\"]}]}<\/script>\n<!-- \/ Yoast SEO Premium plugin. -->","yoast_head_json":{"title":"Colch\u00e3o anti-escaras Polyplot para venda","description":"Colch\u00e3o preventivo anti-dec\u00fabito PolyPlot para venda. Pre\u00e7o de oferta, envio para toda a It\u00e1lia. Disponibilidade imediata. Contactar 3926509237","robots":{"index":"index","follow":"follow","max-snippet":"max-snippet:-1","max-image-preview":"max-image-preview:large","max-video-preview":"max-video-preview:-1"},"canonical":"https:\/\/www.miamedicalitalia.it\/pt\/produto\/vendita-materasso-antidecubito-polyplot-90cm\/","og_locale":"pt_PT","og_type":"article","og_title":"Vendita materasso preventivo antidecubito Polyplot","og_description":"Vendita materasso preventivo antidecubito PolyPlot. Prezzo offerta , Spedizione in tutta l'Italia. Disponibilit\u00e0 immediata.Chiama subito 3926509237","og_url":"https:\/\/www.miamedicalitalia.it\/pt\/produto\/vendita-materasso-antidecubito-polyplot-90cm\/","og_site_name":"Mia Medical","article_publisher":"https:\/\/www.facebook.com\/miamedicalitalia","article_modified_time":"2026-03-06T15:08:54+00:00","og_image":[{"width":1000,"height":1000,"url":"https:\/\/www.miamedicalitalia.it\/wp-content\/uploads\/2022\/11\/Materasso-antidecubito-Polyplot-Wimed-1.jpg","type":"image\/jpeg"}],"twitter_card":"summary_large_image","twitter_misc":{"Tempo estimado de leitura":"3 minutos"},"schema":{"@context":"https:\/\/schema.org","@graph":[{"@type":"WebPage","@id":"https:\/\/www.miamedicalitalia.it\/prodotto\/vendita-materasso-antidecubito-polyplot-90cm\/","url":"https:\/\/www.miamedicalitalia.it\/prodotto\/vendita-materasso-antidecubito-polyplot-90cm\/","name":"Colch\u00e3o anti-escaras Polyplot para venda","isPartOf":{"@id":"https:\/\/www.miamedicalitalia.it\/#website"},"primaryImageOfPage":{"@id":"https:\/\/www.miamedicalitalia.it\/prodotto\/vendita-materasso-antidecubito-polyplot-90cm\/#primaryimage"},"image":{"@id":"https:\/\/www.miamedicalitalia.it\/prodotto\/vendita-materasso-antidecubito-polyplot-90cm\/#primaryimage"},"thumbnailUrl":"https:\/\/www.miamedicalitalia.it\/wp-content\/uploads\/2022\/11\/Materasso-antidecubito-Polyplot-Wimed-1.jpg","datePublished":"2022-11-28T15:57:35+00:00","dateModified":"2026-03-06T15:08:54+00:00","description":"Colch\u00e3o preventivo anti-dec\u00fabito PolyPlot para venda. Pre\u00e7o de oferta, envio para toda a It\u00e1lia. Disponibilidade imediata. Contactar 3926509237","breadcrumb":{"@id":"https:\/\/www.miamedicalitalia.it\/prodotto\/vendita-materasso-antidecubito-polyplot-90cm\/#breadcrumb"},"inLanguage":"pt-PT","potentialAction":[{"@type":"ReadAction","target":["https:\/\/www.miamedicalitalia.it\/prodotto\/vendita-materasso-antidecubito-polyplot-90cm\/"]}]},{"@type":"ImageObject","inLanguage":"pt-PT","@id":"https:\/\/www.miamedicalitalia.it\/prodotto\/vendita-materasso-antidecubito-polyplot-90cm\/#primaryimage","url":"https:\/\/www.miamedicalitalia.it\/wp-content\/uploads\/2022\/11\/Materasso-antidecubito-Polyplot-Wimed-1.jpg","contentUrl":"https:\/\/www.miamedicalitalia.it\/wp-content\/uploads\/2022\/11\/Materasso-antidecubito-Polyplot-Wimed-1.jpg","width":1000,"height":1000},{"@type":"BreadcrumbList","@id":"https:\/\/www.miamedicalitalia.it\/prodotto\/vendita-materasso-antidecubito-polyplot-90cm\/#breadcrumb","itemListElement":[{"@type":"ListItem","position":1,"name":"Home","item":"https:\/\/www.miamedicalitalia.it\/"},{"@type":"ListItem","position":2,"name":"Shop","item":"https:\/\/www.miamedicalitalia.it\/negozio\/"},{"@type":"ListItem","position":3,"name":"Vendita","item":"https:\/\/www.miamedicalitalia.it\/categoria\/vendita-ausili\/"},{"@type":"ListItem","position":4,"name":"Vendita Materasso antidecubito Polyplot 90CM"}]},{"@type":"WebSite","@id":"https:\/\/www.miamedicalitalia.it\/#website","url":"https:\/\/www.miamedicalitalia.it\/","name":"www.miamedicalitalia.it","description":"Aluguer e venda de equipamento sanit\u00e1rio","publisher":{"@id":"https:\/\/www.miamedicalitalia.it\/#organization"},"potentialAction":[{"@type":"SearchAction","target":{"@type":"EntryPoint","urlTemplate":"https:\/\/www.miamedicalitalia.it\/?s={search_term_string}"},"query-input":{"@type":"PropertyValueSpecification","valueRequired":true,"valueName":"search_term_string"}}],"inLanguage":"pt-PT"},{"@type":"Organization","@id":"https:\/\/www.miamedicalitalia.it\/#organization","name":"OLG","url":"https:\/\/www.miamedicalitalia.it\/","logo":{"@type":"ImageObject","inLanguage":"pt-PT","@id":"https:\/\/www.miamedicalitalia.it\/#\/schema\/logo\/image\/","url":"https:\/\/www.miamedicalitalia.it\/wp-content\/uploads\/2023\/04\/mia-medical-logo-free.png","contentUrl":"https:\/\/www.miamedicalitalia.it\/wp-content\/uploads\/2023\/04\/mia-medical-logo-free.png","width":700,"height":700,"caption":"OLG"},"image":{"@id":"https:\/\/www.miamedicalitalia.it\/#\/schema\/logo\/image\/"},"sameAs":["https:\/\/www.facebook.com\/miamedicalitalia"]}]}},"wcpa_form_fields":null,"_links":{"self":[{"href":"https:\/\/www.miamedicalitalia.it\/pt\/wp-json\/wp\/v2\/product\/8800","targetHints":{"allow":["GET"]}}],"collection":[{"href":"https:\/\/www.miamedicalitalia.it\/pt\/wp-json\/wp\/v2\/product"}],"about":[{"href":"https:\/\/www.miamedicalitalia.it\/pt\/wp-json\/wp\/v2\/types\/product"}],"wp:featuredmedia":[{"embeddable":true,"href":"https:\/\/www.miamedicalitalia.it\/pt\/wp-json\/wp\/v2\/media\/12523"}],"wp:attachment":[{"href":"https:\/\/www.miamedicalitalia.it\/pt\/wp-json\/wp\/v2\/media?parent=8800"}],"wp:term":[{"taxonomy":"home-category","embeddable":true,"href":"https:\/\/www.miamedicalitalia.it\/pt\/wp-json\/wp\/v2\/home-category?post=8800"},{"taxonomy":"product_brand","embeddable":true,"href":"https:\/\/www.miamedicalitalia.it\/pt\/wp-json\/wp\/v2\/product_brand?post=8800"},{"taxonomy":"product_cat","embeddable":true,"href":"https:\/\/www.miamedicalitalia.it\/pt\/wp-json\/wp\/v2\/product_cat?post=8800"},{"taxonomy":"product_tag","embeddable":true,"href":"https:\/\/www.miamedicalitalia.it\/pt\/wp-json\/wp\/v2\/product_tag?post=8800"},{"taxonomy":"woo-feed-brand","embeddable":true,"href":"https:\/\/www.miamedicalitalia.it\/pt\/wp-json\/wp\/v2\/woo-feed-brand?post=8800"}],"curies":[{"name":"wp","href":"https:\/\/api.w.org\/{rel}","templated":true}]}}