{"id":15053,"date":"2026-01-13T17:03:12","date_gmt":"2026-01-13T15:03:12","guid":{"rendered":"https:\/\/www.miamedicalitalia.it\/?post_type=product&#038;p=15053"},"modified":"2026-03-30T14:48:03","modified_gmt":"2026-03-30T12:48:03","slug":"materasso-antidecubito-hospital-care-xl","status":"publish","type":"product","link":"https:\/\/www.miamedicalitalia.it\/pt\/produto\/materasso-antidecubito-hospital-care-xl\/","title":{"rendered":"Aluguer de colch\u00e3o anti-dec\u00fabito de 120 cm de alto risco Hospital Care XL"},"content":{"rendered":"<p>Precisa de uma solu\u00e7\u00e3o avan\u00e7ada para um doente acamado com elevadas necessidades cl\u00ednicas? O <strong>Colch\u00e3o anti-dec\u00fabito de alto risco HOSPITAL CARE XL<\/strong> \u00e8 progettato per garantire <strong>m\u00e1xima seguran\u00e7a, conforto e prote\u00e7\u00e3o da pele<\/strong>, anche nei casi pi\u00f9 complessi.<\/p>\n\n\n\n<p>Ideal para <strong>preven\u00e7\u00e3o<\/strong> do que para o <strong>tratamento de \u00falceras de press\u00e3o at\u00e9 ao est\u00e1dio IV<\/strong>, questo materasso rappresenta una scelta eccellente per l\u2019assistenza domiciliare e ospedaliera.<\/p>\n\n\n\n<h2 class=\"wp-block-heading\" id=\"h-cos-e-un-materasso-antidecubito\">Cos\u2019\u00e8 un Materasso Antidecubito?<\/h2>\n\n\n\n<p>O <strong>colch\u00e3o anti-dec\u00fabito<\/strong> \u00e8 un dispositivo medico studiato per ridurre in modo significativo la pressione esercitata sul corpo, prevenendo la formazione delle piaghe da decubito e favorendo il recupero dei tessuti gi\u00e0 lesionati.<\/p>\n\n\n\n<p>\u00c8 particolarmente indicato per pazienti con <strong>mobilit\u00e0 ridotta o assente<\/strong>, acamado durante longos per\u00edodos, gra\u00e7as a <strong>pressione alternata e gestione intelligente dell\u2019aria<\/strong>.<\/p>\n\n\n\n<h2 class=\"wp-block-heading\" id=\"h-a-cosa-serve-il-materasso-hospital-care-xl\">Para que serve o colch\u00e3o HOSPITAL CARE XL?<\/h2>\n\n\n\n<p>O modelo <strong>CUIDADOS HOSPITALARES XL<\/strong> utiliza um sistema de ar de espessura total, <strong>senza necessit\u00e0 di un materasso aggiuntivo<\/strong>, ed \u00e8 progettato per ridurre la pressione nelle zone pi\u00f9 sensibili del corpo, come:<\/p>\n\n\n\n<ul class=\"wp-block-list\">\n<li>Zona sacral e lombar<\/li>\n\n\n\n<li>Costas e tronco<\/li>\n\n\n\n<li>Calcanhares e tornozelos<\/li>\n\n\n\n<li>Cotovelos e omoplatas<\/li>\n<\/ul>\n\n\n\n<p>Gra\u00e7as ao <strong>micro-cessione d\u2019aria nella zona del tronco<\/strong>, Ajuda a manter a pele seca e a reduzir o risco de macera\u00e7\u00e3o e de infe\u00e7\u00e3o.<\/p>\n\n\n\n<p>\u00c8 indicato sia per pazienti ad <strong>risco muito elevado<\/strong> sia per chi presenta gi\u00e0 <strong>les\u00f5es por press\u00e3o avan\u00e7adas<\/strong>.<\/p>\n\n\n\n<h2 class=\"wp-block-heading\">As 4 fases das \u00falceras de press\u00e3o<\/h2>\n\n\n\n<ul class=\"wp-block-list\">\n<li><strong>Eu enceno:<\/strong> vermelhid\u00e3o persistente da pele intacta<\/li>\n\n\n\n<li><strong>Fase II:<\/strong> les\u00e3o superficial com envolvimento d\u00e9rmico<\/li>\n\n\n\n<li><strong>Fase III:<\/strong> perda de tecido de espessura total com envolvimento subcut\u00e2neo<\/li>\n\n\n\n<li><strong>Fase IV:<\/strong> les\u00f5es profundas que afectam os m\u00fasculos, os ossos e\/ou as articula\u00e7\u00f5es<\/li>\n<\/ul>\n\n\n\n<p>O colch\u00e3o <strong>CUIDADOS HOSPITALARES XL<\/strong> \u00e8 adatto alla gestione di <strong>as quatro fases<\/strong>, inclusi i casi pi\u00f9 gravi.<\/p>\n\n\n\n<h2 class=\"wp-block-heading\">A Chi \u00c8 Consigliato?<\/h2>\n\n\n\n<p>Il materasso antidecubito HOSPITAL CARE XL \u00e8 particolarmente indicato per:<\/p>\n\n\n\n<ul class=\"wp-block-list\">\n<li>Doentes acamados a longo prazo<\/li>\n\n\n\n<li>Anziani con mobilit\u00e0 fortemente ridotta<\/li>\n\n\n\n<li>Pacientes p\u00f3s-operat\u00f3rios complexos<\/li>\n\n\n\n<li>Persone con disabilit\u00e0 neurologiche o muscolari<\/li>\n\n\n\n<li>Doentes oncol\u00f3gicos ou em cuidados paliativos<\/li>\n\n\n\n<li>Pazienti bariatrici, grazie all\u2019elevata portata terapeutica<\/li>\n<\/ul>\n\n\n\n<p>O <strong>aluguer<\/strong> \u00e9 uma solu\u00e7\u00e3o pr\u00e1tica, r\u00e1pida e eficaz para garantir um elevado n\u00edvel de cuidados sem um investimento definitivo.<\/p>\n\n\n\n<h2 class=\"wp-block-heading\">Perch\u00e9 Scegliere il Materasso Antidecubito HOSPITAL CARE XL<\/h2>\n\n\n\n<ul class=\"wp-block-list\">\n<li>Suporta pacientes at\u00e9 <strong>340 kg<\/strong><\/li>\n\n\n\n<li>Reduz a press\u00e3o cut\u00e2nea at\u00e9 ao est\u00e1dio IV<\/li>\n\n\n\n<li>Favorece a circula\u00e7\u00e3o sangu\u00ednea e a regenera\u00e7\u00e3o dos tecidos<\/li>\n\n\n\n<li>Assegura elevados padr\u00f5es de higiene e seguran\u00e7a<\/li>\n\n\n\n<li>Concebida para utiliza\u00e7\u00e3o intensiva em ambientes cl\u00ednicos<\/li>\n<\/ul>\n\n\n\n<h2 class=\"wp-block-heading\" id=\"h-come-funziona-il-materasso-antidecubito-hospital-care-xl\"><a href=\"https:\/\/www.wimed.it\/prodotti\/antidecubito\/hospital-care-xl-3\/#1527600285871-61c0b829-41a7d64c-f4fba9f2-89fb\">Como funciona o colch\u00e3o antidec\u00fabito HOSPITAL CARE XL<\/a><\/h2>\n\n\n\n<p>Il sistema \u00e8 gestito da un <strong>compressor avan\u00e7ado<\/strong> que ajusta automaticamente a infla\u00e7\u00e3o das c\u00e9lulas, permitindo<\/p>\n\n\n\n<ul class=\"wp-block-list\">\n<li>Distribui\u00e7\u00e3o uniforme do peso corporal<\/li>\n\n\n\n<li>Redu\u00e7\u00e3o dos pontos de press\u00e3o prolongada<\/li>\n\n\n\n<li>Melhoria da oxigena\u00e7\u00e3o dos tecidos<\/li>\n\n\n\n<li>Maior conforto para o paciente<\/li>\n<\/ul>\n\n\n\n<p>A fun\u00e7\u00e3o <strong>\u201cZero Pressione\u201d<\/strong> permite que a press\u00e3o nas zonas lesionadas seja temporariamente reduzida a zero, enquanto o <strong>P M\u00e1ximo<\/strong> facilita l\u2019assistenza da parte del personale sanitario durante le manovre sul paziente.<\/p>\n\n\n\n<h2 class=\"wp-block-heading\" id=\"h-hai-bisogno-di-un-materasso-antidecubito-ad-alto-rischio\">Necessita de um colch\u00e3o anti-dec\u00fabito de alto risco<\/h2>\n\n\n\n<p>O <strong>aluguer do colch\u00e3o HOSPITAL CARE XL<\/strong> \u00e8 una soluzione professionale, sicura e flessibile per affrontare situazioni cliniche complesse.<\/p>\n\n\n\n<p id=\"h-\">\ud83d\udcde <strong>Contactar-nos<\/strong>: il nostro team ti aiuter\u00e0 a scegliere il dispositivo pi\u00f9 adatto alle esigenze del paziente.<\/p>\n\n\n\n<p><\/p>","protected":false},"excerpt":{"rendered":"<div style=\"font-family: Arial, sans-serif; background-color: #234091; padding: 30px; border-radius: 25px; max-width: 600px; color: #ffffff; position: relative; border-top: 6px solid #2498fe;\">\n<h3 style=\"margin-top: 0; margin-bottom: 15px; color: #ffffff;\">Aluguer de colch\u00e3o antidec\u00fabito Hospital Care XL (120 cm)<\/h3>\n<p>Aluguer do <strong>Colch\u00e3o de alto risco<\/strong> per decubito fino al 4\u00b0 stadio. <br \/>\u00c2mbito de aplica\u00e7\u00e3o at\u00e9 <strong>340KG<\/strong>. <br \/>Colch\u00e3o anti-dec\u00fabito tamb\u00e9m dispon\u00edvel <strong>para venda<\/strong>.<\/p>\n<p style=\"font-size: 17px; font-weight: bold; margin-top: 20px;\">Alugue-o com entrega ao domic\u00edlio em toda a It\u00e1lia!<br \/>Entrega para aluguer: <strong>45\u20ac consegna + 45\u20ac ritiro. <\/strong> O levantamento no armaz\u00e9m \u00e9 <strong>livre<\/strong>.<\/p>\n<p><!-- Box azzurro --><\/p>\n<div style=\"background-color: #2498fe; padding: 12px; border-radius: 15px; margin-top: 10px; text-align: center;\">\n<p style=\"margin: 0; font-size: 18px; font-weight: bold; color: #ffffff;\">Per motivi igienici, \u00e8\u00a0<strong>obbligatorio acquistare la copertura del materasso a 150\u20ac<\/strong>.<\/p>\n<\/div>\n<\/div>\n<p><!-- Linea bianca sotto --><\/p>\n<div style=\"height: 6px; background-color: #ffffff; max-width: 600px;\">\u00a0<\/div>","protected":false},"featured_media":15055,"template":"","meta":{"_acf_changed":true},"home-category":[263],"product_brand":[],"product_cat":[260,25],"product_tag":[],"woo-feed-brand":[],"class_list":{"0":"post-15053","1":"product","2":"type-product","3":"status-publish","4":"has-post-thumbnail","6":"home-category-ausili","7":"product_cat-affitto-e-noleggio-ausili","8":"product_cat-noleggio-materassi-antidecubito-terapeutico-ad-alto-rischio","9":"wcpa_has_options","11":"first","12":"instock","13":"shipping-taxable","14":"purchasable","15":"product-type-variable"},"acf":[],"yoast_head":"<!-- This site is optimized with the Yoast SEO Premium plugin v27.3 (Yoast SEO v27.4) - https:\/\/yoast.com\/product\/yoast-seo-premium-wordpress\/ -->\n<title>Materasso Antidecubito Alto Rischio 120cm | Noleggio<\/title>\n<meta name=\"description\" content=\"Noleggio materasso antidecubito ad alto rischio HOSPITAL CARE XL. Indicato per la prevenzione e cura delle piaghe da decubito Portata 340 kg.\" \/>\n<meta name=\"robots\" content=\"index, follow, max-snippet:-1, max-image-preview:large, max-video-preview:-1\" \/>\n<link rel=\"canonical\" href=\"https:\/\/www.miamedicalitalia.it\/pt\/produto\/materasso-antidecubito-hospital-care-xl\/\" \/>\n<meta property=\"og:locale\" content=\"pt_PT\" \/>\n<meta property=\"og:type\" content=\"article\" \/>\n<meta property=\"og:title\" content=\"Materasso Antidecubito Alto Rischio 120cm | Noleggio\" \/>\n<meta property=\"og:description\" content=\"Noleggio materasso antidecubito ad alto rischio HOSPITAL CARE XL. Indicato per la prevenzione e cura delle piaghe da decubito Portata 340 kg.\" \/>\n<meta property=\"og:url\" content=\"https:\/\/www.miamedicalitalia.it\/pt\/produto\/materasso-antidecubito-hospital-care-xl\/\" \/>\n<meta property=\"og:site_name\" content=\"Mia Medical\" \/>\n<meta property=\"article:publisher\" content=\"https:\/\/www.facebook.com\/miamedicalitalia\" \/>\n<meta property=\"article:modified_time\" content=\"2026-03-30T12:48:03+00:00\" \/>\n<meta property=\"og:image\" content=\"https:\/\/www.miamedicalitalia.it\/wp-content\/uploads\/2026\/01\/MAterasso-Anti-decubito-Hospital-Care-XL.png\" \/>\n\t<meta property=\"og:image:width\" content=\"1000\" \/>\n\t<meta property=\"og:image:height\" content=\"1000\" \/>\n\t<meta property=\"og:image:type\" content=\"image\/png\" \/>\n<meta name=\"twitter:card\" content=\"summary_large_image\" \/>\n<meta name=\"twitter:label1\" content=\"Tempo estimado de leitura\" \/>\n\t<meta name=\"twitter:data1\" content=\"3 minutos\" \/>\n<script type=\"application\/ld+json\" class=\"yoast-schema-graph\">{\"@context\":\"https:\\\/\\\/schema.org\",\"@graph\":[{\"@type\":\"WebPage\",\"@id\":\"https:\\\/\\\/www.miamedicalitalia.it\\\/prodotto\\\/materasso-antidecubito-hospital-care-xl\\\/\",\"url\":\"https:\\\/\\\/www.miamedicalitalia.it\\\/prodotto\\\/materasso-antidecubito-hospital-care-xl\\\/\",\"name\":\"Materasso Antidecubito Alto Rischio 120cm | Noleggio\",\"isPartOf\":{\"@id\":\"https:\\\/\\\/www.miamedicalitalia.it\\\/#website\"},\"primaryImageOfPage\":{\"@id\":\"https:\\\/\\\/www.miamedicalitalia.it\\\/prodotto\\\/materasso-antidecubito-hospital-care-xl\\\/#primaryimage\"},\"image\":{\"@id\":\"https:\\\/\\\/www.miamedicalitalia.it\\\/prodotto\\\/materasso-antidecubito-hospital-care-xl\\\/#primaryimage\"},\"thumbnailUrl\":\"https:\\\/\\\/www.miamedicalitalia.it\\\/wp-content\\\/uploads\\\/2026\\\/01\\\/MAterasso-Anti-decubito-Hospital-Care-XL.png\",\"datePublished\":\"2026-01-13T15:03:12+00:00\",\"dateModified\":\"2026-03-30T12:48:03+00:00\",\"description\":\"Noleggio materasso antidecubito ad alto rischio HOSPITAL CARE XL. Indicato per la prevenzione e cura delle piaghe da decubito Portata 340 kg.\",\"breadcrumb\":{\"@id\":\"https:\\\/\\\/www.miamedicalitalia.it\\\/prodotto\\\/materasso-antidecubito-hospital-care-xl\\\/#breadcrumb\"},\"inLanguage\":\"pt-PT\",\"potentialAction\":[{\"@type\":\"ReadAction\",\"target\":[\"https:\\\/\\\/www.miamedicalitalia.it\\\/prodotto\\\/materasso-antidecubito-hospital-care-xl\\\/\"]}]},{\"@type\":\"ImageObject\",\"inLanguage\":\"pt-PT\",\"@id\":\"https:\\\/\\\/www.miamedicalitalia.it\\\/prodotto\\\/materasso-antidecubito-hospital-care-xl\\\/#primaryimage\",\"url\":\"https:\\\/\\\/www.miamedicalitalia.it\\\/wp-content\\\/uploads\\\/2026\\\/01\\\/MAterasso-Anti-decubito-Hospital-Care-XL.png\",\"contentUrl\":\"https:\\\/\\\/www.miamedicalitalia.it\\\/wp-content\\\/uploads\\\/2026\\\/01\\\/MAterasso-Anti-decubito-Hospital-Care-XL.png\",\"width\":1000,\"height\":1000},{\"@type\":\"BreadcrumbList\",\"@id\":\"https:\\\/\\\/www.miamedicalitalia.it\\\/prodotto\\\/materasso-antidecubito-hospital-care-xl\\\/#breadcrumb\",\"itemListElement\":[{\"@type\":\"ListItem\",\"position\":1,\"name\":\"Home\",\"item\":\"https:\\\/\\\/www.miamedicalitalia.it\\\/\"},{\"@type\":\"ListItem\",\"position\":2,\"name\":\"Shop\",\"item\":\"https:\\\/\\\/www.miamedicalitalia.it\\\/negozio\\\/\"},{\"@type\":\"ListItem\",\"position\":3,\"name\":\"Affitto e noleggio\",\"item\":\"https:\\\/\\\/www.miamedicalitalia.it\\\/categoria\\\/affitto-e-noleggio-ausili\\\/\"},{\"@type\":\"ListItem\",\"position\":4,\"name\":\"Noleggio Materasso Antidecubito 120cm ad Alto Rischio Hospital Care XL\"}]},{\"@type\":\"WebSite\",\"@id\":\"https:\\\/\\\/www.miamedicalitalia.it\\\/#website\",\"url\":\"https:\\\/\\\/www.miamedicalitalia.it\\\/\",\"name\":\"www.miamedicalitalia.it\",\"description\":\"Noleggio e Vendita Attrezzatura Sanitarie\",\"publisher\":{\"@id\":\"https:\\\/\\\/www.miamedicalitalia.it\\\/#organization\"},\"potentialAction\":[{\"@type\":\"SearchAction\",\"target\":{\"@type\":\"EntryPoint\",\"urlTemplate\":\"https:\\\/\\\/www.miamedicalitalia.it\\\/?s={search_term_string}\"},\"query-input\":{\"@type\":\"PropertyValueSpecification\",\"valueRequired\":true,\"valueName\":\"search_term_string\"}}],\"inLanguage\":\"pt-PT\"},{\"@type\":\"Organization\",\"@id\":\"https:\\\/\\\/www.miamedicalitalia.it\\\/#organization\",\"name\":\"OLG\",\"url\":\"https:\\\/\\\/www.miamedicalitalia.it\\\/\",\"logo\":{\"@type\":\"ImageObject\",\"inLanguage\":\"pt-PT\",\"@id\":\"https:\\\/\\\/www.miamedicalitalia.it\\\/#\\\/schema\\\/logo\\\/image\\\/\",\"url\":\"https:\\\/\\\/www.miamedicalitalia.it\\\/wp-content\\\/uploads\\\/2023\\\/04\\\/mia-medical-logo-free.png\",\"contentUrl\":\"https:\\\/\\\/www.miamedicalitalia.it\\\/wp-content\\\/uploads\\\/2023\\\/04\\\/mia-medical-logo-free.png\",\"width\":700,\"height\":700,\"caption\":\"OLG\"},\"image\":{\"@id\":\"https:\\\/\\\/www.miamedicalitalia.it\\\/#\\\/schema\\\/logo\\\/image\\\/\"},\"sameAs\":[\"https:\\\/\\\/www.facebook.com\\\/miamedicalitalia\"]}]}<\/script>\n<!-- \/ Yoast SEO Premium plugin. -->","yoast_head_json":{"title":"Materasso Antidecubito Alto Rischio 120cm | Noleggio","description":"Noleggio materasso antidecubito ad alto rischio HOSPITAL CARE XL. Indicato per la prevenzione e cura delle piaghe da decubito Portata 340 kg.","robots":{"index":"index","follow":"follow","max-snippet":"max-snippet:-1","max-image-preview":"max-image-preview:large","max-video-preview":"max-video-preview:-1"},"canonical":"https:\/\/www.miamedicalitalia.it\/pt\/produto\/materasso-antidecubito-hospital-care-xl\/","og_locale":"pt_PT","og_type":"article","og_title":"Materasso Antidecubito Alto Rischio 120cm | Noleggio","og_description":"Noleggio materasso antidecubito ad alto rischio HOSPITAL CARE XL. Indicato per la prevenzione e cura delle piaghe da decubito Portata 340 kg.","og_url":"https:\/\/www.miamedicalitalia.it\/pt\/produto\/materasso-antidecubito-hospital-care-xl\/","og_site_name":"Mia Medical","article_publisher":"https:\/\/www.facebook.com\/miamedicalitalia","article_modified_time":"2026-03-30T12:48:03+00:00","og_image":[{"width":1000,"height":1000,"url":"https:\/\/www.miamedicalitalia.it\/wp-content\/uploads\/2026\/01\/MAterasso-Anti-decubito-Hospital-Care-XL.png","type":"image\/png"}],"twitter_card":"summary_large_image","twitter_misc":{"Tempo estimado de leitura":"3 minutos"},"schema":{"@context":"https:\/\/schema.org","@graph":[{"@type":"WebPage","@id":"https:\/\/www.miamedicalitalia.it\/prodotto\/materasso-antidecubito-hospital-care-xl\/","url":"https:\/\/www.miamedicalitalia.it\/prodotto\/materasso-antidecubito-hospital-care-xl\/","name":"Materasso Antidecubito Alto Rischio 120cm | Noleggio","isPartOf":{"@id":"https:\/\/www.miamedicalitalia.it\/#website"},"primaryImageOfPage":{"@id":"https:\/\/www.miamedicalitalia.it\/prodotto\/materasso-antidecubito-hospital-care-xl\/#primaryimage"},"image":{"@id":"https:\/\/www.miamedicalitalia.it\/prodotto\/materasso-antidecubito-hospital-care-xl\/#primaryimage"},"thumbnailUrl":"https:\/\/www.miamedicalitalia.it\/wp-content\/uploads\/2026\/01\/MAterasso-Anti-decubito-Hospital-Care-XL.png","datePublished":"2026-01-13T15:03:12+00:00","dateModified":"2026-03-30T12:48:03+00:00","description":"Noleggio materasso antidecubito ad alto rischio HOSPITAL CARE XL. Indicato per la prevenzione e cura delle piaghe da decubito Portata 340 kg.","breadcrumb":{"@id":"https:\/\/www.miamedicalitalia.it\/prodotto\/materasso-antidecubito-hospital-care-xl\/#breadcrumb"},"inLanguage":"pt-PT","potentialAction":[{"@type":"ReadAction","target":["https:\/\/www.miamedicalitalia.it\/prodotto\/materasso-antidecubito-hospital-care-xl\/"]}]},{"@type":"ImageObject","inLanguage":"pt-PT","@id":"https:\/\/www.miamedicalitalia.it\/prodotto\/materasso-antidecubito-hospital-care-xl\/#primaryimage","url":"https:\/\/www.miamedicalitalia.it\/wp-content\/uploads\/2026\/01\/MAterasso-Anti-decubito-Hospital-Care-XL.png","contentUrl":"https:\/\/www.miamedicalitalia.it\/wp-content\/uploads\/2026\/01\/MAterasso-Anti-decubito-Hospital-Care-XL.png","width":1000,"height":1000},{"@type":"BreadcrumbList","@id":"https:\/\/www.miamedicalitalia.it\/prodotto\/materasso-antidecubito-hospital-care-xl\/#breadcrumb","itemListElement":[{"@type":"ListItem","position":1,"name":"Home","item":"https:\/\/www.miamedicalitalia.it\/"},{"@type":"ListItem","position":2,"name":"Shop","item":"https:\/\/www.miamedicalitalia.it\/negozio\/"},{"@type":"ListItem","position":3,"name":"Affitto e noleggio","item":"https:\/\/www.miamedicalitalia.it\/categoria\/affitto-e-noleggio-ausili\/"},{"@type":"ListItem","position":4,"name":"Noleggio Materasso Antidecubito 120cm ad Alto Rischio Hospital Care XL"}]},{"@type":"WebSite","@id":"https:\/\/www.miamedicalitalia.it\/#website","url":"https:\/\/www.miamedicalitalia.it\/","name":"www.miamedicalitalia.it","description":"Aluguer e venda de equipamento sanit\u00e1rio","publisher":{"@id":"https:\/\/www.miamedicalitalia.it\/#organization"},"potentialAction":[{"@type":"SearchAction","target":{"@type":"EntryPoint","urlTemplate":"https:\/\/www.miamedicalitalia.it\/?s={search_term_string}"},"query-input":{"@type":"PropertyValueSpecification","valueRequired":true,"valueName":"search_term_string"}}],"inLanguage":"pt-PT"},{"@type":"Organization","@id":"https:\/\/www.miamedicalitalia.it\/#organization","name":"OLG","url":"https:\/\/www.miamedicalitalia.it\/","logo":{"@type":"ImageObject","inLanguage":"pt-PT","@id":"https:\/\/www.miamedicalitalia.it\/#\/schema\/logo\/image\/","url":"https:\/\/www.miamedicalitalia.it\/wp-content\/uploads\/2023\/04\/mia-medical-logo-free.png","contentUrl":"https:\/\/www.miamedicalitalia.it\/wp-content\/uploads\/2023\/04\/mia-medical-logo-free.png","width":700,"height":700,"caption":"OLG"},"image":{"@id":"https:\/\/www.miamedicalitalia.it\/#\/schema\/logo\/image\/"},"sameAs":["https:\/\/www.facebook.com\/miamedicalitalia"]}]}},"wcpa_form_fields":{"wcpaData":{"product":{"product_price":130,"price_html":"<span class=\"woocommerce-Price-amount amount\" aria-hidden=\"true\"><bdi><span class=\"woocommerce-Price-currencySymbol\">&euro;<\/span>130.00<\/bdi><\/span> <span aria-hidden=\"true\">-<\/span> <span class=\"woocommerce-Price-amount amount\" aria-hidden=\"true\"><bdi><span class=\"woocommerce-Price-currencySymbol\">&euro;<\/span>450.00<\/bdi><\/span><span class=\"screen-reader-text\">Gama de pre\u00e7os: &euro;130.00 a &euro;450.00<\/span>","original_product_price":130,"price_including_tax":130,"price_excluding_tax":130,"product_id":{"parent":15053,"variation":false},"is_variable":true,"stock_status":"instock","stock_quantity":null,"parent_sku":"","product_attributes":{"quanto-costa":{"is_variation":true,"values":[]}},"custom_fields":[],"is_taxable":false,"product_name":"Noleggio Materasso Antidecubito 120cm ad Alto Rischio Hospital Care XL","hasImage":false},"fields":{"sec_565f165582eb8c":{"extra":{"key":"sec_565f165582eb8c","section_id":"sec_565f165582eb8c","name":"Predefinito","status":1,"toggle":true,"form_id":12050,"form_rules":{"exclude_from_discount":false,"fee_label":"Frais","disp_hide_options_price":false,"disp_show_section_price":false,"disp_show_field_price":true,"layout_option":"standard","pric_use_as_fee":false,"process_fee_as":"woo_fee"},"layout_option":"standard"},"fields":[[{"active":true,"col":6,"relations":false,"cl_rule":"show","enableCl":false,"price":"","enablePrice":false,"className":"input-text","type":"date","required":true,"elementId":"date_3189538061","name":"date_3189538061","label":"A partire dal giorno:","picker_type":"custom","picker_mode":"single","error":false,"description":"Inserisci la data di inizio del noleggio","gt_translate_keys":["label","description"],"price_dependency":false,"cl_dependency":false,"value":""}]]}},"config":{"price_override":"","enable_recaptcha":false,"bind_quantity":false,"quantity_bind_formula":false,"disp_summ_show_option_price":true,"disp_summ_show_product_price":true,"disp_summ_show_total_price":true,"disp_summ_show_fee":false,"disp_summ_show_discount":false,"summary_title":"","options_total_label":"Prix des options","total_label":"Total","options_product_label":"Prix du produit","fee_label":"Frais","discount_label":"Remise","has_price":true,"has_quantity_formula":false},"mc_unit":1,"tax_rate":1,"tax_rate_real":1,"discount":{"percentage":0,"fixed":0},"design":{"conf":{"LabelPosition":"above","DescPosition":"below","UploadField":"custom_1","QuantityFieldStyle":"default"},"css":{"LeftLabelWidth":"50px"}},"formulas":[],"lookuptables":[],"clones":false,"cartKey":false}},"_links":{"self":[{"href":"https:\/\/www.miamedicalitalia.it\/pt\/wp-json\/wp\/v2\/product\/15053","targetHints":{"allow":["GET"]}}],"collection":[{"href":"https:\/\/www.miamedicalitalia.it\/pt\/wp-json\/wp\/v2\/product"}],"about":[{"href":"https:\/\/www.miamedicalitalia.it\/pt\/wp-json\/wp\/v2\/types\/product"}],"wp:featuredmedia":[{"embeddable":true,"href":"https:\/\/www.miamedicalitalia.it\/pt\/wp-json\/wp\/v2\/media\/15055"}],"wp:attachment":[{"href":"https:\/\/www.miamedicalitalia.it\/pt\/wp-json\/wp\/v2\/media?parent=15053"}],"wp:term":[{"taxonomy":"home-category","embeddable":true,"href":"https:\/\/www.miamedicalitalia.it\/pt\/wp-json\/wp\/v2\/home-category?post=15053"},{"taxonomy":"product_brand","embeddable":true,"href":"https:\/\/www.miamedicalitalia.it\/pt\/wp-json\/wp\/v2\/product_brand?post=15053"},{"taxonomy":"product_cat","embeddable":true,"href":"https:\/\/www.miamedicalitalia.it\/pt\/wp-json\/wp\/v2\/product_cat?post=15053"},{"taxonomy":"product_tag","embeddable":true,"href":"https:\/\/www.miamedicalitalia.it\/pt\/wp-json\/wp\/v2\/product_tag?post=15053"},{"taxonomy":"woo-feed-brand","embeddable":true,"href":"https:\/\/www.miamedicalitalia.it\/pt\/wp-json\/wp\/v2\/woo-feed-brand?post=15053"}],"curies":[{"name":"wp","href":"https:\/\/api.w.org\/{rel}","templated":true}]}}