{"id":14646,"date":"2025-10-02T09:10:18","date_gmt":"2025-10-02T07:10:18","guid":{"rendered":"https:\/\/www.miamedicalitalia.it\/?post_type=product&#038;p=14646"},"modified":"2026-03-06T17:05:51","modified_gmt":"2026-03-06T15:05:51","slug":"deambulatore-in-alluminio-pieghevole-ultraleggero-in-vendita","status":"publish","type":"product","link":"https:\/\/www.miamedicalitalia.it\/pt\/produto\/deambulatore-in-alluminio-pieghevole-ultraleggero-in-vendita\/","title":{"rendered":"Andarilho ultraleve dobr\u00e1vel em alum\u00ednio para venda\u00a0"},"content":{"rendered":"<p>Precisa de apoio seguro para caminhar? O nosso <strong>andarilho de alum\u00ednio dobr\u00e1vel e ultraleve com quatro rodas<\/strong>\u00a0\u00e9 a solu\u00e7\u00e3o ideal para melhorar a sua mobilidade de uma forma pr\u00e1tica e confort\u00e1vel.<\/p>\n\n\n\n<h3 class=\"wp-block-heading\" id=\"h-cos-e-un-deambulatore-pieghevole-e-ultraleggero-a-quattro-ruote\">O que \u00e9 um andarilho dobr\u00e1vel e ultraleve de quatro rodas?<\/h3>\n\n\n\n<p>Um andarilho \u00e9 um auxiliar de mobilidade concebido para&nbsp;<strong>estabilidade, seguran\u00e7a e facilidade de desloca\u00e7\u00e3o<\/strong>. Este modelo, fabricado em&nbsp;<strong>alum\u00ednio leve<\/strong>, est\u00e1 equipado com&nbsp;<strong>ve\u00edculos de quatro rodas<\/strong>,&nbsp;<strong>pegas ergon\u00f3micas<\/strong>&nbsp;e um pr\u00e1tico sistema de travagem para uma utiliza\u00e7\u00e3o segura tanto no interior como no exterior. Al\u00e9m disso, a sua fun\u00e7\u00e3o&nbsp;<strong>dobr\u00e1vel<\/strong>&nbsp;facilita o seu transporte.<\/p>\n\n\n\n<h3 class=\"wp-block-heading\" id=\"h-per-chi-e-indicato-questo-deambulatore\">Para quem \u00e9 que este andarilho \u00e9 adequado? <\/h3>\n\n\n\n<p>Andarilhos&nbsp;<strong>s\u00e3o indicados durante a reeduca\u00e7\u00e3o da marcha em pessoas idosas ou com limita\u00e7\u00f5es funcionais de v\u00e1rios tipos<\/strong>. Oferecem estabilidade, facilidade de utiliza\u00e7\u00e3o e melhoram a sensa\u00e7\u00e3o de equil\u00edbrio do utilizador.<\/p>\n\n\n\n<p>O andarilho ultraleve de alum\u00ednio dobr\u00e1vel com quatro rodas \u00e9 ideal para..:<\/p>\n\n\n\n<ul class=\"wp-block-list\">\n<li><strong>Pessoas com dificuldades motoras<\/strong>\u00a0que necessitam de um apoio est\u00e1vel para caminhar.<\/li>\n\n\n\n<li><strong>Doentes em fase de reabilita\u00e7\u00e3o<\/strong>\u00a0ap\u00f3s cirurgia ou traumatismo dos membros inferiores.<\/li>\n\n\n\n<li><strong>Pessoas idosas com problemas de equil\u00edbrio<\/strong>\u00a0que procuram uma ajuda que seja segura e f\u00e1cil de manobrar.<\/li>\n\n\n\n<li><strong>Pessoas com fraqueza muscular<\/strong>\u00a0que pretendam reduzir o esfor\u00e7o de desloca\u00e7\u00e3o.<\/li>\n<\/ul>\n\n\n\n<h3 class=\"wp-block-heading\" id=\"h-caratteristiche-tecniche-del-deambulatore-ultraleggero-e-pieghevole\">Especifica\u00e7\u00f5es t\u00e9cnicas do andarilho ultraleve e dobr\u00e1vel<\/h3>\n\n\n\n<ul class=\"wp-block-list\">\n<li><strong>Constru\u00e7\u00e3o leve em alum\u00ednio<\/strong>dur\u00e1vel e f\u00e1cil de transportar.<\/li>\n\n\n\n<li><strong>Quatro rod\u00edzios girat\u00f3rios<\/strong>\u00a0para uma excelente manobrabilidade.<\/li>\n\n\n\n<li><strong>Trav\u00f5es de seguran\u00e7a<\/strong>\u00a0para um maior controlo durante a utiliza\u00e7\u00e3o.<\/li>\n\n\n\n<li><strong>Pegas ergon\u00f3micas<\/strong>\u00a0para uma ader\u00eancia confort\u00e1vel e segura.<\/li>\n\n\n\n<li><strong>Ultraleve e dobr\u00e1vel<\/strong>\u00a0para se adaptar \u00e0s necessidades de cada pessoa.<\/li>\n<\/ul>\n\n\n\n<h3 class=\"wp-block-heading\" id=\"h-i-benefici\">Os benef\u00edcios<\/h3>\n\n\n\n<ul class=\"wp-block-list\">\n<li><strong>Maior independ\u00eancia<\/strong>\u00a0nas desloca\u00e7\u00f5es di\u00e1rias.<\/li>\n\n\n\n<li><strong>Facilidade de utiliza\u00e7\u00e3o<\/strong>mesmo para quem tem pouca for\u00e7a nas m\u00e3os.<\/li>\n\n\n\n<li><strong>Adequado para interiores\u00a0<\/strong>gra\u00e7as \u00e0s rodas manobr\u00e1veis.<\/li>\n\n\n\n<li><strong>Seguran\u00e7a e conforto<\/strong>com um design para reduzir o risco de quedas.<\/li>\n<\/ul>\n\n\n\n<p>Neste sentido, \u00e9 uma ferramenta ideal para se deslocar em&nbsp;<strong>casa.<\/strong><\/p>\n\n\n\n<h3 class=\"wp-block-heading\" id=\"h-perche-scegliere-mia-medical\">Porqu\u00ea escolher a Mia Medical?<\/h3>\n\n\n\n<ul class=\"wp-block-list\">\n<li><strong>Consultoria personalizada<\/strong>\u00a0para encontrar o produto certo para as suas necessidades.<\/li>\n\n\n\n<li><strong>Produtos de alta qualidade<\/strong>certificado e seguro pelo\u00a0<a href=\"https:\/\/www.wimed.it\/\">os melhores fornecedores do mercado.<\/a><\/li>\n\n\n\n<li><strong>Entrega r\u00e1pida<\/strong>\u00a0e\u00a0<strong>assist\u00eancia garantida<\/strong>.<\/li>\n<\/ul>\n\n\n\n<p>\u00c9 prestador de cuidados a uma pessoa idosa ou dependente e precisa de ajuda? O nosso&nbsp;<strong>enfermeira<\/strong>&nbsp;de confian\u00e7a&nbsp;<strong><a href=\"http:\/\/www.arnaldiandrea.com\/\">Andrea Arnaldi<\/a><\/strong>&nbsp;\u00e9 especializado no dom\u00ednio&nbsp;<strong>cuidados domicili\u00e1rios<\/strong>e est\u00e1 pronto para o ajudar a cuidar do conforto do seu lar.<\/p>\n\n\n\n<p>Precisa de ajuda para escolher o andarilho certo para si?&nbsp;<strong><a href=\"https:\/\/wa.me\/393926509237\">Contactar-nos agora<\/a><\/strong>&nbsp;para uma consulta gratuita!<\/p>\n\n\n\n<p><\/p>","protected":false},"excerpt":{"rendered":"<div style=\"font-family: Arial, sans-serif; background-color: #234091; padding: 30px; border-radius: 25px; max-width: 600px; color: #ffffff; position: relative; border-top: 6px solid #2498fe;\">\n<h3 style=\"margin-top: 0; margin-bottom: 15px; color: #ffffff;\">Andarilho ultraleve dobr\u00e1vel em alum\u00ednio<\/h3>\n<p>Comprar agora! <strong>Envio gratuito<\/strong> em toda a It\u00e1lia.<\/div>\n<p><!-- Linea bianca sotto --><\/p>\n<div style=\"height: 6px; background-color: #ffffff; max-width: 600px;\">\u00a0<\/div>","protected":false},"featured_media":14649,"template":"","meta":{"_acf_changed":false},"home-category":[],"product_brand":[],"product_cat":[261,531],"product_tag":[],"woo-feed-brand":[],"class_list":{"0":"post-14646","1":"product","2":"type-product","3":"status-publish","4":"has-post-thumbnail","6":"product_cat-vendita-ausili","7":"product_cat-vendita-deambulatori-rollator","8":"product_shipping_class-ausili-grandi","10":"first","11":"instock","12":"shipping-taxable","13":"purchasable","14":"product-type-simple"},"acf":[],"yoast_head":"<!-- This site is optimized with the Yoast SEO Premium plugin v27.5 (Yoast SEO v27.5) - https:\/\/yoast.com\/product\/yoast-seo-premium-wordpress\/ -->\n<title>Deambulatore in alluminio pieghevole ultraleggero\u00a0in vendita<\/title>\n<meta name=\"description\" content=\"Acquista il rollator pieghevole in alluminio leggero e resistente, con ruote, seduta e cestino. Spedizione gratuita in tutta Italia.\" \/>\n<meta name=\"robots\" content=\"index, follow, max-snippet:-1, max-image-preview:large, max-video-preview:-1\" \/>\n<link rel=\"canonical\" href=\"https:\/\/www.miamedicalitalia.it\/pt\/produto\/deambulatore-in-alluminio-pieghevole-ultraleggero-in-vendita\/\" \/>\n<meta property=\"og:locale\" content=\"pt_PT\" \/>\n<meta property=\"og:type\" content=\"article\" \/>\n<meta property=\"og:title\" content=\"Deambulatore in alluminio pieghevole ultraleggero\u00a0in vendita\" \/>\n<meta property=\"og:description\" content=\"Acquista il rollator pieghevole in alluminio leggero e resistente, con ruote, seduta e cestino. Spedizione gratuita in tutta Italia.\" \/>\n<meta property=\"og:url\" content=\"https:\/\/www.miamedicalitalia.it\/pt\/produto\/deambulatore-in-alluminio-pieghevole-ultraleggero-in-vendita\/\" \/>\n<meta property=\"og:site_name\" content=\"Mia Medical\" \/>\n<meta property=\"article:publisher\" content=\"https:\/\/www.facebook.com\/miamedicalitalia\" \/>\n<meta property=\"article:modified_time\" content=\"2026-03-06T15:05:51+00:00\" \/>\n<meta property=\"og:image\" content=\"https:\/\/www.miamedicalitalia.it\/wp-content\/uploads\/2025\/09\/rollatore-alluminio.jpg\" \/>\n\t<meta property=\"og:image:width\" content=\"1000\" \/>\n\t<meta property=\"og:image:height\" content=\"1000\" \/>\n\t<meta property=\"og:image:type\" content=\"image\/jpeg\" \/>\n<meta name=\"twitter:card\" content=\"summary_large_image\" \/>\n<meta name=\"twitter:label1\" content=\"Tempo estimado de leitura\" \/>\n\t<meta name=\"twitter:data1\" content=\"2 minutos\" \/>\n<script type=\"application\/ld+json\" class=\"yoast-schema-graph\">{\"@context\":\"https:\\\/\\\/schema.org\",\"@graph\":[{\"@type\":\"WebPage\",\"@id\":\"https:\\\/\\\/www.miamedicalitalia.it\\\/prodotto\\\/deambulatore-in-alluminio-pieghevole-ultraleggero-in-vendita\\\/\",\"url\":\"https:\\\/\\\/www.miamedicalitalia.it\\\/prodotto\\\/deambulatore-in-alluminio-pieghevole-ultraleggero-in-vendita\\\/\",\"name\":\"Deambulatore in alluminio pieghevole ultraleggero\u00a0in vendita\",\"isPartOf\":{\"@id\":\"https:\\\/\\\/www.miamedicalitalia.it\\\/#website\"},\"primaryImageOfPage\":{\"@id\":\"https:\\\/\\\/www.miamedicalitalia.it\\\/prodotto\\\/deambulatore-in-alluminio-pieghevole-ultraleggero-in-vendita\\\/#primaryimage\"},\"image\":{\"@id\":\"https:\\\/\\\/www.miamedicalitalia.it\\\/prodotto\\\/deambulatore-in-alluminio-pieghevole-ultraleggero-in-vendita\\\/#primaryimage\"},\"thumbnailUrl\":\"https:\\\/\\\/www.miamedicalitalia.it\\\/wp-content\\\/uploads\\\/2025\\\/09\\\/rollatore-alluminio.jpg\",\"datePublished\":\"2025-10-02T07:10:18+00:00\",\"dateModified\":\"2026-03-06T15:05:51+00:00\",\"description\":\"Acquista il rollator pieghevole in alluminio leggero e resistente, con ruote, seduta e cestino. Spedizione gratuita in tutta Italia.\",\"breadcrumb\":{\"@id\":\"https:\\\/\\\/www.miamedicalitalia.it\\\/prodotto\\\/deambulatore-in-alluminio-pieghevole-ultraleggero-in-vendita\\\/#breadcrumb\"},\"inLanguage\":\"pt-PT\",\"potentialAction\":[{\"@type\":\"ReadAction\",\"target\":[\"https:\\\/\\\/www.miamedicalitalia.it\\\/prodotto\\\/deambulatore-in-alluminio-pieghevole-ultraleggero-in-vendita\\\/\"]}]},{\"@type\":\"ImageObject\",\"inLanguage\":\"pt-PT\",\"@id\":\"https:\\\/\\\/www.miamedicalitalia.it\\\/prodotto\\\/deambulatore-in-alluminio-pieghevole-ultraleggero-in-vendita\\\/#primaryimage\",\"url\":\"https:\\\/\\\/www.miamedicalitalia.it\\\/wp-content\\\/uploads\\\/2025\\\/09\\\/rollatore-alluminio.jpg\",\"contentUrl\":\"https:\\\/\\\/www.miamedicalitalia.it\\\/wp-content\\\/uploads\\\/2025\\\/09\\\/rollatore-alluminio.jpg\",\"width\":1000,\"height\":1000},{\"@type\":\"BreadcrumbList\",\"@id\":\"https:\\\/\\\/www.miamedicalitalia.it\\\/prodotto\\\/deambulatore-in-alluminio-pieghevole-ultraleggero-in-vendita\\\/#breadcrumb\",\"itemListElement\":[{\"@type\":\"ListItem\",\"position\":1,\"name\":\"Home\",\"item\":\"https:\\\/\\\/www.miamedicalitalia.it\\\/\"},{\"@type\":\"ListItem\",\"position\":2,\"name\":\"Shop\",\"item\":\"https:\\\/\\\/www.miamedicalitalia.it\\\/negozio\\\/\"},{\"@type\":\"ListItem\",\"position\":3,\"name\":\"Vendita\",\"item\":\"https:\\\/\\\/www.miamedicalitalia.it\\\/categoria\\\/vendita-ausili\\\/\"},{\"@type\":\"ListItem\",\"position\":4,\"name\":\"Vendita Deambulatore in alluminio pieghevole ultraleggero\u00a0\"}]},{\"@type\":\"WebSite\",\"@id\":\"https:\\\/\\\/www.miamedicalitalia.it\\\/#website\",\"url\":\"https:\\\/\\\/www.miamedicalitalia.it\\\/\",\"name\":\"www.miamedicalitalia.it\",\"description\":\"Noleggio e Vendita Attrezzatura Sanitarie\",\"publisher\":{\"@id\":\"https:\\\/\\\/www.miamedicalitalia.it\\\/#organization\"},\"potentialAction\":[{\"@type\":\"SearchAction\",\"target\":{\"@type\":\"EntryPoint\",\"urlTemplate\":\"https:\\\/\\\/www.miamedicalitalia.it\\\/?s={search_term_string}\"},\"query-input\":{\"@type\":\"PropertyValueSpecification\",\"valueRequired\":true,\"valueName\":\"search_term_string\"}}],\"inLanguage\":\"pt-PT\"},{\"@type\":\"Organization\",\"@id\":\"https:\\\/\\\/www.miamedicalitalia.it\\\/#organization\",\"name\":\"OLG\",\"url\":\"https:\\\/\\\/www.miamedicalitalia.it\\\/\",\"logo\":{\"@type\":\"ImageObject\",\"inLanguage\":\"pt-PT\",\"@id\":\"https:\\\/\\\/www.miamedicalitalia.it\\\/#\\\/schema\\\/logo\\\/image\\\/\",\"url\":\"https:\\\/\\\/www.miamedicalitalia.it\\\/wp-content\\\/uploads\\\/2023\\\/04\\\/mia-medical-logo-free.png\",\"contentUrl\":\"https:\\\/\\\/www.miamedicalitalia.it\\\/wp-content\\\/uploads\\\/2023\\\/04\\\/mia-medical-logo-free.png\",\"width\":700,\"height\":700,\"caption\":\"OLG\"},\"image\":{\"@id\":\"https:\\\/\\\/www.miamedicalitalia.it\\\/#\\\/schema\\\/logo\\\/image\\\/\"},\"sameAs\":[\"https:\\\/\\\/www.facebook.com\\\/miamedicalitalia\"]}]}<\/script>\n<!-- \/ Yoast SEO Premium plugin. -->","yoast_head_json":{"title":"Andarilho ultraleve dobr\u00e1vel em alum\u00ednio para venda","description":"Compre o rollator de alum\u00ednio dobr\u00e1vel, leve e dur\u00e1vel, com rodas, assento e cesto. Envio gratuito para toda a It\u00e1lia.","robots":{"index":"index","follow":"follow","max-snippet":"max-snippet:-1","max-image-preview":"max-image-preview:large","max-video-preview":"max-video-preview:-1"},"canonical":"https:\/\/www.miamedicalitalia.it\/pt\/produto\/deambulatore-in-alluminio-pieghevole-ultraleggero-in-vendita\/","og_locale":"pt_PT","og_type":"article","og_title":"Deambulatore in alluminio pieghevole ultraleggero\u00a0in vendita","og_description":"Acquista il rollator pieghevole in alluminio leggero e resistente, con ruote, seduta e cestino. Spedizione gratuita in tutta Italia.","og_url":"https:\/\/www.miamedicalitalia.it\/pt\/produto\/deambulatore-in-alluminio-pieghevole-ultraleggero-in-vendita\/","og_site_name":"Mia Medical","article_publisher":"https:\/\/www.facebook.com\/miamedicalitalia","article_modified_time":"2026-03-06T15:05:51+00:00","og_image":[{"width":1000,"height":1000,"url":"https:\/\/www.miamedicalitalia.it\/wp-content\/uploads\/2025\/09\/rollatore-alluminio.jpg","type":"image\/jpeg"}],"twitter_card":"summary_large_image","twitter_misc":{"Tempo estimado de leitura":"2 minutos"},"schema":{"@context":"https:\/\/schema.org","@graph":[{"@type":"WebPage","@id":"https:\/\/www.miamedicalitalia.it\/prodotto\/deambulatore-in-alluminio-pieghevole-ultraleggero-in-vendita\/","url":"https:\/\/www.miamedicalitalia.it\/prodotto\/deambulatore-in-alluminio-pieghevole-ultraleggero-in-vendita\/","name":"Andarilho ultraleve dobr\u00e1vel em alum\u00ednio para venda","isPartOf":{"@id":"https:\/\/www.miamedicalitalia.it\/#website"},"primaryImageOfPage":{"@id":"https:\/\/www.miamedicalitalia.it\/prodotto\/deambulatore-in-alluminio-pieghevole-ultraleggero-in-vendita\/#primaryimage"},"image":{"@id":"https:\/\/www.miamedicalitalia.it\/prodotto\/deambulatore-in-alluminio-pieghevole-ultraleggero-in-vendita\/#primaryimage"},"thumbnailUrl":"https:\/\/www.miamedicalitalia.it\/wp-content\/uploads\/2025\/09\/rollatore-alluminio.jpg","datePublished":"2025-10-02T07:10:18+00:00","dateModified":"2026-03-06T15:05:51+00:00","description":"Compre o rollator de alum\u00ednio dobr\u00e1vel, leve e dur\u00e1vel, com rodas, assento e cesto. Envio gratuito para toda a It\u00e1lia.","breadcrumb":{"@id":"https:\/\/www.miamedicalitalia.it\/prodotto\/deambulatore-in-alluminio-pieghevole-ultraleggero-in-vendita\/#breadcrumb"},"inLanguage":"pt-PT","potentialAction":[{"@type":"ReadAction","target":["https:\/\/www.miamedicalitalia.it\/prodotto\/deambulatore-in-alluminio-pieghevole-ultraleggero-in-vendita\/"]}]},{"@type":"ImageObject","inLanguage":"pt-PT","@id":"https:\/\/www.miamedicalitalia.it\/prodotto\/deambulatore-in-alluminio-pieghevole-ultraleggero-in-vendita\/#primaryimage","url":"https:\/\/www.miamedicalitalia.it\/wp-content\/uploads\/2025\/09\/rollatore-alluminio.jpg","contentUrl":"https:\/\/www.miamedicalitalia.it\/wp-content\/uploads\/2025\/09\/rollatore-alluminio.jpg","width":1000,"height":1000},{"@type":"BreadcrumbList","@id":"https:\/\/www.miamedicalitalia.it\/prodotto\/deambulatore-in-alluminio-pieghevole-ultraleggero-in-vendita\/#breadcrumb","itemListElement":[{"@type":"ListItem","position":1,"name":"Home","item":"https:\/\/www.miamedicalitalia.it\/"},{"@type":"ListItem","position":2,"name":"Shop","item":"https:\/\/www.miamedicalitalia.it\/negozio\/"},{"@type":"ListItem","position":3,"name":"Vendita","item":"https:\/\/www.miamedicalitalia.it\/categoria\/vendita-ausili\/"},{"@type":"ListItem","position":4,"name":"Vendita Deambulatore in alluminio pieghevole ultraleggero\u00a0"}]},{"@type":"WebSite","@id":"https:\/\/www.miamedicalitalia.it\/#website","url":"https:\/\/www.miamedicalitalia.it\/","name":"www.miamedicalitalia.it","description":"Aluguer e venda de equipamento sanit\u00e1rio","publisher":{"@id":"https:\/\/www.miamedicalitalia.it\/#organization"},"potentialAction":[{"@type":"SearchAction","target":{"@type":"EntryPoint","urlTemplate":"https:\/\/www.miamedicalitalia.it\/?s={search_term_string}"},"query-input":{"@type":"PropertyValueSpecification","valueRequired":true,"valueName":"search_term_string"}}],"inLanguage":"pt-PT"},{"@type":"Organization","@id":"https:\/\/www.miamedicalitalia.it\/#organization","name":"OLG","url":"https:\/\/www.miamedicalitalia.it\/","logo":{"@type":"ImageObject","inLanguage":"pt-PT","@id":"https:\/\/www.miamedicalitalia.it\/#\/schema\/logo\/image\/","url":"https:\/\/www.miamedicalitalia.it\/wp-content\/uploads\/2023\/04\/mia-medical-logo-free.png","contentUrl":"https:\/\/www.miamedicalitalia.it\/wp-content\/uploads\/2023\/04\/mia-medical-logo-free.png","width":700,"height":700,"caption":"OLG"},"image":{"@id":"https:\/\/www.miamedicalitalia.it\/#\/schema\/logo\/image\/"},"sameAs":["https:\/\/www.facebook.com\/miamedicalitalia"]}]}},"wcpa_form_fields":null,"_links":{"self":[{"href":"https:\/\/www.miamedicalitalia.it\/pt\/wp-json\/wp\/v2\/product\/14646","targetHints":{"allow":["GET"]}}],"collection":[{"href":"https:\/\/www.miamedicalitalia.it\/pt\/wp-json\/wp\/v2\/product"}],"about":[{"href":"https:\/\/www.miamedicalitalia.it\/pt\/wp-json\/wp\/v2\/types\/product"}],"wp:featuredmedia":[{"embeddable":true,"href":"https:\/\/www.miamedicalitalia.it\/pt\/wp-json\/wp\/v2\/media\/14649"}],"wp:attachment":[{"href":"https:\/\/www.miamedicalitalia.it\/pt\/wp-json\/wp\/v2\/media?parent=14646"}],"wp:term":[{"taxonomy":"home-category","embeddable":true,"href":"https:\/\/www.miamedicalitalia.it\/pt\/wp-json\/wp\/v2\/home-category?post=14646"},{"taxonomy":"product_brand","embeddable":true,"href":"https:\/\/www.miamedicalitalia.it\/pt\/wp-json\/wp\/v2\/product_brand?post=14646"},{"taxonomy":"product_cat","embeddable":true,"href":"https:\/\/www.miamedicalitalia.it\/pt\/wp-json\/wp\/v2\/product_cat?post=14646"},{"taxonomy":"product_tag","embeddable":true,"href":"https:\/\/www.miamedicalitalia.it\/pt\/wp-json\/wp\/v2\/product_tag?post=14646"},{"taxonomy":"woo-feed-brand","embeddable":true,"href":"https:\/\/www.miamedicalitalia.it\/pt\/wp-json\/wp\/v2\/woo-feed-brand?post=14646"}],"curies":[{"name":"wp","href":"https:\/\/api.w.org\/{rel}","templated":true}]}}