{"id":14642,"date":"2025-10-04T15:17:45","date_gmt":"2025-10-04T13:17:45","guid":{"rendered":"https:\/\/www.miamedicalitalia.it\/?post_type=product&#038;p=14642"},"modified":"2026-03-06T17:05:59","modified_gmt":"2026-03-06T15:05:59","slug":"deambulatore-rollatore-con-seduta-in-vendita","status":"publish","type":"product","link":"https:\/\/www.miamedicalitalia.it\/pt\/produto\/deambulatore-rollatore-con-seduta-in-vendita\/","title":{"rendered":"Andarilho de rodas com assento para venda"},"content":{"rendered":"<h3 class=\"wp-block-heading\" id=\"h-deambulatore-rollator-pieghevole-in-alluminio\">Andarilho dobr\u00e1vel de alum\u00ednio<\/h3>\n\n\n\n<p>Descubra o nosso <strong>Cadeira de rodas de 4 rodas com assento em alum\u00ednio<\/strong>, O dispositivo de apoio \u00e0 mobilidade \u00e9 a ajuda ideal para uma desloca\u00e7\u00e3o segura e independente. Concebido para apoiar pessoas com dificuldades de mobilidade, este dispositivo \u00e9 perfeito para utiliza\u00e7\u00e3o quotidiana em interiores e exteriores e est\u00e1 dispon\u00edvel para compra com <strong>entrega gratuita em toda a It\u00e1lia<\/strong>. <\/p>\n\n\n\n<h3 class=\"wp-block-heading\" id=\"h-caratteristiche-tecniche-e-funzionalita\">Carater\u00edsticas t\u00e9cnicas e funcionalidade<\/h3>\n\n\n\n<p><strong>Estrutura robusta e leve:<\/strong><br>Fabricado em tubos de alum\u00ednio pintado, este andarilho combina resist\u00eancia e leveza para garantir a durabilidade sem pesar o paciente. <\/p>\n\n\n\n<p><strong>Design dobr\u00e1vel e desmont\u00e1vel:<\/strong><br>Facilita o transporte e a arruma\u00e7\u00e3o, tornando-o perfeito mesmo para espa\u00e7os pequenos.<\/p>\n\n\n\n<p><strong>4 rodas de \u00d8 20 cm:<\/strong><\/p>\n\n\n\n<ul class=\"wp-block-list\">\n<li><strong>Frentes pivotantes:<\/strong> Equipado com garfo completo e reflectores para maior visibilidade e manobrabilidade.<\/li>\n\n\n\n<li><strong>Trav\u00f5es traseiros fixos com dupla fun\u00e7\u00e3o:<\/strong> Garantem estabilidade e seguran\u00e7a em todas as situa\u00e7\u00f5es.<\/li>\n<\/ul>\n\n\n\n<p><strong>Pegas anat\u00f3micas regul\u00e1veis em altura:<\/strong><br>Oferecem o m\u00e1ximo conforto, adaptando-se \u00e0s necessidades individuais e assegurando uma ader\u00eancia segura, com refletor para maior seguran\u00e7a.<\/p>\n\n\n\n<p><strong>Design ultra-leve:<\/strong> apenas 8,4 kg<br><strong>Capacidade m\u00e1xima:<\/strong> at\u00e9 136 kg<\/p>\n\n\n\n<p><strong>Acess\u00f3rios integrados:<\/strong><\/p>\n\n\n\n<ul class=\"wp-block-list\">\n<li><strong>Assento regul\u00e1vel em altura inclu\u00eddo:<\/strong> com capa macia amov\u00edvel, ideal para uma pausa durante o passeio.<\/li>\n\n\n\n<li><strong>Cesto de tecido:<\/strong> para o transporte de pequenos objectos.<\/li>\n<\/ul>\n\n\n\n<h3 class=\"wp-block-heading\" id=\"h-innovazione-e-design-un-alleato-per-il-benessere-quotidiano\">Inova\u00e7\u00e3o e design: um aliado para o bem-estar quotidiano<\/h3>\n\n\n\n<p>O nosso <strong>Cadeira de rodas dobr\u00e1vel de 4 rodas em alum\u00ednio<\/strong> combina funcionalidade e design ergon\u00f3mico para tornar cada movimento mais seguro e confort\u00e1vel.<\/p>\n\n\n\n<p><strong>Curiosidade:<\/strong> Estudos ergon\u00f3micos demonstram que a utiliza\u00e7\u00e3o de ajudas concebidas para manter uma postura correta pode reduzir significativamente a fadiga muscular. As pegas de forma anat\u00f3mica e o assento ajust\u00e1vel apoiam a marcha e ajudam a melhorar a qualidade de vida, transformando cada passo num gesto de bem-estar.<br><br>Al\u00e9m disso, se for o cuidador de uma pessoa idosa ou dependente e precisar de ajuda, o nosso&nbsp;<strong>enfermeira<\/strong>&nbsp;de confian\u00e7a&nbsp;<strong><a href=\"http:\/\/www.arnaldiandrea.com\/\">Andrea Arnaldi<\/a><\/strong>&nbsp;\u00e9 especializado no dom\u00ednio&nbsp;<strong>cuidados domicili\u00e1rios<\/strong>e est\u00e1 pronto para o ajudar a cuidar do conforto do seu lar.&nbsp;<\/p>\n\n\n\n<h3 class=\"wp-block-heading\" id=\"h-acquista-il-tuo-rollator-pieghevole-in-tutta-italia-i-benefici\">Comprar o seu Rollator Dobr\u00e1vel em It\u00e1lia: As vantagens<\/h3>\n\n\n\n<ul class=\"wp-block-list\">\n<li><strong>Autonomia e seguran\u00e7a:<\/strong> Possuir o seu pr\u00f3prio andarilho significa ter sempre uma ajuda fi\u00e1vel e pronta a utilizar.<\/li>\n\n\n\n<li><strong>Conforto e praticidade:<\/strong> F\u00e1cil de transportar, dobrar e guardar, ideal para utiliza\u00e7\u00e3o em casa e no exterior.<\/li>\n\n\n\n<li><strong>Apoio e assist\u00eancia:<\/strong> Oferecemos aconselhamento dedicado e apoio p\u00f3s-venda para o tranquilizar no momento da compra.<\/li>\n<\/ul>\n\n\n\n<p><strong><a href=\"https:\/\/www.miamedicalitalia.it\/pt\/categoria\/affitto-e-noleggio-ausili\/affitto-e-noleggio-deambulatori\/?_gl=1*vif1ai*_up*MQ..*_ga*MTEwNzU5MDEyNS4xNzQyMDM1MjMx*_ga_D9FZ9V3LL7*MTc0MjA0MTA2NC4yLjAuMTc0MjA0MTA2NC4wLjAuMA..\">Escolha entre a vasta gama de andarilhos e rolos da Mia Medical<\/a><\/strong>&nbsp;e descobrir&nbsp;<a href=\"https:\/\/www.miamedicalitalia.it\/pt\/come-si-scegli-il-deambulatore-giusto\/\">o artigo orientador<\/a>para uma escolha informada e adaptada \u00e0s suas necessidades. Ainda n\u00e3o est\u00e1 convencido?&nbsp;<strong><a href=\"https:\/\/wa.me\/393926509237\">Contacte-nos para uma consulta gratuita e adaptada \u00e0s suas necessidades, sem qualquer compromisso!<\/a><\/strong><\/p>","protected":false},"excerpt":{"rendered":"<div style=\"font-family: Arial, sans-serif; background-color: #234091; padding: 30px; border-radius: 25px; max-width: 600px; color: #ffffff; position: relative; border-top: 6px solid #2498fe;\">\n<h3 style=\"margin-top: 0; margin-bottom: 15px; color: #ffffff;\">Entrega gratuita<\/h3>\n<p>Ajuda ideal para uma marcha segura e aut\u00f3noma! Comprar agora!<\/p><\/div>\n<p><!-- Linea bianca sotto --><\/p>\n<div style=\"height: 6px; background-color: #ffffff; max-width: 600px;\">\u00a0<\/div>","protected":false},"featured_media":14623,"template":"","meta":{"_acf_changed":false},"home-category":[263],"product_brand":[],"product_cat":[261,531],"product_tag":[],"woo-feed-brand":[],"class_list":{"0":"post-14642","1":"product","2":"type-product","3":"status-publish","4":"has-post-thumbnail","6":"home-category-ausili","7":"product_cat-vendita-ausili","8":"product_cat-vendita-deambulatori-rollator","9":"product_shipping_class-ausili-grandi","11":"first","12":"instock","13":"shipping-taxable","14":"purchasable","15":"product-type-simple"},"acf":[],"yoast_head":"<!-- This site is optimized with the Yoast SEO Premium plugin v27.5 (Yoast SEO v27.5) - https:\/\/yoast.com\/product\/yoast-seo-premium-wordpress\/ -->\n<title>Deambulatore rollatore con seduta in vendita<\/title>\n<meta name=\"description\" content=\"Acquista il tuo deambulatore rollator pieghevole in alluminio: leggero, sicuro e con seduta regolabile. Consegna gratuita. Scopri ora Mia Medical!\" \/>\n<meta name=\"robots\" content=\"index, follow, max-snippet:-1, max-image-preview:large, max-video-preview:-1\" \/>\n<link rel=\"canonical\" href=\"https:\/\/www.miamedicalitalia.it\/pt\/produto\/deambulatore-rollatore-con-seduta-in-vendita\/\" \/>\n<meta property=\"og:locale\" content=\"pt_PT\" \/>\n<meta property=\"og:type\" content=\"article\" \/>\n<meta property=\"og:title\" content=\"Deambulatore rollatore con seduta in vendita\" \/>\n<meta property=\"og:description\" content=\"Acquista il tuo deambulatore rollator pieghevole in alluminio: leggero, sicuro e con seduta regolabile. Consegna gratuita. Scopri ora Mia Medical!\" \/>\n<meta property=\"og:url\" content=\"https:\/\/www.miamedicalitalia.it\/pt\/produto\/deambulatore-rollatore-con-seduta-in-vendita\/\" \/>\n<meta property=\"og:site_name\" content=\"Mia Medical\" \/>\n<meta property=\"article:publisher\" content=\"https:\/\/www.facebook.com\/miamedicalitalia\" \/>\n<meta property=\"article:modified_time\" content=\"2026-03-06T15:05:59+00:00\" \/>\n<meta property=\"og:image\" content=\"https:\/\/www.miamedicalitalia.it\/wp-content\/uploads\/2024\/05\/Rollator.png\" \/>\n\t<meta property=\"og:image:width\" content=\"1000\" \/>\n\t<meta property=\"og:image:height\" content=\"1000\" \/>\n\t<meta property=\"og:image:type\" content=\"image\/png\" \/>\n<meta name=\"twitter:card\" content=\"summary_large_image\" \/>\n<meta name=\"twitter:label1\" content=\"Tempo estimado de leitura\" \/>\n\t<meta name=\"twitter:data1\" content=\"2 minutos\" \/>\n<script type=\"application\/ld+json\" class=\"yoast-schema-graph\">{\"@context\":\"https:\\\/\\\/schema.org\",\"@graph\":[{\"@type\":\"WebPage\",\"@id\":\"https:\\\/\\\/www.miamedicalitalia.it\\\/prodotto\\\/deambulatore-rollatore-con-seduta-in-vendita\\\/\",\"url\":\"https:\\\/\\\/www.miamedicalitalia.it\\\/prodotto\\\/deambulatore-rollatore-con-seduta-in-vendita\\\/\",\"name\":\"Deambulatore rollatore con seduta in vendita\",\"isPartOf\":{\"@id\":\"https:\\\/\\\/www.miamedicalitalia.it\\\/#website\"},\"primaryImageOfPage\":{\"@id\":\"https:\\\/\\\/www.miamedicalitalia.it\\\/prodotto\\\/deambulatore-rollatore-con-seduta-in-vendita\\\/#primaryimage\"},\"image\":{\"@id\":\"https:\\\/\\\/www.miamedicalitalia.it\\\/prodotto\\\/deambulatore-rollatore-con-seduta-in-vendita\\\/#primaryimage\"},\"thumbnailUrl\":\"https:\\\/\\\/www.miamedicalitalia.it\\\/wp-content\\\/uploads\\\/2024\\\/05\\\/Rollator.png\",\"datePublished\":\"2025-10-04T13:17:45+00:00\",\"dateModified\":\"2026-03-06T15:05:59+00:00\",\"description\":\"Acquista il tuo deambulatore rollator pieghevole in alluminio: leggero, sicuro e con seduta regolabile. Consegna gratuita. Scopri ora Mia Medical!\",\"breadcrumb\":{\"@id\":\"https:\\\/\\\/www.miamedicalitalia.it\\\/prodotto\\\/deambulatore-rollatore-con-seduta-in-vendita\\\/#breadcrumb\"},\"inLanguage\":\"pt-PT\",\"potentialAction\":[{\"@type\":\"ReadAction\",\"target\":[\"https:\\\/\\\/www.miamedicalitalia.it\\\/prodotto\\\/deambulatore-rollatore-con-seduta-in-vendita\\\/\"]}]},{\"@type\":\"ImageObject\",\"inLanguage\":\"pt-PT\",\"@id\":\"https:\\\/\\\/www.miamedicalitalia.it\\\/prodotto\\\/deambulatore-rollatore-con-seduta-in-vendita\\\/#primaryimage\",\"url\":\"https:\\\/\\\/www.miamedicalitalia.it\\\/wp-content\\\/uploads\\\/2024\\\/05\\\/Rollator.png\",\"contentUrl\":\"https:\\\/\\\/www.miamedicalitalia.it\\\/wp-content\\\/uploads\\\/2024\\\/05\\\/Rollator.png\",\"width\":1000,\"height\":1000},{\"@type\":\"BreadcrumbList\",\"@id\":\"https:\\\/\\\/www.miamedicalitalia.it\\\/prodotto\\\/deambulatore-rollatore-con-seduta-in-vendita\\\/#breadcrumb\",\"itemListElement\":[{\"@type\":\"ListItem\",\"position\":1,\"name\":\"Home\",\"item\":\"https:\\\/\\\/www.miamedicalitalia.it\\\/\"},{\"@type\":\"ListItem\",\"position\":2,\"name\":\"Shop\",\"item\":\"https:\\\/\\\/www.miamedicalitalia.it\\\/negozio\\\/\"},{\"@type\":\"ListItem\",\"position\":3,\"name\":\"Vendita\",\"item\":\"https:\\\/\\\/www.miamedicalitalia.it\\\/categoria\\\/vendita-ausili\\\/\"},{\"@type\":\"ListItem\",\"position\":4,\"name\":\"Vendita deambulatore rollatore con seduta\"}]},{\"@type\":\"WebSite\",\"@id\":\"https:\\\/\\\/www.miamedicalitalia.it\\\/#website\",\"url\":\"https:\\\/\\\/www.miamedicalitalia.it\\\/\",\"name\":\"www.miamedicalitalia.it\",\"description\":\"Noleggio e Vendita Attrezzatura Sanitarie\",\"publisher\":{\"@id\":\"https:\\\/\\\/www.miamedicalitalia.it\\\/#organization\"},\"potentialAction\":[{\"@type\":\"SearchAction\",\"target\":{\"@type\":\"EntryPoint\",\"urlTemplate\":\"https:\\\/\\\/www.miamedicalitalia.it\\\/?s={search_term_string}\"},\"query-input\":{\"@type\":\"PropertyValueSpecification\",\"valueRequired\":true,\"valueName\":\"search_term_string\"}}],\"inLanguage\":\"pt-PT\"},{\"@type\":\"Organization\",\"@id\":\"https:\\\/\\\/www.miamedicalitalia.it\\\/#organization\",\"name\":\"OLG\",\"url\":\"https:\\\/\\\/www.miamedicalitalia.it\\\/\",\"logo\":{\"@type\":\"ImageObject\",\"inLanguage\":\"pt-PT\",\"@id\":\"https:\\\/\\\/www.miamedicalitalia.it\\\/#\\\/schema\\\/logo\\\/image\\\/\",\"url\":\"https:\\\/\\\/www.miamedicalitalia.it\\\/wp-content\\\/uploads\\\/2023\\\/04\\\/mia-medical-logo-free.png\",\"contentUrl\":\"https:\\\/\\\/www.miamedicalitalia.it\\\/wp-content\\\/uploads\\\/2023\\\/04\\\/mia-medical-logo-free.png\",\"width\":700,\"height\":700,\"caption\":\"OLG\"},\"image\":{\"@id\":\"https:\\\/\\\/www.miamedicalitalia.it\\\/#\\\/schema\\\/logo\\\/image\\\/\"},\"sameAs\":[\"https:\\\/\\\/www.facebook.com\\\/miamedicalitalia\"]}]}<\/script>\n<!-- \/ Yoast SEO Premium plugin. -->","yoast_head_json":{"title":"Andarilho de rodas com assento para venda","description":"Compre o seu andarilho dobr\u00e1vel de alum\u00ednio: leve, seguro e com assento ajust\u00e1vel. Entrega gratuita. Descubra a Mia Medical agora!","robots":{"index":"index","follow":"follow","max-snippet":"max-snippet:-1","max-image-preview":"max-image-preview:large","max-video-preview":"max-video-preview:-1"},"canonical":"https:\/\/www.miamedicalitalia.it\/pt\/produto\/deambulatore-rollatore-con-seduta-in-vendita\/","og_locale":"pt_PT","og_type":"article","og_title":"Deambulatore rollatore con seduta in vendita","og_description":"Acquista il tuo deambulatore rollator pieghevole in alluminio: leggero, sicuro e con seduta regolabile. Consegna gratuita. Scopri ora Mia Medical!","og_url":"https:\/\/www.miamedicalitalia.it\/pt\/produto\/deambulatore-rollatore-con-seduta-in-vendita\/","og_site_name":"Mia Medical","article_publisher":"https:\/\/www.facebook.com\/miamedicalitalia","article_modified_time":"2026-03-06T15:05:59+00:00","og_image":[{"width":1000,"height":1000,"url":"https:\/\/www.miamedicalitalia.it\/wp-content\/uploads\/2024\/05\/Rollator.png","type":"image\/png"}],"twitter_card":"summary_large_image","twitter_misc":{"Tempo estimado de leitura":"2 minutos"},"schema":{"@context":"https:\/\/schema.org","@graph":[{"@type":"WebPage","@id":"https:\/\/www.miamedicalitalia.it\/prodotto\/deambulatore-rollatore-con-seduta-in-vendita\/","url":"https:\/\/www.miamedicalitalia.it\/prodotto\/deambulatore-rollatore-con-seduta-in-vendita\/","name":"Andarilho de rodas com assento para venda","isPartOf":{"@id":"https:\/\/www.miamedicalitalia.it\/#website"},"primaryImageOfPage":{"@id":"https:\/\/www.miamedicalitalia.it\/prodotto\/deambulatore-rollatore-con-seduta-in-vendita\/#primaryimage"},"image":{"@id":"https:\/\/www.miamedicalitalia.it\/prodotto\/deambulatore-rollatore-con-seduta-in-vendita\/#primaryimage"},"thumbnailUrl":"https:\/\/www.miamedicalitalia.it\/wp-content\/uploads\/2024\/05\/Rollator.png","datePublished":"2025-10-04T13:17:45+00:00","dateModified":"2026-03-06T15:05:59+00:00","description":"Compre o seu andarilho dobr\u00e1vel de alum\u00ednio: leve, seguro e com assento ajust\u00e1vel. Entrega gratuita. Descubra a Mia Medical agora!","breadcrumb":{"@id":"https:\/\/www.miamedicalitalia.it\/prodotto\/deambulatore-rollatore-con-seduta-in-vendita\/#breadcrumb"},"inLanguage":"pt-PT","potentialAction":[{"@type":"ReadAction","target":["https:\/\/www.miamedicalitalia.it\/prodotto\/deambulatore-rollatore-con-seduta-in-vendita\/"]}]},{"@type":"ImageObject","inLanguage":"pt-PT","@id":"https:\/\/www.miamedicalitalia.it\/prodotto\/deambulatore-rollatore-con-seduta-in-vendita\/#primaryimage","url":"https:\/\/www.miamedicalitalia.it\/wp-content\/uploads\/2024\/05\/Rollator.png","contentUrl":"https:\/\/www.miamedicalitalia.it\/wp-content\/uploads\/2024\/05\/Rollator.png","width":1000,"height":1000},{"@type":"BreadcrumbList","@id":"https:\/\/www.miamedicalitalia.it\/prodotto\/deambulatore-rollatore-con-seduta-in-vendita\/#breadcrumb","itemListElement":[{"@type":"ListItem","position":1,"name":"Home","item":"https:\/\/www.miamedicalitalia.it\/"},{"@type":"ListItem","position":2,"name":"Shop","item":"https:\/\/www.miamedicalitalia.it\/negozio\/"},{"@type":"ListItem","position":3,"name":"Vendita","item":"https:\/\/www.miamedicalitalia.it\/categoria\/vendita-ausili\/"},{"@type":"ListItem","position":4,"name":"Vendita deambulatore rollatore con seduta"}]},{"@type":"WebSite","@id":"https:\/\/www.miamedicalitalia.it\/#website","url":"https:\/\/www.miamedicalitalia.it\/","name":"www.miamedicalitalia.it","description":"Aluguer e venda de equipamento sanit\u00e1rio","publisher":{"@id":"https:\/\/www.miamedicalitalia.it\/#organization"},"potentialAction":[{"@type":"SearchAction","target":{"@type":"EntryPoint","urlTemplate":"https:\/\/www.miamedicalitalia.it\/?s={search_term_string}"},"query-input":{"@type":"PropertyValueSpecification","valueRequired":true,"valueName":"search_term_string"}}],"inLanguage":"pt-PT"},{"@type":"Organization","@id":"https:\/\/www.miamedicalitalia.it\/#organization","name":"OLG","url":"https:\/\/www.miamedicalitalia.it\/","logo":{"@type":"ImageObject","inLanguage":"pt-PT","@id":"https:\/\/www.miamedicalitalia.it\/#\/schema\/logo\/image\/","url":"https:\/\/www.miamedicalitalia.it\/wp-content\/uploads\/2023\/04\/mia-medical-logo-free.png","contentUrl":"https:\/\/www.miamedicalitalia.it\/wp-content\/uploads\/2023\/04\/mia-medical-logo-free.png","width":700,"height":700,"caption":"OLG"},"image":{"@id":"https:\/\/www.miamedicalitalia.it\/#\/schema\/logo\/image\/"},"sameAs":["https:\/\/www.facebook.com\/miamedicalitalia"]}]}},"wcpa_form_fields":null,"_links":{"self":[{"href":"https:\/\/www.miamedicalitalia.it\/pt\/wp-json\/wp\/v2\/product\/14642","targetHints":{"allow":["GET"]}}],"collection":[{"href":"https:\/\/www.miamedicalitalia.it\/pt\/wp-json\/wp\/v2\/product"}],"about":[{"href":"https:\/\/www.miamedicalitalia.it\/pt\/wp-json\/wp\/v2\/types\/product"}],"wp:featuredmedia":[{"embeddable":true,"href":"https:\/\/www.miamedicalitalia.it\/pt\/wp-json\/wp\/v2\/media\/14623"}],"wp:attachment":[{"href":"https:\/\/www.miamedicalitalia.it\/pt\/wp-json\/wp\/v2\/media?parent=14642"}],"wp:term":[{"taxonomy":"home-category","embeddable":true,"href":"https:\/\/www.miamedicalitalia.it\/pt\/wp-json\/wp\/v2\/home-category?post=14642"},{"taxonomy":"product_brand","embeddable":true,"href":"https:\/\/www.miamedicalitalia.it\/pt\/wp-json\/wp\/v2\/product_brand?post=14642"},{"taxonomy":"product_cat","embeddable":true,"href":"https:\/\/www.miamedicalitalia.it\/pt\/wp-json\/wp\/v2\/product_cat?post=14642"},{"taxonomy":"product_tag","embeddable":true,"href":"https:\/\/www.miamedicalitalia.it\/pt\/wp-json\/wp\/v2\/product_tag?post=14642"},{"taxonomy":"woo-feed-brand","embeddable":true,"href":"https:\/\/www.miamedicalitalia.it\/pt\/wp-json\/wp\/v2\/woo-feed-brand?post=14642"}],"curies":[{"name":"wp","href":"https:\/\/api.w.org\/{rel}","templated":true}]}}