{"id":14410,"date":"2025-09-08T11:44:31","date_gmt":"2025-09-08T09:44:31","guid":{"rendered":"https:\/\/www.miamedicalitalia.it\/?post_type=product&#038;p=14410"},"modified":"2026-02-12T00:30:42","modified_gmt":"2026-02-11T22:30:42","slug":"vendita-scooter-usato-tommy-3","status":"publish","type":"product","link":"https:\/\/www.miamedicalitalia.it\/pt\/produto\/vendita-scooter-usato-tommy-3\/","title":{"rendered":"Scooter Tommy 3 usado para venda"},"content":{"rendered":"<p><strong>Compacta, leve e manobr\u00e1vel: a scooter el\u00e9ctrica perfeita para se deslocar sem limites, em seguran\u00e7a e com estilo!<\/strong><\/p>\n\n\n\n<ul class=\"wp-block-list\">\n<li><strong>F\u00e1cil de conduzir<\/strong>&nbsp;gra\u00e7as ao design ergon\u00f3mico e aos ajustes personaliz\u00e1veis<\/li>\n\n\n\n<li><strong>Autonomia at\u00e9 18 km<\/strong>&nbsp;para uma liberdade de movimentos sem preocupa\u00e7\u00f5es<\/li>\n\n\n\n<li><strong>Rodas \u00e0 prova de furos e estrutura est\u00e1vel<\/strong>&nbsp;para uma condu\u00e7\u00e3o segura em todos os tipos de terreno<\/li>\n\n\n\n<li><strong>Ideal para turistas, idosos e pessoas com mobilidade reduzida<\/strong><\/li>\n\n\n\n<li><strong>Bateria amov\u00edvel<\/strong>&nbsp;para recarregar facilmente em qualquer lugar<\/li>\n<\/ul>\n\n\n\n<p><strong>Compacta, leve e manobr\u00e1vel: a scooter el\u00e9ctrica perfeita para se deslocar sem limites, em seguran\u00e7a e com estilo!<\/strong><\/p>\n\n\n\n<ul class=\"wp-block-list\">\n<li><strong>F\u00e1cil de conduzir<\/strong>&nbsp;gra\u00e7as ao design ergon\u00f3mico e aos ajustes personaliz\u00e1veis<\/li>\n\n\n\n<li><strong>Autonomia at\u00e9 18 km<\/strong>&nbsp;para uma liberdade de movimentos sem preocupa\u00e7\u00f5es<\/li>\n\n\n\n<li><strong>Rodas \u00e0 prova de furos e estrutura est\u00e1vel<\/strong>&nbsp;para uma condu\u00e7\u00e3o segura em todos os tipos de terreno<\/li>\n\n\n\n<li><strong>Ideal para turistas, idosos e pessoas com mobilidade reduzida<\/strong><\/li>\n\n\n\n<li><strong>Bateria amov\u00edvel<\/strong>&nbsp;para recarregar facilmente em qualquer lugar<\/li>\n<\/ul>\n\n\n\n<p>Saiba mais sobre as nossas ajudas usadas na nossa <a href=\"https:\/\/www.miamedicalitalia.it\/pt\/vendita-ausili-rigenerati-carrozzine-elettriche-rollator-scooter-per-mobilita\/\">artigo<\/a>!<\/p>\n\n\n\n<p><\/p>\n\n\n\n<p><\/p>","protected":false},"excerpt":{"rendered":"<div style=\"font-family: Arial, sans-serif; background-color: #234091; padding: 30px; border-radius: 25px; max-width: 600px; color: #ffffff; position: relative; border-top: 6px solid #2498fe;\">\n<h3 style=\"margin-top: 0; margin-bottom: 15px; color: #ffffff;\">Trotinete el\u00e9ctrica Tommy<\/h3>\n<p>Design compacto e leve.<\/p>\n<p>Bateria amov\u00edvel de 12 Ah.<\/p>\n<p>Guiador e coluna ajust\u00e1veis.<\/p>\n<p>Velocidade m\u00e1xima de 8km\/h.<\/p>\n<p>Luta contra inclina\u00e7\u00f5es at\u00e9 10\u00b0<\/p>\n<\/div>\n<p><!-- Linea bianca sotto --><\/p>\n<div style=\"height: 6px; background-color: #ffffff; max-width: 600px;\">\u00a0<\/div>","protected":false},"featured_media":14411,"template":"","meta":{"_acf_changed":false},"home-category":[264],"product_brand":[],"product_cat":[260,93,440,261],"product_tag":[],"woo-feed-brand":[],"class_list":{"0":"post-14410","1":"product","2":"type-product","3":"status-publish","4":"has-post-thumbnail","6":"home-category-scooter","7":"product_cat-affitto-e-noleggio-ausili","8":"product_cat-in-promozione","9":"product_cat-usato-in-promozione","10":"product_cat-vendita-ausili","11":"product_shipping_class-ausili-grandi","13":"first","14":"instock","15":"shipping-taxable","16":"purchasable","17":"product-type-simple"},"acf":[],"yoast_head":"<!-- This site is optimized with the Yoast SEO Premium plugin v27.4 (Yoast SEO v27.4) - https:\/\/yoast.com\/product\/yoast-seo-premium-wordpress\/ -->\n<title>Vendita Scooter Usato Tommy 3<\/title>\n<meta name=\"description\" content=\"Vendita Scooter Elettrico per la Mobilit\u00e0 Tommy usato, prezzi imbattibili con Mia Medical Italia. Chiama subito al +39 3926509237 .\" \/>\n<meta name=\"robots\" content=\"index, follow, max-snippet:-1, max-image-preview:large, max-video-preview:-1\" \/>\n<link rel=\"canonical\" href=\"https:\/\/www.miamedicalitalia.it\/pt\/produto\/vendita-scooter-usato-tommy-3\/\" \/>\n<meta property=\"og:locale\" content=\"pt_PT\" \/>\n<meta property=\"og:type\" content=\"article\" \/>\n<meta property=\"og:title\" content=\"Vendita Scooter Usato Tommy 3\" \/>\n<meta property=\"og:description\" content=\"Vendita Scooter Elettrico per la Mobilit\u00e0 Tommy usato, prezzi imbattibili con Mia Medical Italia. Chiama subito al +39 3926509237 .\" \/>\n<meta property=\"og:url\" content=\"https:\/\/www.miamedicalitalia.it\/pt\/produto\/vendita-scooter-usato-tommy-3\/\" \/>\n<meta property=\"og:site_name\" content=\"Mia Medical\" \/>\n<meta property=\"article:publisher\" content=\"https:\/\/www.facebook.com\/miamedicalitalia\" \/>\n<meta property=\"article:modified_time\" content=\"2026-02-11T22:30:42+00:00\" \/>\n<meta property=\"og:image\" content=\"https:\/\/www.miamedicalitalia.it\/wp-content\/uploads\/2025\/09\/PHOTO-2025-08-23-19-40-02.jpg\" \/>\n\t<meta property=\"og:image:width\" content=\"2048\" \/>\n\t<meta property=\"og:image:height\" content=\"2048\" \/>\n\t<meta property=\"og:image:type\" content=\"image\/jpeg\" \/>\n<meta name=\"twitter:card\" content=\"summary_large_image\" \/>\n<meta name=\"twitter:label1\" content=\"Tempo estimado de leitura\" \/>\n\t<meta name=\"twitter:data1\" content=\"1 minuto\" \/>\n<script type=\"application\/ld+json\" class=\"yoast-schema-graph\">{\"@context\":\"https:\\\/\\\/schema.org\",\"@graph\":[{\"@type\":\"WebPage\",\"@id\":\"https:\\\/\\\/www.miamedicalitalia.it\\\/prodotto\\\/vendita-scooter-usato-tommy-3\\\/\",\"url\":\"https:\\\/\\\/www.miamedicalitalia.it\\\/prodotto\\\/vendita-scooter-usato-tommy-3\\\/\",\"name\":\"Vendita Scooter Usato Tommy 3\",\"isPartOf\":{\"@id\":\"https:\\\/\\\/www.miamedicalitalia.it\\\/#website\"},\"primaryImageOfPage\":{\"@id\":\"https:\\\/\\\/www.miamedicalitalia.it\\\/prodotto\\\/vendita-scooter-usato-tommy-3\\\/#primaryimage\"},\"image\":{\"@id\":\"https:\\\/\\\/www.miamedicalitalia.it\\\/prodotto\\\/vendita-scooter-usato-tommy-3\\\/#primaryimage\"},\"thumbnailUrl\":\"https:\\\/\\\/www.miamedicalitalia.it\\\/wp-content\\\/uploads\\\/2025\\\/09\\\/PHOTO-2025-08-23-19-40-02.jpg\",\"datePublished\":\"2025-09-08T09:44:31+00:00\",\"dateModified\":\"2026-02-11T22:30:42+00:00\",\"description\":\"Vendita Scooter Elettrico per la Mobilit\u00e0 Tommy usato, prezzi imbattibili con Mia Medical Italia. Chiama subito al +39 3926509237 .\",\"breadcrumb\":{\"@id\":\"https:\\\/\\\/www.miamedicalitalia.it\\\/prodotto\\\/vendita-scooter-usato-tommy-3\\\/#breadcrumb\"},\"inLanguage\":\"pt-PT\",\"potentialAction\":[{\"@type\":\"ReadAction\",\"target\":[\"https:\\\/\\\/www.miamedicalitalia.it\\\/prodotto\\\/vendita-scooter-usato-tommy-3\\\/\"]}]},{\"@type\":\"ImageObject\",\"inLanguage\":\"pt-PT\",\"@id\":\"https:\\\/\\\/www.miamedicalitalia.it\\\/prodotto\\\/vendita-scooter-usato-tommy-3\\\/#primaryimage\",\"url\":\"https:\\\/\\\/www.miamedicalitalia.it\\\/wp-content\\\/uploads\\\/2025\\\/09\\\/PHOTO-2025-08-23-19-40-02.jpg\",\"contentUrl\":\"https:\\\/\\\/www.miamedicalitalia.it\\\/wp-content\\\/uploads\\\/2025\\\/09\\\/PHOTO-2025-08-23-19-40-02.jpg\",\"width\":2048,\"height\":2048},{\"@type\":\"BreadcrumbList\",\"@id\":\"https:\\\/\\\/www.miamedicalitalia.it\\\/prodotto\\\/vendita-scooter-usato-tommy-3\\\/#breadcrumb\",\"itemListElement\":[{\"@type\":\"ListItem\",\"position\":1,\"name\":\"Home\",\"item\":\"https:\\\/\\\/www.miamedicalitalia.it\\\/\"},{\"@type\":\"ListItem\",\"position\":2,\"name\":\"Shop\",\"item\":\"https:\\\/\\\/www.miamedicalitalia.it\\\/negozio\\\/\"},{\"@type\":\"ListItem\",\"position\":3,\"name\":\"Affitto e noleggio\",\"item\":\"https:\\\/\\\/www.miamedicalitalia.it\\\/categoria\\\/affitto-e-noleggio-ausili\\\/\"},{\"@type\":\"ListItem\",\"position\":4,\"name\":\"Vendita Scooter Usato Tommy 3\"}]},{\"@type\":\"WebSite\",\"@id\":\"https:\\\/\\\/www.miamedicalitalia.it\\\/#website\",\"url\":\"https:\\\/\\\/www.miamedicalitalia.it\\\/\",\"name\":\"www.miamedicalitalia.it\",\"description\":\"Noleggio e Vendita Attrezzatura Sanitarie\",\"publisher\":{\"@id\":\"https:\\\/\\\/www.miamedicalitalia.it\\\/#organization\"},\"potentialAction\":[{\"@type\":\"SearchAction\",\"target\":{\"@type\":\"EntryPoint\",\"urlTemplate\":\"https:\\\/\\\/www.miamedicalitalia.it\\\/?s={search_term_string}\"},\"query-input\":{\"@type\":\"PropertyValueSpecification\",\"valueRequired\":true,\"valueName\":\"search_term_string\"}}],\"inLanguage\":\"pt-PT\"},{\"@type\":\"Organization\",\"@id\":\"https:\\\/\\\/www.miamedicalitalia.it\\\/#organization\",\"name\":\"OLG\",\"url\":\"https:\\\/\\\/www.miamedicalitalia.it\\\/\",\"logo\":{\"@type\":\"ImageObject\",\"inLanguage\":\"pt-PT\",\"@id\":\"https:\\\/\\\/www.miamedicalitalia.it\\\/#\\\/schema\\\/logo\\\/image\\\/\",\"url\":\"https:\\\/\\\/www.miamedicalitalia.it\\\/wp-content\\\/uploads\\\/2023\\\/04\\\/mia-medical-logo-free.png\",\"contentUrl\":\"https:\\\/\\\/www.miamedicalitalia.it\\\/wp-content\\\/uploads\\\/2023\\\/04\\\/mia-medical-logo-free.png\",\"width\":700,\"height\":700,\"caption\":\"OLG\"},\"image\":{\"@id\":\"https:\\\/\\\/www.miamedicalitalia.it\\\/#\\\/schema\\\/logo\\\/image\\\/\"},\"sameAs\":[\"https:\\\/\\\/www.facebook.com\\\/miamedicalitalia\"]}]}<\/script>\n<!-- \/ Yoast SEO Premium plugin. -->","yoast_head_json":{"title":"Scooter Tommy 3 usado para venda","description":"Scooter el\u00e9trico Tommy Mobility usado para venda, pre\u00e7os imbat\u00edveis com Mia Medical Italia. Ligue agora para +39 3926509237 .","robots":{"index":"index","follow":"follow","max-snippet":"max-snippet:-1","max-image-preview":"max-image-preview:large","max-video-preview":"max-video-preview:-1"},"canonical":"https:\/\/www.miamedicalitalia.it\/pt\/produto\/vendita-scooter-usato-tommy-3\/","og_locale":"pt_PT","og_type":"article","og_title":"Vendita Scooter Usato Tommy 3","og_description":"Vendita Scooter Elettrico per la Mobilit\u00e0 Tommy usato, prezzi imbattibili con Mia Medical Italia. Chiama subito al +39 3926509237 .","og_url":"https:\/\/www.miamedicalitalia.it\/pt\/produto\/vendita-scooter-usato-tommy-3\/","og_site_name":"Mia Medical","article_publisher":"https:\/\/www.facebook.com\/miamedicalitalia","article_modified_time":"2026-02-11T22:30:42+00:00","og_image":[{"width":2048,"height":2048,"url":"https:\/\/www.miamedicalitalia.it\/wp-content\/uploads\/2025\/09\/PHOTO-2025-08-23-19-40-02.jpg","type":"image\/jpeg"}],"twitter_card":"summary_large_image","twitter_misc":{"Tempo estimado de leitura":"1 minuto"},"schema":{"@context":"https:\/\/schema.org","@graph":[{"@type":"WebPage","@id":"https:\/\/www.miamedicalitalia.it\/prodotto\/vendita-scooter-usato-tommy-3\/","url":"https:\/\/www.miamedicalitalia.it\/prodotto\/vendita-scooter-usato-tommy-3\/","name":"Scooter Tommy 3 usado para venda","isPartOf":{"@id":"https:\/\/www.miamedicalitalia.it\/#website"},"primaryImageOfPage":{"@id":"https:\/\/www.miamedicalitalia.it\/prodotto\/vendita-scooter-usato-tommy-3\/#primaryimage"},"image":{"@id":"https:\/\/www.miamedicalitalia.it\/prodotto\/vendita-scooter-usato-tommy-3\/#primaryimage"},"thumbnailUrl":"https:\/\/www.miamedicalitalia.it\/wp-content\/uploads\/2025\/09\/PHOTO-2025-08-23-19-40-02.jpg","datePublished":"2025-09-08T09:44:31+00:00","dateModified":"2026-02-11T22:30:42+00:00","description":"Scooter el\u00e9trico Tommy Mobility usado para venda, pre\u00e7os imbat\u00edveis com Mia Medical Italia. Ligue agora para +39 3926509237 .","breadcrumb":{"@id":"https:\/\/www.miamedicalitalia.it\/prodotto\/vendita-scooter-usato-tommy-3\/#breadcrumb"},"inLanguage":"pt-PT","potentialAction":[{"@type":"ReadAction","target":["https:\/\/www.miamedicalitalia.it\/prodotto\/vendita-scooter-usato-tommy-3\/"]}]},{"@type":"ImageObject","inLanguage":"pt-PT","@id":"https:\/\/www.miamedicalitalia.it\/prodotto\/vendita-scooter-usato-tommy-3\/#primaryimage","url":"https:\/\/www.miamedicalitalia.it\/wp-content\/uploads\/2025\/09\/PHOTO-2025-08-23-19-40-02.jpg","contentUrl":"https:\/\/www.miamedicalitalia.it\/wp-content\/uploads\/2025\/09\/PHOTO-2025-08-23-19-40-02.jpg","width":2048,"height":2048},{"@type":"BreadcrumbList","@id":"https:\/\/www.miamedicalitalia.it\/prodotto\/vendita-scooter-usato-tommy-3\/#breadcrumb","itemListElement":[{"@type":"ListItem","position":1,"name":"Home","item":"https:\/\/www.miamedicalitalia.it\/"},{"@type":"ListItem","position":2,"name":"Shop","item":"https:\/\/www.miamedicalitalia.it\/negozio\/"},{"@type":"ListItem","position":3,"name":"Affitto e noleggio","item":"https:\/\/www.miamedicalitalia.it\/categoria\/affitto-e-noleggio-ausili\/"},{"@type":"ListItem","position":4,"name":"Vendita Scooter Usato Tommy 3"}]},{"@type":"WebSite","@id":"https:\/\/www.miamedicalitalia.it\/#website","url":"https:\/\/www.miamedicalitalia.it\/","name":"www.miamedicalitalia.it","description":"Aluguer e venda de equipamento sanit\u00e1rio","publisher":{"@id":"https:\/\/www.miamedicalitalia.it\/#organization"},"potentialAction":[{"@type":"SearchAction","target":{"@type":"EntryPoint","urlTemplate":"https:\/\/www.miamedicalitalia.it\/?s={search_term_string}"},"query-input":{"@type":"PropertyValueSpecification","valueRequired":true,"valueName":"search_term_string"}}],"inLanguage":"pt-PT"},{"@type":"Organization","@id":"https:\/\/www.miamedicalitalia.it\/#organization","name":"OLG","url":"https:\/\/www.miamedicalitalia.it\/","logo":{"@type":"ImageObject","inLanguage":"pt-PT","@id":"https:\/\/www.miamedicalitalia.it\/#\/schema\/logo\/image\/","url":"https:\/\/www.miamedicalitalia.it\/wp-content\/uploads\/2023\/04\/mia-medical-logo-free.png","contentUrl":"https:\/\/www.miamedicalitalia.it\/wp-content\/uploads\/2023\/04\/mia-medical-logo-free.png","width":700,"height":700,"caption":"OLG"},"image":{"@id":"https:\/\/www.miamedicalitalia.it\/#\/schema\/logo\/image\/"},"sameAs":["https:\/\/www.facebook.com\/miamedicalitalia"]}]}},"wcpa_form_fields":null,"_links":{"self":[{"href":"https:\/\/www.miamedicalitalia.it\/pt\/wp-json\/wp\/v2\/product\/14410","targetHints":{"allow":["GET"]}}],"collection":[{"href":"https:\/\/www.miamedicalitalia.it\/pt\/wp-json\/wp\/v2\/product"}],"about":[{"href":"https:\/\/www.miamedicalitalia.it\/pt\/wp-json\/wp\/v2\/types\/product"}],"wp:featuredmedia":[{"embeddable":true,"href":"https:\/\/www.miamedicalitalia.it\/pt\/wp-json\/wp\/v2\/media\/14411"}],"wp:attachment":[{"href":"https:\/\/www.miamedicalitalia.it\/pt\/wp-json\/wp\/v2\/media?parent=14410"}],"wp:term":[{"taxonomy":"home-category","embeddable":true,"href":"https:\/\/www.miamedicalitalia.it\/pt\/wp-json\/wp\/v2\/home-category?post=14410"},{"taxonomy":"product_brand","embeddable":true,"href":"https:\/\/www.miamedicalitalia.it\/pt\/wp-json\/wp\/v2\/product_brand?post=14410"},{"taxonomy":"product_cat","embeddable":true,"href":"https:\/\/www.miamedicalitalia.it\/pt\/wp-json\/wp\/v2\/product_cat?post=14410"},{"taxonomy":"product_tag","embeddable":true,"href":"https:\/\/www.miamedicalitalia.it\/pt\/wp-json\/wp\/v2\/product_tag?post=14410"},{"taxonomy":"woo-feed-brand","embeddable":true,"href":"https:\/\/www.miamedicalitalia.it\/pt\/wp-json\/wp\/v2\/woo-feed-brand?post=14410"}],"curies":[{"name":"wp","href":"https:\/\/api.w.org\/{rel}","templated":true}]}}