{"id":14363,"date":"2025-09-08T11:40:39","date_gmt":"2025-09-08T09:40:39","guid":{"rendered":"https:\/\/www.miamedicalitalia.it\/?post_type=product&#038;p=14363"},"modified":"2025-12-04T16:22:09","modified_gmt":"2025-12-04T14:22:09","slug":"vendita-carrozzina-usata-modello-fantastica-1","status":"publish","type":"product","link":"https:\/\/www.miamedicalitalia.it\/pt\/produto\/vendita-carrozzina-usata-modello-fantastica-1\/","title":{"rendered":"Carrinho de beb\u00e9 usado modelo \u201cFantastica\u201d 1 para venda"},"content":{"rendered":"<p>A cadeira de rodas el\u00e9ctrica <strong>Fant\u00e1stico<\/strong> foi concebido para utiliza\u00e7\u00e3o no interior e no exterior. <br>As suas dimens\u00f5es s\u00e3o reduzidas para uma \u00e1rea de implanta\u00e7\u00e3o pequena.<br>Pr\u00e1tico e com fecho de livro. <br>O joystick pode ser posicionado para a esquerda ou para a direita. <br>A bateria \u00e9 facilmente remov\u00edvel. <br>O peso da cadeira de rodas sem a bateria \u00e9 de apenas 16 kg !!! <br><br>Capacidade de carga at\u00e9 130 kg.<\/p>\n\n\n\n<p><strong>Carrinho de beb\u00e9 Fantastica usado para venda: porqu\u00ea escolher<br><\/strong><br>Ter uma cadeira de rodas el\u00e9ctrica dobr\u00e1vel como a <strong>Fantastic Power Smart Mia<\/strong> simplifica significativamente a rotina di\u00e1ria: perfeita para utiliza\u00e7\u00e3o no interior e no exterior, esta cadeira de rodas combina praticidade, seguran\u00e7a e portabilidade sem compromissos.<\/p>\n\n\n\n<p>Gra\u00e7as ao <strong>fecho do folheto<\/strong>, pode dobr\u00e1-lo rapidamente e guard\u00e1-lo em espa\u00e7os pequenos quando n\u00e3o for necess\u00e1rio, ideal para casa, escrit\u00f3rio ou viagens.<\/p>\n\n\n\n<p>Gra\u00e7as \u00e0 conce\u00e7\u00e3o <strong>ultra-compacto e leve<\/strong> (apenas 16 kg sem bateria), move-se facilmente mesmo em espa\u00e7os apertados, oferecendo uma gama que se adapta \u00e0s necessidades reais dos seus utilizadores.<\/p>\n\n\n\n<p>O <strong>joystick ambidestro<\/strong>, que pode ser posicionado \u00e0 esquerda ou \u00e0 direita, proporciona um controlo intuitivo e personaliz\u00e1vel para uma experi\u00eancia mais segura e confort\u00e1vel.<\/p>\n\n\n\n<p>Esta cadeira de rodas \u00e9 o aliado perfeito para quem procura uma ajuda m\u00f3vel que combine:<\/p>\n\n\n\n<ul class=\"wp-block-list\">\n<li><strong>Versatilidade de utiliza\u00e7\u00e3o<\/strong>Adapta-se tanto ao interior como ao exterior, respondendo sem limites \u00e0 vida quotidiana.<\/li>\n\n\n\n<li><strong>Facilidade e seguran\u00e7a<\/strong>concebido para ser intuitivo, est\u00e1vel e fi\u00e1vel.<\/li>\n\n\n\n<li><strong>Portabilidade imediata<\/strong>baixo custo, baixo peso e estrutura dobr\u00e1vel para estar sempre pronto, em qualquer lugar.<\/li>\n<\/ul>\n\n\n\n<p>Saiba mais sobre as nossas ajudas usadas na nossa <a href=\"https:\/\/www.miamedicalitalia.it\/pt\/vendita-ausili-rigenerati-carrozzine-elettriche-rollator-scooter-per-mobilita\/\">artigo<\/a>!<\/p>","protected":false},"excerpt":{"rendered":"<div style=\"font-family: Arial, sans-serif; background-color: #234091; padding: 30px; border-radius: 25px; max-width: 600px; color: #ffffff; position: relative; border-top: 6px solid #2498fe;\">\n<h3 style=\"margin-top: 0; margin-bottom: 15px; color: #ffffff;\">Fant\u00e1stica cadeira de rodas el\u00e9ctrica<\/h3>\n<p> Compacto e dobr\u00e1vel para utiliza\u00e7\u00e3o no interior e no exterior. <\/p>\n<p><p> Apenas 16 kg sem bateria, f\u00e1cil de transportar. <\/p>\n<p><p> Pr\u00e1tico, com fecho de livro e joystick ambidestro. <\/p>\n<p><p>A bateria \u00e9 amov\u00edvel para um carregamento r\u00e1pido e pr\u00e1tico<\/p>\n<\/div>\n<p><!-- Linea bianca sotto --><\/p>\n<div style=\"height: 6px; background-color: #ffffff; max-width: 600px;\"><\/div>","protected":false},"featured_media":14987,"template":"","meta":{"_acf_changed":false},"home-category":[263],"product_brand":[],"product_cat":[260,93,440,261],"product_tag":[],"woo-feed-brand":[],"class_list":{"0":"post-14363","1":"product","2":"type-product","3":"status-publish","4":"has-post-thumbnail","6":"home-category-ausili","7":"product_cat-affitto-e-noleggio-ausili","8":"product_cat-in-promozione","9":"product_cat-usato-in-promozione","10":"product_cat-vendita-ausili","12":"first","13":"outofstock","14":"shipping-taxable","15":"purchasable","16":"product-type-simple"},"acf":[],"yoast_head":"<!-- This site is optimized with the Yoast SEO Premium plugin v27.4 (Yoast SEO v27.4) - https:\/\/yoast.com\/product\/yoast-seo-premium-wordpress\/ -->\n<title>Vendita carrozzina usata modello &quot;Fantastica&quot; 1 - Mia Medical<\/title>\n<meta name=\"description\" content=\"Carrozzina usata modello fantastica in vendita. Disponibilit\u00e0 immediata. Consegna rapida 24\/48h. Il miglior rapporto qualit\u00e0 prezzo sul mercato! Chiama ora.\" \/>\n<meta name=\"robots\" content=\"index, follow, max-snippet:-1, max-image-preview:large, max-video-preview:-1\" \/>\n<link rel=\"canonical\" href=\"https:\/\/www.miamedicalitalia.it\/pt\/produto\/vendita-carrozzina-usata-modello-fantastica-1\/\" \/>\n<meta property=\"og:locale\" content=\"pt_PT\" \/>\n<meta property=\"og:type\" content=\"article\" \/>\n<meta property=\"og:title\" content=\"Vendita carrozzina usata modello &quot;Fantastica&quot; 1 - Mia Medical\" \/>\n<meta property=\"og:description\" content=\"Carrozzina usata modello fantastica in vendita. Disponibilit\u00e0 immediata. Consegna rapida 24\/48h. Il miglior rapporto qualit\u00e0 prezzo sul mercato! Chiama ora.\" \/>\n<meta property=\"og:url\" content=\"https:\/\/www.miamedicalitalia.it\/pt\/produto\/vendita-carrozzina-usata-modello-fantastica-1\/\" \/>\n<meta property=\"og:site_name\" content=\"Mia Medical\" \/>\n<meta property=\"article:publisher\" content=\"https:\/\/www.facebook.com\/miamedicalitalia\" \/>\n<meta property=\"article:modified_time\" content=\"2025-12-04T14:22:09+00:00\" \/>\n<meta property=\"og:image\" content=\"https:\/\/www.miamedicalitalia.it\/wp-content\/uploads\/2025\/09\/Venduta-1.png\" \/>\n\t<meta property=\"og:image:width\" content=\"1000\" \/>\n\t<meta property=\"og:image:height\" content=\"1000\" \/>\n\t<meta property=\"og:image:type\" content=\"image\/png\" \/>\n<meta name=\"twitter:card\" content=\"summary_large_image\" \/>\n<meta name=\"twitter:label1\" content=\"Tempo estimado de leitura\" \/>\n\t<meta name=\"twitter:data1\" content=\"1 minuto\" \/>\n<script type=\"application\/ld+json\" class=\"yoast-schema-graph\">{\"@context\":\"https:\\\/\\\/schema.org\",\"@graph\":[{\"@type\":\"WebPage\",\"@id\":\"https:\\\/\\\/www.miamedicalitalia.it\\\/prodotto\\\/vendita-carrozzina-usata-modello-fantastica-1\\\/\",\"url\":\"https:\\\/\\\/www.miamedicalitalia.it\\\/prodotto\\\/vendita-carrozzina-usata-modello-fantastica-1\\\/\",\"name\":\"Vendita carrozzina usata modello \\\"Fantastica\\\" 1 - Mia Medical\",\"isPartOf\":{\"@id\":\"https:\\\/\\\/www.miamedicalitalia.it\\\/#website\"},\"primaryImageOfPage\":{\"@id\":\"https:\\\/\\\/www.miamedicalitalia.it\\\/prodotto\\\/vendita-carrozzina-usata-modello-fantastica-1\\\/#primaryimage\"},\"image\":{\"@id\":\"https:\\\/\\\/www.miamedicalitalia.it\\\/prodotto\\\/vendita-carrozzina-usata-modello-fantastica-1\\\/#primaryimage\"},\"thumbnailUrl\":\"https:\\\/\\\/www.miamedicalitalia.it\\\/wp-content\\\/uploads\\\/2025\\\/09\\\/Venduta-1.png\",\"datePublished\":\"2025-09-08T09:40:39+00:00\",\"dateModified\":\"2025-12-04T14:22:09+00:00\",\"description\":\"Carrozzina usata modello fantastica in vendita. Disponibilit\u00e0 immediata. Consegna rapida 24\\\/48h. Il miglior rapporto qualit\u00e0 prezzo sul mercato! Chiama ora.\",\"breadcrumb\":{\"@id\":\"https:\\\/\\\/www.miamedicalitalia.it\\\/prodotto\\\/vendita-carrozzina-usata-modello-fantastica-1\\\/#breadcrumb\"},\"inLanguage\":\"pt-PT\",\"potentialAction\":[{\"@type\":\"ReadAction\",\"target\":[\"https:\\\/\\\/www.miamedicalitalia.it\\\/prodotto\\\/vendita-carrozzina-usata-modello-fantastica-1\\\/\"]}]},{\"@type\":\"ImageObject\",\"inLanguage\":\"pt-PT\",\"@id\":\"https:\\\/\\\/www.miamedicalitalia.it\\\/prodotto\\\/vendita-carrozzina-usata-modello-fantastica-1\\\/#primaryimage\",\"url\":\"https:\\\/\\\/www.miamedicalitalia.it\\\/wp-content\\\/uploads\\\/2025\\\/09\\\/Venduta-1.png\",\"contentUrl\":\"https:\\\/\\\/www.miamedicalitalia.it\\\/wp-content\\\/uploads\\\/2025\\\/09\\\/Venduta-1.png\",\"width\":1000,\"height\":1000},{\"@type\":\"BreadcrumbList\",\"@id\":\"https:\\\/\\\/www.miamedicalitalia.it\\\/prodotto\\\/vendita-carrozzina-usata-modello-fantastica-1\\\/#breadcrumb\",\"itemListElement\":[{\"@type\":\"ListItem\",\"position\":1,\"name\":\"Home\",\"item\":\"https:\\\/\\\/www.miamedicalitalia.it\\\/\"},{\"@type\":\"ListItem\",\"position\":2,\"name\":\"Shop\",\"item\":\"https:\\\/\\\/www.miamedicalitalia.it\\\/negozio\\\/\"},{\"@type\":\"ListItem\",\"position\":3,\"name\":\"Affitto e noleggio\",\"item\":\"https:\\\/\\\/www.miamedicalitalia.it\\\/categoria\\\/affitto-e-noleggio-ausili\\\/\"},{\"@type\":\"ListItem\",\"position\":4,\"name\":\"Vendita carrozzina usata modello &#8220;Fantastica&#8221; 1\"}]},{\"@type\":\"WebSite\",\"@id\":\"https:\\\/\\\/www.miamedicalitalia.it\\\/#website\",\"url\":\"https:\\\/\\\/www.miamedicalitalia.it\\\/\",\"name\":\"www.miamedicalitalia.it\",\"description\":\"Noleggio e Vendita Attrezzatura Sanitarie\",\"publisher\":{\"@id\":\"https:\\\/\\\/www.miamedicalitalia.it\\\/#organization\"},\"potentialAction\":[{\"@type\":\"SearchAction\",\"target\":{\"@type\":\"EntryPoint\",\"urlTemplate\":\"https:\\\/\\\/www.miamedicalitalia.it\\\/?s={search_term_string}\"},\"query-input\":{\"@type\":\"PropertyValueSpecification\",\"valueRequired\":true,\"valueName\":\"search_term_string\"}}],\"inLanguage\":\"pt-PT\"},{\"@type\":\"Organization\",\"@id\":\"https:\\\/\\\/www.miamedicalitalia.it\\\/#organization\",\"name\":\"OLG\",\"url\":\"https:\\\/\\\/www.miamedicalitalia.it\\\/\",\"logo\":{\"@type\":\"ImageObject\",\"inLanguage\":\"pt-PT\",\"@id\":\"https:\\\/\\\/www.miamedicalitalia.it\\\/#\\\/schema\\\/logo\\\/image\\\/\",\"url\":\"https:\\\/\\\/www.miamedicalitalia.it\\\/wp-content\\\/uploads\\\/2023\\\/04\\\/mia-medical-logo-free.png\",\"contentUrl\":\"https:\\\/\\\/www.miamedicalitalia.it\\\/wp-content\\\/uploads\\\/2023\\\/04\\\/mia-medical-logo-free.png\",\"width\":700,\"height\":700,\"caption\":\"OLG\"},\"image\":{\"@id\":\"https:\\\/\\\/www.miamedicalitalia.it\\\/#\\\/schema\\\/logo\\\/image\\\/\"},\"sameAs\":[\"https:\\\/\\\/www.facebook.com\\\/miamedicalitalia\"]}]}<\/script>\n<!-- \/ Yoast SEO Premium plugin. -->","yoast_head_json":{"title":"Cadeira de rodas usada modelo \"Fantastica\" 1 para venda - Mia Medical","description":"Cadeira de rodas usada modelo fant\u00e1stico para venda. Disponibilidade imediata. Entrega r\u00e1pida 24\/48h. A melhor rela\u00e7\u00e3o qualidade\/pre\u00e7o do mercado! Ligue agora.","robots":{"index":"index","follow":"follow","max-snippet":"max-snippet:-1","max-image-preview":"max-image-preview:large","max-video-preview":"max-video-preview:-1"},"canonical":"https:\/\/www.miamedicalitalia.it\/pt\/produto\/vendita-carrozzina-usata-modello-fantastica-1\/","og_locale":"pt_PT","og_type":"article","og_title":"Vendita carrozzina usata modello \"Fantastica\" 1 - Mia Medical","og_description":"Carrozzina usata modello fantastica in vendita. Disponibilit\u00e0 immediata. Consegna rapida 24\/48h. Il miglior rapporto qualit\u00e0 prezzo sul mercato! Chiama ora.","og_url":"https:\/\/www.miamedicalitalia.it\/pt\/produto\/vendita-carrozzina-usata-modello-fantastica-1\/","og_site_name":"Mia Medical","article_publisher":"https:\/\/www.facebook.com\/miamedicalitalia","article_modified_time":"2025-12-04T14:22:09+00:00","og_image":[{"width":1000,"height":1000,"url":"https:\/\/www.miamedicalitalia.it\/wp-content\/uploads\/2025\/09\/Venduta-1.png","type":"image\/png"}],"twitter_card":"summary_large_image","twitter_misc":{"Tempo estimado de leitura":"1 minuto"},"schema":{"@context":"https:\/\/schema.org","@graph":[{"@type":"WebPage","@id":"https:\/\/www.miamedicalitalia.it\/prodotto\/vendita-carrozzina-usata-modello-fantastica-1\/","url":"https:\/\/www.miamedicalitalia.it\/prodotto\/vendita-carrozzina-usata-modello-fantastica-1\/","name":"Cadeira de rodas usada modelo \"Fantastica\" 1 para venda - Mia Medical","isPartOf":{"@id":"https:\/\/www.miamedicalitalia.it\/#website"},"primaryImageOfPage":{"@id":"https:\/\/www.miamedicalitalia.it\/prodotto\/vendita-carrozzina-usata-modello-fantastica-1\/#primaryimage"},"image":{"@id":"https:\/\/www.miamedicalitalia.it\/prodotto\/vendita-carrozzina-usata-modello-fantastica-1\/#primaryimage"},"thumbnailUrl":"https:\/\/www.miamedicalitalia.it\/wp-content\/uploads\/2025\/09\/Venduta-1.png","datePublished":"2025-09-08T09:40:39+00:00","dateModified":"2025-12-04T14:22:09+00:00","description":"Cadeira de rodas usada modelo fant\u00e1stico para venda. Disponibilidade imediata. Entrega r\u00e1pida 24\/48h. A melhor rela\u00e7\u00e3o qualidade\/pre\u00e7o do mercado! Ligue agora.","breadcrumb":{"@id":"https:\/\/www.miamedicalitalia.it\/prodotto\/vendita-carrozzina-usata-modello-fantastica-1\/#breadcrumb"},"inLanguage":"pt-PT","potentialAction":[{"@type":"ReadAction","target":["https:\/\/www.miamedicalitalia.it\/prodotto\/vendita-carrozzina-usata-modello-fantastica-1\/"]}]},{"@type":"ImageObject","inLanguage":"pt-PT","@id":"https:\/\/www.miamedicalitalia.it\/prodotto\/vendita-carrozzina-usata-modello-fantastica-1\/#primaryimage","url":"https:\/\/www.miamedicalitalia.it\/wp-content\/uploads\/2025\/09\/Venduta-1.png","contentUrl":"https:\/\/www.miamedicalitalia.it\/wp-content\/uploads\/2025\/09\/Venduta-1.png","width":1000,"height":1000},{"@type":"BreadcrumbList","@id":"https:\/\/www.miamedicalitalia.it\/prodotto\/vendita-carrozzina-usata-modello-fantastica-1\/#breadcrumb","itemListElement":[{"@type":"ListItem","position":1,"name":"Home","item":"https:\/\/www.miamedicalitalia.it\/"},{"@type":"ListItem","position":2,"name":"Shop","item":"https:\/\/www.miamedicalitalia.it\/negozio\/"},{"@type":"ListItem","position":3,"name":"Affitto e noleggio","item":"https:\/\/www.miamedicalitalia.it\/categoria\/affitto-e-noleggio-ausili\/"},{"@type":"ListItem","position":4,"name":"Vendita carrozzina usata modello &#8220;Fantastica&#8221; 1"}]},{"@type":"WebSite","@id":"https:\/\/www.miamedicalitalia.it\/#website","url":"https:\/\/www.miamedicalitalia.it\/","name":"www.miamedicalitalia.it","description":"Aluguer e venda de equipamento sanit\u00e1rio","publisher":{"@id":"https:\/\/www.miamedicalitalia.it\/#organization"},"potentialAction":[{"@type":"SearchAction","target":{"@type":"EntryPoint","urlTemplate":"https:\/\/www.miamedicalitalia.it\/?s={search_term_string}"},"query-input":{"@type":"PropertyValueSpecification","valueRequired":true,"valueName":"search_term_string"}}],"inLanguage":"pt-PT"},{"@type":"Organization","@id":"https:\/\/www.miamedicalitalia.it\/#organization","name":"OLG","url":"https:\/\/www.miamedicalitalia.it\/","logo":{"@type":"ImageObject","inLanguage":"pt-PT","@id":"https:\/\/www.miamedicalitalia.it\/#\/schema\/logo\/image\/","url":"https:\/\/www.miamedicalitalia.it\/wp-content\/uploads\/2023\/04\/mia-medical-logo-free.png","contentUrl":"https:\/\/www.miamedicalitalia.it\/wp-content\/uploads\/2023\/04\/mia-medical-logo-free.png","width":700,"height":700,"caption":"OLG"},"image":{"@id":"https:\/\/www.miamedicalitalia.it\/#\/schema\/logo\/image\/"},"sameAs":["https:\/\/www.facebook.com\/miamedicalitalia"]}]}},"wcpa_form_fields":null,"_links":{"self":[{"href":"https:\/\/www.miamedicalitalia.it\/pt\/wp-json\/wp\/v2\/product\/14363","targetHints":{"allow":["GET"]}}],"collection":[{"href":"https:\/\/www.miamedicalitalia.it\/pt\/wp-json\/wp\/v2\/product"}],"about":[{"href":"https:\/\/www.miamedicalitalia.it\/pt\/wp-json\/wp\/v2\/types\/product"}],"wp:featuredmedia":[{"embeddable":true,"href":"https:\/\/www.miamedicalitalia.it\/pt\/wp-json\/wp\/v2\/media\/14987"}],"wp:attachment":[{"href":"https:\/\/www.miamedicalitalia.it\/pt\/wp-json\/wp\/v2\/media?parent=14363"}],"wp:term":[{"taxonomy":"home-category","embeddable":true,"href":"https:\/\/www.miamedicalitalia.it\/pt\/wp-json\/wp\/v2\/home-category?post=14363"},{"taxonomy":"product_brand","embeddable":true,"href":"https:\/\/www.miamedicalitalia.it\/pt\/wp-json\/wp\/v2\/product_brand?post=14363"},{"taxonomy":"product_cat","embeddable":true,"href":"https:\/\/www.miamedicalitalia.it\/pt\/wp-json\/wp\/v2\/product_cat?post=14363"},{"taxonomy":"product_tag","embeddable":true,"href":"https:\/\/www.miamedicalitalia.it\/pt\/wp-json\/wp\/v2\/product_tag?post=14363"},{"taxonomy":"woo-feed-brand","embeddable":true,"href":"https:\/\/www.miamedicalitalia.it\/pt\/wp-json\/wp\/v2\/woo-feed-brand?post=14363"}],"curies":[{"name":"wp","href":"https:\/\/api.w.org\/{rel}","templated":true}]}}