{"id":14197,"date":"2025-08-12T16:49:57","date_gmt":"2025-08-12T14:49:57","guid":{"rendered":"https:\/\/www.miamedicalitalia.it\/?post_type=product&#038;p=14197"},"modified":"2026-03-06T18:29:51","modified_gmt":"2026-03-06T16:29:51","slug":"acquista-ultrasuono-globus-medisound-3000","status":"publish","type":"product","link":"https:\/\/www.miamedicalitalia.it\/pt\/produto\/acquista-ultrasuono-globus-medisound-3000\/","title":{"rendered":"Venda Ultrassom GLOBUS Medisound 3000"},"content":{"rendered":"<p>Venda Ultrassom Globus Medisound 3000: <strong>Compre o aparelho GLOBUS Medisound 3000, o aparelho profissional de terapia por ultra-sons ideal para tratar a dor, reduzir a inflama\u00e7\u00e3o e promover a recupera\u00e7\u00e3o funcional diretamente em casa. <\/strong><\/p>\n\n\n\n<h3 class=\"wp-block-heading\" id=\"h-cos-e-l-ultrasuonoterapia\">O que \u00e9 a terapia por ultra-sons?<\/h3>\n\n\n\n<p>A terapia por ultra-sons \u00e9 uma t\u00e9cnica n\u00e3o invasiva que utiliza ondas sonoras de alta frequ\u00eancia para obter efeitos terap\u00eauticos espec\u00edficos nos tecidos biol\u00f3gicos. Os ultra-sons geram uma micromassagem profunda que estimula a circula\u00e7\u00e3o sangu\u00ednea, reduz a inflama\u00e7\u00e3o e acelera a regenera\u00e7\u00e3o celular. \u00c9 particularmente adequado para o tratamento de dores articulares, tendinites, contracturas e les\u00f5es musculares.<\/p>\n\n\n\n<p>Contacte-nos agora para uma consulta gratuita e sem compromisso e alugue hoje mesmo o seu aparelho profissional de terapia por ultra-sons. Entrega r\u00e1pida em toda a It\u00e1lia!<\/p>\n\n\n\n<p>Os efeitos ben\u00e9ficos podem ser sentidos ap\u00f3s apenas algumas sess\u00f5es, mas para obter um resultado est\u00e1vel, recomenda-se completar um ciclo de terapia de 10-20 aplica\u00e7\u00f5es, com a dura\u00e7\u00e3o de 10-15 minutos cada. A repeti\u00e7\u00e3o constante leva a uma redu\u00e7\u00e3o progressiva da inflama\u00e7\u00e3o, a uma melhoria da mobilidade e a um claro al\u00edvio da dor.<\/p>\n\n\n\n<h3 class=\"wp-block-heading\" id=\"h-noleggio-ultrasuonoterapia-globus-medisound-3000-caratteristiche-del-dispositivo\">Aluguer de terapia por ultra-sons GLOBUS Medisound 3000: carater\u00edsticas do dispositivo<\/h3>\n\n\n\n<p>O GLOBUS Medisound 3000 \u00e9 um dispositivo profissional topo de gama concebido para fisioterapia, ambulat\u00f3rio e uso dom\u00e9stico.<\/p>\n\n\n\n<p>Entre os seus <strong>principais carater\u00edsticas t\u00e9cnicas<\/strong>:<\/p>\n\n\n\n<ul class=\"wp-block-list\">\n<li><strong>49 programas predefinidos<\/strong> para patologias espec\u00edficas<\/li>\n\n\n\n<li><strong>Emiss\u00e3o cont\u00ednua e pulsada<\/strong> para tratamentos personalizados<\/li>\n\n\n\n<li><strong>Tratamento por contacto ou imers\u00e3o<\/strong><\/li>\n\n\n\n<li><strong>Ecr\u00e3 retroiluminado<\/strong> e controlos intuitivos<\/li>\n\n\n\n<li><strong>Pe\u00e7a de m\u00e3o ergon\u00f3mica<\/strong> 1 MHz para uma a\u00e7\u00e3o profunda<\/li>\n\n\n\n<li><strong>Design compacto<\/strong> e transport\u00e1vel<\/li>\n\n\n\n<li><strong>Alimenta\u00e7\u00e3o el\u00e9ctrica<\/strong>para sess\u00f5es ainda mais prolongadas<\/li>\n<\/ul>\n\n\n\n<h3 class=\"wp-block-heading\" id=\"h-a-chi-e-utile-il-noleggio-di-globus-medisound-3000\">Quem beneficia com a contrata\u00e7\u00e3o do GLOBUS Medisound 3000<\/h3>\n\n\n\n<p>As patologias que podem ser tratadas com Medisound 3000 s\u00e3o variadas, incluindo<\/p>\n\n\n\n<ul class=\"wp-block-list\">\n<li><strong>Tendinite e bursite<\/strong> (ombro, cotovelo, joelho)<\/li>\n\n\n\n<li><strong>Resultados da fratura \u00f3ssea<\/strong> e traumas articulares<\/li>\n\n\n\n<li><strong>Contraturas e les\u00f5es musculares<\/strong><\/li>\n\n\n\n<li><strong>Artrose e doen\u00e7a articular cr\u00f3nica<\/strong><\/li>\n\n\n\n<li><strong>Rigidez das articula\u00e7\u00f5es<\/strong><\/li>\n\n\n\n<li><strong>Inflama\u00e7\u00e3o p\u00f3s-operat\u00f3ria ou p\u00f3s-les\u00e3o<\/strong><\/li>\n<\/ul>\n\n\n\n<h3 class=\"wp-block-heading\" id=\"h-benefici-dell-ultrasuonoterapia-con-globus-medisound-3000\">Benef\u00edcios da terapia por ultrassom com o GLOBUS Medisound 3000<\/h3>\n\n\n\n<ul class=\"wp-block-list\">\n<li><strong>Redu\u00e7\u00e3o da dor<\/strong> de uma forma natural e n\u00e3o invasiva<\/li>\n\n\n\n<li><strong>Efeito anti-inflamat\u00f3rio profundo<\/strong><\/li>\n\n\n\n<li><strong>Melhoria da mobilidade das articula\u00e7\u00f5es<\/strong><\/li>\n\n\n\n<li><strong>Recupera\u00e7\u00e3o mais r\u00e1pida ap\u00f3s traumatismo e cirurgia<\/strong><\/li>\n\n\n\n<li><strong>Estimula\u00e7\u00e3o do metabolismo dos tecidos<\/strong><\/li>\n\n\n\n<li><strong>N\u00e3o consumo de drogas<\/strong> durante o tratamento<\/li>\n<\/ul>\n\n\n\n<h3 class=\"wp-block-heading\" id=\"h-come-funziona-il-trattamento-emissione-continua-o-pulsata\">Como \u00e9 que o tratamento funciona: emiss\u00e3o cont\u00ednua ou pulsada?<\/h3>\n\n\n\n<p>O Medisound 3000 permite-lhe selecionar entre <strong>quest\u00e3o cont\u00ednua<\/strong> (efeito t\u00e9rmico profundo) ou <strong>emiss\u00e3o pulsada<\/strong> (a\u00e7\u00e3o antiedematosa e regenerativa), em fun\u00e7\u00e3o das necessidades terap\u00eauticas.<\/p>\n\n\n\n<p><strong>Quando utilizar a emiss\u00e3o cont\u00ednua<\/strong><\/p>\n\n\n\n<ul class=\"wp-block-list\">\n<li>Patologias cr\u00f3nicas<\/li>\n\n\n\n<li>Rigidez das articula\u00e7\u00f5es<\/li>\n\n\n\n<li>Contraturas profundas<br>Gera calor end\u00f3geno, relaxa os tecidos e favorece a vasculariza\u00e7\u00e3o sangu\u00ednea.<\/li>\n<\/ul>\n\n\n\n<p><strong>Quando utilizar a emiss\u00e3o por impulsos<\/strong><\/p>\n\n\n\n<ul class=\"wp-block-list\">\n<li>Inflama\u00e7\u00e3o aguda<\/li>\n\n\n\n<li>Tendinite<\/li>\n\n\n\n<li>Les\u00f5es musculares recentes<br>Ideal para tratar tecidos inflamados sem os sobreaquecer.<\/li>\n<\/ul>\n\n\n\n<p><strong>Tratamento de contacto<\/strong>\u00e9 utilizado com gel condutor na pele.<br><strong>Tratamento de imers\u00e3o<\/strong>perfeito para \u00e1reas pequenas e irregulares (m\u00e3os, p\u00e9s), a ser efectuado com a pe\u00e7a imersa em \u00e1gua juntamente com a pe\u00e7a de m\u00e3o.<\/p>\n\n\n\n<h3 class=\"wp-block-heading\" id=\"h-consiglio-dell-esperto\">Conselhos de especialistas:<\/h3>\n\n\n\n<p>Em caso de d\u00favida sobre a modalidade mais adequada, pe\u00e7a sempre conselho ao seu fisioterapeuta ou contacte a nossa equipa. A escolha do programa e da modalidade corretos \u00e9 crucial para alcan\u00e7ar o <strong>melhores resultados terap\u00eauticos<\/strong>.<\/p>\n\n\n\n<h3 class=\"wp-block-heading\" id=\"h-controindicazioni-e-possibili-effetti-collaterali\">Contra-indica\u00e7\u00f5es e poss\u00edveis efeitos secund\u00e1rios<\/h3>\n\n\n\n<p>AVISO: A utiliza\u00e7\u00e3o do Medisound 3000 \u00e9 <strong>CONTRA-INDICADO<\/strong> nos seguintes casos:<\/p>\n\n\n\n<ul class=\"wp-block-list\">\n<li><strong>Utilizadores de pacemaker<\/strong><\/li>\n\n\n\n<li><strong>Gravidez<\/strong><\/li>\n\n\n\n<li><strong>Patologias tumorais activas<\/strong><\/li>\n\n\n\n<li><strong>Infec\u00e7\u00f5es locais ou feridas abertas<\/strong><\/li>\n\n\n\n<li><strong>Tromboflebite em fase ativa<\/strong><\/li>\n<\/ul>\n\n\n\n<p><strong>Efeitos secund\u00e1rios poss\u00edveis:<\/strong><\/p>\n\n\n\n<ul class=\"wp-block-list\">\n<li>Vermelhid\u00e3o ou ligeira irrita\u00e7\u00e3o tempor\u00e1ria da pele<\/li>\n\n\n\n<li>Sensa\u00e7\u00e3o de calor ou fadiga muscular<\/li>\n\n\n\n<li>Raramente desconforto transit\u00f3rio em indiv\u00edduos sens\u00edveis<\/li>\n<\/ul>\n\n\n\n<p>Recomenda-se sempre a consulta de um m\u00e9dico antes da utiliza\u00e7\u00e3o.<\/p>\n\n\n\n<p><\/p>","protected":false},"excerpt":{"rendered":"<div style=\"font-family: Arial, sans-serif; background-color: #234091; padding: 30px; border-radius: 25px; max-width: 600px; color: #ffffff; position: relative; border-top: 6px solid #2498fe;\">\n<h3 style=\"margin-top: 0; margin-bottom: 15px; color: #ffffff;\">Ultrassom GLOBUS Medisound 3000<\/h3>\n<p>Reduz a inflama\u00e7\u00e3o, elimina a dor e favorece a auto-recupera\u00e7\u00e3o.<\/p>\n<p>Envio gratuito para toda a It\u00e1lia.<\/p>\n<\/div>\n<p><!-- Linea bianca sotto --><\/p>\n<div style=\"height: 6px; background-color: #ffffff; max-width: 600px;\">\u00a0<\/div>","protected":false},"featured_media":14192,"template":"","meta":{"_acf_changed":false},"home-category":[262],"product_brand":[],"product_cat":[261,544],"product_tag":[],"woo-feed-brand":[],"class_list":{"0":"post-14197","1":"product","2":"type-product","3":"status-publish","4":"has-post-thumbnail","6":"home-category-elettromedicali","7":"product_cat-vendita-ausili","8":"product_cat-vendita-ultrasuono","9":"product_shipping_class-ausili-grandi","11":"first","12":"instock","13":"shipping-taxable","14":"purchasable","15":"product-type-simple"},"acf":[],"yoast_head":"<!-- This site is optimized with the Yoast SEO Premium plugin v27.4 (Yoast SEO v27.4) - https:\/\/yoast.com\/product\/yoast-seo-premium-wordpress\/ -->\n<title>Vendita Ultrasuono GLOBUS Medisound 3000<\/title>\n<meta name=\"description\" content=\"Acquista l&#039;Ultrasuono Glubus Medisound 3000 a 980 Euro. Consegna a domicilio. Apparecchi sicuri, affidabili e facili da usare.\" \/>\n<meta name=\"robots\" content=\"index, follow, max-snippet:-1, max-image-preview:large, max-video-preview:-1\" \/>\n<link rel=\"canonical\" href=\"https:\/\/www.miamedicalitalia.it\/pt\/produto\/acquista-ultrasuono-globus-medisound-3000\/\" \/>\n<meta property=\"og:locale\" content=\"pt_PT\" \/>\n<meta property=\"og:type\" content=\"article\" \/>\n<meta property=\"og:title\" content=\"Vendita Ultrasuono GLOBUS Medisound 3000\" \/>\n<meta property=\"og:description\" content=\"Acquista l&#039;Ultrasuono Glubus Medisound 3000 a 980 Euro. Consegna a domicilio. Apparecchi sicuri, affidabili e facili da usare.\" \/>\n<meta property=\"og:url\" content=\"https:\/\/www.miamedicalitalia.it\/pt\/produto\/acquista-ultrasuono-globus-medisound-3000\/\" \/>\n<meta property=\"og:site_name\" content=\"Mia Medical\" \/>\n<meta property=\"article:publisher\" content=\"https:\/\/www.facebook.com\/miamedicalitalia\" \/>\n<meta property=\"article:modified_time\" content=\"2026-03-06T16:29:51+00:00\" \/>\n<meta property=\"og:image\" content=\"https:\/\/www.miamedicalitalia.it\/wp-content\/uploads\/2025\/07\/Medisound-3000-Noleggio.png\" \/>\n\t<meta property=\"og:image:width\" content=\"1000\" \/>\n\t<meta property=\"og:image:height\" content=\"1000\" \/>\n\t<meta property=\"og:image:type\" content=\"image\/png\" \/>\n<meta name=\"twitter:card\" content=\"summary_large_image\" \/>\n<meta name=\"twitter:label1\" content=\"Tempo estimado de leitura\" \/>\n\t<meta name=\"twitter:data1\" content=\"3 minutos\" \/>\n<script type=\"application\/ld+json\" class=\"yoast-schema-graph\">{\"@context\":\"https:\\\/\\\/schema.org\",\"@graph\":[{\"@type\":\"WebPage\",\"@id\":\"https:\\\/\\\/www.miamedicalitalia.it\\\/prodotto\\\/acquista-ultrasuono-globus-medisound-3000\\\/\",\"url\":\"https:\\\/\\\/www.miamedicalitalia.it\\\/prodotto\\\/acquista-ultrasuono-globus-medisound-3000\\\/\",\"name\":\"Vendita Ultrasuono GLOBUS Medisound 3000\",\"isPartOf\":{\"@id\":\"https:\\\/\\\/www.miamedicalitalia.it\\\/#website\"},\"primaryImageOfPage\":{\"@id\":\"https:\\\/\\\/www.miamedicalitalia.it\\\/prodotto\\\/acquista-ultrasuono-globus-medisound-3000\\\/#primaryimage\"},\"image\":{\"@id\":\"https:\\\/\\\/www.miamedicalitalia.it\\\/prodotto\\\/acquista-ultrasuono-globus-medisound-3000\\\/#primaryimage\"},\"thumbnailUrl\":\"https:\\\/\\\/www.miamedicalitalia.it\\\/wp-content\\\/uploads\\\/2025\\\/07\\\/Medisound-3000-Noleggio.png\",\"datePublished\":\"2025-08-12T14:49:57+00:00\",\"dateModified\":\"2026-03-06T16:29:51+00:00\",\"description\":\"Acquista l'Ultrasuono Glubus Medisound 3000 a 980 Euro. Consegna a domicilio. Apparecchi sicuri, affidabili e facili da usare.\",\"breadcrumb\":{\"@id\":\"https:\\\/\\\/www.miamedicalitalia.it\\\/prodotto\\\/acquista-ultrasuono-globus-medisound-3000\\\/#breadcrumb\"},\"inLanguage\":\"pt-PT\",\"potentialAction\":[{\"@type\":\"ReadAction\",\"target\":[\"https:\\\/\\\/www.miamedicalitalia.it\\\/prodotto\\\/acquista-ultrasuono-globus-medisound-3000\\\/\"]}]},{\"@type\":\"ImageObject\",\"inLanguage\":\"pt-PT\",\"@id\":\"https:\\\/\\\/www.miamedicalitalia.it\\\/prodotto\\\/acquista-ultrasuono-globus-medisound-3000\\\/#primaryimage\",\"url\":\"https:\\\/\\\/www.miamedicalitalia.it\\\/wp-content\\\/uploads\\\/2025\\\/07\\\/Medisound-3000-Noleggio.png\",\"contentUrl\":\"https:\\\/\\\/www.miamedicalitalia.it\\\/wp-content\\\/uploads\\\/2025\\\/07\\\/Medisound-3000-Noleggio.png\",\"width\":1000,\"height\":1000},{\"@type\":\"BreadcrumbList\",\"@id\":\"https:\\\/\\\/www.miamedicalitalia.it\\\/prodotto\\\/acquista-ultrasuono-globus-medisound-3000\\\/#breadcrumb\",\"itemListElement\":[{\"@type\":\"ListItem\",\"position\":1,\"name\":\"Home\",\"item\":\"https:\\\/\\\/www.miamedicalitalia.it\\\/\"},{\"@type\":\"ListItem\",\"position\":2,\"name\":\"Shop\",\"item\":\"https:\\\/\\\/www.miamedicalitalia.it\\\/negozio\\\/\"},{\"@type\":\"ListItem\",\"position\":3,\"name\":\"Vendita\",\"item\":\"https:\\\/\\\/www.miamedicalitalia.it\\\/categoria\\\/vendita-ausili\\\/\"},{\"@type\":\"ListItem\",\"position\":4,\"name\":\"Vendita Ultrasuono GLOBUS Medisound 3000\"}]},{\"@type\":\"WebSite\",\"@id\":\"https:\\\/\\\/www.miamedicalitalia.it\\\/#website\",\"url\":\"https:\\\/\\\/www.miamedicalitalia.it\\\/\",\"name\":\"www.miamedicalitalia.it\",\"description\":\"Noleggio e Vendita Attrezzatura Sanitarie\",\"publisher\":{\"@id\":\"https:\\\/\\\/www.miamedicalitalia.it\\\/#organization\"},\"potentialAction\":[{\"@type\":\"SearchAction\",\"target\":{\"@type\":\"EntryPoint\",\"urlTemplate\":\"https:\\\/\\\/www.miamedicalitalia.it\\\/?s={search_term_string}\"},\"query-input\":{\"@type\":\"PropertyValueSpecification\",\"valueRequired\":true,\"valueName\":\"search_term_string\"}}],\"inLanguage\":\"pt-PT\"},{\"@type\":\"Organization\",\"@id\":\"https:\\\/\\\/www.miamedicalitalia.it\\\/#organization\",\"name\":\"OLG\",\"url\":\"https:\\\/\\\/www.miamedicalitalia.it\\\/\",\"logo\":{\"@type\":\"ImageObject\",\"inLanguage\":\"pt-PT\",\"@id\":\"https:\\\/\\\/www.miamedicalitalia.it\\\/#\\\/schema\\\/logo\\\/image\\\/\",\"url\":\"https:\\\/\\\/www.miamedicalitalia.it\\\/wp-content\\\/uploads\\\/2023\\\/04\\\/mia-medical-logo-free.png\",\"contentUrl\":\"https:\\\/\\\/www.miamedicalitalia.it\\\/wp-content\\\/uploads\\\/2023\\\/04\\\/mia-medical-logo-free.png\",\"width\":700,\"height\":700,\"caption\":\"OLG\"},\"image\":{\"@id\":\"https:\\\/\\\/www.miamedicalitalia.it\\\/#\\\/schema\\\/logo\\\/image\\\/\"},\"sameAs\":[\"https:\\\/\\\/www.facebook.com\\\/miamedicalitalia\"]}]}<\/script>\n<!-- \/ Yoast SEO Premium plugin. -->","yoast_head_json":{"title":"Venda Ultrassom GLOBUS Medisound 3000","description":"Comprar o Glubus Medisound 3000 Ultrasound por 980 Euro. Entrega ao domic\u00edlio. Equipamento seguro, fi\u00e1vel e f\u00e1cil de utilizar.","robots":{"index":"index","follow":"follow","max-snippet":"max-snippet:-1","max-image-preview":"max-image-preview:large","max-video-preview":"max-video-preview:-1"},"canonical":"https:\/\/www.miamedicalitalia.it\/pt\/produto\/acquista-ultrasuono-globus-medisound-3000\/","og_locale":"pt_PT","og_type":"article","og_title":"Vendita Ultrasuono GLOBUS Medisound 3000","og_description":"Acquista l'Ultrasuono Glubus Medisound 3000 a 980 Euro. Consegna a domicilio. Apparecchi sicuri, affidabili e facili da usare.","og_url":"https:\/\/www.miamedicalitalia.it\/pt\/produto\/acquista-ultrasuono-globus-medisound-3000\/","og_site_name":"Mia Medical","article_publisher":"https:\/\/www.facebook.com\/miamedicalitalia","article_modified_time":"2026-03-06T16:29:51+00:00","og_image":[{"width":1000,"height":1000,"url":"https:\/\/www.miamedicalitalia.it\/wp-content\/uploads\/2025\/07\/Medisound-3000-Noleggio.png","type":"image\/png"}],"twitter_card":"summary_large_image","twitter_misc":{"Tempo estimado de leitura":"3 minutos"},"schema":{"@context":"https:\/\/schema.org","@graph":[{"@type":"WebPage","@id":"https:\/\/www.miamedicalitalia.it\/prodotto\/acquista-ultrasuono-globus-medisound-3000\/","url":"https:\/\/www.miamedicalitalia.it\/prodotto\/acquista-ultrasuono-globus-medisound-3000\/","name":"Venda Ultrassom GLOBUS Medisound 3000","isPartOf":{"@id":"https:\/\/www.miamedicalitalia.it\/#website"},"primaryImageOfPage":{"@id":"https:\/\/www.miamedicalitalia.it\/prodotto\/acquista-ultrasuono-globus-medisound-3000\/#primaryimage"},"image":{"@id":"https:\/\/www.miamedicalitalia.it\/prodotto\/acquista-ultrasuono-globus-medisound-3000\/#primaryimage"},"thumbnailUrl":"https:\/\/www.miamedicalitalia.it\/wp-content\/uploads\/2025\/07\/Medisound-3000-Noleggio.png","datePublished":"2025-08-12T14:49:57+00:00","dateModified":"2026-03-06T16:29:51+00:00","description":"Comprar o Glubus Medisound 3000 Ultrasound por 980 Euro. Entrega ao domic\u00edlio. Equipamento seguro, fi\u00e1vel e f\u00e1cil de utilizar.","breadcrumb":{"@id":"https:\/\/www.miamedicalitalia.it\/prodotto\/acquista-ultrasuono-globus-medisound-3000\/#breadcrumb"},"inLanguage":"pt-PT","potentialAction":[{"@type":"ReadAction","target":["https:\/\/www.miamedicalitalia.it\/prodotto\/acquista-ultrasuono-globus-medisound-3000\/"]}]},{"@type":"ImageObject","inLanguage":"pt-PT","@id":"https:\/\/www.miamedicalitalia.it\/prodotto\/acquista-ultrasuono-globus-medisound-3000\/#primaryimage","url":"https:\/\/www.miamedicalitalia.it\/wp-content\/uploads\/2025\/07\/Medisound-3000-Noleggio.png","contentUrl":"https:\/\/www.miamedicalitalia.it\/wp-content\/uploads\/2025\/07\/Medisound-3000-Noleggio.png","width":1000,"height":1000},{"@type":"BreadcrumbList","@id":"https:\/\/www.miamedicalitalia.it\/prodotto\/acquista-ultrasuono-globus-medisound-3000\/#breadcrumb","itemListElement":[{"@type":"ListItem","position":1,"name":"Home","item":"https:\/\/www.miamedicalitalia.it\/"},{"@type":"ListItem","position":2,"name":"Shop","item":"https:\/\/www.miamedicalitalia.it\/negozio\/"},{"@type":"ListItem","position":3,"name":"Vendita","item":"https:\/\/www.miamedicalitalia.it\/categoria\/vendita-ausili\/"},{"@type":"ListItem","position":4,"name":"Vendita Ultrasuono GLOBUS Medisound 3000"}]},{"@type":"WebSite","@id":"https:\/\/www.miamedicalitalia.it\/#website","url":"https:\/\/www.miamedicalitalia.it\/","name":"www.miamedicalitalia.it","description":"Aluguer e venda de equipamento sanit\u00e1rio","publisher":{"@id":"https:\/\/www.miamedicalitalia.it\/#organization"},"potentialAction":[{"@type":"SearchAction","target":{"@type":"EntryPoint","urlTemplate":"https:\/\/www.miamedicalitalia.it\/?s={search_term_string}"},"query-input":{"@type":"PropertyValueSpecification","valueRequired":true,"valueName":"search_term_string"}}],"inLanguage":"pt-PT"},{"@type":"Organization","@id":"https:\/\/www.miamedicalitalia.it\/#organization","name":"OLG","url":"https:\/\/www.miamedicalitalia.it\/","logo":{"@type":"ImageObject","inLanguage":"pt-PT","@id":"https:\/\/www.miamedicalitalia.it\/#\/schema\/logo\/image\/","url":"https:\/\/www.miamedicalitalia.it\/wp-content\/uploads\/2023\/04\/mia-medical-logo-free.png","contentUrl":"https:\/\/www.miamedicalitalia.it\/wp-content\/uploads\/2023\/04\/mia-medical-logo-free.png","width":700,"height":700,"caption":"OLG"},"image":{"@id":"https:\/\/www.miamedicalitalia.it\/#\/schema\/logo\/image\/"},"sameAs":["https:\/\/www.facebook.com\/miamedicalitalia"]}]}},"wcpa_form_fields":null,"_links":{"self":[{"href":"https:\/\/www.miamedicalitalia.it\/pt\/wp-json\/wp\/v2\/product\/14197","targetHints":{"allow":["GET"]}}],"collection":[{"href":"https:\/\/www.miamedicalitalia.it\/pt\/wp-json\/wp\/v2\/product"}],"about":[{"href":"https:\/\/www.miamedicalitalia.it\/pt\/wp-json\/wp\/v2\/types\/product"}],"wp:featuredmedia":[{"embeddable":true,"href":"https:\/\/www.miamedicalitalia.it\/pt\/wp-json\/wp\/v2\/media\/14192"}],"wp:attachment":[{"href":"https:\/\/www.miamedicalitalia.it\/pt\/wp-json\/wp\/v2\/media?parent=14197"}],"wp:term":[{"taxonomy":"home-category","embeddable":true,"href":"https:\/\/www.miamedicalitalia.it\/pt\/wp-json\/wp\/v2\/home-category?post=14197"},{"taxonomy":"product_brand","embeddable":true,"href":"https:\/\/www.miamedicalitalia.it\/pt\/wp-json\/wp\/v2\/product_brand?post=14197"},{"taxonomy":"product_cat","embeddable":true,"href":"https:\/\/www.miamedicalitalia.it\/pt\/wp-json\/wp\/v2\/product_cat?post=14197"},{"taxonomy":"product_tag","embeddable":true,"href":"https:\/\/www.miamedicalitalia.it\/pt\/wp-json\/wp\/v2\/product_tag?post=14197"},{"taxonomy":"woo-feed-brand","embeddable":true,"href":"https:\/\/www.miamedicalitalia.it\/pt\/wp-json\/wp\/v2\/woo-feed-brand?post=14197"}],"curies":[{"name":"wp","href":"https:\/\/api.w.org\/{rel}","templated":true}]}}