{"id":14188,"date":"2025-08-12T17:22:01","date_gmt":"2025-08-12T15:22:01","guid":{"rendered":"https:\/\/www.miamedicalitalia.it\/?post_type=product&#038;p=14188"},"modified":"2026-03-06T18:17:55","modified_gmt":"2026-03-06T16:17:55","slug":"vendita-tens-elettrostimolatore-globus-premium-400","status":"publish","type":"product","link":"https:\/\/www.miamedicalitalia.it\/pt\/produto\/vendita-tens-elettrostimolatore-globus-premium-400\/","title":{"rendered":"Venda Electroestimulador TENS GLOBUS Premium 400"},"content":{"rendered":"<p><strong>Comprar o dispositivo GLOBUS Premium 400<\/strong>, <a href=\"https:\/\/www.globuscorporation.com\/it\/prodotti-domiciliari\/premium-400\/\">o electroestimulador profissional<\/a> ideal para tratar as dores, refor\u00e7ar os m\u00fasculos e favorecer a recupera\u00e7\u00e3o funcional em casa. Tamb\u00e9m dispon\u00edvel para aluguer com o servi\u00e7o completo de\u00a0<strong>Mia Medical It\u00e1lia<\/strong>.<\/p>\n\n\n\n<h4 class=\"wp-block-heading\" id=\"h-cosa-e-la-terapia-tens\">O que \u00e9 a terapia TENS?<\/h4>\n\n\n\n<p>TENS significa&nbsp;<strong><a href=\"https:\/\/www.my-personaltrainer.it\/salute-benessere\/tens.html\">Estimula\u00e7\u00e3o el\u00e9ctrica nervosa transcut\u00e2nea<\/a><\/strong>uma terapia n\u00e3o invasiva que utiliza impulsos el\u00e9ctricos de baixa frequ\u00eancia para&nbsp;<strong>aliviar a dor<\/strong>. Os impulsos, transmitidos atrav\u00e9s de el\u00e9ctrodos na pele, actuam no sistema nervoso para bloquear a perce\u00e7\u00e3o da dor e estimular a produ\u00e7\u00e3o de endorfinas. <strong><a href=\"https:\/\/wa.me\/393926509237\">Contactar-nos agora<\/a><\/strong> para uma consulta gratuita, sem compromisso, e <strong>alugue hoje o seu aparelho electroestimulador TENS, entrega r\u00e1pida<\/strong>!<\/p>\n\n\n\n<p>O efeito \u00e9&nbsp;<strong>imediato<\/strong>O paciente come\u00e7a a sentir-se visivelmente melhor ao fim de cerca de 15 minutos, mas este efeito tende a desaparecer com a mesma rapidez, ao fim de cerca de 4-5 horas. Por isso, \u00e9 importante completar um ciclo terap\u00eautico de cerca de 10 a 20 sess\u00f5es, cada uma com uma dura\u00e7\u00e3o de 30 a 50 minutos: desta forma, a contratura muscular reflexa diminui de sess\u00e3o para sess\u00e3o e os catabolitos eliminados permitem uma resolu\u00e7\u00e3o significativa do problema.<\/p>\n\n\n\n<h4 class=\"wp-block-heading\" id=\"h-vendita-tens-elettrostimolatore-globus-premium-400-caratteristiche-del-dispositivo\"><strong>Venda Eletroestimulador Tens <br>GLOBUS Premium 400: Carater\u00edsticas do dispositivo<\/strong><\/h4>\n\n\n\n<p>O GLOBUS Premium 400 \u00e9 um electroestimulador topo de gama concebido para uso dom\u00e9stico e profissional.<br>Entre os seus&nbsp;<strong>principais carater\u00edsticas t\u00e9cnicas<\/strong>:<\/p>\n\n\n\n<ul class=\"wp-block-list\">\n<li><strong>4 canais independentes<\/strong>&nbsp;para tratar v\u00e1rias zonas em simult\u00e2neo<\/li>\n\n\n\n<li><strong>TENS, EMS, iontoforese e microcorrentes<\/strong>&nbsp;para um tratamento diversificado<\/li>\n\n\n\n<li>Grande&nbsp;<strong>ecr\u00e3 retroiluminado<\/strong>&nbsp;e interface intuitiva<\/li>\n\n\n\n<li><strong>Programas predefinidos<\/strong>&nbsp;para mais de 400 tratamentos<\/li>\n\n\n\n<li>Fun\u00e7\u00e3o&nbsp;<strong>\"AutoStim<\/strong>&nbsp;para uma utiliza\u00e7\u00e3o f\u00e1cil, mesmo para os menos experientes<\/li>\n\n\n\n<li>Alimenta\u00e7\u00e3o por bateria recarreg\u00e1vel de longa dura\u00e7\u00e3o<\/li>\n<\/ul>\n\n\n\n<h4 class=\"wp-block-heading\" id=\"h-a-chi-e-utile-l-acquisto-di-globus-premium-400\">Para quem \u00e9 \u00fatil comprar o GLOBUS Premium 400<\/h4>\n\n\n\n<p>As doen\u00e7as que podem ser tratadas com GLOBUS Premium 400 s\u00e3o variadas, incluindo<\/p>\n\n\n\n<ul class=\"wp-block-list\">\n<li><strong>Dores musculares e articulares<\/strong>&nbsp;(lumbago, cervicalgia, tendinite)<\/li>\n\n\n\n<li><strong>Nevralgia<\/strong>&nbsp;(ci\u00e1tica, t\u00fanel c\u00e1rpico)<\/li>\n\n\n\n<li><strong>Perturba\u00e7\u00f5es p\u00f3s-operat\u00f3rias<\/strong>&nbsp;(reabilita\u00e7\u00e3o e analgesia)<\/li>\n\n\n\n<li><strong>Les\u00f5es desportivas<\/strong>&nbsp;(contracturas, distens\u00f5es)<\/li>\n\n\n\n<li><strong>Problemas de circula\u00e7\u00e3o e drenagem linf\u00e1tica<\/strong><\/li>\n\n\n\n<li><strong>Atrofias musculares<\/strong>&nbsp;o&nbsp;<strong>hipotonia p\u00f3s-traum\u00e1tica<\/strong><\/li>\n<\/ul>\n\n\n\n<h4 class=\"wp-block-heading\" id=\"h-benefici-dell-elettroterapia-con-globus-premium-400\"><strong>Benef\u00edcios da eletroterapia com GLOBUS Premium 400<\/strong><\/h4>\n\n\n\n<ul class=\"wp-block-list\">\n<li><strong>Redu\u00e7\u00e3o imediata da dor<\/strong>&nbsp;sem drogas<\/li>\n\n\n\n<li><strong>Recupera\u00e7\u00e3o muscular mais r\u00e1pida<\/strong><\/li>\n\n\n\n<li><strong>Melhoria da mobilidade das articula\u00e7\u00f5es<\/strong><\/li>\n\n\n\n<li><strong>Preven\u00e7\u00e3o da atrofia<\/strong>&nbsp;em caso de imobiliza\u00e7\u00e3o<\/li>\n\n\n\n<li><strong>A\u00e7\u00e3o de drenagem e tonifica\u00e7\u00e3o<\/strong>&nbsp;para o bem-estar geral<\/li>\n<\/ul>\n\n\n\n<h4 class=\"wp-block-heading\" id=\"h-quale-programma-usare-tens-ems-ionoforesi-o-microcorrenti-le-differenze-spiegate\"><strong>Qual o programa a utilizar? TENS, EMS, iontoforese ou microcorrentes: as diferen\u00e7as explicadas<\/strong><\/h4>\n\n\n\n<p>O GLOBUS Premium 400 \u00e9 um electroestimulador multifuncional concebido para oferecer&nbsp;<strong>diferentes tipos de tratamento<\/strong>&nbsp;em fun\u00e7\u00e3o das necessidades do utilizador. Eis um guia para escolher&nbsp;<strong>o programa certo no momento certo<\/strong>.<\/p>\n\n\n\n<h4 class=\"wp-block-heading\" id=\"h-tens\"><strong>TENS<\/strong><\/h4>\n\n\n\n<p><strong>Quando o utilizar<\/strong>: na presen\u00e7a de <strong>dor aguda ou cr\u00f3nica<\/strong>, tais como:<\/p>\n\n\n\n<ul class=\"wp-block-list\">\n<li>Lumbago, cervicalgia, ci\u00e1tica<\/li>\n\n\n\n<li>Nevralgias e dores p\u00f3s-operat\u00f3rias<\/li>\n\n\n\n<li>Dores musculares devido a sobrecarga<\/li>\n<\/ul>\n\n\n\n<h4 class=\"wp-block-heading\" id=\"h-come-funziona-stimola-le-fibre-nervose-per-nbsp-bloccare-la-trasmissione-del-dolore-nbsp-e-aumentare-la-produzione-di-nbsp-endorfine-ideale-per-chi-soffre-di-dolori-ricorrenti-e-o-vuole-evitare-i-farmaci-ems\">Como funciona: estimula as fibras nervosas a&nbsp;<strong>bloqueio da transmiss\u00e3o da dor<\/strong>&nbsp;e aumentar a produ\u00e7\u00e3o de&nbsp;<strong>endorfinas<\/strong>. Ideal para quem sofre de dores recorrentes e\/ou quer evitar a medica\u00e7\u00e3o. <br><br><strong>SGA<\/strong><\/h4>\n\n\n\n<p><strong>Quando o utilizar<\/strong>: para&nbsp;<strong>refor\u00e7o dos m\u00fasculos<\/strong>&nbsp;ou ajudar na recupera\u00e7\u00e3o ap\u00f3s uma les\u00e3o ou cirurgia:<\/p>\n\n\n\n<ul class=\"wp-block-list\">\n<li>Atrofia muscular, hipotonia<\/li>\n\n\n\n<li>reabilita\u00e7\u00e3o p\u00f3s-fratura <\/li>\n\n\n\n<li>tonifica\u00e7\u00e3o para desportistas<\/li>\n<\/ul>\n\n\n\n<h4 class=\"wp-block-heading\" id=\"h-come-funziona-eccita-i-muscoli-normo-innervati-o-denervati-provocando-contrazioni-muscolari-controllate-imitando-l-attivita-fisica-ideale-per-sportivi-anziani-persone-in-riabilitazione-ionoforesi\">Como funciona: excita os m\u00fasculos normo ou desnervados, provocando contrac\u00e7\u00f5es musculares controladas, imitando a atividade f\u00edsica. Ideal para desportistas, idosos, pessoas em reabilita\u00e7\u00e3o. <br><br><strong>IONOF\u00d3RSE<\/strong><\/h4>\n\n\n\n<p>Quando utilizar: se pretender&nbsp;<strong>aplicar medicamentos a n\u00edvel local<\/strong>&nbsp;(como anti-inflamat\u00f3rios) sem injec\u00e7\u00f5es:<\/p>\n\n\n\n<ul class=\"wp-block-list\">\n<li>Tendinite, inflama\u00e7\u00e3o local<\/li>\n\n\n\n<li>Artrite e dores nas articula\u00e7\u00f5es<\/li>\n<\/ul>\n\n\n\n<p>Como funciona: utiliza eletricidade para&nbsp;<strong>transmitir ingredientes activos atrav\u00e9s da pele<\/strong>. Ideal para quem necessita de uma a\u00e7\u00e3o farmacol\u00f3gica orientada para uma \u00e1rea espec\u00edfica. <\/p>\n\n\n\n<h4 class=\"wp-block-heading\" id=\"h-microcorrenti\"><strong>MICROCORRENTES<\/strong><\/h4>\n\n\n\n<p><strong>Quando o utilizar<\/strong>: em caso de&nbsp;<strong>les\u00f5es musculares, edema ou inflama\u00e7\u00e3o ligeira<\/strong>:<\/p>\n\n\n\n<ul class=\"wp-block-list\">\n<li>Les\u00f5es desportivas, contus\u00f5es, entorses<\/li>\n\n\n\n<li>Recupera\u00e7\u00e3o p\u00f3s-operat\u00f3ria<\/li>\n<\/ul>\n\n\n\n<p><strong>Como funciona<\/strong>: estimula&nbsp;<strong>regenera\u00e7\u00e3o celular e circula\u00e7\u00e3o linf\u00e1tica<\/strong>&nbsp;com impulsos de intensidade muito baixa. Ideal para acelerar os tempos de recupera\u00e7\u00e3o e favorecer a&nbsp;<strong>cicatriza\u00e7\u00e3o de tecidos<\/strong>.<\/p>\n\n\n\n<p><strong>Conselhos de especialistas<\/strong>:<br>Em caso de d\u00favida, aconselhe-se sempre com o seu fisioterapeuta ou com a nossa equipa de assist\u00eancia. A utiliza\u00e7\u00e3o do programa correto \u00e9 essencial para alcan\u00e7ar o&nbsp;<strong>benef\u00edcios m\u00e1ximos<\/strong>&nbsp;do seu electroestimulador GLOBUS Premium 400.<\/p>\n\n\n\n<h4 class=\"wp-block-heading\" id=\"h-controindicazioni-e-possibili-effetti-collaterali\"><strong>Contra-indica\u00e7\u00f5es e poss\u00edveis efeitos secund\u00e1rios<\/strong><\/h4>\n\n\n\n<p><strong>ATEN\u00c7\u00c3O<\/strong>Como todos os aparelhos electrom\u00e9dicos, a utiliza\u00e7\u00e3o do GLOBUS Premium 400 deve ser cuidadosamente ponderada. O aparelho \u00e9 <strong>CONTRA-INDICADO<\/strong> nos casos de:<\/p>\n\n\n\n<ul class=\"wp-block-list\">\n<li><strong>Utilizadores de pacemaker<\/strong><\/li>\n\n\n\n<li><strong>Gravidez<\/strong><\/li>\n\n\n\n<li><strong>Epilepsia<\/strong><\/li>\n\n\n\n<li><strong>Les\u00f5es cut\u00e2neas abertas<\/strong><\/li>\n\n\n\n<li><strong>Doen\u00e7a card\u00edaca n\u00e3o controlada<\/strong><\/li>\n<\/ul>\n\n\n\n<h4 class=\"wp-block-heading\" id=\"h-possibili-effetti-collaterali\"><strong>Efeitos secund\u00e1rios poss\u00edveis:<\/strong><\/h4>\n\n\n\n<ul class=\"wp-block-list\">\n<li><strong>Irrita\u00e7\u00e3o cut\u00e2nea<\/strong>&nbsp;nos pontos de aplica\u00e7\u00e3o dos el\u00e9ctrodos<\/li>\n\n\n\n<li><strong>Contra\u00e7\u00f5es musculares excessivas<\/strong>&nbsp;se o dispositivo n\u00e3o for utilizado corretamente<\/li>\n\n\n\n<li><strong>Mal-estar tempor\u00e1rio<\/strong>&nbsp;em assuntos muito sens\u00edveis<\/li>\n<\/ul>\n\n\n\n<p>\u00c9 sempre aconselh\u00e1vel consultar um m\u00e9dico antes da utiliza\u00e7\u00e3o.<\/p>\n\n\n\n<h4 class=\"wp-block-heading\" id=\"h-acquisto-da-mia-medical-italia-la-tua-salute-al-primo-posto\"><strong>Comprar na Mia Medical Italia: a sua sa\u00fade em primeiro lugar<\/strong><\/h4>\n\n\n\n<p>A aquisi\u00e7\u00e3o do GLOBUS Premium 400 representa uma solu\u00e7\u00e3o&nbsp;<strong>econ\u00f3mico, flex\u00edvel e acess\u00edvel<\/strong>&nbsp;para quem precisa de tratamentos tempor\u00e1rios ou deseja testar o aparelho antes de o comprar. Ao escolher&nbsp;<em>Mia Medical It\u00e1lia<\/em>tem acesso a um servi\u00e7o fi\u00e1vel e profissional:<\/p>\n\n\n\n<ul class=\"wp-block-list\">\n<li><strong>Dispositivos certificados e seguros<\/strong>dos melhores fornecedores do mercado<\/li>\n\n\n\n<li><strong>Aconselhamento personalizado gratuito<\/strong>, sem compromisso<\/li>\n\n\n\n<li><strong>Apoio ao cliente dedicado<\/strong><\/li>\n\n\n\n<li><strong>Entrega r\u00e1pida em toda a It\u00e1lia<\/strong><\/li>\n\n\n\n<li><strong>Instru\u00e7\u00f5es de funcionamento claras e apoio cont\u00ednuo<\/strong><\/li>\n<\/ul>\n\n\n\n<p>O que est\u00e1 \u00e0 espera? Recupere mais rapidamente, alivie a dor e melhore a sua qualidade de vida, compre agora!<strong> Electroestimulador TENS GLOBUS Premium 400<\/strong>.<br><strong>Contactar-nos agora<\/strong>&nbsp;em <strong>+39 392 65 09 237<\/strong> para solicitar informa\u00e7\u00f5es sobre o aluguer ou para reservar o seu aparelho.<\/p>","protected":false},"excerpt":{"rendered":"<div style=\"font-family: Arial, sans-serif; background-color: #234091; padding: 30px; border-radius: 25px; max-width: 600px; color: #ffffff; position: relative; border-top: 6px solid #2498fe;\">\n<h3 style=\"margin-top: 0; margin-bottom: 15px; color: #ffffff;\">Venda Eletroestimulador Tens<\/h3>\n<p>N\u00e3o se esque\u00e7a de comprar tamb\u00e9m os el\u00e9ctrodos, que s\u00e3o necess\u00e1rios para utilizar o electroestimulador Tens.<\/p>\n<\/div>\n<p><!-- Linea bianca sotto --><\/p>\n<div style=\"height: 6px; background-color: #ffffff; max-width: 600px;\">\u00a0<\/div>","protected":false},"featured_media":12423,"template":"","meta":{"_acf_changed":false},"home-category":[262],"product_brand":[],"product_cat":[261,542],"product_tag":[],"woo-feed-brand":[],"class_list":{"0":"post-14188","1":"product","2":"type-product","3":"status-publish","4":"has-post-thumbnail","6":"home-category-elettromedicali","7":"product_cat-vendita-ausili","8":"product_cat-vendita-tens-elettrostimolatore","9":"product_shipping_class-ausili-grandi","11":"first","12":"instock","13":"shipping-taxable","14":"purchasable","15":"product-type-simple"},"acf":[],"yoast_head":"<!-- This site is optimized with the Yoast SEO Premium plugin v27.3 (Yoast SEO v27.3) - https:\/\/yoast.com\/product\/yoast-seo-premium-wordpress\/ -->\n<title>Vendita TENS Elettrostimolatore GLOBUS Premium 400<\/title>\n<meta name=\"description\" content=\"Vendita TENS Elettrostimolatore a 379 Euro. Consegna a domicilio. Apparecchi per la Tens sicuri, affidabili e facili da usare.\" \/>\n<meta name=\"robots\" content=\"index, follow, max-snippet:-1, max-image-preview:large, max-video-preview:-1\" \/>\n<link rel=\"canonical\" href=\"https:\/\/www.miamedicalitalia.it\/pt\/produto\/vendita-tens-elettrostimolatore-globus-premium-400\/\" \/>\n<meta property=\"og:locale\" content=\"pt_PT\" \/>\n<meta property=\"og:type\" content=\"article\" \/>\n<meta property=\"og:title\" content=\"Vendita TENS Elettrostimolatore GLOBUS Premium 400\" \/>\n<meta property=\"og:description\" content=\"Vendita TENS Elettrostimolatore a 379 Euro. Consegna a domicilio. Apparecchi per la Tens sicuri, affidabili e facili da usare.\" \/>\n<meta property=\"og:url\" content=\"https:\/\/www.miamedicalitalia.it\/pt\/produto\/vendita-tens-elettrostimolatore-globus-premium-400\/\" \/>\n<meta property=\"og:site_name\" content=\"Mia Medical\" \/>\n<meta property=\"article:publisher\" content=\"https:\/\/www.facebook.com\/miamedicalitalia\" \/>\n<meta property=\"article:modified_time\" content=\"2026-03-06T16:17:55+00:00\" \/>\n<meta property=\"og:image\" content=\"https:\/\/www.miamedicalitalia.it\/wp-content\/uploads\/2024\/06\/TENS-PREMINUM-400-.jpg\" \/>\n\t<meta property=\"og:image:width\" content=\"1000\" \/>\n\t<meta property=\"og:image:height\" content=\"1000\" \/>\n\t<meta property=\"og:image:type\" content=\"image\/jpeg\" \/>\n<meta name=\"twitter:card\" content=\"summary_large_image\" \/>\n<meta name=\"twitter:label1\" content=\"Tempo estimado de leitura\" \/>\n\t<meta name=\"twitter:data1\" content=\"4 minutos\" \/>\n<script type=\"application\/ld+json\" class=\"yoast-schema-graph\">{\"@context\":\"https:\\\/\\\/schema.org\",\"@graph\":[{\"@type\":\"WebPage\",\"@id\":\"https:\\\/\\\/www.miamedicalitalia.it\\\/prodotto\\\/vendita-tens-elettrostimolatore-globus-premium-400\\\/\",\"url\":\"https:\\\/\\\/www.miamedicalitalia.it\\\/prodotto\\\/vendita-tens-elettrostimolatore-globus-premium-400\\\/\",\"name\":\"Vendita TENS Elettrostimolatore GLOBUS Premium 400\",\"isPartOf\":{\"@id\":\"https:\\\/\\\/www.miamedicalitalia.it\\\/#website\"},\"primaryImageOfPage\":{\"@id\":\"https:\\\/\\\/www.miamedicalitalia.it\\\/prodotto\\\/vendita-tens-elettrostimolatore-globus-premium-400\\\/#primaryimage\"},\"image\":{\"@id\":\"https:\\\/\\\/www.miamedicalitalia.it\\\/prodotto\\\/vendita-tens-elettrostimolatore-globus-premium-400\\\/#primaryimage\"},\"thumbnailUrl\":\"https:\\\/\\\/www.miamedicalitalia.it\\\/wp-content\\\/uploads\\\/2024\\\/06\\\/TENS-PREMINUM-400-.jpg\",\"datePublished\":\"2025-08-12T15:22:01+00:00\",\"dateModified\":\"2026-03-06T16:17:55+00:00\",\"description\":\"Vendita TENS Elettrostimolatore a 379 Euro. Consegna a domicilio. Apparecchi per la Tens sicuri, affidabili e facili da usare.\",\"breadcrumb\":{\"@id\":\"https:\\\/\\\/www.miamedicalitalia.it\\\/prodotto\\\/vendita-tens-elettrostimolatore-globus-premium-400\\\/#breadcrumb\"},\"inLanguage\":\"pt-PT\",\"potentialAction\":[{\"@type\":\"ReadAction\",\"target\":[\"https:\\\/\\\/www.miamedicalitalia.it\\\/prodotto\\\/vendita-tens-elettrostimolatore-globus-premium-400\\\/\"]}]},{\"@type\":\"ImageObject\",\"inLanguage\":\"pt-PT\",\"@id\":\"https:\\\/\\\/www.miamedicalitalia.it\\\/prodotto\\\/vendita-tens-elettrostimolatore-globus-premium-400\\\/#primaryimage\",\"url\":\"https:\\\/\\\/www.miamedicalitalia.it\\\/wp-content\\\/uploads\\\/2024\\\/06\\\/TENS-PREMINUM-400-.jpg\",\"contentUrl\":\"https:\\\/\\\/www.miamedicalitalia.it\\\/wp-content\\\/uploads\\\/2024\\\/06\\\/TENS-PREMINUM-400-.jpg\",\"width\":1000,\"height\":1000,\"caption\":\"Noleggio ausili per terapia a domicilio\"},{\"@type\":\"BreadcrumbList\",\"@id\":\"https:\\\/\\\/www.miamedicalitalia.it\\\/prodotto\\\/vendita-tens-elettrostimolatore-globus-premium-400\\\/#breadcrumb\",\"itemListElement\":[{\"@type\":\"ListItem\",\"position\":1,\"name\":\"Home\",\"item\":\"https:\\\/\\\/www.miamedicalitalia.it\\\/\"},{\"@type\":\"ListItem\",\"position\":2,\"name\":\"Shop\",\"item\":\"https:\\\/\\\/www.miamedicalitalia.it\\\/negozio\\\/\"},{\"@type\":\"ListItem\",\"position\":3,\"name\":\"Vendita\",\"item\":\"https:\\\/\\\/www.miamedicalitalia.it\\\/categoria\\\/vendita-ausili\\\/\"},{\"@type\":\"ListItem\",\"position\":4,\"name\":\"Vendita TENS Elettrostimolatore GLOBUS Premium 400\"}]},{\"@type\":\"WebSite\",\"@id\":\"https:\\\/\\\/www.miamedicalitalia.it\\\/#website\",\"url\":\"https:\\\/\\\/www.miamedicalitalia.it\\\/\",\"name\":\"www.miamedicalitalia.it\",\"description\":\"Noleggio e Vendita Attrezzatura Sanitarie\",\"publisher\":{\"@id\":\"https:\\\/\\\/www.miamedicalitalia.it\\\/#organization\"},\"potentialAction\":[{\"@type\":\"SearchAction\",\"target\":{\"@type\":\"EntryPoint\",\"urlTemplate\":\"https:\\\/\\\/www.miamedicalitalia.it\\\/?s={search_term_string}\"},\"query-input\":{\"@type\":\"PropertyValueSpecification\",\"valueRequired\":true,\"valueName\":\"search_term_string\"}}],\"inLanguage\":\"pt-PT\"},{\"@type\":\"Organization\",\"@id\":\"https:\\\/\\\/www.miamedicalitalia.it\\\/#organization\",\"name\":\"OLG\",\"url\":\"https:\\\/\\\/www.miamedicalitalia.it\\\/\",\"logo\":{\"@type\":\"ImageObject\",\"inLanguage\":\"pt-PT\",\"@id\":\"https:\\\/\\\/www.miamedicalitalia.it\\\/#\\\/schema\\\/logo\\\/image\\\/\",\"url\":\"https:\\\/\\\/www.miamedicalitalia.it\\\/wp-content\\\/uploads\\\/2023\\\/04\\\/mia-medical-logo-free.png\",\"contentUrl\":\"https:\\\/\\\/www.miamedicalitalia.it\\\/wp-content\\\/uploads\\\/2023\\\/04\\\/mia-medical-logo-free.png\",\"width\":700,\"height\":700,\"caption\":\"OLG\"},\"image\":{\"@id\":\"https:\\\/\\\/www.miamedicalitalia.it\\\/#\\\/schema\\\/logo\\\/image\\\/\"},\"sameAs\":[\"https:\\\/\\\/www.facebook.com\\\/miamedicalitalia\"]}]}<\/script>\n<!-- \/ Yoast SEO Premium plugin. -->","yoast_head_json":{"title":"Venda Electroestimulador TENS GLOBUS Premium 400","description":"Venda de eletroestimulador TENS por 379 euros. Entrega ao domic\u00edlio. Aparelhos TENS seguros, fi\u00e1veis e f\u00e1ceis de usar.","robots":{"index":"index","follow":"follow","max-snippet":"max-snippet:-1","max-image-preview":"max-image-preview:large","max-video-preview":"max-video-preview:-1"},"canonical":"https:\/\/www.miamedicalitalia.it\/pt\/produto\/vendita-tens-elettrostimolatore-globus-premium-400\/","og_locale":"pt_PT","og_type":"article","og_title":"Vendita TENS Elettrostimolatore GLOBUS Premium 400","og_description":"Vendita TENS Elettrostimolatore a 379 Euro. Consegna a domicilio. Apparecchi per la Tens sicuri, affidabili e facili da usare.","og_url":"https:\/\/www.miamedicalitalia.it\/pt\/produto\/vendita-tens-elettrostimolatore-globus-premium-400\/","og_site_name":"Mia Medical","article_publisher":"https:\/\/www.facebook.com\/miamedicalitalia","article_modified_time":"2026-03-06T16:17:55+00:00","og_image":[{"width":1000,"height":1000,"url":"https:\/\/www.miamedicalitalia.it\/wp-content\/uploads\/2024\/06\/TENS-PREMINUM-400-.jpg","type":"image\/jpeg"}],"twitter_card":"summary_large_image","twitter_misc":{"Tempo estimado de leitura":"4 minutos"},"schema":{"@context":"https:\/\/schema.org","@graph":[{"@type":"WebPage","@id":"https:\/\/www.miamedicalitalia.it\/prodotto\/vendita-tens-elettrostimolatore-globus-premium-400\/","url":"https:\/\/www.miamedicalitalia.it\/prodotto\/vendita-tens-elettrostimolatore-globus-premium-400\/","name":"Venda Electroestimulador TENS GLOBUS Premium 400","isPartOf":{"@id":"https:\/\/www.miamedicalitalia.it\/#website"},"primaryImageOfPage":{"@id":"https:\/\/www.miamedicalitalia.it\/prodotto\/vendita-tens-elettrostimolatore-globus-premium-400\/#primaryimage"},"image":{"@id":"https:\/\/www.miamedicalitalia.it\/prodotto\/vendita-tens-elettrostimolatore-globus-premium-400\/#primaryimage"},"thumbnailUrl":"https:\/\/www.miamedicalitalia.it\/wp-content\/uploads\/2024\/06\/TENS-PREMINUM-400-.jpg","datePublished":"2025-08-12T15:22:01+00:00","dateModified":"2026-03-06T16:17:55+00:00","description":"Venda de eletroestimulador TENS por 379 euros. Entrega ao domic\u00edlio. Aparelhos TENS seguros, fi\u00e1veis e f\u00e1ceis de usar.","breadcrumb":{"@id":"https:\/\/www.miamedicalitalia.it\/prodotto\/vendita-tens-elettrostimolatore-globus-premium-400\/#breadcrumb"},"inLanguage":"pt-PT","potentialAction":[{"@type":"ReadAction","target":["https:\/\/www.miamedicalitalia.it\/prodotto\/vendita-tens-elettrostimolatore-globus-premium-400\/"]}]},{"@type":"ImageObject","inLanguage":"pt-PT","@id":"https:\/\/www.miamedicalitalia.it\/prodotto\/vendita-tens-elettrostimolatore-globus-premium-400\/#primaryimage","url":"https:\/\/www.miamedicalitalia.it\/wp-content\/uploads\/2024\/06\/TENS-PREMINUM-400-.jpg","contentUrl":"https:\/\/www.miamedicalitalia.it\/wp-content\/uploads\/2024\/06\/TENS-PREMINUM-400-.jpg","width":1000,"height":1000,"caption":"Noleggio ausili per terapia a domicilio"},{"@type":"BreadcrumbList","@id":"https:\/\/www.miamedicalitalia.it\/prodotto\/vendita-tens-elettrostimolatore-globus-premium-400\/#breadcrumb","itemListElement":[{"@type":"ListItem","position":1,"name":"Home","item":"https:\/\/www.miamedicalitalia.it\/"},{"@type":"ListItem","position":2,"name":"Shop","item":"https:\/\/www.miamedicalitalia.it\/negozio\/"},{"@type":"ListItem","position":3,"name":"Vendita","item":"https:\/\/www.miamedicalitalia.it\/categoria\/vendita-ausili\/"},{"@type":"ListItem","position":4,"name":"Vendita TENS Elettrostimolatore GLOBUS Premium 400"}]},{"@type":"WebSite","@id":"https:\/\/www.miamedicalitalia.it\/#website","url":"https:\/\/www.miamedicalitalia.it\/","name":"www.miamedicalitalia.it","description":"Aluguer e venda de equipamento sanit\u00e1rio","publisher":{"@id":"https:\/\/www.miamedicalitalia.it\/#organization"},"potentialAction":[{"@type":"SearchAction","target":{"@type":"EntryPoint","urlTemplate":"https:\/\/www.miamedicalitalia.it\/?s={search_term_string}"},"query-input":{"@type":"PropertyValueSpecification","valueRequired":true,"valueName":"search_term_string"}}],"inLanguage":"pt-PT"},{"@type":"Organization","@id":"https:\/\/www.miamedicalitalia.it\/#organization","name":"OLG","url":"https:\/\/www.miamedicalitalia.it\/","logo":{"@type":"ImageObject","inLanguage":"pt-PT","@id":"https:\/\/www.miamedicalitalia.it\/#\/schema\/logo\/image\/","url":"https:\/\/www.miamedicalitalia.it\/wp-content\/uploads\/2023\/04\/mia-medical-logo-free.png","contentUrl":"https:\/\/www.miamedicalitalia.it\/wp-content\/uploads\/2023\/04\/mia-medical-logo-free.png","width":700,"height":700,"caption":"OLG"},"image":{"@id":"https:\/\/www.miamedicalitalia.it\/#\/schema\/logo\/image\/"},"sameAs":["https:\/\/www.facebook.com\/miamedicalitalia"]}]}},"wcpa_form_fields":null,"_links":{"self":[{"href":"https:\/\/www.miamedicalitalia.it\/pt\/wp-json\/wp\/v2\/product\/14188","targetHints":{"allow":["GET"]}}],"collection":[{"href":"https:\/\/www.miamedicalitalia.it\/pt\/wp-json\/wp\/v2\/product"}],"about":[{"href":"https:\/\/www.miamedicalitalia.it\/pt\/wp-json\/wp\/v2\/types\/product"}],"wp:featuredmedia":[{"embeddable":true,"href":"https:\/\/www.miamedicalitalia.it\/pt\/wp-json\/wp\/v2\/media\/12423"}],"wp:attachment":[{"href":"https:\/\/www.miamedicalitalia.it\/pt\/wp-json\/wp\/v2\/media?parent=14188"}],"wp:term":[{"taxonomy":"home-category","embeddable":true,"href":"https:\/\/www.miamedicalitalia.it\/pt\/wp-json\/wp\/v2\/home-category?post=14188"},{"taxonomy":"product_brand","embeddable":true,"href":"https:\/\/www.miamedicalitalia.it\/pt\/wp-json\/wp\/v2\/product_brand?post=14188"},{"taxonomy":"product_cat","embeddable":true,"href":"https:\/\/www.miamedicalitalia.it\/pt\/wp-json\/wp\/v2\/product_cat?post=14188"},{"taxonomy":"product_tag","embeddable":true,"href":"https:\/\/www.miamedicalitalia.it\/pt\/wp-json\/wp\/v2\/product_tag?post=14188"},{"taxonomy":"woo-feed-brand","embeddable":true,"href":"https:\/\/www.miamedicalitalia.it\/pt\/wp-json\/wp\/v2\/woo-feed-brand?post=14188"}],"curies":[{"name":"wp","href":"https:\/\/api.w.org\/{rel}","templated":true}]}}