{"id":14176,"date":"2025-07-24T14:52:01","date_gmt":"2025-07-24T12:52:01","guid":{"rendered":"https:\/\/www.miamedicalitalia.it\/?post_type=product&#038;p=14176"},"modified":"2026-03-06T18:01:25","modified_gmt":"2026-03-06T16:01:25","slug":"magnetoterapia-cemp-magnum-2500-2","status":"publish","type":"product","link":"https:\/\/www.miamedicalitalia.it\/pt\/produto\/magnetoterapia-cemp-magnum-2500-2\/","title":{"rendered":"Vendas Magnetoterapia Magnum 2500"},"content":{"rendered":"<p>O <strong><a href=\"https:\/\/www.globuscorporation.com\/it\/prodotti-domiciliari\/magnum-2500\/\">Aparelho MAGNUM 2500 <\/a><\/strong>Globus \u00e9 uma magnetoterapia <strong>PEMF de baixa frequ\u00eancia e alta intensidade<\/strong>Concebido para um <strong>utiliza\u00e7\u00e3o profissional<\/strong>, tamb\u00e9m adequado para <strong>tratamento domicili\u00e1rio<\/strong>. Com uma pot\u00eancia at\u00e9 250 Gauss por canal e dois canais independentes, permite terapias eficazes numa ou mais zonas do corpo em simult\u00e2neo.<\/p>\n\n\n\n<p>A tecnologia de <strong>Campos electromagn\u00e9ticos pulsados (PEMF) <\/strong>estimula <strong>regenera\u00e7\u00e3o celular, promove a cicatriza\u00e7\u00e3o \u00f3ssea e reduz a inflama\u00e7\u00e3o<\/strong>particularmente \u00fatil no tratamento de <strong>fracturas, artrose, lumbago, tendinite e osteoporose.<\/strong><\/p>\n\n\n\n<p>O <strong>MAGNUM 2500 <\/strong>est\u00e1 equipado com 30 programas pr\u00e9-definidos para as doen\u00e7as mais comuns e 20 programas personaliz\u00e1veis, permitindo uma gest\u00e3o flex\u00edvel e direcionada da terapia de acordo com as necessidades do paciente.<\/p>\n\n\n\n<h4 class=\"wp-block-heading\" id=\"h-caratteristiche-principali-del-dispositivo\">Principais carater\u00edsticas do dispositivo:<\/h4>\n\n\n\n<ul class=\"wp-block-list\">\n<li>Magnetoterapia de baixa frequ\u00eancia (PEMF)<\/li>\n\n\n\n<li>Intensidade ajust\u00e1vel at\u00e9 250 Gauss por canal<\/li>\n\n\n\n<li>2 canais independentes para tratamentos m\u00faltiplos<\/li>\n\n\n\n<li>30 programas predefinidos + 20 programas program\u00e1veis<\/li>\n\n\n\n<li>Temporizador de 5 a 90 minutos<\/li>\n\n\n\n<li>Ecr\u00e3 retroiluminado de grandes dimens\u00f5es<\/li>\n\n\n\n<li>Alimenta\u00e7\u00e3o el\u00e9ctrica<\/li>\n\n\n\n<li>Acess\u00f3rios inclu\u00eddos: solen\u00f3ides, banda terap\u00eautica, manual do utilizador<\/li>\n<\/ul>\n\n\n\n<p>Compra do aparelho de magnetoterapia <strong>MAGNUM 2500<\/strong> \u00e9 a escolha ideal para quem procura um <strong>tratamento eficaz de dores articulares, doen\u00e7as \u00f3sseas e inflamat\u00f3rias, diretamente em casa<\/strong>.<br>Contacte-nos hoje mesmo em +<strong>39 392 65 09 237<\/strong> e compre a sua magnetoterapia, entrega r\u00e1pida!<br><br><strong>Porqu\u00ea escolher o servi\u00e7o Mia Medical Italia<\/strong><\/p>\n\n\n\n<p>Visite o <strong>o nosso s\u00edtio<\/strong> para descobrir a vasta gama de dispositivos electrom\u00e9dicos, <strong><a href=\"https:\/\/www.miamedicalitalia.it\/pt\/categoria\/affitto-e-noleggio-ausili\/?_gl=1*c4srxd*_up*MQ..*_ga*MjExOTgxNjM4Mi4xNzQ4Njg0MzA5*_ga_D9FZ9V3LL7*czE3NDg2ODkyMzckbzMkZzAkdDE3NDg2ODkyMzckajYwJGwwJGgw\">magnetoterapia, eletroterapia, terapia de press\u00e3o, crioterapia e muito mais.<\/a><\/strong><\/p>\n\n\n\n<p>Com a Mia Medical Italia, o tratamento nunca foi t\u00e3o f\u00e1cil e seguro. Reserve j\u00e1 o seu aparelho e comece o seu tratamento em apenas 24\/48 horas! De que est\u00e1 \u00e0 espera?, <strong><a href=\"https:\/\/wa.me\/393926509237\">contactar-nos<\/a><\/strong> agora em +<strong>39 392 65 09 237.<\/strong> Contacte-nos para adquirir hoje o seu aparelho de magnetoterapia para uso dom\u00e9stico. <br><\/p>\n\n\n\n<p><\/p>","protected":false},"excerpt":{"rendered":"<div style=\"font-family: Arial, sans-serif; background-color: #234091; padding: 30px; border-radius: 25px; max-width: 600px; color: #ffffff; position: relative; border-top: 6px solid #2498fe;\">\n<h3 style=\"margin-top: 0; margin-bottom: 15px; color: #ffffff;\">MAGNETOTERAPIA PEMP Magnum 2500<\/h3>\n<p>Aparelho profissional de alta frequ\u00eancia concebido para utiliza\u00e7\u00e3o CL\u00cdNICA e DOMICULTURAL.<\/p>\n<ul>\n<li>Favorece a regenera\u00e7\u00e3o dos ossos e dos tecidos<\/li>\n<li>Reduz naturalmente a dor e a inflama\u00e7\u00e3o<\/li>\n<li>Melhora a circula\u00e7\u00e3o e a oxigena\u00e7\u00e3o dos tecidos<\/li>\n<li>Acelera a cicatriza\u00e7\u00e3o de fracturas, edemas e les\u00f5es m\u00fasculo-esquel\u00e9ticas<\/li>\n<li>\u00datil para artrose, osteoporose, tendinite e doen\u00e7as reum\u00e1ticas<\/li>\n<\/ul>\n<p><strong>Comprar agora!<\/strong><\/p>\n<\/div>\n<p><!-- Linea bianca sotto --><\/p>\n<div style=\"height: 6px; background-color: #ffffff; max-width: 600px;\">\u00a0<\/div>","protected":false},"featured_media":12108,"template":"","meta":{"_acf_changed":false},"home-category":[],"product_brand":[],"product_cat":[261,541],"product_tag":[],"woo-feed-brand":[],"class_list":{"0":"post-14176","1":"product","2":"type-product","3":"status-publish","4":"has-post-thumbnail","6":"product_cat-vendita-ausili","7":"product_cat-vendita-magnetoterapia","8":"product_shipping_class-ausili-grandi","10":"first","11":"instock","12":"shipping-taxable","13":"purchasable","14":"product-type-simple"},"acf":[],"yoast_head":"<!-- This site is optimized with the Yoast SEO Premium plugin v27.5 (Yoast SEO v27.5) - https:\/\/yoast.com\/product\/yoast-seo-premium-wordpress\/ -->\n<title>Vendita Magnetoterapia CEMP MAGNUM 2500<\/title>\n<meta name=\"description\" content=\"Acquista ora la Magnetoterapia CEMP Magnum 2500 a un prezzo vantaggioso. Disponibilit\u00e0 immediata. Ordina online in pochi click!\" \/>\n<meta name=\"robots\" content=\"index, follow, max-snippet:-1, max-image-preview:large, max-video-preview:-1\" \/>\n<link rel=\"canonical\" href=\"https:\/\/www.miamedicalitalia.it\/pt\/produto\/magnetoterapia-cemp-magnum-2500-2\/\" \/>\n<meta property=\"og:locale\" content=\"pt_PT\" \/>\n<meta property=\"og:type\" content=\"article\" \/>\n<meta property=\"og:title\" content=\"Vendita Magnetoterapia CEMP MAGNUM 2500\" \/>\n<meta property=\"og:description\" content=\"Acquista ora la Magnetoterapia CEMP Magnum 2500 a un prezzo vantaggioso. Disponibilit\u00e0 immediata. Ordina online in pochi click!\" \/>\n<meta property=\"og:url\" content=\"https:\/\/www.miamedicalitalia.it\/pt\/produto\/magnetoterapia-cemp-magnum-2500-2\/\" \/>\n<meta property=\"og:site_name\" content=\"Mia Medical\" \/>\n<meta property=\"article:publisher\" content=\"https:\/\/www.facebook.com\/miamedicalitalia\" \/>\n<meta property=\"article:modified_time\" content=\"2026-03-06T16:01:25+00:00\" \/>\n<meta property=\"og:image\" content=\"https:\/\/www.miamedicalitalia.it\/wp-content\/uploads\/2023\/10\/MAGNETOTERAPIA-CEMP-MAGNUM-2500.jpg\" \/>\n\t<meta property=\"og:image:width\" content=\"1200\" \/>\n\t<meta property=\"og:image:height\" content=\"1200\" \/>\n\t<meta property=\"og:image:type\" content=\"image\/jpeg\" \/>\n<meta name=\"twitter:card\" content=\"summary_large_image\" \/>\n<meta name=\"twitter:label1\" content=\"Tempo estimado de leitura\" \/>\n\t<meta name=\"twitter:data1\" content=\"1 minuto\" \/>\n<script type=\"application\/ld+json\" class=\"yoast-schema-graph\">{\"@context\":\"https:\\\/\\\/schema.org\",\"@graph\":[{\"@type\":\"WebPage\",\"@id\":\"https:\\\/\\\/www.miamedicalitalia.it\\\/prodotto\\\/magnetoterapia-cemp-magnum-2500-2\\\/\",\"url\":\"https:\\\/\\\/www.miamedicalitalia.it\\\/prodotto\\\/magnetoterapia-cemp-magnum-2500-2\\\/\",\"name\":\"Vendita Magnetoterapia CEMP MAGNUM 2500\",\"isPartOf\":{\"@id\":\"https:\\\/\\\/www.miamedicalitalia.it\\\/#website\"},\"primaryImageOfPage\":{\"@id\":\"https:\\\/\\\/www.miamedicalitalia.it\\\/prodotto\\\/magnetoterapia-cemp-magnum-2500-2\\\/#primaryimage\"},\"image\":{\"@id\":\"https:\\\/\\\/www.miamedicalitalia.it\\\/prodotto\\\/magnetoterapia-cemp-magnum-2500-2\\\/#primaryimage\"},\"thumbnailUrl\":\"https:\\\/\\\/www.miamedicalitalia.it\\\/wp-content\\\/uploads\\\/2023\\\/10\\\/MAGNETOTERAPIA-CEMP-MAGNUM-2500.jpg\",\"datePublished\":\"2025-07-24T12:52:01+00:00\",\"dateModified\":\"2026-03-06T16:01:25+00:00\",\"description\":\"Acquista ora la Magnetoterapia CEMP Magnum 2500 a un prezzo vantaggioso. Disponibilit\u00e0 immediata. Ordina online in pochi click!\",\"breadcrumb\":{\"@id\":\"https:\\\/\\\/www.miamedicalitalia.it\\\/prodotto\\\/magnetoterapia-cemp-magnum-2500-2\\\/#breadcrumb\"},\"inLanguage\":\"pt-PT\",\"potentialAction\":[{\"@type\":\"ReadAction\",\"target\":[\"https:\\\/\\\/www.miamedicalitalia.it\\\/prodotto\\\/magnetoterapia-cemp-magnum-2500-2\\\/\"]}]},{\"@type\":\"ImageObject\",\"inLanguage\":\"pt-PT\",\"@id\":\"https:\\\/\\\/www.miamedicalitalia.it\\\/prodotto\\\/magnetoterapia-cemp-magnum-2500-2\\\/#primaryimage\",\"url\":\"https:\\\/\\\/www.miamedicalitalia.it\\\/wp-content\\\/uploads\\\/2023\\\/10\\\/MAGNETOTERAPIA-CEMP-MAGNUM-2500.jpg\",\"contentUrl\":\"https:\\\/\\\/www.miamedicalitalia.it\\\/wp-content\\\/uploads\\\/2023\\\/10\\\/MAGNETOTERAPIA-CEMP-MAGNUM-2500.jpg\",\"width\":1200,\"height\":1200},{\"@type\":\"BreadcrumbList\",\"@id\":\"https:\\\/\\\/www.miamedicalitalia.it\\\/prodotto\\\/magnetoterapia-cemp-magnum-2500-2\\\/#breadcrumb\",\"itemListElement\":[{\"@type\":\"ListItem\",\"position\":1,\"name\":\"Home\",\"item\":\"https:\\\/\\\/www.miamedicalitalia.it\\\/\"},{\"@type\":\"ListItem\",\"position\":2,\"name\":\"Shop\",\"item\":\"https:\\\/\\\/www.miamedicalitalia.it\\\/negozio\\\/\"},{\"@type\":\"ListItem\",\"position\":3,\"name\":\"Vendita\",\"item\":\"https:\\\/\\\/www.miamedicalitalia.it\\\/categoria\\\/vendita-ausili\\\/\"},{\"@type\":\"ListItem\",\"position\":4,\"name\":\"Vendita Magnetoterapia Magnum 2500\"}]},{\"@type\":\"WebSite\",\"@id\":\"https:\\\/\\\/www.miamedicalitalia.it\\\/#website\",\"url\":\"https:\\\/\\\/www.miamedicalitalia.it\\\/\",\"name\":\"www.miamedicalitalia.it\",\"description\":\"Noleggio e Vendita Attrezzatura Sanitarie\",\"publisher\":{\"@id\":\"https:\\\/\\\/www.miamedicalitalia.it\\\/#organization\"},\"potentialAction\":[{\"@type\":\"SearchAction\",\"target\":{\"@type\":\"EntryPoint\",\"urlTemplate\":\"https:\\\/\\\/www.miamedicalitalia.it\\\/?s={search_term_string}\"},\"query-input\":{\"@type\":\"PropertyValueSpecification\",\"valueRequired\":true,\"valueName\":\"search_term_string\"}}],\"inLanguage\":\"pt-PT\"},{\"@type\":\"Organization\",\"@id\":\"https:\\\/\\\/www.miamedicalitalia.it\\\/#organization\",\"name\":\"OLG\",\"url\":\"https:\\\/\\\/www.miamedicalitalia.it\\\/\",\"logo\":{\"@type\":\"ImageObject\",\"inLanguage\":\"pt-PT\",\"@id\":\"https:\\\/\\\/www.miamedicalitalia.it\\\/#\\\/schema\\\/logo\\\/image\\\/\",\"url\":\"https:\\\/\\\/www.miamedicalitalia.it\\\/wp-content\\\/uploads\\\/2023\\\/04\\\/mia-medical-logo-free.png\",\"contentUrl\":\"https:\\\/\\\/www.miamedicalitalia.it\\\/wp-content\\\/uploads\\\/2023\\\/04\\\/mia-medical-logo-free.png\",\"width\":700,\"height\":700,\"caption\":\"OLG\"},\"image\":{\"@id\":\"https:\\\/\\\/www.miamedicalitalia.it\\\/#\\\/schema\\\/logo\\\/image\\\/\"},\"sameAs\":[\"https:\\\/\\\/www.facebook.com\\\/miamedicalitalia\"]}]}<\/script>\n<!-- \/ Yoast SEO Premium plugin. -->","yoast_head_json":{"title":"Vendas Magnetoterapia CEMP MAGNUM 2500","description":"Compre j\u00e1 o PEMF Magnetoterapia Magnum 2500 a pre\u00e7o de saldo. Disponibilidade imediata. Encomende online com apenas alguns cliques!","robots":{"index":"index","follow":"follow","max-snippet":"max-snippet:-1","max-image-preview":"max-image-preview:large","max-video-preview":"max-video-preview:-1"},"canonical":"https:\/\/www.miamedicalitalia.it\/pt\/produto\/magnetoterapia-cemp-magnum-2500-2\/","og_locale":"pt_PT","og_type":"article","og_title":"Vendita Magnetoterapia CEMP MAGNUM 2500","og_description":"Acquista ora la Magnetoterapia CEMP Magnum 2500 a un prezzo vantaggioso. Disponibilit\u00e0 immediata. Ordina online in pochi click!","og_url":"https:\/\/www.miamedicalitalia.it\/pt\/produto\/magnetoterapia-cemp-magnum-2500-2\/","og_site_name":"Mia Medical","article_publisher":"https:\/\/www.facebook.com\/miamedicalitalia","article_modified_time":"2026-03-06T16:01:25+00:00","og_image":[{"width":1200,"height":1200,"url":"https:\/\/www.miamedicalitalia.it\/wp-content\/uploads\/2023\/10\/MAGNETOTERAPIA-CEMP-MAGNUM-2500.jpg","type":"image\/jpeg"}],"twitter_card":"summary_large_image","twitter_misc":{"Tempo estimado de leitura":"1 minuto"},"schema":{"@context":"https:\/\/schema.org","@graph":[{"@type":"WebPage","@id":"https:\/\/www.miamedicalitalia.it\/prodotto\/magnetoterapia-cemp-magnum-2500-2\/","url":"https:\/\/www.miamedicalitalia.it\/prodotto\/magnetoterapia-cemp-magnum-2500-2\/","name":"Vendas Magnetoterapia CEMP MAGNUM 2500","isPartOf":{"@id":"https:\/\/www.miamedicalitalia.it\/#website"},"primaryImageOfPage":{"@id":"https:\/\/www.miamedicalitalia.it\/prodotto\/magnetoterapia-cemp-magnum-2500-2\/#primaryimage"},"image":{"@id":"https:\/\/www.miamedicalitalia.it\/prodotto\/magnetoterapia-cemp-magnum-2500-2\/#primaryimage"},"thumbnailUrl":"https:\/\/www.miamedicalitalia.it\/wp-content\/uploads\/2023\/10\/MAGNETOTERAPIA-CEMP-MAGNUM-2500.jpg","datePublished":"2025-07-24T12:52:01+00:00","dateModified":"2026-03-06T16:01:25+00:00","description":"Compre j\u00e1 o PEMF Magnetoterapia Magnum 2500 a pre\u00e7o de saldo. Disponibilidade imediata. Encomende online com apenas alguns cliques!","breadcrumb":{"@id":"https:\/\/www.miamedicalitalia.it\/prodotto\/magnetoterapia-cemp-magnum-2500-2\/#breadcrumb"},"inLanguage":"pt-PT","potentialAction":[{"@type":"ReadAction","target":["https:\/\/www.miamedicalitalia.it\/prodotto\/magnetoterapia-cemp-magnum-2500-2\/"]}]},{"@type":"ImageObject","inLanguage":"pt-PT","@id":"https:\/\/www.miamedicalitalia.it\/prodotto\/magnetoterapia-cemp-magnum-2500-2\/#primaryimage","url":"https:\/\/www.miamedicalitalia.it\/wp-content\/uploads\/2023\/10\/MAGNETOTERAPIA-CEMP-MAGNUM-2500.jpg","contentUrl":"https:\/\/www.miamedicalitalia.it\/wp-content\/uploads\/2023\/10\/MAGNETOTERAPIA-CEMP-MAGNUM-2500.jpg","width":1200,"height":1200},{"@type":"BreadcrumbList","@id":"https:\/\/www.miamedicalitalia.it\/prodotto\/magnetoterapia-cemp-magnum-2500-2\/#breadcrumb","itemListElement":[{"@type":"ListItem","position":1,"name":"Home","item":"https:\/\/www.miamedicalitalia.it\/"},{"@type":"ListItem","position":2,"name":"Shop","item":"https:\/\/www.miamedicalitalia.it\/negozio\/"},{"@type":"ListItem","position":3,"name":"Vendita","item":"https:\/\/www.miamedicalitalia.it\/categoria\/vendita-ausili\/"},{"@type":"ListItem","position":4,"name":"Vendita Magnetoterapia Magnum 2500"}]},{"@type":"WebSite","@id":"https:\/\/www.miamedicalitalia.it\/#website","url":"https:\/\/www.miamedicalitalia.it\/","name":"www.miamedicalitalia.it","description":"Aluguer e venda de equipamento sanit\u00e1rio","publisher":{"@id":"https:\/\/www.miamedicalitalia.it\/#organization"},"potentialAction":[{"@type":"SearchAction","target":{"@type":"EntryPoint","urlTemplate":"https:\/\/www.miamedicalitalia.it\/?s={search_term_string}"},"query-input":{"@type":"PropertyValueSpecification","valueRequired":true,"valueName":"search_term_string"}}],"inLanguage":"pt-PT"},{"@type":"Organization","@id":"https:\/\/www.miamedicalitalia.it\/#organization","name":"OLG","url":"https:\/\/www.miamedicalitalia.it\/","logo":{"@type":"ImageObject","inLanguage":"pt-PT","@id":"https:\/\/www.miamedicalitalia.it\/#\/schema\/logo\/image\/","url":"https:\/\/www.miamedicalitalia.it\/wp-content\/uploads\/2023\/04\/mia-medical-logo-free.png","contentUrl":"https:\/\/www.miamedicalitalia.it\/wp-content\/uploads\/2023\/04\/mia-medical-logo-free.png","width":700,"height":700,"caption":"OLG"},"image":{"@id":"https:\/\/www.miamedicalitalia.it\/#\/schema\/logo\/image\/"},"sameAs":["https:\/\/www.facebook.com\/miamedicalitalia"]}]}},"wcpa_form_fields":null,"_links":{"self":[{"href":"https:\/\/www.miamedicalitalia.it\/pt\/wp-json\/wp\/v2\/product\/14176","targetHints":{"allow":["GET"]}}],"collection":[{"href":"https:\/\/www.miamedicalitalia.it\/pt\/wp-json\/wp\/v2\/product"}],"about":[{"href":"https:\/\/www.miamedicalitalia.it\/pt\/wp-json\/wp\/v2\/types\/product"}],"wp:featuredmedia":[{"embeddable":true,"href":"https:\/\/www.miamedicalitalia.it\/pt\/wp-json\/wp\/v2\/media\/12108"}],"wp:attachment":[{"href":"https:\/\/www.miamedicalitalia.it\/pt\/wp-json\/wp\/v2\/media?parent=14176"}],"wp:term":[{"taxonomy":"home-category","embeddable":true,"href":"https:\/\/www.miamedicalitalia.it\/pt\/wp-json\/wp\/v2\/home-category?post=14176"},{"taxonomy":"product_brand","embeddable":true,"href":"https:\/\/www.miamedicalitalia.it\/pt\/wp-json\/wp\/v2\/product_brand?post=14176"},{"taxonomy":"product_cat","embeddable":true,"href":"https:\/\/www.miamedicalitalia.it\/pt\/wp-json\/wp\/v2\/product_cat?post=14176"},{"taxonomy":"product_tag","embeddable":true,"href":"https:\/\/www.miamedicalitalia.it\/pt\/wp-json\/wp\/v2\/product_tag?post=14176"},{"taxonomy":"woo-feed-brand","embeddable":true,"href":"https:\/\/www.miamedicalitalia.it\/pt\/wp-json\/wp\/v2\/woo-feed-brand?post=14176"}],"curies":[{"name":"wp","href":"https:\/\/api.w.org\/{rel}","templated":true}]}}