{"id":14126,"date":"2025-07-21T13:35:45","date_gmt":"2025-07-21T11:35:45","guid":{"rendered":"https:\/\/www.miamedicalitalia.it\/?post_type=product&#038;p=14126"},"modified":"2026-03-06T17:10:44","modified_gmt":"2026-03-06T15:10:44","slug":"vendita-sollevatore-elettrico-soft","status":"publish","type":"product","link":"https:\/\/www.miamedicalitalia.it\/pt\/produto\/vendita-sollevatore-elettrico-soft\/","title":{"rendered":"Elevador de banho el\u00e9trico SOFT para venda"},"content":{"rendered":"<h4 class=\"wp-block-heading\" id=\"h-sollevatore-elettrico-soft-per-bagno-e-trasferimenti-pieghevole-compatto-e-facile-da-usare\">Guincho el\u00e9trico SOFT para banhos e transfer\u00eancias - dobr\u00e1vel, compacto e f\u00e1cil de utilizar<\/h4>\n\n\n\n<p>O <strong>Guincho el\u00e9trico SOFT<\/strong> \u00e9 um dispositivo m\u00e9dico concebido para facilitar a eleva\u00e7\u00e3o e a transfer\u00eancia de pessoas com mobilidade reduzida com total conforto e seguran\u00e7a. Gra\u00e7as \u00e0 sua <strong>arn\u00eas macio<\/strong> e o <strong>sistema de dobragem economizador de espa\u00e7o<\/strong>, \u00c9 perfeito para utiliza\u00e7\u00e3o em ambientes dom\u00e9sticos e profissionais, mesmo com espa\u00e7o limitado.<\/p>\n\n\n\n<p>Adequado para transfer\u00eancia <strong>da cama para o carrinho de beb\u00e9, da banheira para o cadeir\u00e3o<\/strong>ou para <strong>acompanhar uma pessoa num autom\u00f3vel<\/strong>, SOFT \u00e9 uma ajuda essencial para simplificar o trabalho dos prestadores de cuidados e dos membros da fam\u00edlia.<\/p>\n\n\n\n<h4 class=\"wp-block-heading\" id=\"h-caratteristiche-tecniche-del-sollevatore-soft\">Carater\u00edsticas t\u00e9cnicas do elevador SOFT<\/h4>\n\n\n\n<ul class=\"wp-block-list\">\n<li><strong>Sistema de eleva\u00e7\u00e3o el\u00e9ctrica com controlo manual<\/strong><\/li>\n\n\n\n<li><strong>Arn\u00eas macio, confort\u00e1vel e lav\u00e1vel<\/strong><\/li>\n\n\n\n<li><strong>Estrutura dobr\u00e1vel<\/strong> - apenas <strong>27 cm de profundidade<\/strong> quando fechado<\/li>\n\n\n\n<li><strong>Altura ajust\u00e1vel<\/strong> 40 a 73 cm<\/li>\n\n\n\n<li><strong>Largura quando aberto<\/strong>: 63 cm - <strong>passa facilmente atrav\u00e9s de portas de 53 cm<\/strong><\/li>\n\n\n\n<li><strong>Comprimento<\/strong>73 cm<\/li>\n\n\n\n<li><strong>Peso do dispositivo<\/strong>28 kg<\/li>\n\n\n\n<li><strong>Caudal m\u00e1ximo<\/strong>150 kg<\/li>\n\n\n\n<li><strong>Rodas girat\u00f3rias<\/strong> para uma f\u00e1cil manobrabilidade<\/li>\n\n\n\n<li><strong>Pegada pequena<\/strong> - ideal mesmo em divis\u00f5es pequenas<\/li>\n<\/ul>\n\n\n\n<h4 class=\"wp-block-heading\" id=\"h-a-chi-e-rivolto-il-sollevatore-elettrico-soft\">A quem se destina o elevador el\u00e9trico SOFT<\/h4>\n\n\n\n<p>O elevador SOFT foi concebido para:<\/p>\n\n\n\n<ul class=\"wp-block-list\">\n<li>Fam\u00edlias que cuidam de pessoas com dificuldades de mobilidade em casa<\/li>\n\n\n\n<li>Estabelecimentos de sa\u00fade, lares de idosos ou RSAs<\/li>\n\n\n\n<li>Trabalhadores de cuidados domicili\u00e1rios e prestadores de cuidados profissionais<\/li>\n\n\n\n<li>Pr\u00e1ticas de fisioterapia e ambientes de reabilita\u00e7\u00e3o<\/li>\n\n\n\n<li>Quem precisa de um auxiliar para acompanhar uma pessoa assistida no autom\u00f3vel<\/li>\n<\/ul>\n\n\n\n<h4 class=\"wp-block-heading\" id=\"h-vendita-e-noleggio-sollevatore-elettrico-soft-praticita-sicurezza-e-autonomia-ogni-giorno\">Venda e aluguer de guinchos el\u00e9ctricos SOFT: praticidade, seguran\u00e7a e autonomia todos os dias<br><\/h4>\n\n\n\n<p>Ter um elevador compacto e dobr\u00e1vel como o <strong>SUAVE<\/strong> melhora concretamente a vida quotidiana, tanto para quem recebe os cuidados como para quem os presta. Gra\u00e7as ao seu design leve e manobr\u00e1vel e \u00e0 <strong>arn\u00eas macio<\/strong>, cada transfer\u00eancia \u00e9 mais f\u00e1cil, mais segura e menos cansativa. O elevador SOFT \u00e9 uma escolha estrat\u00e9gica para quem precisa de um <strong>ajuda vers\u00e1til<\/strong>f\u00e1cil de guardar e <strong>imediatamente pronto a ser utilizado<\/strong> em qualquer altura.<br><br>Saiba mais sobre o nosso <strong><a href=\"https:\/\/www.miamedicalitalia.it\/pt\/categoria\/affitto-e-noleggio-ausili\/\">site todos os modelos e ajudas dispon\u00edveis: ferramentas concebidas para acompanhar as pessoas todos os dias em dire\u00e7\u00e3o a uma nova autonomia.<\/a><\/strong><\/p>\n\n\n\n<p>Todos os dias, esfor\u00e7amo-nos por fornecer aos nossos clientes todas as ferramentas necess\u00e1rias para os cuidados ao domic\u00edlio, para que possam receber os cuidados de que necessitam rodeados pelo afeto dos seus entes queridos. <strong>Escolha os servi\u00e7os de venda e aluguer da M.I.A. Medical Italia. <\/strong>As nossas ajudas s\u00e3o cuidadosamente selecionadas a partir dos melhores fornecedores, a fim de garantir uma <strong>servi\u00e7o de qualidade superior, com assist\u00eancia constante dos nossos profissionais, entrega r\u00e1pida ao domic\u00edlio em 24\/48 horas.<\/strong><\/p>\n\n\n\n<h4 class=\"wp-block-heading\" id=\"h-contatti-utili\">Contactos \u00fateis<\/h4>\n\n\n\n<p>De que \u00e9 que est\u00e1 \u00e0 espera! Ligue-nos agora para +<strong>39 392 65 09 237<\/strong> para solicitar o seu elevador hoje mesmo! Para al\u00e9m disso, basta enviar-nos uma mensagem em <strong><a href=\"https:\/\/wa.me\/393926509237\">whatsapp<\/a><\/strong> para levar a cabo a <strong>reserva<\/strong> ou para solicitar um <strong>consulta gratuita<\/strong>. O nosso <strong>t\u00e9cnicos especializados est\u00e3o sempre prontos para o esclarecer ou para o orientar, passo a passo, na escolha do aparelho que melhor se adapta \u00e0s suas necessidades.<\/strong><\/p>","protected":false},"excerpt":{"rendered":"<div style=\"font-family: Arial, sans-serif; background-color: #234091; padding: 30px; border-radius: 25px; max-width: 600px; color: #ffffff; position: relative; border-top: 6px solid #2498fe;\">\n<h3 style=\"margin-top: 0; margin-bottom: 15px; color: #ffffff;\">N\u00e3o perca a oferta especial!<\/h3>\n<p>Enquanto durarem os stocks.<\/p>\n<\/div>\n<p><!-- Linea bianca sotto --><\/p>\n<div style=\"height: 6px; background-color: #ffffff; max-width: 600px;\">\u00a0<\/div>","protected":false},"featured_media":14127,"template":"","meta":{"_acf_changed":false},"home-category":[263],"product_brand":[],"product_cat":[261,534],"product_tag":[],"woo-feed-brand":[],"class_list":{"0":"post-14126","1":"product","2":"type-product","3":"status-publish","4":"has-post-thumbnail","6":"home-category-ausili","7":"product_cat-vendita-ausili","8":"product_cat-vendita-sollevatori","9":"product_shipping_class-ausili-grandi","11":"first","12":"instock","13":"shipping-taxable","14":"purchasable","15":"product-type-simple"},"acf":[],"yoast_head":"<!-- This site is optimized with the Yoast SEO Premium plugin v27.5 (Yoast SEO v27.5) - https:\/\/yoast.com\/product\/yoast-seo-premium-wordpress\/ -->\n<title>Vendita sollevatore elettrico SOFT da bagno - Mia Medical<\/title>\n<meta name=\"description\" content=\"Sollevatore elettrico SOFT in vendita. Disponibilit\u00e0 immediata. Consegna rapida in 24\/48h. Il miglior rapporto qualit\u00e0 prezzo sul mercato! Chiama ora.\" \/>\n<meta name=\"robots\" content=\"index, follow, max-snippet:-1, max-image-preview:large, max-video-preview:-1\" \/>\n<link rel=\"canonical\" href=\"https:\/\/www.miamedicalitalia.it\/pt\/produto\/vendita-sollevatore-elettrico-soft\/\" \/>\n<meta property=\"og:locale\" content=\"pt_PT\" \/>\n<meta property=\"og:type\" content=\"article\" \/>\n<meta property=\"og:title\" content=\"Vendita sollevatore elettrico SOFT da bagno - Mia Medical\" \/>\n<meta property=\"og:description\" content=\"Sollevatore elettrico SOFT in vendita. Disponibilit\u00e0 immediata. Consegna rapida in 24\/48h. Il miglior rapporto qualit\u00e0 prezzo sul mercato! Chiama ora.\" \/>\n<meta property=\"og:url\" content=\"https:\/\/www.miamedicalitalia.it\/pt\/produto\/vendita-sollevatore-elettrico-soft\/\" \/>\n<meta property=\"og:site_name\" content=\"Mia Medical\" \/>\n<meta property=\"article:publisher\" content=\"https:\/\/www.facebook.com\/miamedicalitalia\" \/>\n<meta property=\"article:modified_time\" content=\"2026-03-06T15:10:44+00:00\" \/>\n<meta property=\"og:image\" content=\"https:\/\/www.miamedicalitalia.it\/wp-content\/uploads\/2025\/07\/2.jpg\" \/>\n\t<meta property=\"og:image:width\" content=\"1000\" \/>\n\t<meta property=\"og:image:height\" content=\"1000\" \/>\n\t<meta property=\"og:image:type\" content=\"image\/jpeg\" \/>\n<meta name=\"twitter:card\" content=\"summary_large_image\" \/>\n<meta name=\"twitter:label1\" content=\"Tempo estimado de leitura\" \/>\n\t<meta name=\"twitter:data1\" content=\"2 minutos\" \/>\n<script type=\"application\/ld+json\" class=\"yoast-schema-graph\">{\"@context\":\"https:\\\/\\\/schema.org\",\"@graph\":[{\"@type\":\"WebPage\",\"@id\":\"https:\\\/\\\/www.miamedicalitalia.it\\\/prodotto\\\/vendita-sollevatore-elettrico-soft\\\/\",\"url\":\"https:\\\/\\\/www.miamedicalitalia.it\\\/prodotto\\\/vendita-sollevatore-elettrico-soft\\\/\",\"name\":\"Vendita sollevatore elettrico SOFT da bagno - Mia Medical\",\"isPartOf\":{\"@id\":\"https:\\\/\\\/www.miamedicalitalia.it\\\/#website\"},\"primaryImageOfPage\":{\"@id\":\"https:\\\/\\\/www.miamedicalitalia.it\\\/prodotto\\\/vendita-sollevatore-elettrico-soft\\\/#primaryimage\"},\"image\":{\"@id\":\"https:\\\/\\\/www.miamedicalitalia.it\\\/prodotto\\\/vendita-sollevatore-elettrico-soft\\\/#primaryimage\"},\"thumbnailUrl\":\"https:\\\/\\\/www.miamedicalitalia.it\\\/wp-content\\\/uploads\\\/2025\\\/07\\\/2.jpg\",\"datePublished\":\"2025-07-21T11:35:45+00:00\",\"dateModified\":\"2026-03-06T15:10:44+00:00\",\"description\":\"Sollevatore elettrico SOFT in vendita. Disponibilit\u00e0 immediata. Consegna rapida in 24\\\/48h. Il miglior rapporto qualit\u00e0 prezzo sul mercato! Chiama ora.\",\"breadcrumb\":{\"@id\":\"https:\\\/\\\/www.miamedicalitalia.it\\\/prodotto\\\/vendita-sollevatore-elettrico-soft\\\/#breadcrumb\"},\"inLanguage\":\"pt-PT\",\"potentialAction\":[{\"@type\":\"ReadAction\",\"target\":[\"https:\\\/\\\/www.miamedicalitalia.it\\\/prodotto\\\/vendita-sollevatore-elettrico-soft\\\/\"]}]},{\"@type\":\"ImageObject\",\"inLanguage\":\"pt-PT\",\"@id\":\"https:\\\/\\\/www.miamedicalitalia.it\\\/prodotto\\\/vendita-sollevatore-elettrico-soft\\\/#primaryimage\",\"url\":\"https:\\\/\\\/www.miamedicalitalia.it\\\/wp-content\\\/uploads\\\/2025\\\/07\\\/2.jpg\",\"contentUrl\":\"https:\\\/\\\/www.miamedicalitalia.it\\\/wp-content\\\/uploads\\\/2025\\\/07\\\/2.jpg\",\"width\":1000,\"height\":1000},{\"@type\":\"BreadcrumbList\",\"@id\":\"https:\\\/\\\/www.miamedicalitalia.it\\\/prodotto\\\/vendita-sollevatore-elettrico-soft\\\/#breadcrumb\",\"itemListElement\":[{\"@type\":\"ListItem\",\"position\":1,\"name\":\"Home\",\"item\":\"https:\\\/\\\/www.miamedicalitalia.it\\\/\"},{\"@type\":\"ListItem\",\"position\":2,\"name\":\"Shop\",\"item\":\"https:\\\/\\\/www.miamedicalitalia.it\\\/negozio\\\/\"},{\"@type\":\"ListItem\",\"position\":3,\"name\":\"Vendita\",\"item\":\"https:\\\/\\\/www.miamedicalitalia.it\\\/categoria\\\/vendita-ausili\\\/\"},{\"@type\":\"ListItem\",\"position\":4,\"name\":\"Vendita sollevatore elettrico SOFT da bagno\"}]},{\"@type\":\"WebSite\",\"@id\":\"https:\\\/\\\/www.miamedicalitalia.it\\\/#website\",\"url\":\"https:\\\/\\\/www.miamedicalitalia.it\\\/\",\"name\":\"www.miamedicalitalia.it\",\"description\":\"Noleggio e Vendita Attrezzatura Sanitarie\",\"publisher\":{\"@id\":\"https:\\\/\\\/www.miamedicalitalia.it\\\/#organization\"},\"potentialAction\":[{\"@type\":\"SearchAction\",\"target\":{\"@type\":\"EntryPoint\",\"urlTemplate\":\"https:\\\/\\\/www.miamedicalitalia.it\\\/?s={search_term_string}\"},\"query-input\":{\"@type\":\"PropertyValueSpecification\",\"valueRequired\":true,\"valueName\":\"search_term_string\"}}],\"inLanguage\":\"pt-PT\"},{\"@type\":\"Organization\",\"@id\":\"https:\\\/\\\/www.miamedicalitalia.it\\\/#organization\",\"name\":\"OLG\",\"url\":\"https:\\\/\\\/www.miamedicalitalia.it\\\/\",\"logo\":{\"@type\":\"ImageObject\",\"inLanguage\":\"pt-PT\",\"@id\":\"https:\\\/\\\/www.miamedicalitalia.it\\\/#\\\/schema\\\/logo\\\/image\\\/\",\"url\":\"https:\\\/\\\/www.miamedicalitalia.it\\\/wp-content\\\/uploads\\\/2023\\\/04\\\/mia-medical-logo-free.png\",\"contentUrl\":\"https:\\\/\\\/www.miamedicalitalia.it\\\/wp-content\\\/uploads\\\/2023\\\/04\\\/mia-medical-logo-free.png\",\"width\":700,\"height\":700,\"caption\":\"OLG\"},\"image\":{\"@id\":\"https:\\\/\\\/www.miamedicalitalia.it\\\/#\\\/schema\\\/logo\\\/image\\\/\"},\"sameAs\":[\"https:\\\/\\\/www.facebook.com\\\/miamedicalitalia\"]}]}<\/script>\n<!-- \/ Yoast SEO Premium plugin. -->","yoast_head_json":{"title":"Elevador de banho el\u00e9trico SOFT para venda - Mia Medical","description":"Vende-se guincho el\u00e9trico SOFT. Disponibilidade imediata. Entrega r\u00e1pida em 24\/48h. A melhor rela\u00e7\u00e3o qualidade\/pre\u00e7o do mercado! Ligue agora.","robots":{"index":"index","follow":"follow","max-snippet":"max-snippet:-1","max-image-preview":"max-image-preview:large","max-video-preview":"max-video-preview:-1"},"canonical":"https:\/\/www.miamedicalitalia.it\/pt\/produto\/vendita-sollevatore-elettrico-soft\/","og_locale":"pt_PT","og_type":"article","og_title":"Vendita sollevatore elettrico SOFT da bagno - Mia Medical","og_description":"Sollevatore elettrico SOFT in vendita. Disponibilit\u00e0 immediata. Consegna rapida in 24\/48h. Il miglior rapporto qualit\u00e0 prezzo sul mercato! Chiama ora.","og_url":"https:\/\/www.miamedicalitalia.it\/pt\/produto\/vendita-sollevatore-elettrico-soft\/","og_site_name":"Mia Medical","article_publisher":"https:\/\/www.facebook.com\/miamedicalitalia","article_modified_time":"2026-03-06T15:10:44+00:00","og_image":[{"width":1000,"height":1000,"url":"https:\/\/www.miamedicalitalia.it\/wp-content\/uploads\/2025\/07\/2.jpg","type":"image\/jpeg"}],"twitter_card":"summary_large_image","twitter_misc":{"Tempo estimado de leitura":"2 minutos"},"schema":{"@context":"https:\/\/schema.org","@graph":[{"@type":"WebPage","@id":"https:\/\/www.miamedicalitalia.it\/prodotto\/vendita-sollevatore-elettrico-soft\/","url":"https:\/\/www.miamedicalitalia.it\/prodotto\/vendita-sollevatore-elettrico-soft\/","name":"Elevador de banho el\u00e9trico SOFT para venda - Mia Medical","isPartOf":{"@id":"https:\/\/www.miamedicalitalia.it\/#website"},"primaryImageOfPage":{"@id":"https:\/\/www.miamedicalitalia.it\/prodotto\/vendita-sollevatore-elettrico-soft\/#primaryimage"},"image":{"@id":"https:\/\/www.miamedicalitalia.it\/prodotto\/vendita-sollevatore-elettrico-soft\/#primaryimage"},"thumbnailUrl":"https:\/\/www.miamedicalitalia.it\/wp-content\/uploads\/2025\/07\/2.jpg","datePublished":"2025-07-21T11:35:45+00:00","dateModified":"2026-03-06T15:10:44+00:00","description":"Vende-se guincho el\u00e9trico SOFT. Disponibilidade imediata. Entrega r\u00e1pida em 24\/48h. A melhor rela\u00e7\u00e3o qualidade\/pre\u00e7o do mercado! Ligue agora.","breadcrumb":{"@id":"https:\/\/www.miamedicalitalia.it\/prodotto\/vendita-sollevatore-elettrico-soft\/#breadcrumb"},"inLanguage":"pt-PT","potentialAction":[{"@type":"ReadAction","target":["https:\/\/www.miamedicalitalia.it\/prodotto\/vendita-sollevatore-elettrico-soft\/"]}]},{"@type":"ImageObject","inLanguage":"pt-PT","@id":"https:\/\/www.miamedicalitalia.it\/prodotto\/vendita-sollevatore-elettrico-soft\/#primaryimage","url":"https:\/\/www.miamedicalitalia.it\/wp-content\/uploads\/2025\/07\/2.jpg","contentUrl":"https:\/\/www.miamedicalitalia.it\/wp-content\/uploads\/2025\/07\/2.jpg","width":1000,"height":1000},{"@type":"BreadcrumbList","@id":"https:\/\/www.miamedicalitalia.it\/prodotto\/vendita-sollevatore-elettrico-soft\/#breadcrumb","itemListElement":[{"@type":"ListItem","position":1,"name":"Home","item":"https:\/\/www.miamedicalitalia.it\/"},{"@type":"ListItem","position":2,"name":"Shop","item":"https:\/\/www.miamedicalitalia.it\/negozio\/"},{"@type":"ListItem","position":3,"name":"Vendita","item":"https:\/\/www.miamedicalitalia.it\/categoria\/vendita-ausili\/"},{"@type":"ListItem","position":4,"name":"Vendita sollevatore elettrico SOFT da bagno"}]},{"@type":"WebSite","@id":"https:\/\/www.miamedicalitalia.it\/#website","url":"https:\/\/www.miamedicalitalia.it\/","name":"www.miamedicalitalia.it","description":"Aluguer e venda de equipamento sanit\u00e1rio","publisher":{"@id":"https:\/\/www.miamedicalitalia.it\/#organization"},"potentialAction":[{"@type":"SearchAction","target":{"@type":"EntryPoint","urlTemplate":"https:\/\/www.miamedicalitalia.it\/?s={search_term_string}"},"query-input":{"@type":"PropertyValueSpecification","valueRequired":true,"valueName":"search_term_string"}}],"inLanguage":"pt-PT"},{"@type":"Organization","@id":"https:\/\/www.miamedicalitalia.it\/#organization","name":"OLG","url":"https:\/\/www.miamedicalitalia.it\/","logo":{"@type":"ImageObject","inLanguage":"pt-PT","@id":"https:\/\/www.miamedicalitalia.it\/#\/schema\/logo\/image\/","url":"https:\/\/www.miamedicalitalia.it\/wp-content\/uploads\/2023\/04\/mia-medical-logo-free.png","contentUrl":"https:\/\/www.miamedicalitalia.it\/wp-content\/uploads\/2023\/04\/mia-medical-logo-free.png","width":700,"height":700,"caption":"OLG"},"image":{"@id":"https:\/\/www.miamedicalitalia.it\/#\/schema\/logo\/image\/"},"sameAs":["https:\/\/www.facebook.com\/miamedicalitalia"]}]}},"wcpa_form_fields":null,"_links":{"self":[{"href":"https:\/\/www.miamedicalitalia.it\/pt\/wp-json\/wp\/v2\/product\/14126","targetHints":{"allow":["GET"]}}],"collection":[{"href":"https:\/\/www.miamedicalitalia.it\/pt\/wp-json\/wp\/v2\/product"}],"about":[{"href":"https:\/\/www.miamedicalitalia.it\/pt\/wp-json\/wp\/v2\/types\/product"}],"wp:featuredmedia":[{"embeddable":true,"href":"https:\/\/www.miamedicalitalia.it\/pt\/wp-json\/wp\/v2\/media\/14127"}],"wp:attachment":[{"href":"https:\/\/www.miamedicalitalia.it\/pt\/wp-json\/wp\/v2\/media?parent=14126"}],"wp:term":[{"taxonomy":"home-category","embeddable":true,"href":"https:\/\/www.miamedicalitalia.it\/pt\/wp-json\/wp\/v2\/home-category?post=14126"},{"taxonomy":"product_brand","embeddable":true,"href":"https:\/\/www.miamedicalitalia.it\/pt\/wp-json\/wp\/v2\/product_brand?post=14126"},{"taxonomy":"product_cat","embeddable":true,"href":"https:\/\/www.miamedicalitalia.it\/pt\/wp-json\/wp\/v2\/product_cat?post=14126"},{"taxonomy":"product_tag","embeddable":true,"href":"https:\/\/www.miamedicalitalia.it\/pt\/wp-json\/wp\/v2\/product_tag?post=14126"},{"taxonomy":"woo-feed-brand","embeddable":true,"href":"https:\/\/www.miamedicalitalia.it\/pt\/wp-json\/wp\/v2\/woo-feed-brand?post=14126"}],"curies":[{"name":"wp","href":"https:\/\/api.w.org\/{rel}","templated":true}]}}