{"id":14107,"date":"2025-07-21T13:16:42","date_gmt":"2025-07-21T11:16:42","guid":{"rendered":"https:\/\/www.miamedicalitalia.it\/?post_type=product&#038;p=14107"},"modified":"2026-03-06T17:10:34","modified_gmt":"2026-03-06T15:10:34","slug":"vendita-sollevatore-elettrico-go-up","status":"publish","type":"product","link":"https:\/\/www.miamedicalitalia.it\/pt\/produto\/vendita-sollevatore-elettrico-go-up\/","title":{"rendered":"GO UP Electric Lift para venda"},"content":{"rendered":"<h3 class=\"wp-block-heading\" id=\"h-vendita-sollevatore-elettrico-per-anziani-per-uso-sanitario-al-bagno-un-supporto-essenziale-per-la-mobilita-assistita\">Vendita Sollevatore elettrico per anziani per uso sanitario al bagno : un supporto essenziale per la mobilit\u00e0 assistita.<\/h3>\n\n\n\n<p>O <strong>Guincho el\u00e9trico GO UP<\/strong> per anziani \u00e8 un dispositivo medicale progettato per il <strong>trasferimento sicuro e confortevole di persone con ridotta capacit\u00e0 motoria e per l&#8217;uso in bagno.<\/strong> Ideal para uma utiliza\u00e7\u00e3o cont\u00ednua e quotidiana, \u00e9 uma escolha estrat\u00e9gica para quem pretende assegurar um cuidado constante ao longo do tempo, seja no ambiente dom\u00e9stico ou profissional.<\/p>\n\n\n\n<p>Indicato per il passaggio dal letto alla carrozzina o della poltrona \u00e8 sopratutto ideal per il  bagno o in qualsiasi situazione di spostamento nei piccoli spazi , il GO UP si rivela un ausilio indispensabile per mantenere la sicurezza dell\u2019assistito, migliorando al contempo la qualit\u00e0 del lavoro del caregiver.<\/p>\n\n\n\n<h4 class=\"wp-block-heading\" id=\"h-caratteristiche-tecniche-del-modello-go-up\">Carater\u00edsticas t\u00e9cnicas do modelo GO UP<\/h4>\n\n\n\n<ul class=\"wp-block-list\">\n<li>Elevador el\u00e9trico com comando manual<\/li>\n\n\n\n<li>Altura regul\u00e1vel de 40 a 73 cm<\/li>\n\n\n\n<li>Ecr\u00e3 digital com indicador do n\u00edvel da bateria<\/li>\n\n\n\n<li>Capacidade m\u00e1xima de carga: 150 kg<\/li>\n\n\n\n<li>Estrutura robusta e quadro refor\u00e7ado<\/li>\n\n\n\n<li>4 rodas girat\u00f3rias com trav\u00f5es traseiros<\/li>\n\n\n\n<li>Assento ergon\u00f3mico amov\u00edvel, imperme\u00e1vel e almofadado<\/li>\n\n\n\n<li>Encosto estofado, apoios para os bra\u00e7os e apoios para os p\u00e9s antiderrapantes<\/li>\n\n\n\n<li>Abertura central no assento para uso sanit\u00e1rio (fun\u00e7\u00e3o sanit\u00e1ria)<\/li>\n<\/ul>\n\n\n\n<h3 class=\"wp-block-heading\" id=\"h-a-chi-e-indicato-l-acquisto-del-sollevatore-elettrico-go-up\">A quem \u00e9 recomendada a compra do elevador el\u00e9trico GO UP?<\/h3>\n\n\n\n<p>O servi\u00e7o de venda de guinchos el\u00e9ctricos foi concebido especialmente para :<\/p>\n\n\n\n<ul class=\"wp-block-list\">\n<li><strong>Fam\u00edlias<\/strong> che assistono quotidianamente un parente con mobilit\u00e0 ridotta e vogliono un valido aiuto per i spostamenti in bagno. <\/li>\n\n\n\n<li><strong>Estabelecimentos de sa\u00fade e lares de idosos<\/strong> que necessitam do seu pr\u00f3prio dispositivo permanente<\/li>\n\n\n\n<li><strong>Trabalhadores e prestadores de cuidados ao domic\u00edlio <\/strong>trabalhar continuamente com o mesmo doente<\/li>\n\n\n\n<li><strong>Centros de fisioterapia ou de reabilita\u00e7\u00e3o<\/strong> que pretendam adquirir equipamento profissional<\/li>\n<\/ul>\n\n\n\n<p>Investir num diferencial significa garantir seguran\u00e7a e tranquilidade ao longo do tempo para quem vive ou trabalha em ambientes de cuidados continuados.<br><\/p>\n\n\n\n<h3 class=\"wp-block-heading\" id=\"h-vendita-sollevatore-elettrico-go-up-per-anziani-comfort-sicurezza-e-autonomia-ogni-giorno\"><strong>Vendita sollevatore elettrico GO UP per anziani: comfort, sicurezza e autonomia ogni giorno<\/strong><\/h3>\n\n\n\n<p>Disporre di un sollevatore personale migliora significativamente la quotidianit\u00e0, sia per chi riceve assistenza sia per chi la presta. Grazie al GO UP, ogni movimento diventa pi\u00f9 semplice, pi\u00f9 sicuro e meno stressante. Inoltre, scegliere il GO UP significa dotarsi di un ausilio durevole, affidabile e di qualit\u00e0, pensato per resistere nel tempo e garantire assistenza professionale e continua. \u00c8 una soluzione ideale per chi ha bisogno di un supporto  idoneo al bagno, sotto la doccia e per tutti spostamenti , fisso e sempre disponibile! <br><\/p>\n\n\n\n<p>Saiba mais sobre o nosso <strong><a href=\"https:\/\/www.miamedicalitalia.it\/pt\/categoria\/affitto-e-noleggio-ausili\/\">site todos os modelos e ajudas dispon\u00edveis: ferramentas concebidas para acompanhar as pessoas todos os dias em dire\u00e7\u00e3o a uma nova autonomia.<\/a><\/strong><\/p>\n\n\n\n<p>Todos os dias, esfor\u00e7amo-nos por fornecer aos nossos clientes todas as ferramentas necess\u00e1rias para os cuidados ao domic\u00edlio, para que possam receber os cuidados de que necessitam rodeados pelo afeto dos seus entes queridos. <strong>Escolha os servi\u00e7os de venda e aluguer da M.I.A. Medical Italia. <\/strong>As nossas ajudas s\u00e3o cuidadosamente selecionadas a partir dos melhores fornecedores, a fim de garantir uma <strong>servi\u00e7o de qualidade superior, com assist\u00eancia constante dos nossos profissionais, entrega r\u00e1pida ao domic\u00edlio em 24\/48 horas.<\/strong><\/p>\n\n\n\n<h4 class=\"wp-block-heading\" id=\"h-contatti-utili\">Contactos \u00fateis<\/h4>\n\n\n\n<p>De que \u00e9 que est\u00e1 \u00e0 espera! Ligue-nos agora para +<strong>39 392 65 09 237<\/strong> para solicitar o seu elevador hoje mesmo! Para al\u00e9m disso, basta enviar-nos uma mensagem em <strong><a href=\"https:\/\/wa.me\/393926509237\">whatsapp<\/a><\/strong> para levar a cabo a <strong>reserva<\/strong> ou para solicitar um <strong>consulta gratuita<\/strong>. O nosso <strong>t\u00e9cnicos especializados est\u00e3o sempre prontos para o esclarecer ou para o orientar, passo a passo, na escolha do aparelho que melhor se adapta \u00e0s suas necessidades.<\/strong><\/p>\n\n\n\n<p><\/p>","protected":false},"excerpt":{"rendered":"<div style=\"font-family: Arial, sans-serif; background-color: #234091; padding: 30px; border-radius: 25px; max-width: 600px; color: #ffffff; position: relative; border-top: 6px solid #2498fe;\">\n<h3 style=\"margin-top: 0; margin-bottom: 15px; color: #ffffff;\">N\u00e3o perca a oferta especial!<\/h3>\n<p>O <strong>Guincho el\u00e9trico GO UP<\/strong> \u00e9 um dispositivo m\u00e9dico concebido para a <strong>transfer\u00eancia segura e confort\u00e1vel de pessoas com mobilidade reduzida.<\/strong> <\/p>\n<p>Ideal para uma utiliza\u00e7\u00e3o cont\u00ednua e quotidiana.<\/p>\n<p>Enquanto durarem os stocks.<\/p>\n<\/div>\n<p><!-- Linea bianca sotto --><\/p>\n<div style=\"height: 6px; background-color: #ffffff; max-width: 600px;\">\u00a0<\/div>","protected":false},"featured_media":14105,"template":"","meta":{"_acf_changed":false},"home-category":[263],"product_brand":[],"product_cat":[261,534],"product_tag":[],"woo-feed-brand":[],"class_list":{"0":"post-14107","1":"product","2":"type-product","3":"status-publish","4":"has-post-thumbnail","6":"home-category-ausili","7":"product_cat-vendita-ausili","8":"product_cat-vendita-sollevatori","9":"product_shipping_class-ausili-grandi","11":"first","12":"instock","13":"sale","14":"shipping-taxable","15":"purchasable","16":"product-type-simple"},"acf":[],"yoast_head":"<!-- This site is optimized with the Yoast SEO Premium plugin v27.5 (Yoast SEO v27.5) - https:\/\/yoast.com\/product\/yoast-seo-premium-wordpress\/ -->\n<title>Vendita Sollevatore Elettrico GO UP - Mia Medical<\/title>\n<meta name=\"description\" content=\"Sollevatore elettrico GO UP da bagno per anziani in vendita. Disponibilit\u00e0 immediata. Consegna rapida in 24\/48h. Il miglior qualit\u00e0 prezzo sul mercato!\" \/>\n<meta name=\"robots\" content=\"index, follow, max-snippet:-1, max-image-preview:large, max-video-preview:-1\" \/>\n<link rel=\"canonical\" href=\"https:\/\/www.miamedicalitalia.it\/pt\/produto\/vendita-sollevatore-elettrico-go-up\/\" \/>\n<meta property=\"og:locale\" content=\"pt_PT\" \/>\n<meta property=\"og:type\" content=\"article\" \/>\n<meta property=\"og:title\" content=\"Vendita Sollevatore Elettrico GO UP - Mia Medical\" \/>\n<meta property=\"og:description\" content=\"Sollevatore elettrico GO UP da bagno per anziani in vendita. Disponibilit\u00e0 immediata. Consegna rapida in 24\/48h. Il miglior qualit\u00e0 prezzo sul mercato!\" \/>\n<meta property=\"og:url\" content=\"https:\/\/www.miamedicalitalia.it\/pt\/produto\/vendita-sollevatore-elettrico-go-up\/\" \/>\n<meta property=\"og:site_name\" content=\"Mia Medical\" \/>\n<meta property=\"article:publisher\" content=\"https:\/\/www.facebook.com\/miamedicalitalia\" \/>\n<meta property=\"article:modified_time\" content=\"2026-03-06T15:10:34+00:00\" \/>\n<meta property=\"og:image\" content=\"https:\/\/www.miamedicalitalia.it\/wp-content\/uploads\/2025\/07\/IMG_4189.jpeg\" \/>\n\t<meta property=\"og:image:width\" content=\"1034\" \/>\n\t<meta property=\"og:image:height\" content=\"1034\" \/>\n\t<meta property=\"og:image:type\" content=\"image\/jpeg\" \/>\n<meta name=\"twitter:card\" content=\"summary_large_image\" \/>\n<meta name=\"twitter:label1\" content=\"Tempo estimado de leitura\" \/>\n\t<meta name=\"twitter:data1\" content=\"3 minutos\" \/>\n<script type=\"application\/ld+json\" class=\"yoast-schema-graph\">{\"@context\":\"https:\\\/\\\/schema.org\",\"@graph\":[{\"@type\":\"WebPage\",\"@id\":\"https:\\\/\\\/www.miamedicalitalia.it\\\/prodotto\\\/vendita-sollevatore-elettrico-go-up\\\/\",\"url\":\"https:\\\/\\\/www.miamedicalitalia.it\\\/prodotto\\\/vendita-sollevatore-elettrico-go-up\\\/\",\"name\":\"Vendita Sollevatore Elettrico GO UP - Mia Medical\",\"isPartOf\":{\"@id\":\"https:\\\/\\\/www.miamedicalitalia.it\\\/#website\"},\"primaryImageOfPage\":{\"@id\":\"https:\\\/\\\/www.miamedicalitalia.it\\\/prodotto\\\/vendita-sollevatore-elettrico-go-up\\\/#primaryimage\"},\"image\":{\"@id\":\"https:\\\/\\\/www.miamedicalitalia.it\\\/prodotto\\\/vendita-sollevatore-elettrico-go-up\\\/#primaryimage\"},\"thumbnailUrl\":\"https:\\\/\\\/www.miamedicalitalia.it\\\/wp-content\\\/uploads\\\/2025\\\/07\\\/IMG_4189.jpeg\",\"datePublished\":\"2025-07-21T11:16:42+00:00\",\"dateModified\":\"2026-03-06T15:10:34+00:00\",\"description\":\"Sollevatore elettrico GO UP da bagno per anziani in vendita. Disponibilit\u00e0 immediata. Consegna rapida in 24\\\/48h. Il miglior qualit\u00e0 prezzo sul mercato!\",\"breadcrumb\":{\"@id\":\"https:\\\/\\\/www.miamedicalitalia.it\\\/prodotto\\\/vendita-sollevatore-elettrico-go-up\\\/#breadcrumb\"},\"inLanguage\":\"pt-PT\",\"potentialAction\":[{\"@type\":\"ReadAction\",\"target\":[\"https:\\\/\\\/www.miamedicalitalia.it\\\/prodotto\\\/vendita-sollevatore-elettrico-go-up\\\/\"]}]},{\"@type\":\"ImageObject\",\"inLanguage\":\"pt-PT\",\"@id\":\"https:\\\/\\\/www.miamedicalitalia.it\\\/prodotto\\\/vendita-sollevatore-elettrico-go-up\\\/#primaryimage\",\"url\":\"https:\\\/\\\/www.miamedicalitalia.it\\\/wp-content\\\/uploads\\\/2025\\\/07\\\/IMG_4189.jpeg\",\"contentUrl\":\"https:\\\/\\\/www.miamedicalitalia.it\\\/wp-content\\\/uploads\\\/2025\\\/07\\\/IMG_4189.jpeg\",\"width\":1034,\"height\":1034,\"caption\":\"Noleggio e vendita sollevatore elettrico GO UP\"},{\"@type\":\"BreadcrumbList\",\"@id\":\"https:\\\/\\\/www.miamedicalitalia.it\\\/prodotto\\\/vendita-sollevatore-elettrico-go-up\\\/#breadcrumb\",\"itemListElement\":[{\"@type\":\"ListItem\",\"position\":1,\"name\":\"Home\",\"item\":\"https:\\\/\\\/www.miamedicalitalia.it\\\/\"},{\"@type\":\"ListItem\",\"position\":2,\"name\":\"Shop\",\"item\":\"https:\\\/\\\/www.miamedicalitalia.it\\\/negozio\\\/\"},{\"@type\":\"ListItem\",\"position\":3,\"name\":\"Vendita\",\"item\":\"https:\\\/\\\/www.miamedicalitalia.it\\\/categoria\\\/vendita-ausili\\\/\"},{\"@type\":\"ListItem\",\"position\":4,\"name\":\"Vendita Sollevatore Elettrico GO UP\"}]},{\"@type\":\"WebSite\",\"@id\":\"https:\\\/\\\/www.miamedicalitalia.it\\\/#website\",\"url\":\"https:\\\/\\\/www.miamedicalitalia.it\\\/\",\"name\":\"www.miamedicalitalia.it\",\"description\":\"Noleggio e Vendita Attrezzatura Sanitarie\",\"publisher\":{\"@id\":\"https:\\\/\\\/www.miamedicalitalia.it\\\/#organization\"},\"potentialAction\":[{\"@type\":\"SearchAction\",\"target\":{\"@type\":\"EntryPoint\",\"urlTemplate\":\"https:\\\/\\\/www.miamedicalitalia.it\\\/?s={search_term_string}\"},\"query-input\":{\"@type\":\"PropertyValueSpecification\",\"valueRequired\":true,\"valueName\":\"search_term_string\"}}],\"inLanguage\":\"pt-PT\"},{\"@type\":\"Organization\",\"@id\":\"https:\\\/\\\/www.miamedicalitalia.it\\\/#organization\",\"name\":\"OLG\",\"url\":\"https:\\\/\\\/www.miamedicalitalia.it\\\/\",\"logo\":{\"@type\":\"ImageObject\",\"inLanguage\":\"pt-PT\",\"@id\":\"https:\\\/\\\/www.miamedicalitalia.it\\\/#\\\/schema\\\/logo\\\/image\\\/\",\"url\":\"https:\\\/\\\/www.miamedicalitalia.it\\\/wp-content\\\/uploads\\\/2023\\\/04\\\/mia-medical-logo-free.png\",\"contentUrl\":\"https:\\\/\\\/www.miamedicalitalia.it\\\/wp-content\\\/uploads\\\/2023\\\/04\\\/mia-medical-logo-free.png\",\"width\":700,\"height\":700,\"caption\":\"OLG\"},\"image\":{\"@id\":\"https:\\\/\\\/www.miamedicalitalia.it\\\/#\\\/schema\\\/logo\\\/image\\\/\"},\"sameAs\":[\"https:\\\/\\\/www.facebook.com\\\/miamedicalitalia\"]}]}<\/script>\n<!-- \/ Yoast SEO Premium plugin. -->","yoast_head_json":{"title":"Elevador el\u00e9trico GO UP para venda - Mia Medical","description":"Sollevatore elettrico GO UP da bagno per anziani in vendita. Disponibilit\u00e0 immediata. Consegna rapida in 24\/48h. Il miglior qualit\u00e0 prezzo sul mercato!","robots":{"index":"index","follow":"follow","max-snippet":"max-snippet:-1","max-image-preview":"max-image-preview:large","max-video-preview":"max-video-preview:-1"},"canonical":"https:\/\/www.miamedicalitalia.it\/pt\/produto\/vendita-sollevatore-elettrico-go-up\/","og_locale":"pt_PT","og_type":"article","og_title":"Vendita Sollevatore Elettrico GO UP - Mia Medical","og_description":"Sollevatore elettrico GO UP da bagno per anziani in vendita. Disponibilit\u00e0 immediata. Consegna rapida in 24\/48h. Il miglior qualit\u00e0 prezzo sul mercato!","og_url":"https:\/\/www.miamedicalitalia.it\/pt\/produto\/vendita-sollevatore-elettrico-go-up\/","og_site_name":"Mia Medical","article_publisher":"https:\/\/www.facebook.com\/miamedicalitalia","article_modified_time":"2026-03-06T15:10:34+00:00","og_image":[{"width":1034,"height":1034,"url":"https:\/\/www.miamedicalitalia.it\/wp-content\/uploads\/2025\/07\/IMG_4189.jpeg","type":"image\/jpeg"}],"twitter_card":"summary_large_image","twitter_misc":{"Tempo estimado de leitura":"3 minutos"},"schema":{"@context":"https:\/\/schema.org","@graph":[{"@type":"WebPage","@id":"https:\/\/www.miamedicalitalia.it\/prodotto\/vendita-sollevatore-elettrico-go-up\/","url":"https:\/\/www.miamedicalitalia.it\/prodotto\/vendita-sollevatore-elettrico-go-up\/","name":"Elevador el\u00e9trico GO UP para venda - Mia Medical","isPartOf":{"@id":"https:\/\/www.miamedicalitalia.it\/#website"},"primaryImageOfPage":{"@id":"https:\/\/www.miamedicalitalia.it\/prodotto\/vendita-sollevatore-elettrico-go-up\/#primaryimage"},"image":{"@id":"https:\/\/www.miamedicalitalia.it\/prodotto\/vendita-sollevatore-elettrico-go-up\/#primaryimage"},"thumbnailUrl":"https:\/\/www.miamedicalitalia.it\/wp-content\/uploads\/2025\/07\/IMG_4189.jpeg","datePublished":"2025-07-21T11:16:42+00:00","dateModified":"2026-03-06T15:10:34+00:00","description":"Sollevatore elettrico GO UP da bagno per anziani in vendita. Disponibilit\u00e0 immediata. Consegna rapida in 24\/48h. Il miglior qualit\u00e0 prezzo sul mercato!","breadcrumb":{"@id":"https:\/\/www.miamedicalitalia.it\/prodotto\/vendita-sollevatore-elettrico-go-up\/#breadcrumb"},"inLanguage":"pt-PT","potentialAction":[{"@type":"ReadAction","target":["https:\/\/www.miamedicalitalia.it\/prodotto\/vendita-sollevatore-elettrico-go-up\/"]}]},{"@type":"ImageObject","inLanguage":"pt-PT","@id":"https:\/\/www.miamedicalitalia.it\/prodotto\/vendita-sollevatore-elettrico-go-up\/#primaryimage","url":"https:\/\/www.miamedicalitalia.it\/wp-content\/uploads\/2025\/07\/IMG_4189.jpeg","contentUrl":"https:\/\/www.miamedicalitalia.it\/wp-content\/uploads\/2025\/07\/IMG_4189.jpeg","width":1034,"height":1034,"caption":"Noleggio e vendita sollevatore elettrico GO UP"},{"@type":"BreadcrumbList","@id":"https:\/\/www.miamedicalitalia.it\/prodotto\/vendita-sollevatore-elettrico-go-up\/#breadcrumb","itemListElement":[{"@type":"ListItem","position":1,"name":"Home","item":"https:\/\/www.miamedicalitalia.it\/"},{"@type":"ListItem","position":2,"name":"Shop","item":"https:\/\/www.miamedicalitalia.it\/negozio\/"},{"@type":"ListItem","position":3,"name":"Vendita","item":"https:\/\/www.miamedicalitalia.it\/categoria\/vendita-ausili\/"},{"@type":"ListItem","position":4,"name":"Vendita Sollevatore Elettrico GO UP"}]},{"@type":"WebSite","@id":"https:\/\/www.miamedicalitalia.it\/#website","url":"https:\/\/www.miamedicalitalia.it\/","name":"www.miamedicalitalia.it","description":"Aluguer e venda de equipamento sanit\u00e1rio","publisher":{"@id":"https:\/\/www.miamedicalitalia.it\/#organization"},"potentialAction":[{"@type":"SearchAction","target":{"@type":"EntryPoint","urlTemplate":"https:\/\/www.miamedicalitalia.it\/?s={search_term_string}"},"query-input":{"@type":"PropertyValueSpecification","valueRequired":true,"valueName":"search_term_string"}}],"inLanguage":"pt-PT"},{"@type":"Organization","@id":"https:\/\/www.miamedicalitalia.it\/#organization","name":"OLG","url":"https:\/\/www.miamedicalitalia.it\/","logo":{"@type":"ImageObject","inLanguage":"pt-PT","@id":"https:\/\/www.miamedicalitalia.it\/#\/schema\/logo\/image\/","url":"https:\/\/www.miamedicalitalia.it\/wp-content\/uploads\/2023\/04\/mia-medical-logo-free.png","contentUrl":"https:\/\/www.miamedicalitalia.it\/wp-content\/uploads\/2023\/04\/mia-medical-logo-free.png","width":700,"height":700,"caption":"OLG"},"image":{"@id":"https:\/\/www.miamedicalitalia.it\/#\/schema\/logo\/image\/"},"sameAs":["https:\/\/www.facebook.com\/miamedicalitalia"]}]}},"wcpa_form_fields":null,"_links":{"self":[{"href":"https:\/\/www.miamedicalitalia.it\/pt\/wp-json\/wp\/v2\/product\/14107","targetHints":{"allow":["GET"]}}],"collection":[{"href":"https:\/\/www.miamedicalitalia.it\/pt\/wp-json\/wp\/v2\/product"}],"about":[{"href":"https:\/\/www.miamedicalitalia.it\/pt\/wp-json\/wp\/v2\/types\/product"}],"wp:featuredmedia":[{"embeddable":true,"href":"https:\/\/www.miamedicalitalia.it\/pt\/wp-json\/wp\/v2\/media\/14105"}],"wp:attachment":[{"href":"https:\/\/www.miamedicalitalia.it\/pt\/wp-json\/wp\/v2\/media?parent=14107"}],"wp:term":[{"taxonomy":"home-category","embeddable":true,"href":"https:\/\/www.miamedicalitalia.it\/pt\/wp-json\/wp\/v2\/home-category?post=14107"},{"taxonomy":"product_brand","embeddable":true,"href":"https:\/\/www.miamedicalitalia.it\/pt\/wp-json\/wp\/v2\/product_brand?post=14107"},{"taxonomy":"product_cat","embeddable":true,"href":"https:\/\/www.miamedicalitalia.it\/pt\/wp-json\/wp\/v2\/product_cat?post=14107"},{"taxonomy":"product_tag","embeddable":true,"href":"https:\/\/www.miamedicalitalia.it\/pt\/wp-json\/wp\/v2\/product_tag?post=14107"},{"taxonomy":"woo-feed-brand","embeddable":true,"href":"https:\/\/www.miamedicalitalia.it\/pt\/wp-json\/wp\/v2\/woo-feed-brand?post=14107"}],"curies":[{"name":"wp","href":"https:\/\/api.w.org\/{rel}","templated":true}]}}