{"id":13504,"date":"2025-02-05T20:48:08","date_gmt":"2025-02-05T18:48:08","guid":{"rendered":"https:\/\/www.miamedicalitalia.it\/?post_type=product&#038;p=13504"},"modified":"2026-04-20T19:38:30","modified_gmt":"2026-04-20T17:38:30","slug":"vendita-carrozzina-elettrica-ultraleggera-pieghevole","status":"publish","type":"product","link":"https:\/\/www.miamedicalitalia.it\/pt\/produto\/vendita-carrozzina-elettrica-ultraleggera-pieghevole\/","title":{"rendered":"Vendita Carrozzina Elettrica Ultraleggera Pieghevole Starlight"},"content":{"rendered":"<h2 class=\"wp-block-heading\" id=\"h-la-carrozzina-elettrica-pieghevole-ultraleggera-n-1-sul-mercato\">A cadeira de rodas el\u00e9ctrica dobr\u00e1vel ultraleve n\u00ba 1 do mercado <\/h2>\n\n\n\n<p>Imagine ser capaz de se mover&nbsp;<strong>com total autonomia<\/strong>sem esfor\u00e7o e sem limites. Com&nbsp;<strong>LUZ ESTRELADA<\/strong>, a cadeira de rodas el\u00e9ctrica mais&nbsp;<strong>leve, manobr\u00e1vel e tecnologicamente avan\u00e7ado<\/strong>\u00e9 poss\u00edvel. Concebido para oferecer&nbsp;<strong>m\u00e1ximo conforto, seguran\u00e7a e desempenho imbat\u00edvel<\/strong>\u00e9 a escolha ideal para quem procura&nbsp;<strong>o melhor<\/strong>&nbsp;no dom\u00ednio da mobilidade assistida.<\/p>\n\n\n\n<p>Saiba mais sobre o Starlight: liberdade de movimentos sem compromissos. Leia tamb\u00e9m o artigo dedicado: <a href=\"https:\/\/www.miamedicalitalia.it\/pt\/starlight-la-carrozzina-elettrica-pieghevole-ultraleggera-di-solo-145kg\/\">https:\/\/www.miamedicalitalia.it\/starlight-la-carrozzina-elettrica-pieghevole-ultraleggera-d<\/a><a href=\"https:\/\/www.miamedicalitalia.it\/pt\/starlight-la-carrozzina-elettrica-pieghevole-ultraleggera-di-solo-145kg\/\" target=\"_blank\" rel=\"noreferrer noopener\">i-solo-145kg\/<\/a><\/p>\n\n\n\n<h2 class=\"wp-block-heading\" id=\"h-cosa-rende-starlight-la-migliore\">O que faz de STARLIGHT o MELHOR<\/h2>\n\n\n\n<h4 class=\"wp-block-heading\" id=\"h-1-ultraleggera-e-pieghevole-la-piu-facile-da-trasportare\">1. ULTRALIGEIRO E DOBR\u00c1VEL: o mais f\u00e1cil de transportar<\/h4>\n\n\n\n<p>Dimentica le carrozzine ingombranti e pesanti!\u00a0La carrozzina elettrica <strong>STARLIGHT \u00e8 incredibilmente , ideale per anziani e disabili per uso interno ed esterno,<\/strong>\u00a0e in pi\u00f9 si piega in pochi secondi. Perfetta per essere riposta nel bagagliaio di un\u2019auto, trasportata in viaggio o conservata in spazi ridotti.<\/p>\n\n\n\n<ul class=\"wp-block-list\">\n<li><strong>Estrutura em materiais inovadores<\/strong>&nbsp;para&nbsp;<strong>m\u00e1xima leveza e resist\u00eancia<\/strong><\/li>\n\n\n\n<li><strong>Sistema de fecho r\u00e1pido<\/strong>&nbsp;para o levar para todo o lado<\/li>\n\n\n\n<li><strong>Ideal para viajantes que gostam de liberdade de movimentos<\/strong><\/li>\n<\/ul>\n\n\n\n<p>Experimente a diferen\u00e7a da conce\u00e7\u00e3o inteligente!<\/p>\n\n\n\n<h4 class=\"wp-block-heading\" id=\"h-2-controllo-totale-con-il-telecomando-ergonomico-manovra-perfetta-senza-sforzo\">2. Controlo total com o CONTROLO REMOTO ERGON\u00d3MICO: Manobras perfeitas sem esfor\u00e7o <\/h4>\n\n\n\n<p>O nosso&nbsp;<strong>joystick inteligente<\/strong>&nbsp;foi concebido para lhe oferecer&nbsp;<strong>controlo suave e intuitivo<\/strong>. Simples de utilizar e posicion\u00e1vel em ambos os lados, permite-lhe&nbsp;<strong>mover-se com extrema precis\u00e3o<\/strong>&nbsp;em todas as situa\u00e7\u00f5es.<\/p>\n\n\n\n<ul class=\"wp-block-list\">\n<li><strong>Ajusta a velocidade com precis\u00e3o<\/strong><\/li>\n\n\n\n<li><strong>Gerir curvas e espa\u00e7os apertados sem problemas<\/strong><\/li>\n\n\n\n<li><strong>Monitorizar a bateria com o indicador LED integrado<\/strong><\/li>\n<\/ul>\n\n\n\n<h4 class=\"wp-block-heading\" id=\"h-3-il-massimo-del-comfort-una-seduta-pensata-per-il-tuo-benessere\">3. O m\u00e1ximo em CONFORTO: um banco concebido para o seu bem-estar<\/h4>\n\n\n\n<p>Niente pi\u00f9 disagi!\u00a0La carrozzina elettrica <strong>STARLIGHT per anziani e disabili \u00e8 progettata per offrirti il massimo comfort anche per lunghe ore di utilizzo<\/strong>, sia in ambienti interni che esterni. Ogni dettaglio \u00e8 studiato per garantirti una seduta\u00a0<strong>ergon\u00f3mico e relaxante<\/strong>.<\/p>\n\n\n\n<ul class=\"wp-block-list\">\n<li><strong>Almofada almofadada de alta qualidade<\/strong>&nbsp;para um apoio \u00f3timo<\/li>\n\n\n\n<li><strong>Encosto e apoios de bra\u00e7os ajust\u00e1veis<\/strong>&nbsp;para uma posi\u00e7\u00e3o perfeita<\/li>\n\n\n\n<li><strong>P\u00e9s basculantes<\/strong>&nbsp;para um acesso f\u00e1cil<\/li>\n<\/ul>\n\n\n\n<p>Escolha STARLIGHT e esque\u00e7a o desconforto das cadeiras de rodas convencionais!<\/p>\n\n\n\n<h4 class=\"wp-block-heading\" id=\"h-4-potenza-e-autonomia-da-record-prestazioni-senza-rivali\">4. POT\u00caNCIA e AUTONOMIA recorde: desempenho inigual\u00e1vel<\/h4>\n\n\n\n<p>Gra\u00e7as ao&nbsp;<strong>motor potente e bateria de longa dura\u00e7\u00e3o<\/strong>STARLIGHT acompanha-o para todo o lado sem a preocupa\u00e7\u00e3o de ficar sem carga. Rosto&nbsp;<strong>pavimentos, rampas e declives suaves<\/strong>&nbsp;sem esfor\u00e7o e com&nbsp;<strong>movimentos suaves e silenciosos<\/strong>.<\/p>\n\n\n\n<ul class=\"wp-block-list\">\n<li><strong>Autonomia alargada ao longo do dia<\/strong><\/li>\n\n\n\n<li><strong>Motor silencioso e de alto desempenho<\/strong><\/li>\n\n\n\n<li><strong>Recarregamento r\u00e1pido para estar sempre pronto a funcionar<\/strong><\/li>\n<\/ul>\n\n\n\n<p><strong>Nunca pare! Com STARLIGHT tem uma pot\u00eancia e durabilidade superiores.<\/strong><\/p>\n\n\n\n<h4 class=\"wp-block-heading\" id=\"h-5-massima-sicurezza-in-ogni-situazione\">5. SEGURAN\u00c7A M\u00c1XIMA em todas as situa\u00e7\u00f5es <\/h4>\n\n\n\n<p>STARLIGHT foi concebido com&nbsp;<strong>os mais elevados padr\u00f5es de seguran\u00e7a<\/strong>&nbsp;para lhe garantir&nbsp;<strong>estabilidade, prote\u00e7\u00e3o e fiabilidade<\/strong>&nbsp;em cada movimento.<\/p>\n\n\n\n<ul class=\"wp-block-list\">\n<li><strong>Rodas anti-queda<\/strong>&nbsp;para evitar acidentes<\/li>\n\n\n\n<li><strong>Trav\u00e3o de m\u00e3o integrado<\/strong>&nbsp;para controlo imediato<\/li>\n\n\n\n<li><strong>Constru\u00e7\u00e3o \u00e0 prova de p\u00f3 e salpicos de \u00e1gua<\/strong><\/li>\n<\/ul>\n\n\n\n<p><strong>Com STARLIGHT est\u00e1 sempre seguro, em casa e ao ar livre!<\/strong><\/p>\n\n\n\n<h3 class=\"wp-block-heading\" id=\"h-starlight-vs-le-altre-carrozzine-elettriche\">STARLIGHT VS outras cadeiras de rodas el\u00e9ctricas <\/h3>\n\n\n\n<p>Enquanto as outras cadeiras de rodas s\u00e3o&nbsp;<strong>pesado, inc\u00f3modo e com autonomia limitada<\/strong>,&nbsp;<strong>STARLIGHT \u00e9 o futuro da mobilidade<\/strong>.<\/p>\n\n\n\n<ul class=\"wp-block-list\">\n<li><strong>Mais leve<\/strong>&nbsp;de outras cadeiras de rodas el\u00e9ctricas<\/li>\n\n\n\n<li><strong>Mais f\u00e1cil de transportar<\/strong>&nbsp;e armazenar<\/li>\n\n\n\n<li><strong>Mais confort\u00e1vel<\/strong>&nbsp;para uma utiliza\u00e7\u00e3o prolongada<\/li>\n\n\n\n<li><strong>Mais potente e com maior autonomia<\/strong><\/li>\n\n\n\n<li><strong>Mais seguro e certificado de acordo com as normas europeias<\/strong><\/li>\n<\/ul>\n\n\n\n<p><strong>N\u00e3o se contente com menos: escolha o melhor, escolha STARLIGHT!<\/strong><\/p>\n\n\n\n<p><strong>Oferta exclusiva - Reserve agora STARLIGHT!<\/strong><\/p>\n\n\n\n<ul class=\"wp-block-list\">\n<li><strong>Tarifas imbat\u00edveis e transparentes<\/strong><\/li>\n\n\n\n<li><strong>Entrega r\u00e1pida e servi\u00e7o dedicado<\/strong><\/li>\n\n\n\n<li><strong>Manuten\u00e7\u00e3o inclu\u00edda para um produto sempre perfeito<\/strong><\/li>\n<\/ul>\n\n\n\n<p><strong>N\u00e3o perca a sua oportunidade: reserve STARLIGHT hoje mesmo e redescubra a sua independ\u00eancia!<\/strong><\/p>","protected":false},"excerpt":{"rendered":"<div style=\"font-family: Arial, sans-serif; background-color: #234091; padding: 30px; border-radius: 25px; max-width: 600px; color: #ffffff; position: relative; border-top: 6px solid #2498fe;\">\n<h3 style=\"margin-top: 0; margin-bottom: 15px; color: #ffffff;\">N\u00e3o perca a oferta especial!<\/h3>\n<p data-start=\"325\" data-end=\"499\"><strong data-start=\"325\" data-end=\"368\">Carrozzina Elettrica Pieghevole Ultraleggera<\/strong><br data-start=\"368\" data-end=\"371\" \/>\u2714 Doppia batteria per pi\u00f9 autonomia<br data-start=\"406\" data-end=\"409\" \/>\u2714 Pieghevole e trasportabile in auto<br data-start=\"445\" data-end=\"448\" \/>\u2714 Ruote grandi ad aria: stabile anche all\u2019esterno<\/p>\n<p data-start=\"501\" data-end=\"547\">Massima libert\u00e0 di movimento, ogni giorno<\/p>\n<p data-start=\"501\" data-end=\"547\"><strong data-start=\"408\" data-end=\"433\">Reservar online agora!<\/strong><\/p>\n<p data-start=\"549\" data-end=\"593\">\ud83d\udcde Oppure Contattaci ora per info e disponibilit\u00e0<\/p>\n<hr data-start=\"595\" data-end=\"598\" \/>\n<p>Spedizione <strong>gratuita in tutta Italia<\/strong>.<\/p>\n<\/div>\n<p><!-- Linea bianca sotto --><\/p>\n<div style=\"height: 6px; background-color: #ffffff; max-width: 600px;\">\u00a0<\/div>","protected":false},"featured_media":13492,"template":"","meta":{"_acf_changed":false},"home-category":[263],"product_brand":[],"product_cat":[261,591],"product_tag":[390,386,389,388,387],"woo-feed-brand":[],"class_list":{"0":"post-13504","1":"product","2":"type-product","3":"status-publish","4":"has-post-thumbnail","6":"home-category-ausili","7":"product_cat-vendita-ausili","8":"product_cat-vendita-carrozzineelettriche","9":"product_tag-acquisto-carrozzina-elettrica","10":"product_tag-carrozzina-elettrica-14","11":"product_tag-carrozzina-elettrica-supere-leggera","12":"product_tag-carrozzina-elettrica-telecommandata","13":"product_tag-carrozzina-elettrica-ultra-leggera","14":"product_shipping_class-ausili-grandi","16":"first","17":"instock","18":"sale","19":"shipping-taxable","20":"purchasable","21":"product-type-simple"},"acf":[],"yoast_head":"<!-- This site is optimized with the Yoast SEO Premium plugin v27.5 (Yoast SEO v27.5) - https:\/\/yoast.com\/product\/yoast-seo-premium-wordpress\/ -->\n<title>Vendita Carrozzina Elettrica Ultraleggera<\/title>\n<meta name=\"description\" content=\"Vendita Carrozzina elettrica pieghevole ultraleggera da interno ed esterno STARLIGHT, per anziani e disabili, solo 14,5kg, spedizione Gratuita.\" \/>\n<meta name=\"robots\" content=\"index, follow, max-snippet:-1, max-image-preview:large, max-video-preview:-1\" \/>\n<link rel=\"canonical\" href=\"https:\/\/www.miamedicalitalia.it\/pt\/produto\/vendita-carrozzina-elettrica-ultraleggera-pieghevole\/\" \/>\n<meta property=\"og:locale\" content=\"pt_PT\" \/>\n<meta property=\"og:type\" content=\"article\" \/>\n<meta property=\"og:title\" content=\"Vendita Carrozzina Elettrica Ultraleggera\" \/>\n<meta property=\"og:description\" content=\"Vendita Carrozzina elettrica pieghevole ultraleggera da interno ed esterno STARLIGHT, per anziani e disabili, solo 14,5kg, spedizione Gratuita.\" \/>\n<meta property=\"og:url\" content=\"https:\/\/www.miamedicalitalia.it\/pt\/produto\/vendita-carrozzina-elettrica-ultraleggera-pieghevole\/\" \/>\n<meta property=\"og:site_name\" content=\"Mia Medical\" \/>\n<meta property=\"article:publisher\" content=\"https:\/\/www.facebook.com\/miamedicalitalia\" \/>\n<meta property=\"article:modified_time\" content=\"2026-04-20T17:38:30+00:00\" \/>\n<meta property=\"og:image\" content=\"https:\/\/www.miamedicalitalia.it\/wp-content\/uploads\/2025\/02\/Carrozzina-elettrica-leggera-STARLIGHT.jpg\" \/>\n\t<meta property=\"og:image:width\" content=\"1080\" \/>\n\t<meta property=\"og:image:height\" content=\"1080\" \/>\n\t<meta property=\"og:image:type\" content=\"image\/jpeg\" \/>\n<meta name=\"twitter:card\" content=\"summary_large_image\" \/>\n<meta name=\"twitter:label1\" content=\"Tempo estimado de leitura\" \/>\n\t<meta name=\"twitter:data1\" content=\"4 minutos\" \/>\n<script type=\"application\/ld+json\" class=\"yoast-schema-graph\">{\"@context\":\"https:\\\/\\\/schema.org\",\"@graph\":[{\"@type\":\"WebPage\",\"@id\":\"https:\\\/\\\/www.miamedicalitalia.it\\\/prodotto\\\/vendita-carrozzina-elettrica-ultraleggera-pieghevole\\\/\",\"url\":\"https:\\\/\\\/www.miamedicalitalia.it\\\/prodotto\\\/vendita-carrozzina-elettrica-ultraleggera-pieghevole\\\/\",\"name\":\"Vendita Carrozzina Elettrica Ultraleggera\",\"isPartOf\":{\"@id\":\"https:\\\/\\\/www.miamedicalitalia.it\\\/#website\"},\"primaryImageOfPage\":{\"@id\":\"https:\\\/\\\/www.miamedicalitalia.it\\\/prodotto\\\/vendita-carrozzina-elettrica-ultraleggera-pieghevole\\\/#primaryimage\"},\"image\":{\"@id\":\"https:\\\/\\\/www.miamedicalitalia.it\\\/prodotto\\\/vendita-carrozzina-elettrica-ultraleggera-pieghevole\\\/#primaryimage\"},\"thumbnailUrl\":\"https:\\\/\\\/www.miamedicalitalia.it\\\/wp-content\\\/uploads\\\/2025\\\/02\\\/Carrozzina-elettrica-leggera-STARLIGHT.jpg\",\"datePublished\":\"2025-02-05T18:48:08+00:00\",\"dateModified\":\"2026-04-20T17:38:30+00:00\",\"description\":\"Vendita Carrozzina elettrica pieghevole ultraleggera da interno ed esterno STARLIGHT, per anziani e disabili, solo 14,5kg, spedizione Gratuita.\",\"breadcrumb\":{\"@id\":\"https:\\\/\\\/www.miamedicalitalia.it\\\/prodotto\\\/vendita-carrozzina-elettrica-ultraleggera-pieghevole\\\/#breadcrumb\"},\"inLanguage\":\"pt-PT\",\"potentialAction\":[{\"@type\":\"ReadAction\",\"target\":[\"https:\\\/\\\/www.miamedicalitalia.it\\\/prodotto\\\/vendita-carrozzina-elettrica-ultraleggera-pieghevole\\\/\"]}]},{\"@type\":\"ImageObject\",\"inLanguage\":\"pt-PT\",\"@id\":\"https:\\\/\\\/www.miamedicalitalia.it\\\/prodotto\\\/vendita-carrozzina-elettrica-ultraleggera-pieghevole\\\/#primaryimage\",\"url\":\"https:\\\/\\\/www.miamedicalitalia.it\\\/wp-content\\\/uploads\\\/2025\\\/02\\\/Carrozzina-elettrica-leggera-STARLIGHT.jpg\",\"contentUrl\":\"https:\\\/\\\/www.miamedicalitalia.it\\\/wp-content\\\/uploads\\\/2025\\\/02\\\/Carrozzina-elettrica-leggera-STARLIGHT.jpg\",\"width\":1080,\"height\":1080,\"caption\":\"sedia a rotella elettrica\"},{\"@type\":\"BreadcrumbList\",\"@id\":\"https:\\\/\\\/www.miamedicalitalia.it\\\/prodotto\\\/vendita-carrozzina-elettrica-ultraleggera-pieghevole\\\/#breadcrumb\",\"itemListElement\":[{\"@type\":\"ListItem\",\"position\":1,\"name\":\"Home\",\"item\":\"https:\\\/\\\/www.miamedicalitalia.it\\\/\"},{\"@type\":\"ListItem\",\"position\":2,\"name\":\"Shop\",\"item\":\"https:\\\/\\\/www.miamedicalitalia.it\\\/negozio\\\/\"},{\"@type\":\"ListItem\",\"position\":3,\"name\":\"Vendita\",\"item\":\"https:\\\/\\\/www.miamedicalitalia.it\\\/categoria\\\/vendita-ausili\\\/\"},{\"@type\":\"ListItem\",\"position\":4,\"name\":\"Vendita Carrozzina Elettrica Ultraleggera Pieghevole Starlight\"}]},{\"@type\":\"WebSite\",\"@id\":\"https:\\\/\\\/www.miamedicalitalia.it\\\/#website\",\"url\":\"https:\\\/\\\/www.miamedicalitalia.it\\\/\",\"name\":\"www.miamedicalitalia.it\",\"description\":\"Noleggio e Vendita Attrezzatura Sanitarie\",\"publisher\":{\"@id\":\"https:\\\/\\\/www.miamedicalitalia.it\\\/#organization\"},\"potentialAction\":[{\"@type\":\"SearchAction\",\"target\":{\"@type\":\"EntryPoint\",\"urlTemplate\":\"https:\\\/\\\/www.miamedicalitalia.it\\\/?s={search_term_string}\"},\"query-input\":{\"@type\":\"PropertyValueSpecification\",\"valueRequired\":true,\"valueName\":\"search_term_string\"}}],\"inLanguage\":\"pt-PT\"},{\"@type\":\"Organization\",\"@id\":\"https:\\\/\\\/www.miamedicalitalia.it\\\/#organization\",\"name\":\"OLG\",\"url\":\"https:\\\/\\\/www.miamedicalitalia.it\\\/\",\"logo\":{\"@type\":\"ImageObject\",\"inLanguage\":\"pt-PT\",\"@id\":\"https:\\\/\\\/www.miamedicalitalia.it\\\/#\\\/schema\\\/logo\\\/image\\\/\",\"url\":\"https:\\\/\\\/www.miamedicalitalia.it\\\/wp-content\\\/uploads\\\/2023\\\/04\\\/mia-medical-logo-free.png\",\"contentUrl\":\"https:\\\/\\\/www.miamedicalitalia.it\\\/wp-content\\\/uploads\\\/2023\\\/04\\\/mia-medical-logo-free.png\",\"width\":700,\"height\":700,\"caption\":\"OLG\"},\"image\":{\"@id\":\"https:\\\/\\\/www.miamedicalitalia.it\\\/#\\\/schema\\\/logo\\\/image\\\/\"},\"sameAs\":[\"https:\\\/\\\/www.facebook.com\\\/miamedicalitalia\"]}]}<\/script>\n<!-- \/ Yoast SEO Premium plugin. -->","yoast_head_json":{"title":"Cadeira de rodas el\u00e9ctrica ultraleve para venda","description":"Vendita Carrozzina elettrica pieghevole ultraleggera da interno ed esterno STARLIGHT, per anziani e disabili, solo 14,5kg, spedizione Gratuita.","robots":{"index":"index","follow":"follow","max-snippet":"max-snippet:-1","max-image-preview":"max-image-preview:large","max-video-preview":"max-video-preview:-1"},"canonical":"https:\/\/www.miamedicalitalia.it\/pt\/produto\/vendita-carrozzina-elettrica-ultraleggera-pieghevole\/","og_locale":"pt_PT","og_type":"article","og_title":"Vendita Carrozzina Elettrica Ultraleggera","og_description":"Vendita Carrozzina elettrica pieghevole ultraleggera da interno ed esterno STARLIGHT, per anziani e disabili, solo 14,5kg, spedizione Gratuita.","og_url":"https:\/\/www.miamedicalitalia.it\/pt\/produto\/vendita-carrozzina-elettrica-ultraleggera-pieghevole\/","og_site_name":"Mia Medical","article_publisher":"https:\/\/www.facebook.com\/miamedicalitalia","article_modified_time":"2026-04-20T17:38:30+00:00","og_image":[{"width":1080,"height":1080,"url":"https:\/\/www.miamedicalitalia.it\/wp-content\/uploads\/2025\/02\/Carrozzina-elettrica-leggera-STARLIGHT.jpg","type":"image\/jpeg"}],"twitter_card":"summary_large_image","twitter_misc":{"Tempo estimado de leitura":"4 minutos"},"schema":{"@context":"https:\/\/schema.org","@graph":[{"@type":"WebPage","@id":"https:\/\/www.miamedicalitalia.it\/prodotto\/vendita-carrozzina-elettrica-ultraleggera-pieghevole\/","url":"https:\/\/www.miamedicalitalia.it\/prodotto\/vendita-carrozzina-elettrica-ultraleggera-pieghevole\/","name":"Cadeira de rodas el\u00e9ctrica ultraleve para venda","isPartOf":{"@id":"https:\/\/www.miamedicalitalia.it\/#website"},"primaryImageOfPage":{"@id":"https:\/\/www.miamedicalitalia.it\/prodotto\/vendita-carrozzina-elettrica-ultraleggera-pieghevole\/#primaryimage"},"image":{"@id":"https:\/\/www.miamedicalitalia.it\/prodotto\/vendita-carrozzina-elettrica-ultraleggera-pieghevole\/#primaryimage"},"thumbnailUrl":"https:\/\/www.miamedicalitalia.it\/wp-content\/uploads\/2025\/02\/Carrozzina-elettrica-leggera-STARLIGHT.jpg","datePublished":"2025-02-05T18:48:08+00:00","dateModified":"2026-04-20T17:38:30+00:00","description":"Vendita Carrozzina elettrica pieghevole ultraleggera da interno ed esterno STARLIGHT, per anziani e disabili, solo 14,5kg, spedizione Gratuita.","breadcrumb":{"@id":"https:\/\/www.miamedicalitalia.it\/prodotto\/vendita-carrozzina-elettrica-ultraleggera-pieghevole\/#breadcrumb"},"inLanguage":"pt-PT","potentialAction":[{"@type":"ReadAction","target":["https:\/\/www.miamedicalitalia.it\/prodotto\/vendita-carrozzina-elettrica-ultraleggera-pieghevole\/"]}]},{"@type":"ImageObject","inLanguage":"pt-PT","@id":"https:\/\/www.miamedicalitalia.it\/prodotto\/vendita-carrozzina-elettrica-ultraleggera-pieghevole\/#primaryimage","url":"https:\/\/www.miamedicalitalia.it\/wp-content\/uploads\/2025\/02\/Carrozzina-elettrica-leggera-STARLIGHT.jpg","contentUrl":"https:\/\/www.miamedicalitalia.it\/wp-content\/uploads\/2025\/02\/Carrozzina-elettrica-leggera-STARLIGHT.jpg","width":1080,"height":1080,"caption":"sedia a rotella elettrica"},{"@type":"BreadcrumbList","@id":"https:\/\/www.miamedicalitalia.it\/prodotto\/vendita-carrozzina-elettrica-ultraleggera-pieghevole\/#breadcrumb","itemListElement":[{"@type":"ListItem","position":1,"name":"Home","item":"https:\/\/www.miamedicalitalia.it\/"},{"@type":"ListItem","position":2,"name":"Shop","item":"https:\/\/www.miamedicalitalia.it\/negozio\/"},{"@type":"ListItem","position":3,"name":"Vendita","item":"https:\/\/www.miamedicalitalia.it\/categoria\/vendita-ausili\/"},{"@type":"ListItem","position":4,"name":"Vendita Carrozzina Elettrica Ultraleggera Pieghevole Starlight"}]},{"@type":"WebSite","@id":"https:\/\/www.miamedicalitalia.it\/#website","url":"https:\/\/www.miamedicalitalia.it\/","name":"www.miamedicalitalia.it","description":"Aluguer e venda de equipamento sanit\u00e1rio","publisher":{"@id":"https:\/\/www.miamedicalitalia.it\/#organization"},"potentialAction":[{"@type":"SearchAction","target":{"@type":"EntryPoint","urlTemplate":"https:\/\/www.miamedicalitalia.it\/?s={search_term_string}"},"query-input":{"@type":"PropertyValueSpecification","valueRequired":true,"valueName":"search_term_string"}}],"inLanguage":"pt-PT"},{"@type":"Organization","@id":"https:\/\/www.miamedicalitalia.it\/#organization","name":"OLG","url":"https:\/\/www.miamedicalitalia.it\/","logo":{"@type":"ImageObject","inLanguage":"pt-PT","@id":"https:\/\/www.miamedicalitalia.it\/#\/schema\/logo\/image\/","url":"https:\/\/www.miamedicalitalia.it\/wp-content\/uploads\/2023\/04\/mia-medical-logo-free.png","contentUrl":"https:\/\/www.miamedicalitalia.it\/wp-content\/uploads\/2023\/04\/mia-medical-logo-free.png","width":700,"height":700,"caption":"OLG"},"image":{"@id":"https:\/\/www.miamedicalitalia.it\/#\/schema\/logo\/image\/"},"sameAs":["https:\/\/www.facebook.com\/miamedicalitalia"]}]}},"wcpa_form_fields":null,"_links":{"self":[{"href":"https:\/\/www.miamedicalitalia.it\/pt\/wp-json\/wp\/v2\/product\/13504","targetHints":{"allow":["GET"]}}],"collection":[{"href":"https:\/\/www.miamedicalitalia.it\/pt\/wp-json\/wp\/v2\/product"}],"about":[{"href":"https:\/\/www.miamedicalitalia.it\/pt\/wp-json\/wp\/v2\/types\/product"}],"wp:featuredmedia":[{"embeddable":true,"href":"https:\/\/www.miamedicalitalia.it\/pt\/wp-json\/wp\/v2\/media\/13492"}],"wp:attachment":[{"href":"https:\/\/www.miamedicalitalia.it\/pt\/wp-json\/wp\/v2\/media?parent=13504"}],"wp:term":[{"taxonomy":"home-category","embeddable":true,"href":"https:\/\/www.miamedicalitalia.it\/pt\/wp-json\/wp\/v2\/home-category?post=13504"},{"taxonomy":"product_brand","embeddable":true,"href":"https:\/\/www.miamedicalitalia.it\/pt\/wp-json\/wp\/v2\/product_brand?post=13504"},{"taxonomy":"product_cat","embeddable":true,"href":"https:\/\/www.miamedicalitalia.it\/pt\/wp-json\/wp\/v2\/product_cat?post=13504"},{"taxonomy":"product_tag","embeddable":true,"href":"https:\/\/www.miamedicalitalia.it\/pt\/wp-json\/wp\/v2\/product_tag?post=13504"},{"taxonomy":"woo-feed-brand","embeddable":true,"href":"https:\/\/www.miamedicalitalia.it\/pt\/wp-json\/wp\/v2\/woo-feed-brand?post=13504"}],"curies":[{"name":"wp","href":"https:\/\/api.w.org\/{rel}","templated":true}]}}