{"id":13274,"date":"2024-12-09T14:44:10","date_gmt":"2024-12-09T12:44:10","guid":{"rendered":"https:\/\/www.miamedicalitalia.it\/?post_type=product&#038;p=13274"},"modified":"2026-04-08T14:36:35","modified_gmt":"2026-04-08T12:36:35","slug":"noleggio-crioterapia-a-compressione-cryopush","status":"publish","type":"product","link":"https:\/\/www.miamedicalitalia.it\/pt\/produto\/noleggio-crioterapia-a-compressione-cryopush\/","title":{"rendered":"Aluguer de crioterapia de compress\u00e3o cryopush"},"content":{"rendered":"<p>Aluguer Cryopush: crioterapia com compress\u00e3o que contribui para a recupera\u00e7\u00e3o de pacientes e atletas, acelerando e melhorando o processo. Reduz a dor sem medica\u00e7\u00e3o, controla o edema e o incha\u00e7o. Por sua vez, estimula o fluxo sangu\u00edneo arterial, melhora a amplitude de movimentos, reduz o \u00e1cido l\u00e1tico e acelera os mecanismos naturais de cura do organismo. <ins class=\"yst-diff\">A crioterapia de compress\u00e3o Cryopush pode ser \u00fatil para todos.<\/ins><\/p>\n\n\n\n<h3 class=\"wp-block-heading\" id=\"h-i-benefici-del-noleggio-della-crioterapia-compressiva\">As vantagens de contratar a crioterapia de compress\u00e3o : <\/h3>\n\n\n\n<p>A contrata\u00e7\u00e3o de terapia de frio com compress\u00e3o ou crioterapia de compress\u00e3o oferece mais benef\u00edcios terap\u00eauticos, \u00e9 melhor do que os protocolos do tipo RICE (repouso, gelo, compress\u00e3o, eleva\u00e7\u00e3o), estimulando a cicatriza\u00e7\u00e3o natural dos tecidos e melhorando os resultados fisioterap\u00eauticos. <ins class=\"yst-diff\">A utiliza\u00e7\u00e3o da crioterapia de compress\u00e3o cryopush pode otimizar o tempo de recupera\u00e7\u00e3o.<\/ins><\/p>\n\n\n\n<p>O aluguer da compress\u00e3o Cryopush \u00e9 simples,&nbsp;<strong>luz<\/strong>&nbsp;e&nbsp;<strong>f\u00e1cil de utilizar<\/strong>, Compressas frias&nbsp;<strong>amov\u00edvel<\/strong>&nbsp;e&nbsp;<strong>reutiliz\u00e1vel<\/strong>. Ajustar o tempo de utiliza\u00e7\u00e3o e&nbsp;<strong>do n\u00edvel de compress\u00e3o<\/strong>, <strong>Transport\u00e1vel<\/strong>&nbsp;e&nbsp;<strong>aut\u00f3nomo<\/strong>&nbsp;fornecidos com pilhas recarreg\u00e1veis. O aluguer da compress\u00e3o de crioterapia permite comodidade e mobilidade.<\/p>\n\n\n\n<h3 class=\"wp-block-heading\" id=\"h-come-funziona-la-terapia-del-freddo\"><a href=\"https:\/\/www.miamedicalitalia.it\/pt\/noleggio-criocompressione-riabilitazione-e-recupero-muscolare\/\">Como \u00e9 que a terapia do frio funciona? <\/a><\/h3>\n\n\n\n<p>Com a criopush, \u00e9 poss\u00edvel tratar\u00a0<strong>duas zonas<\/strong>\u00a0simultaneamente. \u00c9 por isso que o aluguer de compress\u00e3o para crioterapia \u00e9 ideal para tratamentos simult\u00e2neos. <ins class=\"yst-diff\">\u00c9 ideal para todos os tratamentos e \u00e9 uma solu\u00e7\u00e3o vers\u00e1til para diferentes necessidades de tratamento.<\/ins><\/p>\n\n\n\n<p>Ler tamb\u00e9m este artigo :  <a href=\"https:\/\/blog.fisioterapistaa.it\/la-crioterapia-per-il-recupero-muscolare\/\">https:\/\/blog.fisioterapistaa.it\/la-crioterapia-per-il-recupero-muscolare\/<\/a><\/p>\n\n\n\n<p>Aceder ao nosso blogue e ler tamb\u00e9m : <a href=\"https:\/\/www.miamedicalitalia.it\/pt\/infortuni-calcio-ausili-sanitari\/\">https:\/\/www.miamedicalitalia.it\/infortuni-calcio-ausili-sanitari\/<\/a><\/p>\n\n\n\n<h2 class=\"wp-block-heading\" id=\"h-cos-e-cryopush\">O que \u00e9 a criopush?  <\/h2>\n\n\n\n<p>O aluguer do sistema de crioterapia por compress\u00e3o Cryopush oferece um dispositivo vers\u00e1til e f\u00e1cil de utilizar que combina terapia criog\u00e9nica e terapia por press\u00e3o. \u00c9 ideal para o tratamento de les\u00f5es, traumatismos, protocolos de reabilita\u00e7\u00e3o p\u00f3s-operat\u00f3ria e patologias cr\u00f3nicas. Facilita a absor\u00e7\u00e3o de edemas. O sistema&nbsp;<strong>Criopush<\/strong>&nbsp;O frio e a compress\u00e3o ajudam a recupera\u00e7\u00e3o de doentes e desportistas, acelerando e melhorando o processo de cicatriza\u00e7\u00e3o. Reduz a dor sem medica\u00e7\u00e3o, controla o edema e o incha\u00e7o. Por sua vez, estimula o fluxo sangu\u00edneo arterial, melhora a amplitude de movimentos, reduz o \u00e1cido l\u00e1tico e acelera os mecanismos naturais de cura do corpo. O Cryopush oferece muitos benef\u00edcios terap\u00eauticos, estimulando a cicatriza\u00e7\u00e3o natural dos tecidos e melhorando os resultados da fisioterapia.<\/p>","protected":false},"excerpt":{"rendered":"<div style=\"font-family: Arial, sans-serif; background-color: #234091; padding: 30px; border-radius: 25px; max-width: 600px; color: #ffffff; position: relative; border-top: 6px solid #2498fe;\">\n<h3 style=\"color: #ffffff; margin-top: 0;\">Aluguer de crioterapia profissional (terapia de frio) com compress\u00e3o<\/h3>\n<p>Muito f\u00e1cil de utilizar, com resultados muito elevados em apenas alguns dias.<\/p>\n<p>O Cryopush \u00e9 a evolu\u00e7\u00e3o na terapia p\u00f3s-trauma.<\/p>\n<p><strong>Entrega gratuita se comprar um aluguer por um per\u00edodo m\u00ednimo de 20 dias.<br \/>Per noleggi di durata minore consegna a domicilio in tutta Italia a partire da 15\u20ac + 15\u20ac per il ritiro.<\/strong><\/p>\n<p><strong>N\u00e3o \u00e9 necess\u00e1rio dep\u00f3sito!<\/strong><\/p>\n<\/div>\n<p><!-- Linea bianca sotto --><\/p>\n<div style=\"height: 6px; background-color: #ffffff; max-width: 600px;\">\u00a0<\/div>","protected":false},"featured_media":13341,"template":"","meta":{"_acf_changed":false},"home-category":[],"product_brand":[],"product_cat":[274],"product_tag":[359,361,362,364,371,369,365,367,368,360,370],"woo-feed-brand":[],"class_list":{"0":"post-13274","1":"product","2":"type-product","3":"status-publish","4":"has-post-thumbnail","6":"product_cat-noleggio-crioterapia","7":"product_tag-crioterapia","8":"product_tag-crioterapia-compressiva","9":"product_tag-cryopush","10":"product_tag-fisioterapia-post-traumatica","11":"product_tag-pressoterapia-con-crioterapia","12":"product_tag-recupero-con-terapia-del-freddo","13":"product_tag-recupero-muscolare","14":"product_tag-recupero-sportivo","15":"product_tag-riabilitazione-post-operatorio","16":"product_tag-terapia-del-freddo","17":"product_tag-terapia-del-ghiaccio","18":"product_shipping_class-elettromedicali","19":"wcpa_has_options","21":"first","22":"instock","23":"shipping-taxable","24":"purchasable","25":"product-type-variable"},"acf":[],"yoast_head":"<!-- This site is optimized with the Yoast SEO Premium plugin v27.5 (Yoast SEO v27.5) - https:\/\/yoast.com\/product\/yoast-seo-premium-wordpress\/ -->\n<title>Noleggio crioterapia a compressione Cryopush<\/title>\n<meta name=\"description\" content=\"Noleggio crioterapia compressiva o Cryopush con compressione . Trasporto gratuito. Nessun Deposito. disponibilit\u00e0 immediata. Prenota online ora !\" \/>\n<meta name=\"robots\" content=\"index, follow, max-snippet:-1, max-image-preview:large, max-video-preview:-1, noarchive\" \/>\n<link rel=\"canonical\" href=\"https:\/\/www.miamedicalitalia.it\/pt\/produto\/noleggio-crioterapia-a-compressione-cryopush\/\" \/>\n<meta property=\"og:locale\" content=\"pt_PT\" \/>\n<meta property=\"og:type\" content=\"article\" \/>\n<meta property=\"og:title\" content=\"Noleggio crioterapia a compressione Cryopush\" \/>\n<meta property=\"og:description\" content=\"Noleggio crioterapia compressiva o Cryopush con compressione . Trasporto gratuito. Nessun Deposito. disponibilit\u00e0 immediata. Prenota online ora !\" \/>\n<meta property=\"og:url\" content=\"https:\/\/www.miamedicalitalia.it\/pt\/produto\/noleggio-crioterapia-a-compressione-cryopush\/\" \/>\n<meta property=\"og:site_name\" content=\"Mia Medical\" \/>\n<meta property=\"article:publisher\" content=\"https:\/\/www.facebook.com\/miamedicalitalia\" \/>\n<meta property=\"article:modified_time\" content=\"2026-04-08T12:36:35+00:00\" \/>\n<meta property=\"og:image\" content=\"https:\/\/www.miamedicalitalia.it\/wp-content\/uploads\/2024\/12\/IMG_2624.png\" \/>\n\t<meta property=\"og:image:width\" content=\"1000\" \/>\n\t<meta property=\"og:image:height\" content=\"1000\" \/>\n\t<meta property=\"og:image:type\" content=\"image\/png\" \/>\n<meta name=\"twitter:card\" content=\"summary_large_image\" \/>\n<meta name=\"twitter:label1\" content=\"Tempo estimado de leitura\" \/>\n\t<meta name=\"twitter:data1\" content=\"2 minutos\" \/>\n<script type=\"application\/ld+json\" class=\"yoast-schema-graph\">{\"@context\":\"https:\\\/\\\/schema.org\",\"@graph\":[{\"@type\":\"WebPage\",\"@id\":\"https:\\\/\\\/www.miamedicalitalia.it\\\/prodotto\\\/noleggio-crioterapia-a-compressione-cryopush\\\/\",\"url\":\"https:\\\/\\\/www.miamedicalitalia.it\\\/prodotto\\\/noleggio-crioterapia-a-compressione-cryopush\\\/\",\"name\":\"Noleggio crioterapia a compressione Cryopush\",\"isPartOf\":{\"@id\":\"https:\\\/\\\/www.miamedicalitalia.it\\\/#website\"},\"primaryImageOfPage\":{\"@id\":\"https:\\\/\\\/www.miamedicalitalia.it\\\/prodotto\\\/noleggio-crioterapia-a-compressione-cryopush\\\/#primaryimage\"},\"image\":{\"@id\":\"https:\\\/\\\/www.miamedicalitalia.it\\\/prodotto\\\/noleggio-crioterapia-a-compressione-cryopush\\\/#primaryimage\"},\"thumbnailUrl\":\"https:\\\/\\\/www.miamedicalitalia.it\\\/wp-content\\\/uploads\\\/2024\\\/12\\\/IMG_2624.png\",\"datePublished\":\"2024-12-09T12:44:10+00:00\",\"dateModified\":\"2026-04-08T12:36:35+00:00\",\"description\":\"Noleggio crioterapia compressiva o Cryopush con compressione . Trasporto gratuito. Nessun Deposito. disponibilit\u00e0 immediata. Prenota online ora !\",\"breadcrumb\":{\"@id\":\"https:\\\/\\\/www.miamedicalitalia.it\\\/prodotto\\\/noleggio-crioterapia-a-compressione-cryopush\\\/#breadcrumb\"},\"inLanguage\":\"pt-PT\",\"potentialAction\":[{\"@type\":\"ReadAction\",\"target\":[\"https:\\\/\\\/www.miamedicalitalia.it\\\/prodotto\\\/noleggio-crioterapia-a-compressione-cryopush\\\/\"]}]},{\"@type\":\"ImageObject\",\"inLanguage\":\"pt-PT\",\"@id\":\"https:\\\/\\\/www.miamedicalitalia.it\\\/prodotto\\\/noleggio-crioterapia-a-compressione-cryopush\\\/#primaryimage\",\"url\":\"https:\\\/\\\/www.miamedicalitalia.it\\\/wp-content\\\/uploads\\\/2024\\\/12\\\/IMG_2624.png\",\"contentUrl\":\"https:\\\/\\\/www.miamedicalitalia.it\\\/wp-content\\\/uploads\\\/2024\\\/12\\\/IMG_2624.png\",\"width\":1000,\"height\":1000,\"caption\":\"terapia del freddo con compressione\"},{\"@type\":\"BreadcrumbList\",\"@id\":\"https:\\\/\\\/www.miamedicalitalia.it\\\/prodotto\\\/noleggio-crioterapia-a-compressione-cryopush\\\/#breadcrumb\",\"itemListElement\":[{\"@type\":\"ListItem\",\"position\":1,\"name\":\"Home\",\"item\":\"https:\\\/\\\/www.miamedicalitalia.it\\\/\"},{\"@type\":\"ListItem\",\"position\":2,\"name\":\"Shop\",\"item\":\"https:\\\/\\\/www.miamedicalitalia.it\\\/negozio\\\/\"},{\"@type\":\"ListItem\",\"position\":3,\"name\":\"Affitto e noleggio\",\"item\":\"https:\\\/\\\/www.miamedicalitalia.it\\\/categoria\\\/affitto-e-noleggio-ausili\\\/\"},{\"@type\":\"ListItem\",\"position\":4,\"name\":\"Cryoterapia\",\"item\":\"https:\\\/\\\/www.miamedicalitalia.it\\\/categoria\\\/affitto-e-noleggio-ausili\\\/noleggio-crioterapia\\\/\"},{\"@type\":\"ListItem\",\"position\":5,\"name\":\"Noleggio crioterapia a compressione cryopush\"}]},{\"@type\":\"WebSite\",\"@id\":\"https:\\\/\\\/www.miamedicalitalia.it\\\/#website\",\"url\":\"https:\\\/\\\/www.miamedicalitalia.it\\\/\",\"name\":\"www.miamedicalitalia.it\",\"description\":\"Noleggio e Vendita Attrezzatura Sanitarie\",\"publisher\":{\"@id\":\"https:\\\/\\\/www.miamedicalitalia.it\\\/#organization\"},\"potentialAction\":[{\"@type\":\"SearchAction\",\"target\":{\"@type\":\"EntryPoint\",\"urlTemplate\":\"https:\\\/\\\/www.miamedicalitalia.it\\\/?s={search_term_string}\"},\"query-input\":{\"@type\":\"PropertyValueSpecification\",\"valueRequired\":true,\"valueName\":\"search_term_string\"}}],\"inLanguage\":\"pt-PT\"},{\"@type\":\"Organization\",\"@id\":\"https:\\\/\\\/www.miamedicalitalia.it\\\/#organization\",\"name\":\"OLG\",\"url\":\"https:\\\/\\\/www.miamedicalitalia.it\\\/\",\"logo\":{\"@type\":\"ImageObject\",\"inLanguage\":\"pt-PT\",\"@id\":\"https:\\\/\\\/www.miamedicalitalia.it\\\/#\\\/schema\\\/logo\\\/image\\\/\",\"url\":\"https:\\\/\\\/www.miamedicalitalia.it\\\/wp-content\\\/uploads\\\/2023\\\/04\\\/mia-medical-logo-free.png\",\"contentUrl\":\"https:\\\/\\\/www.miamedicalitalia.it\\\/wp-content\\\/uploads\\\/2023\\\/04\\\/mia-medical-logo-free.png\",\"width\":700,\"height\":700,\"caption\":\"OLG\"},\"image\":{\"@id\":\"https:\\\/\\\/www.miamedicalitalia.it\\\/#\\\/schema\\\/logo\\\/image\\\/\"},\"sameAs\":[\"https:\\\/\\\/www.facebook.com\\\/miamedicalitalia\"]}]}<\/script>\n<!-- \/ Yoast SEO Premium plugin. -->","yoast_head_json":{"title":"Aluguer de crioterapia por compress\u00e3o Cryopush","description":"Aluguer de crioterapia ou crioterapia de compress\u00e3o Cryopush . Transporte gratuito. Sem dep\u00f3sito. Disponibilidade imediata. Reservar online agora !","robots":{"index":"index","follow":"follow","max-snippet":"max-snippet:-1","max-image-preview":"max-image-preview:large","max-video-preview":"max-video-preview:-1","archive":"noarchive"},"canonical":"https:\/\/www.miamedicalitalia.it\/pt\/produto\/noleggio-crioterapia-a-compressione-cryopush\/","og_locale":"pt_PT","og_type":"article","og_title":"Noleggio crioterapia a compressione Cryopush","og_description":"Noleggio crioterapia compressiva o Cryopush con compressione . Trasporto gratuito. Nessun Deposito. disponibilit\u00e0 immediata. Prenota online ora !","og_url":"https:\/\/www.miamedicalitalia.it\/pt\/produto\/noleggio-crioterapia-a-compressione-cryopush\/","og_site_name":"Mia Medical","article_publisher":"https:\/\/www.facebook.com\/miamedicalitalia","article_modified_time":"2026-04-08T12:36:35+00:00","og_image":[{"width":1000,"height":1000,"url":"https:\/\/www.miamedicalitalia.it\/wp-content\/uploads\/2024\/12\/IMG_2624.png","type":"image\/png"}],"twitter_card":"summary_large_image","twitter_misc":{"Tempo estimado de leitura":"2 minutos"},"schema":{"@context":"https:\/\/schema.org","@graph":[{"@type":"WebPage","@id":"https:\/\/www.miamedicalitalia.it\/prodotto\/noleggio-crioterapia-a-compressione-cryopush\/","url":"https:\/\/www.miamedicalitalia.it\/prodotto\/noleggio-crioterapia-a-compressione-cryopush\/","name":"Aluguer de crioterapia por compress\u00e3o Cryopush","isPartOf":{"@id":"https:\/\/www.miamedicalitalia.it\/#website"},"primaryImageOfPage":{"@id":"https:\/\/www.miamedicalitalia.it\/prodotto\/noleggio-crioterapia-a-compressione-cryopush\/#primaryimage"},"image":{"@id":"https:\/\/www.miamedicalitalia.it\/prodotto\/noleggio-crioterapia-a-compressione-cryopush\/#primaryimage"},"thumbnailUrl":"https:\/\/www.miamedicalitalia.it\/wp-content\/uploads\/2024\/12\/IMG_2624.png","datePublished":"2024-12-09T12:44:10+00:00","dateModified":"2026-04-08T12:36:35+00:00","description":"Aluguer de crioterapia ou crioterapia de compress\u00e3o Cryopush . Transporte gratuito. Sem dep\u00f3sito. Disponibilidade imediata. Reservar online agora !","breadcrumb":{"@id":"https:\/\/www.miamedicalitalia.it\/prodotto\/noleggio-crioterapia-a-compressione-cryopush\/#breadcrumb"},"inLanguage":"pt-PT","potentialAction":[{"@type":"ReadAction","target":["https:\/\/www.miamedicalitalia.it\/prodotto\/noleggio-crioterapia-a-compressione-cryopush\/"]}]},{"@type":"ImageObject","inLanguage":"pt-PT","@id":"https:\/\/www.miamedicalitalia.it\/prodotto\/noleggio-crioterapia-a-compressione-cryopush\/#primaryimage","url":"https:\/\/www.miamedicalitalia.it\/wp-content\/uploads\/2024\/12\/IMG_2624.png","contentUrl":"https:\/\/www.miamedicalitalia.it\/wp-content\/uploads\/2024\/12\/IMG_2624.png","width":1000,"height":1000,"caption":"terapia del freddo con compressione"},{"@type":"BreadcrumbList","@id":"https:\/\/www.miamedicalitalia.it\/prodotto\/noleggio-crioterapia-a-compressione-cryopush\/#breadcrumb","itemListElement":[{"@type":"ListItem","position":1,"name":"Home","item":"https:\/\/www.miamedicalitalia.it\/"},{"@type":"ListItem","position":2,"name":"Shop","item":"https:\/\/www.miamedicalitalia.it\/negozio\/"},{"@type":"ListItem","position":3,"name":"Affitto e noleggio","item":"https:\/\/www.miamedicalitalia.it\/categoria\/affitto-e-noleggio-ausili\/"},{"@type":"ListItem","position":4,"name":"Cryoterapia","item":"https:\/\/www.miamedicalitalia.it\/categoria\/affitto-e-noleggio-ausili\/noleggio-crioterapia\/"},{"@type":"ListItem","position":5,"name":"Noleggio crioterapia a compressione cryopush"}]},{"@type":"WebSite","@id":"https:\/\/www.miamedicalitalia.it\/#website","url":"https:\/\/www.miamedicalitalia.it\/","name":"www.miamedicalitalia.it","description":"Aluguer e venda de equipamento sanit\u00e1rio","publisher":{"@id":"https:\/\/www.miamedicalitalia.it\/#organization"},"potentialAction":[{"@type":"SearchAction","target":{"@type":"EntryPoint","urlTemplate":"https:\/\/www.miamedicalitalia.it\/?s={search_term_string}"},"query-input":{"@type":"PropertyValueSpecification","valueRequired":true,"valueName":"search_term_string"}}],"inLanguage":"pt-PT"},{"@type":"Organization","@id":"https:\/\/www.miamedicalitalia.it\/#organization","name":"OLG","url":"https:\/\/www.miamedicalitalia.it\/","logo":{"@type":"ImageObject","inLanguage":"pt-PT","@id":"https:\/\/www.miamedicalitalia.it\/#\/schema\/logo\/image\/","url":"https:\/\/www.miamedicalitalia.it\/wp-content\/uploads\/2023\/04\/mia-medical-logo-free.png","contentUrl":"https:\/\/www.miamedicalitalia.it\/wp-content\/uploads\/2023\/04\/mia-medical-logo-free.png","width":700,"height":700,"caption":"OLG"},"image":{"@id":"https:\/\/www.miamedicalitalia.it\/#\/schema\/logo\/image\/"},"sameAs":["https:\/\/www.facebook.com\/miamedicalitalia"]}]}},"wcpa_form_fields":{"wcpaData":{"product":{"product_price":160,"price_html":"<span class=\"woocommerce-Price-amount amount\" aria-hidden=\"true\"><bdi><span class=\"woocommerce-Price-currencySymbol\">&euro;<\/span>160.00<\/bdi><\/span> <span aria-hidden=\"true\">-<\/span> <span class=\"woocommerce-Price-amount amount\" aria-hidden=\"true\"><bdi><span class=\"woocommerce-Price-currencySymbol\">&euro;<\/span>360.00<\/bdi><\/span><span class=\"screen-reader-text\">Gama de pre\u00e7os: &euro;160.00 a &euro;360.00<\/span>","original_product_price":160,"price_including_tax":160,"price_excluding_tax":160,"product_id":{"parent":13274,"variation":false},"is_variable":true,"stock_status":"instock","stock_quantity":null,"parent_sku":"","product_attributes":{"quanto-costa":{"is_variation":true,"values":[]}},"custom_fields":[],"is_taxable":false,"product_name":"Noleggio crioterapia a compressione cryopush","hasImage":false},"fields":{"sec_565f165582eb8c":{"extra":{"key":"sec_565f165582eb8c","section_id":"sec_565f165582eb8c","name":"Predefinito","status":1,"toggle":true,"form_id":12050,"form_rules":{"exclude_from_discount":false,"fee_label":"\u8d39\u7528","disp_hide_options_price":false,"disp_show_section_price":false,"disp_show_field_price":true,"layout_option":"standard","pric_use_as_fee":false,"process_fee_as":"woo_fee"},"layout_option":"standard"},"fields":[[{"active":true,"col":6,"relations":false,"cl_rule":"show","enableCl":false,"price":"","enablePrice":false,"className":"input-text","type":"date","required":true,"elementId":"date_3189538061","name":"date_3189538061","label":"A partire dal giorno:","picker_type":"custom","picker_mode":"single","error":false,"description":"Inserisci la data di inizio del noleggio","gt_translate_keys":["label","description"],"price_dependency":false,"cl_dependency":false,"value":""}]]}},"config":{"price_override":"","enable_recaptcha":false,"bind_quantity":false,"quantity_bind_formula":false,"disp_summ_show_option_price":true,"disp_summ_show_product_price":true,"disp_summ_show_total_price":true,"disp_summ_show_fee":false,"disp_summ_show_discount":false,"summary_title":"","options_total_label":"\u671f\u6743\u4ef7\u683c","total_label":"\u603b\u8ba1","options_product_label":"\u4ea7\u54c1\u4ef7\u683c","fee_label":"\u8d39\u7528","discount_label":"\u6298\u6263","has_price":true,"has_quantity_formula":false},"mc_unit":1,"tax_rate":1,"tax_rate_real":1,"discount":{"percentage":0,"fixed":0},"design":{"conf":{"LabelPosition":"above","DescPosition":"below","UploadField":"custom_1","QuantityFieldStyle":"default"},"css":{"LeftLabelWidth":"50px"}},"formulas":[],"lookuptables":[],"clones":false,"cartKey":false}},"_links":{"self":[{"href":"https:\/\/www.miamedicalitalia.it\/pt\/wp-json\/wp\/v2\/product\/13274","targetHints":{"allow":["GET"]}}],"collection":[{"href":"https:\/\/www.miamedicalitalia.it\/pt\/wp-json\/wp\/v2\/product"}],"about":[{"href":"https:\/\/www.miamedicalitalia.it\/pt\/wp-json\/wp\/v2\/types\/product"}],"wp:featuredmedia":[{"embeddable":true,"href":"https:\/\/www.miamedicalitalia.it\/pt\/wp-json\/wp\/v2\/media\/13341"}],"wp:attachment":[{"href":"https:\/\/www.miamedicalitalia.it\/pt\/wp-json\/wp\/v2\/media?parent=13274"}],"wp:term":[{"taxonomy":"home-category","embeddable":true,"href":"https:\/\/www.miamedicalitalia.it\/pt\/wp-json\/wp\/v2\/home-category?post=13274"},{"taxonomy":"product_brand","embeddable":true,"href":"https:\/\/www.miamedicalitalia.it\/pt\/wp-json\/wp\/v2\/product_brand?post=13274"},{"taxonomy":"product_cat","embeddable":true,"href":"https:\/\/www.miamedicalitalia.it\/pt\/wp-json\/wp\/v2\/product_cat?post=13274"},{"taxonomy":"product_tag","embeddable":true,"href":"https:\/\/www.miamedicalitalia.it\/pt\/wp-json\/wp\/v2\/product_tag?post=13274"},{"taxonomy":"woo-feed-brand","embeddable":true,"href":"https:\/\/www.miamedicalitalia.it\/pt\/wp-json\/wp\/v2\/woo-feed-brand?post=13274"}],"curies":[{"name":"wp","href":"https:\/\/api.w.org\/{rel}","templated":true}]}}