{"id":12465,"date":"2024-06-13T17:02:59","date_gmt":"2024-06-13T15:02:59","guid":{"rendered":"https:\/\/www.miamedicalitalia.it\/?post_type=product&#038;p=12465"},"modified":"2026-02-12T12:07:42","modified_gmt":"2026-02-12T10:07:42","slug":"noleggio-cryoterapia-compressiva-cryopush","status":"publish","type":"product","link":"https:\/\/www.miamedicalitalia.it\/pt\/produto\/noleggio-cryoterapia-compressiva-cryopush\/","title":{"rendered":"Aluguer de crioterapia por compress\u00e3o Cryopush"},"content":{"rendered":"<p>Alugar o CRYOPUSH, o sistema para <strong><a href=\"https:\/\/www.my-personaltrainer.it\/benessere\/crioterapia.html\">crioterapia de compress\u00e3o<\/a><\/strong>uma terapia que combina a <strong>frio controlado<\/strong> com o <strong>compress\u00e3o pneum\u00e1tica intermitente<\/strong> para reduzir a dor, a inflama\u00e7\u00e3o e o incha\u00e7o, acelerando os tempos de recupera\u00e7\u00e3o muscular e p\u00f3s-operat\u00f3ria.<\/p>\n\n\n\n<p><strong>CRYOPUSH<\/strong> \u00e9 um dos dispositivos m\u00e9dicos mais avan\u00e7ados neste dom\u00ednio, tamb\u00e9m utilizado por fisioterapeutas, atletas profissionais e centros de reabilita\u00e7\u00e3o. <\/p>\n\n\n\n<h4 class=\"wp-block-heading\" id=\"h-a-chi-puo-essere-utile-il-servizio-di-noleggio-di-crioterapia-compressiva\">Para quem o servi\u00e7o de aluguer de compress\u00e3o de crioterapia pode ser \u00fatil <\/h4>\n\n\n\n<p>O sistema <strong>CRYOPUSH<\/strong> \u00e9 ideal para:<\/p>\n\n\n\n<ul class=\"wp-block-list\">\n<li>Pacientes em p\u00f3s-operat\u00f3rio de cirurgia do ombro, perna, joelho, anca, tornozelo<\/li>\n\n\n\n<li>Atletas que pretendem acelerar a recupera\u00e7\u00e3o muscular <\/li>\n\n\n\n<li>Pessoas que sofrem de traumatismos, entorses, inflama\u00e7\u00f5es cr\u00f3nicas (como a tendinite)<\/li>\n\n\n\n<li>Fisioterapeutas \u00e0 procura de um dispositivo vers\u00e1til para terapia em casa <\/li>\n<\/ul>\n\n\n\n<p>Visite o nosso <a href=\"https:\/\/www.miamedicalitalia.it\/pt\/blog\/\">blogue<\/a> e ler <a href=\"https:\/\/www.miamedicalitalia.it\/pt\/noleggio-criocompressione-riabilitazione-e-recupero-muscolare\/\">o artigo<\/a> dedicado! <\/p>\n\n\n\n<h4 class=\"wp-block-heading\" id=\"h-specifiche-tecniche-cryopush\">Especifica\u00e7\u00f5es t\u00e9cnicas do CryoPush <\/h4>\n\n\n\n<ul class=\"wp-block-list\">\n<li><strong>Sistema port\u00e1til<\/strong>&nbsp;com compress\u00e3o pneum\u00e1tica regul\u00e1vel<\/li>\n\n\n\n<li><strong>Funcionamento silencioso<\/strong>&nbsp;e intuitivo<\/li>\n\n\n\n<li><strong>Temperatura fria constante e controlada<\/strong><\/li>\n\n\n\n<li><strong>Temporizador integrado<\/strong>&nbsp;para gerir a dura\u00e7\u00e3o da sess\u00e3o<\/li>\n\n\n\n<li><strong>Aplicadores anat\u00f3micos<\/strong>&nbsp;para joelho, ombro, tornozelo, anca e regi\u00e3o lombar<\/li>\n\n\n\n<li><strong>Dep\u00f3sito do l\u00edquido de refrigera\u00e7\u00e3o<\/strong>&nbsp;com elevada capacidade para uma utiliza\u00e7\u00e3o prolongada<\/li>\n\n\n\n<li><strong>Ecr\u00e3 digital<\/strong>&nbsp;para controlar a temperatura, o tempo e o n\u00edvel de compress\u00e3o<\/li>\n<\/ul>\n\n\n\n<h4 class=\"wp-block-heading\" id=\"h-perche-scegliere-il-noleggio\">Porqu\u00ea contratar <\/h4>\n\n\n\n<p>O aluguer da crioterapia de compress\u00e3o CRYOPUSH \u00e9 ideal para:<\/p>\n\n\n\n<ul class=\"wp-block-list\">\n<li>Tratamentos p\u00f3s-operat\u00f3rios de curta dura\u00e7\u00e3o<\/li>\n\n\n\n<li>Evitar a compra de um dispositivo dispendioso para uma utiliza\u00e7\u00e3o limitada<\/li>\n\n\n\n<li>Ter apoio profissional diretamente em casa<\/li>\n\n\n\n<li>M\u00e1xima flexibilidade: pode alug\u00e1-lo por alguns dias ou semanas<\/li>\n<\/ul>\n\n\n\n<h4 class=\"wp-block-heading\" id=\"h-perche-scegliere-il-servizio-di-noleggio-mia-medical\">Porqu\u00ea escolher o servi\u00e7o de aluguer Mia Medical<\/h4>\n\n\n\n<p>Com&nbsp;<strong>MIA Medical<\/strong>&nbsp;tem:<\/p>\n\n\n\n<ul class=\"wp-block-list\">\n<li><strong>Entrega e recolha r\u00e1pidas<\/strong>&nbsp;em casa, em toda a It\u00e1lia<\/li>\n\n\n\n<li><strong>Assist\u00eancia t\u00e9cnica espec\u00edfica<\/strong>&nbsp;6 dias por semana<\/li>\n\n\n\n<li><strong>Sanitiza\u00e7\u00e3o e controlo de qualidade<\/strong>&nbsp;cada vez que o dispositivo \u00e9 devolvido<\/li>\n\n\n\n<li><strong>Forma\u00e7\u00e3o sobre a utiliza\u00e7\u00e3o<\/strong>&nbsp;e apoio \u00e0 ativa\u00e7\u00e3o<\/li>\n\n\n\n<li>Tarifas competitivas e transparentes<\/li>\n\n\n\n<li>Possibilidade de&nbsp;<strong>aluguer com aplicador espec\u00edfico<\/strong>&nbsp;para a zona a tratar<\/li>\n<\/ul>\n\n\n\n<h4 class=\"wp-block-heading\" id=\"h-noleggia-ora-la-crioterapia-compressiva-cryopush\"><strong>Alugue j\u00e1 a crioterapia de compress\u00e3o CRYOPUSH<\/strong><\/h4>\n\n\n\n<p>Recupere mais rapidamente, reduza a dor e melhore a qualidade da sua reabilita\u00e7\u00e3o.&nbsp;<strong>Contactar-nos agora<\/strong>&nbsp;para receber um or\u00e7amento personalizado e saber a disponibilidade do CRYOPUSH de acordo com as suas necessidades.<\/p>","protected":false},"excerpt":{"rendered":"<div style=\"font-family: Arial, sans-serif; background-color: #234091; padding: 30px; border-radius: 25px; max-width: 600px; color: #ffffff; position: relative; border-top: 6px solid #2498fe;\">\n<h3 style=\"color: #ffffff; margin-top: 0;\">Aluguer de crioterapia profissional (terapia de frio) com compress\u00e3o<\/h3>\n<p>Muito f\u00e1cil de utilizar, com resultados muito elevados em apenas alguns dias.<\/p>\n<p>O Cryopush \u00e9 a evolu\u00e7\u00e3o na terapia p\u00f3s-trauma.<\/p>\n<p>Consegna e ritiro a domicilio in tutta Italia a partire da 15\u20ac +15\u20ac. Gratuito per i noleggi a partire da 20 giorni.<\/p>\n<p><strong>Entrega gratuita se comprar um aluguer por um per\u00edodo m\u00ednimo de 20 dias.<\/strong><\/p>\n<p><strong>N\u00e3o \u00e9 necess\u00e1rio dep\u00f3sito!<\/strong><\/p>\n<\/div>\n<p><!-- Linea bianca sotto --><\/p>\n<div style=\"height: 6px; background-color: #ffffff; max-width: 600px;\">\u00a0<\/div>","protected":false},"featured_media":14155,"template":"","meta":{"_acf_changed":true},"home-category":[],"product_brand":[],"product_cat":[274],"product_tag":[],"woo-feed-brand":[],"class_list":{"0":"post-12465","1":"product","2":"type-product","3":"status-publish","4":"has-post-thumbnail","6":"product_cat-noleggio-crioterapia","7":"product_shipping_class-elettromedicali","8":"wcpa_has_options","10":"first","11":"instock","12":"shipping-taxable","13":"purchasable","14":"product-type-variable"},"acf":[],"yoast_head":"<!-- This site is optimized with the Yoast SEO Premium plugin v27.5 (Yoast SEO v27.5) - https:\/\/yoast.com\/product\/yoast-seo-premium-wordpress\/ -->\n<title>Noleggio crioterapia compressiva CRYOPUSH<\/title>\n<meta name=\"description\" content=\"CRYOPUSH: il nostro macchinario terapeutico di crioterapia compressiva a noleggio. Disponibilit\u00e0 immediata. Prenota ora, chiamaci al +39 392 65 09 237 !\" \/>\n<meta name=\"robots\" content=\"index, follow, max-snippet:-1, max-image-preview:large, max-video-preview:-1\" \/>\n<link rel=\"canonical\" href=\"https:\/\/www.miamedicalitalia.it\/pt\/produto\/noleggio-cryoterapia-compressiva-cryopush\/\" \/>\n<meta property=\"og:locale\" content=\"pt_PT\" \/>\n<meta property=\"og:type\" content=\"article\" \/>\n<meta property=\"og:title\" content=\"Noleggio crioterapia compressiva CRYOPUSH\" \/>\n<meta property=\"og:description\" content=\"CRYOPUSH: il nostro macchinario terapeutico di crioterapia compressiva a noleggio. Disponibilit\u00e0 immediata. Prenota ora, chiamaci al +39 392 65 09 237 !\" \/>\n<meta property=\"og:url\" content=\"https:\/\/www.miamedicalitalia.it\/pt\/produto\/noleggio-cryoterapia-compressiva-cryopush\/\" \/>\n<meta property=\"og:site_name\" content=\"Mia Medical\" \/>\n<meta property=\"article:publisher\" content=\"https:\/\/www.facebook.com\/miamedicalitalia\" \/>\n<meta property=\"article:modified_time\" content=\"2026-02-12T10:07:42+00:00\" \/>\n<meta property=\"og:image\" content=\"https:\/\/www.miamedicalitalia.it\/wp-content\/uploads\/2024\/06\/1.jpg\" \/>\n\t<meta property=\"og:image:width\" content=\"1000\" \/>\n\t<meta property=\"og:image:height\" content=\"1000\" \/>\n\t<meta property=\"og:image:type\" content=\"image\/jpeg\" \/>\n<meta name=\"twitter:card\" content=\"summary_large_image\" \/>\n<meta name=\"twitter:label1\" content=\"Tempo estimado de leitura\" \/>\n\t<meta name=\"twitter:data1\" content=\"2 minutos\" \/>\n<script type=\"application\/ld+json\" class=\"yoast-schema-graph\">{\"@context\":\"https:\\\/\\\/schema.org\",\"@graph\":[{\"@type\":\"WebPage\",\"@id\":\"https:\\\/\\\/www.miamedicalitalia.it\\\/prodotto\\\/noleggio-cryoterapia-compressiva-cryopush\\\/\",\"url\":\"https:\\\/\\\/www.miamedicalitalia.it\\\/prodotto\\\/noleggio-cryoterapia-compressiva-cryopush\\\/\",\"name\":\"Noleggio crioterapia compressiva CRYOPUSH\",\"isPartOf\":{\"@id\":\"https:\\\/\\\/www.miamedicalitalia.it\\\/#website\"},\"primaryImageOfPage\":{\"@id\":\"https:\\\/\\\/www.miamedicalitalia.it\\\/prodotto\\\/noleggio-cryoterapia-compressiva-cryopush\\\/#primaryimage\"},\"image\":{\"@id\":\"https:\\\/\\\/www.miamedicalitalia.it\\\/prodotto\\\/noleggio-cryoterapia-compressiva-cryopush\\\/#primaryimage\"},\"thumbnailUrl\":\"https:\\\/\\\/www.miamedicalitalia.it\\\/wp-content\\\/uploads\\\/2024\\\/06\\\/1.jpg\",\"datePublished\":\"2024-06-13T15:02:59+00:00\",\"dateModified\":\"2026-02-12T10:07:42+00:00\",\"description\":\"CRYOPUSH: il nostro macchinario terapeutico di crioterapia compressiva a noleggio. Disponibilit\u00e0 immediata. Prenota ora, chiamaci al +39 392 65 09 237 !\",\"breadcrumb\":{\"@id\":\"https:\\\/\\\/www.miamedicalitalia.it\\\/prodotto\\\/noleggio-cryoterapia-compressiva-cryopush\\\/#breadcrumb\"},\"inLanguage\":\"pt-PT\",\"potentialAction\":[{\"@type\":\"ReadAction\",\"target\":[\"https:\\\/\\\/www.miamedicalitalia.it\\\/prodotto\\\/noleggio-cryoterapia-compressiva-cryopush\\\/\"]}]},{\"@type\":\"ImageObject\",\"inLanguage\":\"pt-PT\",\"@id\":\"https:\\\/\\\/www.miamedicalitalia.it\\\/prodotto\\\/noleggio-cryoterapia-compressiva-cryopush\\\/#primaryimage\",\"url\":\"https:\\\/\\\/www.miamedicalitalia.it\\\/wp-content\\\/uploads\\\/2024\\\/06\\\/1.jpg\",\"contentUrl\":\"https:\\\/\\\/www.miamedicalitalia.it\\\/wp-content\\\/uploads\\\/2024\\\/06\\\/1.jpg\",\"width\":1000,\"height\":1000},{\"@type\":\"BreadcrumbList\",\"@id\":\"https:\\\/\\\/www.miamedicalitalia.it\\\/prodotto\\\/noleggio-cryoterapia-compressiva-cryopush\\\/#breadcrumb\",\"itemListElement\":[{\"@type\":\"ListItem\",\"position\":1,\"name\":\"Home\",\"item\":\"https:\\\/\\\/www.miamedicalitalia.it\\\/\"},{\"@type\":\"ListItem\",\"position\":2,\"name\":\"Shop\",\"item\":\"https:\\\/\\\/www.miamedicalitalia.it\\\/negozio\\\/\"},{\"@type\":\"ListItem\",\"position\":3,\"name\":\"Affitto e noleggio\",\"item\":\"https:\\\/\\\/www.miamedicalitalia.it\\\/categoria\\\/affitto-e-noleggio-ausili\\\/\"},{\"@type\":\"ListItem\",\"position\":4,\"name\":\"Cryoterapia\",\"item\":\"https:\\\/\\\/www.miamedicalitalia.it\\\/categoria\\\/affitto-e-noleggio-ausili\\\/noleggio-crioterapia\\\/\"},{\"@type\":\"ListItem\",\"position\":5,\"name\":\"Noleggio Crioterapia compressiva Cryopush\"}]},{\"@type\":\"WebSite\",\"@id\":\"https:\\\/\\\/www.miamedicalitalia.it\\\/#website\",\"url\":\"https:\\\/\\\/www.miamedicalitalia.it\\\/\",\"name\":\"www.miamedicalitalia.it\",\"description\":\"Noleggio e Vendita Attrezzatura Sanitarie\",\"publisher\":{\"@id\":\"https:\\\/\\\/www.miamedicalitalia.it\\\/#organization\"},\"potentialAction\":[{\"@type\":\"SearchAction\",\"target\":{\"@type\":\"EntryPoint\",\"urlTemplate\":\"https:\\\/\\\/www.miamedicalitalia.it\\\/?s={search_term_string}\"},\"query-input\":{\"@type\":\"PropertyValueSpecification\",\"valueRequired\":true,\"valueName\":\"search_term_string\"}}],\"inLanguage\":\"pt-PT\"},{\"@type\":\"Organization\",\"@id\":\"https:\\\/\\\/www.miamedicalitalia.it\\\/#organization\",\"name\":\"OLG\",\"url\":\"https:\\\/\\\/www.miamedicalitalia.it\\\/\",\"logo\":{\"@type\":\"ImageObject\",\"inLanguage\":\"pt-PT\",\"@id\":\"https:\\\/\\\/www.miamedicalitalia.it\\\/#\\\/schema\\\/logo\\\/image\\\/\",\"url\":\"https:\\\/\\\/www.miamedicalitalia.it\\\/wp-content\\\/uploads\\\/2023\\\/04\\\/mia-medical-logo-free.png\",\"contentUrl\":\"https:\\\/\\\/www.miamedicalitalia.it\\\/wp-content\\\/uploads\\\/2023\\\/04\\\/mia-medical-logo-free.png\",\"width\":700,\"height\":700,\"caption\":\"OLG\"},\"image\":{\"@id\":\"https:\\\/\\\/www.miamedicalitalia.it\\\/#\\\/schema\\\/logo\\\/image\\\/\"},\"sameAs\":[\"https:\\\/\\\/www.facebook.com\\\/miamedicalitalia\"]}]}<\/script>\n<!-- \/ Yoast SEO Premium plugin. -->","yoast_head_json":{"title":"Aluguer de crioterapia por compress\u00e3o CRYOPUSH","description":"CRYOPUSH: aluguer da nossa m\u00e1quina de crioterapia de compress\u00e3o terap\u00eautica. Disponibilidade imediata. Reserve j\u00e1, contacte-nos atrav\u00e9s do n\u00famero +39 392 65 09 237 !","robots":{"index":"index","follow":"follow","max-snippet":"max-snippet:-1","max-image-preview":"max-image-preview:large","max-video-preview":"max-video-preview:-1"},"canonical":"https:\/\/www.miamedicalitalia.it\/pt\/produto\/noleggio-cryoterapia-compressiva-cryopush\/","og_locale":"pt_PT","og_type":"article","og_title":"Noleggio crioterapia compressiva CRYOPUSH","og_description":"CRYOPUSH: il nostro macchinario terapeutico di crioterapia compressiva a noleggio. Disponibilit\u00e0 immediata. Prenota ora, chiamaci al +39 392 65 09 237 !","og_url":"https:\/\/www.miamedicalitalia.it\/pt\/produto\/noleggio-cryoterapia-compressiva-cryopush\/","og_site_name":"Mia Medical","article_publisher":"https:\/\/www.facebook.com\/miamedicalitalia","article_modified_time":"2026-02-12T10:07:42+00:00","og_image":[{"width":1000,"height":1000,"url":"https:\/\/www.miamedicalitalia.it\/wp-content\/uploads\/2024\/06\/1.jpg","type":"image\/jpeg"}],"twitter_card":"summary_large_image","twitter_misc":{"Tempo estimado de leitura":"2 minutos"},"schema":{"@context":"https:\/\/schema.org","@graph":[{"@type":"WebPage","@id":"https:\/\/www.miamedicalitalia.it\/prodotto\/noleggio-cryoterapia-compressiva-cryopush\/","url":"https:\/\/www.miamedicalitalia.it\/prodotto\/noleggio-cryoterapia-compressiva-cryopush\/","name":"Aluguer de crioterapia por compress\u00e3o CRYOPUSH","isPartOf":{"@id":"https:\/\/www.miamedicalitalia.it\/#website"},"primaryImageOfPage":{"@id":"https:\/\/www.miamedicalitalia.it\/prodotto\/noleggio-cryoterapia-compressiva-cryopush\/#primaryimage"},"image":{"@id":"https:\/\/www.miamedicalitalia.it\/prodotto\/noleggio-cryoterapia-compressiva-cryopush\/#primaryimage"},"thumbnailUrl":"https:\/\/www.miamedicalitalia.it\/wp-content\/uploads\/2024\/06\/1.jpg","datePublished":"2024-06-13T15:02:59+00:00","dateModified":"2026-02-12T10:07:42+00:00","description":"CRYOPUSH: aluguer da nossa m\u00e1quina de crioterapia de compress\u00e3o terap\u00eautica. Disponibilidade imediata. Reserve j\u00e1, contacte-nos atrav\u00e9s do n\u00famero +39 392 65 09 237 !","breadcrumb":{"@id":"https:\/\/www.miamedicalitalia.it\/prodotto\/noleggio-cryoterapia-compressiva-cryopush\/#breadcrumb"},"inLanguage":"pt-PT","potentialAction":[{"@type":"ReadAction","target":["https:\/\/www.miamedicalitalia.it\/prodotto\/noleggio-cryoterapia-compressiva-cryopush\/"]}]},{"@type":"ImageObject","inLanguage":"pt-PT","@id":"https:\/\/www.miamedicalitalia.it\/prodotto\/noleggio-cryoterapia-compressiva-cryopush\/#primaryimage","url":"https:\/\/www.miamedicalitalia.it\/wp-content\/uploads\/2024\/06\/1.jpg","contentUrl":"https:\/\/www.miamedicalitalia.it\/wp-content\/uploads\/2024\/06\/1.jpg","width":1000,"height":1000},{"@type":"BreadcrumbList","@id":"https:\/\/www.miamedicalitalia.it\/prodotto\/noleggio-cryoterapia-compressiva-cryopush\/#breadcrumb","itemListElement":[{"@type":"ListItem","position":1,"name":"Home","item":"https:\/\/www.miamedicalitalia.it\/"},{"@type":"ListItem","position":2,"name":"Shop","item":"https:\/\/www.miamedicalitalia.it\/negozio\/"},{"@type":"ListItem","position":3,"name":"Affitto e noleggio","item":"https:\/\/www.miamedicalitalia.it\/categoria\/affitto-e-noleggio-ausili\/"},{"@type":"ListItem","position":4,"name":"Cryoterapia","item":"https:\/\/www.miamedicalitalia.it\/categoria\/affitto-e-noleggio-ausili\/noleggio-crioterapia\/"},{"@type":"ListItem","position":5,"name":"Noleggio Crioterapia compressiva Cryopush"}]},{"@type":"WebSite","@id":"https:\/\/www.miamedicalitalia.it\/#website","url":"https:\/\/www.miamedicalitalia.it\/","name":"www.miamedicalitalia.it","description":"Aluguer e venda de equipamento sanit\u00e1rio","publisher":{"@id":"https:\/\/www.miamedicalitalia.it\/#organization"},"potentialAction":[{"@type":"SearchAction","target":{"@type":"EntryPoint","urlTemplate":"https:\/\/www.miamedicalitalia.it\/?s={search_term_string}"},"query-input":{"@type":"PropertyValueSpecification","valueRequired":true,"valueName":"search_term_string"}}],"inLanguage":"pt-PT"},{"@type":"Organization","@id":"https:\/\/www.miamedicalitalia.it\/#organization","name":"OLG","url":"https:\/\/www.miamedicalitalia.it\/","logo":{"@type":"ImageObject","inLanguage":"pt-PT","@id":"https:\/\/www.miamedicalitalia.it\/#\/schema\/logo\/image\/","url":"https:\/\/www.miamedicalitalia.it\/wp-content\/uploads\/2023\/04\/mia-medical-logo-free.png","contentUrl":"https:\/\/www.miamedicalitalia.it\/wp-content\/uploads\/2023\/04\/mia-medical-logo-free.png","width":700,"height":700,"caption":"OLG"},"image":{"@id":"https:\/\/www.miamedicalitalia.it\/#\/schema\/logo\/image\/"},"sameAs":["https:\/\/www.facebook.com\/miamedicalitalia"]}]}},"wcpa_form_fields":{"wcpaData":{"product":{"product_price":140,"price_html":"<span class=\"woocommerce-Price-amount amount\" aria-hidden=\"true\"><bdi><span class=\"woocommerce-Price-currencySymbol\">&euro;<\/span>140.00<\/bdi><\/span> <span aria-hidden=\"true\">-<\/span> <span class=\"woocommerce-Price-amount amount\" aria-hidden=\"true\"><bdi><span class=\"woocommerce-Price-currencySymbol\">&euro;<\/span>340.00<\/bdi><\/span><span class=\"screen-reader-text\">Gama de pre\u00e7os: &euro;140.00 a &euro;340.00<\/span>","original_product_price":140,"price_including_tax":140,"price_excluding_tax":140,"product_id":{"parent":12465,"variation":false},"is_variable":true,"stock_status":"instock","stock_quantity":null,"parent_sku":"","product_attributes":{"quanto-costa":{"is_variation":true,"values":[]}},"custom_fields":[],"is_taxable":false,"product_name":"Noleggio Crioterapia compressiva Cryopush","hasImage":false},"fields":{"sec_565f165582eb8c":{"extra":{"key":"sec_565f165582eb8c","section_id":"sec_565f165582eb8c","name":"Predefinito","status":1,"toggle":true,"form_id":12050,"form_rules":{"exclude_from_discount":false,"fee_label":"Taxa","disp_hide_options_price":false,"disp_show_section_price":false,"disp_show_field_price":true,"layout_option":"standard","pric_use_as_fee":false,"process_fee_as":"woo_fee"},"layout_option":"standard"},"fields":[[{"active":true,"col":6,"relations":false,"cl_rule":"show","enableCl":false,"price":"","enablePrice":false,"className":"input-text","type":"date","required":true,"elementId":"date_3189538061","name":"date_3189538061","label":"A partire dal giorno:","picker_type":"custom","picker_mode":"single","error":false,"description":"Inserisci la data di inizio del noleggio","gt_translate_keys":["label","description"],"price_dependency":false,"cl_dependency":false,"value":""}]]}},"config":{"price_override":"","enable_recaptcha":false,"bind_quantity":false,"quantity_bind_formula":false,"disp_summ_show_option_price":true,"disp_summ_show_product_price":true,"disp_summ_show_total_price":true,"disp_summ_show_fee":false,"disp_summ_show_discount":false,"summary_title":"","options_total_label":"Op\u00e7\u00f5es Pre\u00e7o","total_label":"Total","options_product_label":"Pre\u00e7o do produto","fee_label":"Taxa","discount_label":"Desconto","has_price":true,"has_quantity_formula":false},"mc_unit":1,"tax_rate":1,"tax_rate_real":1,"discount":{"percentage":0,"fixed":0},"design":{"conf":{"LabelPosition":"above","DescPosition":"below","UploadField":"custom_1","QuantityFieldStyle":"default"},"css":{"LeftLabelWidth":"50px"}},"formulas":[],"lookuptables":[],"clones":false,"cartKey":false}},"_links":{"self":[{"href":"https:\/\/www.miamedicalitalia.it\/pt\/wp-json\/wp\/v2\/product\/12465","targetHints":{"allow":["GET"]}}],"collection":[{"href":"https:\/\/www.miamedicalitalia.it\/pt\/wp-json\/wp\/v2\/product"}],"about":[{"href":"https:\/\/www.miamedicalitalia.it\/pt\/wp-json\/wp\/v2\/types\/product"}],"wp:featuredmedia":[{"embeddable":true,"href":"https:\/\/www.miamedicalitalia.it\/pt\/wp-json\/wp\/v2\/media\/14155"}],"wp:attachment":[{"href":"https:\/\/www.miamedicalitalia.it\/pt\/wp-json\/wp\/v2\/media?parent=12465"}],"wp:term":[{"taxonomy":"home-category","embeddable":true,"href":"https:\/\/www.miamedicalitalia.it\/pt\/wp-json\/wp\/v2\/home-category?post=12465"},{"taxonomy":"product_brand","embeddable":true,"href":"https:\/\/www.miamedicalitalia.it\/pt\/wp-json\/wp\/v2\/product_brand?post=12465"},{"taxonomy":"product_cat","embeddable":true,"href":"https:\/\/www.miamedicalitalia.it\/pt\/wp-json\/wp\/v2\/product_cat?post=12465"},{"taxonomy":"product_tag","embeddable":true,"href":"https:\/\/www.miamedicalitalia.it\/pt\/wp-json\/wp\/v2\/product_tag?post=12465"},{"taxonomy":"woo-feed-brand","embeddable":true,"href":"https:\/\/www.miamedicalitalia.it\/pt\/wp-json\/wp\/v2\/woo-feed-brand?post=12465"}],"curies":[{"name":"wp","href":"https:\/\/api.w.org\/{rel}","templated":true}]}}