{"id":12347,"date":"2024-05-27T22:31:55","date_gmt":"2024-05-27T20:31:55","guid":{"rendered":"https:\/\/www.miamedicalitalia.it\/?post_type=product&#038;p=12347"},"modified":"2026-01-07T11:59:26","modified_gmt":"2026-01-07T09:59:26","slug":"noleggio-sollevatore-elettrico-soft-pieghevole-da-bagno","status":"publish","type":"product","link":"https:\/\/www.miamedicalitalia.it\/pt\/produto\/noleggio-sollevatore-elettrico-soft-pieghevole-da-bagno\/","title":{"rendered":"Aluguer de elevador de banheira el\u00e9trico SOFT"},"content":{"rendered":"<p><strong>O elevador el\u00e9trico SOFT dobr\u00e1vel ocupa pouco espa\u00e7o, com apenas 28 cm de profundidade quando dobrado, <\/strong>\u00e9 um <strong>sollevatore elettrico per anziani e persone con disabilit\u00e0 <\/strong>&nbsp;dotado de um&nbsp;<strong>sistema de eleva\u00e7\u00e3o \u00fanico<\/strong>que, com apenas dois movimentos, permite <strong>tirar o doente da cama,<\/strong> acompanh\u00e1-lo facilmente \u00e0 casa de banho e lev\u00e1-lo para o carro.<\/p>\n\n\n\n<h4 class=\"wp-block-heading\" id=\"h-caratteristiche-tecniche-del-sollevatore-soft-per-anziani\">Caracter\u00edsticas t\u00e9cnicas do elevador SOFT para idosos<\/h4>\n\n\n\n<ul class=\"wp-block-list\">\n<li><strong>Sistema de eleva\u00e7\u00e3o el\u00e9ctrica com controlo manual<\/strong><\/li>\n\n\n\n<li><strong>Arn\u00eas macio, confort\u00e1vel e lav\u00e1vel<\/strong><\/li>\n\n\n\n<li><strong>Estrutura dobr\u00e1vel<\/strong>&nbsp;- apenas&nbsp;<strong>27 cm de profundidade<\/strong>&nbsp;quando fechado<\/li>\n\n\n\n<li><strong>Altura ajust\u00e1vel<\/strong>&nbsp;40 a 73 cm<\/li>\n\n\n\n<li><strong>Largura quando aberto<\/strong>: 63 cm -&nbsp;<strong>passa facilmente atrav\u00e9s de portas de 53 cm<\/strong><\/li>\n\n\n\n<li><strong>Comprimento<\/strong>73 cm<\/li>\n\n\n\n<li><strong>Peso do dispositivo<\/strong>28 kg<\/li>\n\n\n\n<li><strong>Caudal m\u00e1ximo<\/strong>150 kg<\/li>\n\n\n\n<li><strong>Rodas girat\u00f3rias<\/strong>&nbsp;para uma f\u00e1cil manobrabilidade<\/li>\n\n\n\n<li><strong>Pegada pequena<\/strong>&nbsp;- ideal mesmo em divis\u00f5es pequenas<\/li>\n<\/ul>\n\n\n\n<h4 class=\"wp-block-heading\" id=\"h-a-chi-e-rivolto-il-sollevatore-elettrico-soft\">A quem se destina o elevador el\u00e9trico SOFT<\/h4>\n\n\n\n<p>O elevador SOFT foi concebido para:<\/p>\n\n\n\n<ul class=\"wp-block-list\">\n<li>Quem precisa de um auxiliar para acompanhar uma pessoa assistida no autom\u00f3vel<\/li>\n\n\n\n<li>Famiglie che assistono persone con disabilit\u00e0 o difficolt\u00e0 motorie in casa<\/li>\n\n\n\n<li>Estabelecimentos de sa\u00fade, lares de idosos ou RSAs<\/li>\n\n\n\n<li>Trabalhadores de cuidados domicili\u00e1rios e prestadores de cuidados profissionais<\/li>\n\n\n\n<li>Pr\u00e1ticas de fisioterapia e ambientes de reabilita\u00e7\u00e3o<\/li>\n<\/ul>\n\n\n\n<h4 class=\"wp-block-heading\" id=\"h-attivita-quotidiane-per-cui-il-sollevatore-per-anziani-o-persone-con-disabilita-e-di-aiuto\">Attivit\u00e0 quotidiane per cui il sollevatore per anziani o persone con disabilit\u00e0 \u00e8 di aiuto\u00a0<\/h4>\n\n\n\n<ul class=\"wp-block-list\">\n<li><em>Afastar a pessoa da cama, fazendo-a levantar-se ou deitar-se nela<\/em><\/li>\n\n\n\n<li><em>Acompanhar a pessoa \u00e0 casa de banho<\/em><\/li>\n\n\n\n<li><em>&nbsp;Sentar ou deslocar a pessoa da cadeira, cadeira confort\u00e1vel e cadeira de rodas<\/em><\/li>\n\n\n\n<li><em>Desloca\u00e7\u00e3o da pessoa dentro de casa<\/em><\/li>\n\n\n\n<li><em>Acomodar a pessoa no autom\u00f3vel<\/em><\/li>\n<\/ul>\n\n\n\n<p>Saiba mais sobre o nosso&nbsp;<strong><a href=\"https:\/\/www.miamedicalitalia.it\/pt\/categoria\/affitto-e-noleggio-ausili\/\">site todos os modelos e ajudas dispon\u00edveis: ferramentas concebidas para acompanhar as pessoas todos os dias em dire\u00e7\u00e3o a uma nova autonomia.<\/a><\/strong><br><br>Todos os dias, esfor\u00e7amo-nos por fornecer aos nossos clientes todas as ferramentas necess\u00e1rias para os cuidados ao domic\u00edlio, para que possam receber os cuidados de que necessitam rodeados pelo afeto dos seus entes queridos.&nbsp;<br><br>As nossas ajudas s\u00e3o cuidadosamente selecionadas a partir dos melhores fornecedores, a fim de garantir uma&nbsp;<strong>servi\u00e7o de qualidade superior, com assist\u00eancia constante dos nossos profissionais, entrega r\u00e1pida ao domic\u00edlio em 24\/48 horas.<\/strong> Ligue-nos para o n\u00famero +39 392 65 09 237!<\/p>\n\n\n\n<h4 class=\"wp-block-heading\" id=\"h-perche-scegliere-il-servizio-di-noleggio-di-m-i-a-medical-italia-come-tuo-alleato\">Perch\u00e9 scegliere il servizio di noleggio di M.I.A. Medical Italia come tuo alleato?<\/h4>\n\n\n\n<p>Escolha a Mia Medical Italia para o seu aluguer:<\/p>\n\n\n\n<ul class=\"wp-block-list\">\n<li>Hai&nbsp;<strong>assist\u00eancia personalizada<\/strong>&nbsp;e entrega do dispositivo diretamente a&nbsp;<strong>cl\u00ednica, hospital ou apartamento<\/strong>.<\/li>\n\n\n\n<li>Localizar dispositivos&nbsp;<strong>higienizado, seguro e controlado<\/strong>&nbsp;por pessoal qualificado.<\/li>\n\n\n\n<li>Hai&nbsp;<strong>apoio local imediato<\/strong>tanto em Roma como em Floren\u00e7a.<\/li>\n\n\n\n<li>Reserve facilmente, com tarifas transparentes e op\u00e7\u00f5es flex\u00edveis, mesmo para v\u00e1rios dias.<\/li>\n\n\n\n<li><strong><a href=\"https:\/\/www.morettispa.com\/prodotto\/sollevatore-elettrico-muevo-home-portata-max-135-kg-copia\/\">Dispositivos de \u00faltima gera\u00e7\u00e3o e a melhor qualidade do mercado<\/a><\/strong><\/li>\n<\/ul>\n\n\n\n<h4 class=\"wp-block-heading\" id=\"h-come-contattarci-nbsp\">Como contactar-nos&nbsp;<\/h4>\n\n\n\n<p><strong><a href=\"https:\/\/wa.me\/393926509237\">Contactar-nos<\/a><\/strong>&nbsp;hoje para saber a disponibilidade e o or\u00e7amento. Al\u00e9m disso, se ainda n\u00e3o o convencemos, contacte-nos agora para&nbsp;<strong><a href=\"https:\/\/wa.me\/393926509237\">+39 392 65 09 237.<\/a><\/strong>&nbsp;O nosso&nbsp;<strong>equipa de especialistas<\/strong>&nbsp;do sector estar\u00e3o dispon\u00edveis para responder a todas as suas perguntas e esclarecer quaisquer d\u00favidas.&nbsp;<strong>Contactar-nos&nbsp;<\/strong>hoje para receber uma consulta gratuita e sem compromisso e deixar que os nossos especialistas o orientem para uma experi\u00eancia de aluguer personalizada e adaptada \u00e0s suas necessidades.<\/p>\n\n\n\n<p><a href=\"https:\/\/www.miamedicalitalia.it\/pt\/mia-medical-condizioni-di-noleggio-dei-nostri-ausili-medicali\/?_gl=1*hr9jjl*_up*MQ..*_ga*MTUxMzgwNzg3Ni4xNzQ0NDY0NDE1*_ga_D9FZ9V3LL7*MTc0NDQ2NDQxNC4xLjEuMTc0NDQ2NDc5MC4wLjAuMA..\">Nota: ver as nossas condi\u00e7\u00f5es de aluguer<\/a>.<\/p>","protected":false},"excerpt":{"rendered":"<div style=\"font-family: Arial, sans-serif; background-color: #234091; padding: 30px; border-radius: 25px; max-width: 600px; color: #ffffff; position: relative; border-top: 6px solid #2498fe;\">\n<h3 style=\"margin-top: 0; margin-bottom: 15px; color: #ffffff;\">Aluguer de guincho el\u00e9trico com assento e funda.<\/h3>\n<p>Consegna a Roma e Firenze a partire da 45\u20ac.<\/p>\n<p><strong>Entrega gratuita<\/strong> para alugueres de 45 dias!<\/p>\n<p><strong>N\u00e3o \u00e9 necess\u00e1rio dep\u00f3sito.<\/strong><\/p>\n<p>A entrega e a recolha no armaz\u00e9m s\u00e3o <strong>GR\u00c1TIS!<\/strong><\/p>\n<\/div>\n<p><!-- Linea bianca sotto --><\/p>\n<div style=\"height: 6px; background-color: #ffffff; max-width: 600px;\">\u00a0<\/div>","protected":false},"featured_media":14127,"template":"","meta":{"_acf_changed":false},"home-category":[263],"product_brand":[],"product_cat":[81],"product_tag":[237,238,236,235,212,213],"woo-feed-brand":[],"class_list":{"0":"post-12347","1":"product","2":"type-product","3":"status-publish","4":"has-post-thumbnail","6":"home-category-ausili","7":"product_cat-noleggio-sollevatori","8":"product_tag-affitto-sollevatore-elettrico","9":"product_tag-imbragatura","10":"product_tag-noleggio-sollevatore-elettrico","11":"product_tag-sollevatore-elettrico-tipo-sollievo","12":"product_tag-sollevatore-sollievo-affitto-noleggio","13":"product_tag-sollievo-plus","14":"wcpa_has_options","16":"first","17":"instock","18":"shipping-taxable","19":"purchasable","20":"product-type-variable"},"acf":[],"yoast_head":"<!-- This site is optimized with the Yoast SEO Premium plugin v27.5 (Yoast SEO v27.5) - https:\/\/yoast.com\/product\/yoast-seo-premium-wordpress\/ -->\n<title>Noleggio sollevatore elettrico da bagno nel Lazio e nella Toscana<\/title>\n<meta name=\"description\" content=\"Noleggio, affitto del sollevatore elettrico da bagno pieghevole per anziani e persone con disabilit\u00e0. Chiama subito il 3926509237 !\" \/>\n<meta name=\"robots\" content=\"index, follow, max-snippet:-1, max-image-preview:large, max-video-preview:-1\" \/>\n<link rel=\"canonical\" href=\"https:\/\/www.miamedicalitalia.it\/pt\/produto\/noleggio-sollevatore-elettrico-soft-pieghevole-da-bagno\/\" \/>\n<meta property=\"og:locale\" content=\"pt_PT\" \/>\n<meta property=\"og:type\" content=\"article\" \/>\n<meta property=\"og:title\" content=\"Noleggio sollevatore elettrico da bagno nel Lazio e nella Toscana\" \/>\n<meta property=\"og:description\" content=\"Noleggio, affitto del sollevatore elettrico da bagno pieghevole per anziani e persone con disabilit\u00e0. Chiama subito il 3926509237 !\" \/>\n<meta property=\"og:url\" content=\"https:\/\/www.miamedicalitalia.it\/pt\/produto\/noleggio-sollevatore-elettrico-soft-pieghevole-da-bagno\/\" \/>\n<meta property=\"og:site_name\" content=\"Mia Medical\" \/>\n<meta property=\"article:publisher\" content=\"https:\/\/www.facebook.com\/miamedicalitalia\" \/>\n<meta property=\"article:modified_time\" content=\"2026-01-07T09:59:26+00:00\" \/>\n<meta property=\"og:image\" content=\"https:\/\/www.miamedicalitalia.it\/wp-content\/uploads\/2025\/07\/2.jpg\" \/>\n\t<meta property=\"og:image:width\" content=\"1000\" \/>\n\t<meta property=\"og:image:height\" content=\"1000\" \/>\n\t<meta property=\"og:image:type\" content=\"image\/jpeg\" \/>\n<meta name=\"twitter:card\" content=\"summary_large_image\" \/>\n<meta name=\"twitter:label1\" content=\"Tempo estimado de leitura\" \/>\n\t<meta name=\"twitter:data1\" content=\"2 minutos\" \/>\n<script type=\"application\/ld+json\" class=\"yoast-schema-graph\">{\"@context\":\"https:\\\/\\\/schema.org\",\"@graph\":[{\"@type\":\"WebPage\",\"@id\":\"https:\\\/\\\/www.miamedicalitalia.it\\\/prodotto\\\/noleggio-sollevatore-elettrico-soft-pieghevole-da-bagno\\\/\",\"url\":\"https:\\\/\\\/www.miamedicalitalia.it\\\/prodotto\\\/noleggio-sollevatore-elettrico-soft-pieghevole-da-bagno\\\/\",\"name\":\"Noleggio sollevatore elettrico da bagno nel Lazio e nella Toscana\",\"isPartOf\":{\"@id\":\"https:\\\/\\\/www.miamedicalitalia.it\\\/#website\"},\"primaryImageOfPage\":{\"@id\":\"https:\\\/\\\/www.miamedicalitalia.it\\\/prodotto\\\/noleggio-sollevatore-elettrico-soft-pieghevole-da-bagno\\\/#primaryimage\"},\"image\":{\"@id\":\"https:\\\/\\\/www.miamedicalitalia.it\\\/prodotto\\\/noleggio-sollevatore-elettrico-soft-pieghevole-da-bagno\\\/#primaryimage\"},\"thumbnailUrl\":\"https:\\\/\\\/www.miamedicalitalia.it\\\/wp-content\\\/uploads\\\/2025\\\/07\\\/2.jpg\",\"datePublished\":\"2024-05-27T20:31:55+00:00\",\"dateModified\":\"2026-01-07T09:59:26+00:00\",\"description\":\"Noleggio, affitto del sollevatore elettrico da bagno pieghevole per anziani e persone con disabilit\u00e0. Chiama subito il 3926509237 !\",\"breadcrumb\":{\"@id\":\"https:\\\/\\\/www.miamedicalitalia.it\\\/prodotto\\\/noleggio-sollevatore-elettrico-soft-pieghevole-da-bagno\\\/#breadcrumb\"},\"inLanguage\":\"pt-PT\",\"potentialAction\":[{\"@type\":\"ReadAction\",\"target\":[\"https:\\\/\\\/www.miamedicalitalia.it\\\/prodotto\\\/noleggio-sollevatore-elettrico-soft-pieghevole-da-bagno\\\/\"]}]},{\"@type\":\"ImageObject\",\"inLanguage\":\"pt-PT\",\"@id\":\"https:\\\/\\\/www.miamedicalitalia.it\\\/prodotto\\\/noleggio-sollevatore-elettrico-soft-pieghevole-da-bagno\\\/#primaryimage\",\"url\":\"https:\\\/\\\/www.miamedicalitalia.it\\\/wp-content\\\/uploads\\\/2025\\\/07\\\/2.jpg\",\"contentUrl\":\"https:\\\/\\\/www.miamedicalitalia.it\\\/wp-content\\\/uploads\\\/2025\\\/07\\\/2.jpg\",\"width\":1000,\"height\":1000},{\"@type\":\"BreadcrumbList\",\"@id\":\"https:\\\/\\\/www.miamedicalitalia.it\\\/prodotto\\\/noleggio-sollevatore-elettrico-soft-pieghevole-da-bagno\\\/#breadcrumb\",\"itemListElement\":[{\"@type\":\"ListItem\",\"position\":1,\"name\":\"Home\",\"item\":\"https:\\\/\\\/www.miamedicalitalia.it\\\/\"},{\"@type\":\"ListItem\",\"position\":2,\"name\":\"Shop\",\"item\":\"https:\\\/\\\/www.miamedicalitalia.it\\\/negozio\\\/\"},{\"@type\":\"ListItem\",\"position\":3,\"name\":\"Affitto e noleggio\",\"item\":\"https:\\\/\\\/www.miamedicalitalia.it\\\/categoria\\\/affitto-e-noleggio-ausili\\\/\"},{\"@type\":\"ListItem\",\"position\":4,\"name\":\"Sollevatori\",\"item\":\"https:\\\/\\\/www.miamedicalitalia.it\\\/categoria\\\/affitto-e-noleggio-ausili\\\/noleggio-sollevatori\\\/\"},{\"@type\":\"ListItem\",\"position\":5,\"name\":\"Noleggio sollevatore elettrico SOFT da bagno\"}]},{\"@type\":\"WebSite\",\"@id\":\"https:\\\/\\\/www.miamedicalitalia.it\\\/#website\",\"url\":\"https:\\\/\\\/www.miamedicalitalia.it\\\/\",\"name\":\"www.miamedicalitalia.it\",\"description\":\"Noleggio e Vendita Attrezzatura Sanitarie\",\"publisher\":{\"@id\":\"https:\\\/\\\/www.miamedicalitalia.it\\\/#organization\"},\"potentialAction\":[{\"@type\":\"SearchAction\",\"target\":{\"@type\":\"EntryPoint\",\"urlTemplate\":\"https:\\\/\\\/www.miamedicalitalia.it\\\/?s={search_term_string}\"},\"query-input\":{\"@type\":\"PropertyValueSpecification\",\"valueRequired\":true,\"valueName\":\"search_term_string\"}}],\"inLanguage\":\"pt-PT\"},{\"@type\":\"Organization\",\"@id\":\"https:\\\/\\\/www.miamedicalitalia.it\\\/#organization\",\"name\":\"OLG\",\"url\":\"https:\\\/\\\/www.miamedicalitalia.it\\\/\",\"logo\":{\"@type\":\"ImageObject\",\"inLanguage\":\"pt-PT\",\"@id\":\"https:\\\/\\\/www.miamedicalitalia.it\\\/#\\\/schema\\\/logo\\\/image\\\/\",\"url\":\"https:\\\/\\\/www.miamedicalitalia.it\\\/wp-content\\\/uploads\\\/2023\\\/04\\\/mia-medical-logo-free.png\",\"contentUrl\":\"https:\\\/\\\/www.miamedicalitalia.it\\\/wp-content\\\/uploads\\\/2023\\\/04\\\/mia-medical-logo-free.png\",\"width\":700,\"height\":700,\"caption\":\"OLG\"},\"image\":{\"@id\":\"https:\\\/\\\/www.miamedicalitalia.it\\\/#\\\/schema\\\/logo\\\/image\\\/\"},\"sameAs\":[\"https:\\\/\\\/www.facebook.com\\\/miamedicalitalia\"]}]}<\/script>\n<!-- \/ Yoast SEO Premium plugin. -->","yoast_head_json":{"title":"Aluguer de elevadores el\u00e9ctricos de banho no L\u00e1cio e na Tosc\u00e2nia","description":"Noleggio, affitto del sollevatore elettrico da bagno pieghevole per anziani e persone con disabilit\u00e0. Chiama subito il 3926509237 !","robots":{"index":"index","follow":"follow","max-snippet":"max-snippet:-1","max-image-preview":"max-image-preview:large","max-video-preview":"max-video-preview:-1"},"canonical":"https:\/\/www.miamedicalitalia.it\/pt\/produto\/noleggio-sollevatore-elettrico-soft-pieghevole-da-bagno\/","og_locale":"pt_PT","og_type":"article","og_title":"Noleggio sollevatore elettrico da bagno nel Lazio e nella Toscana","og_description":"Noleggio, affitto del sollevatore elettrico da bagno pieghevole per anziani e persone con disabilit\u00e0. Chiama subito il 3926509237 !","og_url":"https:\/\/www.miamedicalitalia.it\/pt\/produto\/noleggio-sollevatore-elettrico-soft-pieghevole-da-bagno\/","og_site_name":"Mia Medical","article_publisher":"https:\/\/www.facebook.com\/miamedicalitalia","article_modified_time":"2026-01-07T09:59:26+00:00","og_image":[{"width":1000,"height":1000,"url":"https:\/\/www.miamedicalitalia.it\/wp-content\/uploads\/2025\/07\/2.jpg","type":"image\/jpeg"}],"twitter_card":"summary_large_image","twitter_misc":{"Tempo estimado de leitura":"2 minutos"},"schema":{"@context":"https:\/\/schema.org","@graph":[{"@type":"WebPage","@id":"https:\/\/www.miamedicalitalia.it\/prodotto\/noleggio-sollevatore-elettrico-soft-pieghevole-da-bagno\/","url":"https:\/\/www.miamedicalitalia.it\/prodotto\/noleggio-sollevatore-elettrico-soft-pieghevole-da-bagno\/","name":"Aluguer de elevadores el\u00e9ctricos de banho no L\u00e1cio e na Tosc\u00e2nia","isPartOf":{"@id":"https:\/\/www.miamedicalitalia.it\/#website"},"primaryImageOfPage":{"@id":"https:\/\/www.miamedicalitalia.it\/prodotto\/noleggio-sollevatore-elettrico-soft-pieghevole-da-bagno\/#primaryimage"},"image":{"@id":"https:\/\/www.miamedicalitalia.it\/prodotto\/noleggio-sollevatore-elettrico-soft-pieghevole-da-bagno\/#primaryimage"},"thumbnailUrl":"https:\/\/www.miamedicalitalia.it\/wp-content\/uploads\/2025\/07\/2.jpg","datePublished":"2024-05-27T20:31:55+00:00","dateModified":"2026-01-07T09:59:26+00:00","description":"Noleggio, affitto del sollevatore elettrico da bagno pieghevole per anziani e persone con disabilit\u00e0. Chiama subito il 3926509237 !","breadcrumb":{"@id":"https:\/\/www.miamedicalitalia.it\/prodotto\/noleggio-sollevatore-elettrico-soft-pieghevole-da-bagno\/#breadcrumb"},"inLanguage":"pt-PT","potentialAction":[{"@type":"ReadAction","target":["https:\/\/www.miamedicalitalia.it\/prodotto\/noleggio-sollevatore-elettrico-soft-pieghevole-da-bagno\/"]}]},{"@type":"ImageObject","inLanguage":"pt-PT","@id":"https:\/\/www.miamedicalitalia.it\/prodotto\/noleggio-sollevatore-elettrico-soft-pieghevole-da-bagno\/#primaryimage","url":"https:\/\/www.miamedicalitalia.it\/wp-content\/uploads\/2025\/07\/2.jpg","contentUrl":"https:\/\/www.miamedicalitalia.it\/wp-content\/uploads\/2025\/07\/2.jpg","width":1000,"height":1000},{"@type":"BreadcrumbList","@id":"https:\/\/www.miamedicalitalia.it\/prodotto\/noleggio-sollevatore-elettrico-soft-pieghevole-da-bagno\/#breadcrumb","itemListElement":[{"@type":"ListItem","position":1,"name":"Home","item":"https:\/\/www.miamedicalitalia.it\/"},{"@type":"ListItem","position":2,"name":"Shop","item":"https:\/\/www.miamedicalitalia.it\/negozio\/"},{"@type":"ListItem","position":3,"name":"Affitto e noleggio","item":"https:\/\/www.miamedicalitalia.it\/categoria\/affitto-e-noleggio-ausili\/"},{"@type":"ListItem","position":4,"name":"Sollevatori","item":"https:\/\/www.miamedicalitalia.it\/categoria\/affitto-e-noleggio-ausili\/noleggio-sollevatori\/"},{"@type":"ListItem","position":5,"name":"Noleggio sollevatore elettrico SOFT da bagno"}]},{"@type":"WebSite","@id":"https:\/\/www.miamedicalitalia.it\/#website","url":"https:\/\/www.miamedicalitalia.it\/","name":"www.miamedicalitalia.it","description":"Aluguer e venda de equipamento sanit\u00e1rio","publisher":{"@id":"https:\/\/www.miamedicalitalia.it\/#organization"},"potentialAction":[{"@type":"SearchAction","target":{"@type":"EntryPoint","urlTemplate":"https:\/\/www.miamedicalitalia.it\/?s={search_term_string}"},"query-input":{"@type":"PropertyValueSpecification","valueRequired":true,"valueName":"search_term_string"}}],"inLanguage":"pt-PT"},{"@type":"Organization","@id":"https:\/\/www.miamedicalitalia.it\/#organization","name":"OLG","url":"https:\/\/www.miamedicalitalia.it\/","logo":{"@type":"ImageObject","inLanguage":"pt-PT","@id":"https:\/\/www.miamedicalitalia.it\/#\/schema\/logo\/image\/","url":"https:\/\/www.miamedicalitalia.it\/wp-content\/uploads\/2023\/04\/mia-medical-logo-free.png","contentUrl":"https:\/\/www.miamedicalitalia.it\/wp-content\/uploads\/2023\/04\/mia-medical-logo-free.png","width":700,"height":700,"caption":"OLG"},"image":{"@id":"https:\/\/www.miamedicalitalia.it\/#\/schema\/logo\/image\/"},"sameAs":["https:\/\/www.facebook.com\/miamedicalitalia"]}]}},"wcpa_form_fields":{"wcpaData":{"product":{"product_price":100,"price_html":"<span class=\"woocommerce-Price-amount amount\" aria-hidden=\"true\"><bdi><span class=\"woocommerce-Price-currencySymbol\">&euro;<\/span>100.00<\/bdi><\/span> <span aria-hidden=\"true\">-<\/span> <span class=\"woocommerce-Price-amount amount\" aria-hidden=\"true\"><bdi><span class=\"woocommerce-Price-currencySymbol\">&euro;<\/span>240.00<\/bdi><\/span><span class=\"screen-reader-text\">Gama de pre\u00e7os: &euro;100.00 a &euro;240.00<\/span>","original_product_price":100,"price_including_tax":100,"price_excluding_tax":100,"product_id":{"parent":12347,"variation":false},"is_variable":true,"stock_status":"instock","stock_quantity":null,"parent_sku":"","product_attributes":{"quanto-costa":{"is_variation":true,"values":[]}},"custom_fields":[],"is_taxable":false,"product_name":"Noleggio sollevatore elettrico SOFT da bagno","hasImage":false},"fields":{"sec_565f165582eb8c":{"extra":{"key":"sec_565f165582eb8c","section_id":"sec_565f165582eb8c","name":"Predefinito","status":1,"toggle":true,"form_id":12050,"form_rules":{"exclude_from_discount":false,"fee_label":"Frais","disp_hide_options_price":false,"disp_show_section_price":false,"disp_show_field_price":true,"layout_option":"standard","pric_use_as_fee":false,"process_fee_as":"woo_fee"},"layout_option":"standard"},"fields":[[{"active":true,"col":6,"relations":false,"cl_rule":"show","enableCl":false,"price":"","enablePrice":false,"className":"input-text","type":"date","required":true,"elementId":"date_3189538061","name":"date_3189538061","label":"A partire dal giorno:","picker_type":"custom","picker_mode":"single","error":false,"description":"Inserisci la data di inizio del noleggio","gt_translate_keys":["label","description"],"price_dependency":false,"cl_dependency":false,"value":""}]]}},"config":{"price_override":"","enable_recaptcha":false,"bind_quantity":false,"quantity_bind_formula":false,"disp_summ_show_option_price":true,"disp_summ_show_product_price":true,"disp_summ_show_total_price":true,"disp_summ_show_fee":false,"disp_summ_show_discount":false,"summary_title":"","options_total_label":"Prix des options","total_label":"Total","options_product_label":"Prix du produit","fee_label":"Frais","discount_label":"Remise","has_price":true,"has_quantity_formula":false},"mc_unit":1,"tax_rate":1,"tax_rate_real":1,"discount":{"percentage":0,"fixed":0},"design":{"conf":{"LabelPosition":"above","DescPosition":"below","UploadField":"custom_1","QuantityFieldStyle":"default"},"css":{"LeftLabelWidth":"50px"}},"formulas":[],"lookuptables":[],"clones":false,"cartKey":false}},"_links":{"self":[{"href":"https:\/\/www.miamedicalitalia.it\/pt\/wp-json\/wp\/v2\/product\/12347","targetHints":{"allow":["GET"]}}],"collection":[{"href":"https:\/\/www.miamedicalitalia.it\/pt\/wp-json\/wp\/v2\/product"}],"about":[{"href":"https:\/\/www.miamedicalitalia.it\/pt\/wp-json\/wp\/v2\/types\/product"}],"wp:featuredmedia":[{"embeddable":true,"href":"https:\/\/www.miamedicalitalia.it\/pt\/wp-json\/wp\/v2\/media\/14127"}],"wp:attachment":[{"href":"https:\/\/www.miamedicalitalia.it\/pt\/wp-json\/wp\/v2\/media?parent=12347"}],"wp:term":[{"taxonomy":"home-category","embeddable":true,"href":"https:\/\/www.miamedicalitalia.it\/pt\/wp-json\/wp\/v2\/home-category?post=12347"},{"taxonomy":"product_brand","embeddable":true,"href":"https:\/\/www.miamedicalitalia.it\/pt\/wp-json\/wp\/v2\/product_brand?post=12347"},{"taxonomy":"product_cat","embeddable":true,"href":"https:\/\/www.miamedicalitalia.it\/pt\/wp-json\/wp\/v2\/product_cat?post=12347"},{"taxonomy":"product_tag","embeddable":true,"href":"https:\/\/www.miamedicalitalia.it\/pt\/wp-json\/wp\/v2\/product_tag?post=12347"},{"taxonomy":"woo-feed-brand","embeddable":true,"href":"https:\/\/www.miamedicalitalia.it\/pt\/wp-json\/wp\/v2\/woo-feed-brand?post=12347"}],"curies":[{"name":"wp","href":"https:\/\/api.w.org\/{rel}","templated":true}]}}