{"id":12152,"date":"2024-04-23T19:13:43","date_gmt":"2024-04-23T17:13:43","guid":{"rendered":"https:\/\/www.miamedicalitalia.it\/?post_type=product&#038;p=12152"},"modified":"2026-01-07T11:32:29","modified_gmt":"2026-01-07T09:32:29","slug":"noleggio-montascale-a-ruote-roma-e-firenze","status":"publish","type":"product","link":"https:\/\/www.miamedicalitalia.it\/pt\/produto\/noleggio-montascale-a-ruote-roma-e-firenze\/","title":{"rendered":"Aluguer de cadeiras elevat\u00f3rias de rodas T10 em Roma e Floren\u00e7a"},"content":{"rendered":"<p><strong>Aluguer de cadeiras elevat\u00f3rias el\u00e9ctricas de rodas T10 com entrega ao domic\u00edlio em Roma e Floren\u00e7a para seguran\u00e7a e liberdade em qualquer ambiente<\/strong><\/p>\n\n\n\n<p><strong>J\u00e1 alguma vez esteve em frente a uma escada e se interrogou sobre a forma de a subir em seguran\u00e7a com uma pessoa idosa ou com mobilidade reduzida?<\/strong> <br>O&nbsp;<strong>Cadeira elevat\u00f3ria com rodas T10<\/strong>&nbsp;\u00e9 a resposta simples, pr\u00e1tica e eficaz para ultrapassar todos os tipos de barreiras arquitect\u00f3nicas, mesmo em ambientes com escadas estreitas ou degraus irregulares. <strong>Compacto, leve e desmont\u00e1vel<\/strong>, \u00c9 perfeito para utilizar em casa, em edif\u00edcios de apartamentos ou na estrada. Com&nbsp;<strong>M.I.A. It\u00e1lia m\u00e9dica<\/strong>, pode t\u00ea-lo em casa, pronto a usar, em menos de 48 horas.<\/p>\n\n\n\n<h3 class=\"wp-block-heading\" id=\"h-cos-e-il-montascale-a-ruote-elettrico-t10-disponibile-a-noleggio-a-roma-e-firenze\"><strong>O que \u00e9 o elevador el\u00e9trico para cadeiras de rodas T10?<\/strong> dispon\u00edvel para aluguer em Roma e Floren\u00e7a<\/h3>\n\n\n\n<p>O&nbsp;<strong>T10<\/strong>&nbsp;\u00e9 um&nbsp;<strong>cadeira elevat\u00f3ria el\u00e9ctrica m\u00f3vel<\/strong>com&nbsp;<strong>assento estofado integrado<\/strong>&nbsp;e sistema de transporte autom\u00e1tico nas rodas motrizes.<\/p>\n\n\n\n<p>Gra\u00e7as ao seu motor silencioso e&nbsp;<strong>trav\u00f5es autom\u00e1ticos<\/strong>, permite ao prestador de cuidados transportar facilmente a pessoa assistida para cima e para baixo nas escadas, com toda a seguran\u00e7a, mesmo em espa\u00e7os complexos como<\/p>\n\n\n\n<ul class=\"wp-block-list\">\n<li>escadas&nbsp;<strong>estreito at\u00e9 55 cm<\/strong>;<\/li>\n\n\n\n<li><strong>degraus em forma de leque<\/strong>&nbsp;ou em espiral;<\/li>\n\n\n\n<li><strong>pequenas aterragens<\/strong>&nbsp;(m\u00edn. 70 cm).<\/li>\n<\/ul>\n\n\n\n<p><strong>N\u00e3o \u00e9 necess\u00e1ria cadeira de rodas<\/strong>O doente pode sentar-se diretamente no assento do dispositivo.<\/p>\n\n\n\n<h3 class=\"wp-block-heading\" id=\"h-a-chi-e-consigliato-l-utilizzo-del-t10\"><strong>A quem \u00e9 recomendada a utiliza\u00e7\u00e3o de T10?<\/strong><\/h3>\n\n\n\n<p>O aluguer da cadeira elevadora de rodas T10 \u00e9 adequado para<\/p>\n\n\n\n<ul class=\"wp-block-list\">\n<li><strong>Idosos<\/strong>&nbsp;com dificuldades de mobilidade que vivem em edif\u00edcios sem elevadores;<\/li>\n\n\n\n<li>Pessoas que enfrentam&nbsp;<strong>escadas \u00edngremes ou divis\u00f5es estreitas<\/strong>;<\/li>\n\n\n\n<li>Os doentes submetidos a&nbsp;<strong>reabilita\u00e7\u00e3o p\u00f3s-operat\u00f3ria ou p\u00f3s-traum\u00e1tica<\/strong>;<\/li>\n\n\n\n<li>Quem precisa de um&nbsp;<strong>solu\u00e7\u00e3o tempor\u00e1ria<\/strong>para f\u00e9rias, visitas, eventos;<\/li>\n\n\n\n<li>Fam\u00edlias ou prestadores de cuidados que desejem&nbsp;<strong>deslocar-se em seguran\u00e7a<\/strong>sem instala\u00e7\u00f5es fixas.<\/li>\n<\/ul>\n\n\n\n<h4 class=\"wp-block-heading\" id=\"h-come-si-usa-il-montascale-a-ruote-t10\">Como utilizar o elevador de cadeira de rodas T10<\/h4>\n\n\n\n<p>O T10 \u00e9&nbsp;<strong>gerido por um acompanhante<\/strong>guiando-o atrav\u00e9s de um&nbsp;<strong>painel de controlo simples e intuitivo<\/strong>.<\/p>\n\n\n\n<p>Para o assistente, basta sentar-se confortavelmente e apoiar os p\u00e9s na placa de p\u00e9s ajust\u00e1vel. I&nbsp;<strong>apoios de bra\u00e7os rebat\u00edveis<\/strong>&nbsp;facilitam a entrada e sa\u00edda do aparelho. O movimento \u00e9 suave e autom\u00e1tico: basta&nbsp;<strong>manter premido o seletor de velocidades<\/strong>&nbsp;para ultrapassar cada etapa com seguran\u00e7a e sem solavancos.<\/p>\n\n\n\n<p><strong>Facilmente desmont\u00e1vel em 6 partes<\/strong>&nbsp;e pode ser transportado na bagageira de um autom\u00f3vel.<\/p>\n\n\n\n<h4 class=\"wp-block-heading\" id=\"h-caratteristiche-principali-del-montascale-t10\">Principais carater\u00edsticas da cadeira elevadora T10<\/h4>\n\n\n\n<ul class=\"wp-block-list\">\n<li><strong>Adequado para escadas estreitas, em espiral e em leque<\/strong><\/li>\n\n\n\n<li><strong>Assento estofado integrado<\/strong>&nbsp;com apoio de p\u00e9s regul\u00e1vel e apoios de bra\u00e7os rebat\u00edveis<\/li>\n\n\n\n<li><strong>Motor el\u00e9trico de 24V<\/strong>&nbsp;silencioso e fi\u00e1vel<\/li>\n\n\n\n<li><strong>Velocidade<\/strong>12 passos\/minuto<\/li>\n\n\n\n<li><strong>Autonomia<\/strong>at\u00e9&nbsp;<strong>200 passos com uma \u00fanica carga<\/strong><\/li>\n\n\n\n<li><strong>Peso m\u00e1ximo do utilizador<\/strong>120 kg<\/li>\n\n\n\n<li><strong>Pode ser desmontado em 6 partes<\/strong>transport\u00e1vel mesmo num autom\u00f3vel<\/li>\n<\/ul>\n\n\n\n<p>Clicar <strong><a href=\"https:\/\/data2.manualslib.com\/pdf7\/222\/22125\/2212422-vimec\/t10.pdf?e7f768d4f244eec38685ba315b9b3aa5\">aqui<\/a><\/strong> para obter a ficha de dados completa.<\/p>\n\n\n\n<h3 class=\"wp-block-heading\" id=\"h-perche-scegliere-il-noleggio-del-montascale-a-ruote-t10\">Porqu\u00ea alugar a cadeira elevat\u00f3ria de rodas T10<\/h3>\n\n\n\n<ul class=\"wp-block-list\">\n<li><strong>Evitar custos de aquisi\u00e7\u00e3o elevados<\/strong>&nbsp;para utiliza\u00e7\u00e3o tempor\u00e1ria;<\/li>\n\n\n\n<li><strong>Receber o elevador de escadas em casa<\/strong>, pronto a utilizar e completo com demonstra\u00e7\u00e3o;<\/li>\n\n\n\n<li><strong>Escolher a dura\u00e7\u00e3o do aluguer<\/strong>&nbsp;em fun\u00e7\u00e3o das suas necessidades: de alguns dias a v\u00e1rios meses;<\/li>\n\n\n\n<li><strong>Manuten\u00e7\u00e3o e assist\u00eancia t\u00e9cnica<\/strong>&nbsp;incluindo;<\/li>\n\n\n\n<li><strong>Higieniza\u00e7\u00e3o profissional<\/strong>&nbsp;cada utiliza\u00e7\u00e3o;<\/li>\n\n\n\n<li><strong>Pre\u00e7os transparentes e competitivos<\/strong>sem custos ocultos.<\/li>\n<\/ul>\n\n\n\n<h2 class=\"wp-block-heading\" id=\"h-perche-scegliere-il-servizio-di-noleggio-mia-medical-italia\">Porqu\u00ea escolher o servi\u00e7o de aluguer da MIA Medical Italia<\/h2>\n\n\n\n<p>Oferecemos um servi\u00e7o de <strong>aluguer r\u00e1pido em Roma e Floren\u00e7a (tamb\u00e9m 24\/48h consoante a disponibilidade)<\/strong> com <strong>pessoal qualificado<\/strong> para o <strong>entrega<\/strong> e <strong>instru\u00e7\u00f5es de utiliza\u00e7\u00e3o<\/strong>. Todos os nossos <strong>ajudas<\/strong> s\u00e3o <strong>seguro<\/strong> e <strong>certificados<\/strong>tamb\u00e9m chegam \u00e0s vossas casas <strong>higienizado<\/strong> e pronto a usar! Tamb\u00e9m fornecemos <strong>assist\u00eancia<\/strong> <strong>continua durante toda a dura\u00e7\u00e3o do aluguer. <a href=\"https:\/\/wa.me\/393926509237\">Contactar-nos<\/a><\/strong> para um <strong>or\u00e7amento telef\u00f3nico gratuito<\/strong> ou um <strong>consulta gratuita sem compromisso<\/strong> para saber mais sobre o nosso <strong><a href=\"https:\/\/www.miamedicalitalia.it\/pt\/categoria\/affitto-e-noleggio-ausili\/affitto-noleggio-montascale\/\">elevador de escadas<\/a><\/strong> e descubra qual deles se adapta melhor \u00e0s suas necessidades!<\/p>\n\n\n\n<p>Visite tamb\u00e9m o nosso <strong><a href=\"https:\/\/www.miamedicalitalia.it\/pt\/\">.<\/a><\/strong> para descobrir a vasta gama de <strong>aparelhos m\u00e9dicos e electro-m\u00e9dicos <\/strong>que temos dispon\u00edveis em <strong>aluguer<\/strong> que em <strong>para venda<\/strong>, entre <a href=\"https:\/\/www.miamedicalitalia.it\/pt\/categoria\/affitto-e-noleggio-ausili\/affitto-e-noleggio-carrozzina\/\">cadeiras de rodas<\/a>, <a href=\"https:\/\/www.miamedicalitalia.it\/pt\/categoria\/affitto-e-noleggio-ausili\/noleggio-e-affitto-carrozzina-elettrica-e-scooter\/\">trotinetas el\u00e9ctricas<\/a>, <a href=\"https:\/\/www.miamedicalitalia.it\/pt\/categoria\/affitto-e-noleggio-ausili\/noleggio-sollevatori-verticalizzatori\/\">elevadores<\/a>, <a href=\"https:\/\/www.miamedicalitalia.it\/pt\/categoria\/affitto-e-noleggio-ausili\/noleggio-sollevatori-verticalizzatori\/\">verticalizadores<\/a>, <a href=\"https:\/\/www.miamedicalitalia.it\/pt\/categoria\/affitto-e-noleggio-ausili\/noleggio-letti-ortopedici-ospedalieri\/\">camas ortop\u00e9dicas<\/a>, <a href=\"https:\/\/www.miamedicalitalia.it\/pt\/categoria\/affitto-e-noleggio-ausili\/noleggio-e-affitto-carrozzina-elettrica-e-scooter\/\">cadeiras de rodas el\u00e9ctricas<\/a>, <a href=\"https:\/\/www.miamedicalitalia.it\/pt\/categoria\/affitto-e-noleggio-ausili\/noleggio-materassi-antidecubito-terapeutico-ad-alto-rischio\/\">colch\u00f5es anti-dec\u00fabito<\/a>, <a href=\"https:\/\/www.miamedicalitalia.it\/pt\/categoria\/affitto-e-noleggio-ausili\/affitto-noleggio-magnetoterapia-cemp\/\">magneto terapia<\/a>, <a href=\"https:\/\/www.miamedicalitalia.it\/pt\/categoria\/affitto-e-noleggio-ausili\/affitto-noleggio-pressoterapia\/\">na terapia<\/a> e <strong>muito mais. De que \u00e9 que est\u00e1 \u00e0 espera!<\/strong><\/p>\n\n\n\n<p><strong>Telefone para +39 392 65 09 237<\/strong><\/p>\n\n\n\n<p><strong><a href=\"https:\/\/wa.me\/393926509237\">Escreva-nos para o WhatsApp<\/a><\/strong><\/p>\n\n\n\n<p>Ou enviar uma mensagem de correio eletr\u00f3nico para&nbsp;<strong>info@miamedicalitalia.it<\/strong><\/p>\n\n\n\n<p><strong>Recuperar a liberdade e a seguran\u00e7a nas escadas. Escolha T10, escolha M.I.A. Medical.<\/strong><br><\/p>","protected":false},"excerpt":{"rendered":"<div style=\"font-family: Arial, sans-serif; background-color: #234091; padding: 30px; border-radius: 25px; max-width: 600px; color: #ffffff; position: relative; border-top: 6px solid #2498fe;\">\n<h3 style=\"margin-top: 0; margin-bottom: 15px; color: #ffffff;\">Para subir e descer todos os tipos de escadas, incluindo as escadas em espiral.<\/h3>\n<p>Consegna a domicilio soltanto a Roma e Firenze a partire da 45\u20ac.<\/p>\n<p><strong>Entrega gratuita<\/strong> se comprar um aluguer por um per\u00edodo m\u00ednimo de 45 dias.<\/p>\n<p>A recolha e devolu\u00e7\u00e3o das ajudas ao armaz\u00e9m s\u00e3o <strong>Livre.<\/strong><\/p>\n<p><!-- Deposito --><\/p>\n<div style=\"margin-top: 20px; background-color: #ffffff; color: #234091; padding: 15px; border-radius: 15px;\">\n<h4 style=\"margin: 0 0 10px 0; font-size: 16px;\">Dep\u00f3sito exigido: <span style=\"color: #c43b3b; font-weight: bold;\">300\u20ac<\/span><\/h4>\n<p style=\"margin: 0; font-size: 14px;\">Para efeitos de aluguer deste artigo, um <strong>cau\u00e7\u00e3o de 300 euros<\/strong>.<\/p>\n<\/div>\n<\/div>\n<p><!-- Linea bianca sotto --><\/p>\n<div style=\"height: 6px; background-color: #ffffff; max-width: 600px;\">\u00a0<\/div>","protected":false},"featured_media":12160,"template":"","meta":{"_acf_changed":false},"home-category":[],"product_brand":[],"product_cat":[227],"product_tag":[],"woo-feed-brand":[],"class_list":{"0":"post-12152","1":"product","2":"type-product","3":"status-publish","4":"has-post-thumbnail","6":"product_cat-affitto-noleggio-montascale","7":"wcpa_has_options","9":"first","10":"instock","11":"shipping-taxable","12":"purchasable","13":"product-type-variable"},"acf":[],"yoast_head":"<!-- This site is optimized with the Yoast SEO Premium plugin v27.3 (Yoast SEO v27.3) - https:\/\/yoast.com\/product\/yoast-seo-premium-wordpress\/ -->\n<title>Noleggio montascale a ruote T10 mobile a Roma e Firenze<\/title>\n<meta name=\"description\" content=\"Noleggio Montascale a ruote T10. Consegna rapida. Migliore Prezzo Garantito. Fidati dei nostri esperti. Scopri i nostri prezzi imbattibili, con i forfait.\" \/>\n<meta name=\"robots\" content=\"index, follow, max-snippet:-1, max-image-preview:large, max-video-preview:-1\" \/>\n<link rel=\"canonical\" href=\"https:\/\/www.miamedicalitalia.it\/pt\/produto\/noleggio-montascale-a-ruote-roma-e-firenze\/\" \/>\n<meta property=\"og:locale\" content=\"pt_PT\" \/>\n<meta property=\"og:type\" content=\"article\" \/>\n<meta property=\"og:title\" content=\"Noleggio montascale a ruote T10 mobile a Roma e Firenze\" \/>\n<meta property=\"og:description\" content=\"Noleggio Montascale a ruote T10. Consegna rapida. Migliore Prezzo Garantito. Fidati dei nostri esperti. Scopri i nostri prezzi imbattibili, con i forfait.\" \/>\n<meta property=\"og:url\" content=\"https:\/\/www.miamedicalitalia.it\/pt\/produto\/noleggio-montascale-a-ruote-roma-e-firenze\/\" \/>\n<meta property=\"og:site_name\" content=\"Mia Medical\" \/>\n<meta property=\"article:publisher\" content=\"https:\/\/www.facebook.com\/miamedicalitalia\" \/>\n<meta property=\"article:modified_time\" content=\"2026-01-07T09:32:29+00:00\" \/>\n<meta property=\"og:image\" content=\"https:\/\/www.miamedicalitalia.it\/wp-content\/uploads\/2024\/04\/montascale-a-ruote-T10.2-.jpg\" \/>\n\t<meta property=\"og:image:width\" content=\"1000\" \/>\n\t<meta property=\"og:image:height\" content=\"1000\" \/>\n\t<meta property=\"og:image:type\" content=\"image\/jpeg\" \/>\n<meta name=\"twitter:card\" content=\"summary_large_image\" \/>\n<meta name=\"twitter:label1\" content=\"Tempo estimado de leitura\" \/>\n\t<meta name=\"twitter:data1\" content=\"3 minutos\" \/>\n<script type=\"application\/ld+json\" class=\"yoast-schema-graph\">{\"@context\":\"https:\\\/\\\/schema.org\",\"@graph\":[{\"@type\":\"WebPage\",\"@id\":\"https:\\\/\\\/www.miamedicalitalia.it\\\/prodotto\\\/noleggio-montascale-a-ruote-roma-e-firenze\\\/\",\"url\":\"https:\\\/\\\/www.miamedicalitalia.it\\\/prodotto\\\/noleggio-montascale-a-ruote-roma-e-firenze\\\/\",\"name\":\"Noleggio montascale a ruote T10 mobile a Roma e Firenze\",\"isPartOf\":{\"@id\":\"https:\\\/\\\/www.miamedicalitalia.it\\\/#website\"},\"primaryImageOfPage\":{\"@id\":\"https:\\\/\\\/www.miamedicalitalia.it\\\/prodotto\\\/noleggio-montascale-a-ruote-roma-e-firenze\\\/#primaryimage\"},\"image\":{\"@id\":\"https:\\\/\\\/www.miamedicalitalia.it\\\/prodotto\\\/noleggio-montascale-a-ruote-roma-e-firenze\\\/#primaryimage\"},\"thumbnailUrl\":\"https:\\\/\\\/www.miamedicalitalia.it\\\/wp-content\\\/uploads\\\/2024\\\/04\\\/montascale-a-ruote-T10.2-.jpg\",\"datePublished\":\"2024-04-23T17:13:43+00:00\",\"dateModified\":\"2026-01-07T09:32:29+00:00\",\"description\":\"Noleggio Montascale a ruote T10. Consegna rapida. Migliore Prezzo Garantito. Fidati dei nostri esperti. Scopri i nostri prezzi imbattibili, con i forfait.\",\"breadcrumb\":{\"@id\":\"https:\\\/\\\/www.miamedicalitalia.it\\\/prodotto\\\/noleggio-montascale-a-ruote-roma-e-firenze\\\/#breadcrumb\"},\"inLanguage\":\"pt-PT\",\"potentialAction\":[{\"@type\":\"ReadAction\",\"target\":[\"https:\\\/\\\/www.miamedicalitalia.it\\\/prodotto\\\/noleggio-montascale-a-ruote-roma-e-firenze\\\/\"]}]},{\"@type\":\"ImageObject\",\"inLanguage\":\"pt-PT\",\"@id\":\"https:\\\/\\\/www.miamedicalitalia.it\\\/prodotto\\\/noleggio-montascale-a-ruote-roma-e-firenze\\\/#primaryimage\",\"url\":\"https:\\\/\\\/www.miamedicalitalia.it\\\/wp-content\\\/uploads\\\/2024\\\/04\\\/montascale-a-ruote-T10.2-.jpg\",\"contentUrl\":\"https:\\\/\\\/www.miamedicalitalia.it\\\/wp-content\\\/uploads\\\/2024\\\/04\\\/montascale-a-ruote-T10.2-.jpg\",\"width\":1000,\"height\":1000},{\"@type\":\"BreadcrumbList\",\"@id\":\"https:\\\/\\\/www.miamedicalitalia.it\\\/prodotto\\\/noleggio-montascale-a-ruote-roma-e-firenze\\\/#breadcrumb\",\"itemListElement\":[{\"@type\":\"ListItem\",\"position\":1,\"name\":\"Home\",\"item\":\"https:\\\/\\\/www.miamedicalitalia.it\\\/\"},{\"@type\":\"ListItem\",\"position\":2,\"name\":\"Shop\",\"item\":\"https:\\\/\\\/www.miamedicalitalia.it\\\/negozio\\\/\"},{\"@type\":\"ListItem\",\"position\":3,\"name\":\"Affitto e noleggio\",\"item\":\"https:\\\/\\\/www.miamedicalitalia.it\\\/categoria\\\/affitto-e-noleggio-ausili\\\/\"},{\"@type\":\"ListItem\",\"position\":4,\"name\":\"Montascale\",\"item\":\"https:\\\/\\\/www.miamedicalitalia.it\\\/categoria\\\/affitto-e-noleggio-ausili\\\/affitto-noleggio-montascale\\\/\"},{\"@type\":\"ListItem\",\"position\":5,\"name\":\"Noleggio Montascale a Ruote T10 a Roma e Firenze\"}]},{\"@type\":\"WebSite\",\"@id\":\"https:\\\/\\\/www.miamedicalitalia.it\\\/#website\",\"url\":\"https:\\\/\\\/www.miamedicalitalia.it\\\/\",\"name\":\"www.miamedicalitalia.it\",\"description\":\"Noleggio e Vendita Attrezzatura Sanitarie\",\"publisher\":{\"@id\":\"https:\\\/\\\/www.miamedicalitalia.it\\\/#organization\"},\"potentialAction\":[{\"@type\":\"SearchAction\",\"target\":{\"@type\":\"EntryPoint\",\"urlTemplate\":\"https:\\\/\\\/www.miamedicalitalia.it\\\/?s={search_term_string}\"},\"query-input\":{\"@type\":\"PropertyValueSpecification\",\"valueRequired\":true,\"valueName\":\"search_term_string\"}}],\"inLanguage\":\"pt-PT\"},{\"@type\":\"Organization\",\"@id\":\"https:\\\/\\\/www.miamedicalitalia.it\\\/#organization\",\"name\":\"OLG\",\"url\":\"https:\\\/\\\/www.miamedicalitalia.it\\\/\",\"logo\":{\"@type\":\"ImageObject\",\"inLanguage\":\"pt-PT\",\"@id\":\"https:\\\/\\\/www.miamedicalitalia.it\\\/#\\\/schema\\\/logo\\\/image\\\/\",\"url\":\"https:\\\/\\\/www.miamedicalitalia.it\\\/wp-content\\\/uploads\\\/2023\\\/04\\\/mia-medical-logo-free.png\",\"contentUrl\":\"https:\\\/\\\/www.miamedicalitalia.it\\\/wp-content\\\/uploads\\\/2023\\\/04\\\/mia-medical-logo-free.png\",\"width\":700,\"height\":700,\"caption\":\"OLG\"},\"image\":{\"@id\":\"https:\\\/\\\/www.miamedicalitalia.it\\\/#\\\/schema\\\/logo\\\/image\\\/\"},\"sameAs\":[\"https:\\\/\\\/www.facebook.com\\\/miamedicalitalia\"]}]}<\/script>\n<!-- \/ Yoast SEO Premium plugin. -->","yoast_head_json":{"title":"Aluguer de cadeiras elevat\u00f3rias m\u00f3veis T10 em Roma e Floren\u00e7a","description":"Aluguer de elevadores para cadeiras de rodas T10. Entrega r\u00e1pida. Melhor pre\u00e7o garantido. Confie nos nossos especialistas. Descubra os nossos pre\u00e7os imbat\u00edveis.","robots":{"index":"index","follow":"follow","max-snippet":"max-snippet:-1","max-image-preview":"max-image-preview:large","max-video-preview":"max-video-preview:-1"},"canonical":"https:\/\/www.miamedicalitalia.it\/pt\/produto\/noleggio-montascale-a-ruote-roma-e-firenze\/","og_locale":"pt_PT","og_type":"article","og_title":"Noleggio montascale a ruote T10 mobile a Roma e Firenze","og_description":"Noleggio Montascale a ruote T10. Consegna rapida. Migliore Prezzo Garantito. Fidati dei nostri esperti. Scopri i nostri prezzi imbattibili, con i forfait.","og_url":"https:\/\/www.miamedicalitalia.it\/pt\/produto\/noleggio-montascale-a-ruote-roma-e-firenze\/","og_site_name":"Mia Medical","article_publisher":"https:\/\/www.facebook.com\/miamedicalitalia","article_modified_time":"2026-01-07T09:32:29+00:00","og_image":[{"width":1000,"height":1000,"url":"https:\/\/www.miamedicalitalia.it\/wp-content\/uploads\/2024\/04\/montascale-a-ruote-T10.2-.jpg","type":"image\/jpeg"}],"twitter_card":"summary_large_image","twitter_misc":{"Tempo estimado de leitura":"3 minutos"},"schema":{"@context":"https:\/\/schema.org","@graph":[{"@type":"WebPage","@id":"https:\/\/www.miamedicalitalia.it\/prodotto\/noleggio-montascale-a-ruote-roma-e-firenze\/","url":"https:\/\/www.miamedicalitalia.it\/prodotto\/noleggio-montascale-a-ruote-roma-e-firenze\/","name":"Aluguer de cadeiras elevat\u00f3rias m\u00f3veis T10 em Roma e Floren\u00e7a","isPartOf":{"@id":"https:\/\/www.miamedicalitalia.it\/#website"},"primaryImageOfPage":{"@id":"https:\/\/www.miamedicalitalia.it\/prodotto\/noleggio-montascale-a-ruote-roma-e-firenze\/#primaryimage"},"image":{"@id":"https:\/\/www.miamedicalitalia.it\/prodotto\/noleggio-montascale-a-ruote-roma-e-firenze\/#primaryimage"},"thumbnailUrl":"https:\/\/www.miamedicalitalia.it\/wp-content\/uploads\/2024\/04\/montascale-a-ruote-T10.2-.jpg","datePublished":"2024-04-23T17:13:43+00:00","dateModified":"2026-01-07T09:32:29+00:00","description":"Aluguer de elevadores para cadeiras de rodas T10. Entrega r\u00e1pida. Melhor pre\u00e7o garantido. Confie nos nossos especialistas. Descubra os nossos pre\u00e7os imbat\u00edveis.","breadcrumb":{"@id":"https:\/\/www.miamedicalitalia.it\/prodotto\/noleggio-montascale-a-ruote-roma-e-firenze\/#breadcrumb"},"inLanguage":"pt-PT","potentialAction":[{"@type":"ReadAction","target":["https:\/\/www.miamedicalitalia.it\/prodotto\/noleggio-montascale-a-ruote-roma-e-firenze\/"]}]},{"@type":"ImageObject","inLanguage":"pt-PT","@id":"https:\/\/www.miamedicalitalia.it\/prodotto\/noleggio-montascale-a-ruote-roma-e-firenze\/#primaryimage","url":"https:\/\/www.miamedicalitalia.it\/wp-content\/uploads\/2024\/04\/montascale-a-ruote-T10.2-.jpg","contentUrl":"https:\/\/www.miamedicalitalia.it\/wp-content\/uploads\/2024\/04\/montascale-a-ruote-T10.2-.jpg","width":1000,"height":1000},{"@type":"BreadcrumbList","@id":"https:\/\/www.miamedicalitalia.it\/prodotto\/noleggio-montascale-a-ruote-roma-e-firenze\/#breadcrumb","itemListElement":[{"@type":"ListItem","position":1,"name":"Home","item":"https:\/\/www.miamedicalitalia.it\/"},{"@type":"ListItem","position":2,"name":"Shop","item":"https:\/\/www.miamedicalitalia.it\/negozio\/"},{"@type":"ListItem","position":3,"name":"Affitto e noleggio","item":"https:\/\/www.miamedicalitalia.it\/categoria\/affitto-e-noleggio-ausili\/"},{"@type":"ListItem","position":4,"name":"Montascale","item":"https:\/\/www.miamedicalitalia.it\/categoria\/affitto-e-noleggio-ausili\/affitto-noleggio-montascale\/"},{"@type":"ListItem","position":5,"name":"Noleggio Montascale a Ruote T10 a Roma e Firenze"}]},{"@type":"WebSite","@id":"https:\/\/www.miamedicalitalia.it\/#website","url":"https:\/\/www.miamedicalitalia.it\/","name":"www.miamedicalitalia.it","description":"Aluguer e venda de equipamento sanit\u00e1rio","publisher":{"@id":"https:\/\/www.miamedicalitalia.it\/#organization"},"potentialAction":[{"@type":"SearchAction","target":{"@type":"EntryPoint","urlTemplate":"https:\/\/www.miamedicalitalia.it\/?s={search_term_string}"},"query-input":{"@type":"PropertyValueSpecification","valueRequired":true,"valueName":"search_term_string"}}],"inLanguage":"pt-PT"},{"@type":"Organization","@id":"https:\/\/www.miamedicalitalia.it\/#organization","name":"OLG","url":"https:\/\/www.miamedicalitalia.it\/","logo":{"@type":"ImageObject","inLanguage":"pt-PT","@id":"https:\/\/www.miamedicalitalia.it\/#\/schema\/logo\/image\/","url":"https:\/\/www.miamedicalitalia.it\/wp-content\/uploads\/2023\/04\/mia-medical-logo-free.png","contentUrl":"https:\/\/www.miamedicalitalia.it\/wp-content\/uploads\/2023\/04\/mia-medical-logo-free.png","width":700,"height":700,"caption":"OLG"},"image":{"@id":"https:\/\/www.miamedicalitalia.it\/#\/schema\/logo\/image\/"},"sameAs":["https:\/\/www.facebook.com\/miamedicalitalia"]}]}},"wcpa_form_fields":{"wcpaData":{"product":{"product_price":105,"price_html":"<span class=\"woocommerce-Price-amount amount\" aria-hidden=\"true\"><bdi><span class=\"woocommerce-Price-currencySymbol\">&euro;<\/span>105.00<\/bdi><\/span> <span aria-hidden=\"true\">-<\/span> <span class=\"woocommerce-Price-amount amount\" aria-hidden=\"true\"><bdi><span class=\"woocommerce-Price-currencySymbol\">&euro;<\/span>540.00<\/bdi><\/span><span class=\"screen-reader-text\">Gama de pre\u00e7os: &euro;105.00 a &euro;540.00<\/span>","original_product_price":105,"price_including_tax":105,"price_excluding_tax":105,"product_id":{"parent":12152,"variation":false},"is_variable":true,"stock_status":"instock","stock_quantity":null,"parent_sku":"","product_attributes":{"quanto-costa":{"is_variation":true,"values":[]}},"custom_fields":[],"is_taxable":false,"product_name":"Noleggio Montascale a Ruote T10 a Roma e Firenze","hasImage":false},"fields":{"sec_565f165582eb8c":{"extra":{"key":"sec_565f165582eb8c","section_id":"sec_565f165582eb8c","name":"Predefinito","status":1,"toggle":true,"form_id":12050,"form_rules":{"exclude_from_discount":false,"fee_label":"Fee","disp_hide_options_price":false,"disp_show_section_price":false,"disp_show_field_price":true,"layout_option":"standard","pric_use_as_fee":false,"process_fee_as":"woo_fee"},"layout_option":"standard"},"fields":[[{"active":true,"col":6,"relations":false,"cl_rule":"show","enableCl":false,"price":"","enablePrice":false,"className":"input-text","type":"date","required":true,"elementId":"date_3189538061","name":"date_3189538061","label":"A partire dal giorno:","picker_type":"custom","picker_mode":"single","error":false,"description":"Inserisci la data di inizio del noleggio","gt_translate_keys":["label","description"],"price_dependency":false,"cl_dependency":false,"value":""}]]}},"config":{"price_override":"","enable_recaptcha":false,"bind_quantity":false,"quantity_bind_formula":false,"disp_summ_show_option_price":true,"disp_summ_show_product_price":true,"disp_summ_show_total_price":true,"disp_summ_show_fee":false,"disp_summ_show_discount":false,"summary_title":"","options_total_label":"Options Price","total_label":"Total","options_product_label":"Product Price","fee_label":"Fee","discount_label":"Discount","has_price":true,"has_quantity_formula":false},"mc_unit":1,"tax_rate":1,"tax_rate_real":1,"discount":{"percentage":0,"fixed":0},"design":{"conf":{"LabelPosition":"above","DescPosition":"below","UploadField":"custom_1","QuantityFieldStyle":"default"},"css":{"LeftLabelWidth":"50px"}},"formulas":[],"lookuptables":[],"clones":false,"cartKey":false}},"_links":{"self":[{"href":"https:\/\/www.miamedicalitalia.it\/pt\/wp-json\/wp\/v2\/product\/12152","targetHints":{"allow":["GET"]}}],"collection":[{"href":"https:\/\/www.miamedicalitalia.it\/pt\/wp-json\/wp\/v2\/product"}],"about":[{"href":"https:\/\/www.miamedicalitalia.it\/pt\/wp-json\/wp\/v2\/types\/product"}],"wp:featuredmedia":[{"embeddable":true,"href":"https:\/\/www.miamedicalitalia.it\/pt\/wp-json\/wp\/v2\/media\/12160"}],"wp:attachment":[{"href":"https:\/\/www.miamedicalitalia.it\/pt\/wp-json\/wp\/v2\/media?parent=12152"}],"wp:term":[{"taxonomy":"home-category","embeddable":true,"href":"https:\/\/www.miamedicalitalia.it\/pt\/wp-json\/wp\/v2\/home-category?post=12152"},{"taxonomy":"product_brand","embeddable":true,"href":"https:\/\/www.miamedicalitalia.it\/pt\/wp-json\/wp\/v2\/product_brand?post=12152"},{"taxonomy":"product_cat","embeddable":true,"href":"https:\/\/www.miamedicalitalia.it\/pt\/wp-json\/wp\/v2\/product_cat?post=12152"},{"taxonomy":"product_tag","embeddable":true,"href":"https:\/\/www.miamedicalitalia.it\/pt\/wp-json\/wp\/v2\/product_tag?post=12152"},{"taxonomy":"woo-feed-brand","embeddable":true,"href":"https:\/\/www.miamedicalitalia.it\/pt\/wp-json\/wp\/v2\/woo-feed-brand?post=12152"}],"curies":[{"name":"wp","href":"https:\/\/api.w.org\/{rel}","templated":true}]}}