{"id":9611,"date":"2023-02-21T14:51:50","date_gmt":"2023-02-21T12:51:50","guid":{"rendered":"https:\/\/www.miamedicalitalia.it\/?post_type=product&#038;p=9611"},"modified":"2026-02-18T14:12:14","modified_gmt":"2026-02-18T12:12:14","slug":"magnetoterapia-cemp-mag-2000","status":"publish","type":"product","link":"https:\/\/www.miamedicalitalia.it\/fr\/produit\/magnetoterapia-cemp-mag-2000\/","title":{"rendered":"ITECH MAG 2000 magn\u00e9toth\u00e9rapie PEMF"},"content":{"rendered":"<h4 class=\"wp-block-heading\" id=\"h-trattamento-efficace-per-dolori-articolari-infiammazioni-e-fratture\"><a href=\"https:\/\/www.my-personaltrainer.it\/salute\/magnetoterapia.html\">Traitement efficace des douleurs articulaires, des inflammations et des fractures<\/a><\/h4>\n\n\n\n<p><strong>Location Magn\u00e9toroth\u00e9rapie CEMP MAG 2000 ITECH : description de la machine<\/strong><\/p>\n\n\n\n<p>Les <strong>CEMP MAG 2000 I-TECH<\/strong> est un dispositif professionnel pour <strong>magn\u00e9toth\u00e9rapie<\/strong> a <strong>basse fr\u00e9quence <\/strong>(<strong>CEMP - Champs \u00e9lectromagn\u00e9tiques puls\u00e9s<\/strong>), con\u00e7u pour une utilisation \u00e0 domicile. Dot\u00e9 de programmes pr\u00e9d\u00e9finis pour les principales pathologies ost\u00e9o-articulaires et musculaires, il permet des traitements cibl\u00e9s, s\u00fbrs et personnalisables.<\/p>\n\n\n\n<p>Gr\u00e2ce aux deux canaux ind\u00e9pendants, diff\u00e9rentes zones du corps peuvent \u00eatre trait\u00e9es simultan\u00e9ment. L'<strong>interface<\/strong> <strong>simple<\/strong> et intuitif, il est id\u00e9al m\u00eame pour ceux qui n'ont pas d'exp\u00e9rience dans le domaine des dispositifs m\u00e9dicaux.<\/p>\n\n\n\n<h4 class=\"wp-block-heading\" id=\"h-caratteristiche-principali\">Caract\u00e9ristiques principales :<\/h4>\n\n\n\n<ul class=\"wp-block-list\">\n<li>20 programmes pr\u00e9r\u00e9gl\u00e9s + 14 programmes personnalisables<\/li>\n\n\n\n<li>Fr\u00e9quences jusqu'\u00e0 100 Hz<\/li>\n\n\n\n<li>Intensit\u00e9 r\u00e9glable jusqu'\u00e0 200 Gauss par canal<\/li>\n\n\n\n<li>Minuterie de 5 \u00e0 90 minutes<\/li>\n\n\n\n<li>Alimentation \u00e9lectrique<\/li>\n\n\n\n<li>Accessoires inclus : \u00e9lastique th\u00e9rapeutique, transformateur, manuel d'utilisation.<\/li>\n<\/ul>\n\n\n\n<h4 class=\"wp-block-heading\" id=\"h-perche-scegliere-il-noleggio-del-mag-2000-i-tech\"><br><br><strong>Pourquoi engager MAG 2000 I-TECH<\/strong><\/h4>\n\n\n\n<p>En optant pour la <strong>Location MAG 2000<\/strong> permet d'acc\u00e9der \u00e0 un <strong>un dispositif professionnel tr\u00e8s efficace<\/strong> sans avoir \u00e0 supporter le co\u00fbt de l'achat. Id\u00e9al pour <strong>cycles th\u00e9rapeutiques temporaires<\/strong>vous permet de suivre les <strong>indications m\u00e9dicales dans le confort de votre domicile<\/strong>. <br><strong>Avantages de la location :<\/strong><\/p>\n\n\n\n<ul class=\"wp-block-list\">\n<li>Faible co\u00fbt<\/li>\n\n\n\n<li>Pas d'obligation d'achat<\/li>\n\n\n\n<li>Livraison rapide \u00e0 domicile<\/li>\n\n\n\n<li>Support technique d\u00e9di\u00e9<\/li>\n\n\n\n<li>Possibilit\u00e9 d'\u00e9tendre ou de suspendre le service en fonction des besoins<br><br><br><\/li>\n<\/ul>\n\n\n\n<h4 class=\"wp-block-heading\" id=\"h-perche-scegliere-il-servizio-mia-medical-italia\"><strong>Pourquoi choisir le service Mia Medical Italia<\/strong><\/h4>\n\n\n\n<p>Choisir <strong>Mia Medical Italie<\/strong> c'est s'appuyer sur une entreprise sp\u00e9cialis\u00e9e dans la location d'appareils et de dispositifs m\u00e9dicaux, qui fait preuve d'exp\u00e9rience, de professionnalisme et de sens du client. Nos atouts :<\/p>\n\n\n\n<ul class=\"wp-block-list\">\n<li>Conseils gratuits sur le choix de l'appareil le plus adapt\u00e9<\/li>\n\n\n\n<li>Assistance t\u00e9l\u00e9phonique continue pendant la location<\/li>\n\n\n\n<li>Livraison et collecte \u00e0 domicile dans toute l'Italie<\/li>\n\n\n\n<li>Appareils d\u00e9sinfect\u00e9s et certifi\u00e9s <\/li>\n\n\n\n<li>Personnel comp\u00e9tent et serviable<\/li>\n\n\n\n<li>Des prix clairs et transparents<br><\/li>\n<\/ul>\n\n\n\n<p>Avec Mia Medical Italia, le traitement n'a jamais \u00e9t\u00e9 aussi simple et s\u00fbr. R\u00e9servez votre appareil d\u00e8s maintenant et commencez votre traitement en seulement 24\/48 heures ! <strong><a href=\"https:\/\/wa.me\/393926509237\">Contactez-nous au +39 392 65 09 237<\/a><\/strong>!<br><\/p>","protected":false},"excerpt":{"rendered":"<div style=\"font-family: Arial, sans-serif; background-color: #234091; padding: 30px; border-radius: 25px; max-width: 600px; color: #ffffff; position: relative; border-top: 6px solid #2498fe;\">\n<h3 style=\"color: #ffffff; margin-top: 0;\">Location de magn\u00e9toth\u00e9rapie PEMF\u00a0<\/h3>\n<p>Consegna a domicilio in tutta Italia a partire da 15\u20ac + 15\u20ac per il ritiro.<\/p>\n<p><strong>Livraison gratuite si vous achetez une location pour un minimum de 45 jours.<\/strong><\/p>\n<p><strong>Aucun d\u00e9p\u00f4t n'est requis !<\/strong><\/p>\n<\/div>\n<p><!-- Linea bianca sotto --><\/p>\n<div style=\"height: 6px; background-color: #ffffff; max-width: 600px;\">\u00a0<\/div>","protected":false},"featured_media":12134,"template":"","meta":{"_acf_changed":true},"home-category":[262],"product_brand":[],"product_cat":[224],"product_tag":[],"woo-feed-brand":[],"class_list":{"0":"post-9611","1":"product","2":"type-product","3":"status-publish","4":"has-post-thumbnail","6":"home-category-elettromedicali","7":"product_cat-affitto-noleggio-magnetoterapia-cemp","8":"product_shipping_class-elettromedicali","9":"wcpa_has_options","11":"first","12":"instock","13":"shipping-taxable","14":"purchasable","15":"product-type-variable"},"acf":[],"yoast_head":"<!-- This site is optimized with the Yoast SEO Premium plugin v27.3 (Yoast SEO v27.3) - https:\/\/yoast.com\/product\/yoast-seo-premium-wordpress\/ -->\n<title>Noleggio Magnetoterapia CEMP MAG 2000 ITECH<\/title>\n<meta name=\"description\" content=\"Noleggio Magnetoterapia Cemp Professionale da soli 3,50\u20ac al giorno. Nessun Deposito. disponibilit\u00e0 immediata. Prenota online ora !\" \/>\n<meta name=\"robots\" content=\"index, follow, max-snippet:-1, max-image-preview:large, max-video-preview:-1\" \/>\n<link rel=\"canonical\" href=\"https:\/\/www.miamedicalitalia.it\/fr\/produit\/magnetoterapia-cemp-mag-2000\/\" \/>\n<meta property=\"og:locale\" content=\"fr_FR\" \/>\n<meta property=\"og:type\" content=\"article\" \/>\n<meta property=\"og:title\" content=\"Noleggio Magnetoterapia CEMP MAG 2000 ITECH\" \/>\n<meta property=\"og:description\" content=\"Noleggio Magnetoterapia Cemp Professionale da soli 3,50\u20ac al giorno. Nessun Deposito. disponibilit\u00e0 immediata. Prenota online ora !\" \/>\n<meta property=\"og:url\" content=\"https:\/\/www.miamedicalitalia.it\/fr\/produit\/magnetoterapia-cemp-mag-2000\/\" \/>\n<meta property=\"og:site_name\" content=\"Mia Medical\" \/>\n<meta property=\"article:publisher\" content=\"https:\/\/www.facebook.com\/miamedicalitalia\" \/>\n<meta property=\"article:modified_time\" content=\"2026-02-18T12:12:14+00:00\" \/>\n<meta property=\"og:image\" content=\"https:\/\/www.miamedicalitalia.it\/wp-content\/uploads\/2023\/02\/magnetoterapia-itech-mag-2000.jpg\" \/>\n\t<meta property=\"og:image:width\" content=\"1000\" \/>\n\t<meta property=\"og:image:height\" content=\"1000\" \/>\n\t<meta property=\"og:image:type\" content=\"image\/jpeg\" \/>\n<meta name=\"twitter:card\" content=\"summary_large_image\" \/>\n<meta name=\"twitter:label1\" content=\"Dur\u00e9e de lecture estim\u00e9e\" \/>\n\t<meta name=\"twitter:data1\" content=\"1 minute\" \/>\n<script type=\"application\/ld+json\" class=\"yoast-schema-graph\">{\"@context\":\"https:\\\/\\\/schema.org\",\"@graph\":[{\"@type\":\"WebPage\",\"@id\":\"https:\\\/\\\/www.miamedicalitalia.it\\\/prodotto\\\/magnetoterapia-cemp-mag-2000\\\/\",\"url\":\"https:\\\/\\\/www.miamedicalitalia.it\\\/prodotto\\\/magnetoterapia-cemp-mag-2000\\\/\",\"name\":\"Noleggio Magnetoterapia CEMP MAG 2000 ITECH\",\"isPartOf\":{\"@id\":\"https:\\\/\\\/www.miamedicalitalia.it\\\/#website\"},\"primaryImageOfPage\":{\"@id\":\"https:\\\/\\\/www.miamedicalitalia.it\\\/prodotto\\\/magnetoterapia-cemp-mag-2000\\\/#primaryimage\"},\"image\":{\"@id\":\"https:\\\/\\\/www.miamedicalitalia.it\\\/prodotto\\\/magnetoterapia-cemp-mag-2000\\\/#primaryimage\"},\"thumbnailUrl\":\"https:\\\/\\\/www.miamedicalitalia.it\\\/wp-content\\\/uploads\\\/2023\\\/02\\\/magnetoterapia-itech-mag-2000.jpg\",\"datePublished\":\"2023-02-21T12:51:50+00:00\",\"dateModified\":\"2026-02-18T12:12:14+00:00\",\"description\":\"Noleggio Magnetoterapia Cemp Professionale da soli 3,50\u20ac al giorno. Nessun Deposito. disponibilit\u00e0 immediata. Prenota online ora !\",\"breadcrumb\":{\"@id\":\"https:\\\/\\\/www.miamedicalitalia.it\\\/prodotto\\\/magnetoterapia-cemp-mag-2000\\\/#breadcrumb\"},\"inLanguage\":\"fr-FR\",\"potentialAction\":[{\"@type\":\"ReadAction\",\"target\":[\"https:\\\/\\\/www.miamedicalitalia.it\\\/prodotto\\\/magnetoterapia-cemp-mag-2000\\\/\"]}]},{\"@type\":\"ImageObject\",\"inLanguage\":\"fr-FR\",\"@id\":\"https:\\\/\\\/www.miamedicalitalia.it\\\/prodotto\\\/magnetoterapia-cemp-mag-2000\\\/#primaryimage\",\"url\":\"https:\\\/\\\/www.miamedicalitalia.it\\\/wp-content\\\/uploads\\\/2023\\\/02\\\/magnetoterapia-itech-mag-2000.jpg\",\"contentUrl\":\"https:\\\/\\\/www.miamedicalitalia.it\\\/wp-content\\\/uploads\\\/2023\\\/02\\\/magnetoterapia-itech-mag-2000.jpg\",\"width\":1000,\"height\":1000},{\"@type\":\"BreadcrumbList\",\"@id\":\"https:\\\/\\\/www.miamedicalitalia.it\\\/prodotto\\\/magnetoterapia-cemp-mag-2000\\\/#breadcrumb\",\"itemListElement\":[{\"@type\":\"ListItem\",\"position\":1,\"name\":\"Home\",\"item\":\"https:\\\/\\\/www.miamedicalitalia.it\\\/\"},{\"@type\":\"ListItem\",\"position\":2,\"name\":\"Shop\",\"item\":\"https:\\\/\\\/www.miamedicalitalia.it\\\/negozio\\\/\"},{\"@type\":\"ListItem\",\"position\":3,\"name\":\"Affitto e noleggio\",\"item\":\"https:\\\/\\\/www.miamedicalitalia.it\\\/categoria\\\/affitto-e-noleggio-ausili\\\/\"},{\"@type\":\"ListItem\",\"position\":4,\"name\":\"Magnetoterapia\",\"item\":\"https:\\\/\\\/www.miamedicalitalia.it\\\/categoria\\\/affitto-e-noleggio-ausili\\\/affitto-noleggio-magnetoterapia-cemp\\\/\"},{\"@type\":\"ListItem\",\"position\":5,\"name\":\"Magnetoterapia CEMP MAG 2000 ITECH\"}]},{\"@type\":\"WebSite\",\"@id\":\"https:\\\/\\\/www.miamedicalitalia.it\\\/#website\",\"url\":\"https:\\\/\\\/www.miamedicalitalia.it\\\/\",\"name\":\"www.miamedicalitalia.it\",\"description\":\"Noleggio e Vendita Attrezzatura Sanitarie\",\"publisher\":{\"@id\":\"https:\\\/\\\/www.miamedicalitalia.it\\\/#organization\"},\"potentialAction\":[{\"@type\":\"SearchAction\",\"target\":{\"@type\":\"EntryPoint\",\"urlTemplate\":\"https:\\\/\\\/www.miamedicalitalia.it\\\/?s={search_term_string}\"},\"query-input\":{\"@type\":\"PropertyValueSpecification\",\"valueRequired\":true,\"valueName\":\"search_term_string\"}}],\"inLanguage\":\"fr-FR\"},{\"@type\":\"Organization\",\"@id\":\"https:\\\/\\\/www.miamedicalitalia.it\\\/#organization\",\"name\":\"OLG\",\"url\":\"https:\\\/\\\/www.miamedicalitalia.it\\\/\",\"logo\":{\"@type\":\"ImageObject\",\"inLanguage\":\"fr-FR\",\"@id\":\"https:\\\/\\\/www.miamedicalitalia.it\\\/#\\\/schema\\\/logo\\\/image\\\/\",\"url\":\"https:\\\/\\\/www.miamedicalitalia.it\\\/wp-content\\\/uploads\\\/2023\\\/04\\\/mia-medical-logo-free.png\",\"contentUrl\":\"https:\\\/\\\/www.miamedicalitalia.it\\\/wp-content\\\/uploads\\\/2023\\\/04\\\/mia-medical-logo-free.png\",\"width\":700,\"height\":700,\"caption\":\"OLG\"},\"image\":{\"@id\":\"https:\\\/\\\/www.miamedicalitalia.it\\\/#\\\/schema\\\/logo\\\/image\\\/\"},\"sameAs\":[\"https:\\\/\\\/www.facebook.com\\\/miamedicalitalia\"]}]}<\/script>\n<!-- \/ Yoast SEO Premium plugin. -->","yoast_head_json":{"title":"Location Magn\u00e9toth\u00e9rapie PEMF MAG 2000 ITECH","description":"Noleggio Magnetoterapia Cemp Professionale da soli 3,50\u20ac al giorno. Nessun Deposito. disponibilit\u00e0 immediata. Prenota online ora !","robots":{"index":"index","follow":"follow","max-snippet":"max-snippet:-1","max-image-preview":"max-image-preview:large","max-video-preview":"max-video-preview:-1"},"canonical":"https:\/\/www.miamedicalitalia.it\/fr\/produit\/magnetoterapia-cemp-mag-2000\/","og_locale":"fr_FR","og_type":"article","og_title":"Noleggio Magnetoterapia CEMP MAG 2000 ITECH","og_description":"Noleggio Magnetoterapia Cemp Professionale da soli 3,50\u20ac al giorno. Nessun Deposito. disponibilit\u00e0 immediata. Prenota online ora !","og_url":"https:\/\/www.miamedicalitalia.it\/fr\/produit\/magnetoterapia-cemp-mag-2000\/","og_site_name":"Mia Medical","article_publisher":"https:\/\/www.facebook.com\/miamedicalitalia","article_modified_time":"2026-02-18T12:12:14+00:00","og_image":[{"width":1000,"height":1000,"url":"https:\/\/www.miamedicalitalia.it\/wp-content\/uploads\/2023\/02\/magnetoterapia-itech-mag-2000.jpg","type":"image\/jpeg"}],"twitter_card":"summary_large_image","twitter_misc":{"Dur\u00e9e de lecture estim\u00e9e":"1 minute"},"schema":{"@context":"https:\/\/schema.org","@graph":[{"@type":"WebPage","@id":"https:\/\/www.miamedicalitalia.it\/prodotto\/magnetoterapia-cemp-mag-2000\/","url":"https:\/\/www.miamedicalitalia.it\/prodotto\/magnetoterapia-cemp-mag-2000\/","name":"Location Magn\u00e9toth\u00e9rapie PEMF MAG 2000 ITECH","isPartOf":{"@id":"https:\/\/www.miamedicalitalia.it\/#website"},"primaryImageOfPage":{"@id":"https:\/\/www.miamedicalitalia.it\/prodotto\/magnetoterapia-cemp-mag-2000\/#primaryimage"},"image":{"@id":"https:\/\/www.miamedicalitalia.it\/prodotto\/magnetoterapia-cemp-mag-2000\/#primaryimage"},"thumbnailUrl":"https:\/\/www.miamedicalitalia.it\/wp-content\/uploads\/2023\/02\/magnetoterapia-itech-mag-2000.jpg","datePublished":"2023-02-21T12:51:50+00:00","dateModified":"2026-02-18T12:12:14+00:00","description":"Noleggio Magnetoterapia Cemp Professionale da soli 3,50\u20ac al giorno. Nessun Deposito. disponibilit\u00e0 immediata. Prenota online ora !","breadcrumb":{"@id":"https:\/\/www.miamedicalitalia.it\/prodotto\/magnetoterapia-cemp-mag-2000\/#breadcrumb"},"inLanguage":"fr-FR","potentialAction":[{"@type":"ReadAction","target":["https:\/\/www.miamedicalitalia.it\/prodotto\/magnetoterapia-cemp-mag-2000\/"]}]},{"@type":"ImageObject","inLanguage":"fr-FR","@id":"https:\/\/www.miamedicalitalia.it\/prodotto\/magnetoterapia-cemp-mag-2000\/#primaryimage","url":"https:\/\/www.miamedicalitalia.it\/wp-content\/uploads\/2023\/02\/magnetoterapia-itech-mag-2000.jpg","contentUrl":"https:\/\/www.miamedicalitalia.it\/wp-content\/uploads\/2023\/02\/magnetoterapia-itech-mag-2000.jpg","width":1000,"height":1000},{"@type":"BreadcrumbList","@id":"https:\/\/www.miamedicalitalia.it\/prodotto\/magnetoterapia-cemp-mag-2000\/#breadcrumb","itemListElement":[{"@type":"ListItem","position":1,"name":"Home","item":"https:\/\/www.miamedicalitalia.it\/"},{"@type":"ListItem","position":2,"name":"Shop","item":"https:\/\/www.miamedicalitalia.it\/negozio\/"},{"@type":"ListItem","position":3,"name":"Affitto e noleggio","item":"https:\/\/www.miamedicalitalia.it\/categoria\/affitto-e-noleggio-ausili\/"},{"@type":"ListItem","position":4,"name":"Magnetoterapia","item":"https:\/\/www.miamedicalitalia.it\/categoria\/affitto-e-noleggio-ausili\/affitto-noleggio-magnetoterapia-cemp\/"},{"@type":"ListItem","position":5,"name":"Magnetoterapia CEMP MAG 2000 ITECH"}]},{"@type":"WebSite","@id":"https:\/\/www.miamedicalitalia.it\/#website","url":"https:\/\/www.miamedicalitalia.it\/","name":"www.miamedicalitalia.it","description":"Location et vente d'\u00e9quipements sanitaires","publisher":{"@id":"https:\/\/www.miamedicalitalia.it\/#organization"},"potentialAction":[{"@type":"SearchAction","target":{"@type":"EntryPoint","urlTemplate":"https:\/\/www.miamedicalitalia.it\/?s={search_term_string}"},"query-input":{"@type":"PropertyValueSpecification","valueRequired":true,"valueName":"search_term_string"}}],"inLanguage":"fr-FR"},{"@type":"Organization","@id":"https:\/\/www.miamedicalitalia.it\/#organization","name":"OLG","url":"https:\/\/www.miamedicalitalia.it\/","logo":{"@type":"ImageObject","inLanguage":"fr-FR","@id":"https:\/\/www.miamedicalitalia.it\/#\/schema\/logo\/image\/","url":"https:\/\/www.miamedicalitalia.it\/wp-content\/uploads\/2023\/04\/mia-medical-logo-free.png","contentUrl":"https:\/\/www.miamedicalitalia.it\/wp-content\/uploads\/2023\/04\/mia-medical-logo-free.png","width":700,"height":700,"caption":"OLG"},"image":{"@id":"https:\/\/www.miamedicalitalia.it\/#\/schema\/logo\/image\/"},"sameAs":["https:\/\/www.facebook.com\/miamedicalitalia"]}]}},"wcpa_form_fields":{"wcpaData":{"product":{"product_price":100,"price_html":"<span class=\"woocommerce-Price-amount amount\" aria-hidden=\"true\"><bdi><span class=\"woocommerce-Price-currencySymbol\">&euro;<\/span>100.00<\/bdi><\/span> <span aria-hidden=\"true\">\u00a0\u2013\u00a0<\/span> <span class=\"woocommerce-Price-amount amount\" aria-hidden=\"true\"><bdi><span class=\"woocommerce-Price-currencySymbol\">&euro;<\/span>210.00<\/bdi><\/span><span class=\"screen-reader-text\">Plage de prix\u00a0: &euro;100.00 \u00e0 &euro;210.00<\/span>","original_product_price":100,"price_including_tax":100,"price_excluding_tax":100,"product_id":{"parent":9611,"variation":false},"is_variable":true,"stock_status":"instock","stock_quantity":null,"parent_sku":"","product_attributes":{"quanto-costa":{"is_variation":true,"values":[]}},"custom_fields":[],"is_taxable":false,"product_name":"Magnetoterapia CEMP MAG 2000 ITECH","hasImage":false},"fields":{"sec_565f165582eb8c":{"extra":{"key":"sec_565f165582eb8c","section_id":"sec_565f165582eb8c","name":"Predefinito","status":1,"toggle":true,"form_id":12050,"form_rules":{"exclude_from_discount":false,"fee_label":"Tassa","disp_hide_options_price":false,"disp_show_section_price":false,"disp_show_field_price":true,"layout_option":"standard","pric_use_as_fee":false,"process_fee_as":"woo_fee"},"layout_option":"standard"},"fields":[[{"active":true,"col":6,"relations":false,"cl_rule":"show","enableCl":false,"price":"","enablePrice":false,"className":"input-text","type":"date","required":true,"elementId":"date_3189538061","name":"date_3189538061","label":"A partire dal giorno:","picker_type":"custom","picker_mode":"single","error":false,"description":"Inserisci la data di inizio del noleggio","gt_translate_keys":["label","description"],"price_dependency":false,"cl_dependency":false,"value":""}]]}},"config":{"price_override":"","enable_recaptcha":false,"bind_quantity":false,"quantity_bind_formula":false,"disp_summ_show_option_price":true,"disp_summ_show_product_price":true,"disp_summ_show_total_price":true,"disp_summ_show_fee":false,"disp_summ_show_discount":false,"summary_title":"","options_total_label":"Prezzo delle opzioni","total_label":"Totale","options_product_label":"Prezzo del prodotto","fee_label":"Tassa","discount_label":"Sconto","has_price":true,"has_quantity_formula":false},"mc_unit":1,"tax_rate":1,"tax_rate_real":1,"discount":{"percentage":0,"fixed":0},"design":{"conf":{"LabelPosition":"above","DescPosition":"below","UploadField":"custom_1","QuantityFieldStyle":"default"},"css":{"LeftLabelWidth":"50px"}},"formulas":[],"lookuptables":[],"clones":false,"cartKey":false}},"_links":{"self":[{"href":"https:\/\/www.miamedicalitalia.it\/fr\/wp-json\/wp\/v2\/product\/9611","targetHints":{"allow":["GET"]}}],"collection":[{"href":"https:\/\/www.miamedicalitalia.it\/fr\/wp-json\/wp\/v2\/product"}],"about":[{"href":"https:\/\/www.miamedicalitalia.it\/fr\/wp-json\/wp\/v2\/types\/product"}],"wp:featuredmedia":[{"embeddable":true,"href":"https:\/\/www.miamedicalitalia.it\/fr\/wp-json\/wp\/v2\/media\/12134"}],"wp:attachment":[{"href":"https:\/\/www.miamedicalitalia.it\/fr\/wp-json\/wp\/v2\/media?parent=9611"}],"wp:term":[{"taxonomy":"home-category","embeddable":true,"href":"https:\/\/www.miamedicalitalia.it\/fr\/wp-json\/wp\/v2\/home-category?post=9611"},{"taxonomy":"product_brand","embeddable":true,"href":"https:\/\/www.miamedicalitalia.it\/fr\/wp-json\/wp\/v2\/product_brand?post=9611"},{"taxonomy":"product_cat","embeddable":true,"href":"https:\/\/www.miamedicalitalia.it\/fr\/wp-json\/wp\/v2\/product_cat?post=9611"},{"taxonomy":"product_tag","embeddable":true,"href":"https:\/\/www.miamedicalitalia.it\/fr\/wp-json\/wp\/v2\/product_tag?post=9611"},{"taxonomy":"woo-feed-brand","embeddable":true,"href":"https:\/\/www.miamedicalitalia.it\/fr\/wp-json\/wp\/v2\/woo-feed-brand?post=9611"}],"curies":[{"name":"wp","href":"https:\/\/api.w.org\/{rel}","templated":true}]}}