{"id":9603,"date":"2023-02-21T14:34:49","date_gmt":"2023-02-21T13:34:49","guid":{"rendered":"https:\/\/www.miamedicalitalia.it\/?post_type=product&#038;p=9603"},"modified":"2026-02-18T13:26:26","modified_gmt":"2026-02-18T11:26:26","slug":"pressoterapia-professionale-a-casa-tua","status":"publish","type":"product","link":"https:\/\/www.miamedicalitalia.it\/fr\/produit\/pressoterapia-professionale-a-casa-tua\/","title":{"rendered":"Location de pressoth\u00e9rapie professionnelle"},"content":{"rendered":"<p>Notre service de location d'appareil de pressoth\u00e9rapie PowerPress 4 propose un appareil professionnel con\u00e7u pour am\u00e9liorer la circulation veineuse et lymphatique, lutter contre les gonflements, la r\u00e9tention d'eau et la fatigue des membres inf\u00e9rieurs, tout en apportant des b\u00e9n\u00e9fices esth\u00e9tiques. Facile \u00e0 utiliser, silencieux et efficace, c'est le choix id\u00e9al pour ceux qui recherchent un traitement complet, confortable et relaxant \u00e0 r\u00e9aliser chez eux.<\/p>\n\n\n\n<h4 class=\"wp-block-heading\" id=\"h-cosa-e-la-pressoterapia-e-come-funziona\">Qu'est-ce que la pressoth\u00e9rapie et comment fonctionne-t-elle ?<\/h4>\n\n\n\n<p>Le PowerPress 4 est un appareil \u00e0 pression pneumatique s\u00e9quentielle : gr\u00e2ce \u00e0 des jambi\u00e8res sp\u00e9ciales \u00e0 chambre \u00e0 air, il exerce une compression graduelle sur les membres inf\u00e9rieurs qui r\u00e9active le flux veineux et lymphatique, am\u00e9liorant ainsi le drainage de l'exc\u00e8s de liquide.<\/p>\n\n\n\n<p>Il fonctionne de mani\u00e8re enti\u00e8rement automatique, mais peut \u00eatre personnalis\u00e9 en termes de pression, de dur\u00e9e et de fr\u00e9quence, en fonction des besoins du patient et des objectifs th\u00e9rapeutiques.<\/p>\n\n\n\n<ul class=\"wp-block-list\">\n<li><strong>MODE A :<\/strong>&nbsp;La s\u00e9quence du programme consiste \u00e0 gonfler et d\u00e9gonfler la jambe du pied \u00e0 la cuisse, un secteur \u00e0 la fois. A la fin du temps de pression, l'air comprim\u00e9 est maintenu pendant 3 secondes suppl\u00e9mentaires dans chaque secteur ;<\/li>\n\n\n\n<li><strong>MODE B :<\/strong>&nbsp;la pression n'est exerc\u00e9e que par une seule chambre \u00e0 la fois, de mani\u00e8re s\u00e9quentielle ;<\/li>\n\n\n\n<li><strong>MODE C :<\/strong>&nbsp;la s\u00e9quence du programme applique la pression en commen\u00e7ant par le pied et en maintenant toutes les chambres pr\u00e9c\u00e9dentes gonfl\u00e9es jusqu'\u00e0 ce que la pi\u00e8ce enti\u00e8re soit gonfl\u00e9e ;<\/li>\n\n\n\n<li><strong>MODE D :<\/strong>&nbsp;ce mode est un m\u00e9lange des modes B et C.<\/li>\n<\/ul>\n\n\n\n<h4 class=\"wp-block-heading\" id=\"h-benefici-della-pressoterapia\">Avantages de la th\u00e9rapie par pression <\/h4>\n\n\n\n<ul class=\"wp-block-list\">\n<li>Drainage lymphatique et r\u00e9duction de la r\u00e9tention d'eau ;<\/li>\n\n\n\n<li>Soulagement des jambes lourdes, de l'enflure et de la stase veineuse ;<\/li>\n\n\n\n<li>Stimulation de la microcirculation et am\u00e9lioration de la circulation ;<\/li>\n\n\n\n<li>Soutien dans le traitement des lymphoed\u00e8mes et des pathologies veineuses ;<\/li>\n\n\n\n<li>Effet vivifiant et relaxant ;<\/li>\n\n\n\n<li>\u00c9galement utilis\u00e9 en esth\u00e9tique pour r\u00e9duire la cellulite et favoriser le remodelage.<\/li>\n<\/ul>\n\n\n\n<h4 class=\"wp-block-heading\" id=\"h-a-chi-e-rivolto-il-servizio-di-noleggio-del-macchinario-per-pressoterapia-power-press-4\">A qui s'adresse le service de location de l'appareil de pressoth\u00e9rapie Power press 4 ?<\/h4>\n\n\n\n<p>La location de pressoth\u00e9rapie PowerPress 4 convient aux personnes souffrant de.. :<\/p>\n\n\n\n<ul class=\"wp-block-list\">\n<li>Jambes gonfl\u00e9es ou lourdes, surtout apr\u00e8s de nombreuses heures pass\u00e9es debout ou assis ;<\/li>\n\n\n\n<li>Probl\u00e8mes de circulation veineuse ou lymphatique ;<\/li>\n\n\n\n<li>Lymph\u0153d\u00e8me, \u0153d\u00e8me post-op\u00e9ratoire ou post-traumatique ;<\/li>\n\n\n\n<li>R\u00e9tention d'eau chronique ;<\/li>\n\n\n\n<li>Cellulite et imperfections li\u00e9es \u00e0 la stase lymphatique ;<\/li>\n\n\n\n<li>Athl\u00e8tes ou sportifs, pour une r\u00e9cup\u00e9ration musculaire plus rapide.<\/li>\n<\/ul>\n\n\n\n<h4 class=\"wp-block-heading\" id=\"h-nbsp-il-noleggio-m-i-a-medical-comodo-personalizzato-vantaggioso\"><br><br><strong>&nbsp;Location m\u00e9dicale M.I.A. : pratique, personnalis\u00e9e, avantageuse<\/strong><\/h4>\n\n\n\n<p>Avec notre service de location :<\/p>\n\n\n\n<ul class=\"wp-block-list\">\n<li>recevez PowerPress 4 directement chez vous, pr\u00eat \u00e0 l'emploi ;<\/li>\n\n\n\n<li>nos techniciens effectueront une d\u00e9monstration compl\u00e8te et expliqueront comment l'utiliser au mieux ;<\/li>\n\n\n\n<li>Nous personnalisons l'appareil en fonction de votre \u00e9tat ou des instructions de votre physioth\u00e9rapeute ;<\/li>\n\n\n\n<li>vous pouvez pratiquer la pressoth\u00e9rapie seul, \u00e0 votre rythme, sans contrainte de studio ou d'\u00e9tablissement.<\/li>\n<\/ul>\n\n\n\n<p>Ce type de traitement est beaucoup plus efficace s'il est effectu\u00e9 r\u00e9guli\u00e8rement, et le fait de l'avoir chez soi permet de le faire tous les jours et d'obtenir des r\u00e9sultats tangibles dans un d\u00e9lai plus court.<\/p>\n\n\n\n<h4 class=\"wp-block-heading\" id=\"h-perche-scegliere-il-nostro-servizio\">Pourquoi choisir notre service <\/h4>\n\n\n\n<ul class=\"wp-block-list\">\n<li>Machines de qualit\u00e9 professionnelle, d\u00e9sinfect\u00e9es et certifi\u00e9es ;<\/li>\n\n\n\n<li>Des prix imbattables et transparents ;<\/li>\n\n\n\n<li>Des techniciens exp\u00e9riment\u00e9s sont disponibles pour le support et l'assistance ;<\/li>\n\n\n\n<li>Livraison rapide dans toute l'Italie ;<\/li>\n\n\n\n<li>Service comp\u00e9tent et attentionn\u00e9.<\/li>\n<\/ul>\n\n\n\n<p>Choisissez le confort de\u00a0<strong>th\u00e9rapie \u00e0 domicile<\/strong>avec un\u00a0<strong>un service s\u00fbr, efficace et pratique.<\/strong>\u00a0Si vous avez d'autres questions, vous pouvez nous contacter par t\u00e9l\u00e9phone \u00e0 l'adresse suivante\u00a0<strong><a href=\"tel:+39 3926509237\">+39 3926509237<\/a><\/strong>\u00a0ou vous pouvez nous envoyer un message sur\u00a0<strong><a href=\"https:\/\/wa.me\/393926509237\">whatsapp<\/a><\/strong>. Notre personnel sp\u00e9cialis\u00e9 est toujours disponible pour vous aider \u00e0 trouver la\u00a0<strong>solution<\/strong>\u00a0qui correspond le mieux \u00e0 votre\u00a0<strong>besoins<\/strong>! Visitez \u00e9galement notre\u00a0<strong><a href=\"https:\/\/www.miamedicalitalia.it\/fr\/?_gl=1*1bx2a6k*_up*MQ..*_ga*MjA0NTM0ODc4NS4xNzUxMTA5Nzg0*_ga_D9FZ9V3LL7*czE3NTExMDk3ODQkbzEkZzAkdDE3NTExMDk3ODQkajYwJGwwJGgw\">site web<\/a><\/strong>\u00a0pour d\u00e9couvrir la large gamme de produits\u00a0<strong>des aides m\u00e9dicales con\u00e7ues pour vous aider \u00e0 retrouver un v\u00e9ritable bien-\u00eatre physique !<\/strong><br><\/p>\n\n\n\n<p><br><br><br><\/p>","protected":false},"excerpt":{"rendered":"<div style=\"font-family: Arial, sans-serif; background-color: #234091; padding: 30px; border-radius: 25px; max-width: 600px; color: #ffffff; position: relative; border-top: 6px solid #2498fe;\">\n<h3 style=\"color: #ffffff; margin-top: 0;\">Location de pressoth\u00e9rapie<\/h3>\n<p>Comprend 2 jambi\u00e8res, une bande abdominale, un brassard et une grenouill\u00e8re de protection.<\/p>\n<p>Consegna a domicilio in tutta Italia a partire da 15\u20ac + 15\u20ac per il ritiro.<\/p>\n<p><strong>Livraison gratuite si vous achetez une location pour un minimum de 60 jours.<\/strong><\/p>\n<p><strong>Aucun d\u00e9p\u00f4t n'est requis !<\/strong><\/p>\n<\/div>\n<p><!-- Linea bianca sotto --><\/p>\n<div style=\"height: 6px; background-color: #ffffff; max-width: 600px;\">\u00a0<\/div>","protected":false},"featured_media":12175,"template":"","meta":{"_acf_changed":false},"home-category":[262],"product_brand":[],"product_cat":[90],"product_tag":[210,211],"woo-feed-brand":[],"class_list":{"0":"post-9603","1":"product","2":"type-product","3":"status-publish","4":"has-post-thumbnail","6":"home-category-elettromedicali","7":"product_cat-affitto-noleggio-pressoterapia","8":"product_tag-noleggiopressoterapiaaffitto","9":"product_tag-pressoterapia-a-casa-tua","10":"product_shipping_class-elettromedicali","11":"wcpa_has_options","13":"first","14":"instock","15":"shipping-taxable","16":"purchasable","17":"product-type-variable"},"acf":[],"yoast_head":"<!-- This site is optimized with the Yoast SEO Premium plugin v27.5 (Yoast SEO v27.5) - https:\/\/yoast.com\/product\/yoast-seo-premium-wordpress\/ -->\n<title>PRESSOTERAPIA a noleggio comodo a casa da 4\u20ac al giorno<\/title>\n<meta name=\"description\" content=\"Noleggio Pressoterapia Proffessionale . Prezzi imbattibili.Perfetto per il trattamento contro la cellulite. Prenota online ora i chiama al 3926509237.\" \/>\n<meta name=\"robots\" content=\"index, follow, max-snippet:-1, max-image-preview:large, max-video-preview:-1\" \/>\n<link rel=\"canonical\" href=\"https:\/\/www.miamedicalitalia.it\/fr\/produit\/pressoterapia-professionale-a-casa-tua\/\" \/>\n<meta property=\"og:locale\" content=\"fr_FR\" \/>\n<meta property=\"og:type\" content=\"article\" \/>\n<meta property=\"og:title\" content=\"PRESSOTERAPIA a noleggio comodo a casa da 4\u20ac al giorno\" \/>\n<meta property=\"og:description\" content=\"Noleggio Pressoterapia Proffessionale . Prezzi imbattibili.Perfetto per il trattamento contro la cellulite. Prenota online ora i chiama al 3926509237.\" \/>\n<meta property=\"og:url\" content=\"https:\/\/www.miamedicalitalia.it\/fr\/produit\/pressoterapia-professionale-a-casa-tua\/\" \/>\n<meta property=\"og:site_name\" content=\"Mia Medical\" \/>\n<meta property=\"article:publisher\" content=\"https:\/\/www.facebook.com\/miamedicalitalia\" \/>\n<meta property=\"article:modified_time\" content=\"2026-02-18T11:26:26+00:00\" \/>\n<meta property=\"og:image\" content=\"https:\/\/www.miamedicalitalia.it\/wp-content\/uploads\/2023\/02\/pressoterapia-POWER-1-1-1.jpg\" \/>\n\t<meta property=\"og:image:width\" content=\"1000\" \/>\n\t<meta property=\"og:image:height\" content=\"1000\" \/>\n\t<meta property=\"og:image:type\" content=\"image\/jpeg\" \/>\n<meta name=\"twitter:card\" content=\"summary_large_image\" \/>\n<meta name=\"twitter:label1\" content=\"Dur\u00e9e de lecture estim\u00e9e\" \/>\n\t<meta name=\"twitter:data1\" content=\"3 minutes\" \/>\n<script type=\"application\/ld+json\" class=\"yoast-schema-graph\">{\"@context\":\"https:\\\/\\\/schema.org\",\"@graph\":[{\"@type\":\"WebPage\",\"@id\":\"https:\\\/\\\/www.miamedicalitalia.it\\\/prodotto\\\/pressoterapia-professionale-a-casa-tua\\\/\",\"url\":\"https:\\\/\\\/www.miamedicalitalia.it\\\/prodotto\\\/pressoterapia-professionale-a-casa-tua\\\/\",\"name\":\"PRESSOTERAPIA a noleggio comodo a casa da 4\u20ac al giorno\",\"isPartOf\":{\"@id\":\"https:\\\/\\\/www.miamedicalitalia.it\\\/#website\"},\"primaryImageOfPage\":{\"@id\":\"https:\\\/\\\/www.miamedicalitalia.it\\\/prodotto\\\/pressoterapia-professionale-a-casa-tua\\\/#primaryimage\"},\"image\":{\"@id\":\"https:\\\/\\\/www.miamedicalitalia.it\\\/prodotto\\\/pressoterapia-professionale-a-casa-tua\\\/#primaryimage\"},\"thumbnailUrl\":\"https:\\\/\\\/www.miamedicalitalia.it\\\/wp-content\\\/uploads\\\/2023\\\/02\\\/pressoterapia-POWER-1-1-1.jpg\",\"datePublished\":\"2023-02-21T13:34:49+00:00\",\"dateModified\":\"2026-02-18T11:26:26+00:00\",\"description\":\"Noleggio Pressoterapia Proffessionale . Prezzi imbattibili.Perfetto per il trattamento contro la cellulite. Prenota online ora i chiama al 3926509237.\",\"breadcrumb\":{\"@id\":\"https:\\\/\\\/www.miamedicalitalia.it\\\/prodotto\\\/pressoterapia-professionale-a-casa-tua\\\/#breadcrumb\"},\"inLanguage\":\"fr-FR\",\"potentialAction\":[{\"@type\":\"ReadAction\",\"target\":[\"https:\\\/\\\/www.miamedicalitalia.it\\\/prodotto\\\/pressoterapia-professionale-a-casa-tua\\\/\"]}]},{\"@type\":\"ImageObject\",\"inLanguage\":\"fr-FR\",\"@id\":\"https:\\\/\\\/www.miamedicalitalia.it\\\/prodotto\\\/pressoterapia-professionale-a-casa-tua\\\/#primaryimage\",\"url\":\"https:\\\/\\\/www.miamedicalitalia.it\\\/wp-content\\\/uploads\\\/2023\\\/02\\\/pressoterapia-POWER-1-1-1.jpg\",\"contentUrl\":\"https:\\\/\\\/www.miamedicalitalia.it\\\/wp-content\\\/uploads\\\/2023\\\/02\\\/pressoterapia-POWER-1-1-1.jpg\",\"width\":1000,\"height\":1000},{\"@type\":\"BreadcrumbList\",\"@id\":\"https:\\\/\\\/www.miamedicalitalia.it\\\/prodotto\\\/pressoterapia-professionale-a-casa-tua\\\/#breadcrumb\",\"itemListElement\":[{\"@type\":\"ListItem\",\"position\":1,\"name\":\"Home\",\"item\":\"https:\\\/\\\/www.miamedicalitalia.it\\\/\"},{\"@type\":\"ListItem\",\"position\":2,\"name\":\"Shop\",\"item\":\"https:\\\/\\\/www.miamedicalitalia.it\\\/negozio\\\/\"},{\"@type\":\"ListItem\",\"position\":3,\"name\":\"Affitto e noleggio\",\"item\":\"https:\\\/\\\/www.miamedicalitalia.it\\\/categoria\\\/affitto-e-noleggio-ausili\\\/\"},{\"@type\":\"ListItem\",\"position\":4,\"name\":\"Pressoterapia\",\"item\":\"https:\\\/\\\/www.miamedicalitalia.it\\\/categoria\\\/affitto-e-noleggio-ausili\\\/affitto-noleggio-pressoterapia\\\/\"},{\"@type\":\"ListItem\",\"position\":5,\"name\":\"Noleggio Pressoterapia Professionale\"}]},{\"@type\":\"WebSite\",\"@id\":\"https:\\\/\\\/www.miamedicalitalia.it\\\/#website\",\"url\":\"https:\\\/\\\/www.miamedicalitalia.it\\\/\",\"name\":\"www.miamedicalitalia.it\",\"description\":\"Noleggio e Vendita Attrezzatura Sanitarie\",\"publisher\":{\"@id\":\"https:\\\/\\\/www.miamedicalitalia.it\\\/#organization\"},\"potentialAction\":[{\"@type\":\"SearchAction\",\"target\":{\"@type\":\"EntryPoint\",\"urlTemplate\":\"https:\\\/\\\/www.miamedicalitalia.it\\\/?s={search_term_string}\"},\"query-input\":{\"@type\":\"PropertyValueSpecification\",\"valueRequired\":true,\"valueName\":\"search_term_string\"}}],\"inLanguage\":\"fr-FR\"},{\"@type\":\"Organization\",\"@id\":\"https:\\\/\\\/www.miamedicalitalia.it\\\/#organization\",\"name\":\"OLG\",\"url\":\"https:\\\/\\\/www.miamedicalitalia.it\\\/\",\"logo\":{\"@type\":\"ImageObject\",\"inLanguage\":\"fr-FR\",\"@id\":\"https:\\\/\\\/www.miamedicalitalia.it\\\/#\\\/schema\\\/logo\\\/image\\\/\",\"url\":\"https:\\\/\\\/www.miamedicalitalia.it\\\/wp-content\\\/uploads\\\/2023\\\/04\\\/mia-medical-logo-free.png\",\"contentUrl\":\"https:\\\/\\\/www.miamedicalitalia.it\\\/wp-content\\\/uploads\\\/2023\\\/04\\\/mia-medical-logo-free.png\",\"width\":700,\"height\":700,\"caption\":\"OLG\"},\"image\":{\"@id\":\"https:\\\/\\\/www.miamedicalitalia.it\\\/#\\\/schema\\\/logo\\\/image\\\/\"},\"sameAs\":[\"https:\\\/\\\/www.facebook.com\\\/miamedicalitalia\"]}]}<\/script>\n<!-- \/ Yoast SEO Premium plugin. -->","yoast_head_json":{"title":"PRESSOTHERAPIE en location \u00e0 domicile \u00e0 partir de 4\u20ac par jour","description":"Location de pressoth\u00e9rapie professionnelle. Prix imbattables, id\u00e9al pour le traitement de la cellulite. R\u00e9servez en ligne d\u00e8s maintenant et appelez 3926509237.","robots":{"index":"index","follow":"follow","max-snippet":"max-snippet:-1","max-image-preview":"max-image-preview:large","max-video-preview":"max-video-preview:-1"},"canonical":"https:\/\/www.miamedicalitalia.it\/fr\/produit\/pressoterapia-professionale-a-casa-tua\/","og_locale":"fr_FR","og_type":"article","og_title":"PRESSOTERAPIA a noleggio comodo a casa da 4\u20ac al giorno","og_description":"Noleggio Pressoterapia Proffessionale . Prezzi imbattibili.Perfetto per il trattamento contro la cellulite. Prenota online ora i chiama al 3926509237.","og_url":"https:\/\/www.miamedicalitalia.it\/fr\/produit\/pressoterapia-professionale-a-casa-tua\/","og_site_name":"Mia Medical","article_publisher":"https:\/\/www.facebook.com\/miamedicalitalia","article_modified_time":"2026-02-18T11:26:26+00:00","og_image":[{"width":1000,"height":1000,"url":"https:\/\/www.miamedicalitalia.it\/wp-content\/uploads\/2023\/02\/pressoterapia-POWER-1-1-1.jpg","type":"image\/jpeg"}],"twitter_card":"summary_large_image","twitter_misc":{"Dur\u00e9e de lecture estim\u00e9e":"3 minutes"},"schema":{"@context":"https:\/\/schema.org","@graph":[{"@type":"WebPage","@id":"https:\/\/www.miamedicalitalia.it\/prodotto\/pressoterapia-professionale-a-casa-tua\/","url":"https:\/\/www.miamedicalitalia.it\/prodotto\/pressoterapia-professionale-a-casa-tua\/","name":"PRESSOTHERAPIE en location \u00e0 domicile \u00e0 partir de 4\u20ac par jour","isPartOf":{"@id":"https:\/\/www.miamedicalitalia.it\/#website"},"primaryImageOfPage":{"@id":"https:\/\/www.miamedicalitalia.it\/prodotto\/pressoterapia-professionale-a-casa-tua\/#primaryimage"},"image":{"@id":"https:\/\/www.miamedicalitalia.it\/prodotto\/pressoterapia-professionale-a-casa-tua\/#primaryimage"},"thumbnailUrl":"https:\/\/www.miamedicalitalia.it\/wp-content\/uploads\/2023\/02\/pressoterapia-POWER-1-1-1.jpg","datePublished":"2023-02-21T13:34:49+00:00","dateModified":"2026-02-18T11:26:26+00:00","description":"Location de pressoth\u00e9rapie professionnelle. Prix imbattables, id\u00e9al pour le traitement de la cellulite. R\u00e9servez en ligne d\u00e8s maintenant et appelez 3926509237.","breadcrumb":{"@id":"https:\/\/www.miamedicalitalia.it\/prodotto\/pressoterapia-professionale-a-casa-tua\/#breadcrumb"},"inLanguage":"fr-FR","potentialAction":[{"@type":"ReadAction","target":["https:\/\/www.miamedicalitalia.it\/prodotto\/pressoterapia-professionale-a-casa-tua\/"]}]},{"@type":"ImageObject","inLanguage":"fr-FR","@id":"https:\/\/www.miamedicalitalia.it\/prodotto\/pressoterapia-professionale-a-casa-tua\/#primaryimage","url":"https:\/\/www.miamedicalitalia.it\/wp-content\/uploads\/2023\/02\/pressoterapia-POWER-1-1-1.jpg","contentUrl":"https:\/\/www.miamedicalitalia.it\/wp-content\/uploads\/2023\/02\/pressoterapia-POWER-1-1-1.jpg","width":1000,"height":1000},{"@type":"BreadcrumbList","@id":"https:\/\/www.miamedicalitalia.it\/prodotto\/pressoterapia-professionale-a-casa-tua\/#breadcrumb","itemListElement":[{"@type":"ListItem","position":1,"name":"Home","item":"https:\/\/www.miamedicalitalia.it\/"},{"@type":"ListItem","position":2,"name":"Shop","item":"https:\/\/www.miamedicalitalia.it\/negozio\/"},{"@type":"ListItem","position":3,"name":"Affitto e noleggio","item":"https:\/\/www.miamedicalitalia.it\/categoria\/affitto-e-noleggio-ausili\/"},{"@type":"ListItem","position":4,"name":"Pressoterapia","item":"https:\/\/www.miamedicalitalia.it\/categoria\/affitto-e-noleggio-ausili\/affitto-noleggio-pressoterapia\/"},{"@type":"ListItem","position":5,"name":"Noleggio Pressoterapia Professionale"}]},{"@type":"WebSite","@id":"https:\/\/www.miamedicalitalia.it\/#website","url":"https:\/\/www.miamedicalitalia.it\/","name":"www.miamedicalitalia.it","description":"Location et vente d'\u00e9quipements sanitaires","publisher":{"@id":"https:\/\/www.miamedicalitalia.it\/#organization"},"potentialAction":[{"@type":"SearchAction","target":{"@type":"EntryPoint","urlTemplate":"https:\/\/www.miamedicalitalia.it\/?s={search_term_string}"},"query-input":{"@type":"PropertyValueSpecification","valueRequired":true,"valueName":"search_term_string"}}],"inLanguage":"fr-FR"},{"@type":"Organization","@id":"https:\/\/www.miamedicalitalia.it\/#organization","name":"OLG","url":"https:\/\/www.miamedicalitalia.it\/","logo":{"@type":"ImageObject","inLanguage":"fr-FR","@id":"https:\/\/www.miamedicalitalia.it\/#\/schema\/logo\/image\/","url":"https:\/\/www.miamedicalitalia.it\/wp-content\/uploads\/2023\/04\/mia-medical-logo-free.png","contentUrl":"https:\/\/www.miamedicalitalia.it\/wp-content\/uploads\/2023\/04\/mia-medical-logo-free.png","width":700,"height":700,"caption":"OLG"},"image":{"@id":"https:\/\/www.miamedicalitalia.it\/#\/schema\/logo\/image\/"},"sameAs":["https:\/\/www.facebook.com\/miamedicalitalia"]}]}},"wcpa_form_fields":{"wcpaData":{"product":{"product_price":90,"price_html":"<span class=\"woocommerce-Price-amount amount\" aria-hidden=\"true\"><bdi><span class=\"woocommerce-Price-currencySymbol\">&euro;<\/span>90.00<\/bdi><\/span> <span aria-hidden=\"true\">\u00a0\u2013\u00a0<\/span> <span class=\"woocommerce-Price-amount amount\" aria-hidden=\"true\"><bdi><span class=\"woocommerce-Price-currencySymbol\">&euro;<\/span>250.00<\/bdi><\/span><span class=\"screen-reader-text\">Plage de prix\u00a0: &euro;90.00 \u00e0 &euro;250.00<\/span>","original_product_price":90,"price_including_tax":90,"price_excluding_tax":90,"product_id":{"parent":9603,"variation":false},"is_variable":true,"stock_status":"instock","stock_quantity":null,"parent_sku":"","product_attributes":{"quanto-costa":{"is_variation":true,"values":[]}},"custom_fields":[],"is_taxable":false,"product_name":"Noleggio Pressoterapia Professionale","hasImage":false},"fields":{"sec_565f165582eb8c":{"extra":{"key":"sec_565f165582eb8c","section_id":"sec_565f165582eb8c","name":"Predefinito","status":1,"toggle":true,"form_id":12050,"form_rules":{"exclude_from_discount":false,"fee_label":"Tasa","disp_hide_options_price":false,"disp_show_section_price":false,"disp_show_field_price":true,"layout_option":"standard","pric_use_as_fee":false,"process_fee_as":"woo_fee"},"layout_option":"standard"},"fields":[[{"active":true,"col":6,"relations":false,"cl_rule":"show","enableCl":false,"price":"","enablePrice":false,"className":"input-text","type":"date","required":true,"elementId":"date_3189538061","name":"date_3189538061","label":"A partire dal giorno:","picker_type":"custom","picker_mode":"single","error":false,"description":"Inserisci la data di inizio del noleggio","gt_translate_keys":["label","description"],"price_dependency":false,"cl_dependency":false,"value":""}]]}},"config":{"price_override":"","enable_recaptcha":false,"bind_quantity":false,"quantity_bind_formula":false,"disp_summ_show_option_price":true,"disp_summ_show_product_price":true,"disp_summ_show_total_price":true,"disp_summ_show_fee":false,"disp_summ_show_discount":false,"summary_title":"","options_total_label":"Opciones Precio","total_label":"Total","options_product_label":"Precio del producto","fee_label":"Tasa","discount_label":"Descuento","has_price":true,"has_quantity_formula":false},"mc_unit":1,"tax_rate":1,"tax_rate_real":1,"discount":{"percentage":0,"fixed":0},"design":{"conf":{"LabelPosition":"above","DescPosition":"below","UploadField":"custom_1","QuantityFieldStyle":"default"},"css":{"LeftLabelWidth":"50px"}},"formulas":[],"lookuptables":[],"clones":false,"cartKey":false}},"_links":{"self":[{"href":"https:\/\/www.miamedicalitalia.it\/fr\/wp-json\/wp\/v2\/product\/9603","targetHints":{"allow":["GET"]}}],"collection":[{"href":"https:\/\/www.miamedicalitalia.it\/fr\/wp-json\/wp\/v2\/product"}],"about":[{"href":"https:\/\/www.miamedicalitalia.it\/fr\/wp-json\/wp\/v2\/types\/product"}],"wp:featuredmedia":[{"embeddable":true,"href":"https:\/\/www.miamedicalitalia.it\/fr\/wp-json\/wp\/v2\/media\/12175"}],"wp:attachment":[{"href":"https:\/\/www.miamedicalitalia.it\/fr\/wp-json\/wp\/v2\/media?parent=9603"}],"wp:term":[{"taxonomy":"home-category","embeddable":true,"href":"https:\/\/www.miamedicalitalia.it\/fr\/wp-json\/wp\/v2\/home-category?post=9603"},{"taxonomy":"product_brand","embeddable":true,"href":"https:\/\/www.miamedicalitalia.it\/fr\/wp-json\/wp\/v2\/product_brand?post=9603"},{"taxonomy":"product_cat","embeddable":true,"href":"https:\/\/www.miamedicalitalia.it\/fr\/wp-json\/wp\/v2\/product_cat?post=9603"},{"taxonomy":"product_tag","embeddable":true,"href":"https:\/\/www.miamedicalitalia.it\/fr\/wp-json\/wp\/v2\/product_tag?post=9603"},{"taxonomy":"woo-feed-brand","embeddable":true,"href":"https:\/\/www.miamedicalitalia.it\/fr\/wp-json\/wp\/v2\/woo-feed-brand?post=9603"}],"curies":[{"name":"wp","href":"https:\/\/api.w.org\/{rel}","templated":true}]}}