{"id":9461,"date":"2023-02-07T14:41:16","date_gmt":"2023-02-07T13:41:16","guid":{"rendered":"https:\/\/www.miamedicalitalia.it\/?post_type=product&#038;p=9461"},"modified":"2026-02-12T12:36:24","modified_gmt":"2026-02-12T10:36:24","slug":"noleggio-e-affitto-della-magnetoterapia-e-della-carrozzina","status":"publish","type":"product","link":"https:\/\/www.miamedicalitalia.it\/fr\/produit\/noleggio-e-affitto-della-magnetoterapia-e-della-carrozzina\/","title":{"rendered":"Magn\u00e9toth\u00e9rapie + location de fauteuils roulants"},"content":{"rendered":"<p><strong>Supporto alla mobilit\u00e0 e terapia rigenerativa direttamente a domicilio<\/strong><\/p>\n\n\n\n<p>Les&nbsp;<strong>location de magn\u00e9toth\u00e9rapie biocompatible combin\u00e9e fauteuil roulant + PEMF<\/strong>&nbsp;est une solution compl\u00e8te pour les patients qui ont besoin&nbsp;<strong>supporto alla mobilit\u00e0 temporaneo o prolungato<\/strong>, associ\u00e9 \u00e0 un&nbsp;<strong>traitement th\u00e9rapeutique visant \u00e0 r\u00e9duire la douleur et \u00e0 r\u00e9g\u00e9n\u00e9rer les tissus<\/strong>.<\/p>\n\n\n\n<p>Questa combinazione \u00e8 particolarmente indicata durante percorsi di&nbsp;<strong>post-traumatique, r\u00e9\u00e9ducation post-op\u00e9ratoire ou en pr\u00e9sence de pathologies ost\u00e9o-articulaires<\/strong>, consentendo al paziente di mantenere autonomia, sicurezza e continuit\u00e0 terapeutica.<\/p>\n\n\n\n<h3 class=\"wp-block-heading\" id=\"h-a-chi-e-indicato-il-noleggio-combinato-di-carrozzina-magnetoterapia-cemp-biocompatibile\"><strong>A chi \u00e8 indicato il noleggio combinato di Carrozzina + Magnetoterapia CEMP Biocompatibile<\/strong><\/h3>\n\n\n\n<p>Il pacchetto \u00e8 indicato per:<\/p>\n\n\n\n<ul class=\"wp-block-list\">\n<li>pazienti con difficolt\u00e0 temporanee o permanenti nella deambulazione<\/li>\n\n\n\n<li>les personnes en convalescence postop\u00e9ratoire<\/li>\n\n\n\n<li>les personnes qui se remettent d'un traumatisme ou d'une fracture<\/li>\n\n\n\n<li>pazienti anziani con ridotta mobilit\u00e0<\/li>\n\n\n\n<li>les situations de r\u00e9habilitation du domicile<\/li>\n\n\n\n<li>necessit\u00e0 di prevenzione dell\u2019affaticamento articolare<\/li>\n<\/ul>\n\n\n\n<p>L\u2019obiettivo \u00e8&nbsp;<strong>faciliter les d\u00e9placements quotidiens<\/strong>&nbsp;et en m\u00eame temps,&nbsp;<strong>favoriser le r\u00e9tablissement clinique<\/strong>&nbsp;gr\u00e2ce \u00e0 une th\u00e9rapie physique cibl\u00e9e.<\/p>\n\n\n\n<h3 class=\"wp-block-heading\" id=\"h-in-cosa-consiste-il-noleggio-combinato-di-magnetoterapia-e-carrozzina\"><strong>En quoi consiste l'embauche combin\u00e9e ?<\/strong> de la MAGNETOTHERAPIE et du Fauteuil roulant <\/h3>\n\n\n\n<p>Le paquet comprend<\/p>\n\n\n\n<ul class=\"wp-block-list\">\n<li>fauteuil roulant s\u00e9lectionn\u00e9 en fonction des besoins du patient<\/li>\n\n\n\n<li>appareil professionnel de magn\u00e9toth\u00e9rapie biocompatible PEMF<\/li>\n\n\n\n<li>l'assistance technique<\/li>\n\n\n\n<li>consulenza per la scelta del modello pi\u00f9 idoneo<\/li>\n<\/ul>\n\n\n\n<h4 class=\"wp-block-heading\" id=\"h-carrozzina-per-mobilita-assistita\"><strong><a href=\"https:\/\/www.miamedicalitalia.it\/fr\/categoria\/affitto-e-noleggio-ausili\/affitto-e-noleggio-carrozzina\/\">Carrozzina per mobilit\u00e0 assistita<\/a><\/strong><\/h4>\n\n\n\n<p>Le fauteuil roulant permet au patient de&nbsp;<strong>des trajets courts et quotidiens en toute s\u00e9curit\u00e9<\/strong>, \u00e9viter les surcharges articulaires, les chutes et la fatigue.<\/p>\n\n\n\n<p>\u00c8 uno strumento fondamentale per mantenere:<\/p>\n\n\n\n<ul class=\"wp-block-list\">\n<li>l'autonomie dans les d\u00e9placements internes<\/li>\n\n\n\n<li>possibilit\u00e0 di uscire in sicurezza<\/li>\n\n\n\n<li>continuit\u00e0 delle relazioni sociali<\/li>\n\n\n\n<li>qualit\u00e0 della vita durante la riabilitazione<\/li>\n<\/ul>\n\n\n\n<p>Le mod\u00e8le est s\u00e9lectionn\u00e9 en tenant compte<\/p>\n\n\n\n<ul class=\"wp-block-list\">\n<li>tableau clinique<\/li>\n\n\n\n<li>construction du patient<\/li>\n\n\n\n<li>le niveau d'autonomie<\/li>\n\n\n\n<li>environnement domestique<\/li>\n\n\n\n<li>necessit\u00e0 di assistenza<\/li>\n<\/ul>\n\n\n\n<h4 class=\"wp-block-heading\" id=\"h-tipologie-di-carrozzine-disponibili-a-noleggio\"><strong>Types de fauteuils roulants disponibles \u00e0 la location<\/strong><\/h4>\n\n\n\n<p>Mia Medical Italia propose diff\u00e9rents types de fauteuils roulants pour r\u00e9pondre \u00e0 tous les sc\u00e9narios cliniques et de vie.<\/p>\n\n\n\n<p>Mod\u00e8les disponibles :<\/p>\n\n\n\n<ul class=\"wp-block-list\">\n<li>fauteuil roulant pliant autopropuls\u00e9<\/li>\n\n\n\n<li>fauteuil roulant pliant de transport en commun<\/li>\n\n\n\n<li>fauteuil roulant inclinable<\/li>\n\n\n\n<li>fauteuil roulant bariatrique<\/li>\n\n\n\n<li>fauteuil roulant p\u00e9diatrique pliant<\/li>\n<\/ul>\n\n\n\n<p>Le choix est toujours fait avec le soutien de notre \u00e9quipe, afin de garantir&nbsp;<strong>s\u00e9curit\u00e9, confort et ergonomie maximums<\/strong>.<\/p>\n\n\n\n<h4 class=\"wp-block-heading\" id=\"h-magnetoterapia-cemp-biocompatibile\"><strong><a href=\"https:\/\/www.miamedicalitalia.it\/fr\/categoria\/affitto-e-noleggio-ausili\/affitto-noleggio-magnetoterapia-cemp\/\">Magn\u00e9toth\u00e9rapie PEMF biocompatible<\/a><\/strong><\/h4>\n\n\n\n<p>La magnetoterapia CEMP (Campi ElettroMagnetici Pulsati) \u00e8 una terapia fisica non invasiva che utilizza campi magnetici a bassa frequenza per stimolare i naturali processi biologici di recupero dell\u2019organismo.<\/p>\n\n\n\n<p><strong>Meccanismo d\u2019azione<\/strong><\/p>\n\n\n\n<p>Le champ magn\u00e9tique puls\u00e9 agit sur les tissus biologiques en favorisant :<\/p>\n\n\n\n<ul class=\"wp-block-list\">\n<li>r\u00e9activation du m\u00e9tabolisme cellulaire<\/li>\n\n\n\n<li>am\u00e9lioration de l'\u00e9change d'ions<\/li>\n\n\n\n<li>incremento dell\u2019ossigenazione tissutale<\/li>\n\n\n\n<li>stimulation des processus de r\u00e9g\u00e9n\u00e9ration osseuse<\/li>\n<\/ul>\n\n\n\n<p>Cela permet \u00e0 un&nbsp;<strong>l'acc\u00e9l\u00e9ration des d\u00e9lais de r\u00e9cup\u00e9ration<\/strong>&nbsp;en pr\u00e9sence de pathologies traumatiques ou d\u00e9g\u00e9n\u00e9ratives.<\/p>\n\n\n\n<p><strong>B\u00e9n\u00e9fices cliniques de la magn\u00e9toth\u00e9rapie<\/strong><\/p>\n\n\n\n<ul class=\"wp-block-list\">\n<li>riduzione dell\u2019infiammazione<\/li>\n\n\n\n<li>stimulation de la r\u00e9g\u00e9n\u00e9ration osseuse<\/li>\n\n\n\n<li>am\u00e9lioration du trophisme des tissus<\/li>\n\n\n\n<li>r\u00e9duction de la douleur<\/li>\n\n\n\n<li>aide \u00e0 la r\u00e9adaptation<\/li>\n<\/ul>\n\n\n\n<p>\u00c8 particolarmente indicata in caso di:<\/p>\n\n\n\n<ul class=\"wp-block-list\">\n<li>fractures<\/li>\n\n\n\n<li>des retards dans la consolidation osseuse<\/li>\n\n\n\n<li>arthrose<\/li>\n\n\n\n<li>inflammations chroniques<\/li>\n\n\n\n<li>oedemas<\/li>\n\n\n\n<li>les pathologies musculo-squelettiques<\/li>\n<\/ul>\n\n\n\n<p><strong>Contre-indications de la magn\u00e9toth\u00e9rapie<\/strong><\/p>\n\n\n\n<p>La magnetoterapia \u00e8 generalmente ben tollerata, tuttavia \u00e8 controindicata in presenza di:<\/p>\n\n\n\n<ul class=\"wp-block-list\">\n<li>stimulateurs cardiaques ou dispositifs \u00e9lectroniques implant\u00e9s<\/li>\n\n\n\n<li>pathologies tumorales actives<\/li>\n\n\n\n<li>la grossesse (par pr\u00e9caution)<\/li>\n<\/ul>\n\n\n\n<p>\u00c8 sempre necessario attenersi alle indicazioni del medico curante e alle istruzioni del dispositivo.<\/p>\n\n\n\n<h3 class=\"wp-block-heading\" id=\"h-perche-scegliere-il-noleggio-combinato-di-carrozzina-e-magnetoterapia-nbsp\"><strong>Perch\u00e9 scegliere il noleggio combinato di Carrozzina e Magnetoterapia&nbsp;<\/strong><\/h3>\n\n\n\n<p>La location du fauteuil roulant + magn\u00e9toth\u00e9rapie du CEMP permet :<\/p>\n\n\n\n<ul class=\"wp-block-list\">\n<li>supportare la mobilit\u00e0 in sicurezza<\/li>\n\n\n\n<li>r\u00e9duire la douleur et l'inflammation<\/li>\n\n\n\n<li>favoriser la r\u00e9g\u00e9n\u00e9ration des tissus<\/li>\n\n\n\n<li>evitare l\u2019acquisto di ausili costosi<\/li>\n\n\n\n<li>adapter la dur\u00e9e de l'embauche aux besoins cliniques r\u00e9els<\/li>\n<\/ul>\n\n\n\n<p>\u00c8 una soluzione completa per accompagnare il paziente durante tutto il percorso riabilitativo.<\/p>\n\n\n\n<h4 class=\"wp-block-heading\" id=\"h-consegna-ritiro-e-condizioni\"><strong>Livraison, collecte et conditions<\/strong><\/h4>\n\n\n\n<ul class=\"wp-block-list\">\n<li>Consegna a Roma e Firenze a partire da 30 \u20ac<\/li>\n\n\n\n<li>Livraison gratuite pour les locations \u00e0 partir de 45 jours<\/li>\n\n\n\n<li>Aucun d\u00e9p\u00f4t n'est requis<\/li>\n\n\n\n<li>Livraison et enl\u00e8vement gratuits \u00e0 l'entrep\u00f4t<\/li>\n<\/ul>\n\n\n\n<p>La consegna viene effettuata entro 48 ore dalla chiamata, salvo disponibilit\u00e0.<\/p>\n\n\n\n<p><strong>Assistance et conseils<\/strong><\/p>\n\n\n\n<p>La location s'accompagne<\/p>\n\n\n\n<ul class=\"wp-block-list\">\n<li>istruzioni complete all\u2019utilizzo<\/li>\n\n\n\n<li>l'aide au choix d'un fauteuil roulant<\/li>\n\n\n\n<li>l'assistance technique pendant la p\u00e9riode de location<\/li>\n<\/ul>\n\n\n\n<p>Il nostro personale specializzato accompagna il paziente in ogni fase, garantendo sicurezza, chiarezza e continuit\u00e0 terapeutica.<\/p>\n\n\n\n<h3 class=\"wp-block-heading\" id=\"h-perche-scegliere-mia-medical-italia\"><strong>Pourquoi choisir Mia Medical Italia ?<\/strong><\/h3>\n\n\n\n<ul class=\"wp-block-list\">\n<li>appareils professionnels certifi\u00e9s<\/li>\n\n\n\n<li>conseil personnalis\u00e9<\/li>\n\n\n\n<li>techniciens sp\u00e9cialis\u00e9s<\/li>\n\n\n\n<li>embauches flexibles<\/li>\n\n\n\n<li>pas de caution<\/li>\n\n\n\n<li>assistance continue<\/li>\n<\/ul>\n\n\n\n<p>Mia Medical Italia \u00e8 al fianco del paziente e della famiglia in ogni fase del percorso di cura domiciliare.<\/p>\n\n\n\n<p>Per informazioni, disponibilit\u00e0 e consulenza personalizzata \u00e8 possibile contattare il numero\u00a0<strong><a href=\"https:\/\/wa.me\/393926509237\">+39 392 6509237<\/a><\/strong>\u00a0o scriverci su WhatsApp. Il nostro team \u00e8 sempre disponibile per individuare la soluzione pi\u00f9 adatta alle tue esigenze.<\/p>","protected":false},"excerpt":{"rendered":"<div style=\"font-family: Arial, sans-serif; background-color: #234091; padding: 30px; border-radius: 25px; max-width: 600px; color: #ffffff; position: relative; border-top: 6px solid #2498fe;\">\n<h3 style=\"color: #ffffff; margin-top: 0;\">Fauteuil roulant compatible Cemp BIO + Magn\u00e9toth\u00e9rapie<\/h3>\n<p>Livraison \u00e0 Rome et Florence \u00e0 partir de 30\u20ac.<\/p>\n<p><strong>Livraison gratuite pour les locations de 45 jours !<\/strong><\/p>\n<p><strong>Aucun d\u00e9p\u00f4t n'est requis.<\/strong><\/p>\n<p><strong>La livraison et l'enl\u00e8vement \u00e0 l'entrep\u00f4t sont GRATUITS !<\/strong><\/p>\n<\/div>\n<p><!-- Linea bianca sotto --><\/p>\n<div style=\"height: 6px; background-color: #ffffff; max-width: 600px;\">\u00a0<\/div>","protected":false},"featured_media":12461,"template":"","meta":{"_acf_changed":false},"home-category":[262],"product_brand":[],"product_cat":[260,68,224],"product_tag":[],"woo-feed-brand":[],"class_list":{"0":"post-9461","1":"product","2":"type-product","3":"status-publish","4":"has-post-thumbnail","6":"home-category-elettromedicali","7":"product_cat-affitto-e-noleggio-ausili","8":"product_cat-affitto-e-noleggio-carrozzina","9":"product_cat-affitto-noleggio-magnetoterapia-cemp","10":"wcpa_has_options","12":"first","13":"instock","14":"shipping-taxable","15":"purchasable","16":"product-type-variable"},"acf":[],"yoast_head":"<!-- This site is optimized with the Yoast SEO Premium plugin v27.5 (Yoast SEO v27.5) - https:\/\/yoast.com\/product\/yoast-seo-premium-wordpress\/ -->\n<title>Noleggio Magnetoterapia + Carrozzina - Mia Medical<\/title>\n<meta name=\"description\" content=\"Noleggio combinato della carrozzina e della magnetoterapia Cemp. Combo perfetto per la riabilitazione a casa tua, prezzi bassi. Prenota online!\" \/>\n<meta name=\"robots\" content=\"index, follow, max-snippet:-1, max-image-preview:large, max-video-preview:-1\" \/>\n<link rel=\"canonical\" href=\"https:\/\/www.miamedicalitalia.it\/fr\/produit\/noleggio-e-affitto-della-magnetoterapia-e-della-carrozzina\/\" \/>\n<meta property=\"og:locale\" content=\"fr_FR\" \/>\n<meta property=\"og:type\" content=\"article\" \/>\n<meta property=\"og:title\" content=\"Noleggio Magnetoterapia + Carrozzina - Mia Medical\" \/>\n<meta property=\"og:description\" content=\"Noleggio combinato della carrozzina e della magnetoterapia Cemp. Combo perfetto per la riabilitazione a casa tua, prezzi bassi. Prenota online!\" \/>\n<meta property=\"og:url\" content=\"https:\/\/www.miamedicalitalia.it\/fr\/produit\/noleggio-e-affitto-della-magnetoterapia-e-della-carrozzina\/\" \/>\n<meta property=\"og:site_name\" content=\"Mia Medical\" \/>\n<meta property=\"article:publisher\" content=\"https:\/\/www.facebook.com\/miamedicalitalia\" \/>\n<meta property=\"article:modified_time\" content=\"2026-02-12T10:36:24+00:00\" \/>\n<meta property=\"og:image\" content=\"https:\/\/www.miamedicalitalia.it\/wp-content\/uploads\/2023\/02\/Blank-2-Grids-Collage.jpg\" \/>\n\t<meta property=\"og:image:width\" content=\"1000\" \/>\n\t<meta property=\"og:image:height\" content=\"1000\" \/>\n\t<meta property=\"og:image:type\" content=\"image\/jpeg\" \/>\n<meta name=\"twitter:card\" content=\"summary_large_image\" \/>\n<meta name=\"twitter:label1\" content=\"Dur\u00e9e de lecture estim\u00e9e\" \/>\n\t<meta name=\"twitter:data1\" content=\"3 minutes\" \/>\n<script type=\"application\/ld+json\" class=\"yoast-schema-graph\">{\"@context\":\"https:\\\/\\\/schema.org\",\"@graph\":[{\"@type\":\"WebPage\",\"@id\":\"https:\\\/\\\/www.miamedicalitalia.it\\\/prodotto\\\/noleggio-e-affitto-della-magnetoterapia-e-della-carrozzina\\\/\",\"url\":\"https:\\\/\\\/www.miamedicalitalia.it\\\/prodotto\\\/noleggio-e-affitto-della-magnetoterapia-e-della-carrozzina\\\/\",\"name\":\"Noleggio Magnetoterapia + Carrozzina - Mia Medical\",\"isPartOf\":{\"@id\":\"https:\\\/\\\/www.miamedicalitalia.it\\\/#website\"},\"primaryImageOfPage\":{\"@id\":\"https:\\\/\\\/www.miamedicalitalia.it\\\/prodotto\\\/noleggio-e-affitto-della-magnetoterapia-e-della-carrozzina\\\/#primaryimage\"},\"image\":{\"@id\":\"https:\\\/\\\/www.miamedicalitalia.it\\\/prodotto\\\/noleggio-e-affitto-della-magnetoterapia-e-della-carrozzina\\\/#primaryimage\"},\"thumbnailUrl\":\"https:\\\/\\\/www.miamedicalitalia.it\\\/wp-content\\\/uploads\\\/2023\\\/02\\\/Blank-2-Grids-Collage.jpg\",\"datePublished\":\"2023-02-07T13:41:16+00:00\",\"dateModified\":\"2026-02-12T10:36:24+00:00\",\"description\":\"Noleggio combinato della carrozzina e della magnetoterapia Cemp. Combo perfetto per la riabilitazione a casa tua, prezzi bassi. Prenota online!\",\"breadcrumb\":{\"@id\":\"https:\\\/\\\/www.miamedicalitalia.it\\\/prodotto\\\/noleggio-e-affitto-della-magnetoterapia-e-della-carrozzina\\\/#breadcrumb\"},\"inLanguage\":\"fr-FR\",\"potentialAction\":[{\"@type\":\"ReadAction\",\"target\":[\"https:\\\/\\\/www.miamedicalitalia.it\\\/prodotto\\\/noleggio-e-affitto-della-magnetoterapia-e-della-carrozzina\\\/\"]}]},{\"@type\":\"ImageObject\",\"inLanguage\":\"fr-FR\",\"@id\":\"https:\\\/\\\/www.miamedicalitalia.it\\\/prodotto\\\/noleggio-e-affitto-della-magnetoterapia-e-della-carrozzina\\\/#primaryimage\",\"url\":\"https:\\\/\\\/www.miamedicalitalia.it\\\/wp-content\\\/uploads\\\/2023\\\/02\\\/Blank-2-Grids-Collage.jpg\",\"contentUrl\":\"https:\\\/\\\/www.miamedicalitalia.it\\\/wp-content\\\/uploads\\\/2023\\\/02\\\/Blank-2-Grids-Collage.jpg\",\"width\":1000,\"height\":1000,\"caption\":\"COMBO CARROZZINA + MAGNETOTERAPIA\"},{\"@type\":\"BreadcrumbList\",\"@id\":\"https:\\\/\\\/www.miamedicalitalia.it\\\/prodotto\\\/noleggio-e-affitto-della-magnetoterapia-e-della-carrozzina\\\/#breadcrumb\",\"itemListElement\":[{\"@type\":\"ListItem\",\"position\":1,\"name\":\"Home\",\"item\":\"https:\\\/\\\/www.miamedicalitalia.it\\\/\"},{\"@type\":\"ListItem\",\"position\":2,\"name\":\"Shop\",\"item\":\"https:\\\/\\\/www.miamedicalitalia.it\\\/negozio\\\/\"},{\"@type\":\"ListItem\",\"position\":3,\"name\":\"Affitto e noleggio\",\"item\":\"https:\\\/\\\/www.miamedicalitalia.it\\\/categoria\\\/affitto-e-noleggio-ausili\\\/\"},{\"@type\":\"ListItem\",\"position\":4,\"name\":\"Noleggio Magnetoterapia + Carrozzina\"}]},{\"@type\":\"WebSite\",\"@id\":\"https:\\\/\\\/www.miamedicalitalia.it\\\/#website\",\"url\":\"https:\\\/\\\/www.miamedicalitalia.it\\\/\",\"name\":\"www.miamedicalitalia.it\",\"description\":\"Noleggio e Vendita Attrezzatura Sanitarie\",\"publisher\":{\"@id\":\"https:\\\/\\\/www.miamedicalitalia.it\\\/#organization\"},\"potentialAction\":[{\"@type\":\"SearchAction\",\"target\":{\"@type\":\"EntryPoint\",\"urlTemplate\":\"https:\\\/\\\/www.miamedicalitalia.it\\\/?s={search_term_string}\"},\"query-input\":{\"@type\":\"PropertyValueSpecification\",\"valueRequired\":true,\"valueName\":\"search_term_string\"}}],\"inLanguage\":\"fr-FR\"},{\"@type\":\"Organization\",\"@id\":\"https:\\\/\\\/www.miamedicalitalia.it\\\/#organization\",\"name\":\"OLG\",\"url\":\"https:\\\/\\\/www.miamedicalitalia.it\\\/\",\"logo\":{\"@type\":\"ImageObject\",\"inLanguage\":\"fr-FR\",\"@id\":\"https:\\\/\\\/www.miamedicalitalia.it\\\/#\\\/schema\\\/logo\\\/image\\\/\",\"url\":\"https:\\\/\\\/www.miamedicalitalia.it\\\/wp-content\\\/uploads\\\/2023\\\/04\\\/mia-medical-logo-free.png\",\"contentUrl\":\"https:\\\/\\\/www.miamedicalitalia.it\\\/wp-content\\\/uploads\\\/2023\\\/04\\\/mia-medical-logo-free.png\",\"width\":700,\"height\":700,\"caption\":\"OLG\"},\"image\":{\"@id\":\"https:\\\/\\\/www.miamedicalitalia.it\\\/#\\\/schema\\\/logo\\\/image\\\/\"},\"sameAs\":[\"https:\\\/\\\/www.facebook.com\\\/miamedicalitalia\"]}]}<\/script>\n<!-- \/ Yoast SEO Premium plugin. -->","yoast_head_json":{"title":"Location d'appareils de magn\u00e9toth\u00e9rapie + fauteuil roulant - Mia Medical","description":"Location combin\u00e9e du fauteuil roulant et de l'appareil de magn\u00e9toth\u00e9rapie Cemp. La combinaison parfaite pour votre r\u00e9\u00e9ducation \u00e0 domicile, \u00e0 petit prix. R\u00e9servez en ligne !","robots":{"index":"index","follow":"follow","max-snippet":"max-snippet:-1","max-image-preview":"max-image-preview:large","max-video-preview":"max-video-preview:-1"},"canonical":"https:\/\/www.miamedicalitalia.it\/fr\/produit\/noleggio-e-affitto-della-magnetoterapia-e-della-carrozzina\/","og_locale":"fr_FR","og_type":"article","og_title":"Noleggio Magnetoterapia + Carrozzina - Mia Medical","og_description":"Noleggio combinato della carrozzina e della magnetoterapia Cemp. Combo perfetto per la riabilitazione a casa tua, prezzi bassi. Prenota online!","og_url":"https:\/\/www.miamedicalitalia.it\/fr\/produit\/noleggio-e-affitto-della-magnetoterapia-e-della-carrozzina\/","og_site_name":"Mia Medical","article_publisher":"https:\/\/www.facebook.com\/miamedicalitalia","article_modified_time":"2026-02-12T10:36:24+00:00","og_image":[{"width":1000,"height":1000,"url":"https:\/\/www.miamedicalitalia.it\/wp-content\/uploads\/2023\/02\/Blank-2-Grids-Collage.jpg","type":"image\/jpeg"}],"twitter_card":"summary_large_image","twitter_misc":{"Dur\u00e9e de lecture estim\u00e9e":"3 minutes"},"schema":{"@context":"https:\/\/schema.org","@graph":[{"@type":"WebPage","@id":"https:\/\/www.miamedicalitalia.it\/prodotto\/noleggio-e-affitto-della-magnetoterapia-e-della-carrozzina\/","url":"https:\/\/www.miamedicalitalia.it\/prodotto\/noleggio-e-affitto-della-magnetoterapia-e-della-carrozzina\/","name":"Location d'appareils de magn\u00e9toth\u00e9rapie + fauteuil roulant - Mia Medical","isPartOf":{"@id":"https:\/\/www.miamedicalitalia.it\/#website"},"primaryImageOfPage":{"@id":"https:\/\/www.miamedicalitalia.it\/prodotto\/noleggio-e-affitto-della-magnetoterapia-e-della-carrozzina\/#primaryimage"},"image":{"@id":"https:\/\/www.miamedicalitalia.it\/prodotto\/noleggio-e-affitto-della-magnetoterapia-e-della-carrozzina\/#primaryimage"},"thumbnailUrl":"https:\/\/www.miamedicalitalia.it\/wp-content\/uploads\/2023\/02\/Blank-2-Grids-Collage.jpg","datePublished":"2023-02-07T13:41:16+00:00","dateModified":"2026-02-12T10:36:24+00:00","description":"Location combin\u00e9e du fauteuil roulant et de l'appareil de magn\u00e9toth\u00e9rapie Cemp. La combinaison parfaite pour votre r\u00e9\u00e9ducation \u00e0 domicile, \u00e0 petit prix. R\u00e9servez en ligne !","breadcrumb":{"@id":"https:\/\/www.miamedicalitalia.it\/prodotto\/noleggio-e-affitto-della-magnetoterapia-e-della-carrozzina\/#breadcrumb"},"inLanguage":"fr-FR","potentialAction":[{"@type":"ReadAction","target":["https:\/\/www.miamedicalitalia.it\/prodotto\/noleggio-e-affitto-della-magnetoterapia-e-della-carrozzina\/"]}]},{"@type":"ImageObject","inLanguage":"fr-FR","@id":"https:\/\/www.miamedicalitalia.it\/prodotto\/noleggio-e-affitto-della-magnetoterapia-e-della-carrozzina\/#primaryimage","url":"https:\/\/www.miamedicalitalia.it\/wp-content\/uploads\/2023\/02\/Blank-2-Grids-Collage.jpg","contentUrl":"https:\/\/www.miamedicalitalia.it\/wp-content\/uploads\/2023\/02\/Blank-2-Grids-Collage.jpg","width":1000,"height":1000,"caption":"COMBO CARROZZINA + MAGNETOTERAPIA"},{"@type":"BreadcrumbList","@id":"https:\/\/www.miamedicalitalia.it\/prodotto\/noleggio-e-affitto-della-magnetoterapia-e-della-carrozzina\/#breadcrumb","itemListElement":[{"@type":"ListItem","position":1,"name":"Home","item":"https:\/\/www.miamedicalitalia.it\/"},{"@type":"ListItem","position":2,"name":"Shop","item":"https:\/\/www.miamedicalitalia.it\/negozio\/"},{"@type":"ListItem","position":3,"name":"Affitto e noleggio","item":"https:\/\/www.miamedicalitalia.it\/categoria\/affitto-e-noleggio-ausili\/"},{"@type":"ListItem","position":4,"name":"Noleggio Magnetoterapia + Carrozzina"}]},{"@type":"WebSite","@id":"https:\/\/www.miamedicalitalia.it\/#website","url":"https:\/\/www.miamedicalitalia.it\/","name":"www.miamedicalitalia.it","description":"Location et vente d'\u00e9quipements sanitaires","publisher":{"@id":"https:\/\/www.miamedicalitalia.it\/#organization"},"potentialAction":[{"@type":"SearchAction","target":{"@type":"EntryPoint","urlTemplate":"https:\/\/www.miamedicalitalia.it\/?s={search_term_string}"},"query-input":{"@type":"PropertyValueSpecification","valueRequired":true,"valueName":"search_term_string"}}],"inLanguage":"fr-FR"},{"@type":"Organization","@id":"https:\/\/www.miamedicalitalia.it\/#organization","name":"OLG","url":"https:\/\/www.miamedicalitalia.it\/","logo":{"@type":"ImageObject","inLanguage":"fr-FR","@id":"https:\/\/www.miamedicalitalia.it\/#\/schema\/logo\/image\/","url":"https:\/\/www.miamedicalitalia.it\/wp-content\/uploads\/2023\/04\/mia-medical-logo-free.png","contentUrl":"https:\/\/www.miamedicalitalia.it\/wp-content\/uploads\/2023\/04\/mia-medical-logo-free.png","width":700,"height":700,"caption":"OLG"},"image":{"@id":"https:\/\/www.miamedicalitalia.it\/#\/schema\/logo\/image\/"},"sameAs":["https:\/\/www.facebook.com\/miamedicalitalia"]}]}},"wcpa_form_fields":{"wcpaData":{"product":{"product_price":100,"price_html":"<span class=\"woocommerce-Price-amount amount\" aria-hidden=\"true\"><bdi><span class=\"woocommerce-Price-currencySymbol\">&euro;<\/span>100.00<\/bdi><\/span> <span aria-hidden=\"true\">\u00a0\u2013\u00a0<\/span> <span class=\"woocommerce-Price-amount amount\" aria-hidden=\"true\"><bdi><span class=\"woocommerce-Price-currencySymbol\">&euro;<\/span>210.00<\/bdi><\/span><span class=\"screen-reader-text\">Plage de prix\u00a0: &euro;100.00 \u00e0 &euro;210.00<\/span>","original_product_price":100,"price_including_tax":100,"price_excluding_tax":100,"product_id":{"parent":9461,"variation":false},"is_variable":true,"stock_status":"instock","stock_quantity":null,"parent_sku":"","product_attributes":{"quanto-costa":{"is_variation":true,"values":[]}},"custom_fields":[],"is_taxable":false,"product_name":"Noleggio Magnetoterapia + Carrozzina","hasImage":false},"fields":{"sec_565f165582eb8c":{"extra":{"key":"sec_565f165582eb8c","section_id":"sec_565f165582eb8c","name":"Predefinito","status":1,"toggle":true,"form_id":12050,"form_rules":{"exclude_from_discount":false,"fee_label":"Taxa","disp_hide_options_price":false,"disp_show_section_price":false,"disp_show_field_price":true,"layout_option":"standard","pric_use_as_fee":false,"process_fee_as":"woo_fee"},"layout_option":"standard"},"fields":[[{"active":true,"col":6,"relations":false,"cl_rule":"show","enableCl":false,"price":"","enablePrice":false,"className":"input-text","type":"date","required":true,"elementId":"date_3189538061","name":"date_3189538061","label":"A partire dal giorno:","picker_type":"custom","picker_mode":"single","error":false,"description":"Inserisci la data di inizio del noleggio","gt_translate_keys":["label","description"],"price_dependency":false,"cl_dependency":false,"value":""}]]}},"config":{"price_override":"","enable_recaptcha":false,"bind_quantity":false,"quantity_bind_formula":false,"disp_summ_show_option_price":true,"disp_summ_show_product_price":true,"disp_summ_show_total_price":true,"disp_summ_show_fee":false,"disp_summ_show_discount":false,"summary_title":"","options_total_label":"Op\u00e7\u00f5es Pre\u00e7o","total_label":"Total","options_product_label":"Pre\u00e7o do produto","fee_label":"Taxa","discount_label":"Desconto","has_price":true,"has_quantity_formula":false},"mc_unit":1,"tax_rate":1,"tax_rate_real":1,"discount":{"percentage":0,"fixed":0},"design":{"conf":{"LabelPosition":"above","DescPosition":"below","UploadField":"custom_1","QuantityFieldStyle":"default"},"css":{"LeftLabelWidth":"50px"}},"formulas":[],"lookuptables":[],"clones":false,"cartKey":false}},"_links":{"self":[{"href":"https:\/\/www.miamedicalitalia.it\/fr\/wp-json\/wp\/v2\/product\/9461","targetHints":{"allow":["GET"]}}],"collection":[{"href":"https:\/\/www.miamedicalitalia.it\/fr\/wp-json\/wp\/v2\/product"}],"about":[{"href":"https:\/\/www.miamedicalitalia.it\/fr\/wp-json\/wp\/v2\/types\/product"}],"wp:featuredmedia":[{"embeddable":true,"href":"https:\/\/www.miamedicalitalia.it\/fr\/wp-json\/wp\/v2\/media\/12461"}],"wp:attachment":[{"href":"https:\/\/www.miamedicalitalia.it\/fr\/wp-json\/wp\/v2\/media?parent=9461"}],"wp:term":[{"taxonomy":"home-category","embeddable":true,"href":"https:\/\/www.miamedicalitalia.it\/fr\/wp-json\/wp\/v2\/home-category?post=9461"},{"taxonomy":"product_brand","embeddable":true,"href":"https:\/\/www.miamedicalitalia.it\/fr\/wp-json\/wp\/v2\/product_brand?post=9461"},{"taxonomy":"product_cat","embeddable":true,"href":"https:\/\/www.miamedicalitalia.it\/fr\/wp-json\/wp\/v2\/product_cat?post=9461"},{"taxonomy":"product_tag","embeddable":true,"href":"https:\/\/www.miamedicalitalia.it\/fr\/wp-json\/wp\/v2\/product_tag?post=9461"},{"taxonomy":"woo-feed-brand","embeddable":true,"href":"https:\/\/www.miamedicalitalia.it\/fr\/wp-json\/wp\/v2\/woo-feed-brand?post=9461"}],"curies":[{"name":"wp","href":"https:\/\/api.w.org\/{rel}","templated":true}]}}