{"id":9079,"date":"2022-12-21T17:15:31","date_gmt":"2022-12-21T16:15:31","guid":{"rendered":"https:\/\/www.miamedicalitalia.it\/?post_type=product&#038;p=9079"},"modified":"2026-02-12T16:53:26","modified_gmt":"2026-02-12T14:53:26","slug":"affitto-carrozzina-pieghevole-ad-autospinta-spedizioni-in-tutta-italia","status":"publish","type":"product","link":"https:\/\/www.miamedicalitalia.it\/fr\/produit\/affitto-carrozzina-pieghevole-ad-autospinta-spedizioni-in-tutta-italia\/","title":{"rendered":"Location d'un fauteuil roulant pliant autopropuls\u00e9"},"content":{"rendered":"<p>La location du fauteuil roulant pliant autopropuls\u00e9 est de <strong>indispensable<\/strong> pour les personnes handicap\u00e9es, les personnes \u00e2g\u00e9es, les personnes \u00e0 mobilit\u00e9 r\u00e9duite ou les personnes ayant besoin d'une r\u00e9\u00e9ducation.<\/p>\n\n\n\n<p>Le fauteuil roulant est livr\u00e9 avec le <strong>podiums<\/strong> pour les pieds et <strong>accoudoirs<\/strong>. Les deux peuvent \u00eatre facilement enlev\u00e9s \u00e0 tout moment. Lors de la livraison, un <strong>notre technicien<\/strong> vous montrera comment plier et d\u00e9plier le fauteuil roulant et comment monter et d\u00e9monter les accoudoirs et les repose-pieds. En outre, le fauteuil roulant est \u00e9quip\u00e9 de deux <strong>freins<\/strong> afin de bloquer les roues.<\/p>\n\n\n\n<p>Doit-il avoir une <strong>craie<\/strong> ou la n\u00e9cessit\u00e9 de tenir la jambe <strong>soulev\u00e9e<\/strong> Il suffit de nous en informer. La location de l'\u00e9l\u00e9vateur est de <strong>GRATUIT<\/strong>!<\/p>\n\n\n\n<p>Ces fauteuils roulants sont tr\u00e8s <strong>lire<\/strong> e <strong>pliable<\/strong>mais en m\u00eame temps tr\u00e8s robustes. Ils peuvent transporter un patient pesant au maximum 130 kg. Nous pouvons \u00e9galement vous fournir un fauteuil roulant sp\u00e9cialement con\u00e7u pour les patients qui <em><strong><a href=\"https:\/\/www.miamedicalitalia.it\/fr\/produit\/noleggio-carrozzina-per-pazienti-obesi\/\">ont besoin d'un d\u00e9bit plus \u00e9lev\u00e9.\u00a0<\/a><\/strong><\/em><\/p>\n\n\n\n<p>Le patient passe <strong>beaucoup de temps dans le fauteuil roulant ?<\/strong> Pour pr\u00e9venir l'apparition de plaies, vous pouvez acheter le produit<a href=\"https:\/\/www.miamedicalitalia.it\/fr\/produit\/cuscino-antidecubito-in-fibra-cava-siliconata\/\"><em><strong> oreiller anti-escarre \u00e0 un prix qui vous est r\u00e9serv\u00e9<\/strong><\/em><\/a>!<\/p>\n\n\n\n<h3 class=\"wp-block-heading\" id=\"h-nbsp-dimensioni-carrozzina-pieghevole-ad-autospinta\">&nbsp;DIMENSIONS Fauteuil roulant pliant autopropuls\u00e9 :<\/h3>\n\n\n\n<p>Nous louons le fauteuil roulant pliant autopropuls\u00e9 en <strong>plusieurs sessions<\/strong>. Le plus petit est de 40 cm, jusqu'\u00e0 un maximum de 50 cm.<\/p>\n\n\n\n<p><strong>Le poids<\/strong> de la poussette peut varier en fonction de la taille du si\u00e8ge. La plus l\u00e9g\u00e8re p\u00e8se 14 kg, tandis que la plus grande p\u00e8se environ 18 kg.<\/p>\n\n\n\n<p>Les grandes roues sont essentielles pour un d\u00e9placement autonome<strong>.<\/strong> Ils diff\u00e8rent de la <a href=\"https:\/\/www.miamedicalitalia.it\/fr\/produit\/noleggio-carrozzina-pieghevole-da-transito\/\"><em>fauteuil roulant de transport en commun<\/em>o<\/a> par diam\u00e8tre et par position sur le cadre.<\/p>\n\n\n\n<p>Tous les appareils que nous louons sont enti\u00e8rement d\u00e9sinfect\u00e9s.<strong> Nettoyage et d\u00e9sinfection<\/strong> sont la base de notre travail.<\/p>\n\n\n\n<p>Les fauteuils roulants de M.I.A Medical Italia sont de la plus haute qualit\u00e9 et la location de fauteuils est possible.<strong> s\u00fbr, fonctionnel et garanti !&nbsp;<\/strong><\/p>\n\n\n\n<p>Nous louons en Toscane et dans le Latium, mais vous pouvez demander une location \u00e0 l'\u00e9tranger. <strong>exp\u00e9dition dans toute l'Italie.<\/strong><\/p>\n\n\n\n<p><strong>R\u00e9server en ligne<\/strong> location du fauteuil roulant pliant autopropuls\u00e9. Si vous pr\u00e9f\u00e9rez, vous pouvez nous contacter par t\u00e9l\u00e9phone\/via WhatsApp \u00e0 l'adresse suivante <strong>+393926509237 <\/strong>ou par courriel : <strong>amministrazione@miamedicalitalia.it<\/strong><\/p>\n\n\n\n<p><a href=\"https:\/\/www.facebook.com\/MIAMedicalitalia\/\"><em>Cliquez ici et d\u00e9couvrez notre page FACEBOOK<\/em><\/a><\/p>","protected":false},"excerpt":{"rendered":"<div style=\"font-family: Arial, sans-serif; background-color: #234091; padding: 30px; border-radius: 25px; max-width: 600px; color: #ffffff; position: relative; border-top: 6px solid #2498fe;\">\n<h3 style=\"color: #ffffff; margin-top: 0;\">Fauteuil roulant autopropuls\u00e9<\/h3>\n<p>Confortable et l\u00e9ger, facile \u00e0 charger dans la voiture.<\/p>\n<p>Fauteuil roulant avec si\u00e8ge et ch\u00e2ssis pliants pour un maximum de commodit\u00e9.<\/p>\n<p>Location pour 1 jour : 15\u20ac avec prise en charge sur place uniquement.<\/p>\n<p>Consegna e ritiro a domicilio a Roma e Firenze da 30\u20ac.<\/p>\n<\/div>\n<p><!-- Linea bianca sotto --><\/p>\n<div style=\"height: 6px; background-color: #ffffff; max-width: 600px;\">\u00a0<\/div>","protected":false},"featured_media":12209,"template":"","meta":{"_acf_changed":true},"home-category":[263],"product_brand":[],"product_cat":[68],"product_tag":[246,247,231,248],"woo-feed-brand":[],"class_list":{"0":"post-9079","1":"product","2":"type-product","3":"status-publish","4":"has-post-thumbnail","6":"home-category-ausili","7":"product_cat-affitto-e-noleggio-carrozzina","8":"product_tag-carrozzina-autospinta-italia","9":"product_tag-carrozzina-pieghevole","10":"product_tag-sedia-a-rotelle-firenze","11":"product_tag-sedia-a-rotelle-roma","12":"wcpa_has_options","14":"first","15":"instock","16":"shipping-taxable","17":"purchasable","18":"product-type-variable"},"acf":[],"yoast_head":"<!-- This site is optimized with the Yoast SEO Premium plugin v27.5 (Yoast SEO v27.5) - https:\/\/yoast.com\/product\/yoast-seo-premium-wordpress\/ -->\n<title>Affitto carrozzina pieghevole ad autospinta. Spedizioni in tutta Italia<\/title>\n<meta name=\"description\" content=\"Affitto carrozzina pieghevole ad autospinta. Molto leggera \u00e8 facile da caricare in macchina. Spedizioni in tutta Italia, ritiro GRATUITO in magazzino.\" \/>\n<meta name=\"robots\" content=\"index, follow, max-snippet:-1, max-image-preview:large, max-video-preview:-1\" \/>\n<link rel=\"canonical\" href=\"https:\/\/www.miamedicalitalia.it\/fr\/produit\/affitto-carrozzina-pieghevole-ad-autospinta-spedizioni-in-tutta-italia\/\" \/>\n<meta property=\"og:locale\" content=\"fr_FR\" \/>\n<meta property=\"og:type\" content=\"article\" \/>\n<meta property=\"og:title\" content=\"Affitto carrozzina pieghevole ad autospinta. Spedizioni in tutta Italia\" \/>\n<meta property=\"og:description\" content=\"Affitto carrozzina pieghevole ad autospinta. Molto leggera \u00e8 facile da caricare in macchina. Spedizioni in tutta Italia, ritiro GRATUITO in magazzino.\" \/>\n<meta property=\"og:url\" content=\"https:\/\/www.miamedicalitalia.it\/fr\/produit\/affitto-carrozzina-pieghevole-ad-autospinta-spedizioni-in-tutta-italia\/\" \/>\n<meta property=\"og:site_name\" content=\"Mia Medical\" \/>\n<meta property=\"article:publisher\" content=\"https:\/\/www.facebook.com\/miamedicalitalia\" \/>\n<meta property=\"article:modified_time\" content=\"2026-02-12T14:53:26+00:00\" \/>\n<meta property=\"og:image\" content=\"https:\/\/www.miamedicalitalia.it\/wp-content\/uploads\/2022\/12\/Carrozzina-ad-autospinta-pieghevole-150x150-1.jpg\" \/>\n\t<meta property=\"og:image:width\" content=\"1000\" \/>\n\t<meta property=\"og:image:height\" content=\"1000\" \/>\n\t<meta property=\"og:image:type\" content=\"image\/jpeg\" \/>\n<meta name=\"twitter:card\" content=\"summary_large_image\" \/>\n<meta name=\"twitter:label1\" content=\"Dur\u00e9e de lecture estim\u00e9e\" \/>\n\t<meta name=\"twitter:data1\" content=\"1 minute\" \/>\n<script type=\"application\/ld+json\" class=\"yoast-schema-graph\">{\"@context\":\"https:\\\/\\\/schema.org\",\"@graph\":[{\"@type\":\"WebPage\",\"@id\":\"https:\\\/\\\/www.miamedicalitalia.it\\\/prodotto\\\/affitto-carrozzina-pieghevole-ad-autospinta-spedizioni-in-tutta-italia\\\/\",\"url\":\"https:\\\/\\\/www.miamedicalitalia.it\\\/prodotto\\\/affitto-carrozzina-pieghevole-ad-autospinta-spedizioni-in-tutta-italia\\\/\",\"name\":\"Affitto carrozzina pieghevole ad autospinta. Spedizioni in tutta Italia\",\"isPartOf\":{\"@id\":\"https:\\\/\\\/www.miamedicalitalia.it\\\/#website\"},\"primaryImageOfPage\":{\"@id\":\"https:\\\/\\\/www.miamedicalitalia.it\\\/prodotto\\\/affitto-carrozzina-pieghevole-ad-autospinta-spedizioni-in-tutta-italia\\\/#primaryimage\"},\"image\":{\"@id\":\"https:\\\/\\\/www.miamedicalitalia.it\\\/prodotto\\\/affitto-carrozzina-pieghevole-ad-autospinta-spedizioni-in-tutta-italia\\\/#primaryimage\"},\"thumbnailUrl\":\"https:\\\/\\\/www.miamedicalitalia.it\\\/wp-content\\\/uploads\\\/2022\\\/12\\\/Carrozzina-ad-autospinta-pieghevole-150x150-1.jpg\",\"datePublished\":\"2022-12-21T16:15:31+00:00\",\"dateModified\":\"2026-02-12T14:53:26+00:00\",\"description\":\"Affitto carrozzina pieghevole ad autospinta. Molto leggera \u00e8 facile da caricare in macchina. Spedizioni in tutta Italia, ritiro GRATUITO in magazzino.\",\"breadcrumb\":{\"@id\":\"https:\\\/\\\/www.miamedicalitalia.it\\\/prodotto\\\/affitto-carrozzina-pieghevole-ad-autospinta-spedizioni-in-tutta-italia\\\/#breadcrumb\"},\"inLanguage\":\"fr-FR\",\"potentialAction\":[{\"@type\":\"ReadAction\",\"target\":[\"https:\\\/\\\/www.miamedicalitalia.it\\\/prodotto\\\/affitto-carrozzina-pieghevole-ad-autospinta-spedizioni-in-tutta-italia\\\/\"]}]},{\"@type\":\"ImageObject\",\"inLanguage\":\"fr-FR\",\"@id\":\"https:\\\/\\\/www.miamedicalitalia.it\\\/prodotto\\\/affitto-carrozzina-pieghevole-ad-autospinta-spedizioni-in-tutta-italia\\\/#primaryimage\",\"url\":\"https:\\\/\\\/www.miamedicalitalia.it\\\/wp-content\\\/uploads\\\/2022\\\/12\\\/Carrozzina-ad-autospinta-pieghevole-150x150-1.jpg\",\"contentUrl\":\"https:\\\/\\\/www.miamedicalitalia.it\\\/wp-content\\\/uploads\\\/2022\\\/12\\\/Carrozzina-ad-autospinta-pieghevole-150x150-1.jpg\",\"width\":1000,\"height\":1000},{\"@type\":\"BreadcrumbList\",\"@id\":\"https:\\\/\\\/www.miamedicalitalia.it\\\/prodotto\\\/affitto-carrozzina-pieghevole-ad-autospinta-spedizioni-in-tutta-italia\\\/#breadcrumb\",\"itemListElement\":[{\"@type\":\"ListItem\",\"position\":1,\"name\":\"Home\",\"item\":\"https:\\\/\\\/www.miamedicalitalia.it\\\/\"},{\"@type\":\"ListItem\",\"position\":2,\"name\":\"Shop\",\"item\":\"https:\\\/\\\/www.miamedicalitalia.it\\\/negozio\\\/\"},{\"@type\":\"ListItem\",\"position\":3,\"name\":\"Affitto e noleggio\",\"item\":\"https:\\\/\\\/www.miamedicalitalia.it\\\/categoria\\\/affitto-e-noleggio-ausili\\\/\"},{\"@type\":\"ListItem\",\"position\":4,\"name\":\"Carrozzine\",\"item\":\"https:\\\/\\\/www.miamedicalitalia.it\\\/categoria\\\/affitto-e-noleggio-ausili\\\/affitto-e-noleggio-carrozzina\\\/\"},{\"@type\":\"ListItem\",\"position\":5,\"name\":\"Affitto carrozzina pieghevole ad autospinta\"}]},{\"@type\":\"WebSite\",\"@id\":\"https:\\\/\\\/www.miamedicalitalia.it\\\/#website\",\"url\":\"https:\\\/\\\/www.miamedicalitalia.it\\\/\",\"name\":\"www.miamedicalitalia.it\",\"description\":\"Noleggio e Vendita Attrezzatura Sanitarie\",\"publisher\":{\"@id\":\"https:\\\/\\\/www.miamedicalitalia.it\\\/#organization\"},\"potentialAction\":[{\"@type\":\"SearchAction\",\"target\":{\"@type\":\"EntryPoint\",\"urlTemplate\":\"https:\\\/\\\/www.miamedicalitalia.it\\\/?s={search_term_string}\"},\"query-input\":{\"@type\":\"PropertyValueSpecification\",\"valueRequired\":true,\"valueName\":\"search_term_string\"}}],\"inLanguage\":\"fr-FR\"},{\"@type\":\"Organization\",\"@id\":\"https:\\\/\\\/www.miamedicalitalia.it\\\/#organization\",\"name\":\"OLG\",\"url\":\"https:\\\/\\\/www.miamedicalitalia.it\\\/\",\"logo\":{\"@type\":\"ImageObject\",\"inLanguage\":\"fr-FR\",\"@id\":\"https:\\\/\\\/www.miamedicalitalia.it\\\/#\\\/schema\\\/logo\\\/image\\\/\",\"url\":\"https:\\\/\\\/www.miamedicalitalia.it\\\/wp-content\\\/uploads\\\/2023\\\/04\\\/mia-medical-logo-free.png\",\"contentUrl\":\"https:\\\/\\\/www.miamedicalitalia.it\\\/wp-content\\\/uploads\\\/2023\\\/04\\\/mia-medical-logo-free.png\",\"width\":700,\"height\":700,\"caption\":\"OLG\"},\"image\":{\"@id\":\"https:\\\/\\\/www.miamedicalitalia.it\\\/#\\\/schema\\\/logo\\\/image\\\/\"},\"sameAs\":[\"https:\\\/\\\/www.facebook.com\\\/miamedicalitalia\"]}]}<\/script>\n<!-- \/ Yoast SEO Premium plugin. -->","yoast_head_json":{"title":"Location de fauteuils roulants pliants autopropuls\u00e9s. Exp\u00e9dition dans toute l'Italie","description":"Fauteuil roulant pliant autopropuls\u00e9 \u00e0 louer. Tr\u00e8s l\u00e9ger et facile \u00e0 charger dans la voiture. Exp\u00e9dition dans tout le pays, collecte GRATUITE \u00e0 l'entrep\u00f4t.","robots":{"index":"index","follow":"follow","max-snippet":"max-snippet:-1","max-image-preview":"max-image-preview:large","max-video-preview":"max-video-preview:-1"},"canonical":"https:\/\/www.miamedicalitalia.it\/fr\/produit\/affitto-carrozzina-pieghevole-ad-autospinta-spedizioni-in-tutta-italia\/","og_locale":"fr_FR","og_type":"article","og_title":"Affitto carrozzina pieghevole ad autospinta. Spedizioni in tutta Italia","og_description":"Affitto carrozzina pieghevole ad autospinta. Molto leggera \u00e8 facile da caricare in macchina. Spedizioni in tutta Italia, ritiro GRATUITO in magazzino.","og_url":"https:\/\/www.miamedicalitalia.it\/fr\/produit\/affitto-carrozzina-pieghevole-ad-autospinta-spedizioni-in-tutta-italia\/","og_site_name":"Mia Medical","article_publisher":"https:\/\/www.facebook.com\/miamedicalitalia","article_modified_time":"2026-02-12T14:53:26+00:00","og_image":[{"width":1000,"height":1000,"url":"https:\/\/www.miamedicalitalia.it\/wp-content\/uploads\/2022\/12\/Carrozzina-ad-autospinta-pieghevole-150x150-1.jpg","type":"image\/jpeg"}],"twitter_card":"summary_large_image","twitter_misc":{"Dur\u00e9e de lecture estim\u00e9e":"1 minute"},"schema":{"@context":"https:\/\/schema.org","@graph":[{"@type":"WebPage","@id":"https:\/\/www.miamedicalitalia.it\/prodotto\/affitto-carrozzina-pieghevole-ad-autospinta-spedizioni-in-tutta-italia\/","url":"https:\/\/www.miamedicalitalia.it\/prodotto\/affitto-carrozzina-pieghevole-ad-autospinta-spedizioni-in-tutta-italia\/","name":"Location de fauteuils roulants pliants autopropuls\u00e9s. Exp\u00e9dition dans toute l'Italie","isPartOf":{"@id":"https:\/\/www.miamedicalitalia.it\/#website"},"primaryImageOfPage":{"@id":"https:\/\/www.miamedicalitalia.it\/prodotto\/affitto-carrozzina-pieghevole-ad-autospinta-spedizioni-in-tutta-italia\/#primaryimage"},"image":{"@id":"https:\/\/www.miamedicalitalia.it\/prodotto\/affitto-carrozzina-pieghevole-ad-autospinta-spedizioni-in-tutta-italia\/#primaryimage"},"thumbnailUrl":"https:\/\/www.miamedicalitalia.it\/wp-content\/uploads\/2022\/12\/Carrozzina-ad-autospinta-pieghevole-150x150-1.jpg","datePublished":"2022-12-21T16:15:31+00:00","dateModified":"2026-02-12T14:53:26+00:00","description":"Fauteuil roulant pliant autopropuls\u00e9 \u00e0 louer. Tr\u00e8s l\u00e9ger et facile \u00e0 charger dans la voiture. Exp\u00e9dition dans tout le pays, collecte GRATUITE \u00e0 l'entrep\u00f4t.","breadcrumb":{"@id":"https:\/\/www.miamedicalitalia.it\/prodotto\/affitto-carrozzina-pieghevole-ad-autospinta-spedizioni-in-tutta-italia\/#breadcrumb"},"inLanguage":"fr-FR","potentialAction":[{"@type":"ReadAction","target":["https:\/\/www.miamedicalitalia.it\/prodotto\/affitto-carrozzina-pieghevole-ad-autospinta-spedizioni-in-tutta-italia\/"]}]},{"@type":"ImageObject","inLanguage":"fr-FR","@id":"https:\/\/www.miamedicalitalia.it\/prodotto\/affitto-carrozzina-pieghevole-ad-autospinta-spedizioni-in-tutta-italia\/#primaryimage","url":"https:\/\/www.miamedicalitalia.it\/wp-content\/uploads\/2022\/12\/Carrozzina-ad-autospinta-pieghevole-150x150-1.jpg","contentUrl":"https:\/\/www.miamedicalitalia.it\/wp-content\/uploads\/2022\/12\/Carrozzina-ad-autospinta-pieghevole-150x150-1.jpg","width":1000,"height":1000},{"@type":"BreadcrumbList","@id":"https:\/\/www.miamedicalitalia.it\/prodotto\/affitto-carrozzina-pieghevole-ad-autospinta-spedizioni-in-tutta-italia\/#breadcrumb","itemListElement":[{"@type":"ListItem","position":1,"name":"Home","item":"https:\/\/www.miamedicalitalia.it\/"},{"@type":"ListItem","position":2,"name":"Shop","item":"https:\/\/www.miamedicalitalia.it\/negozio\/"},{"@type":"ListItem","position":3,"name":"Affitto e noleggio","item":"https:\/\/www.miamedicalitalia.it\/categoria\/affitto-e-noleggio-ausili\/"},{"@type":"ListItem","position":4,"name":"Carrozzine","item":"https:\/\/www.miamedicalitalia.it\/categoria\/affitto-e-noleggio-ausili\/affitto-e-noleggio-carrozzina\/"},{"@type":"ListItem","position":5,"name":"Affitto carrozzina pieghevole ad autospinta"}]},{"@type":"WebSite","@id":"https:\/\/www.miamedicalitalia.it\/#website","url":"https:\/\/www.miamedicalitalia.it\/","name":"www.miamedicalitalia.it","description":"Location et vente d'\u00e9quipements sanitaires","publisher":{"@id":"https:\/\/www.miamedicalitalia.it\/#organization"},"potentialAction":[{"@type":"SearchAction","target":{"@type":"EntryPoint","urlTemplate":"https:\/\/www.miamedicalitalia.it\/?s={search_term_string}"},"query-input":{"@type":"PropertyValueSpecification","valueRequired":true,"valueName":"search_term_string"}}],"inLanguage":"fr-FR"},{"@type":"Organization","@id":"https:\/\/www.miamedicalitalia.it\/#organization","name":"OLG","url":"https:\/\/www.miamedicalitalia.it\/","logo":{"@type":"ImageObject","inLanguage":"fr-FR","@id":"https:\/\/www.miamedicalitalia.it\/#\/schema\/logo\/image\/","url":"https:\/\/www.miamedicalitalia.it\/wp-content\/uploads\/2023\/04\/mia-medical-logo-free.png","contentUrl":"https:\/\/www.miamedicalitalia.it\/wp-content\/uploads\/2023\/04\/mia-medical-logo-free.png","width":700,"height":700,"caption":"OLG"},"image":{"@id":"https:\/\/www.miamedicalitalia.it\/#\/schema\/logo\/image\/"},"sameAs":["https:\/\/www.facebook.com\/miamedicalitalia"]}]}},"wcpa_form_fields":{"wcpaData":{"product":{"product_price":25,"price_html":"<span class=\"woocommerce-Price-amount amount\" aria-hidden=\"true\"><bdi><span class=\"woocommerce-Price-currencySymbol\">&euro;<\/span>25.00<\/bdi><\/span> <span aria-hidden=\"true\">\u00a0\u2013\u00a0<\/span> <span class=\"woocommerce-Price-amount amount\" aria-hidden=\"true\"><bdi><span class=\"woocommerce-Price-currencySymbol\">&euro;<\/span>100.00<\/bdi><\/span><span class=\"screen-reader-text\">Plage de prix\u00a0: &euro;25.00 \u00e0 &euro;100.00<\/span>","original_product_price":25,"price_including_tax":25,"price_excluding_tax":25,"product_id":{"parent":9079,"variation":false},"is_variable":true,"stock_status":"instock","stock_quantity":null,"parent_sku":"","product_attributes":{"quanto-costa":{"is_variation":true,"values":[]}},"custom_fields":[],"is_taxable":false,"product_name":"Affitto carrozzina pieghevole ad autospinta","hasImage":false},"fields":{"sec_565f165582eb8c":{"extra":{"key":"sec_565f165582eb8c","section_id":"sec_565f165582eb8c","name":"Predefinito","status":1,"toggle":true,"form_id":12050,"form_rules":{"exclude_from_discount":false,"fee_label":"Fee","disp_hide_options_price":false,"disp_show_section_price":false,"disp_show_field_price":true,"layout_option":"standard","pric_use_as_fee":false,"process_fee_as":"woo_fee"},"layout_option":"standard"},"fields":[[{"active":true,"col":6,"relations":false,"cl_rule":"show","enableCl":false,"price":"","enablePrice":false,"className":"input-text","type":"date","required":true,"elementId":"date_3189538061","name":"date_3189538061","label":"A partire dal giorno:","picker_type":"custom","picker_mode":"single","error":false,"description":"Inserisci la data di inizio del noleggio","gt_translate_keys":["label","description"],"price_dependency":false,"cl_dependency":false,"value":""}]]}},"config":{"price_override":"","enable_recaptcha":false,"bind_quantity":false,"quantity_bind_formula":false,"disp_summ_show_option_price":true,"disp_summ_show_product_price":true,"disp_summ_show_total_price":true,"disp_summ_show_fee":false,"disp_summ_show_discount":false,"summary_title":"","options_total_label":"Options Price","total_label":"Total","options_product_label":"Product Price","fee_label":"Fee","discount_label":"Discount","has_price":true,"has_quantity_formula":false},"mc_unit":1,"tax_rate":1,"tax_rate_real":1,"discount":{"percentage":0,"fixed":0},"design":{"conf":{"LabelPosition":"above","DescPosition":"below","UploadField":"custom_1","QuantityFieldStyle":"default"},"css":{"LeftLabelWidth":"50px"}},"formulas":[],"lookuptables":[],"clones":false,"cartKey":false}},"_links":{"self":[{"href":"https:\/\/www.miamedicalitalia.it\/fr\/wp-json\/wp\/v2\/product\/9079","targetHints":{"allow":["GET"]}}],"collection":[{"href":"https:\/\/www.miamedicalitalia.it\/fr\/wp-json\/wp\/v2\/product"}],"about":[{"href":"https:\/\/www.miamedicalitalia.it\/fr\/wp-json\/wp\/v2\/types\/product"}],"wp:featuredmedia":[{"embeddable":true,"href":"https:\/\/www.miamedicalitalia.it\/fr\/wp-json\/wp\/v2\/media\/12209"}],"wp:attachment":[{"href":"https:\/\/www.miamedicalitalia.it\/fr\/wp-json\/wp\/v2\/media?parent=9079"}],"wp:term":[{"taxonomy":"home-category","embeddable":true,"href":"https:\/\/www.miamedicalitalia.it\/fr\/wp-json\/wp\/v2\/home-category?post=9079"},{"taxonomy":"product_brand","embeddable":true,"href":"https:\/\/www.miamedicalitalia.it\/fr\/wp-json\/wp\/v2\/product_brand?post=9079"},{"taxonomy":"product_cat","embeddable":true,"href":"https:\/\/www.miamedicalitalia.it\/fr\/wp-json\/wp\/v2\/product_cat?post=9079"},{"taxonomy":"product_tag","embeddable":true,"href":"https:\/\/www.miamedicalitalia.it\/fr\/wp-json\/wp\/v2\/product_tag?post=9079"},{"taxonomy":"woo-feed-brand","embeddable":true,"href":"https:\/\/www.miamedicalitalia.it\/fr\/wp-json\/wp\/v2\/woo-feed-brand?post=9079"}],"curies":[{"name":"wp","href":"https:\/\/api.w.org\/{rel}","templated":true}]}}