{"id":9052,"date":"2022-12-21T17:15:20","date_gmt":"2022-12-21T16:15:20","guid":{"rendered":"https:\/\/www.miamedicalitalia.it\/?post_type=product&#038;p=9052"},"modified":"2026-03-03T17:05:27","modified_gmt":"2026-03-03T15:05:27","slug":"noleggio-carrozzina-pieghevole-da-transito","status":"publish","type":"product","link":"https:\/\/www.miamedicalitalia.it\/fr\/produit\/noleggio-carrozzina-pieghevole-da-transito\/","title":{"rendered":"Location de fauteuils roulants pliants"},"content":{"rendered":"<p>Les <strong>location du fauteuil roulant pliant de transport en commun<\/strong> <strong>\u00e0 Florence et dans la province et \u00e0 Rome et dans la province <\/strong>est indispensable pour les personnes handicap\u00e9es, les personnes \u00e2g\u00e9es, les personnes \u00e0 mobilit\u00e9 r\u00e9duite ou les personnes ayant besoin d'une r\u00e9\u00e9ducation.<\/p>\n\n\n\n<p>Le fauteuil roulant est livr\u00e9 avec le <strong>podiums<\/strong> pour les pieds et <strong>accoudoirs<\/strong>. Ces deux \u00e9l\u00e9ments peuvent \u00eatre facilement enlev\u00e9s \u00e0 tout moment. Lors de la livraison, l'un de nos techniciens vous montrera comment fermer et rouvrir le fauteuil roulant et comment monter et d\u00e9monter les accoudoirs et le repose-pieds. En outre, le fauteuil roulant est \u00e9quip\u00e9 de deux <strong>pour bloquer les roues.<\/strong><\/p>\n\n\n\n<p>Si vous avez un pl\u00e2tre ou si vous devez conserver le <strong>jambe sur\u00e9lev\u00e9e<\/strong> Il suffit de nous en informer.<\/p>\n\n\n\n<p>Nous louons des fauteuils roulants de transport en commun avec diff\u00e9rents si\u00e8ges et diff\u00e9rentes tailles de si\u00e8ges. Le plus petit est de 40 cm et le plus grand de 50 cm.<\/p>\n\n\n\n<p>Le poids du fauteuil roulant peut varier en fonction de la taille choisie. Le plus l\u00e9ger p\u00e8se environ 14 kg, tandis que le plus grand peut peser environ 18 kg.<\/p>\n\n\n\n<p>Tous les types de fauteuils roulants que nous louons sont <strong>aseptis\u00e9 en tout point<\/strong>. La propret\u00e9 et l'assainissement sont la base de notre travail !<\/p>\n\n\n\n<p>Le patient passe-t-il beaucoup de temps assis dans son fauteuil roulant ? Pour pr\u00e9venir la formation de plaies de pression, vous pouvez acheter <a href=\"https:\/\/www.miamedicalitalia.it\/fr\/produit\/cuscino-antidecubito-in-fibra-cava-siliconata\/\">l'oreiller anti-escarre<\/a> \u00e0 un<strong> prix r\u00e9serv\u00e9<\/strong> exclusivement aux utilisateurs de fauteuils roulants.<\/p>\n\n\n\n<p>Le fauteuil roulant pliant de location est un fauteuil roulant <strong>pliable<\/strong> e <strong>lumi\u00e8re<\/strong>mais tr\u00e8s <strong>robuste<\/strong> qui peut transporter un patient pesant jusqu'\u00e0 130 kg. En outre, le fauteuil roulant est tr\u00e8s <strong>pratique<\/strong> \u00e0 fermer et \u00e0 stocker dans le <strong>botte<\/strong> de la voiture.<\/p>\n\n\n\n<p>Les fauteuils roulants de transit de M.I.A. Medical Italia sont de la plus haute qualit\u00e9 et la location de fauteuils roulants est s\u00fbre, fonctionnelle et garantie !<\/p>\n\n\n\n<p>Nous louons le fauteuil roulant pliant Transit \u00e0 la fois dans l'Union europ\u00e9enne et \u00e0 l'\u00e9tranger. <strong>Lazio<\/strong> qu'en <strong>Toscane<\/strong>.<\/p>\n\n\n\n<p><strong>R\u00e9server en ligne<\/strong> location de fauteuils roulants pliants en transit maintenant ! Si vous pr\u00e9f\u00e9rez, vous pouvez nous contacter par t\u00e9l\u00e9phone\/via WhatsApp \u00e0 l'adresse suivante <strong>+39 3926509237<\/strong> ou par courriel : <strong>amministrazione@miamedicalitalia.it<\/strong><\/p>\n\n\n\n<p>D\u00e9couvrez nos pages <a href=\"http:\/\/facebook.com\/MIAMedicalitalia\/\">Facebook&nbsp;<\/a><\/p>","protected":false},"excerpt":{"rendered":"<div style=\"font-family: Arial, sans-serif; background-color: #234091; padding: 30px; border-radius: 25px; max-width: 600px; color: #ffffff; position: relative; border-top: 6px solid #2498fe;\">\n<h3 style=\"color: #ffffff; margin-top: 0;\">Fauteuil roulant personnalisable<\/h3>\n<p>Fauteuil roulant avec si\u00e8ge personnalisable et ch\u00e2ssis pliant pour un maximum de commodit\u00e9.<\/p>\n<p>Location pour 1 jour : 15\u20ac avec prise en charge sur place uniquement.<\/p>\n<p>Consegna e ritiro a domicilio a Roma e Firenze da 30\u20ac.<\/p>\n<p>L'enl\u00e8vement \u00e0 l'entrep\u00f4t est gratuit.<\/p>\n<p><strong>R\u00e9servez en ligne d\u00e8s maintenant !<\/strong><\/p>\n<\/div>\n<p><!-- Linea bianca sotto --><\/p>\n<div style=\"height: 6px; background-color: #ffffff; max-width: 600px;\">\u00a0<\/div>","protected":false},"featured_media":12204,"template":"","meta":{"_acf_changed":true},"home-category":[263],"product_brand":[],"product_cat":[68],"product_tag":[243,143,31,231],"woo-feed-brand":[],"class_list":{"0":"post-9052","1":"product","2":"type-product","3":"status-publish","4":"has-post-thumbnail","6":"home-category-ausili","7":"product_cat-affitto-e-noleggio-carrozzina","8":"product_tag-carrozzina-a-roma","9":"product_tag-carrozzina-pieghevole-da-transito","10":"product_tag-disabili","11":"product_tag-sedia-a-rotelle-firenze","12":"wcpa_has_options","14":"first","15":"instock","16":"shipping-taxable","17":"purchasable","18":"product-type-variable"},"acf":[],"yoast_head":"<!-- This site is optimized with the Yoast SEO Premium plugin v27.5 (Yoast SEO v27.5) - https:\/\/yoast.com\/product\/yoast-seo-premium-wordpress\/ -->\n<title>Noleggio sedia a rotelle pieghevole da transito in Toscana e Lazio<\/title>\n<meta name=\"description\" content=\"Noleggio sedia a rotelle pieghevole da transito a Roma e Firenze. Prenota online o al +393926509237. Consegna a domicilio. Disponibilit\u00e0 immediata.\" \/>\n<meta name=\"robots\" content=\"index, follow, max-snippet:-1, max-image-preview:large, max-video-preview:-1\" \/>\n<link rel=\"canonical\" href=\"https:\/\/www.miamedicalitalia.it\/fr\/produit\/noleggio-carrozzina-pieghevole-da-transito\/\" \/>\n<meta property=\"og:locale\" content=\"fr_FR\" \/>\n<meta property=\"og:type\" content=\"article\" \/>\n<meta property=\"og:title\" content=\"Noleggio sedia a rotelle pieghevole da transito in Toscana e Lazio\" \/>\n<meta property=\"og:description\" content=\"Noleggio sedia a rotelle pieghevole da transito a Roma e Firenze. Prenota online o al +393926509237. Consegna a domicilio. Disponibilit\u00e0 immediata.\" \/>\n<meta property=\"og:url\" content=\"https:\/\/www.miamedicalitalia.it\/fr\/produit\/noleggio-carrozzina-pieghevole-da-transito\/\" \/>\n<meta property=\"og:site_name\" content=\"Mia Medical\" \/>\n<meta property=\"article:publisher\" content=\"https:\/\/www.facebook.com\/miamedicalitalia\" \/>\n<meta property=\"article:modified_time\" content=\"2026-03-03T15:05:27+00:00\" \/>\n<meta property=\"og:image\" content=\"https:\/\/www.miamedicalitalia.it\/wp-content\/uploads\/2022\/12\/carrozzina-di-transito-MIA-MEDICAL-150x150-1.jpg\" \/>\n\t<meta property=\"og:image:width\" content=\"1000\" \/>\n\t<meta property=\"og:image:height\" content=\"1000\" \/>\n\t<meta property=\"og:image:type\" content=\"image\/jpeg\" \/>\n<meta name=\"twitter:card\" content=\"summary_large_image\" \/>\n<meta name=\"twitter:label1\" content=\"Dur\u00e9e de lecture estim\u00e9e\" \/>\n\t<meta name=\"twitter:data1\" content=\"1 minute\" \/>\n<script type=\"application\/ld+json\" class=\"yoast-schema-graph\">{\"@context\":\"https:\\\/\\\/schema.org\",\"@graph\":[{\"@type\":\"WebPage\",\"@id\":\"https:\\\/\\\/www.miamedicalitalia.it\\\/prodotto\\\/noleggio-carrozzina-pieghevole-da-transito\\\/\",\"url\":\"https:\\\/\\\/www.miamedicalitalia.it\\\/prodotto\\\/noleggio-carrozzina-pieghevole-da-transito\\\/\",\"name\":\"Noleggio sedia a rotelle pieghevole da transito in Toscana e Lazio\",\"isPartOf\":{\"@id\":\"https:\\\/\\\/www.miamedicalitalia.it\\\/#website\"},\"primaryImageOfPage\":{\"@id\":\"https:\\\/\\\/www.miamedicalitalia.it\\\/prodotto\\\/noleggio-carrozzina-pieghevole-da-transito\\\/#primaryimage\"},\"image\":{\"@id\":\"https:\\\/\\\/www.miamedicalitalia.it\\\/prodotto\\\/noleggio-carrozzina-pieghevole-da-transito\\\/#primaryimage\"},\"thumbnailUrl\":\"https:\\\/\\\/www.miamedicalitalia.it\\\/wp-content\\\/uploads\\\/2022\\\/12\\\/carrozzina-di-transito-MIA-MEDICAL-150x150-1.jpg\",\"datePublished\":\"2022-12-21T16:15:20+00:00\",\"dateModified\":\"2026-03-03T15:05:27+00:00\",\"description\":\"Noleggio sedia a rotelle pieghevole da transito a Roma e Firenze. Prenota online o al +393926509237. Consegna a domicilio. Disponibilit\u00e0 immediata.\",\"breadcrumb\":{\"@id\":\"https:\\\/\\\/www.miamedicalitalia.it\\\/prodotto\\\/noleggio-carrozzina-pieghevole-da-transito\\\/#breadcrumb\"},\"inLanguage\":\"fr-FR\",\"potentialAction\":[{\"@type\":\"ReadAction\",\"target\":[\"https:\\\/\\\/www.miamedicalitalia.it\\\/prodotto\\\/noleggio-carrozzina-pieghevole-da-transito\\\/\"]}]},{\"@type\":\"ImageObject\",\"inLanguage\":\"fr-FR\",\"@id\":\"https:\\\/\\\/www.miamedicalitalia.it\\\/prodotto\\\/noleggio-carrozzina-pieghevole-da-transito\\\/#primaryimage\",\"url\":\"https:\\\/\\\/www.miamedicalitalia.it\\\/wp-content\\\/uploads\\\/2022\\\/12\\\/carrozzina-di-transito-MIA-MEDICAL-150x150-1.jpg\",\"contentUrl\":\"https:\\\/\\\/www.miamedicalitalia.it\\\/wp-content\\\/uploads\\\/2022\\\/12\\\/carrozzina-di-transito-MIA-MEDICAL-150x150-1.jpg\",\"width\":1000,\"height\":1000},{\"@type\":\"BreadcrumbList\",\"@id\":\"https:\\\/\\\/www.miamedicalitalia.it\\\/prodotto\\\/noleggio-carrozzina-pieghevole-da-transito\\\/#breadcrumb\",\"itemListElement\":[{\"@type\":\"ListItem\",\"position\":1,\"name\":\"Home\",\"item\":\"https:\\\/\\\/www.miamedicalitalia.it\\\/\"},{\"@type\":\"ListItem\",\"position\":2,\"name\":\"Shop\",\"item\":\"https:\\\/\\\/www.miamedicalitalia.it\\\/negozio\\\/\"},{\"@type\":\"ListItem\",\"position\":3,\"name\":\"Affitto e noleggio\",\"item\":\"https:\\\/\\\/www.miamedicalitalia.it\\\/categoria\\\/affitto-e-noleggio-ausili\\\/\"},{\"@type\":\"ListItem\",\"position\":4,\"name\":\"Carrozzine\",\"item\":\"https:\\\/\\\/www.miamedicalitalia.it\\\/categoria\\\/affitto-e-noleggio-ausili\\\/affitto-e-noleggio-carrozzina\\\/\"},{\"@type\":\"ListItem\",\"position\":5,\"name\":\"Noleggio e Affitto carrozzina da transito pieghevole\"}]},{\"@type\":\"WebSite\",\"@id\":\"https:\\\/\\\/www.miamedicalitalia.it\\\/#website\",\"url\":\"https:\\\/\\\/www.miamedicalitalia.it\\\/\",\"name\":\"www.miamedicalitalia.it\",\"description\":\"Noleggio e Vendita Attrezzatura Sanitarie\",\"publisher\":{\"@id\":\"https:\\\/\\\/www.miamedicalitalia.it\\\/#organization\"},\"potentialAction\":[{\"@type\":\"SearchAction\",\"target\":{\"@type\":\"EntryPoint\",\"urlTemplate\":\"https:\\\/\\\/www.miamedicalitalia.it\\\/?s={search_term_string}\"},\"query-input\":{\"@type\":\"PropertyValueSpecification\",\"valueRequired\":true,\"valueName\":\"search_term_string\"}}],\"inLanguage\":\"fr-FR\"},{\"@type\":\"Organization\",\"@id\":\"https:\\\/\\\/www.miamedicalitalia.it\\\/#organization\",\"name\":\"OLG\",\"url\":\"https:\\\/\\\/www.miamedicalitalia.it\\\/\",\"logo\":{\"@type\":\"ImageObject\",\"inLanguage\":\"fr-FR\",\"@id\":\"https:\\\/\\\/www.miamedicalitalia.it\\\/#\\\/schema\\\/logo\\\/image\\\/\",\"url\":\"https:\\\/\\\/www.miamedicalitalia.it\\\/wp-content\\\/uploads\\\/2023\\\/04\\\/mia-medical-logo-free.png\",\"contentUrl\":\"https:\\\/\\\/www.miamedicalitalia.it\\\/wp-content\\\/uploads\\\/2023\\\/04\\\/mia-medical-logo-free.png\",\"width\":700,\"height\":700,\"caption\":\"OLG\"},\"image\":{\"@id\":\"https:\\\/\\\/www.miamedicalitalia.it\\\/#\\\/schema\\\/logo\\\/image\\\/\"},\"sameAs\":[\"https:\\\/\\\/www.facebook.com\\\/miamedicalitalia\"]}]}<\/script>\n<!-- \/ Yoast SEO Premium plugin. -->","yoast_head_json":{"title":"Location de fauteuils roulants pliants en Toscane et dans le Latium","description":"Location de fauteuils roulants pliants \u00e0 Rome et Florence. R\u00e9servation en ligne ou \u00e0 +393926509237. Livraison \u00e0 domicile. Disponibilit\u00e9 imm\u00e9diate.","robots":{"index":"index","follow":"follow","max-snippet":"max-snippet:-1","max-image-preview":"max-image-preview:large","max-video-preview":"max-video-preview:-1"},"canonical":"https:\/\/www.miamedicalitalia.it\/fr\/produit\/noleggio-carrozzina-pieghevole-da-transito\/","og_locale":"fr_FR","og_type":"article","og_title":"Noleggio sedia a rotelle pieghevole da transito in Toscana e Lazio","og_description":"Noleggio sedia a rotelle pieghevole da transito a Roma e Firenze. Prenota online o al +393926509237. Consegna a domicilio. Disponibilit\u00e0 immediata.","og_url":"https:\/\/www.miamedicalitalia.it\/fr\/produit\/noleggio-carrozzina-pieghevole-da-transito\/","og_site_name":"Mia Medical","article_publisher":"https:\/\/www.facebook.com\/miamedicalitalia","article_modified_time":"2026-03-03T15:05:27+00:00","og_image":[{"width":1000,"height":1000,"url":"https:\/\/www.miamedicalitalia.it\/wp-content\/uploads\/2022\/12\/carrozzina-di-transito-MIA-MEDICAL-150x150-1.jpg","type":"image\/jpeg"}],"twitter_card":"summary_large_image","twitter_misc":{"Dur\u00e9e de lecture estim\u00e9e":"1 minute"},"schema":{"@context":"https:\/\/schema.org","@graph":[{"@type":"WebPage","@id":"https:\/\/www.miamedicalitalia.it\/prodotto\/noleggio-carrozzina-pieghevole-da-transito\/","url":"https:\/\/www.miamedicalitalia.it\/prodotto\/noleggio-carrozzina-pieghevole-da-transito\/","name":"Location de fauteuils roulants pliants en Toscane et dans le Latium","isPartOf":{"@id":"https:\/\/www.miamedicalitalia.it\/#website"},"primaryImageOfPage":{"@id":"https:\/\/www.miamedicalitalia.it\/prodotto\/noleggio-carrozzina-pieghevole-da-transito\/#primaryimage"},"image":{"@id":"https:\/\/www.miamedicalitalia.it\/prodotto\/noleggio-carrozzina-pieghevole-da-transito\/#primaryimage"},"thumbnailUrl":"https:\/\/www.miamedicalitalia.it\/wp-content\/uploads\/2022\/12\/carrozzina-di-transito-MIA-MEDICAL-150x150-1.jpg","datePublished":"2022-12-21T16:15:20+00:00","dateModified":"2026-03-03T15:05:27+00:00","description":"Location de fauteuils roulants pliants \u00e0 Rome et Florence. R\u00e9servation en ligne ou \u00e0 +393926509237. Livraison \u00e0 domicile. Disponibilit\u00e9 imm\u00e9diate.","breadcrumb":{"@id":"https:\/\/www.miamedicalitalia.it\/prodotto\/noleggio-carrozzina-pieghevole-da-transito\/#breadcrumb"},"inLanguage":"fr-FR","potentialAction":[{"@type":"ReadAction","target":["https:\/\/www.miamedicalitalia.it\/prodotto\/noleggio-carrozzina-pieghevole-da-transito\/"]}]},{"@type":"ImageObject","inLanguage":"fr-FR","@id":"https:\/\/www.miamedicalitalia.it\/prodotto\/noleggio-carrozzina-pieghevole-da-transito\/#primaryimage","url":"https:\/\/www.miamedicalitalia.it\/wp-content\/uploads\/2022\/12\/carrozzina-di-transito-MIA-MEDICAL-150x150-1.jpg","contentUrl":"https:\/\/www.miamedicalitalia.it\/wp-content\/uploads\/2022\/12\/carrozzina-di-transito-MIA-MEDICAL-150x150-1.jpg","width":1000,"height":1000},{"@type":"BreadcrumbList","@id":"https:\/\/www.miamedicalitalia.it\/prodotto\/noleggio-carrozzina-pieghevole-da-transito\/#breadcrumb","itemListElement":[{"@type":"ListItem","position":1,"name":"Home","item":"https:\/\/www.miamedicalitalia.it\/"},{"@type":"ListItem","position":2,"name":"Shop","item":"https:\/\/www.miamedicalitalia.it\/negozio\/"},{"@type":"ListItem","position":3,"name":"Affitto e noleggio","item":"https:\/\/www.miamedicalitalia.it\/categoria\/affitto-e-noleggio-ausili\/"},{"@type":"ListItem","position":4,"name":"Carrozzine","item":"https:\/\/www.miamedicalitalia.it\/categoria\/affitto-e-noleggio-ausili\/affitto-e-noleggio-carrozzina\/"},{"@type":"ListItem","position":5,"name":"Noleggio e Affitto carrozzina da transito pieghevole"}]},{"@type":"WebSite","@id":"https:\/\/www.miamedicalitalia.it\/#website","url":"https:\/\/www.miamedicalitalia.it\/","name":"www.miamedicalitalia.it","description":"Location et vente d'\u00e9quipements sanitaires","publisher":{"@id":"https:\/\/www.miamedicalitalia.it\/#organization"},"potentialAction":[{"@type":"SearchAction","target":{"@type":"EntryPoint","urlTemplate":"https:\/\/www.miamedicalitalia.it\/?s={search_term_string}"},"query-input":{"@type":"PropertyValueSpecification","valueRequired":true,"valueName":"search_term_string"}}],"inLanguage":"fr-FR"},{"@type":"Organization","@id":"https:\/\/www.miamedicalitalia.it\/#organization","name":"OLG","url":"https:\/\/www.miamedicalitalia.it\/","logo":{"@type":"ImageObject","inLanguage":"fr-FR","@id":"https:\/\/www.miamedicalitalia.it\/#\/schema\/logo\/image\/","url":"https:\/\/www.miamedicalitalia.it\/wp-content\/uploads\/2023\/04\/mia-medical-logo-free.png","contentUrl":"https:\/\/www.miamedicalitalia.it\/wp-content\/uploads\/2023\/04\/mia-medical-logo-free.png","width":700,"height":700,"caption":"OLG"},"image":{"@id":"https:\/\/www.miamedicalitalia.it\/#\/schema\/logo\/image\/"},"sameAs":["https:\/\/www.facebook.com\/miamedicalitalia"]}]}},"wcpa_form_fields":{"wcpaData":{"product":{"product_price":25,"price_html":"<span class=\"woocommerce-Price-amount amount\" aria-hidden=\"true\"><bdi><span class=\"woocommerce-Price-currencySymbol\">&euro;<\/span>25.00<\/bdi><\/span> <span aria-hidden=\"true\">\u00a0\u2013\u00a0<\/span> <span class=\"woocommerce-Price-amount amount\" aria-hidden=\"true\"><bdi><span class=\"woocommerce-Price-currencySymbol\">&euro;<\/span>100.00<\/bdi><\/span><span class=\"screen-reader-text\">Plage de prix\u00a0: &euro;25.00 \u00e0 &euro;100.00<\/span>","original_product_price":25,"price_including_tax":25,"price_excluding_tax":25,"product_id":{"parent":9052,"variation":false},"is_variable":true,"stock_status":"instock","stock_quantity":null,"parent_sku":"","product_attributes":{"quanto-costa":{"is_variation":true,"values":[]}},"custom_fields":[],"is_taxable":false,"product_name":"Noleggio e Affitto carrozzina da transito pieghevole","hasImage":false},"fields":{"sec_565f165582eb8c":{"extra":{"key":"sec_565f165582eb8c","section_id":"sec_565f165582eb8c","name":"Predefinito","status":1,"toggle":true,"form_id":12050,"form_rules":{"exclude_from_discount":false,"fee_label":"Fee","disp_hide_options_price":false,"disp_show_section_price":false,"disp_show_field_price":true,"layout_option":"standard","pric_use_as_fee":false,"process_fee_as":"woo_fee"},"layout_option":"standard"},"fields":[[{"active":true,"col":6,"relations":false,"cl_rule":"show","enableCl":false,"price":"","enablePrice":false,"className":"input-text","type":"date","required":true,"elementId":"date_3189538061","name":"date_3189538061","label":"A partire dal giorno:","picker_type":"custom","picker_mode":"single","error":false,"description":"Inserisci la data di inizio del noleggio","gt_translate_keys":["label","description"],"price_dependency":false,"cl_dependency":false,"value":""}]]}},"config":{"price_override":"","enable_recaptcha":false,"bind_quantity":false,"quantity_bind_formula":false,"disp_summ_show_option_price":true,"disp_summ_show_product_price":true,"disp_summ_show_total_price":true,"disp_summ_show_fee":false,"disp_summ_show_discount":false,"summary_title":"","options_total_label":"Options Price","total_label":"Total","options_product_label":"Product Price","fee_label":"Fee","discount_label":"Discount","has_price":true,"has_quantity_formula":false},"mc_unit":1,"tax_rate":1,"tax_rate_real":1,"discount":{"percentage":0,"fixed":0},"design":{"conf":{"LabelPosition":"above","DescPosition":"below","UploadField":"custom_1","QuantityFieldStyle":"default"},"css":{"LeftLabelWidth":"50px"}},"formulas":[],"lookuptables":[],"clones":false,"cartKey":false}},"_links":{"self":[{"href":"https:\/\/www.miamedicalitalia.it\/fr\/wp-json\/wp\/v2\/product\/9052","targetHints":{"allow":["GET"]}}],"collection":[{"href":"https:\/\/www.miamedicalitalia.it\/fr\/wp-json\/wp\/v2\/product"}],"about":[{"href":"https:\/\/www.miamedicalitalia.it\/fr\/wp-json\/wp\/v2\/types\/product"}],"wp:featuredmedia":[{"embeddable":true,"href":"https:\/\/www.miamedicalitalia.it\/fr\/wp-json\/wp\/v2\/media\/12204"}],"wp:attachment":[{"href":"https:\/\/www.miamedicalitalia.it\/fr\/wp-json\/wp\/v2\/media?parent=9052"}],"wp:term":[{"taxonomy":"home-category","embeddable":true,"href":"https:\/\/www.miamedicalitalia.it\/fr\/wp-json\/wp\/v2\/home-category?post=9052"},{"taxonomy":"product_brand","embeddable":true,"href":"https:\/\/www.miamedicalitalia.it\/fr\/wp-json\/wp\/v2\/product_brand?post=9052"},{"taxonomy":"product_cat","embeddable":true,"href":"https:\/\/www.miamedicalitalia.it\/fr\/wp-json\/wp\/v2\/product_cat?post=9052"},{"taxonomy":"product_tag","embeddable":true,"href":"https:\/\/www.miamedicalitalia.it\/fr\/wp-json\/wp\/v2\/product_tag?post=9052"},{"taxonomy":"woo-feed-brand","embeddable":true,"href":"https:\/\/www.miamedicalitalia.it\/fr\/wp-json\/wp\/v2\/woo-feed-brand?post=9052"}],"curies":[{"name":"wp","href":"https:\/\/api.w.org\/{rel}","templated":true}]}}