{"id":9030,"date":"2022-12-21T17:15:19","date_gmt":"2022-12-21T16:15:19","guid":{"rendered":"https:\/\/www.miamedicalitalia.it\/?post_type=product&#038;p=9030"},"modified":"2026-03-06T17:08:32","modified_gmt":"2026-03-06T15:08:32","slug":"vendita-materasso-antidecubito-ad-alto-rischio","status":"publish","type":"product","link":"https:\/\/www.miamedicalitalia.it\/fr\/produit\/vendita-materasso-antidecubito-ad-alto-rischio\/","title":{"rendered":"Matelas anti-escarres \u00e0 haut risque \u00e0 vendre"},"content":{"rendered":"<p>Si vous ou un membre de votre famille, en particulier une personne \u00e2g\u00e9e, avez une mobilit\u00e9 r\u00e9duite ou \u00eates alit\u00e9 pendant de longues p\u00e9riodes, le risque d'escarres est \u00e9lev\u00e9 ! La solution ? Un matelas m\u00e9dical sp\u00e9cial. Heureusement, vous \u00eates au bon endroit. En effet, chez Mia Medical, nous nous occupons \u00e9galement de <strong>la vente de matelas anti-escarres \u00e0 haut risque<\/strong>et non !  <\/p>\n\n\n\n<h2 class=\"wp-block-heading\" id=\"h-cosa-e-un-materasso-antidecubito\">Qu'est-ce qu'un matelas anti-escarres ?<\/h2>\n\n\n\n<p>A <strong>matelas anti-escarres<\/strong> est un dispositif m\u00e9dical con\u00e7u pour pr\u00e9venir et soulager les sympt\u00f4mes de l'asthme.<br><strong><a href=\"https:\/\/www.google.com\/url?sa=t&amp;source=web&amp;rct=j&amp;opi=89978449&amp;url=https:\/\/www.humanitas.it\/malattie\/piaghe-da-decubito\/&amp;ved=2ahUKEwij-OzXsaKLAxXy_rsIHZRCAMEQFnoECCAQAQ&amp;usg=AOvVaw3M5VGonCk64ecmjdLgTVN3\">escarres<\/a><\/strong>\u00e9galement connu sous le nom de <strong>l\u00e9sions dues \u00e0 la pression<\/strong>. Ces l\u00e9sions se d\u00e9veloppent dans les<br>les zones du corps soumises \u00e0 une pression prolong\u00e9e, en particulier chez les patients \u00e0 mobilit\u00e9 r\u00e9duite ou les personnes \u00e2g\u00e9es.<br>alit\u00e9 pendant de longues p\u00e9riodes.<\/p>\n\n\n\n<p>Les <strong>meilleur matelas anti-escarres<\/strong> est celui qui s'adapte aux besoins du patient, garantissant :<br>- Distribution uniforme de la pression<br>- Am\u00e9lioration de la circulation sanguine<br>- Confort et s\u00e9curit\u00e9 pour les longs s\u00e9jours \u00e0 l'h\u00f4pital<\/p>\n\n\n\n<p>Mia Medical prend en charge <strong>la vente de matelas anti-escarres \u00e0 haut risque<\/strong>et d'autres, afin de soulager au maximum les patients qui souffrent d\u00e9j\u00e0 d'escarres et d'aider \u00e0 la pr\u00e9vention pour ceux qui sont \u00e0 risque. <\/p>\n\n\n\n<h2 class=\"wp-block-heading\" id=\"h-a-cosa-serve-un-materasso-antidecubito\">A quoi sert un matelas anti-escarres ?<\/h2>\n\n\n\n<p>Les <strong>matelas anti-escarres<\/strong> l'air utilise un<strong> la technologie de la compression altern\u00e9e<\/strong> pour <strong>r\u00e9duire<br>pression <\/strong>sur les zones les plus d\u00e9licates du corps, <strong>l'am\u00e9lioration<\/strong> les <strong>flux<\/strong> <strong>sanguin<\/strong> e <strong>pr\u00e9venir<\/strong> les<br><strong>ulc\u00e8res<\/strong> de la pression.<\/p>\n\n\n\n<p>Si vous souffrez d\u00e9j\u00e0 de l\u00e9sions dues \u00e0 la pression et que vous avez besoin d'aide, notre <strong>infirmi\u00e8re<\/strong> digne de confiance <a href=\"https:\/\/www.arnaldiandrea.com\/\"><strong>Andrea Arnaldi<\/strong> <\/a>se sp\u00e9cialise pr\u00e9cis\u00e9ment dans le traitement des l\u00e9sions cutan\u00e9es et poss\u00e8de \u00e9galement de l'exp\u00e9rience en mati\u00e8re de soins \u00e0 domicile. <strong>N'h\u00e9sitez pas \u00e0 le contacter ! <\/strong><\/p>\n\n\n\n<p>Les zones les plus <strong>risque<\/strong> inclure :<\/p>\n\n\n\n<ul class=\"wp-block-list\">\n<li>Dos et r\u00e9gion sacr\u00e9e<\/li>\n\n\n\n<li>Talons et chevilles<\/li>\n\n\n\n<li>Coudes et omoplates<\/li>\n<\/ul>\n\n\n\n<p><br>Le matelas <strong>HAUTE CURE<\/strong> figure parmi les <a href=\"https:\/\/www.wimed.it\/prodotti\/antidecubito\/\">les meilleurs matelas anti-escarres du march\u00e9<\/a>gr\u00e2ce \u00e0 son<br><strong>technologie de pointe<\/strong> et le <strong>des ajustements personnalisables.<\/strong><\/p>\n\n\n\n<h2 class=\"wp-block-heading\" id=\"h-a-chi-puo-essere-utile\">\u00c0 qui peut-elle \u00eatre utile ? <\/h2>\n\n\n\n<p>Le matelas anti-escarres est particuli\u00e8rement adapt\u00e9 pour :<\/p>\n\n\n\n<ul class=\"wp-block-list\">\n<li><strong>Personnes \u00e2g\u00e9es \u00e0 mobilit\u00e9 r\u00e9duite :<\/strong> Id\u00e9al pour les personnes qui passent de nombreuses heures au lit ou en fauteuil roulant.<\/li>\n\n\n\n<li><strong>Patients post-op\u00e9ratoires<\/strong>N\u00e9cessaire pour les personnes confront\u00e9es \u00e0 une longue p\u00e9riode de convalescence.<\/li>\n\n\n\n<li><strong>Personnes souffrant d'un handicap moteur<\/strong>Utile pour les patients souffrant de pathologies neurologiques ou musculaires.<\/li>\n\n\n\n<li><strong>Patients en oncologie ou en soins palliatifs <\/strong>Parfait pour les personnes \u00e0 la peau d\u00e9licate et sujette aux blessures.<\/li>\n\n\n\n<li><strong>Sujets pr\u00e9sentant des probl\u00e8mes de circulation ou une fragilit\u00e9 cutan\u00e9e<\/strong> Le confort : Il contribue \u00e0 la pr\u00e9vention des escarres et \u00e0 l'am\u00e9lioration du confort.<\/li>\n<\/ul>\n\n\n\n<p>Si vous recherchez le meilleur matelas anti-escarres, le mod\u00e8le HIGH CURE est le plus adapt\u00e9. <strong>la solution id\u00e9ale !<\/strong><\/p>\n\n\n\n<h2 class=\"wp-block-heading\" id=\"h-come-scegliere-il-miglior-materasso-antidecubito\">Comment choisir le meilleur matelas anti-escarres ?<\/h2>\n\n\n\n<p>Chaque patient a <strong>des besoins diff\u00e9rents<\/strong>d'o\u00f9 l'importance de choisir un matelas anti-escarres<br>droit. Les crit\u00e8res suivants doivent \u00eatre pris en compte : <\/p>\n\n\n\n<ul class=\"wp-block-list\">\n<li>Degr\u00e9 de risque du patient<\/li>\n\n\n\n<li>Dur\u00e9e de l'engagement<\/li>\n\n\n\n<li>Confort et ajustement personnalis\u00e9<\/li>\n<\/ul>\n\n\n\n<p>Lisez notre article qui vous guidera vers un choix \u00e9clair\u00e9. Si vous avez encore des doutes, contactez-nous !<\/p>\n\n\n\n<h2 class=\"wp-block-heading\" id=\"h-scegli-il-miglior-materasso-andidecubito-ad-alto-rischio\">Choisir le meilleur matelas andid\u00e9cubitus \u00e0 haut risque<\/h2>\n\n\n\n<p>Les <strong>matelas anti-escarres<\/strong> risque \u00e9lev\u00e9 <strong>HAUTE CURE<\/strong> est le meilleur choix pour ceux qui ont besoin d'un<br>syst\u00e8me avanc\u00e9 de pr\u00e9vention des escarres. Comprend :<\/p>\n\n\n\n<ul class=\"wp-block-list\">\n<li>20 \u00e9l\u00e9ments interchangeables en Nylon\/TPU pour la durabilit\u00e9 et le confort.<\/li>\n\n\n\n<li>Couverture respirante avec traitement antimicrobien \u00e0 l'ion d'argent pour une hygi\u00e8ne et une protection maximales.<\/li>\n\n\n\n<li>9 \u00e9l\u00e9ments micro-perc\u00e9s avec la technologie LOW AIR LOSS aident \u00e0 garder la peau s\u00e8che et ventil\u00e9e.<\/li>\n\n\n\n<li>Syst\u00e8me de compression altern\u00e9e, qui pr\u00e9vient les blessures en r\u00e9partissant uniform\u00e9ment la pression. <\/li>\n<\/ul>\n\n\n\n<p><strong>Le matelas \u00e0 haut risque est facile \u00e0 r\u00e9gler et \u00e0 installer, parfait pour une utilisation \u00e0 la maison ou \u00e0 l'h\u00f4pital. <\/strong><\/p>\n\n\n\n<p>N'oubliez pas qu'en plus de la location et de la vente de matelas anti-escarres \u00e0 haut risque, <strong>Mia Medical<\/strong> dispose \u00e9galement\u00a0<strong><a href=\"https:\/\/www.miamedicalitalia.it\/fr\/produit\/vendita-letto-elettrico-elevabile-3-snodi-per-disabili-e-anziani\/\">location de lits orthop\u00e9diques \u00e9lectriques<\/a>.<\/strong> A voir !<\/p>\n\n\n\n<h4 class=\"wp-block-heading\" id=\"h-informazioni-tecniche-high-cure\">Informations techniques HIGH CURE<\/h4>\n\n\n\n<figure class=\"wp-block-table\"><table class=\"has-fixed-layout\"><tbody><tr><td><strong>Type<\/strong><\/td><td>Matelas pneumatique avec compresseur \u00e0 commande num\u00e9rique<\/td><\/tr><tr><td><strong>Mat\u00e9riau<\/strong><\/td><td>Nylon + TPU imperm\u00e9able et respirant<\/td><\/tr><tr><td><strong>Couverture<\/strong><\/td><td>Nylon + PU avec traitement antimicrobien aux ions d'argent<\/td><\/tr><tr><td><strong>Nombre d'\u00e9l\u00e9ments<\/strong><\/td><td>20 interchangeables<\/td><\/tr><tr><td><strong>\u00c9l\u00e9ments micro-creux<\/strong><\/td><td>9 avec ventilation forc\u00e9e (FAIBLE PERTE D'AIR)<\/td><\/tr><tr><td><strong>Hauteur du matelas<\/strong><\/td><td>20,3 cm<\/td><\/tr><tr><td><strong>Dimensions du matelas<\/strong><\/td><td>200 x 90 cm<\/td><\/tr><tr><td><strong>Poids maximal du patient<\/strong><\/td><td>200 kg<\/td><\/tr><tr><td><strong>Pression r\u00e9glable<\/strong><\/td><td>15 - 40 mmHg<\/td><\/tr><tr><td><strong>Bruit<\/strong><\/td><td>&lt; 26 dB<\/td><\/tr><tr><td><strong>Alimentation \u00e9lectrique<\/strong><\/td><td>220 - 240 V \/ 50 Hz<\/td><\/tr><tr><td><strong>Dur\u00e9e d'un cycle <\/strong><\/td><td>9,6 minutes<\/td><\/tr><\/tbody><\/table><\/figure>\n\n\n\n<p>Cliquez sur <a href=\"https:\/\/www.wimed.it\/wp-content\/uploads\/2024\/08\/WI-H_ST-20035_SISTEMA-HIGH-CURE_94140000_rev.5.pdf\">ICI<\/a> pour la carte compl\u00e8te !<\/p>\n\n\n\n<h2 class=\"wp-block-heading\" id=\"h-perche-acquistare-un-materasso-antidecubito-ad-alto-rischio\">Pourquoi acheter un matelas anti-escarres \u00e0 haut risque ?<\/h2>\n\n\n\n<ul class=\"wp-block-list\">\n<li><strong>R\u00e9duction<\/strong> de <strong>risque<\/strong> par <strong>escarres<\/strong> jusqu'au stade IV<\/li>\n\n\n\n<li><strong>Am\u00e9lioration de la circulation sanguine<\/strong> e <strong>r\u00e9duction de la pression cutan\u00e9e<\/strong><\/li>\n\n\n\n<li><strong>Am\u00e9lioration de l'hygi\u00e8ne <\/strong>gr\u00e2ce \u00e0 un traitement antimicrobien imperm\u00e9able<\/li>\n\n\n\n<li><strong>Silencieux<\/strong> e <strong>confortable<\/strong>avec un bruit inf\u00e9rieur \u00e0 26 dB<\/li>\n\n\n\n<li><strong>Facile<\/strong> de <strong>installer<\/strong> e <strong>r\u00e9guli\u00e8re<\/strong>, <strong>compatible avec les lits d'h\u00f4pitaux et les lits orthop\u00e9diques<\/strong><\/li>\n<\/ul>\n\n\n\n<h2 class=\"wp-block-heading\" id=\"h-come-funziona\">Comment cela fonctionne-t-il ? <\/h2>\n\n\n\n<p>Les <strong>matelas anti-escarres <\/strong>l'air <strong>HAUTE CURE <\/strong>utilise un <strong>compresseur num\u00e9rique <\/strong>gonflage et<br>d\u00e9gonfler alternativement les cellules d'air, en veillant \u00e0 ce que :<\/p>\n\n\n\n<ul class=\"wp-block-list\">\n<li>D<strong>r\u00e9partition uniforme du poids<\/strong> pour \u00e9viter les points de pression prolong\u00e9s.<\/li>\n\n\n\n<li><strong>Meilleure irrigation sanguine des tissus<\/strong> pour une r\u00e9g\u00e9n\u00e9ration plus rapide.<\/li>\n\n\n\n<li><strong>Ventilation constante <\/strong>pour garder la peau s\u00e8che.<\/li>\n<\/ul>\n\n\n\n<p>De plus, gr\u00e2ce \u00e0 la technologie CELL-ON-CELL, le matelas est divis\u00e9 en deux parties : la couche de base et la couche de fond.<br>reste gonfl\u00e9 pour assurer un soutien constant m\u00eame en cas de manque d'eau.<br>actuel. Les trois premiers \u00e9l\u00e9ments de la partie sup\u00e9rieure restent fixes pour offrir le plus grand confort et le meilleur soutien \u00e0 la r\u00e9gion du cou. <\/p>\n\n\n\n<p>Nous ne vous avons pas encore convaincu ? <a href=\"https:\/\/www.trustindex.io\/reviews\/www.miamedicalitalia.it\">D\u00e9couvrez ce que disent nos clients <\/a>sur notre <strong>vente et location de matelas anti-escarres \u00e0 haut risque !<\/strong> Ensuite, contactez-nous pour r\u00e9server la v\u00f4tre. <\/p>","protected":false},"excerpt":{"rendered":"<div style=\"font-family: Arial, sans-serif; background-color: #234091; padding: 30px; border-radius: 25px; max-width: 600px; color: #ffffff; position: relative; border-top: 6px solid #2498fe;\">\n<h3 style=\"margin-top: 0; margin-bottom: 15px; color: #ffffff;\">Ne manquez pas l'offre sp\u00e9ciale !<\/h3>\n<p>Jusqu'\u00e0 \u00e9puisement des stocks.<\/p>\n<p>De plus, la <strong>La livraison est gratuite.<\/strong>!<\/p>\n<\/div>\n<p><!-- Linea bianca sotto --><\/p>\n<div style=\"height: 6px; background-color: #ffffff; max-width: 600px;\">\u00a0<\/div>","protected":false},"featured_media":12510,"template":"","meta":{"_acf_changed":false},"home-category":[263],"product_brand":[],"product_cat":[261,532],"product_tag":[39,40,41],"woo-feed-brand":[],"class_list":{"0":"post-9030","1":"product","2":"type-product","3":"status-publish","4":"has-post-thumbnail","6":"home-category-ausili","7":"product_cat-vendita-ausili","8":"product_cat-vendita-materassi-antidecubito-ad-alto-rischio","9":"product_tag-materasso-ad-alto-rischio","10":"product_tag-materasso-antidecubito","11":"product_tag-vendita-materasso","12":"product_shipping_class-ausili-grandi","14":"first","15":"instock","16":"sale","17":"shipping-taxable","18":"purchasable","19":"product-type-simple"},"acf":[],"yoast_head":"<!-- This site is optimized with the Yoast SEO Premium plugin v27.3 (Yoast SEO v27.3) - https:\/\/yoast.com\/product\/yoast-seo-premium-wordpress\/ -->\n<title>Vendita Materasso Antidecubito ad Alto rischio - Mia Medical<\/title>\n<meta name=\"description\" content=\"Vendita materasso antidecubito ad alto rischio. Consegna gratuita in tutta Italia. Disponibilit\u00e0 immediata. Offerta speciale fino ad esaurimento scorte.\" \/>\n<meta name=\"robots\" content=\"index, follow, max-snippet:-1, max-image-preview:large, max-video-preview:-1\" \/>\n<link rel=\"canonical\" href=\"https:\/\/www.miamedicalitalia.it\/fr\/produit\/vendita-materasso-antidecubito-ad-alto-rischio\/\" \/>\n<meta property=\"og:locale\" content=\"fr_FR\" \/>\n<meta property=\"og:type\" content=\"article\" \/>\n<meta property=\"og:title\" content=\"Vendita Materasso Antidecubito ad Alto rischio - Mia Medical\" \/>\n<meta property=\"og:description\" content=\"Vendita materasso antidecubito ad alto rischio. Consegna gratuita in tutta Italia. Disponibilit\u00e0 immediata. Offerta speciale fino ad esaurimento scorte.\" \/>\n<meta property=\"og:url\" content=\"https:\/\/www.miamedicalitalia.it\/fr\/produit\/vendita-materasso-antidecubito-ad-alto-rischio\/\" \/>\n<meta property=\"og:site_name\" content=\"Mia Medical\" \/>\n<meta property=\"article:publisher\" content=\"https:\/\/www.facebook.com\/miamedicalitalia\" \/>\n<meta property=\"article:modified_time\" content=\"2026-03-06T15:08:32+00:00\" \/>\n<meta property=\"og:image\" content=\"https:\/\/www.miamedicalitalia.it\/wp-content\/uploads\/2022\/12\/materasso-antidecubito-alto-rischio.-1-1.jpg\" \/>\n\t<meta property=\"og:image:width\" content=\"1000\" \/>\n\t<meta property=\"og:image:height\" content=\"1000\" \/>\n\t<meta property=\"og:image:type\" content=\"image\/jpeg\" \/>\n<meta name=\"twitter:card\" content=\"summary_large_image\" \/>\n<meta name=\"twitter:label1\" content=\"Dur\u00e9e de lecture estim\u00e9e\" \/>\n\t<meta name=\"twitter:data1\" content=\"4 minutes\" \/>\n<script type=\"application\/ld+json\" class=\"yoast-schema-graph\">{\"@context\":\"https:\\\/\\\/schema.org\",\"@graph\":[{\"@type\":\"WebPage\",\"@id\":\"https:\\\/\\\/www.miamedicalitalia.it\\\/prodotto\\\/vendita-materasso-antidecubito-ad-alto-rischio\\\/\",\"url\":\"https:\\\/\\\/www.miamedicalitalia.it\\\/prodotto\\\/vendita-materasso-antidecubito-ad-alto-rischio\\\/\",\"name\":\"Vendita Materasso Antidecubito ad Alto rischio - Mia Medical\",\"isPartOf\":{\"@id\":\"https:\\\/\\\/www.miamedicalitalia.it\\\/#website\"},\"primaryImageOfPage\":{\"@id\":\"https:\\\/\\\/www.miamedicalitalia.it\\\/prodotto\\\/vendita-materasso-antidecubito-ad-alto-rischio\\\/#primaryimage\"},\"image\":{\"@id\":\"https:\\\/\\\/www.miamedicalitalia.it\\\/prodotto\\\/vendita-materasso-antidecubito-ad-alto-rischio\\\/#primaryimage\"},\"thumbnailUrl\":\"https:\\\/\\\/www.miamedicalitalia.it\\\/wp-content\\\/uploads\\\/2022\\\/12\\\/materasso-antidecubito-alto-rischio.-1-1.jpg\",\"datePublished\":\"2022-12-21T16:15:19+00:00\",\"dateModified\":\"2026-03-06T15:08:32+00:00\",\"description\":\"Vendita materasso antidecubito ad alto rischio. Consegna gratuita in tutta Italia. Disponibilit\u00e0 immediata. Offerta speciale fino ad esaurimento scorte.\",\"breadcrumb\":{\"@id\":\"https:\\\/\\\/www.miamedicalitalia.it\\\/prodotto\\\/vendita-materasso-antidecubito-ad-alto-rischio\\\/#breadcrumb\"},\"inLanguage\":\"fr-FR\",\"potentialAction\":[{\"@type\":\"ReadAction\",\"target\":[\"https:\\\/\\\/www.miamedicalitalia.it\\\/prodotto\\\/vendita-materasso-antidecubito-ad-alto-rischio\\\/\"]}]},{\"@type\":\"ImageObject\",\"inLanguage\":\"fr-FR\",\"@id\":\"https:\\\/\\\/www.miamedicalitalia.it\\\/prodotto\\\/vendita-materasso-antidecubito-ad-alto-rischio\\\/#primaryimage\",\"url\":\"https:\\\/\\\/www.miamedicalitalia.it\\\/wp-content\\\/uploads\\\/2022\\\/12\\\/materasso-antidecubito-alto-rischio.-1-1.jpg\",\"contentUrl\":\"https:\\\/\\\/www.miamedicalitalia.it\\\/wp-content\\\/uploads\\\/2022\\\/12\\\/materasso-antidecubito-alto-rischio.-1-1.jpg\",\"width\":1000,\"height\":1000},{\"@type\":\"BreadcrumbList\",\"@id\":\"https:\\\/\\\/www.miamedicalitalia.it\\\/prodotto\\\/vendita-materasso-antidecubito-ad-alto-rischio\\\/#breadcrumb\",\"itemListElement\":[{\"@type\":\"ListItem\",\"position\":1,\"name\":\"Home\",\"item\":\"https:\\\/\\\/www.miamedicalitalia.it\\\/\"},{\"@type\":\"ListItem\",\"position\":2,\"name\":\"Shop\",\"item\":\"https:\\\/\\\/www.miamedicalitalia.it\\\/negozio\\\/\"},{\"@type\":\"ListItem\",\"position\":3,\"name\":\"Vendita\",\"item\":\"https:\\\/\\\/www.miamedicalitalia.it\\\/categoria\\\/vendita-ausili\\\/\"},{\"@type\":\"ListItem\",\"position\":4,\"name\":\"Vendita Materasso Antidecubito ad Alto rischio\"}]},{\"@type\":\"WebSite\",\"@id\":\"https:\\\/\\\/www.miamedicalitalia.it\\\/#website\",\"url\":\"https:\\\/\\\/www.miamedicalitalia.it\\\/\",\"name\":\"www.miamedicalitalia.it\",\"description\":\"Noleggio e Vendita Attrezzatura Sanitarie\",\"publisher\":{\"@id\":\"https:\\\/\\\/www.miamedicalitalia.it\\\/#organization\"},\"potentialAction\":[{\"@type\":\"SearchAction\",\"target\":{\"@type\":\"EntryPoint\",\"urlTemplate\":\"https:\\\/\\\/www.miamedicalitalia.it\\\/?s={search_term_string}\"},\"query-input\":{\"@type\":\"PropertyValueSpecification\",\"valueRequired\":true,\"valueName\":\"search_term_string\"}}],\"inLanguage\":\"fr-FR\"},{\"@type\":\"Organization\",\"@id\":\"https:\\\/\\\/www.miamedicalitalia.it\\\/#organization\",\"name\":\"OLG\",\"url\":\"https:\\\/\\\/www.miamedicalitalia.it\\\/\",\"logo\":{\"@type\":\"ImageObject\",\"inLanguage\":\"fr-FR\",\"@id\":\"https:\\\/\\\/www.miamedicalitalia.it\\\/#\\\/schema\\\/logo\\\/image\\\/\",\"url\":\"https:\\\/\\\/www.miamedicalitalia.it\\\/wp-content\\\/uploads\\\/2023\\\/04\\\/mia-medical-logo-free.png\",\"contentUrl\":\"https:\\\/\\\/www.miamedicalitalia.it\\\/wp-content\\\/uploads\\\/2023\\\/04\\\/mia-medical-logo-free.png\",\"width\":700,\"height\":700,\"caption\":\"OLG\"},\"image\":{\"@id\":\"https:\\\/\\\/www.miamedicalitalia.it\\\/#\\\/schema\\\/logo\\\/image\\\/\"},\"sameAs\":[\"https:\\\/\\\/www.facebook.com\\\/miamedicalitalia\"]}]}<\/script>\n<!-- \/ Yoast SEO Premium plugin. -->","yoast_head_json":{"title":"Vente de matelas anti-escarres \u00e0 haut risque - Mia Medical","description":"Vente de matelas anti-escarres \u00e0 haut risque. Livraison gratuite dans toute l'Italie. Disponibilit\u00e9 imm\u00e9diate. Offre sp\u00e9ciale jusqu'\u00e0 \u00e9puisement des stocks.","robots":{"index":"index","follow":"follow","max-snippet":"max-snippet:-1","max-image-preview":"max-image-preview:large","max-video-preview":"max-video-preview:-1"},"canonical":"https:\/\/www.miamedicalitalia.it\/fr\/produit\/vendita-materasso-antidecubito-ad-alto-rischio\/","og_locale":"fr_FR","og_type":"article","og_title":"Vendita Materasso Antidecubito ad Alto rischio - Mia Medical","og_description":"Vendita materasso antidecubito ad alto rischio. Consegna gratuita in tutta Italia. Disponibilit\u00e0 immediata. Offerta speciale fino ad esaurimento scorte.","og_url":"https:\/\/www.miamedicalitalia.it\/fr\/produit\/vendita-materasso-antidecubito-ad-alto-rischio\/","og_site_name":"Mia Medical","article_publisher":"https:\/\/www.facebook.com\/miamedicalitalia","article_modified_time":"2026-03-06T15:08:32+00:00","og_image":[{"width":1000,"height":1000,"url":"https:\/\/www.miamedicalitalia.it\/wp-content\/uploads\/2022\/12\/materasso-antidecubito-alto-rischio.-1-1.jpg","type":"image\/jpeg"}],"twitter_card":"summary_large_image","twitter_misc":{"Dur\u00e9e de lecture estim\u00e9e":"4 minutes"},"schema":{"@context":"https:\/\/schema.org","@graph":[{"@type":"WebPage","@id":"https:\/\/www.miamedicalitalia.it\/prodotto\/vendita-materasso-antidecubito-ad-alto-rischio\/","url":"https:\/\/www.miamedicalitalia.it\/prodotto\/vendita-materasso-antidecubito-ad-alto-rischio\/","name":"Vente de matelas anti-escarres \u00e0 haut risque - Mia Medical","isPartOf":{"@id":"https:\/\/www.miamedicalitalia.it\/#website"},"primaryImageOfPage":{"@id":"https:\/\/www.miamedicalitalia.it\/prodotto\/vendita-materasso-antidecubito-ad-alto-rischio\/#primaryimage"},"image":{"@id":"https:\/\/www.miamedicalitalia.it\/prodotto\/vendita-materasso-antidecubito-ad-alto-rischio\/#primaryimage"},"thumbnailUrl":"https:\/\/www.miamedicalitalia.it\/wp-content\/uploads\/2022\/12\/materasso-antidecubito-alto-rischio.-1-1.jpg","datePublished":"2022-12-21T16:15:19+00:00","dateModified":"2026-03-06T15:08:32+00:00","description":"Vente de matelas anti-escarres \u00e0 haut risque. Livraison gratuite dans toute l'Italie. Disponibilit\u00e9 imm\u00e9diate. Offre sp\u00e9ciale jusqu'\u00e0 \u00e9puisement des stocks.","breadcrumb":{"@id":"https:\/\/www.miamedicalitalia.it\/prodotto\/vendita-materasso-antidecubito-ad-alto-rischio\/#breadcrumb"},"inLanguage":"fr-FR","potentialAction":[{"@type":"ReadAction","target":["https:\/\/www.miamedicalitalia.it\/prodotto\/vendita-materasso-antidecubito-ad-alto-rischio\/"]}]},{"@type":"ImageObject","inLanguage":"fr-FR","@id":"https:\/\/www.miamedicalitalia.it\/prodotto\/vendita-materasso-antidecubito-ad-alto-rischio\/#primaryimage","url":"https:\/\/www.miamedicalitalia.it\/wp-content\/uploads\/2022\/12\/materasso-antidecubito-alto-rischio.-1-1.jpg","contentUrl":"https:\/\/www.miamedicalitalia.it\/wp-content\/uploads\/2022\/12\/materasso-antidecubito-alto-rischio.-1-1.jpg","width":1000,"height":1000},{"@type":"BreadcrumbList","@id":"https:\/\/www.miamedicalitalia.it\/prodotto\/vendita-materasso-antidecubito-ad-alto-rischio\/#breadcrumb","itemListElement":[{"@type":"ListItem","position":1,"name":"Home","item":"https:\/\/www.miamedicalitalia.it\/"},{"@type":"ListItem","position":2,"name":"Shop","item":"https:\/\/www.miamedicalitalia.it\/negozio\/"},{"@type":"ListItem","position":3,"name":"Vendita","item":"https:\/\/www.miamedicalitalia.it\/categoria\/vendita-ausili\/"},{"@type":"ListItem","position":4,"name":"Vendita Materasso Antidecubito ad Alto rischio"}]},{"@type":"WebSite","@id":"https:\/\/www.miamedicalitalia.it\/#website","url":"https:\/\/www.miamedicalitalia.it\/","name":"www.miamedicalitalia.it","description":"Location et vente d'\u00e9quipements sanitaires","publisher":{"@id":"https:\/\/www.miamedicalitalia.it\/#organization"},"potentialAction":[{"@type":"SearchAction","target":{"@type":"EntryPoint","urlTemplate":"https:\/\/www.miamedicalitalia.it\/?s={search_term_string}"},"query-input":{"@type":"PropertyValueSpecification","valueRequired":true,"valueName":"search_term_string"}}],"inLanguage":"fr-FR"},{"@type":"Organization","@id":"https:\/\/www.miamedicalitalia.it\/#organization","name":"OLG","url":"https:\/\/www.miamedicalitalia.it\/","logo":{"@type":"ImageObject","inLanguage":"fr-FR","@id":"https:\/\/www.miamedicalitalia.it\/#\/schema\/logo\/image\/","url":"https:\/\/www.miamedicalitalia.it\/wp-content\/uploads\/2023\/04\/mia-medical-logo-free.png","contentUrl":"https:\/\/www.miamedicalitalia.it\/wp-content\/uploads\/2023\/04\/mia-medical-logo-free.png","width":700,"height":700,"caption":"OLG"},"image":{"@id":"https:\/\/www.miamedicalitalia.it\/#\/schema\/logo\/image\/"},"sameAs":["https:\/\/www.facebook.com\/miamedicalitalia"]}]}},"wcpa_form_fields":null,"_links":{"self":[{"href":"https:\/\/www.miamedicalitalia.it\/fr\/wp-json\/wp\/v2\/product\/9030","targetHints":{"allow":["GET"]}}],"collection":[{"href":"https:\/\/www.miamedicalitalia.it\/fr\/wp-json\/wp\/v2\/product"}],"about":[{"href":"https:\/\/www.miamedicalitalia.it\/fr\/wp-json\/wp\/v2\/types\/product"}],"wp:featuredmedia":[{"embeddable":true,"href":"https:\/\/www.miamedicalitalia.it\/fr\/wp-json\/wp\/v2\/media\/12510"}],"wp:attachment":[{"href":"https:\/\/www.miamedicalitalia.it\/fr\/wp-json\/wp\/v2\/media?parent=9030"}],"wp:term":[{"taxonomy":"home-category","embeddable":true,"href":"https:\/\/www.miamedicalitalia.it\/fr\/wp-json\/wp\/v2\/home-category?post=9030"},{"taxonomy":"product_brand","embeddable":true,"href":"https:\/\/www.miamedicalitalia.it\/fr\/wp-json\/wp\/v2\/product_brand?post=9030"},{"taxonomy":"product_cat","embeddable":true,"href":"https:\/\/www.miamedicalitalia.it\/fr\/wp-json\/wp\/v2\/product_cat?post=9030"},{"taxonomy":"product_tag","embeddable":true,"href":"https:\/\/www.miamedicalitalia.it\/fr\/wp-json\/wp\/v2\/product_tag?post=9030"},{"taxonomy":"woo-feed-brand","embeddable":true,"href":"https:\/\/www.miamedicalitalia.it\/fr\/wp-json\/wp\/v2\/woo-feed-brand?post=9030"}],"curies":[{"name":"wp","href":"https:\/\/api.w.org\/{rel}","templated":true}]}}