{"id":8959,"date":"2022-12-21T17:14:58","date_gmt":"2022-12-21T16:14:58","guid":{"rendered":"https:\/\/www.miamedicalitalia.it\/?post_type=product&#038;p=8959"},"modified":"2026-01-13T13:05:45","modified_gmt":"2026-01-13T11:05:45","slug":"noleggio-deambulatore-in-alluminio","status":"publish","type":"product","link":"https:\/\/www.miamedicalitalia.it\/fr\/produit\/noleggio-deambulatore-in-alluminio\/","title":{"rendered":"Location de marcheurs ultral\u00e9gers pliants en aluminium | Rome et Florence"},"content":{"rendered":"<p>Vous avez besoin d'une aide \u00e0 la marche en toute s\u00e9curit\u00e9 ? Notre service de <strong>location d'un d\u00e9ambulateur \u00e0 quatre roues en aluminium, pliable et ultral\u00e9ger<\/strong>&nbsp;est la solution id\u00e9ale pour am\u00e9liorer votre mobilit\u00e9 de mani\u00e8re pratique et confortable.<\/p>\n\n\n\n<h4 class=\"wp-block-heading\" id=\"h-cos-e-un-deambulatore-pieghevole-e-ultraleggero-a-quattro-ruote\">Qu'est-ce qu'un d\u00e9ambulateur pliable et ultral\u00e9ger \u00e0 quatre roues ?<\/h4>\n\n\n\n<p>Un d\u00e9ambulateur est une aide \u00e0 la mobilit\u00e9 con\u00e7ue pour fournir&nbsp;<strong>stabilit\u00e9, s\u00e9curit\u00e9 et facilit\u00e9 de mouvement<\/strong>. Ce mod\u00e8le, r\u00e9alis\u00e9 en&nbsp;<strong>aluminium l\u00e9ger<\/strong>est \u00e9quip\u00e9 de&nbsp;<strong>quatre-roues<\/strong>, <strong>poign\u00e9es ergonomiques<\/strong> et un syst\u00e8me de freinage pratique pour une utilisation s\u00fbre \u00e0 l'int\u00e9rieur comme \u00e0 l'ext\u00e9rieur. En outre, sa fonction <strong>pliable<\/strong> facilite son transport. <\/p>\n\n\n\n<h4 class=\"wp-block-heading\" id=\"h-a-chi-e-indicato-il-servizio-di-noleggio-di-un-deambulatore-roma-e-firenze\">Pour qui le service de location de d\u00e9ambulateurs est-il indiqu\u00e9 ? - Rome et Florence <\/h4>\n\n\n\n<p>Marcheurs&nbsp;<strong>sont indiqu\u00e9s lors de la r\u00e9\u00e9ducation de la marche chez les personnes \u00e2g\u00e9es ou pr\u00e9sentant des limitations fonctionnelles diverses<\/strong>. Ils offrent une stabilit\u00e9, une facilit\u00e9 d'utilisation et am\u00e9liorent la sensation d'\u00e9quilibre de l'utilisateur.<\/p>\n\n\n\n<p>Le d\u00e9ambulateur pliant ultral\u00e9ger en aluminium avec quatre roues est id\u00e9al pour :<\/p>\n\n\n\n<ul class=\"wp-block-list\">\n<li><strong>Personnes ayant des difficult\u00e9s motrices<\/strong>&nbsp;qui ont besoin d'un support stable pour marcher.<\/li>\n\n\n\n<li><strong>Patients en cours de r\u00e9\u00e9ducation<\/strong>&nbsp;apr\u00e8s une intervention chirurgicale ou un traumatisme des membres inf\u00e9rieurs.<\/li>\n\n\n\n<li><strong>Personnes \u00e2g\u00e9es ayant des probl\u00e8mes d'\u00e9quilibre<\/strong>&nbsp;qui recherchent une aide s\u00fbre et facile \u00e0 man\u0153uvrer.<\/li>\n\n\n\n<li><strong>Personnes souffrant de faiblesse musculaire<\/strong>&nbsp;qui veulent r\u00e9duire l'effort de marche.<\/li>\n<\/ul>\n\n\n\n<h4 class=\"wp-block-heading\" id=\"h-perche-noleggiare-un-deambulatore-invece-di-acquistarlo\">Pourquoi louer un d\u00e9ambulateur plut\u00f4t que d'en acheter un ?<\/h4>\n\n\n\n<p>La location d'un d\u00e9ambulateur ultral\u00e9ger et pliable \u00e0 quatre roues \u00e0 Rome et \u00e0 Florence est la solution la plus pratique si vous n'avez besoin d'aide que pour une p\u00e9riode limit\u00e9e, par exemple lors d'une convalescence postop\u00e9ratoire ou d'une th\u00e9rapie de r\u00e9adaptation.<\/p>\n\n\n\n<ul class=\"wp-block-list\">\n<li><strong>\u00c9conomiser de l'argent<\/strong>&nbsp;par rapport \u00e0 l'achat.<\/li>\n\n\n\n<li><strong>Flexibilit\u00e9 maximale<\/strong>ne l'utilisez que le temps n\u00e9cessaire.<\/li>\n\n\n\n<li><strong>D\u00e9sinfect\u00e9 et pr\u00eat \u00e0 l'emploi<\/strong>sans entretien.<\/li>\n\n\n\n<li><strong>Possibilit\u00e9 de remplacement ou de mise \u00e0 niveau<\/strong>&nbsp;en fonction de vos besoins.<\/li>\n<\/ul>\n\n\n\n<h4 class=\"wp-block-heading\" id=\"h-caratteristiche-tecniche-del-deambulatore-ultraleggero-e-pieghevole\">Sp\u00e9cifications techniques du d\u00e9ambulateur ultral\u00e9ger et pliable <\/h4>\n\n\n\n<ul class=\"wp-block-list\">\n<li><strong>Construction l\u00e9g\u00e8re en aluminium<\/strong>durable et facile \u00e0 transporter.<\/li>\n\n\n\n<li><strong>Quatre roulettes pivotantes<\/strong>\u00a0pour une excellente man\u0153uvrabilit\u00e9.<\/li>\n\n\n\n<li><strong>Freins de s\u00e9curit\u00e9<\/strong>\u00a0pour un meilleur contr\u00f4le lors de l'utilisation.<\/li>\n\n\n\n<li><strong>Poign\u00e9es ergonomiques<\/strong>\u00a0pour une prise en main confortable et s\u00fbre.<\/li>\n\n\n\n<li><strong>Ultral\u00e9ger et pliable<\/strong>\u00a0pour s'adapter aux besoins de chacun.<\/li>\n<\/ul>\n\n\n\n<h4 class=\"wp-block-heading\" id=\"h-i-benefici\">Les avantages<\/h4>\n\n\n\n<ul class=\"wp-block-list\">\n<li><strong>Une plus grande ind\u00e9pendance<\/strong>\u00a0dans les trajets quotidiens.<\/li>\n\n\n\n<li><strong>Facilit\u00e9 d'utilisation<\/strong>m\u00eame pour ceux qui ont peu de force dans les mains.<\/li>\n\n\n\n<li><strong>Convient pour l'int\u00e9rieur <\/strong> gr\u00e2ce \u00e0 des roues maniables.<\/li>\n\n\n\n<li><strong>S\u00e9curit\u00e9 et confort<\/strong>con\u00e7us pour r\u00e9duire le risque de chute.<\/li>\n<\/ul>\n\n\n\n<p>En ce sens, il s'agit d'un outil id\u00e9al pour se d\u00e9placer \u00e0 l'int\u00e9rieur de l'Union europ\u00e9enne.&nbsp;<strong>domicile. <\/strong><\/p>\n\n\n\n<p>D\u00e9couvrez toutes les options de location et choisissez la solution qui vous convient le mieux.\u00a0<strong><a href=\"https:\/\/www.miamedicalitalia.it\/fr\/categoria\/affitto-e-noleggio-ausili\/affitto-e-noleggio-deambulatori\/?_gl=1*mca5eu*_up*MQ..*_ga*MTE3MjkzMDY2My4xNzQxOTYxNzIw*_ga_D9FZ9V3LL7*MTc0MTk2MTcyMC4xLjEuMTc0MTk2MTc0MC4wLjAuMA..\">Cliquez ici pour plus d'informations.<\/a><\/strong><\/p>\n\n\n\n<h4 class=\"wp-block-heading\" id=\"h-perche-scegliere-mia-medical\">Pourquoi choisir Mia Medical ?<\/h4>\n\n\n\n<ul class=\"wp-block-list\">\n<li><strong>Conseil personnalis\u00e9<\/strong>\u00a0pour trouver le produit qui correspond \u00e0 vos besoins.<\/li>\n\n\n\n<li><strong>Produits de haute qualit\u00e9<\/strong>certifi\u00e9s et s\u00fbrs par le <a href=\"https:\/\/www.wimed.it\/\">les meilleurs fournisseurs du march\u00e9.<\/a><\/li>\n\n\n\n<li><strong>Livraison rapide<\/strong>\u00a0e\u00a0<strong>assistance garantie<\/strong>.<\/li>\n<\/ul>\n\n\n\n<p>Vous \u00eates l'aidant d'une personne \u00e2g\u00e9e ou d\u00e9pendante et vous avez besoin d'aide ? Nos services <strong>infirmi\u00e8re<\/strong> digne de confiance <strong><a href=\"http:\/\/www.arnaldiandrea.com\">Andrea Arnaldi<\/a><\/strong> sp\u00e9cialis\u00e9 dans le domaine <strong>soins \u00e0 domicile<\/strong>et est pr\u00eat \u00e0 vous aider \u00e0 prendre soin du confort de votre maison.<\/p>\n\n\n\n<p>Besoin d'aide pour choisir le d\u00e9ambulateur qui vous convient ? <strong><a href=\"https:\/\/wa.me\/393926509237\">Contactez-nous<\/a><\/strong> pour une consultation gratuite !<\/p>","protected":false},"excerpt":{"rendered":"<div style=\"font-family: Arial, sans-serif; background-color: #234091; padding: 30px; border-radius: 25px; max-width: 600px; color: #ffffff; position: relative; border-top: 6px solid #2498fe;\">\n<h3 style=\"margin-top: 0; margin-bottom: 15px; color: #ffffff;\">Livraison \u00e0 Rome et Florence \u00e0 partir de 30\u20ac.<\/h3>\n<p><strong>Aucun d\u00e9p\u00f4t n'est requis.<\/strong><\/p>\n<p>La livraison et l'enl\u00e8vement de l'entrep\u00f4t sont <strong>GRATUIT !<\/strong><\/p>\n<\/div>\n<p><!-- Linea bianca sotto --><\/p>\n<div style=\"height: 6px; background-color: #ffffff; max-width: 600px;\">\u00a0<\/div>","protected":false},"featured_media":12305,"template":"","meta":{"_acf_changed":false},"home-category":[],"product_brand":[],"product_cat":[130],"product_tag":[37],"woo-feed-brand":[],"class_list":{"0":"post-8959","1":"product","2":"type-product","3":"status-publish","4":"has-post-thumbnail","6":"product_cat-affitto-e-noleggio-deambulatori","7":"product_tag-deambulatore-leggero-pieghevole","8":"wcpa_has_options","10":"first","11":"instock","12":"shipping-taxable","13":"purchasable","14":"product-type-variable"},"acf":[],"yoast_head":"<!-- This site is optimized with the Yoast SEO Premium plugin v27.3 (Yoast SEO v27.3) - https:\/\/yoast.com\/product\/yoast-seo-premium-wordpress\/ -->\n<title>Noleggio deambulatore pieghevole leggero | Roma e Firenze<\/title>\n<meta name=\"description\" content=\"Noleggio Deambulatore leggero a Roma e Firenze. Migliore Prezzo Garantito. Prenotazione Online. Disponibilit\u00e0 immediata. Visita il nostro Sit\" \/>\n<meta name=\"robots\" content=\"index, follow, max-snippet:-1, max-image-preview:large, max-video-preview:-1\" \/>\n<link rel=\"canonical\" href=\"https:\/\/www.miamedicalitalia.it\/fr\/produit\/noleggio-deambulatore-in-alluminio\/\" \/>\n<meta property=\"og:locale\" content=\"fr_FR\" \/>\n<meta property=\"og:type\" content=\"article\" \/>\n<meta property=\"og:title\" content=\"Noleggio deambulatore pieghevole leggero | Roma e Firenze\" \/>\n<meta property=\"og:description\" content=\"Noleggio Deambulatore leggero a Roma e Firenze. Migliore Prezzo Garantito. Prenotazione Online. Disponibilit\u00e0 immediata. Visita il nostro Sit\" \/>\n<meta property=\"og:url\" content=\"https:\/\/www.miamedicalitalia.it\/fr\/produit\/noleggio-deambulatore-in-alluminio\/\" \/>\n<meta property=\"og:site_name\" content=\"Mia Medical\" \/>\n<meta property=\"article:publisher\" content=\"https:\/\/www.facebook.com\/miamedicalitalia\" \/>\n<meta property=\"article:modified_time\" content=\"2026-01-13T11:05:45+00:00\" \/>\n<meta property=\"og:image\" content=\"https:\/\/www.miamedicalitalia.it\/wp-content\/uploads\/2022\/12\/deambulatore-4R-jpg-150x150-1.jpg\" \/>\n\t<meta property=\"og:image:width\" content=\"1000\" \/>\n\t<meta property=\"og:image:height\" content=\"1000\" \/>\n\t<meta property=\"og:image:type\" content=\"image\/jpeg\" \/>\n<meta name=\"twitter:card\" content=\"summary_large_image\" \/>\n<meta name=\"twitter:label1\" content=\"Dur\u00e9e de lecture estim\u00e9e\" \/>\n\t<meta name=\"twitter:data1\" content=\"1 minute\" \/>\n<script type=\"application\/ld+json\" class=\"yoast-schema-graph\">{\"@context\":\"https:\\\/\\\/schema.org\",\"@graph\":[{\"@type\":\"WebPage\",\"@id\":\"https:\\\/\\\/www.miamedicalitalia.it\\\/prodotto\\\/noleggio-deambulatore-in-alluminio\\\/\",\"url\":\"https:\\\/\\\/www.miamedicalitalia.it\\\/prodotto\\\/noleggio-deambulatore-in-alluminio\\\/\",\"name\":\"Noleggio deambulatore pieghevole leggero | Roma e Firenze\",\"isPartOf\":{\"@id\":\"https:\\\/\\\/www.miamedicalitalia.it\\\/#website\"},\"primaryImageOfPage\":{\"@id\":\"https:\\\/\\\/www.miamedicalitalia.it\\\/prodotto\\\/noleggio-deambulatore-in-alluminio\\\/#primaryimage\"},\"image\":{\"@id\":\"https:\\\/\\\/www.miamedicalitalia.it\\\/prodotto\\\/noleggio-deambulatore-in-alluminio\\\/#primaryimage\"},\"thumbnailUrl\":\"https:\\\/\\\/www.miamedicalitalia.it\\\/wp-content\\\/uploads\\\/2022\\\/12\\\/deambulatore-4R-jpg-150x150-1.jpg\",\"datePublished\":\"2022-12-21T16:14:58+00:00\",\"dateModified\":\"2026-01-13T11:05:45+00:00\",\"description\":\"Noleggio Deambulatore leggero a Roma e Firenze. Migliore Prezzo Garantito. Prenotazione Online. Disponibilit\u00e0 immediata. Visita il nostro Sit\",\"breadcrumb\":{\"@id\":\"https:\\\/\\\/www.miamedicalitalia.it\\\/prodotto\\\/noleggio-deambulatore-in-alluminio\\\/#breadcrumb\"},\"inLanguage\":\"fr-FR\",\"potentialAction\":[{\"@type\":\"ReadAction\",\"target\":[\"https:\\\/\\\/www.miamedicalitalia.it\\\/prodotto\\\/noleggio-deambulatore-in-alluminio\\\/\"]}]},{\"@type\":\"ImageObject\",\"inLanguage\":\"fr-FR\",\"@id\":\"https:\\\/\\\/www.miamedicalitalia.it\\\/prodotto\\\/noleggio-deambulatore-in-alluminio\\\/#primaryimage\",\"url\":\"https:\\\/\\\/www.miamedicalitalia.it\\\/wp-content\\\/uploads\\\/2022\\\/12\\\/deambulatore-4R-jpg-150x150-1.jpg\",\"contentUrl\":\"https:\\\/\\\/www.miamedicalitalia.it\\\/wp-content\\\/uploads\\\/2022\\\/12\\\/deambulatore-4R-jpg-150x150-1.jpg\",\"width\":1000,\"height\":1000},{\"@type\":\"BreadcrumbList\",\"@id\":\"https:\\\/\\\/www.miamedicalitalia.it\\\/prodotto\\\/noleggio-deambulatore-in-alluminio\\\/#breadcrumb\",\"itemListElement\":[{\"@type\":\"ListItem\",\"position\":1,\"name\":\"Home\",\"item\":\"https:\\\/\\\/www.miamedicalitalia.it\\\/\"},{\"@type\":\"ListItem\",\"position\":2,\"name\":\"Shop\",\"item\":\"https:\\\/\\\/www.miamedicalitalia.it\\\/negozio\\\/\"},{\"@type\":\"ListItem\",\"position\":3,\"name\":\"Affitto e noleggio\",\"item\":\"https:\\\/\\\/www.miamedicalitalia.it\\\/categoria\\\/affitto-e-noleggio-ausili\\\/\"},{\"@type\":\"ListItem\",\"position\":4,\"name\":\"Deambulatori e Rollatori\",\"item\":\"https:\\\/\\\/www.miamedicalitalia.it\\\/categoria\\\/affitto-e-noleggio-ausili\\\/affitto-e-noleggio-deambulatori\\\/\"},{\"@type\":\"ListItem\",\"position\":5,\"name\":\"Noleggio Deambulatore in alluminio pieghevole ultraleggero | Roma e Firenze\"}]},{\"@type\":\"WebSite\",\"@id\":\"https:\\\/\\\/www.miamedicalitalia.it\\\/#website\",\"url\":\"https:\\\/\\\/www.miamedicalitalia.it\\\/\",\"name\":\"www.miamedicalitalia.it\",\"description\":\"Noleggio e Vendita Attrezzatura Sanitarie\",\"publisher\":{\"@id\":\"https:\\\/\\\/www.miamedicalitalia.it\\\/#organization\"},\"potentialAction\":[{\"@type\":\"SearchAction\",\"target\":{\"@type\":\"EntryPoint\",\"urlTemplate\":\"https:\\\/\\\/www.miamedicalitalia.it\\\/?s={search_term_string}\"},\"query-input\":{\"@type\":\"PropertyValueSpecification\",\"valueRequired\":true,\"valueName\":\"search_term_string\"}}],\"inLanguage\":\"fr-FR\"},{\"@type\":\"Organization\",\"@id\":\"https:\\\/\\\/www.miamedicalitalia.it\\\/#organization\",\"name\":\"OLG\",\"url\":\"https:\\\/\\\/www.miamedicalitalia.it\\\/\",\"logo\":{\"@type\":\"ImageObject\",\"inLanguage\":\"fr-FR\",\"@id\":\"https:\\\/\\\/www.miamedicalitalia.it\\\/#\\\/schema\\\/logo\\\/image\\\/\",\"url\":\"https:\\\/\\\/www.miamedicalitalia.it\\\/wp-content\\\/uploads\\\/2023\\\/04\\\/mia-medical-logo-free.png\",\"contentUrl\":\"https:\\\/\\\/www.miamedicalitalia.it\\\/wp-content\\\/uploads\\\/2023\\\/04\\\/mia-medical-logo-free.png\",\"width\":700,\"height\":700,\"caption\":\"OLG\"},\"image\":{\"@id\":\"https:\\\/\\\/www.miamedicalitalia.it\\\/#\\\/schema\\\/logo\\\/image\\\/\"},\"sameAs\":[\"https:\\\/\\\/www.facebook.com\\\/miamedicalitalia\"]}]}<\/script>\n<!-- \/ Yoast SEO Premium plugin. -->","yoast_head_json":{"title":"Location de d\u00e9ambulateur pliable l\u00e9ger | Rome et Florence","description":"Location de d\u00e9ambulateurs l\u00e9gers \u00e0 Rome et Florence. Meilleur prix garanti. R\u00e9servation en ligne. Disponibilit\u00e9 imm\u00e9diate. Visitez notre site web.","robots":{"index":"index","follow":"follow","max-snippet":"max-snippet:-1","max-image-preview":"max-image-preview:large","max-video-preview":"max-video-preview:-1"},"canonical":"https:\/\/www.miamedicalitalia.it\/fr\/produit\/noleggio-deambulatore-in-alluminio\/","og_locale":"fr_FR","og_type":"article","og_title":"Noleggio deambulatore pieghevole leggero | Roma e Firenze","og_description":"Noleggio Deambulatore leggero a Roma e Firenze. Migliore Prezzo Garantito. Prenotazione Online. Disponibilit\u00e0 immediata. Visita il nostro Sit","og_url":"https:\/\/www.miamedicalitalia.it\/fr\/produit\/noleggio-deambulatore-in-alluminio\/","og_site_name":"Mia Medical","article_publisher":"https:\/\/www.facebook.com\/miamedicalitalia","article_modified_time":"2026-01-13T11:05:45+00:00","og_image":[{"width":1000,"height":1000,"url":"https:\/\/www.miamedicalitalia.it\/wp-content\/uploads\/2022\/12\/deambulatore-4R-jpg-150x150-1.jpg","type":"image\/jpeg"}],"twitter_card":"summary_large_image","twitter_misc":{"Dur\u00e9e de lecture estim\u00e9e":"1 minute"},"schema":{"@context":"https:\/\/schema.org","@graph":[{"@type":"WebPage","@id":"https:\/\/www.miamedicalitalia.it\/prodotto\/noleggio-deambulatore-in-alluminio\/","url":"https:\/\/www.miamedicalitalia.it\/prodotto\/noleggio-deambulatore-in-alluminio\/","name":"Location de d\u00e9ambulateur pliable l\u00e9ger | Rome et Florence","isPartOf":{"@id":"https:\/\/www.miamedicalitalia.it\/#website"},"primaryImageOfPage":{"@id":"https:\/\/www.miamedicalitalia.it\/prodotto\/noleggio-deambulatore-in-alluminio\/#primaryimage"},"image":{"@id":"https:\/\/www.miamedicalitalia.it\/prodotto\/noleggio-deambulatore-in-alluminio\/#primaryimage"},"thumbnailUrl":"https:\/\/www.miamedicalitalia.it\/wp-content\/uploads\/2022\/12\/deambulatore-4R-jpg-150x150-1.jpg","datePublished":"2022-12-21T16:14:58+00:00","dateModified":"2026-01-13T11:05:45+00:00","description":"Location de d\u00e9ambulateurs l\u00e9gers \u00e0 Rome et Florence. Meilleur prix garanti. R\u00e9servation en ligne. Disponibilit\u00e9 imm\u00e9diate. Visitez notre site web.","breadcrumb":{"@id":"https:\/\/www.miamedicalitalia.it\/prodotto\/noleggio-deambulatore-in-alluminio\/#breadcrumb"},"inLanguage":"fr-FR","potentialAction":[{"@type":"ReadAction","target":["https:\/\/www.miamedicalitalia.it\/prodotto\/noleggio-deambulatore-in-alluminio\/"]}]},{"@type":"ImageObject","inLanguage":"fr-FR","@id":"https:\/\/www.miamedicalitalia.it\/prodotto\/noleggio-deambulatore-in-alluminio\/#primaryimage","url":"https:\/\/www.miamedicalitalia.it\/wp-content\/uploads\/2022\/12\/deambulatore-4R-jpg-150x150-1.jpg","contentUrl":"https:\/\/www.miamedicalitalia.it\/wp-content\/uploads\/2022\/12\/deambulatore-4R-jpg-150x150-1.jpg","width":1000,"height":1000},{"@type":"BreadcrumbList","@id":"https:\/\/www.miamedicalitalia.it\/prodotto\/noleggio-deambulatore-in-alluminio\/#breadcrumb","itemListElement":[{"@type":"ListItem","position":1,"name":"Home","item":"https:\/\/www.miamedicalitalia.it\/"},{"@type":"ListItem","position":2,"name":"Shop","item":"https:\/\/www.miamedicalitalia.it\/negozio\/"},{"@type":"ListItem","position":3,"name":"Affitto e noleggio","item":"https:\/\/www.miamedicalitalia.it\/categoria\/affitto-e-noleggio-ausili\/"},{"@type":"ListItem","position":4,"name":"Deambulatori e Rollatori","item":"https:\/\/www.miamedicalitalia.it\/categoria\/affitto-e-noleggio-ausili\/affitto-e-noleggio-deambulatori\/"},{"@type":"ListItem","position":5,"name":"Noleggio Deambulatore in alluminio pieghevole ultraleggero | Roma e Firenze"}]},{"@type":"WebSite","@id":"https:\/\/www.miamedicalitalia.it\/#website","url":"https:\/\/www.miamedicalitalia.it\/","name":"www.miamedicalitalia.it","description":"Location et vente d'\u00e9quipements sanitaires","publisher":{"@id":"https:\/\/www.miamedicalitalia.it\/#organization"},"potentialAction":[{"@type":"SearchAction","target":{"@type":"EntryPoint","urlTemplate":"https:\/\/www.miamedicalitalia.it\/?s={search_term_string}"},"query-input":{"@type":"PropertyValueSpecification","valueRequired":true,"valueName":"search_term_string"}}],"inLanguage":"fr-FR"},{"@type":"Organization","@id":"https:\/\/www.miamedicalitalia.it\/#organization","name":"OLG","url":"https:\/\/www.miamedicalitalia.it\/","logo":{"@type":"ImageObject","inLanguage":"fr-FR","@id":"https:\/\/www.miamedicalitalia.it\/#\/schema\/logo\/image\/","url":"https:\/\/www.miamedicalitalia.it\/wp-content\/uploads\/2023\/04\/mia-medical-logo-free.png","contentUrl":"https:\/\/www.miamedicalitalia.it\/wp-content\/uploads\/2023\/04\/mia-medical-logo-free.png","width":700,"height":700,"caption":"OLG"},"image":{"@id":"https:\/\/www.miamedicalitalia.it\/#\/schema\/logo\/image\/"},"sameAs":["https:\/\/www.facebook.com\/miamedicalitalia"]}]}},"wcpa_form_fields":{"wcpaData":{"product":{"product_price":30,"price_html":"<span class=\"woocommerce-Price-amount amount\" aria-hidden=\"true\"><bdi><span class=\"woocommerce-Price-currencySymbol\">&euro;<\/span>30.00<\/bdi><\/span> <span aria-hidden=\"true\">\u00a0\u2013\u00a0<\/span> <span class=\"woocommerce-Price-amount amount\" aria-hidden=\"true\"><bdi><span class=\"woocommerce-Price-currencySymbol\">&euro;<\/span>100.00<\/bdi><\/span><span class=\"screen-reader-text\">Plage de prix\u00a0: &euro;30.00 \u00e0 &euro;100.00<\/span>","original_product_price":30,"price_including_tax":30,"price_excluding_tax":30,"product_id":{"parent":8959,"variation":false},"is_variable":true,"stock_status":"instock","stock_quantity":null,"parent_sku":"","product_attributes":{"quanto-costa":{"is_variation":true,"values":[]}},"custom_fields":[],"is_taxable":false,"product_name":"Noleggio Deambulatore in alluminio pieghevole ultraleggero  | Roma e Firenze","hasImage":false},"fields":{"sec_565f165582eb8c":{"extra":{"key":"sec_565f165582eb8c","section_id":"sec_565f165582eb8c","name":"Predefinito","status":1,"toggle":true,"form_id":12050,"form_rules":{"exclude_from_discount":false,"fee_label":"Fee","disp_hide_options_price":false,"disp_show_section_price":false,"disp_show_field_price":true,"layout_option":"standard","pric_use_as_fee":false,"process_fee_as":"woo_fee"},"layout_option":"standard"},"fields":[[{"active":true,"col":6,"relations":false,"cl_rule":"show","enableCl":false,"price":"","enablePrice":false,"className":"input-text","type":"date","required":true,"elementId":"date_3189538061","name":"date_3189538061","label":"A partire dal giorno:","picker_type":"custom","picker_mode":"single","error":false,"description":"Inserisci la data di inizio del noleggio","gt_translate_keys":["label","description"],"price_dependency":false,"cl_dependency":false,"value":""}]]}},"config":{"price_override":"","enable_recaptcha":false,"bind_quantity":false,"quantity_bind_formula":false,"disp_summ_show_option_price":true,"disp_summ_show_product_price":true,"disp_summ_show_total_price":true,"disp_summ_show_fee":false,"disp_summ_show_discount":false,"summary_title":"","options_total_label":"Options Price","total_label":"Total","options_product_label":"Product Price","fee_label":"Fee","discount_label":"Discount","has_price":true,"has_quantity_formula":false},"mc_unit":1,"tax_rate":1,"tax_rate_real":1,"discount":{"percentage":0,"fixed":0},"design":{"conf":{"LabelPosition":"above","DescPosition":"below","UploadField":"custom_1","QuantityFieldStyle":"default"},"css":{"LeftLabelWidth":"50px"}},"formulas":[],"lookuptables":[],"clones":false,"cartKey":false}},"_links":{"self":[{"href":"https:\/\/www.miamedicalitalia.it\/fr\/wp-json\/wp\/v2\/product\/8959","targetHints":{"allow":["GET"]}}],"collection":[{"href":"https:\/\/www.miamedicalitalia.it\/fr\/wp-json\/wp\/v2\/product"}],"about":[{"href":"https:\/\/www.miamedicalitalia.it\/fr\/wp-json\/wp\/v2\/types\/product"}],"wp:featuredmedia":[{"embeddable":true,"href":"https:\/\/www.miamedicalitalia.it\/fr\/wp-json\/wp\/v2\/media\/12305"}],"wp:attachment":[{"href":"https:\/\/www.miamedicalitalia.it\/fr\/wp-json\/wp\/v2\/media?parent=8959"}],"wp:term":[{"taxonomy":"home-category","embeddable":true,"href":"https:\/\/www.miamedicalitalia.it\/fr\/wp-json\/wp\/v2\/home-category?post=8959"},{"taxonomy":"product_brand","embeddable":true,"href":"https:\/\/www.miamedicalitalia.it\/fr\/wp-json\/wp\/v2\/product_brand?post=8959"},{"taxonomy":"product_cat","embeddable":true,"href":"https:\/\/www.miamedicalitalia.it\/fr\/wp-json\/wp\/v2\/product_cat?post=8959"},{"taxonomy":"product_tag","embeddable":true,"href":"https:\/\/www.miamedicalitalia.it\/fr\/wp-json\/wp\/v2\/product_tag?post=8959"},{"taxonomy":"woo-feed-brand","embeddable":true,"href":"https:\/\/www.miamedicalitalia.it\/fr\/wp-json\/wp\/v2\/woo-feed-brand?post=8959"}],"curies":[{"name":"wp","href":"https:\/\/api.w.org\/{rel}","templated":true}]}}