{"id":8946,"date":"2022-12-21T17:14:57","date_gmt":"2022-12-21T16:14:57","guid":{"rendered":"https:\/\/www.miamedicalitalia.it\/?post_type=product&#038;p=8946"},"modified":"2026-01-05T11:38:13","modified_gmt":"2026-01-05T09:38:13","slug":"letto-ortopedico-con-materasso-antidecubito-roma-firenze-300kg","status":"publish","type":"product","link":"https:\/\/www.miamedicalitalia.it\/fr\/produit\/letto-ortopedico-con-materasso-antidecubito-roma-firenze-300kg\/","title":{"rendered":"Location de lit hospitalier bariatrique \u00e9lectrique, largeur 120 cm, capacit\u00e9 300 kg, avec matelas anti-escarres"},"content":{"rendered":"<p>La l<strong>h\u00f4pital orthop\u00e9dique bariatrique \u00e9lectrique hectographe<\/strong> est un <strong>dispositif m\u00e9dical <\/strong>con\u00e7u pour garantir<br><strong>s\u00e9curit\u00e9<\/strong>, <strong>le confort <\/strong>e <strong>soutien<\/strong> ottimale ad anziani, persone con obesit\u00e0 grave, mobilit\u00e0 ridotta o che devono trascorrere un periodo di <strong>hospitalisation \u00e0 domicile<\/strong>. Mia Medical propose un service de location \u00e0 Rome et Florence d'une large gamme de lits orthop\u00e9diques \u00e9lectriques hospitaliers.<\/p>\n\n\n\n<p>Ce mod\u00e8le, gr\u00e2ce \u00e0 sa <strong>structure renforc\u00e9e<\/strong> avec un <strong>capacit\u00e9 de charge maximale de 300 kg<\/strong>Les rails lat\u00e9raux, l'\u00e9l\u00e9vateur triangulaire et la barre d'accouplement sont des \u00e9l\u00e9ments essentiels de la s\u00e9curit\u00e9. <strong>largeur suppl\u00e9mentaire de 120 cm<\/strong>Ce lit est id\u00e9al pour assurer la <strong>stabilit\u00e9 et confort maximums<\/strong> \u00e9galement pour <strong>patients bariatriques.<\/strong><\/p>\n\n\n\n<p>Ne laissez pas passer cette opportunit\u00e9 ! <strong>Inclus dans la location de Rome et Florence : <a href=\"https:\/\/www.miamedicalitalia.it\/fr\/produit\/vendita-materasso-antidecubito-polyplot-90cm\/\">matelas anti-escarres haute r\u00e9sistance<\/a><\/strong>con\u00e7u pour pr\u00e9venir les l\u00e9sions dues \u00e0 la pression et am\u00e9liorer la qualit\u00e9 du repos.<\/p>\n\n\n\n<p>Parfait pour les<strong>utilisation \u00e0 domicile et \u00e0 l'h\u00f4pital<\/strong>, Ce lit orthop\u00e9dique pour personnes \u00e2g\u00e9es offre des r\u00e9glages<br>un syst\u00e8me \u00e9lectrique avanc\u00e9 pour un entretien plus facile et plus confortable.<\/p>\n\n\n\n<h3 class=\"wp-block-heading\" id=\"h-a-chi-puo-essere-utile-il-noleggio-di-un-letto-elettrico-ortopedico-roma-e-firenze\">Qui peut louer un lit orthop\u00e9dique \u00e9lectrique | Rome et Florence ? <\/h3>\n\n\n\n<p>Le lit orthop\u00e9dique \u00e9lectrique est recommand\u00e9 pour :<\/p>\n\n\n\n<ul class=\"wp-block-list\">\n<li><strong>Personnes souffrant d'ob\u00e9sit\u00e9 s\u00e9v\u00e8re<\/strong> (jusqu'\u00e0 300 kg) : la structure extra-large offre plus de stabilit\u00e9 et de confort.<\/li>\n\n\n\n<li><strong>Patients \u00e0 mobilit\u00e9 r\u00e9duite ou personnes \u00e2g\u00e9es alit\u00e9es \u00e0 long terme<\/strong>: Id\u00e9al pour les personnes ayant des difficult\u00e9s \u00e0 se d\u00e9placer de mani\u00e8re autonome.<\/li>\n\n\n\n<li><strong>Sujets post-op\u00e9ratoires<\/strong>: Favorise une gu\u00e9rison en toute s\u00e9curit\u00e9, r\u00e9duisant ainsi le risque de complications.<\/li>\n\n\n\n<li><strong>Personnes souffrant de handicaps moteurs ou de troubles neurologiques<\/strong>: Facilite les soins \u00e0 domicile et \u00e0 l'h\u00f4pital.<\/li>\n\n\n\n<li><strong>Qui est expos\u00e9 au risque d'escarres ?<\/strong>: Gr\u00e2ce au matelas anti-escarres inclus, il aide \u00e0 pr\u00e9venir les l\u00e9sions dues \u00e0 la pression.<\/li>\n\n\n\n<li>Personnes qui ont besoin d'un <strong>lit confortable, pratique et s\u00fbr<\/strong> pour une p\u00e9riode de <strong>hospitalisation<\/strong> de <strong>domicile<\/strong><\/li>\n<\/ul>\n\n\n\n<p><strong>Vous cherchez le meilleur lit d'h\u00f4pital orthop\u00e9dique Bariartico ? Ce mod\u00e8le est le choix id\u00e9al !<\/strong> <\/p>\n\n\n\n<p>Voici pourquoi : <\/p>\n\n\n\n<ul class=\"wp-block-list\">\n<li><strong>Capacit\u00e9 maximale du lit<\/strong>En effet, si le patient p\u00e8se plus de 200 kg, un lit avec un cadre renforc\u00e9 et une capacit\u00e9 de charge allant jusqu'\u00e0 300 kg, comme ce mod\u00e8le, est indispensable.<\/li>\n\n\n\n<li><strong>Dimensions extra-larges<\/strong>Un lit plus large (120 cm au lieu de 90 cm) offre plus de stabilit\u00e9 et de confort.<\/li>\n\n\n\n<li><strong>Ajustements \u00e9lectriques<\/strong>Ce lit orthop\u00e9dique \u00e9lectrique permet de r\u00e9gler la hauteur, le dossier et l'angle des jambes, ce qui facilite les mouvements et am\u00e9liore la posture du patient.<\/li>\n<\/ul>\n\n\n\n<p><strong><a href=\"https:\/\/wa.me\/393926509237\">Vous avez des doutes ? Contactez-nous pour une consultation gratuite !<\/a><\/strong><\/p>\n\n\n\n<p><strong>Caract\u00e9ristiques du lit orthop\u00e9dique bariatrique \u00e9lectrique pour h\u00f4pital <\/strong><\/p>\n\n\n\n<ul class=\"wp-block-list\">\n<li>r\u00e9glage \u00e9lectrique complet.<\/li>\n\n\n\n<li>Surface nette : 200 cm x 140 cm ;<\/li>\n\n\n\n<li>Longueur totale : 220 cm ;<\/li>\n\n\n\n<li>Largeur totale : 140 cm.<\/li>\n\n\n\n<li>Poids maximal du patient : 250 kg ;<\/li>\n\n\n\n<li>Charge maximale de s\u00e9curit\u00e9 : 300Kg.<\/li>\n\n\n\n<li>R\u00e9glage de la hauteur par t\u00e9l\u00e9commande : minimum : 30 cm. - maximum : 80 cm.<\/li>\n<\/ul>\n\n\n\n<p>Gr\u00e2ce \u00e0 ces caract\u00e9ristiques, le <strong>la location du lit orthop\u00e9dique \u00e9lectrique am\u00e9liorera la qualit\u00e9 de vie du patient et simplifiera le travail des soignants.<\/strong><\/p>\n\n\n\n<h3 class=\"wp-block-heading\" id=\"h-perche-questo-modello-mia-medical\">Pourquoi ce mod\u00e8le Mia Medical ?<\/h3>\n\n\n\n<ul class=\"wp-block-list\">\n<li><strong>S\u00e9curit\u00e9 et stabilit\u00e9 accrues<\/strong> pour les personnes souffrant d'ob\u00e9sit\u00e9<\/li>\n\n\n\n<li><strong>Facilit\u00e9 d'utilisation<\/strong> avec r\u00e9glages \u00e9lectriques avanc\u00e9s<\/li>\n\n\n\n<li><strong>Confort optimal<\/strong> gr\u00e2ce \u00e0 la surlargeur et au matelas anti-escarres<\/li>\n\n\n\n<li>Parfait pour <strong>utilisation \u00e0 domicile et \u00e0 l'h\u00f4pital<\/strong><\/li>\n\n\n\n<li><strong>Facilit\u00e9 de transport et d'installation <\/strong>avec roues verrouillables<\/li>\n<\/ul>\n\n\n\n<h2 class=\"wp-block-heading\" id=\"h-come-funziona\">Comment cela fonctionne-t-il ?<\/h2>\n\n\n\n<p>Le lit d'h\u00f4pital orthop\u00e9dique est \u00e9quip\u00e9 de <strong>moteurs \u00e9lectriques<\/strong> qui permettent<br><strong>r\u00e9guli\u00e8re<\/strong> facilement :<br>\u2013 <strong>La hauteur du lit<\/strong>pour faciliter l'entr\u00e9e et la sortie du lit.<br>\u2013 <strong>L'inclinaison du dossier<\/strong>pour am\u00e9liorer la posture et le confort du patient.<br>\u2013 <strong>L'inclinaison des jambes,<\/strong>  favoriser la circulation sanguine et r\u00e9duire les gonflements<\/p>\n\n\n\n<p>Le matelas anti-escarres inclus offre une protection contre l'humidit\u00e9. <a href=\"https:\/\/www.google.com\/url?sa=t&amp;source=web&amp;rct=j&amp;opi=89978449&amp;url=https:\/\/www.gavazzeni.it\/malattie\/piaghe-decubito-lesioni-pressione\/%23:~:text%3DLe%2520piaghe%2520da%2520decubito%252C%2520chiamate,una%2520superficie%2520esterna%2520di%2520appoggio.&amp;ved=2ahUKEwj666nR0qKLAxVexAIHHdlfHvkQFnoECBIQAw&amp;usg=AOvVaw2dqHCsm4gMnJfObu94QXFk\">les escarres,<\/a><br>garantissant un sommeil s\u00fbr et confortable.<\/p>\n\n\n\n<p>Tous nos lits \u00e9lectriques sont d\u00e9sinfect\u00e9s et d\u00e9sinfectants avant d'\u00eatre livr\u00e9s. Les lits <a href=\"https:\/\/www.miamedicalitalia.it\/fr\/produit\/vendita-materasso-antidecubito-polyplot-90cm\/\">matelas fourni<\/a> est pr\u00e9ventif contre le d\u00e9cubitus et b\u00e9n\u00e9ficie d'une couverture m\u00e9dicale compl\u00e8te.<\/p>\n\n\n\n<p>Si vous \u00eates l'aidant d'une personne d\u00e9pendante et que vous avez besoin d'un coup de main, notre <strong>infirmi\u00e8re<\/strong> digne de confiance <strong><a href=\"http:\/\/www.arnaldiandrea.com\">Andrea Arnaldi<\/a><\/strong> se sp\u00e9cialise pr\u00e9cis\u00e9ment dans le domaine des soins \u00e0 domicile, de sorte que les soins peuvent \u00eatre prodigu\u00e9s dans le confort de la maison. <strong>N'h\u00e9sitez pas \u00e0 le contacter ! <\/strong><\/p>\n\n\n\n<p><a href=\"https:\/\/wa.me\/393926509237\">Contactez-nous pour votre location de lit orthop\u00e9dique !<\/a><\/p>\n\n\n\n<p><\/p>","protected":false},"excerpt":{"rendered":"<div style=\"font-family: Arial, sans-serif; background-color: #234091; padding: 30px; border-radius: 25px; max-width: 600px; color: #ffffff; position: relative; border-top: 6px solid #2498fe;\">\n<h3 style=\"margin-top: 0; margin-bottom: 15px; color: #ffffff;\">Louer un lit d'h\u00f4pital bariatrique\u00a0<\/h3>\n<p>R\u00e9servation facile, co\u00fbts clairs, aides de pointe.<\/p>\n<p><strong>Pas de d\u00e9p\u00f4t !<\/strong><\/p>\n<p><strong>Livraison \u00e0 Rome et Florence<\/strong> a domicilio incluso di montaggio a partire da 80\u20ac. Lo stesso prezzo vale anche per il ritiro!<\/p>\n<p>Le co\u00fbt sera major\u00e9 en cas de livraison \u00e0 un \u00e9tage sans ascenseur.<\/p>\n<p>La structure de ce lit est renforc\u00e9e. Le moteur est am\u00e9lior\u00e9 pour une capacit\u00e9 allant jusqu'\u00e0 <strong>300 kg<\/strong>.<\/p>\n<\/div>\n<p><!-- Linea bianca sotto --><\/p>\n<div style=\"height: 6px; background-color: #ffffff; max-width: 600px;\">\u00a0<\/div>","protected":false},"featured_media":12201,"template":"","meta":{"_acf_changed":false},"home-category":[],"product_brand":[],"product_cat":[94],"product_tag":[133,380,379,383,382,381],"woo-feed-brand":[],"class_list":{"0":"post-8946","1":"product","2":"type-product","3":"status-publish","4":"has-post-thumbnail","6":"product_cat-noleggio-letti-ortopedici-ospedalieri","7":"product_tag-letto-elettrico-per-obesi","8":"product_tag-letto-ortopedico","9":"product_tag-letto-ospedaliero","10":"product_tag-letto-per-disabili","11":"product_tag-noleggio-letto-elettrico","12":"product_tag-noleggio-letto-ospedaliero-elettrico","13":"wcpa_has_options","15":"first","16":"instock","17":"shipping-taxable","18":"purchasable","19":"product-type-variable"},"acf":[],"yoast_head":"<!-- This site is optimized with the Yoast SEO Premium plugin v27.5 (Yoast SEO v27.5) - https:\/\/yoast.com\/product\/yoast-seo-premium-wordpress\/ -->\n<title>Noleggio letti ortopedici - con materasso incluso | Roma e Firenze<\/title>\n<meta name=\"description\" content=\"Noleggio letto ortopedico bariatrico elettrico per anziani con materasso antidecubito a Roma e Firenze. Chiamaci ora al +39 392 65 09 237!\" \/>\n<meta name=\"robots\" content=\"index, follow, max-snippet:-1, max-image-preview:large, max-video-preview:-1\" \/>\n<link rel=\"canonical\" href=\"https:\/\/www.miamedicalitalia.it\/fr\/produit\/letto-ortopedico-con-materasso-antidecubito-roma-firenze-300kg\/\" \/>\n<meta property=\"og:locale\" content=\"fr_FR\" \/>\n<meta property=\"og:type\" content=\"article\" \/>\n<meta property=\"og:title\" content=\"Noleggio letti ortopedici - con materasso incluso | Roma e Firenze\" \/>\n<meta property=\"og:description\" content=\"Noleggio letto ortopedico bariatrico elettrico per anziani con materasso antidecubito a Roma e Firenze. Chiamaci ora al +39 392 65 09 237!\" \/>\n<meta property=\"og:url\" content=\"https:\/\/www.miamedicalitalia.it\/fr\/produit\/letto-ortopedico-con-materasso-antidecubito-roma-firenze-300kg\/\" \/>\n<meta property=\"og:site_name\" content=\"Mia Medical\" \/>\n<meta property=\"article:publisher\" content=\"https:\/\/www.facebook.com\/miamedicalitalia\" \/>\n<meta property=\"article:modified_time\" content=\"2026-01-05T09:38:13+00:00\" \/>\n<meta property=\"og:image\" content=\"https:\/\/www.miamedicalitalia.it\/wp-content\/uploads\/2022\/12\/letto-120-1.jpg\" \/>\n\t<meta property=\"og:image:width\" content=\"1000\" \/>\n\t<meta property=\"og:image:height\" content=\"1000\" \/>\n\t<meta property=\"og:image:type\" content=\"image\/jpeg\" \/>\n<meta name=\"twitter:card\" content=\"summary_large_image\" \/>\n<meta name=\"twitter:label1\" content=\"Dur\u00e9e de lecture estim\u00e9e\" \/>\n\t<meta name=\"twitter:data1\" content=\"1 minute\" \/>\n<script type=\"application\/ld+json\" class=\"yoast-schema-graph\">{\"@context\":\"https:\\\/\\\/schema.org\",\"@graph\":[{\"@type\":\"WebPage\",\"@id\":\"https:\\\/\\\/www.miamedicalitalia.it\\\/prodotto\\\/letto-ortopedico-con-materasso-antidecubito-roma-firenze-300kg\\\/\",\"url\":\"https:\\\/\\\/www.miamedicalitalia.it\\\/prodotto\\\/letto-ortopedico-con-materasso-antidecubito-roma-firenze-300kg\\\/\",\"name\":\"Noleggio letti ortopedici - con materasso incluso | Roma e Firenze\",\"isPartOf\":{\"@id\":\"https:\\\/\\\/www.miamedicalitalia.it\\\/#website\"},\"primaryImageOfPage\":{\"@id\":\"https:\\\/\\\/www.miamedicalitalia.it\\\/prodotto\\\/letto-ortopedico-con-materasso-antidecubito-roma-firenze-300kg\\\/#primaryimage\"},\"image\":{\"@id\":\"https:\\\/\\\/www.miamedicalitalia.it\\\/prodotto\\\/letto-ortopedico-con-materasso-antidecubito-roma-firenze-300kg\\\/#primaryimage\"},\"thumbnailUrl\":\"https:\\\/\\\/www.miamedicalitalia.it\\\/wp-content\\\/uploads\\\/2022\\\/12\\\/letto-120-1.jpg\",\"datePublished\":\"2022-12-21T16:14:57+00:00\",\"dateModified\":\"2026-01-05T09:38:13+00:00\",\"description\":\"Noleggio letto ortopedico bariatrico elettrico per anziani con materasso antidecubito a Roma e Firenze. Chiamaci ora al +39 392 65 09 237!\",\"breadcrumb\":{\"@id\":\"https:\\\/\\\/www.miamedicalitalia.it\\\/prodotto\\\/letto-ortopedico-con-materasso-antidecubito-roma-firenze-300kg\\\/#breadcrumb\"},\"inLanguage\":\"fr-FR\",\"potentialAction\":[{\"@type\":\"ReadAction\",\"target\":[\"https:\\\/\\\/www.miamedicalitalia.it\\\/prodotto\\\/letto-ortopedico-con-materasso-antidecubito-roma-firenze-300kg\\\/\"]}]},{\"@type\":\"ImageObject\",\"inLanguage\":\"fr-FR\",\"@id\":\"https:\\\/\\\/www.miamedicalitalia.it\\\/prodotto\\\/letto-ortopedico-con-materasso-antidecubito-roma-firenze-300kg\\\/#primaryimage\",\"url\":\"https:\\\/\\\/www.miamedicalitalia.it\\\/wp-content\\\/uploads\\\/2022\\\/12\\\/letto-120-1.jpg\",\"contentUrl\":\"https:\\\/\\\/www.miamedicalitalia.it\\\/wp-content\\\/uploads\\\/2022\\\/12\\\/letto-120-1.jpg\",\"width\":1000,\"height\":1000},{\"@type\":\"BreadcrumbList\",\"@id\":\"https:\\\/\\\/www.miamedicalitalia.it\\\/prodotto\\\/letto-ortopedico-con-materasso-antidecubito-roma-firenze-300kg\\\/#breadcrumb\",\"itemListElement\":[{\"@type\":\"ListItem\",\"position\":1,\"name\":\"Home\",\"item\":\"https:\\\/\\\/www.miamedicalitalia.it\\\/\"},{\"@type\":\"ListItem\",\"position\":2,\"name\":\"Shop\",\"item\":\"https:\\\/\\\/www.miamedicalitalia.it\\\/negozio\\\/\"},{\"@type\":\"ListItem\",\"position\":3,\"name\":\"Affitto e noleggio\",\"item\":\"https:\\\/\\\/www.miamedicalitalia.it\\\/categoria\\\/affitto-e-noleggio-ausili\\\/\"},{\"@type\":\"ListItem\",\"position\":4,\"name\":\"Letti ortopedici ospedalieri\",\"item\":\"https:\\\/\\\/www.miamedicalitalia.it\\\/categoria\\\/affitto-e-noleggio-ausili\\\/noleggio-letti-ortopedici-ospedalieri\\\/\"},{\"@type\":\"ListItem\",\"position\":5,\"name\":\"Noleggio Letto Ospedaliero Bariatrico Elettrico largo 120cm portata 300kg con materasso antidecubito\"}]},{\"@type\":\"WebSite\",\"@id\":\"https:\\\/\\\/www.miamedicalitalia.it\\\/#website\",\"url\":\"https:\\\/\\\/www.miamedicalitalia.it\\\/\",\"name\":\"www.miamedicalitalia.it\",\"description\":\"Noleggio e Vendita Attrezzatura Sanitarie\",\"publisher\":{\"@id\":\"https:\\\/\\\/www.miamedicalitalia.it\\\/#organization\"},\"potentialAction\":[{\"@type\":\"SearchAction\",\"target\":{\"@type\":\"EntryPoint\",\"urlTemplate\":\"https:\\\/\\\/www.miamedicalitalia.it\\\/?s={search_term_string}\"},\"query-input\":{\"@type\":\"PropertyValueSpecification\",\"valueRequired\":true,\"valueName\":\"search_term_string\"}}],\"inLanguage\":\"fr-FR\"},{\"@type\":\"Organization\",\"@id\":\"https:\\\/\\\/www.miamedicalitalia.it\\\/#organization\",\"name\":\"OLG\",\"url\":\"https:\\\/\\\/www.miamedicalitalia.it\\\/\",\"logo\":{\"@type\":\"ImageObject\",\"inLanguage\":\"fr-FR\",\"@id\":\"https:\\\/\\\/www.miamedicalitalia.it\\\/#\\\/schema\\\/logo\\\/image\\\/\",\"url\":\"https:\\\/\\\/www.miamedicalitalia.it\\\/wp-content\\\/uploads\\\/2023\\\/04\\\/mia-medical-logo-free.png\",\"contentUrl\":\"https:\\\/\\\/www.miamedicalitalia.it\\\/wp-content\\\/uploads\\\/2023\\\/04\\\/mia-medical-logo-free.png\",\"width\":700,\"height\":700,\"caption\":\"OLG\"},\"image\":{\"@id\":\"https:\\\/\\\/www.miamedicalitalia.it\\\/#\\\/schema\\\/logo\\\/image\\\/\"},\"sameAs\":[\"https:\\\/\\\/www.facebook.com\\\/miamedicalitalia\"]}]}<\/script>\n<!-- \/ Yoast SEO Premium plugin. -->","yoast_head_json":{"title":"Location de lits orthop\u00e9diques - avec matelas inclus | Rome et Florence","description":"Noleggio letto ortopedico bariatrico elettrico per anziani con materasso antidecubito a Roma e Firenze. Chiamaci ora al +39 392 65 09 237!","robots":{"index":"index","follow":"follow","max-snippet":"max-snippet:-1","max-image-preview":"max-image-preview:large","max-video-preview":"max-video-preview:-1"},"canonical":"https:\/\/www.miamedicalitalia.it\/fr\/produit\/letto-ortopedico-con-materasso-antidecubito-roma-firenze-300kg\/","og_locale":"fr_FR","og_type":"article","og_title":"Noleggio letti ortopedici - con materasso incluso | Roma e Firenze","og_description":"Noleggio letto ortopedico bariatrico elettrico per anziani con materasso antidecubito a Roma e Firenze. Chiamaci ora al +39 392 65 09 237!","og_url":"https:\/\/www.miamedicalitalia.it\/fr\/produit\/letto-ortopedico-con-materasso-antidecubito-roma-firenze-300kg\/","og_site_name":"Mia Medical","article_publisher":"https:\/\/www.facebook.com\/miamedicalitalia","article_modified_time":"2026-01-05T09:38:13+00:00","og_image":[{"width":1000,"height":1000,"url":"https:\/\/www.miamedicalitalia.it\/wp-content\/uploads\/2022\/12\/letto-120-1.jpg","type":"image\/jpeg"}],"twitter_card":"summary_large_image","twitter_misc":{"Dur\u00e9e de lecture estim\u00e9e":"1 minute"},"schema":{"@context":"https:\/\/schema.org","@graph":[{"@type":"WebPage","@id":"https:\/\/www.miamedicalitalia.it\/prodotto\/letto-ortopedico-con-materasso-antidecubito-roma-firenze-300kg\/","url":"https:\/\/www.miamedicalitalia.it\/prodotto\/letto-ortopedico-con-materasso-antidecubito-roma-firenze-300kg\/","name":"Location de lits orthop\u00e9diques - avec matelas inclus | Rome et Florence","isPartOf":{"@id":"https:\/\/www.miamedicalitalia.it\/#website"},"primaryImageOfPage":{"@id":"https:\/\/www.miamedicalitalia.it\/prodotto\/letto-ortopedico-con-materasso-antidecubito-roma-firenze-300kg\/#primaryimage"},"image":{"@id":"https:\/\/www.miamedicalitalia.it\/prodotto\/letto-ortopedico-con-materasso-antidecubito-roma-firenze-300kg\/#primaryimage"},"thumbnailUrl":"https:\/\/www.miamedicalitalia.it\/wp-content\/uploads\/2022\/12\/letto-120-1.jpg","datePublished":"2022-12-21T16:14:57+00:00","dateModified":"2026-01-05T09:38:13+00:00","description":"Noleggio letto ortopedico bariatrico elettrico per anziani con materasso antidecubito a Roma e Firenze. Chiamaci ora al +39 392 65 09 237!","breadcrumb":{"@id":"https:\/\/www.miamedicalitalia.it\/prodotto\/letto-ortopedico-con-materasso-antidecubito-roma-firenze-300kg\/#breadcrumb"},"inLanguage":"fr-FR","potentialAction":[{"@type":"ReadAction","target":["https:\/\/www.miamedicalitalia.it\/prodotto\/letto-ortopedico-con-materasso-antidecubito-roma-firenze-300kg\/"]}]},{"@type":"ImageObject","inLanguage":"fr-FR","@id":"https:\/\/www.miamedicalitalia.it\/prodotto\/letto-ortopedico-con-materasso-antidecubito-roma-firenze-300kg\/#primaryimage","url":"https:\/\/www.miamedicalitalia.it\/wp-content\/uploads\/2022\/12\/letto-120-1.jpg","contentUrl":"https:\/\/www.miamedicalitalia.it\/wp-content\/uploads\/2022\/12\/letto-120-1.jpg","width":1000,"height":1000},{"@type":"BreadcrumbList","@id":"https:\/\/www.miamedicalitalia.it\/prodotto\/letto-ortopedico-con-materasso-antidecubito-roma-firenze-300kg\/#breadcrumb","itemListElement":[{"@type":"ListItem","position":1,"name":"Home","item":"https:\/\/www.miamedicalitalia.it\/"},{"@type":"ListItem","position":2,"name":"Shop","item":"https:\/\/www.miamedicalitalia.it\/negozio\/"},{"@type":"ListItem","position":3,"name":"Affitto e noleggio","item":"https:\/\/www.miamedicalitalia.it\/categoria\/affitto-e-noleggio-ausili\/"},{"@type":"ListItem","position":4,"name":"Letti ortopedici ospedalieri","item":"https:\/\/www.miamedicalitalia.it\/categoria\/affitto-e-noleggio-ausili\/noleggio-letti-ortopedici-ospedalieri\/"},{"@type":"ListItem","position":5,"name":"Noleggio Letto Ospedaliero Bariatrico Elettrico largo 120cm portata 300kg con materasso antidecubito"}]},{"@type":"WebSite","@id":"https:\/\/www.miamedicalitalia.it\/#website","url":"https:\/\/www.miamedicalitalia.it\/","name":"www.miamedicalitalia.it","description":"Location et vente d'\u00e9quipements sanitaires","publisher":{"@id":"https:\/\/www.miamedicalitalia.it\/#organization"},"potentialAction":[{"@type":"SearchAction","target":{"@type":"EntryPoint","urlTemplate":"https:\/\/www.miamedicalitalia.it\/?s={search_term_string}"},"query-input":{"@type":"PropertyValueSpecification","valueRequired":true,"valueName":"search_term_string"}}],"inLanguage":"fr-FR"},{"@type":"Organization","@id":"https:\/\/www.miamedicalitalia.it\/#organization","name":"OLG","url":"https:\/\/www.miamedicalitalia.it\/","logo":{"@type":"ImageObject","inLanguage":"fr-FR","@id":"https:\/\/www.miamedicalitalia.it\/#\/schema\/logo\/image\/","url":"https:\/\/www.miamedicalitalia.it\/wp-content\/uploads\/2023\/04\/mia-medical-logo-free.png","contentUrl":"https:\/\/www.miamedicalitalia.it\/wp-content\/uploads\/2023\/04\/mia-medical-logo-free.png","width":700,"height":700,"caption":"OLG"},"image":{"@id":"https:\/\/www.miamedicalitalia.it\/#\/schema\/logo\/image\/"},"sameAs":["https:\/\/www.facebook.com\/miamedicalitalia"]}]}},"wcpa_form_fields":{"wcpaData":{"product":{"product_price":200,"price_html":"<span class=\"woocommerce-Price-amount amount\" aria-hidden=\"true\"><bdi><span class=\"woocommerce-Price-currencySymbol\">&euro;<\/span>200.00<\/bdi><\/span> <span aria-hidden=\"true\">\u00a0\u2013\u00a0<\/span> <span class=\"woocommerce-Price-amount amount\" aria-hidden=\"true\"><bdi><span class=\"woocommerce-Price-currencySymbol\">&euro;<\/span>495.00<\/bdi><\/span><span class=\"screen-reader-text\">Plage de prix\u00a0: &euro;200.00 \u00e0 &euro;495.00<\/span>","original_product_price":200,"price_including_tax":200,"price_excluding_tax":200,"product_id":{"parent":8946,"variation":false},"is_variable":true,"stock_status":"instock","stock_quantity":null,"parent_sku":"","product_attributes":{"quanto-costa":{"is_variation":true,"values":[]}},"custom_fields":[],"is_taxable":false,"product_name":"Noleggio Letto Ospedaliero Bariatrico Elettrico largo 120cm portata 300kg con materasso antidecubito","hasImage":false},"fields":{"sec_565f165582eb8c":{"extra":{"key":"sec_565f165582eb8c","section_id":"sec_565f165582eb8c","name":"Predefinito","status":1,"toggle":true,"form_id":12050,"form_rules":{"exclude_from_discount":false,"fee_label":"Fee","disp_hide_options_price":false,"disp_show_section_price":false,"disp_show_field_price":true,"layout_option":"standard","pric_use_as_fee":false,"process_fee_as":"woo_fee"},"layout_option":"standard"},"fields":[[{"active":true,"col":6,"relations":false,"cl_rule":"show","enableCl":false,"price":"","enablePrice":false,"className":"input-text","type":"date","required":true,"elementId":"date_3189538061","name":"date_3189538061","label":"A partire dal giorno:","picker_type":"custom","picker_mode":"single","error":false,"description":"Inserisci la data di inizio del noleggio","gt_translate_keys":["label","description"],"price_dependency":false,"cl_dependency":false,"value":""}]]}},"config":{"price_override":"","enable_recaptcha":false,"bind_quantity":false,"quantity_bind_formula":false,"disp_summ_show_option_price":true,"disp_summ_show_product_price":true,"disp_summ_show_total_price":true,"disp_summ_show_fee":false,"disp_summ_show_discount":false,"summary_title":"","options_total_label":"Options Price","total_label":"Total","options_product_label":"Product Price","fee_label":"Fee","discount_label":"Discount","has_price":true,"has_quantity_formula":false},"mc_unit":1,"tax_rate":1,"tax_rate_real":1,"discount":{"percentage":0,"fixed":0},"design":{"conf":{"LabelPosition":"above","DescPosition":"below","UploadField":"custom_1","QuantityFieldStyle":"default"},"css":{"LeftLabelWidth":"50px"}},"formulas":[],"lookuptables":[],"clones":false,"cartKey":false}},"_links":{"self":[{"href":"https:\/\/www.miamedicalitalia.it\/fr\/wp-json\/wp\/v2\/product\/8946","targetHints":{"allow":["GET"]}}],"collection":[{"href":"https:\/\/www.miamedicalitalia.it\/fr\/wp-json\/wp\/v2\/product"}],"about":[{"href":"https:\/\/www.miamedicalitalia.it\/fr\/wp-json\/wp\/v2\/types\/product"}],"wp:featuredmedia":[{"embeddable":true,"href":"https:\/\/www.miamedicalitalia.it\/fr\/wp-json\/wp\/v2\/media\/12201"}],"wp:attachment":[{"href":"https:\/\/www.miamedicalitalia.it\/fr\/wp-json\/wp\/v2\/media?parent=8946"}],"wp:term":[{"taxonomy":"home-category","embeddable":true,"href":"https:\/\/www.miamedicalitalia.it\/fr\/wp-json\/wp\/v2\/home-category?post=8946"},{"taxonomy":"product_brand","embeddable":true,"href":"https:\/\/www.miamedicalitalia.it\/fr\/wp-json\/wp\/v2\/product_brand?post=8946"},{"taxonomy":"product_cat","embeddable":true,"href":"https:\/\/www.miamedicalitalia.it\/fr\/wp-json\/wp\/v2\/product_cat?post=8946"},{"taxonomy":"product_tag","embeddable":true,"href":"https:\/\/www.miamedicalitalia.it\/fr\/wp-json\/wp\/v2\/product_tag?post=8946"},{"taxonomy":"woo-feed-brand","embeddable":true,"href":"https:\/\/www.miamedicalitalia.it\/fr\/wp-json\/wp\/v2\/woo-feed-brand?post=8946"}],"curies":[{"name":"wp","href":"https:\/\/api.w.org\/{rel}","templated":true}]}}