{"id":8940,"date":"2022-12-21T17:14:57","date_gmt":"2022-12-21T16:14:57","guid":{"rendered":"https:\/\/www.miamedicalitalia.it\/?post_type=product&#038;p=8940"},"modified":"2026-03-06T17:08:47","modified_gmt":"2026-03-06T15:08:47","slug":"vendita-materasso-antidecubito","status":"publish","type":"product","link":"https:\/\/www.miamedicalitalia.it\/fr\/produit\/vendita-materasso-antidecubito\/","title":{"rendered":"Matelas anti-escarres avec compresseur \u00e0 vendre"},"content":{"rendered":"<p>D\u00e9couvrez les <strong>service de vente Matelas anti-escarre avec compresseur Mia Medical<\/strong>Le meilleur syst\u00e8me de bulles d'air anti-escarres EASY AIR II - Protection et confort pour le sommeil <\/p>\n\n\n\n<h4 class=\"wp-block-heading\" id=\"h-cos-e-un-materasso-antidecubito-e-perche-e-importante\"><strong><a href=\"https:\/\/www.miamedicalitalia.it\/wp-admin\/about.php\">Qu'est-ce qu'un matelas anti-escarres et pourquoi est-il important ?<\/a><\/strong><\/h4>\n\n\n\n<p>A&nbsp;<strong>matelas anti-escarres<\/strong>&nbsp;est un dispositif con\u00e7u pour&nbsp;<strong>pr\u00e9venir et r\u00e9duire le risque d'escarres<\/strong>ou l\u00e9sions cutan\u00e9es provoqu\u00e9es par une pression prolong\u00e9e sur certaines zones du corps. Ces l\u00e9sions se d\u00e9veloppent chez les personnes&nbsp;<strong>mobilit\u00e9 r\u00e9duite<\/strong>qui passent de nombreuses heures au lit sans pouvoir se d\u00e9placer de mani\u00e8re autonome.<\/p>\n\n\n\n<p>Un matelas anti-escarres aide \u00e0&nbsp;<strong>r\u00e9partir le poids uniform\u00e9ment<\/strong>\u00e9viter les points de pression et am\u00e9liorer la circulation sanguine.<\/p>\n\n\n\n<h4 class=\"wp-block-heading\" id=\"h-a-chi-e-utile-il-sistema-antidecubito-easy-double\"><strong>A qui s'adresse le syst\u00e8me EASY DOUBLE Antidecubitus ?<\/strong><\/h4>\n\n\n\n<p>Notre service de vente de matelas anti-escarres \u00e0 bulles avec compresseur s'adresse en particulier aux.. : <\/p>\n\n\n\n<ul class=\"wp-block-list\">\n<li><strong>Personnes \u00e0 mobilit\u00e9 r\u00e9duite<\/strong>qui passent de nombreuses heures au lit.<\/li>\n\n\n\n<li><strong>Patients pr\u00e9sentant un faible risque d'escarres<\/strong>&nbsp;ou avec des blessures de&nbsp;<strong>premi\u00e8re \u00e9tape<\/strong>.<\/li>\n\n\n\n<li><strong>Personnes en convalescence post-op\u00e9ratoire<\/strong>qui doivent se reposer pendant une p\u00e9riode prolong\u00e9e.<\/li>\n\n\n\n<li><strong>Qui souhaite am\u00e9liorer le confort du sommeil et pr\u00e9venir l'inconfort cutan\u00e9<\/strong>.<\/li>\n<\/ul>\n\n\n\n<p><strong>Comment reconna\u00eetre les diff\u00e9rents stades du d\u00e9cubitus ?&nbsp;<\/strong><\/p>\n\n\n\n<ol class=\"wp-block-list\">\n<li><strong>Premi\u00e8re \u00e9tape<\/strong>superficielles et affectent l'\u00e9piderme.&nbsp;<\/li>\n\n\n\n<li><strong>Deuxi\u00e8me \u00e9tape<\/strong>Ils affectent le derme.<\/li>\n\n\n\n<li><strong>Troisi\u00e8me \u00e9tape<\/strong>impliquent les tissus sous-cutan\u00e9s.<\/li>\n\n\n\n<li><strong>Quatri\u00e8me \u00e9tape<\/strong>compromettre les muscles et les articulations.<\/li>\n<\/ol>\n\n\n\n<h4 class=\"wp-block-heading\" id=\"h-cosa-rende-speciale-il-sistema-easy-air-ii\">Qu'est-ce qui fait la sp\u00e9cificit\u00e9 du syst\u00e8me EASY AIR II ?<\/h4>\n\n\n\n<p>Les&nbsp;<strong>Syst\u00e8me anti-escarre EASY AIR II<\/strong>&nbsp;est compos\u00e9 d'un&nbsp;<strong>matelas \u00e0 bulles et compresseur avec r\u00e9gulateur de pression<\/strong>. Il fonctionne par l'interm\u00e9diaire d'un&nbsp;<strong>syst\u00e8me de gonflage alternatif<\/strong>qui modifie continuellement les points de contact avec la peau, am\u00e9liorant ainsi la circulation et pr\u00e9venant les blessures.<\/p>\n\n\n\n<h4 class=\"wp-block-heading\" id=\"h-caratteristiche-principali\"><strong><a href=\"https:\/\/www.wimed.it\/wp-content\/uploads\/2024\/08\/WI-H_ST-20023_SISTEMA-EASY-AIR-2_94131010_rev.2.pdf\">Caract\u00e9ristiques principales<\/a><\/strong><\/h4>\n\n\n\n<ul class=\"wp-block-list\">\n<li><strong>Syst\u00e8me de bulles d'air<\/strong>permet de r\u00e9duire la pression sur les zones les plus d\u00e9licates du corps.<\/li>\n\n\n\n<li><strong>Compresseur avec r\u00e9gulation de pression<\/strong>permet d'adapter le gonflage aux besoins du patient.<\/li>\n\n\n\n<li><strong>Cycle altern\u00e9 toutes les 12 minutes<\/strong>pour un soulagement continu et un soutien efficace.<\/li>\n\n\n\n<li><strong>Faible bruit (&lt;36 dB)<\/strong>id\u00e9al pour un sommeil paisible et sans perturbations.<\/li>\n\n\n\n<li><strong>Mat\u00e9riau PVC durable<\/strong>facile \u00e0 nettoyer et durable.<\/li>\n\n\n\n<li><strong>Installation facile et entretien minimal<\/strong>.<\/li>\n<\/ul>\n\n\n\n<p>Cliquez sur <a href=\"https:\/\/www.wimed.it\/wp-content\/uploads\/2024\/08\/WI-H_ST-20023_SISTEMA-EASY-AIR-2_94131010_rev.2.pdf\">ICI<\/a> pour consulter la fiche technique compl\u00e8te. <\/p>\n\n\n\n<h4 class=\"wp-block-heading\" id=\"h-i-benefici-del-sistema-antidecubito-easy-air-ii\"><strong>Les avantages du syst\u00e8me anti-escarres EASY AIR II<\/strong><\/h4>\n\n\n\n<ul class=\"wp-block-list\">\n<li><strong>Pr\u00e9vient les escarres<\/strong>&nbsp;premi\u00e8re \u00e9tape.<\/li>\n\n\n\n<li><strong>Am\u00e9liore le confort et le repos<\/strong>&nbsp;du patient.<\/li>\n\n\n\n<li><strong>Facile \u00e0 utiliser et \u00e0 nettoyer<\/strong>parfait pour un usage domestique.<\/li>\n\n\n\n<li><strong>R\u00e9duction de la pression sur les zones \u00e0 risque<\/strong>am\u00e9liorer la circulation sanguine.<\/li>\n\n\n\n<li><strong>Convient aux lits standard<\/strong>sans avoir \u00e0 remplacer le matelas.<\/li>\n<\/ul>\n\n\n\n<p>D\u00e9couvrez \u00e9galement la large gamme de <strong><a href=\"https:\/\/www.miamedicalitalia.it\/fr\/?s=Letti\">Lits orthop\u00e9diques \u00e9lectriques Mia Medical<\/a><\/strong>parfait pour accueillir des matelas anti-escarres pr\u00e9ventifs. Louez \u00e9galement un lit d'h\u00f4pital \u00e9lectrique Mia Medical d\u00e8s maintenant, <strong>inclus dans le prix de la location, vous recevrez \u00e9galement un matelas anti-escarres <a href=\"https:\/\/www.miamedicalitalia.it\/fr\/produit\/vendita-materasso-antidecubito-polyplot-90cm\/\">PloyPlot<\/a>! Ne laissez pas passer cette opportunit\u00e9, contactez-nous ! <\/strong><\/p>\n\n\n\n<p>Attention : la vente de ce mod\u00e8le de matelas anti-escarre avec compresseur est destin\u00e9e exclusivement aux patients souffrant de <strong>faible risque<\/strong>et\/ou pr\u00e9senter <strong>l\u00e9sions de d\u00e9cubitus de niveau 1<\/strong>. Pour toutes les personnes n\u00e9cessitant une p\u00e9riode d'alitement plus longue, ou pr\u00e9sentant des l\u00e9sions de pression \u00e0 un stade plus avanc\u00e9, il est n\u00e9cessaire d'adopter un programme de soins de longue dur\u00e9e. <a href=\"https:\/\/www.miamedicalitalia.it\/fr\/produit\/noleggio-materasso-antidecubito-ad-alto-rischio\/\"><strong>mod\u00e8le \u00e0 haut risque<\/strong>, <strong>la CURE HAUTE<\/strong>. <\/a><\/p>\n\n\n\n<p>Par ailleurs, si vous \u00eates un patient souffrant d'escarres ou l'aidant d'une personne d\u00e9pendante, nos services d'aide \u00e0 l'enfance sont \u00e0 votre disposition. <strong>infirmi\u00e8re<\/strong> digne de confiance <strong><a href=\"http:\/\/www.arnaldiandrea.com\">Andrea Arnaldi<\/a><\/strong> se sp\u00e9cialise pr\u00e9cis\u00e9ment dans le traitement des <strong>l\u00e9sions cutan\u00e9es<\/strong> et sur le terrain <strong>soins \u00e0 domicile<\/strong>. N'h\u00e9sitez pas \u00e0 le contacter, et r\u00e9alisez vos soins, ou ceux d'un proche, dans le confort de votre domicile !<\/p>\n\n\n\n<h4 class=\"wp-block-heading\" id=\"h-perche-scegliere-il-servizio-di-vendita-mia-medical\">Pourquoi choisir le service de vente de Mia Medical ?<\/h4>\n\n\n\n<p>L'achat d'un matelas anti-escarres pr\u00e9ventif est un choix important pour le bien-\u00eatre et la sant\u00e9. <strong>Mia Medical<\/strong> vous offre : <\/p>\n\n\n\n<ul class=\"wp-block-list\">\n<li><strong>Conseil personnalis\u00e9<\/strong>&nbsp;pour vous aider \u00e0 trouver le produit qui correspond \u00e0 vos besoins.<\/li>\n\n\n\n<li><a href=\"https:\/\/www.wimed.it\/\"><strong>Produits de haute qualit\u00e9<\/strong>, <strong>certifi\u00e9 et s\u00fbr.<\/strong><\/a><\/li>\n\n\n\n<li><strong>Livraison rapide et service garanti<\/strong>.<\/li>\n<\/ul>\n\n\n\n<p>Vous ne savez toujours pas quel matelas choisir ?\u00a0<a href=\"https:\/\/www.miamedicalitalia.it\/wp-admin\/about.php\"><strong>Nous avons cr\u00e9\u00e9 un guide d\u00e9taill\u00e9 pour vous aider \u00e0 faire le bon choix !<\/strong>\u00a0<\/a>Ou contactez-nous et nous vous aiderons \u00e0 trouver la meilleure solution pour vos besoins. <\/p>\n\n\n\n<p>Prot\u00e9gez votre peau et am\u00e9liorez votre repos avec le&nbsp;<strong>Syst\u00e8me anti-escarre EASY AIR II<\/strong>.&nbsp;<strong>Contactez-nous pour plus d'informations ou passez votre commande maintenant !<\/strong><\/p>\n\n\n\n<p><\/p>","protected":false},"excerpt":{"rendered":"<div style=\"font-family: Arial, sans-serif; background-color: #234091; padding: 30px; border-radius: 25px; max-width: 600px; color: #ffffff; position: relative; border-top: 6px solid #2498fe;\">\n<h3 style=\"margin-top: 0; margin-bottom: 15px; color: #ffffff;\">Ne manquez pas l'offre sp\u00e9ciale !<\/h3>\n<p>Jusqu'\u00e0 \u00e9puisement des stocks.<\/p>\n<\/div>\n<p><!-- Linea bianca sotto --><\/p>\n<div style=\"height: 6px; background-color: #ffffff; max-width: 600px;\">\u00a0<\/div>","protected":false},"featured_media":9354,"template":"","meta":{"_acf_changed":false},"home-category":[263],"product_brand":[],"product_cat":[261,532],"product_tag":[],"woo-feed-brand":[],"class_list":{"0":"post-8940","1":"product","2":"type-product","3":"status-publish","4":"has-post-thumbnail","6":"home-category-ausili","7":"product_cat-vendita-ausili","8":"product_cat-vendita-materassi-antidecubito-ad-alto-rischio","9":"product_shipping_class-elettromedicali","11":"first","12":"instock","13":"shipping-taxable","14":"purchasable","15":"product-type-simple"},"acf":[],"yoast_head":"<!-- This site is optimized with the Yoast SEO Premium plugin v27.5 (Yoast SEO v27.5) - https:\/\/yoast.com\/product\/yoast-seo-premium-wordpress\/ -->\n<title>Vendita materasso antidecubito con compressore -<\/title>\n<meta name=\"description\" content=\"Vendita materasso antidecubito con compressore per anziani e disabili EASY AIR II. Consegna in tutta l&#039;Italia, prezzo migliore del web.\" \/>\n<meta name=\"robots\" content=\"index, follow, max-snippet:-1, max-image-preview:large, max-video-preview:-1\" \/>\n<link rel=\"canonical\" href=\"https:\/\/www.miamedicalitalia.it\/fr\/produit\/vendita-materasso-antidecubito\/\" \/>\n<meta property=\"og:locale\" content=\"fr_FR\" \/>\n<meta property=\"og:type\" content=\"article\" \/>\n<meta property=\"og:title\" content=\"Vendita materasso antidecubito con compressore -\" \/>\n<meta property=\"og:description\" content=\"Vendita materasso antidecubito con compressore per anziani e disabili EASY AIR II. Consegna in tutta l&#039;Italia, prezzo migliore del web.\" \/>\n<meta property=\"og:url\" content=\"https:\/\/www.miamedicalitalia.it\/fr\/produit\/vendita-materasso-antidecubito\/\" \/>\n<meta property=\"og:site_name\" content=\"Mia Medical\" \/>\n<meta property=\"article:publisher\" content=\"https:\/\/www.facebook.com\/miamedicalitalia\" \/>\n<meta property=\"article:modified_time\" content=\"2026-03-06T15:08:47+00:00\" \/>\n<meta property=\"og:image\" content=\"https:\/\/www.miamedicalitalia.it\/wp-content\/uploads\/2022\/12\/materasso-antidecubito-con-compressore.jpg\" \/>\n\t<meta property=\"og:image:width\" content=\"800\" \/>\n\t<meta property=\"og:image:height\" content=\"800\" \/>\n\t<meta property=\"og:image:type\" content=\"image\/jpeg\" \/>\n<meta name=\"twitter:card\" content=\"summary_large_image\" \/>\n<meta name=\"twitter:label1\" content=\"Dur\u00e9e de lecture estim\u00e9e\" \/>\n\t<meta name=\"twitter:data1\" content=\"4 minutes\" \/>\n<script type=\"application\/ld+json\" class=\"yoast-schema-graph\">{\"@context\":\"https:\\\/\\\/schema.org\",\"@graph\":[{\"@type\":\"WebPage\",\"@id\":\"https:\\\/\\\/www.miamedicalitalia.it\\\/prodotto\\\/vendita-materasso-antidecubito\\\/\",\"url\":\"https:\\\/\\\/www.miamedicalitalia.it\\\/prodotto\\\/vendita-materasso-antidecubito\\\/\",\"name\":\"Vendita materasso antidecubito con compressore -\",\"isPartOf\":{\"@id\":\"https:\\\/\\\/www.miamedicalitalia.it\\\/#website\"},\"primaryImageOfPage\":{\"@id\":\"https:\\\/\\\/www.miamedicalitalia.it\\\/prodotto\\\/vendita-materasso-antidecubito\\\/#primaryimage\"},\"image\":{\"@id\":\"https:\\\/\\\/www.miamedicalitalia.it\\\/prodotto\\\/vendita-materasso-antidecubito\\\/#primaryimage\"},\"thumbnailUrl\":\"https:\\\/\\\/www.miamedicalitalia.it\\\/wp-content\\\/uploads\\\/2022\\\/12\\\/materasso-antidecubito-con-compressore.jpg\",\"datePublished\":\"2022-12-21T16:14:57+00:00\",\"dateModified\":\"2026-03-06T15:08:47+00:00\",\"description\":\"Vendita materasso antidecubito con compressore per anziani e disabili EASY AIR II. Consegna in tutta l'Italia, prezzo migliore del web.\",\"breadcrumb\":{\"@id\":\"https:\\\/\\\/www.miamedicalitalia.it\\\/prodotto\\\/vendita-materasso-antidecubito\\\/#breadcrumb\"},\"inLanguage\":\"fr-FR\",\"potentialAction\":[{\"@type\":\"ReadAction\",\"target\":[\"https:\\\/\\\/www.miamedicalitalia.it\\\/prodotto\\\/vendita-materasso-antidecubito\\\/\"]}]},{\"@type\":\"ImageObject\",\"inLanguage\":\"fr-FR\",\"@id\":\"https:\\\/\\\/www.miamedicalitalia.it\\\/prodotto\\\/vendita-materasso-antidecubito\\\/#primaryimage\",\"url\":\"https:\\\/\\\/www.miamedicalitalia.it\\\/wp-content\\\/uploads\\\/2022\\\/12\\\/materasso-antidecubito-con-compressore.jpg\",\"contentUrl\":\"https:\\\/\\\/www.miamedicalitalia.it\\\/wp-content\\\/uploads\\\/2022\\\/12\\\/materasso-antidecubito-con-compressore.jpg\",\"width\":800,\"height\":800,\"caption\":\"materasso-antidecubito-con-compressore\"},{\"@type\":\"BreadcrumbList\",\"@id\":\"https:\\\/\\\/www.miamedicalitalia.it\\\/prodotto\\\/vendita-materasso-antidecubito\\\/#breadcrumb\",\"itemListElement\":[{\"@type\":\"ListItem\",\"position\":1,\"name\":\"Home\",\"item\":\"https:\\\/\\\/www.miamedicalitalia.it\\\/\"},{\"@type\":\"ListItem\",\"position\":2,\"name\":\"Shop\",\"item\":\"https:\\\/\\\/www.miamedicalitalia.it\\\/negozio\\\/\"},{\"@type\":\"ListItem\",\"position\":3,\"name\":\"Vendita\",\"item\":\"https:\\\/\\\/www.miamedicalitalia.it\\\/categoria\\\/vendita-ausili\\\/\"},{\"@type\":\"ListItem\",\"position\":4,\"name\":\"Vendita materasso antidecubito con compressore\"}]},{\"@type\":\"WebSite\",\"@id\":\"https:\\\/\\\/www.miamedicalitalia.it\\\/#website\",\"url\":\"https:\\\/\\\/www.miamedicalitalia.it\\\/\",\"name\":\"www.miamedicalitalia.it\",\"description\":\"Noleggio e Vendita Attrezzatura Sanitarie\",\"publisher\":{\"@id\":\"https:\\\/\\\/www.miamedicalitalia.it\\\/#organization\"},\"potentialAction\":[{\"@type\":\"SearchAction\",\"target\":{\"@type\":\"EntryPoint\",\"urlTemplate\":\"https:\\\/\\\/www.miamedicalitalia.it\\\/?s={search_term_string}\"},\"query-input\":{\"@type\":\"PropertyValueSpecification\",\"valueRequired\":true,\"valueName\":\"search_term_string\"}}],\"inLanguage\":\"fr-FR\"},{\"@type\":\"Organization\",\"@id\":\"https:\\\/\\\/www.miamedicalitalia.it\\\/#organization\",\"name\":\"OLG\",\"url\":\"https:\\\/\\\/www.miamedicalitalia.it\\\/\",\"logo\":{\"@type\":\"ImageObject\",\"inLanguage\":\"fr-FR\",\"@id\":\"https:\\\/\\\/www.miamedicalitalia.it\\\/#\\\/schema\\\/logo\\\/image\\\/\",\"url\":\"https:\\\/\\\/www.miamedicalitalia.it\\\/wp-content\\\/uploads\\\/2023\\\/04\\\/mia-medical-logo-free.png\",\"contentUrl\":\"https:\\\/\\\/www.miamedicalitalia.it\\\/wp-content\\\/uploads\\\/2023\\\/04\\\/mia-medical-logo-free.png\",\"width\":700,\"height\":700,\"caption\":\"OLG\"},\"image\":{\"@id\":\"https:\\\/\\\/www.miamedicalitalia.it\\\/#\\\/schema\\\/logo\\\/image\\\/\"},\"sameAs\":[\"https:\\\/\\\/www.facebook.com\\\/miamedicalitalia\"]}]}<\/script>\n<!-- \/ Yoast SEO Premium plugin. -->","yoast_head_json":{"title":"Vente de matelas anti-escarres avec compresseur -","description":"Vente de matelas anti-escarres avec compresseur pour personnes \u00e2g\u00e9es et handicap\u00e9es EASY AIR II. Livraison dans toute l'Italie, meilleur prix sur le web.","robots":{"index":"index","follow":"follow","max-snippet":"max-snippet:-1","max-image-preview":"max-image-preview:large","max-video-preview":"max-video-preview:-1"},"canonical":"https:\/\/www.miamedicalitalia.it\/fr\/produit\/vendita-materasso-antidecubito\/","og_locale":"fr_FR","og_type":"article","og_title":"Vendita materasso antidecubito con compressore -","og_description":"Vendita materasso antidecubito con compressore per anziani e disabili EASY AIR II. Consegna in tutta l'Italia, prezzo migliore del web.","og_url":"https:\/\/www.miamedicalitalia.it\/fr\/produit\/vendita-materasso-antidecubito\/","og_site_name":"Mia Medical","article_publisher":"https:\/\/www.facebook.com\/miamedicalitalia","article_modified_time":"2026-03-06T15:08:47+00:00","og_image":[{"width":800,"height":800,"url":"https:\/\/www.miamedicalitalia.it\/wp-content\/uploads\/2022\/12\/materasso-antidecubito-con-compressore.jpg","type":"image\/jpeg"}],"twitter_card":"summary_large_image","twitter_misc":{"Dur\u00e9e de lecture estim\u00e9e":"4 minutes"},"schema":{"@context":"https:\/\/schema.org","@graph":[{"@type":"WebPage","@id":"https:\/\/www.miamedicalitalia.it\/prodotto\/vendita-materasso-antidecubito\/","url":"https:\/\/www.miamedicalitalia.it\/prodotto\/vendita-materasso-antidecubito\/","name":"Vente de matelas anti-escarres avec compresseur -","isPartOf":{"@id":"https:\/\/www.miamedicalitalia.it\/#website"},"primaryImageOfPage":{"@id":"https:\/\/www.miamedicalitalia.it\/prodotto\/vendita-materasso-antidecubito\/#primaryimage"},"image":{"@id":"https:\/\/www.miamedicalitalia.it\/prodotto\/vendita-materasso-antidecubito\/#primaryimage"},"thumbnailUrl":"https:\/\/www.miamedicalitalia.it\/wp-content\/uploads\/2022\/12\/materasso-antidecubito-con-compressore.jpg","datePublished":"2022-12-21T16:14:57+00:00","dateModified":"2026-03-06T15:08:47+00:00","description":"Vente de matelas anti-escarres avec compresseur pour personnes \u00e2g\u00e9es et handicap\u00e9es EASY AIR II. Livraison dans toute l'Italie, meilleur prix sur le web.","breadcrumb":{"@id":"https:\/\/www.miamedicalitalia.it\/prodotto\/vendita-materasso-antidecubito\/#breadcrumb"},"inLanguage":"fr-FR","potentialAction":[{"@type":"ReadAction","target":["https:\/\/www.miamedicalitalia.it\/prodotto\/vendita-materasso-antidecubito\/"]}]},{"@type":"ImageObject","inLanguage":"fr-FR","@id":"https:\/\/www.miamedicalitalia.it\/prodotto\/vendita-materasso-antidecubito\/#primaryimage","url":"https:\/\/www.miamedicalitalia.it\/wp-content\/uploads\/2022\/12\/materasso-antidecubito-con-compressore.jpg","contentUrl":"https:\/\/www.miamedicalitalia.it\/wp-content\/uploads\/2022\/12\/materasso-antidecubito-con-compressore.jpg","width":800,"height":800,"caption":"materasso-antidecubito-con-compressore"},{"@type":"BreadcrumbList","@id":"https:\/\/www.miamedicalitalia.it\/prodotto\/vendita-materasso-antidecubito\/#breadcrumb","itemListElement":[{"@type":"ListItem","position":1,"name":"Home","item":"https:\/\/www.miamedicalitalia.it\/"},{"@type":"ListItem","position":2,"name":"Shop","item":"https:\/\/www.miamedicalitalia.it\/negozio\/"},{"@type":"ListItem","position":3,"name":"Vendita","item":"https:\/\/www.miamedicalitalia.it\/categoria\/vendita-ausili\/"},{"@type":"ListItem","position":4,"name":"Vendita materasso antidecubito con compressore"}]},{"@type":"WebSite","@id":"https:\/\/www.miamedicalitalia.it\/#website","url":"https:\/\/www.miamedicalitalia.it\/","name":"www.miamedicalitalia.it","description":"Location et vente d'\u00e9quipements sanitaires","publisher":{"@id":"https:\/\/www.miamedicalitalia.it\/#organization"},"potentialAction":[{"@type":"SearchAction","target":{"@type":"EntryPoint","urlTemplate":"https:\/\/www.miamedicalitalia.it\/?s={search_term_string}"},"query-input":{"@type":"PropertyValueSpecification","valueRequired":true,"valueName":"search_term_string"}}],"inLanguage":"fr-FR"},{"@type":"Organization","@id":"https:\/\/www.miamedicalitalia.it\/#organization","name":"OLG","url":"https:\/\/www.miamedicalitalia.it\/","logo":{"@type":"ImageObject","inLanguage":"fr-FR","@id":"https:\/\/www.miamedicalitalia.it\/#\/schema\/logo\/image\/","url":"https:\/\/www.miamedicalitalia.it\/wp-content\/uploads\/2023\/04\/mia-medical-logo-free.png","contentUrl":"https:\/\/www.miamedicalitalia.it\/wp-content\/uploads\/2023\/04\/mia-medical-logo-free.png","width":700,"height":700,"caption":"OLG"},"image":{"@id":"https:\/\/www.miamedicalitalia.it\/#\/schema\/logo\/image\/"},"sameAs":["https:\/\/www.facebook.com\/miamedicalitalia"]}]}},"wcpa_form_fields":null,"_links":{"self":[{"href":"https:\/\/www.miamedicalitalia.it\/fr\/wp-json\/wp\/v2\/product\/8940","targetHints":{"allow":["GET"]}}],"collection":[{"href":"https:\/\/www.miamedicalitalia.it\/fr\/wp-json\/wp\/v2\/product"}],"about":[{"href":"https:\/\/www.miamedicalitalia.it\/fr\/wp-json\/wp\/v2\/types\/product"}],"wp:featuredmedia":[{"embeddable":true,"href":"https:\/\/www.miamedicalitalia.it\/fr\/wp-json\/wp\/v2\/media\/9354"}],"wp:attachment":[{"href":"https:\/\/www.miamedicalitalia.it\/fr\/wp-json\/wp\/v2\/media?parent=8940"}],"wp:term":[{"taxonomy":"home-category","embeddable":true,"href":"https:\/\/www.miamedicalitalia.it\/fr\/wp-json\/wp\/v2\/home-category?post=8940"},{"taxonomy":"product_brand","embeddable":true,"href":"https:\/\/www.miamedicalitalia.it\/fr\/wp-json\/wp\/v2\/product_brand?post=8940"},{"taxonomy":"product_cat","embeddable":true,"href":"https:\/\/www.miamedicalitalia.it\/fr\/wp-json\/wp\/v2\/product_cat?post=8940"},{"taxonomy":"product_tag","embeddable":true,"href":"https:\/\/www.miamedicalitalia.it\/fr\/wp-json\/wp\/v2\/product_tag?post=8940"},{"taxonomy":"woo-feed-brand","embeddable":true,"href":"https:\/\/www.miamedicalitalia.it\/fr\/wp-json\/wp\/v2\/woo-feed-brand?post=8940"}],"curies":[{"name":"wp","href":"https:\/\/api.w.org\/{rel}","templated":true}]}}