{"id":8939,"date":"2022-12-21T17:14:57","date_gmt":"2022-12-21T16:14:57","guid":{"rendered":"https:\/\/www.miamedicalitalia.it\/?post_type=product&#038;p=8939"},"modified":"2026-01-13T13:05:10","modified_gmt":"2026-01-13T11:05:10","slug":"noleggio-deambulatore-con-tavoletta-imbottita","status":"publish","type":"product","link":"https:\/\/www.miamedicalitalia.it\/fr\/produit\/noleggio-deambulatore-con-tavoletta-imbottita\/","title":{"rendered":"Location d'un d\u00e9ambulateur avec planche de soutien anti-brachiale"},"content":{"rendered":"<p>Vous avez des difficult\u00e9s \u00e0 marcher et vous cherchez un support stable et confortable ? Nous avons la solution id\u00e9ale pour vous ! Retrouvez votre autonomie. Choisissez le <strong>location d'un d\u00e9ambulateur avec planche de soutien anti-brachiale<\/strong> et profiter d'un soutien, d'un confort et d'une s\u00e9curit\u00e9 maximums.<\/p>\n\n\n\n<p>Si vous avez besoin d'un&nbsp;<strong>un support s\u00fbr pour la marche<\/strong>les&nbsp;<strong>location de d\u00e9ambulateur avec planche de soutien antibrachiale<\/strong>&nbsp;est un choix pratique et commode. Cette aide est con\u00e7ue pour offrir&nbsp;<strong>stabilit\u00e9, confort et facilit\u00e9 de mouvement<\/strong>id\u00e9al pour les personnes qui ont des difficult\u00e9s \u00e0 supporter le poids de leurs mains ou de leurs poignets.<\/p>\n\n\n\n<h4 class=\"wp-block-heading\" id=\"h-cos-e-un-deambulatore-con-tavoletta-per-appoggio-antibrachiale\"><strong><a href=\"https:\/\/www.my-personaltrainer.it\/salute-benessere\/deambulatore.html\">Qu'est-ce qu'un marcheur avec planche de soutien anti-brachiale ?<\/a><\/strong><\/h4>\n\n\n\n<p>A&nbsp;<strong>marcheur antibrachial<\/strong>&nbsp;est une aide \u00e0 la mobilit\u00e9 \u00e9quip\u00e9e&nbsp;<strong>une planche rembourr\u00e9e sur laquelle reposer les avant-bras<\/strong>r\u00e9duisant la tension sur les mains et les poignets. Il est particuli\u00e8rement utile pour&nbsp;<strong>les personnes souffrant d'arthrite, de faiblesse des membres sup\u00e9rieurs ou de probl\u00e8mes d'\u00e9quilibre<\/strong>.<\/p>\n\n\n\n<h4 class=\"wp-block-heading\" id=\"h-per-chi-e-indicato-il-noleggio-di-un-deambulatore-con-tavoletta\"><strong>\u00c0 qui la location d'un d\u00e9ambulateur avec planche convient-elle ?<\/strong><\/h4>\n\n\n\n<p>Ce type de d\u00e9ambulateur est parfait pour :<\/p>\n\n\n\n<ul class=\"wp-block-list\">\n<li><strong>Personnes \u00e0 mobilit\u00e9 r\u00e9duite<\/strong>&nbsp;qui ont des difficult\u00e9s \u00e0 marcher de mani\u00e8re autonome.<\/li>\n\n\n\n<li><strong>Patients en r\u00e9adaptation<\/strong>&nbsp;apr\u00e8s une intervention chirurgicale ou un traumatisme des membres inf\u00e9rieurs.<\/li>\n\n\n\n<li><strong>Les personnes souffrant de faiblesse musculaire<\/strong>&nbsp;et a besoin d'un soutien stable.<\/li>\n\n\n\n<li><strong>Personnes \u00e2g\u00e9es ayant des troubles de l'\u00e9quilibre<\/strong>&nbsp;ou des probl\u00e8mes neurologiques.<\/li>\n\n\n\n<li><strong>Les personnes souffrant de douleurs ou de raideurs dans les mains et les poignets<\/strong>tels que les personnes souffrant de <a href=\"https:\/\/www.humanitas.it\/malattie\/artrite\/\">arthrite<\/a>.<\/li>\n<\/ul>\n\n\n\n<h4 class=\"wp-block-heading\" id=\"h-perche-noleggiare-un-deambulatore-invece-di-acquistarlo\"><strong>Pourquoi louer un d\u00e9ambulateur plut\u00f4t que d'en acheter un ?<\/strong><\/h4>\n\n\n\n<p>Les&nbsp;<strong>location d'un d\u00e9ambulateur avec planche anti-brachiale<\/strong>&nbsp;est un choix judicieux si vous n'avez besoin d'une aide que pour une p\u00e9riode limit\u00e9e, par exemple lors d'une convalescence postop\u00e9ratoire ou d'une r\u00e9\u00e9ducation. Les principaux avantages sont les suivants :<\/p>\n\n\n\n<ul class=\"wp-block-list\">\n<li><strong>\u00c9conomiser de l'argent<\/strong>&nbsp;par rapport \u00e0 l'achat.<\/li>\n\n\n\n<li><strong>Flexibilit\u00e9 maximale<\/strong>vous ne pouvez l'utiliser que le temps n\u00e9cessaire.<\/li>\n\n\n\n<li><strong>Pas de maintenance<\/strong>L'appareil est livr\u00e9 d\u00e9sinfect\u00e9 et pr\u00eat \u00e0 l'emploi.<\/li>\n\n\n\n<li><strong>Possibilit\u00e9 de remplacement ou de mise \u00e0 niveau<\/strong>&nbsp;si vos besoins changent.<\/li>\n<\/ul>\n\n\n\n<h4 class=\"wp-block-heading\" id=\"h-caratteristiche-tecniche-del-deambulatore-con-tavoletta-antibrachiale\"><strong>Sp\u00e9cifications techniques du marcheur \u00e0 planche anti-brachiale<\/strong><\/h4>\n\n\n\n<ul class=\"wp-block-list\">\n<li><strong>Cadre robuste et l\u00e9ger<\/strong>&nbsp;en aluminium ou en acier, pour assurer la stabilit\u00e9 sans \u00eatre trop lourd.<\/li>\n\n\n\n<li><strong>Tablette rembourr\u00e9e et r\u00e9glable en hauteur<\/strong>pour s'adapter \u00e0 la position la plus confortable pour l'utilisateur.<\/li>\n\n\n\n<li><strong>Poign\u00e9es ergonomiques<\/strong>&nbsp;pour une prise en main s\u00fbre et confortable.<\/li>\n\n\n\n<li><strong>Roulettes pivotantes<\/strong>&nbsp;avec freins, pour plus de s\u00e9curit\u00e9 et de facilit\u00e9 de d\u00e9placement.<\/li>\n\n\n\n<li><strong>R\u00e9glage de la hauteur<\/strong>&nbsp;pour s'adapter aux besoins de chacun.<\/li>\n<\/ul>\n\n\n\n<h4 class=\"wp-block-heading\" id=\"h-i-benefici-del-noleggio-del-deambulatore-con-tavoletta-antibrachiale\"><strong>Les avantages de la location d'un d\u00e9ambulateur avec planche anti-brachiale<\/strong><\/h4>\n\n\n\n<ul class=\"wp-block-list\">\n<li><strong>Une stabilit\u00e9 et une s\u00e9curit\u00e9 accrues<\/strong>&nbsp;pendant la marche.<\/li>\n\n\n\n<li><strong>R\u00e9duire la fatigue<\/strong>&nbsp;gr\u00e2ce au soutien des avant-bras.<\/li>\n\n\n\n<li><strong>Moins de charge sur les mains, les poignets et les \u00e9paules<\/strong>id\u00e9al pour les personnes qui ont des difficult\u00e9s \u00e0 tenir un d\u00e9ambulateur normal.<\/li>\n\n\n\n<li><strong>Facilit\u00e9 de mouvement<\/strong>m\u00eame pour les longs trajets.<\/li>\n\n\n\n<li><strong>Convient \u00e0 une utilisation int\u00e9rieure et ext\u00e9rieure<\/strong>gr\u00e2ce \u00e0 des roues maniables.<\/li>\n<\/ul>\n\n\n\n<p>Vous \u00eates l'aidant d'une personne \u00e2g\u00e9e ou d\u00e9pendante et vous avez besoin d'aide ? Nos services <strong>infirmi\u00e8re<\/strong> digne de confiance <strong><a href=\"http:\/\/www.arnaldiandrea.com\">Andrea Arnaldi<\/a><\/strong> sp\u00e9cialis\u00e9 dans le domaine <em><strong>soins \u00e0 domicile<\/strong><\/em>et est pr\u00eat \u00e0 vous aider \u00e0 prendre soin du confort de votre maison.&nbsp;<\/p>\n\n\n\n<h4 class=\"wp-block-heading\" id=\"h-come-funziona-il-noleggio-con-mia-medical\"><strong>Comment fonctionne l'embauche chez Mia Medical ?<\/strong><\/h4>\n\n\n\n<p><a href=\"https:\/\/www.miamedicalitalia.it\/fr\/mia-medical-condizioni-di-noleggio-dei-nostri-ausili-medicali\/\">D\u00e9couvrez nos options de location en cliquant ici.&nbsp;<\/a><\/p>\n\n\n\n<h4 class=\"wp-block-heading\" id=\"h-perche-scegliere-mia-medical\"><strong>Pourquoi choisir Mia Medical ?<\/strong><\/h4>\n\n\n\n<p>Faire appel \u00e0 une aide m\u00e9dicale est une d\u00e9marche importante pour le confort et la sant\u00e9 de nos proches.\u00a0<strong>Mia Medical<\/strong>\u00a0vous offre :<\/p>\n\n\n\n<ul class=\"wp-block-list\">\n<li><strong>Conseil personnalis\u00e9<\/strong>&nbsp;pour vous aider \u00e0 trouver le produit qui correspond \u00e0 vos besoins.<\/li>\n\n\n\n<li><strong><a href=\"https:\/\/www.wimed.it\/\">Produits de haute qualit\u00e9<\/a><\/strong>certifi\u00e9e et sans danger pour l'environnement <a href=\"https:\/\/movigroup.com\/en\/\">les meilleurs fournisseurs du march\u00e9<\/a>.<\/li>\n\n\n\n<li><strong>Livraison rapide et service garanti<\/strong>.<\/li>\n<\/ul>\n\n\n\n<p>Si vous avez besoin d'informations compl\u00e9mentaires, n'h\u00e9sitez pas \u00e0 contacter <a href=\"https:\/\/wa.me\/393926509237\">nous contacter par t\u00e9l\u00e9phone<\/a>Nous sommes heureux de vous aider \u00e0 choisir le mod\u00e8le de d\u00e9ambulateur ou de rollator qui correspond le mieux \u00e0 vos besoins ! <\/p>\n\n\n\n<p><\/p>","protected":false},"excerpt":{"rendered":"<div style=\"font-family: Arial, sans-serif; background-color: #234091; padding: 30px; border-radius: 25px; max-width: 600px; color: #ffffff; position: relative; border-top: 6px solid #2498fe;\">\n<h3 style=\"margin-top: 0; margin-bottom: 15px; color: #ffffff;\">Embaucher<\/h3>\n<p><strong>Livraison \u00e0 Rome et Florence<\/strong> a partire da 30\u20ac.<\/p>\n<p><strong>Aucun d\u00e9p\u00f4t n'est requis.<\/strong><\/p>\n<p>La livraison et l'enl\u00e8vement de l'entrep\u00f4t sont <strong>GRATUIT !<\/strong><\/p>\n<\/div>\n<p><!-- Linea bianca sotto --><\/p>\n<div style=\"height: 6px; background-color: #ffffff; max-width: 600px;\">\u00a0<\/div>","protected":false},"featured_media":12272,"template":"","meta":{"_acf_changed":false},"home-category":[],"product_brand":[],"product_cat":[130],"product_tag":[132],"woo-feed-brand":[],"class_list":{"0":"post-8939","1":"product","2":"type-product","3":"status-publish","4":"has-post-thumbnail","6":"product_cat-affitto-e-noleggio-deambulatori","7":"product_tag-deambulatore-per-fisioterapia","8":"wcpa_has_options","10":"first","11":"instock","12":"shipping-taxable","13":"purchasable","14":"product-type-variable"},"acf":[],"yoast_head":"<!-- This site is optimized with the Yoast SEO Premium plugin v27.5 (Yoast SEO v27.5) - https:\/\/yoast.com\/product\/yoast-seo-premium-wordpress\/ -->\n<title>Noleggio Deambulatore con tavoletta per appoggio antibrachiale<\/title>\n<meta name=\"description\" content=\"Noleggio Deambulatore con tavoletta antibrachiale per la fisioterapia e riabilitazione. Riacquista la tua libert\u00e0 grazie aio prodotti Mia Medical.\" \/>\n<meta name=\"robots\" content=\"index, follow, max-snippet:-1, max-image-preview:large, max-video-preview:-1\" \/>\n<link rel=\"canonical\" href=\"https:\/\/www.miamedicalitalia.it\/fr\/produit\/noleggio-deambulatore-con-tavoletta-imbottita\/\" \/>\n<meta property=\"og:locale\" content=\"fr_FR\" \/>\n<meta property=\"og:type\" content=\"article\" \/>\n<meta property=\"og:title\" content=\"Noleggio Deambulatore con tavoletta per appoggio antibrachiale\" \/>\n<meta property=\"og:description\" content=\"Noleggio Deambulatore con tavoletta antibrachiale per la fisioterapia e riabilitazione. Riacquista la tua libert\u00e0 grazie aio prodotti Mia Medical.\" \/>\n<meta property=\"og:url\" content=\"https:\/\/www.miamedicalitalia.it\/fr\/produit\/noleggio-deambulatore-con-tavoletta-imbottita\/\" \/>\n<meta property=\"og:site_name\" content=\"Mia Medical\" \/>\n<meta property=\"article:publisher\" content=\"https:\/\/www.facebook.com\/miamedicalitalia\" \/>\n<meta property=\"article:modified_time\" content=\"2026-01-13T11:05:10+00:00\" \/>\n<meta property=\"og:image\" content=\"https:\/\/www.miamedicalitalia.it\/wp-content\/uploads\/2022\/12\/DEAMBULATORE-CON-TAVOLETTA-1-1.jpg\" \/>\n\t<meta property=\"og:image:width\" content=\"1000\" \/>\n\t<meta property=\"og:image:height\" content=\"1000\" \/>\n\t<meta property=\"og:image:type\" content=\"image\/jpeg\" \/>\n<meta name=\"twitter:card\" content=\"summary_large_image\" \/>\n<meta name=\"twitter:label1\" content=\"Dur\u00e9e de lecture estim\u00e9e\" \/>\n\t<meta name=\"twitter:data1\" content=\"1 minute\" \/>\n<script type=\"application\/ld+json\" class=\"yoast-schema-graph\">{\"@context\":\"https:\\\/\\\/schema.org\",\"@graph\":[{\"@type\":\"WebPage\",\"@id\":\"https:\\\/\\\/www.miamedicalitalia.it\\\/prodotto\\\/noleggio-deambulatore-con-tavoletta-imbottita\\\/\",\"url\":\"https:\\\/\\\/www.miamedicalitalia.it\\\/prodotto\\\/noleggio-deambulatore-con-tavoletta-imbottita\\\/\",\"name\":\"Noleggio Deambulatore con tavoletta per appoggio antibrachiale\",\"isPartOf\":{\"@id\":\"https:\\\/\\\/www.miamedicalitalia.it\\\/#website\"},\"primaryImageOfPage\":{\"@id\":\"https:\\\/\\\/www.miamedicalitalia.it\\\/prodotto\\\/noleggio-deambulatore-con-tavoletta-imbottita\\\/#primaryimage\"},\"image\":{\"@id\":\"https:\\\/\\\/www.miamedicalitalia.it\\\/prodotto\\\/noleggio-deambulatore-con-tavoletta-imbottita\\\/#primaryimage\"},\"thumbnailUrl\":\"https:\\\/\\\/www.miamedicalitalia.it\\\/wp-content\\\/uploads\\\/2022\\\/12\\\/DEAMBULATORE-CON-TAVOLETTA-1-1.jpg\",\"datePublished\":\"2022-12-21T16:14:57+00:00\",\"dateModified\":\"2026-01-13T11:05:10+00:00\",\"description\":\"Noleggio Deambulatore con tavoletta antibrachiale per la fisioterapia e riabilitazione. Riacquista la tua libert\u00e0 grazie aio prodotti Mia Medical.\",\"breadcrumb\":{\"@id\":\"https:\\\/\\\/www.miamedicalitalia.it\\\/prodotto\\\/noleggio-deambulatore-con-tavoletta-imbottita\\\/#breadcrumb\"},\"inLanguage\":\"fr-FR\",\"potentialAction\":[{\"@type\":\"ReadAction\",\"target\":[\"https:\\\/\\\/www.miamedicalitalia.it\\\/prodotto\\\/noleggio-deambulatore-con-tavoletta-imbottita\\\/\"]}]},{\"@type\":\"ImageObject\",\"inLanguage\":\"fr-FR\",\"@id\":\"https:\\\/\\\/www.miamedicalitalia.it\\\/prodotto\\\/noleggio-deambulatore-con-tavoletta-imbottita\\\/#primaryimage\",\"url\":\"https:\\\/\\\/www.miamedicalitalia.it\\\/wp-content\\\/uploads\\\/2022\\\/12\\\/DEAMBULATORE-CON-TAVOLETTA-1-1.jpg\",\"contentUrl\":\"https:\\\/\\\/www.miamedicalitalia.it\\\/wp-content\\\/uploads\\\/2022\\\/12\\\/DEAMBULATORE-CON-TAVOLETTA-1-1.jpg\",\"width\":1000,\"height\":1000},{\"@type\":\"BreadcrumbList\",\"@id\":\"https:\\\/\\\/www.miamedicalitalia.it\\\/prodotto\\\/noleggio-deambulatore-con-tavoletta-imbottita\\\/#breadcrumb\",\"itemListElement\":[{\"@type\":\"ListItem\",\"position\":1,\"name\":\"Home\",\"item\":\"https:\\\/\\\/www.miamedicalitalia.it\\\/\"},{\"@type\":\"ListItem\",\"position\":2,\"name\":\"Shop\",\"item\":\"https:\\\/\\\/www.miamedicalitalia.it\\\/negozio\\\/\"},{\"@type\":\"ListItem\",\"position\":3,\"name\":\"Affitto e noleggio\",\"item\":\"https:\\\/\\\/www.miamedicalitalia.it\\\/categoria\\\/affitto-e-noleggio-ausili\\\/\"},{\"@type\":\"ListItem\",\"position\":4,\"name\":\"Deambulatori e Rollatori\",\"item\":\"https:\\\/\\\/www.miamedicalitalia.it\\\/categoria\\\/affitto-e-noleggio-ausili\\\/affitto-e-noleggio-deambulatori\\\/\"},{\"@type\":\"ListItem\",\"position\":5,\"name\":\"Noleggio Deambulatore con tavoletta per appoggio antibrachiale\"}]},{\"@type\":\"WebSite\",\"@id\":\"https:\\\/\\\/www.miamedicalitalia.it\\\/#website\",\"url\":\"https:\\\/\\\/www.miamedicalitalia.it\\\/\",\"name\":\"www.miamedicalitalia.it\",\"description\":\"Noleggio e Vendita Attrezzatura Sanitarie\",\"publisher\":{\"@id\":\"https:\\\/\\\/www.miamedicalitalia.it\\\/#organization\"},\"potentialAction\":[{\"@type\":\"SearchAction\",\"target\":{\"@type\":\"EntryPoint\",\"urlTemplate\":\"https:\\\/\\\/www.miamedicalitalia.it\\\/?s={search_term_string}\"},\"query-input\":{\"@type\":\"PropertyValueSpecification\",\"valueRequired\":true,\"valueName\":\"search_term_string\"}}],\"inLanguage\":\"fr-FR\"},{\"@type\":\"Organization\",\"@id\":\"https:\\\/\\\/www.miamedicalitalia.it\\\/#organization\",\"name\":\"OLG\",\"url\":\"https:\\\/\\\/www.miamedicalitalia.it\\\/\",\"logo\":{\"@type\":\"ImageObject\",\"inLanguage\":\"fr-FR\",\"@id\":\"https:\\\/\\\/www.miamedicalitalia.it\\\/#\\\/schema\\\/logo\\\/image\\\/\",\"url\":\"https:\\\/\\\/www.miamedicalitalia.it\\\/wp-content\\\/uploads\\\/2023\\\/04\\\/mia-medical-logo-free.png\",\"contentUrl\":\"https:\\\/\\\/www.miamedicalitalia.it\\\/wp-content\\\/uploads\\\/2023\\\/04\\\/mia-medical-logo-free.png\",\"width\":700,\"height\":700,\"caption\":\"OLG\"},\"image\":{\"@id\":\"https:\\\/\\\/www.miamedicalitalia.it\\\/#\\\/schema\\\/logo\\\/image\\\/\"},\"sameAs\":[\"https:\\\/\\\/www.facebook.com\\\/miamedicalitalia\"]}]}<\/script>\n<!-- \/ Yoast SEO Premium plugin. -->","yoast_head_json":{"title":"Location d'un d\u00e9ambulateur avec planche de soutien anti-brachiale","description":"Louez un d\u00e9ambulateur avec planche antibrachiale pour la physioth\u00e9rapie et la r\u00e9\u00e9ducation. Retrouvez votre libert\u00e9 avec les produits Mia Medical.","robots":{"index":"index","follow":"follow","max-snippet":"max-snippet:-1","max-image-preview":"max-image-preview:large","max-video-preview":"max-video-preview:-1"},"canonical":"https:\/\/www.miamedicalitalia.it\/fr\/produit\/noleggio-deambulatore-con-tavoletta-imbottita\/","og_locale":"fr_FR","og_type":"article","og_title":"Noleggio Deambulatore con tavoletta per appoggio antibrachiale","og_description":"Noleggio Deambulatore con tavoletta antibrachiale per la fisioterapia e riabilitazione. Riacquista la tua libert\u00e0 grazie aio prodotti Mia Medical.","og_url":"https:\/\/www.miamedicalitalia.it\/fr\/produit\/noleggio-deambulatore-con-tavoletta-imbottita\/","og_site_name":"Mia Medical","article_publisher":"https:\/\/www.facebook.com\/miamedicalitalia","article_modified_time":"2026-01-13T11:05:10+00:00","og_image":[{"width":1000,"height":1000,"url":"https:\/\/www.miamedicalitalia.it\/wp-content\/uploads\/2022\/12\/DEAMBULATORE-CON-TAVOLETTA-1-1.jpg","type":"image\/jpeg"}],"twitter_card":"summary_large_image","twitter_misc":{"Dur\u00e9e de lecture estim\u00e9e":"1 minute"},"schema":{"@context":"https:\/\/schema.org","@graph":[{"@type":"WebPage","@id":"https:\/\/www.miamedicalitalia.it\/prodotto\/noleggio-deambulatore-con-tavoletta-imbottita\/","url":"https:\/\/www.miamedicalitalia.it\/prodotto\/noleggio-deambulatore-con-tavoletta-imbottita\/","name":"Location d'un d\u00e9ambulateur avec planche de soutien anti-brachiale","isPartOf":{"@id":"https:\/\/www.miamedicalitalia.it\/#website"},"primaryImageOfPage":{"@id":"https:\/\/www.miamedicalitalia.it\/prodotto\/noleggio-deambulatore-con-tavoletta-imbottita\/#primaryimage"},"image":{"@id":"https:\/\/www.miamedicalitalia.it\/prodotto\/noleggio-deambulatore-con-tavoletta-imbottita\/#primaryimage"},"thumbnailUrl":"https:\/\/www.miamedicalitalia.it\/wp-content\/uploads\/2022\/12\/DEAMBULATORE-CON-TAVOLETTA-1-1.jpg","datePublished":"2022-12-21T16:14:57+00:00","dateModified":"2026-01-13T11:05:10+00:00","description":"Louez un d\u00e9ambulateur avec planche antibrachiale pour la physioth\u00e9rapie et la r\u00e9\u00e9ducation. Retrouvez votre libert\u00e9 avec les produits Mia Medical.","breadcrumb":{"@id":"https:\/\/www.miamedicalitalia.it\/prodotto\/noleggio-deambulatore-con-tavoletta-imbottita\/#breadcrumb"},"inLanguage":"fr-FR","potentialAction":[{"@type":"ReadAction","target":["https:\/\/www.miamedicalitalia.it\/prodotto\/noleggio-deambulatore-con-tavoletta-imbottita\/"]}]},{"@type":"ImageObject","inLanguage":"fr-FR","@id":"https:\/\/www.miamedicalitalia.it\/prodotto\/noleggio-deambulatore-con-tavoletta-imbottita\/#primaryimage","url":"https:\/\/www.miamedicalitalia.it\/wp-content\/uploads\/2022\/12\/DEAMBULATORE-CON-TAVOLETTA-1-1.jpg","contentUrl":"https:\/\/www.miamedicalitalia.it\/wp-content\/uploads\/2022\/12\/DEAMBULATORE-CON-TAVOLETTA-1-1.jpg","width":1000,"height":1000},{"@type":"BreadcrumbList","@id":"https:\/\/www.miamedicalitalia.it\/prodotto\/noleggio-deambulatore-con-tavoletta-imbottita\/#breadcrumb","itemListElement":[{"@type":"ListItem","position":1,"name":"Home","item":"https:\/\/www.miamedicalitalia.it\/"},{"@type":"ListItem","position":2,"name":"Shop","item":"https:\/\/www.miamedicalitalia.it\/negozio\/"},{"@type":"ListItem","position":3,"name":"Affitto e noleggio","item":"https:\/\/www.miamedicalitalia.it\/categoria\/affitto-e-noleggio-ausili\/"},{"@type":"ListItem","position":4,"name":"Deambulatori e Rollatori","item":"https:\/\/www.miamedicalitalia.it\/categoria\/affitto-e-noleggio-ausili\/affitto-e-noleggio-deambulatori\/"},{"@type":"ListItem","position":5,"name":"Noleggio Deambulatore con tavoletta per appoggio antibrachiale"}]},{"@type":"WebSite","@id":"https:\/\/www.miamedicalitalia.it\/#website","url":"https:\/\/www.miamedicalitalia.it\/","name":"www.miamedicalitalia.it","description":"Location et vente d'\u00e9quipements sanitaires","publisher":{"@id":"https:\/\/www.miamedicalitalia.it\/#organization"},"potentialAction":[{"@type":"SearchAction","target":{"@type":"EntryPoint","urlTemplate":"https:\/\/www.miamedicalitalia.it\/?s={search_term_string}"},"query-input":{"@type":"PropertyValueSpecification","valueRequired":true,"valueName":"search_term_string"}}],"inLanguage":"fr-FR"},{"@type":"Organization","@id":"https:\/\/www.miamedicalitalia.it\/#organization","name":"OLG","url":"https:\/\/www.miamedicalitalia.it\/","logo":{"@type":"ImageObject","inLanguage":"fr-FR","@id":"https:\/\/www.miamedicalitalia.it\/#\/schema\/logo\/image\/","url":"https:\/\/www.miamedicalitalia.it\/wp-content\/uploads\/2023\/04\/mia-medical-logo-free.png","contentUrl":"https:\/\/www.miamedicalitalia.it\/wp-content\/uploads\/2023\/04\/mia-medical-logo-free.png","width":700,"height":700,"caption":"OLG"},"image":{"@id":"https:\/\/www.miamedicalitalia.it\/#\/schema\/logo\/image\/"},"sameAs":["https:\/\/www.facebook.com\/miamedicalitalia"]}]}},"wcpa_form_fields":{"wcpaData":{"product":{"product_price":30,"price_html":"<span class=\"woocommerce-Price-amount amount\" aria-hidden=\"true\"><bdi><span class=\"woocommerce-Price-currencySymbol\">&euro;<\/span>30.00<\/bdi><\/span> <span aria-hidden=\"true\">\u00a0\u2013\u00a0<\/span> <span class=\"woocommerce-Price-amount amount\" aria-hidden=\"true\"><bdi><span class=\"woocommerce-Price-currencySymbol\">&euro;<\/span>100.00<\/bdi><\/span><span class=\"screen-reader-text\">Plage de prix\u00a0: &euro;30.00 \u00e0 &euro;100.00<\/span>","original_product_price":30,"price_including_tax":30,"price_excluding_tax":30,"product_id":{"parent":8939,"variation":false},"is_variable":true,"stock_status":"instock","stock_quantity":null,"parent_sku":"","product_attributes":{"quanto-costa":{"is_variation":true,"values":[]}},"custom_fields":[],"is_taxable":false,"product_name":"Noleggio Deambulatore con tavoletta per appoggio antibrachiale","hasImage":false},"fields":{"sec_565f165582eb8c":{"extra":{"key":"sec_565f165582eb8c","section_id":"sec_565f165582eb8c","name":"Predefinito","status":1,"toggle":true,"form_id":12050,"form_rules":{"exclude_from_discount":false,"fee_label":"Taxa","disp_hide_options_price":false,"disp_show_section_price":false,"disp_show_field_price":true,"layout_option":"standard","pric_use_as_fee":false,"process_fee_as":"woo_fee"},"layout_option":"standard"},"fields":[[{"active":true,"col":6,"relations":false,"cl_rule":"show","enableCl":false,"price":"","enablePrice":false,"className":"input-text","type":"date","required":true,"elementId":"date_3189538061","name":"date_3189538061","label":"A partire dal giorno:","picker_type":"custom","picker_mode":"single","error":false,"description":"Inserisci la data di inizio del noleggio","gt_translate_keys":["label","description"],"price_dependency":false,"cl_dependency":false,"value":""}]]}},"config":{"price_override":"","enable_recaptcha":false,"bind_quantity":false,"quantity_bind_formula":false,"disp_summ_show_option_price":true,"disp_summ_show_product_price":true,"disp_summ_show_total_price":true,"disp_summ_show_fee":false,"disp_summ_show_discount":false,"summary_title":"","options_total_label":"Op\u00e7\u00f5es Pre\u00e7o","total_label":"Total","options_product_label":"Pre\u00e7o do produto","fee_label":"Taxa","discount_label":"Desconto","has_price":true,"has_quantity_formula":false},"mc_unit":1,"tax_rate":1,"tax_rate_real":1,"discount":{"percentage":0,"fixed":0},"design":{"conf":{"LabelPosition":"above","DescPosition":"below","UploadField":"custom_1","QuantityFieldStyle":"default"},"css":{"LeftLabelWidth":"50px"}},"formulas":[],"lookuptables":[],"clones":false,"cartKey":false}},"_links":{"self":[{"href":"https:\/\/www.miamedicalitalia.it\/fr\/wp-json\/wp\/v2\/product\/8939","targetHints":{"allow":["GET"]}}],"collection":[{"href":"https:\/\/www.miamedicalitalia.it\/fr\/wp-json\/wp\/v2\/product"}],"about":[{"href":"https:\/\/www.miamedicalitalia.it\/fr\/wp-json\/wp\/v2\/types\/product"}],"wp:featuredmedia":[{"embeddable":true,"href":"https:\/\/www.miamedicalitalia.it\/fr\/wp-json\/wp\/v2\/media\/12272"}],"wp:attachment":[{"href":"https:\/\/www.miamedicalitalia.it\/fr\/wp-json\/wp\/v2\/media?parent=8939"}],"wp:term":[{"taxonomy":"home-category","embeddable":true,"href":"https:\/\/www.miamedicalitalia.it\/fr\/wp-json\/wp\/v2\/home-category?post=8939"},{"taxonomy":"product_brand","embeddable":true,"href":"https:\/\/www.miamedicalitalia.it\/fr\/wp-json\/wp\/v2\/product_brand?post=8939"},{"taxonomy":"product_cat","embeddable":true,"href":"https:\/\/www.miamedicalitalia.it\/fr\/wp-json\/wp\/v2\/product_cat?post=8939"},{"taxonomy":"product_tag","embeddable":true,"href":"https:\/\/www.miamedicalitalia.it\/fr\/wp-json\/wp\/v2\/product_tag?post=8939"},{"taxonomy":"woo-feed-brand","embeddable":true,"href":"https:\/\/www.miamedicalitalia.it\/fr\/wp-json\/wp\/v2\/woo-feed-brand?post=8939"}],"curies":[{"name":"wp","href":"https:\/\/api.w.org\/{rel}","templated":true}]}}